{"id":987,"date":"2024-09-22T13:53:00","date_gmt":"2024-09-22T16:53:00","guid":{"rendered":"https:\/\/iai.int\/?page_id=987"},"modified":"2025-11-14T14:33:18","modified_gmt":"2025-11-14T19:33:18","slug":"sg-01","status":"publish","type":"page","link":"https:\/\/iai.int\/es\/sg-01\/","title":{"rendered":"SG-01"},"content":{"rendered":"\n<h3 class=\"wp-block-heading\">INFORMACI\u00d3N DEL PROYECTO<\/h3>\n\n\n\n<p><strong>Vulnerabilidad multidimensional al dengue y la diarrea en el contexto de la crisis clim\u00e1tica: Un estudio exploratorio con enfoque transdisciplinario en Caballococha (Loreto, Per\u00fa)<\/strong><\/p>\n\n\n\n<p><strong>Investigador principal (PI):<\/strong><\/p>\n\n\n\n<p><em>Bertha Luz Pineda Restrepo<\/em>, Andean Health Agency-Hip\u00f3lito Unanue, Lima Peru<\/p>\n\n\n\n<p>Correo electr\u00f3nico: <a href=\"mailto:bpineda@conhu.org.pe\">bpineda@conhu.org.pe<\/a><\/p>\n\n\n\n<p>Phone: +57 927 604 182<\/p>\n\n\n\n<p><strong>Duraci\u00f3n y financiaci\u00f3n:<\/strong><\/p>\n\n\n\n<p>(Augusto 2023\u20132024) USD 15,000<\/p>\n\n\n\n<p><strong>Cofinanciaci\u00f3n ofrecida:<\/strong><\/p>\n\n\n\n<p>22,250<\/p>\n\n\n\n<p><strong>Pa\u00edses participantes:<\/strong><\/p>\n\n\n\n<p>Peru, EEUU, y Costa Rica<\/p>\n\n\n\n<h3 class=\"wp-block-heading\">RESUMEN EJECUTIVO<\/h3>\n\n\n\n<p>El cambio clim\u00e1tico es una de las mayores amenazas a la salud p\u00fablica del presente siglo [1]. Esta amenaza es evidente en Per\u00fa, donde la pobreza, urbanizaci\u00f3n, disparidades en desarrollo humano, entre otros, exacerban la vulnerabilidad a impactos en salud asociados a la crisis clim\u00e1tica [2-5], como el dengue y la diarrea. Es apremiante desarrollar estudios que eval\u00faen la vulnerabilidad de forma integral, con metodolog\u00edas que faciliten el di\u00e1logo de saberes, la intersecci\u00f3n ciencia-pol\u00edtica, y con sensibilidad de g\u00e9nero interseccional.&nbsp; En esta propuesta para concursar por el Fondo Semilla del IAI, planteamos co-dise\u00f1ar una herramienta que mida la vulnerabilidad multidimensional al dengue y la diarrea a partir de las perspectivas y saberes de los actores locales para disminuir el impacto en la salud de la poblaci\u00f3n de Caballococha (Loreto, Per\u00fa). Utilizaremos una metodolog\u00eda transdisciplinar para incidir en la toma de decisiones y pol\u00edticas p\u00fablicas. Con ello esperamos superar las divisiones y jerarqu\u00edas epist\u00e9micas y ontol\u00f3gicas, para favorecer el desarrollo de pol\u00edticas sensibles a las necesidades expresadas por la comunidad. Nuestra propuesta beneficiar\u00e1 a m\u00faltiples actores de Am\u00e9rica Latina y brindar\u00e1 herramientas para: (1) Co-dise\u00f1ar un IVM desde la perspectiva local mediante la identificaci\u00f3n de saberes de la comunidad sobre las causas multidimensionales que favorecen la vulnerabilidad al dengue y diarrea. (2) Fortalecer instrumentos de incidencia pol\u00edtica local en salud para la reducci\u00f3n de las vulnerabilidades al dengue y la diarrea en el contexto de cambio clim\u00e1tico. (3) Promover el empoderamiento y la participaci\u00f3n de comunidades locales a trav\u00e9s del di\u00e1logo de saberes y la co-creaci\u00f3n de estrategias de comunicaci\u00f3n que fortalezcan el conocimiento de la comunidad sobre los factores que influyen en la vulnerabilidad al dengue y la diarrea.<\/p>\n","protected":false},"excerpt":{"rendered":"<p>INFORMACI\u00d3N DEL PROYECTO Vulnerabilidad multidimensional al dengue y la diarrea en el contexto de la crisis clim\u00e1tica: Un estudio exploratorio con enfoque transdisciplinario en Caballococha (Loreto, Per\u00fa) Investigador principal (PI): Bertha Luz Pineda Restrepo, Andean Health Agency-Hip\u00f3lito Unanue, Lima Peru Correo electr\u00f3nico: bpineda@conhu.org.pe Phone: +57 927 604 182 Duraci\u00f3n y financiaci\u00f3n: (Augusto 2023\u20132024) USD 15,000 [&hellip;]<\/p>\n","protected":false},"author":1,"featured_media":11506,"parent":0,"menu_order":0,"comment_status":"closed","ping_status":"closed","template":"","meta":{"_acf_changed":false,"_uag_custom_page_level_css":"","footnotes":""},"class_list":["post-987","page","type-page","status-publish","has-post-thumbnail","hentry"],"acf":[],"yoast_head":"<!-- This site is optimized with the Yoast SEO plugin v27.3 - https:\/\/yoast.com\/product\/yoast-seo-wordpress\/ -->\n<title>SG-01 - IAI - Inter-American Institute for Global Change Research<\/title>\n<meta name=\"robots\" content=\"index, follow, max-snippet:-1, max-image-preview:large, max-video-preview:-1\" \/>\n<link rel=\"canonical\" href=\"https:\/\/iai.int\/es\/sg-01\/\" \/>\n<meta property=\"og:locale\" content=\"es_ES\" \/>\n<meta property=\"og:type\" content=\"article\" \/>\n<meta property=\"og:title\" content=\"SG-01 - IAI - Inter-American Institute for Global Change Research\" \/>\n<meta property=\"og:description\" content=\"INFORMACI\u00d3N DEL PROYECTO Vulnerabilidad multidimensional al dengue y la diarrea en el contexto de la crisis clim\u00e1tica: Un estudio exploratorio con enfoque transdisciplinario en Caballococha (Loreto, Per\u00fa) Investigador principal (PI): Bertha Luz Pineda Restrepo, Andean Health Agency-Hip\u00f3lito Unanue, Lima Peru Correo electr\u00f3nico: bpineda@conhu.org.pe Phone: +57 927 604 182 Duraci\u00f3n y financiaci\u00f3n: (Augusto 2023\u20132024) USD 15,000 [&hellip;]\" \/>\n<meta property=\"og:url\" content=\"https:\/\/iai.int\/es\/sg-01\/\" \/>\n<meta property=\"og:site_name\" content=\"IAI - Inter-American Institute for Global Change Research\" \/>\n<meta property=\"article:modified_time\" content=\"2025-11-14T19:33:18+00:00\" \/>\n<meta property=\"og:image\" content=\"https:\/\/iai.int\/wp-content\/uploads\/2025\/11\/sgp-1024x318.png\" \/>\n\t<meta property=\"og:image:width\" content=\"1024\" \/>\n\t<meta property=\"og:image:height\" content=\"318\" \/>\n\t<meta property=\"og:image:type\" content=\"image\/png\" \/>\n<meta name=\"twitter:card\" content=\"summary_large_image\" \/>\n<meta name=\"twitter:label1\" content=\"Tiempo de lectura\" \/>\n\t<meta name=\"twitter:data1\" content=\"2 minutos\" \/>\n<script type=\"application\/ld+json\" class=\"yoast-schema-graph\">{\"@context\":\"https:\\\/\\\/schema.org\",\"@graph\":[{\"@type\":\"WebPage\",\"@id\":\"https:\\\/\\\/iai.int\\\/es\\\/sg-01\\\/\",\"url\":\"https:\\\/\\\/iai.int\\\/es\\\/sg-01\\\/\",\"name\":\"SG-01 - IAI - Inter-American Institute for Global Change Research\",\"isPartOf\":{\"@id\":\"https:\\\/\\\/iai.int\\\/es\\\/#website\"},\"primaryImageOfPage\":{\"@id\":\"https:\\\/\\\/iai.int\\\/es\\\/sg-01\\\/#primaryimage\"},\"image\":{\"@id\":\"https:\\\/\\\/iai.int\\\/es\\\/sg-01\\\/#primaryimage\"},\"thumbnailUrl\":\"https:\\\/\\\/iai.int\\\/wp-content\\\/uploads\\\/2025\\\/11\\\/sgp.png\",\"datePublished\":\"2024-09-22T16:53:00+00:00\",\"dateModified\":\"2025-11-14T19:33:18+00:00\",\"breadcrumb\":{\"@id\":\"https:\\\/\\\/iai.int\\\/es\\\/sg-01\\\/#breadcrumb\"},\"inLanguage\":\"es\",\"potentialAction\":[{\"@type\":\"ReadAction\",\"target\":[\"https:\\\/\\\/iai.int\\\/es\\\/sg-01\\\/\"]}]},{\"@type\":\"ImageObject\",\"inLanguage\":\"es\",\"@id\":\"https:\\\/\\\/iai.int\\\/es\\\/sg-01\\\/#primaryimage\",\"url\":\"https:\\\/\\\/iai.int\\\/wp-content\\\/uploads\\\/2025\\\/11\\\/sgp.png\",\"contentUrl\":\"https:\\\/\\\/iai.int\\\/wp-content\\\/uploads\\\/2025\\\/11\\\/sgp.png\",\"width\":1772,\"height\":551},{\"@type\":\"BreadcrumbList\",\"@id\":\"https:\\\/\\\/iai.int\\\/es\\\/sg-01\\\/#breadcrumb\",\"itemListElement\":[{\"@type\":\"ListItem\",\"position\":1,\"name\":\"Portada\",\"item\":\"https:\\\/\\\/iai.int\\\/es\\\/\"},{\"@type\":\"ListItem\",\"position\":2,\"name\":\"SG-01\"}]},{\"@type\":\"WebSite\",\"@id\":\"https:\\\/\\\/iai.int\\\/es\\\/#website\",\"url\":\"https:\\\/\\\/iai.int\\\/es\\\/\",\"name\":\"IAI - Inter-American Institute for Global Change Research\",\"description\":\"\",\"publisher\":{\"@id\":\"https:\\\/\\\/iai.int\\\/es\\\/#organization\"},\"potentialAction\":[{\"@type\":\"SearchAction\",\"target\":{\"@type\":\"EntryPoint\",\"urlTemplate\":\"https:\\\/\\\/iai.int\\\/es\\\/?s={search_term_string}\"},\"query-input\":{\"@type\":\"PropertyValueSpecification\",\"valueRequired\":true,\"valueName\":\"search_term_string\"}}],\"inLanguage\":\"es\"},{\"@type\":\"Organization\",\"@id\":\"https:\\\/\\\/iai.int\\\/es\\\/#organization\",\"name\":\"IAI - Inter-American Institute for Global Change Research\",\"url\":\"https:\\\/\\\/iai.int\\\/es\\\/\",\"logo\":{\"@type\":\"ImageObject\",\"inLanguage\":\"es\",\"@id\":\"https:\\\/\\\/iai.int\\\/es\\\/#\\\/schema\\\/logo\\\/image\\\/\",\"url\":\"https:\\\/\\\/iai.int\\\/wp-content\\\/uploads\\\/2025\\\/11\\\/IAI-logo-English-scaled.png\",\"contentUrl\":\"https:\\\/\\\/iai.int\\\/wp-content\\\/uploads\\\/2025\\\/11\\\/IAI-logo-English-scaled.png\",\"width\":2560,\"height\":985,\"caption\":\"IAI - Inter-American Institute for Global Change Research\"},\"image\":{\"@id\":\"https:\\\/\\\/iai.int\\\/es\\\/#\\\/schema\\\/logo\\\/image\\\/\"}}]}<\/script>\n<!-- \/ Yoast SEO plugin. -->","yoast_head_json":{"title":"SG-01 - IAI - Inter-American Institute for Global Change Research","robots":{"index":"index","follow":"follow","max-snippet":"max-snippet:-1","max-image-preview":"max-image-preview:large","max-video-preview":"max-video-preview:-1"},"canonical":"https:\/\/iai.int\/es\/sg-01\/","og_locale":"es_ES","og_type":"article","og_title":"SG-01 - IAI - Inter-American Institute for Global Change Research","og_description":"INFORMACI\u00d3N DEL PROYECTO Vulnerabilidad multidimensional al dengue y la diarrea en el contexto de la crisis clim\u00e1tica: Un estudio exploratorio con enfoque transdisciplinario en Caballococha (Loreto, Per\u00fa) Investigador principal (PI): Bertha Luz Pineda Restrepo, Andean Health Agency-Hip\u00f3lito Unanue, Lima Peru Correo electr\u00f3nico: bpineda@conhu.org.pe Phone: +57 927 604 182 Duraci\u00f3n y financiaci\u00f3n: (Augusto 2023\u20132024) USD 15,000 [&hellip;]","og_url":"https:\/\/iai.int\/es\/sg-01\/","og_site_name":"IAI - Inter-American Institute for Global Change Research","article_modified_time":"2025-11-14T19:33:18+00:00","og_image":[{"width":1024,"height":318,"url":"https:\/\/iai.int\/wp-content\/uploads\/2025\/11\/sgp-1024x318.png","type":"image\/png"}],"twitter_card":"summary_large_image","twitter_misc":{"Tiempo de lectura":"2 minutos"},"schema":{"@context":"https:\/\/schema.org","@graph":[{"@type":"WebPage","@id":"https:\/\/iai.int\/es\/sg-01\/","url":"https:\/\/iai.int\/es\/sg-01\/","name":"SG-01 - IAI - Inter-American Institute for Global Change Research","isPartOf":{"@id":"https:\/\/iai.int\/es\/#website"},"primaryImageOfPage":{"@id":"https:\/\/iai.int\/es\/sg-01\/#primaryimage"},"image":{"@id":"https:\/\/iai.int\/es\/sg-01\/#primaryimage"},"thumbnailUrl":"https:\/\/iai.int\/wp-content\/uploads\/2025\/11\/sgp.png","datePublished":"2024-09-22T16:53:00+00:00","dateModified":"2025-11-14T19:33:18+00:00","breadcrumb":{"@id":"https:\/\/iai.int\/es\/sg-01\/#breadcrumb"},"inLanguage":"es","potentialAction":[{"@type":"ReadAction","target":["https:\/\/iai.int\/es\/sg-01\/"]}]},{"@type":"ImageObject","inLanguage":"es","@id":"https:\/\/iai.int\/es\/sg-01\/#primaryimage","url":"https:\/\/iai.int\/wp-content\/uploads\/2025\/11\/sgp.png","contentUrl":"https:\/\/iai.int\/wp-content\/uploads\/2025\/11\/sgp.png","width":1772,"height":551},{"@type":"BreadcrumbList","@id":"https:\/\/iai.int\/es\/sg-01\/#breadcrumb","itemListElement":[{"@type":"ListItem","position":1,"name":"Portada","item":"https:\/\/iai.int\/es\/"},{"@type":"ListItem","position":2,"name":"SG-01"}]},{"@type":"WebSite","@id":"https:\/\/iai.int\/es\/#website","url":"https:\/\/iai.int\/es\/","name":"IAI - Inter-American Institute for Global Change Research","description":"","publisher":{"@id":"https:\/\/iai.int\/es\/#organization"},"potentialAction":[{"@type":"SearchAction","target":{"@type":"EntryPoint","urlTemplate":"https:\/\/iai.int\/es\/?s={search_term_string}"},"query-input":{"@type":"PropertyValueSpecification","valueRequired":true,"valueName":"search_term_string"}}],"inLanguage":"es"},{"@type":"Organization","@id":"https:\/\/iai.int\/es\/#organization","name":"IAI - Inter-American Institute for Global Change Research","url":"https:\/\/iai.int\/es\/","logo":{"@type":"ImageObject","inLanguage":"es","@id":"https:\/\/iai.int\/es\/#\/schema\/logo\/image\/","url":"https:\/\/iai.int\/wp-content\/uploads\/2025\/11\/IAI-logo-English-scaled.png","contentUrl":"https:\/\/iai.int\/wp-content\/uploads\/2025\/11\/IAI-logo-English-scaled.png","width":2560,"height":985,"caption":"IAI - Inter-American Institute for Global Change Research"},"image":{"@id":"https:\/\/iai.int\/es\/#\/schema\/logo\/image\/"}}]}},"uagb_featured_image_src":{"full":["https:\/\/iai.int\/wp-content\/uploads\/2025\/11\/sgp.png",1772,551,false],"thumbnail":["https:\/\/iai.int\/wp-content\/uploads\/2025\/11\/sgp-150x150.png",150,150,true],"medium":["https:\/\/iai.int\/wp-content\/uploads\/2025\/11\/sgp-300x93.png",300,93,true],"medium_large":["https:\/\/iai.int\/wp-content\/uploads\/2025\/11\/sgp-768x239.png",768,239,true],"large":["https:\/\/iai.int\/wp-content\/uploads\/2025\/11\/sgp-1024x318.png",800,248,true],"1536x1536":["https:\/\/iai.int\/wp-content\/uploads\/2025\/11\/sgp-1536x478.png",1536,478,true],"2048x2048":["https:\/\/iai.int\/wp-content\/uploads\/2025\/11\/sgp.png",1772,551,false]},"uagb_author_info":{"display_name":"admin","author_link":"https:\/\/iai.int\/es\/author\/admin\/"},"uagb_comment_info":0,"uagb_excerpt":"INFORMACI\u00d3N DEL PROYECTO Vulnerabilidad multidimensional al dengue y la diarrea en el contexto de la crisis clim\u00e1tica: Un estudio exploratorio con enfoque transdisciplinario en Caballococha (Loreto, Per\u00fa) Investigador principal (PI): Bertha Luz Pineda Restrepo, Andean Health Agency-Hip\u00f3lito Unanue, Lima Peru Correo electr\u00f3nico: bpineda@conhu.org.pe Phone: +57 927 604 182 Duraci\u00f3n y financiaci\u00f3n: (Augusto 2023\u20132024) USD 15,000&hellip;","_links":{"self":[{"href":"https:\/\/iai.int\/es\/wp-json\/wp\/v2\/pages\/987","targetHints":{"allow":["GET"]}}],"collection":[{"href":"https:\/\/iai.int\/es\/wp-json\/wp\/v2\/pages"}],"about":[{"href":"https:\/\/iai.int\/es\/wp-json\/wp\/v2\/types\/page"}],"author":[{"embeddable":true,"href":"https:\/\/iai.int\/es\/wp-json\/wp\/v2\/users\/1"}],"replies":[{"embeddable":true,"href":"https:\/\/iai.int\/es\/wp-json\/wp\/v2\/comments?post=987"}],"version-history":[{"count":1,"href":"https:\/\/iai.int\/es\/wp-json\/wp\/v2\/pages\/987\/revisions"}],"predecessor-version":[{"id":988,"href":"https:\/\/iai.int\/es\/wp-json\/wp\/v2\/pages\/987\/revisions\/988"}],"wp:featuredmedia":[{"embeddable":true,"href":"https:\/\/iai.int\/es\/wp-json\/wp\/v2\/media\/11506"}],"wp:attachment":[{"href":"https:\/\/iai.int\/es\/wp-json\/wp\/v2\/media?parent=987"}],"curies":[{"name":"wp","href":"https:\/\/api.w.org\/{rel}","templated":true}]}}