{"id":984,"date":"2024-09-22T13:38:39","date_gmt":"2024-09-22T16:38:39","guid":{"rendered":"https:\/\/iai.int\/?page_id=984"},"modified":"2025-11-14T15:47:33","modified_gmt":"2025-11-14T20:47:33","slug":"movilidad-humana-desafios-globales-y-resiliencia-en-una-era-de-estres-social-phoenix","status":"publish","type":"page","link":"https:\/\/iai.int\/es\/movilidad-humana-desafios-globales-y-resiliencia-en-una-era-de-estres-social-phoenix\/","title":{"rendered":"Movilidad Humana, Desaf\u00edos Globales y Resiliencia en una Era de Estr\u00e9s Social (PHOENIX)"},"content":{"rendered":"\n<h3 class=\"wp-block-heading\">INFORMACI\u00d3N DEL PROYECTO<\/h3>\n\n\n\n<p><strong>Investigador principal (PI):<\/strong><\/p>\n\n\n\n<p><em>Graciela Susana Rodriguez <\/em>, Instituto EQUIT, G\u00e9nero, Econom\u00eda y Ciudadan\u00eda Global, Brasil<\/p>\n\n\n\n<p>Correo electr\u00f3nico: graciela@equit.org.br , Tel\u00e9fono: +552122211182<\/p>\n\n\n\n<p><strong>Duraci\u00f3n y cantidad:<\/strong><\/p>\n\n\n\n<p>(Abril 2023 &#8211; 2026) USD 200.000<\/p>\n\n\n\n<p><strong>Pa\u00edses participantes:<\/strong><\/p>\n\n\n\n<p>Argentina, Brasil. chile y uruguay<\/p>\n\n\n\n<h3 class=\"wp-block-heading\">RESUMEN EJECUTIVO<\/h3>\n\n\n\n<p>PHOENIX es un estudio sobre c\u00f3mo los cambios globales, incluidos los cambios ambientales y clim\u00e1ticos, los cambios demogr\u00e1ficos, los cambios en los patrones de consumo, la energ\u00eda y el uso de la tierra, los desarrollos en las pol\u00edticas de alimentaci\u00f3n y salud mental y las transformaciones socioculturales, impactan en la movilidad. Espec\u00edficamente, llevaremos a cabo el modelado de datos de puntos de inflexi\u00f3n social mediante la utilizaci\u00f3n de t\u00e9cnicas GIS y la s\u00edntesis de conjuntos de datos geogr\u00e1ficos, de ciencias de la tierra y longitudinales existentes. Tambi\u00e9n aplicaremos un enfoque de gobernanza de crisis a niveles macro, meso y micro para comprender c\u00f3mo diversas \u00e1reas de pol\u00edticas que van desde el desarrollo sostenible y la reducci\u00f3n del riesgo de desastres hasta la salud, la alimentaci\u00f3n y el cambio clim\u00e1tico pueden vincularse con marcos de pol\u00edticas m\u00e1s amplios para comprender y predecir patrones de movilidad. El proyecto lleva a cabo dos estudios de casos centrados en el ser humano de puntos de inflexi\u00f3n social: (1) seguridad alimentaria y pertenencia y (2) supervivencia cultural y resiliencia. Estos estudios de caso brindan nuevas formas de ver c\u00f3mo las (in)movilidades clim\u00e1ticas y sus puntos de inflexi\u00f3n social est\u00e1n determinados por los contextos socioculturales y la salud psicosocial de las poblaciones. Bas\u00e1ndose en ciencias naturales como los estudios clim\u00e1ticos y de sostenibilidad y en las ciencias sociales de la ciencia pol\u00edtica, la sociolog\u00eda, la psicolog\u00eda, la econom\u00eda y la antropolog\u00eda, el proyecto se suma a la caja de herramientas interdisciplinaria de diagn\u00f3stico y pron\u00f3stico del cambio global y la movilidad, as\u00ed como a las evaluaciones de vulnerabilidad y resiliencia. PHOENIX utiliza una amplia base de evidencia, desde Europa y Medio Oriente hasta \u00c1frica y Am\u00e9rica del Sur, para garantizar el m\u00e1ximo impacto comparativo y global de sus hallazgos. Se dise\u00f1a una estrategia de impacto para llegar a las partes interesadas cient\u00edficas, gubernamentales y p\u00fablicas a trav\u00e9s de 1) talleres acad\u00e9micos y publicaciones, 2) paneles de expertos de las partes interesadas, as\u00ed como res\u00famenes de pol\u00edticas, y 3) Movilidades Clim\u00e1ticas y Plataformas de Resiliencia y galer\u00edas de arte digital, videos kinoeye y una serie de podcasts. Phoenix examina los aspectos sociales y ambientales del Cambio Global y las (in)movilidades para ayudar a los l\u00edderes y los miembros m\u00e1s vulnerables de las sociedades a comprender, adaptarse y prosperar.<\/p>\n","protected":false},"excerpt":{"rendered":"<p>INFORMACI\u00d3N DEL PROYECTO Investigador principal (PI): Graciela Susana Rodriguez , Instituto EQUIT, G\u00e9nero, Econom\u00eda y Ciudadan\u00eda Global, Brasil Correo electr\u00f3nico: graciela@equit.org.br , Tel\u00e9fono: +552122211182 Duraci\u00f3n y cantidad: (Abril 2023 &#8211; 2026) USD 200.000 Pa\u00edses participantes: Argentina, Brasil. chile y uruguay RESUMEN EJECUTIVO PHOENIX es un estudio sobre c\u00f3mo los cambios globales, incluidos los cambios ambientales [&hellip;]<\/p>\n","protected":false},"author":1,"featured_media":11549,"parent":0,"menu_order":0,"comment_status":"closed","ping_status":"closed","template":"","meta":{"_acf_changed":false,"_uag_custom_page_level_css":"","footnotes":""},"class_list":["post-984","page","type-page","status-publish","has-post-thumbnail","hentry"],"acf":[],"yoast_head":"<!-- This site is optimized with the Yoast SEO plugin v27.3 - https:\/\/yoast.com\/product\/yoast-seo-wordpress\/ -->\n<title>Movilidad Humana, Desaf\u00edos Globales y Resiliencia en una Era de Estr\u00e9s Social (PHOENIX) - IAI - Inter-American Institute for Global Change Research<\/title>\n<meta name=\"robots\" content=\"index, follow, max-snippet:-1, max-image-preview:large, max-video-preview:-1\" \/>\n<link rel=\"canonical\" href=\"https:\/\/iai.int\/es\/movilidad-humana-desafios-globales-y-resiliencia-en-una-era-de-estres-social-phoenix\/\" \/>\n<meta property=\"og:locale\" content=\"es_ES\" \/>\n<meta property=\"og:type\" content=\"article\" \/>\n<meta property=\"og:title\" content=\"Movilidad Humana, Desaf\u00edos Globales y Resiliencia en una Era de Estr\u00e9s Social (PHOENIX) - IAI - Inter-American Institute for Global Change Research\" \/>\n<meta property=\"og:description\" content=\"INFORMACI\u00d3N DEL PROYECTO Investigador principal (PI): Graciela Susana Rodriguez , Instituto EQUIT, G\u00e9nero, Econom\u00eda y Ciudadan\u00eda Global, Brasil Correo electr\u00f3nico: graciela@equit.org.br , Tel\u00e9fono: +552122211182 Duraci\u00f3n y cantidad: (Abril 2023 &#8211; 2026) USD 200.000 Pa\u00edses participantes: Argentina, Brasil. chile y uruguay RESUMEN EJECUTIVO PHOENIX es un estudio sobre c\u00f3mo los cambios globales, incluidos los cambios ambientales [&hellip;]\" \/>\n<meta property=\"og:url\" content=\"https:\/\/iai.int\/es\/movilidad-humana-desafios-globales-y-resiliencia-en-una-era-de-estres-social-phoenix\/\" \/>\n<meta property=\"og:site_name\" content=\"IAI - Inter-American Institute for Global Change Research\" \/>\n<meta property=\"article:modified_time\" content=\"2025-11-14T20:47:33+00:00\" \/>\n<meta property=\"og:image\" content=\"https:\/\/iai.int\/wp-content\/uploads\/2025\/11\/sgp-1.jpg\" \/>\n\t<meta property=\"og:image:width\" content=\"1772\" \/>\n\t<meta property=\"og:image:height\" content=\"551\" \/>\n\t<meta property=\"og:image:type\" content=\"image\/jpeg\" \/>\n<meta name=\"twitter:card\" content=\"summary_large_image\" \/>\n<meta name=\"twitter:label1\" content=\"Tiempo de lectura\" \/>\n\t<meta name=\"twitter:data1\" content=\"2 minutos\" \/>\n<script type=\"application\/ld+json\" class=\"yoast-schema-graph\">{\"@context\":\"https:\\\/\\\/schema.org\",\"@graph\":[{\"@type\":\"WebPage\",\"@id\":\"https:\\\/\\\/iai.int\\\/es\\\/movilidad-humana-desafios-globales-y-resiliencia-en-una-era-de-estres-social-phoenix\\\/\",\"url\":\"https:\\\/\\\/iai.int\\\/es\\\/movilidad-humana-desafios-globales-y-resiliencia-en-una-era-de-estres-social-phoenix\\\/\",\"name\":\"Movilidad Humana, Desaf\u00edos Globales y Resiliencia en una Era de Estr\u00e9s Social (PHOENIX) - IAI - Inter-American Institute for Global Change Research\",\"isPartOf\":{\"@id\":\"https:\\\/\\\/iai.int\\\/es\\\/#website\"},\"primaryImageOfPage\":{\"@id\":\"https:\\\/\\\/iai.int\\\/es\\\/movilidad-humana-desafios-globales-y-resiliencia-en-una-era-de-estres-social-phoenix\\\/#primaryimage\"},\"image\":{\"@id\":\"https:\\\/\\\/iai.int\\\/es\\\/movilidad-humana-desafios-globales-y-resiliencia-en-una-era-de-estres-social-phoenix\\\/#primaryimage\"},\"thumbnailUrl\":\"https:\\\/\\\/iai.int\\\/wp-content\\\/uploads\\\/2025\\\/11\\\/sgp-1.jpg\",\"datePublished\":\"2024-09-22T16:38:39+00:00\",\"dateModified\":\"2025-11-14T20:47:33+00:00\",\"breadcrumb\":{\"@id\":\"https:\\\/\\\/iai.int\\\/es\\\/movilidad-humana-desafios-globales-y-resiliencia-en-una-era-de-estres-social-phoenix\\\/#breadcrumb\"},\"inLanguage\":\"es\",\"potentialAction\":[{\"@type\":\"ReadAction\",\"target\":[\"https:\\\/\\\/iai.int\\\/es\\\/movilidad-humana-desafios-globales-y-resiliencia-en-una-era-de-estres-social-phoenix\\\/\"]}]},{\"@type\":\"ImageObject\",\"inLanguage\":\"es\",\"@id\":\"https:\\\/\\\/iai.int\\\/es\\\/movilidad-humana-desafios-globales-y-resiliencia-en-una-era-de-estres-social-phoenix\\\/#primaryimage\",\"url\":\"https:\\\/\\\/iai.int\\\/wp-content\\\/uploads\\\/2025\\\/11\\\/sgp-1.jpg\",\"contentUrl\":\"https:\\\/\\\/iai.int\\\/wp-content\\\/uploads\\\/2025\\\/11\\\/sgp-1.jpg\",\"width\":1772,\"height\":551},{\"@type\":\"BreadcrumbList\",\"@id\":\"https:\\\/\\\/iai.int\\\/es\\\/movilidad-humana-desafios-globales-y-resiliencia-en-una-era-de-estres-social-phoenix\\\/#breadcrumb\",\"itemListElement\":[{\"@type\":\"ListItem\",\"position\":1,\"name\":\"Portada\",\"item\":\"https:\\\/\\\/iai.int\\\/es\\\/\"},{\"@type\":\"ListItem\",\"position\":2,\"name\":\"Movilidad Humana, Desaf\u00edos Globales y Resiliencia en una Era de Estr\u00e9s Social (PHOENIX)\"}]},{\"@type\":\"WebSite\",\"@id\":\"https:\\\/\\\/iai.int\\\/es\\\/#website\",\"url\":\"https:\\\/\\\/iai.int\\\/es\\\/\",\"name\":\"IAI - Inter-American Institute for Global Change Research\",\"description\":\"\",\"publisher\":{\"@id\":\"https:\\\/\\\/iai.int\\\/es\\\/#organization\"},\"potentialAction\":[{\"@type\":\"SearchAction\",\"target\":{\"@type\":\"EntryPoint\",\"urlTemplate\":\"https:\\\/\\\/iai.int\\\/es\\\/?s={search_term_string}\"},\"query-input\":{\"@type\":\"PropertyValueSpecification\",\"valueRequired\":true,\"valueName\":\"search_term_string\"}}],\"inLanguage\":\"es\"},{\"@type\":\"Organization\",\"@id\":\"https:\\\/\\\/iai.int\\\/es\\\/#organization\",\"name\":\"IAI - Inter-American Institute for Global Change Research\",\"url\":\"https:\\\/\\\/iai.int\\\/es\\\/\",\"logo\":{\"@type\":\"ImageObject\",\"inLanguage\":\"es\",\"@id\":\"https:\\\/\\\/iai.int\\\/es\\\/#\\\/schema\\\/logo\\\/image\\\/\",\"url\":\"https:\\\/\\\/iai.int\\\/wp-content\\\/uploads\\\/2025\\\/11\\\/IAI-logo-English-scaled.png\",\"contentUrl\":\"https:\\\/\\\/iai.int\\\/wp-content\\\/uploads\\\/2025\\\/11\\\/IAI-logo-English-scaled.png\",\"width\":2560,\"height\":985,\"caption\":\"IAI - Inter-American Institute for Global Change Research\"},\"image\":{\"@id\":\"https:\\\/\\\/iai.int\\\/es\\\/#\\\/schema\\\/logo\\\/image\\\/\"}}]}<\/script>\n<!-- \/ Yoast SEO plugin. -->","yoast_head_json":{"title":"Movilidad Humana, Desaf\u00edos Globales y Resiliencia en una Era de Estr\u00e9s Social (PHOENIX) - IAI - Inter-American Institute for Global Change Research","robots":{"index":"index","follow":"follow","max-snippet":"max-snippet:-1","max-image-preview":"max-image-preview:large","max-video-preview":"max-video-preview:-1"},"canonical":"https:\/\/iai.int\/es\/movilidad-humana-desafios-globales-y-resiliencia-en-una-era-de-estres-social-phoenix\/","og_locale":"es_ES","og_type":"article","og_title":"Movilidad Humana, Desaf\u00edos Globales y Resiliencia en una Era de Estr\u00e9s Social (PHOENIX) - IAI - Inter-American Institute for Global Change Research","og_description":"INFORMACI\u00d3N DEL PROYECTO Investigador principal (PI): Graciela Susana Rodriguez , Instituto EQUIT, G\u00e9nero, Econom\u00eda y Ciudadan\u00eda Global, Brasil Correo electr\u00f3nico: graciela@equit.org.br , Tel\u00e9fono: +552122211182 Duraci\u00f3n y cantidad: (Abril 2023 &#8211; 2026) USD 200.000 Pa\u00edses participantes: Argentina, Brasil. chile y uruguay RESUMEN EJECUTIVO PHOENIX es un estudio sobre c\u00f3mo los cambios globales, incluidos los cambios ambientales [&hellip;]","og_url":"https:\/\/iai.int\/es\/movilidad-humana-desafios-globales-y-resiliencia-en-una-era-de-estres-social-phoenix\/","og_site_name":"IAI - Inter-American Institute for Global Change Research","article_modified_time":"2025-11-14T20:47:33+00:00","og_image":[{"width":1772,"height":551,"url":"https:\/\/iai.int\/wp-content\/uploads\/2025\/11\/sgp-1.jpg","type":"image\/jpeg"}],"twitter_card":"summary_large_image","twitter_misc":{"Tiempo de lectura":"2 minutos"},"schema":{"@context":"https:\/\/schema.org","@graph":[{"@type":"WebPage","@id":"https:\/\/iai.int\/es\/movilidad-humana-desafios-globales-y-resiliencia-en-una-era-de-estres-social-phoenix\/","url":"https:\/\/iai.int\/es\/movilidad-humana-desafios-globales-y-resiliencia-en-una-era-de-estres-social-phoenix\/","name":"Movilidad Humana, Desaf\u00edos Globales y Resiliencia en una Era de Estr\u00e9s Social (PHOENIX) - IAI - Inter-American Institute for Global Change Research","isPartOf":{"@id":"https:\/\/iai.int\/es\/#website"},"primaryImageOfPage":{"@id":"https:\/\/iai.int\/es\/movilidad-humana-desafios-globales-y-resiliencia-en-una-era-de-estres-social-phoenix\/#primaryimage"},"image":{"@id":"https:\/\/iai.int\/es\/movilidad-humana-desafios-globales-y-resiliencia-en-una-era-de-estres-social-phoenix\/#primaryimage"},"thumbnailUrl":"https:\/\/iai.int\/wp-content\/uploads\/2025\/11\/sgp-1.jpg","datePublished":"2024-09-22T16:38:39+00:00","dateModified":"2025-11-14T20:47:33+00:00","breadcrumb":{"@id":"https:\/\/iai.int\/es\/movilidad-humana-desafios-globales-y-resiliencia-en-una-era-de-estres-social-phoenix\/#breadcrumb"},"inLanguage":"es","potentialAction":[{"@type":"ReadAction","target":["https:\/\/iai.int\/es\/movilidad-humana-desafios-globales-y-resiliencia-en-una-era-de-estres-social-phoenix\/"]}]},{"@type":"ImageObject","inLanguage":"es","@id":"https:\/\/iai.int\/es\/movilidad-humana-desafios-globales-y-resiliencia-en-una-era-de-estres-social-phoenix\/#primaryimage","url":"https:\/\/iai.int\/wp-content\/uploads\/2025\/11\/sgp-1.jpg","contentUrl":"https:\/\/iai.int\/wp-content\/uploads\/2025\/11\/sgp-1.jpg","width":1772,"height":551},{"@type":"BreadcrumbList","@id":"https:\/\/iai.int\/es\/movilidad-humana-desafios-globales-y-resiliencia-en-una-era-de-estres-social-phoenix\/#breadcrumb","itemListElement":[{"@type":"ListItem","position":1,"name":"Portada","item":"https:\/\/iai.int\/es\/"},{"@type":"ListItem","position":2,"name":"Movilidad Humana, Desaf\u00edos Globales y Resiliencia en una Era de Estr\u00e9s Social (PHOENIX)"}]},{"@type":"WebSite","@id":"https:\/\/iai.int\/es\/#website","url":"https:\/\/iai.int\/es\/","name":"IAI - Inter-American Institute for Global Change Research","description":"","publisher":{"@id":"https:\/\/iai.int\/es\/#organization"},"potentialAction":[{"@type":"SearchAction","target":{"@type":"EntryPoint","urlTemplate":"https:\/\/iai.int\/es\/?s={search_term_string}"},"query-input":{"@type":"PropertyValueSpecification","valueRequired":true,"valueName":"search_term_string"}}],"inLanguage":"es"},{"@type":"Organization","@id":"https:\/\/iai.int\/es\/#organization","name":"IAI - Inter-American Institute for Global Change Research","url":"https:\/\/iai.int\/es\/","logo":{"@type":"ImageObject","inLanguage":"es","@id":"https:\/\/iai.int\/es\/#\/schema\/logo\/image\/","url":"https:\/\/iai.int\/wp-content\/uploads\/2025\/11\/IAI-logo-English-scaled.png","contentUrl":"https:\/\/iai.int\/wp-content\/uploads\/2025\/11\/IAI-logo-English-scaled.png","width":2560,"height":985,"caption":"IAI - Inter-American Institute for Global Change Research"},"image":{"@id":"https:\/\/iai.int\/es\/#\/schema\/logo\/image\/"}}]}},"uagb_featured_image_src":{"full":["https:\/\/iai.int\/wp-content\/uploads\/2025\/11\/sgp-1.jpg",1772,551,false],"thumbnail":["https:\/\/iai.int\/wp-content\/uploads\/2025\/11\/sgp-1-150x150.jpg",150,150,true],"medium":["https:\/\/iai.int\/wp-content\/uploads\/2025\/11\/sgp-1-300x93.jpg",300,93,true],"medium_large":["https:\/\/iai.int\/wp-content\/uploads\/2025\/11\/sgp-1-768x239.jpg",768,239,true],"large":["https:\/\/iai.int\/wp-content\/uploads\/2025\/11\/sgp-1-1024x318.jpg",800,248,true],"1536x1536":["https:\/\/iai.int\/wp-content\/uploads\/2025\/11\/sgp-1-1536x478.jpg",1536,478,true],"2048x2048":["https:\/\/iai.int\/wp-content\/uploads\/2025\/11\/sgp-1.jpg",1772,551,false]},"uagb_author_info":{"display_name":"admin","author_link":"https:\/\/iai.int\/es\/author\/admin\/"},"uagb_comment_info":0,"uagb_excerpt":"INFORMACI\u00d3N DEL PROYECTO Investigador principal (PI): Graciela Susana Rodriguez , Instituto EQUIT, G\u00e9nero, Econom\u00eda y Ciudadan\u00eda Global, Brasil Correo electr\u00f3nico: graciela@equit.org.br , Tel\u00e9fono: +552122211182 Duraci\u00f3n y cantidad: (Abril 2023 &#8211; 2026) USD 200.000 Pa\u00edses participantes: Argentina, Brasil. chile y uruguay RESUMEN EJECUTIVO PHOENIX es un estudio sobre c\u00f3mo los cambios globales, incluidos los cambios ambientales&hellip;","_links":{"self":[{"href":"https:\/\/iai.int\/es\/wp-json\/wp\/v2\/pages\/984","targetHints":{"allow":["GET"]}}],"collection":[{"href":"https:\/\/iai.int\/es\/wp-json\/wp\/v2\/pages"}],"about":[{"href":"https:\/\/iai.int\/es\/wp-json\/wp\/v2\/types\/page"}],"author":[{"embeddable":true,"href":"https:\/\/iai.int\/es\/wp-json\/wp\/v2\/users\/1"}],"replies":[{"embeddable":true,"href":"https:\/\/iai.int\/es\/wp-json\/wp\/v2\/comments?post=984"}],"version-history":[{"count":1,"href":"https:\/\/iai.int\/es\/wp-json\/wp\/v2\/pages\/984\/revisions"}],"predecessor-version":[{"id":985,"href":"https:\/\/iai.int\/es\/wp-json\/wp\/v2\/pages\/984\/revisions\/985"}],"wp:featuredmedia":[{"embeddable":true,"href":"https:\/\/iai.int\/es\/wp-json\/wp\/v2\/media\/11549"}],"wp:attachment":[{"href":"https:\/\/iai.int\/es\/wp-json\/wp\/v2\/media?parent=984"}],"curies":[{"name":"wp","href":"https:\/\/api.w.org\/{rel}","templated":true}]}}