{"id":981,"date":"2024-09-22T13:36:34","date_gmt":"2024-09-22T16:36:34","guid":{"rendered":"https:\/\/iai.int\/?page_id=981"},"modified":"2025-11-14T15:46:10","modified_gmt":"2025-11-14T20:46:10","slug":"migracion-internacional-cambio-climatico-y-efectos-de-red-un-estudio-mundial","status":"publish","type":"page","link":"https:\/\/iai.int\/es\/migracion-internacional-cambio-climatico-y-efectos-de-red-un-estudio-mundial\/","title":{"rendered":"Migraci\u00f3n internacional, cambio clim\u00e1tico y efectos de red: un estudio mundial"},"content":{"rendered":"\n<h3 class=\"wp-block-heading\">INFORMACI\u00d3N DEL PROYECTO<\/h3>\n\n\n\n<p><strong>Investigador principal (PI):<\/strong><\/p>\n\n\n\n<p><em>Paula Margaretic <\/em>, Universidad Adolfo Ib\u00e1\u00f1ez, Santiago de Chile, Chile<\/p>\n\n\n\n<p>Correo electr\u00f3nico: paumargaretic@gmail.com,<\/p>\n\n\n\n<p><strong>Duraci\u00f3n y cantidad:<\/strong><\/p>\n\n\n\n<p>(Abril 2023 &#8211; 2026) USD 99.600<\/p>\n\n\n\n<p><strong>Pa\u00edses participantes:<\/strong><\/p>\n\n\n\n<p>Argentina y Chile<\/p>\n\n\n\n<h3 class=\"wp-block-heading\">RESUMEN EJECUTIVO<\/h3>\n\n\n\n<p>El objetivo de este proyecto es investigar dos aspectos importantes de la migraci\u00f3n internacional. En primer lugar, el proyecto propone un marco global (que incluye m\u00e1s de 150 pa\u00edses de todo el mundo) para estudiar la influencia del cambio clim\u00e1tico en la migraci\u00f3n. Nuestro conjunto de datos abarca el per\u00edodo de 30 a\u00f1os entre 1990 y 2017. Para caracterizar a los pa\u00edses, incluimos proxies de eventos meteorol\u00f3gicos de inicio r\u00e1pido y lento como una forma de medir la exposici\u00f3n de los pa\u00edses al cambio clim\u00e1tico y un gran conjunto de factores socioecon\u00f3micos, de salud, pol\u00edticos y de gobernanza espec\u00edficos de cada pa\u00eds. En segundo lugar, el proyecto analiza el papel de los pa\u00edses vecinos en los flujos migratorios. Para identificar pa\u00edses vecinos, permitimos no solo la proximidad geogr\u00e1fica, sino tambi\u00e9n la proximidad econ\u00f3mica y cultural entre pares de pa\u00edses. Las principales contribuciones de este proyecto son las siguientes. Primero, incluimos un amplio conjunto de variables ambientales con una cobertura global que nos permite tener una mayor capacidad para incorporar aspectos del cambio clim\u00e1tico en el an\u00e1lisis de la migraci\u00f3n. En segundo lugar, considerar un amplio conjunto de caracter\u00edsticas socioecon\u00f3micas, pol\u00edticas y demogr\u00e1ficas espec\u00edficas de cada pa\u00eds nos permitir\u00e1: i) explorar las causas contextuales de la migraci\u00f3n y su din\u00e1mica; ii) desentra\u00f1ar los patrones que distinguen a las econom\u00edas desarrolladas y en desarrollo a lo largo del tiempo, iii) cuantificar los efectos de retroalimentaci\u00f3n de las crisis socioecon\u00f3micas que afectan a la migraci\u00f3n y viceversa. En tercer lugar, proponemos una metodolog\u00eda para predecir y simular el impacto esperado sobre la migraci\u00f3n de grandes impactos (por ejemplo, la guerra de Ucrania) y de varios patrones simulados de cambio clim\u00e1tico. En cuarto lugar, los procedimientos existentes suelen suponer relaciones lineales entre los determinantes socioecon\u00f3micos, demogr\u00e1ficos, pol\u00edticos, medioambientales, meteorol\u00f3gicos y de cambio clim\u00e1tico de los flujos migratorios. Sin embargo, las matrices de migraci\u00f3n de conectividad y las interrelaciones entre ellas son no lineales. Para dar cuenta de estas relaciones no lineales, nos basamos en la conectividad funcional y la conectividad funcional de alto orden para caracterizar la din\u00e1mica colectiva en las redes de migraci\u00f3n.<\/p>\n","protected":false},"excerpt":{"rendered":"<p>INFORMACI\u00d3N DEL PROYECTO Investigador principal (PI): Paula Margaretic , Universidad Adolfo Ib\u00e1\u00f1ez, Santiago de Chile, Chile Correo electr\u00f3nico: paumargaretic@gmail.com, Duraci\u00f3n y cantidad: (Abril 2023 &#8211; 2026) USD 99.600 Pa\u00edses participantes: Argentina y Chile RESUMEN EJECUTIVO El objetivo de este proyecto es investigar dos aspectos importantes de la migraci\u00f3n internacional. En primer lugar, el proyecto propone [&hellip;]<\/p>\n","protected":false},"author":1,"featured_media":11545,"parent":0,"menu_order":0,"comment_status":"closed","ping_status":"closed","template":"","meta":{"_acf_changed":false,"_uag_custom_page_level_css":"","footnotes":""},"class_list":["post-981","page","type-page","status-publish","has-post-thumbnail","hentry"],"acf":[],"yoast_head":"<!-- This site is optimized with the Yoast SEO plugin v27.3 - https:\/\/yoast.com\/product\/yoast-seo-wordpress\/ -->\n<title>Migraci\u00f3n internacional, cambio clim\u00e1tico y efectos de red: un estudio mundial - IAI - Inter-American Institute for Global Change Research<\/title>\n<meta name=\"robots\" content=\"index, follow, max-snippet:-1, max-image-preview:large, max-video-preview:-1\" \/>\n<link rel=\"canonical\" href=\"https:\/\/iai.int\/es\/migracion-internacional-cambio-climatico-y-efectos-de-red-un-estudio-mundial\/\" \/>\n<meta property=\"og:locale\" content=\"es_ES\" \/>\n<meta property=\"og:type\" content=\"article\" \/>\n<meta property=\"og:title\" content=\"Migraci\u00f3n internacional, cambio clim\u00e1tico y efectos de red: un estudio mundial - IAI - Inter-American Institute for Global Change Research\" \/>\n<meta property=\"og:description\" content=\"INFORMACI\u00d3N DEL PROYECTO Investigador principal (PI): Paula Margaretic , Universidad Adolfo Ib\u00e1\u00f1ez, Santiago de Chile, Chile Correo electr\u00f3nico: paumargaretic@gmail.com, Duraci\u00f3n y cantidad: (Abril 2023 &#8211; 2026) USD 99.600 Pa\u00edses participantes: Argentina y Chile RESUMEN EJECUTIVO El objetivo de este proyecto es investigar dos aspectos importantes de la migraci\u00f3n internacional. En primer lugar, el proyecto propone [&hellip;]\" \/>\n<meta property=\"og:url\" content=\"https:\/\/iai.int\/es\/migracion-internacional-cambio-climatico-y-efectos-de-red-un-estudio-mundial\/\" \/>\n<meta property=\"og:site_name\" content=\"IAI - Inter-American Institute for Global Change Research\" \/>\n<meta property=\"article:modified_time\" content=\"2025-11-14T20:46:10+00:00\" \/>\n<meta property=\"og:image\" content=\"http:\/\/iai.int\/wp-content\/uploads\/2025\/11\/sgp.jpg\" \/>\n\t<meta property=\"og:image:width\" content=\"1772\" \/>\n\t<meta property=\"og:image:height\" content=\"551\" \/>\n\t<meta property=\"og:image:type\" content=\"image\/jpeg\" \/>\n<meta name=\"twitter:card\" content=\"summary_large_image\" \/>\n<meta name=\"twitter:label1\" content=\"Tiempo de lectura\" \/>\n\t<meta name=\"twitter:data1\" content=\"2 minutos\" \/>\n<script type=\"application\/ld+json\" class=\"yoast-schema-graph\">{\"@context\":\"https:\\\/\\\/schema.org\",\"@graph\":[{\"@type\":\"WebPage\",\"@id\":\"https:\\\/\\\/iai.int\\\/es\\\/migracion-internacional-cambio-climatico-y-efectos-de-red-un-estudio-mundial\\\/\",\"url\":\"https:\\\/\\\/iai.int\\\/es\\\/migracion-internacional-cambio-climatico-y-efectos-de-red-un-estudio-mundial\\\/\",\"name\":\"Migraci\u00f3n internacional, cambio clim\u00e1tico y efectos de red: un estudio mundial - IAI - Inter-American Institute for Global Change Research\",\"isPartOf\":{\"@id\":\"https:\\\/\\\/iai.int\\\/es\\\/#website\"},\"primaryImageOfPage\":{\"@id\":\"https:\\\/\\\/iai.int\\\/es\\\/migracion-internacional-cambio-climatico-y-efectos-de-red-un-estudio-mundial\\\/#primaryimage\"},\"image\":{\"@id\":\"https:\\\/\\\/iai.int\\\/es\\\/migracion-internacional-cambio-climatico-y-efectos-de-red-un-estudio-mundial\\\/#primaryimage\"},\"thumbnailUrl\":\"https:\\\/\\\/iai.int\\\/wp-content\\\/uploads\\\/2025\\\/11\\\/sgp.jpg\",\"datePublished\":\"2024-09-22T16:36:34+00:00\",\"dateModified\":\"2025-11-14T20:46:10+00:00\",\"breadcrumb\":{\"@id\":\"https:\\\/\\\/iai.int\\\/es\\\/migracion-internacional-cambio-climatico-y-efectos-de-red-un-estudio-mundial\\\/#breadcrumb\"},\"inLanguage\":\"es\",\"potentialAction\":[{\"@type\":\"ReadAction\",\"target\":[\"https:\\\/\\\/iai.int\\\/es\\\/migracion-internacional-cambio-climatico-y-efectos-de-red-un-estudio-mundial\\\/\"]}]},{\"@type\":\"ImageObject\",\"inLanguage\":\"es\",\"@id\":\"https:\\\/\\\/iai.int\\\/es\\\/migracion-internacional-cambio-climatico-y-efectos-de-red-un-estudio-mundial\\\/#primaryimage\",\"url\":\"https:\\\/\\\/iai.int\\\/wp-content\\\/uploads\\\/2025\\\/11\\\/sgp.jpg\",\"contentUrl\":\"https:\\\/\\\/iai.int\\\/wp-content\\\/uploads\\\/2025\\\/11\\\/sgp.jpg\",\"width\":1772,\"height\":551},{\"@type\":\"BreadcrumbList\",\"@id\":\"https:\\\/\\\/iai.int\\\/es\\\/migracion-internacional-cambio-climatico-y-efectos-de-red-un-estudio-mundial\\\/#breadcrumb\",\"itemListElement\":[{\"@type\":\"ListItem\",\"position\":1,\"name\":\"Portada\",\"item\":\"https:\\\/\\\/iai.int\\\/es\\\/\"},{\"@type\":\"ListItem\",\"position\":2,\"name\":\"Migraci\u00f3n internacional, cambio clim\u00e1tico y efectos de red: un estudio mundial\"}]},{\"@type\":\"WebSite\",\"@id\":\"https:\\\/\\\/iai.int\\\/es\\\/#website\",\"url\":\"https:\\\/\\\/iai.int\\\/es\\\/\",\"name\":\"IAI - Inter-American Institute for Global Change Research\",\"description\":\"\",\"publisher\":{\"@id\":\"https:\\\/\\\/iai.int\\\/es\\\/#organization\"},\"potentialAction\":[{\"@type\":\"SearchAction\",\"target\":{\"@type\":\"EntryPoint\",\"urlTemplate\":\"https:\\\/\\\/iai.int\\\/es\\\/?s={search_term_string}\"},\"query-input\":{\"@type\":\"PropertyValueSpecification\",\"valueRequired\":true,\"valueName\":\"search_term_string\"}}],\"inLanguage\":\"es\"},{\"@type\":\"Organization\",\"@id\":\"https:\\\/\\\/iai.int\\\/es\\\/#organization\",\"name\":\"IAI - Inter-American Institute for Global Change Research\",\"url\":\"https:\\\/\\\/iai.int\\\/es\\\/\",\"logo\":{\"@type\":\"ImageObject\",\"inLanguage\":\"es\",\"@id\":\"https:\\\/\\\/iai.int\\\/es\\\/#\\\/schema\\\/logo\\\/image\\\/\",\"url\":\"https:\\\/\\\/iai.int\\\/wp-content\\\/uploads\\\/2025\\\/11\\\/IAI-logo-English-scaled.png\",\"contentUrl\":\"https:\\\/\\\/iai.int\\\/wp-content\\\/uploads\\\/2025\\\/11\\\/IAI-logo-English-scaled.png\",\"width\":2560,\"height\":985,\"caption\":\"IAI - Inter-American Institute for Global Change Research\"},\"image\":{\"@id\":\"https:\\\/\\\/iai.int\\\/es\\\/#\\\/schema\\\/logo\\\/image\\\/\"}}]}<\/script>\n<!-- \/ Yoast SEO plugin. -->","yoast_head_json":{"title":"Migraci\u00f3n internacional, cambio clim\u00e1tico y efectos de red: un estudio mundial - IAI - Inter-American Institute for Global Change Research","robots":{"index":"index","follow":"follow","max-snippet":"max-snippet:-1","max-image-preview":"max-image-preview:large","max-video-preview":"max-video-preview:-1"},"canonical":"https:\/\/iai.int\/es\/migracion-internacional-cambio-climatico-y-efectos-de-red-un-estudio-mundial\/","og_locale":"es_ES","og_type":"article","og_title":"Migraci\u00f3n internacional, cambio clim\u00e1tico y efectos de red: un estudio mundial - IAI - Inter-American Institute for Global Change Research","og_description":"INFORMACI\u00d3N DEL PROYECTO Investigador principal (PI): Paula Margaretic , Universidad Adolfo Ib\u00e1\u00f1ez, Santiago de Chile, Chile Correo electr\u00f3nico: paumargaretic@gmail.com, Duraci\u00f3n y cantidad: (Abril 2023 &#8211; 2026) USD 99.600 Pa\u00edses participantes: Argentina y Chile RESUMEN EJECUTIVO El objetivo de este proyecto es investigar dos aspectos importantes de la migraci\u00f3n internacional. En primer lugar, el proyecto propone [&hellip;]","og_url":"https:\/\/iai.int\/es\/migracion-internacional-cambio-climatico-y-efectos-de-red-un-estudio-mundial\/","og_site_name":"IAI - Inter-American Institute for Global Change Research","article_modified_time":"2025-11-14T20:46:10+00:00","og_image":[{"width":1772,"height":551,"url":"http:\/\/iai.int\/wp-content\/uploads\/2025\/11\/sgp.jpg","type":"image\/jpeg"}],"twitter_card":"summary_large_image","twitter_misc":{"Tiempo de lectura":"2 minutos"},"schema":{"@context":"https:\/\/schema.org","@graph":[{"@type":"WebPage","@id":"https:\/\/iai.int\/es\/migracion-internacional-cambio-climatico-y-efectos-de-red-un-estudio-mundial\/","url":"https:\/\/iai.int\/es\/migracion-internacional-cambio-climatico-y-efectos-de-red-un-estudio-mundial\/","name":"Migraci\u00f3n internacional, cambio clim\u00e1tico y efectos de red: un estudio mundial - IAI - Inter-American Institute for Global Change Research","isPartOf":{"@id":"https:\/\/iai.int\/es\/#website"},"primaryImageOfPage":{"@id":"https:\/\/iai.int\/es\/migracion-internacional-cambio-climatico-y-efectos-de-red-un-estudio-mundial\/#primaryimage"},"image":{"@id":"https:\/\/iai.int\/es\/migracion-internacional-cambio-climatico-y-efectos-de-red-un-estudio-mundial\/#primaryimage"},"thumbnailUrl":"https:\/\/iai.int\/wp-content\/uploads\/2025\/11\/sgp.jpg","datePublished":"2024-09-22T16:36:34+00:00","dateModified":"2025-11-14T20:46:10+00:00","breadcrumb":{"@id":"https:\/\/iai.int\/es\/migracion-internacional-cambio-climatico-y-efectos-de-red-un-estudio-mundial\/#breadcrumb"},"inLanguage":"es","potentialAction":[{"@type":"ReadAction","target":["https:\/\/iai.int\/es\/migracion-internacional-cambio-climatico-y-efectos-de-red-un-estudio-mundial\/"]}]},{"@type":"ImageObject","inLanguage":"es","@id":"https:\/\/iai.int\/es\/migracion-internacional-cambio-climatico-y-efectos-de-red-un-estudio-mundial\/#primaryimage","url":"https:\/\/iai.int\/wp-content\/uploads\/2025\/11\/sgp.jpg","contentUrl":"https:\/\/iai.int\/wp-content\/uploads\/2025\/11\/sgp.jpg","width":1772,"height":551},{"@type":"BreadcrumbList","@id":"https:\/\/iai.int\/es\/migracion-internacional-cambio-climatico-y-efectos-de-red-un-estudio-mundial\/#breadcrumb","itemListElement":[{"@type":"ListItem","position":1,"name":"Portada","item":"https:\/\/iai.int\/es\/"},{"@type":"ListItem","position":2,"name":"Migraci\u00f3n internacional, cambio clim\u00e1tico y efectos de red: un estudio mundial"}]},{"@type":"WebSite","@id":"https:\/\/iai.int\/es\/#website","url":"https:\/\/iai.int\/es\/","name":"IAI - Inter-American Institute for Global Change Research","description":"","publisher":{"@id":"https:\/\/iai.int\/es\/#organization"},"potentialAction":[{"@type":"SearchAction","target":{"@type":"EntryPoint","urlTemplate":"https:\/\/iai.int\/es\/?s={search_term_string}"},"query-input":{"@type":"PropertyValueSpecification","valueRequired":true,"valueName":"search_term_string"}}],"inLanguage":"es"},{"@type":"Organization","@id":"https:\/\/iai.int\/es\/#organization","name":"IAI - Inter-American Institute for Global Change Research","url":"https:\/\/iai.int\/es\/","logo":{"@type":"ImageObject","inLanguage":"es","@id":"https:\/\/iai.int\/es\/#\/schema\/logo\/image\/","url":"https:\/\/iai.int\/wp-content\/uploads\/2025\/11\/IAI-logo-English-scaled.png","contentUrl":"https:\/\/iai.int\/wp-content\/uploads\/2025\/11\/IAI-logo-English-scaled.png","width":2560,"height":985,"caption":"IAI - Inter-American Institute for Global Change Research"},"image":{"@id":"https:\/\/iai.int\/es\/#\/schema\/logo\/image\/"}}]}},"uagb_featured_image_src":{"full":["https:\/\/iai.int\/wp-content\/uploads\/2025\/11\/sgp.jpg",1772,551,false],"thumbnail":["https:\/\/iai.int\/wp-content\/uploads\/2025\/11\/sgp-150x150.jpg",150,150,true],"medium":["https:\/\/iai.int\/wp-content\/uploads\/2025\/11\/sgp-300x93.jpg",300,93,true],"medium_large":["https:\/\/iai.int\/wp-content\/uploads\/2025\/11\/sgp-768x239.jpg",768,239,true],"large":["https:\/\/iai.int\/wp-content\/uploads\/2025\/11\/sgp-1024x318.jpg",800,248,true],"1536x1536":["https:\/\/iai.int\/wp-content\/uploads\/2025\/11\/sgp-1536x478.jpg",1536,478,true],"2048x2048":["https:\/\/iai.int\/wp-content\/uploads\/2025\/11\/sgp.jpg",1772,551,false]},"uagb_author_info":{"display_name":"admin","author_link":"https:\/\/iai.int\/es\/author\/admin\/"},"uagb_comment_info":0,"uagb_excerpt":"INFORMACI\u00d3N DEL PROYECTO Investigador principal (PI): Paula Margaretic , Universidad Adolfo Ib\u00e1\u00f1ez, Santiago de Chile, Chile Correo electr\u00f3nico: paumargaretic@gmail.com, Duraci\u00f3n y cantidad: (Abril 2023 &#8211; 2026) USD 99.600 Pa\u00edses participantes: Argentina y Chile RESUMEN EJECUTIVO El objetivo de este proyecto es investigar dos aspectos importantes de la migraci\u00f3n internacional. En primer lugar, el proyecto propone&hellip;","_links":{"self":[{"href":"https:\/\/iai.int\/es\/wp-json\/wp\/v2\/pages\/981","targetHints":{"allow":["GET"]}}],"collection":[{"href":"https:\/\/iai.int\/es\/wp-json\/wp\/v2\/pages"}],"about":[{"href":"https:\/\/iai.int\/es\/wp-json\/wp\/v2\/types\/page"}],"author":[{"embeddable":true,"href":"https:\/\/iai.int\/es\/wp-json\/wp\/v2\/users\/1"}],"replies":[{"embeddable":true,"href":"https:\/\/iai.int\/es\/wp-json\/wp\/v2\/comments?post=981"}],"version-history":[{"count":1,"href":"https:\/\/iai.int\/es\/wp-json\/wp\/v2\/pages\/981\/revisions"}],"predecessor-version":[{"id":982,"href":"https:\/\/iai.int\/es\/wp-json\/wp\/v2\/pages\/981\/revisions\/982"}],"wp:featuredmedia":[{"embeddable":true,"href":"https:\/\/iai.int\/es\/wp-json\/wp\/v2\/media\/11545"}],"wp:attachment":[{"href":"https:\/\/iai.int\/es\/wp-json\/wp\/v2\/media?parent=981"}],"curies":[{"name":"wp","href":"https:\/\/api.w.org\/{rel}","templated":true}]}}