{"id":978,"date":"2024-09-22T13:34:09","date_gmt":"2024-09-22T16:34:09","guid":{"rendered":"https:\/\/iai.int\/?page_id=978"},"modified":"2025-11-14T15:47:05","modified_gmt":"2025-11-14T20:47:05","slug":"inmovilidad-en-un-clima-cambiante-ithaca","status":"publish","type":"page","link":"https:\/\/iai.int\/es\/inmovilidad-en-un-clima-cambiante-ithaca\/","title":{"rendered":"Inmovilidad en un clima cambiante (ITHACA)"},"content":{"rendered":"\n<h3 class=\"wp-block-heading\">INFORMACI\u00d3N DEL PROYECTO<\/h3>\n\n\n\n<p><strong>Inmovilidad en un clima cambiante (ITHACA)<\/strong><\/p>\n\n\n\n<p><strong>Investigador principal (PI):<\/strong><\/p>\n\n\n\n<p><em>Patricia Pinho<\/em>, Instituto de Pesquisa Ambiental da Amazonia, Bras\u00edlia &#8211; DF, Brasil<\/p>\n\n\n\n<p>Correo electr\u00f3nico: patricia.pinho@ipam.org.br , Tel\u00e9fono: +55 11 94272-6826<\/p>\n\n\n\n<p><strong>Duraci\u00f3n y cantidad:<\/strong><\/p>\n\n\n\n<p>(Abril 2023 &#8211; 2026) USD 150.000<\/p>\n\n\n\n<p><strong>Pa\u00edses participantes:<\/strong><\/p>\n\n\n\n<p>Brasil, Ghana, Mozambique, Suecia y los Estados Unidos de Am\u00e9rica<\/p>\n\n\n\n<h2 class=\"wp-block-heading\">RESUMEN EJECUTIVO<\/h2>\n\n\n\n<p>ITHACA es un proyecto de Belmont de 3 a\u00f1os que tiene como objetivo abordar el \u00e1rea pasada por alto de inmovilidad (voluntaria o involuntaria) como un mecanismo potencial para la adaptaci\u00f3n bajo un clima cambiante. El proyecto arrojar\u00e1 luz urgente sobre dos aspectos espec\u00edficos: las razones para quedarse (por elecci\u00f3n o por limitaciones) y las razones por las que las personas regresan despu\u00e9s de verse afectadas por los impactos clim\u00e1ticos. Preguntamos: \u00bfCu\u00e1les son las oportunidades de vida para los que se quedan? \u00bfHay nuevas oportunidades? \u00bfCu\u00e1nto potencial se pierde o se reduce por el calentamiento clim\u00e1tico? \u00bfQu\u00e9 tipo de pol\u00edticas y capacidades deben desarrollarse para quienes se quedan y quienes regresan? \u00bfHay casos en los que no se proporcionar\u00e1 apoyo de pol\u00edtica clim\u00e1tica a las personas que regresan? ITHACA presenta metodolog\u00edas novedosas para estudiar emp\u00edricamente la inmovilidad en cinco estudios de caso de sitios urbanos costeros a nivel mundial (Bahamas, Brasil, Ghana, Mozambique y Suecia) dirigidos por investigadores locales y facilitados por el Belmont Forum en cada naci\u00f3n. Con el investigador principal principal del consorcio (CL) LUCSUS, ITHACA tambi\u00e9n es una colaboraci\u00f3n entre las ciencias naturales y sociales con fuerza en los aspectos interdisciplinarios de las ciencias sociales, la gobernanza y los enfoques centrados en el ser humano para la vulnerabilidad al cambio clim\u00e1tico. Sobre la base del marco de aspiraciones\/capacidades, el proyecto se centra en la evaluaci\u00f3n del bienestar en t\u00e9rminos de las capacidades de las personas para preservar y mejorar las cosas de valor. El enfoque en la inmovilidad tambi\u00e9n es importante para la gobernanza futura. Las poblaciones inm\u00f3viles requerir\u00e1n diversos apoyos y financiaci\u00f3n para hacer frente a los extremos y procesos clim\u00e1ticos. Examinamos el papel de las finanzas nacionales e internacionales y el apoyo a las poblaciones inm\u00f3viles para desarrollar capacidades y resiliencia. Contextualizamos el proyecto dentro de &#8216;puntos cr\u00edticos&#8217; altamente vulnerables, pero pasados por alto, en sitios urbanos costeros que ya experimentan p\u00e9rdidas y da\u00f1os. El proyecto presenta nuevos hallazgos de pol\u00edticas y herramientas relevantes para el Inventario Global de la CMNUCC, los Objetivos de Desarrollo Sostenible (10, 11, 13 y 16) y el Pacto Mundial sobre Migraci\u00f3n.<\/p>\n","protected":false},"excerpt":{"rendered":"<p>INFORMACI\u00d3N DEL PROYECTO Inmovilidad en un clima cambiante (ITHACA) Investigador principal (PI): Patricia Pinho, Instituto de Pesquisa Ambiental da Amazonia, Bras\u00edlia &#8211; DF, Brasil Correo electr\u00f3nico: patricia.pinho@ipam.org.br , Tel\u00e9fono: +55 11 94272-6826 Duraci\u00f3n y cantidad: (Abril 2023 &#8211; 2026) USD 150.000 Pa\u00edses participantes: Brasil, Ghana, Mozambique, Suecia y los Estados Unidos de Am\u00e9rica RESUMEN EJECUTIVO [&hellip;]<\/p>\n","protected":false},"author":1,"featured_media":11547,"parent":0,"menu_order":0,"comment_status":"closed","ping_status":"closed","template":"","meta":{"_acf_changed":false,"_uag_custom_page_level_css":"","footnotes":""},"class_list":["post-978","page","type-page","status-publish","has-post-thumbnail","hentry"],"acf":[],"yoast_head":"<!-- This site is optimized with the Yoast SEO plugin v27.3 - https:\/\/yoast.com\/product\/yoast-seo-wordpress\/ -->\n<title>Inmovilidad en un clima cambiante (ITHACA) - IAI - Inter-American Institute for Global Change Research<\/title>\n<meta name=\"robots\" content=\"index, follow, max-snippet:-1, max-image-preview:large, max-video-preview:-1\" \/>\n<link rel=\"canonical\" href=\"https:\/\/iai.int\/es\/inmovilidad-en-un-clima-cambiante-ithaca\/\" \/>\n<meta property=\"og:locale\" content=\"es_ES\" \/>\n<meta property=\"og:type\" content=\"article\" \/>\n<meta property=\"og:title\" content=\"Inmovilidad en un clima cambiante (ITHACA) - IAI - Inter-American Institute for Global Change Research\" \/>\n<meta property=\"og:description\" content=\"INFORMACI\u00d3N DEL PROYECTO Inmovilidad en un clima cambiante (ITHACA) Investigador principal (PI): Patricia Pinho, Instituto de Pesquisa Ambiental da Amazonia, Bras\u00edlia &#8211; DF, Brasil Correo electr\u00f3nico: patricia.pinho@ipam.org.br , Tel\u00e9fono: +55 11 94272-6826 Duraci\u00f3n y cantidad: (Abril 2023 &#8211; 2026) USD 150.000 Pa\u00edses participantes: Brasil, Ghana, Mozambique, Suecia y los Estados Unidos de Am\u00e9rica RESUMEN EJECUTIVO [&hellip;]\" \/>\n<meta property=\"og:url\" content=\"https:\/\/iai.int\/es\/inmovilidad-en-un-clima-cambiante-ithaca\/\" \/>\n<meta property=\"og:site_name\" content=\"IAI - Inter-American Institute for Global Change Research\" \/>\n<meta property=\"article:modified_time\" content=\"2025-11-14T20:47:05+00:00\" \/>\n<meta property=\"og:image\" content=\"https:\/\/iai.int\/wp-content\/uploads\/2025\/11\/sgp-2.jpg\" \/>\n\t<meta property=\"og:image:width\" content=\"1772\" \/>\n\t<meta property=\"og:image:height\" content=\"551\" \/>\n\t<meta property=\"og:image:type\" content=\"image\/jpeg\" \/>\n<meta name=\"twitter:card\" content=\"summary_large_image\" \/>\n<meta name=\"twitter:label1\" content=\"Tiempo de lectura\" \/>\n\t<meta name=\"twitter:data1\" content=\"2 minutos\" \/>\n<script type=\"application\/ld+json\" class=\"yoast-schema-graph\">{\"@context\":\"https:\\\/\\\/schema.org\",\"@graph\":[{\"@type\":\"WebPage\",\"@id\":\"https:\\\/\\\/iai.int\\\/es\\\/inmovilidad-en-un-clima-cambiante-ithaca\\\/\",\"url\":\"https:\\\/\\\/iai.int\\\/es\\\/inmovilidad-en-un-clima-cambiante-ithaca\\\/\",\"name\":\"Inmovilidad en un clima cambiante (ITHACA) - IAI - Inter-American Institute for Global Change Research\",\"isPartOf\":{\"@id\":\"https:\\\/\\\/iai.int\\\/es\\\/#website\"},\"primaryImageOfPage\":{\"@id\":\"https:\\\/\\\/iai.int\\\/es\\\/inmovilidad-en-un-clima-cambiante-ithaca\\\/#primaryimage\"},\"image\":{\"@id\":\"https:\\\/\\\/iai.int\\\/es\\\/inmovilidad-en-un-clima-cambiante-ithaca\\\/#primaryimage\"},\"thumbnailUrl\":\"https:\\\/\\\/iai.int\\\/wp-content\\\/uploads\\\/2025\\\/11\\\/sgp-2.jpg\",\"datePublished\":\"2024-09-22T16:34:09+00:00\",\"dateModified\":\"2025-11-14T20:47:05+00:00\",\"breadcrumb\":{\"@id\":\"https:\\\/\\\/iai.int\\\/es\\\/inmovilidad-en-un-clima-cambiante-ithaca\\\/#breadcrumb\"},\"inLanguage\":\"es\",\"potentialAction\":[{\"@type\":\"ReadAction\",\"target\":[\"https:\\\/\\\/iai.int\\\/es\\\/inmovilidad-en-un-clima-cambiante-ithaca\\\/\"]}]},{\"@type\":\"ImageObject\",\"inLanguage\":\"es\",\"@id\":\"https:\\\/\\\/iai.int\\\/es\\\/inmovilidad-en-un-clima-cambiante-ithaca\\\/#primaryimage\",\"url\":\"https:\\\/\\\/iai.int\\\/wp-content\\\/uploads\\\/2025\\\/11\\\/sgp-2.jpg\",\"contentUrl\":\"https:\\\/\\\/iai.int\\\/wp-content\\\/uploads\\\/2025\\\/11\\\/sgp-2.jpg\",\"width\":1772,\"height\":551},{\"@type\":\"BreadcrumbList\",\"@id\":\"https:\\\/\\\/iai.int\\\/es\\\/inmovilidad-en-un-clima-cambiante-ithaca\\\/#breadcrumb\",\"itemListElement\":[{\"@type\":\"ListItem\",\"position\":1,\"name\":\"Portada\",\"item\":\"https:\\\/\\\/iai.int\\\/es\\\/\"},{\"@type\":\"ListItem\",\"position\":2,\"name\":\"Inmovilidad en un clima cambiante (ITHACA)\"}]},{\"@type\":\"WebSite\",\"@id\":\"https:\\\/\\\/iai.int\\\/es\\\/#website\",\"url\":\"https:\\\/\\\/iai.int\\\/es\\\/\",\"name\":\"IAI - Inter-American Institute for Global Change Research\",\"description\":\"\",\"publisher\":{\"@id\":\"https:\\\/\\\/iai.int\\\/es\\\/#organization\"},\"potentialAction\":[{\"@type\":\"SearchAction\",\"target\":{\"@type\":\"EntryPoint\",\"urlTemplate\":\"https:\\\/\\\/iai.int\\\/es\\\/?s={search_term_string}\"},\"query-input\":{\"@type\":\"PropertyValueSpecification\",\"valueRequired\":true,\"valueName\":\"search_term_string\"}}],\"inLanguage\":\"es\"},{\"@type\":\"Organization\",\"@id\":\"https:\\\/\\\/iai.int\\\/es\\\/#organization\",\"name\":\"IAI - Inter-American Institute for Global Change Research\",\"url\":\"https:\\\/\\\/iai.int\\\/es\\\/\",\"logo\":{\"@type\":\"ImageObject\",\"inLanguage\":\"es\",\"@id\":\"https:\\\/\\\/iai.int\\\/es\\\/#\\\/schema\\\/logo\\\/image\\\/\",\"url\":\"https:\\\/\\\/iai.int\\\/wp-content\\\/uploads\\\/2025\\\/11\\\/IAI-logo-English-scaled.png\",\"contentUrl\":\"https:\\\/\\\/iai.int\\\/wp-content\\\/uploads\\\/2025\\\/11\\\/IAI-logo-English-scaled.png\",\"width\":2560,\"height\":985,\"caption\":\"IAI - Inter-American Institute for Global Change Research\"},\"image\":{\"@id\":\"https:\\\/\\\/iai.int\\\/es\\\/#\\\/schema\\\/logo\\\/image\\\/\"}}]}<\/script>\n<!-- \/ Yoast SEO plugin. -->","yoast_head_json":{"title":"Inmovilidad en un clima cambiante (ITHACA) - IAI - Inter-American Institute for Global Change Research","robots":{"index":"index","follow":"follow","max-snippet":"max-snippet:-1","max-image-preview":"max-image-preview:large","max-video-preview":"max-video-preview:-1"},"canonical":"https:\/\/iai.int\/es\/inmovilidad-en-un-clima-cambiante-ithaca\/","og_locale":"es_ES","og_type":"article","og_title":"Inmovilidad en un clima cambiante (ITHACA) - IAI - Inter-American Institute for Global Change Research","og_description":"INFORMACI\u00d3N DEL PROYECTO Inmovilidad en un clima cambiante (ITHACA) Investigador principal (PI): Patricia Pinho, Instituto de Pesquisa Ambiental da Amazonia, Bras\u00edlia &#8211; DF, Brasil Correo electr\u00f3nico: patricia.pinho@ipam.org.br , Tel\u00e9fono: +55 11 94272-6826 Duraci\u00f3n y cantidad: (Abril 2023 &#8211; 2026) USD 150.000 Pa\u00edses participantes: Brasil, Ghana, Mozambique, Suecia y los Estados Unidos de Am\u00e9rica RESUMEN EJECUTIVO [&hellip;]","og_url":"https:\/\/iai.int\/es\/inmovilidad-en-un-clima-cambiante-ithaca\/","og_site_name":"IAI - Inter-American Institute for Global Change Research","article_modified_time":"2025-11-14T20:47:05+00:00","og_image":[{"width":1772,"height":551,"url":"https:\/\/iai.int\/wp-content\/uploads\/2025\/11\/sgp-2.jpg","type":"image\/jpeg"}],"twitter_card":"summary_large_image","twitter_misc":{"Tiempo de lectura":"2 minutos"},"schema":{"@context":"https:\/\/schema.org","@graph":[{"@type":"WebPage","@id":"https:\/\/iai.int\/es\/inmovilidad-en-un-clima-cambiante-ithaca\/","url":"https:\/\/iai.int\/es\/inmovilidad-en-un-clima-cambiante-ithaca\/","name":"Inmovilidad en un clima cambiante (ITHACA) - IAI - Inter-American Institute for Global Change Research","isPartOf":{"@id":"https:\/\/iai.int\/es\/#website"},"primaryImageOfPage":{"@id":"https:\/\/iai.int\/es\/inmovilidad-en-un-clima-cambiante-ithaca\/#primaryimage"},"image":{"@id":"https:\/\/iai.int\/es\/inmovilidad-en-un-clima-cambiante-ithaca\/#primaryimage"},"thumbnailUrl":"https:\/\/iai.int\/wp-content\/uploads\/2025\/11\/sgp-2.jpg","datePublished":"2024-09-22T16:34:09+00:00","dateModified":"2025-11-14T20:47:05+00:00","breadcrumb":{"@id":"https:\/\/iai.int\/es\/inmovilidad-en-un-clima-cambiante-ithaca\/#breadcrumb"},"inLanguage":"es","potentialAction":[{"@type":"ReadAction","target":["https:\/\/iai.int\/es\/inmovilidad-en-un-clima-cambiante-ithaca\/"]}]},{"@type":"ImageObject","inLanguage":"es","@id":"https:\/\/iai.int\/es\/inmovilidad-en-un-clima-cambiante-ithaca\/#primaryimage","url":"https:\/\/iai.int\/wp-content\/uploads\/2025\/11\/sgp-2.jpg","contentUrl":"https:\/\/iai.int\/wp-content\/uploads\/2025\/11\/sgp-2.jpg","width":1772,"height":551},{"@type":"BreadcrumbList","@id":"https:\/\/iai.int\/es\/inmovilidad-en-un-clima-cambiante-ithaca\/#breadcrumb","itemListElement":[{"@type":"ListItem","position":1,"name":"Portada","item":"https:\/\/iai.int\/es\/"},{"@type":"ListItem","position":2,"name":"Inmovilidad en un clima cambiante (ITHACA)"}]},{"@type":"WebSite","@id":"https:\/\/iai.int\/es\/#website","url":"https:\/\/iai.int\/es\/","name":"IAI - Inter-American Institute for Global Change Research","description":"","publisher":{"@id":"https:\/\/iai.int\/es\/#organization"},"potentialAction":[{"@type":"SearchAction","target":{"@type":"EntryPoint","urlTemplate":"https:\/\/iai.int\/es\/?s={search_term_string}"},"query-input":{"@type":"PropertyValueSpecification","valueRequired":true,"valueName":"search_term_string"}}],"inLanguage":"es"},{"@type":"Organization","@id":"https:\/\/iai.int\/es\/#organization","name":"IAI - Inter-American Institute for Global Change Research","url":"https:\/\/iai.int\/es\/","logo":{"@type":"ImageObject","inLanguage":"es","@id":"https:\/\/iai.int\/es\/#\/schema\/logo\/image\/","url":"https:\/\/iai.int\/wp-content\/uploads\/2025\/11\/IAI-logo-English-scaled.png","contentUrl":"https:\/\/iai.int\/wp-content\/uploads\/2025\/11\/IAI-logo-English-scaled.png","width":2560,"height":985,"caption":"IAI - Inter-American Institute for Global Change Research"},"image":{"@id":"https:\/\/iai.int\/es\/#\/schema\/logo\/image\/"}}]}},"uagb_featured_image_src":{"full":["https:\/\/iai.int\/wp-content\/uploads\/2025\/11\/sgp-2.jpg",1772,551,false],"thumbnail":["https:\/\/iai.int\/wp-content\/uploads\/2025\/11\/sgp-2-150x150.jpg",150,150,true],"medium":["https:\/\/iai.int\/wp-content\/uploads\/2025\/11\/sgp-2-300x93.jpg",300,93,true],"medium_large":["https:\/\/iai.int\/wp-content\/uploads\/2025\/11\/sgp-2-768x239.jpg",768,239,true],"large":["https:\/\/iai.int\/wp-content\/uploads\/2025\/11\/sgp-2-1024x318.jpg",800,248,true],"1536x1536":["https:\/\/iai.int\/wp-content\/uploads\/2025\/11\/sgp-2-1536x478.jpg",1536,478,true],"2048x2048":["https:\/\/iai.int\/wp-content\/uploads\/2025\/11\/sgp-2.jpg",1772,551,false]},"uagb_author_info":{"display_name":"admin","author_link":"https:\/\/iai.int\/es\/author\/admin\/"},"uagb_comment_info":0,"uagb_excerpt":"INFORMACI\u00d3N DEL PROYECTO Inmovilidad en un clima cambiante (ITHACA) Investigador principal (PI): Patricia Pinho, Instituto de Pesquisa Ambiental da Amazonia, Bras\u00edlia &#8211; DF, Brasil Correo electr\u00f3nico: patricia.pinho@ipam.org.br , Tel\u00e9fono: +55 11 94272-6826 Duraci\u00f3n y cantidad: (Abril 2023 &#8211; 2026) USD 150.000 Pa\u00edses participantes: Brasil, Ghana, Mozambique, Suecia y los Estados Unidos de Am\u00e9rica RESUMEN EJECUTIVO&hellip;","_links":{"self":[{"href":"https:\/\/iai.int\/es\/wp-json\/wp\/v2\/pages\/978","targetHints":{"allow":["GET"]}}],"collection":[{"href":"https:\/\/iai.int\/es\/wp-json\/wp\/v2\/pages"}],"about":[{"href":"https:\/\/iai.int\/es\/wp-json\/wp\/v2\/types\/page"}],"author":[{"embeddable":true,"href":"https:\/\/iai.int\/es\/wp-json\/wp\/v2\/users\/1"}],"replies":[{"embeddable":true,"href":"https:\/\/iai.int\/es\/wp-json\/wp\/v2\/comments?post=978"}],"version-history":[{"count":1,"href":"https:\/\/iai.int\/es\/wp-json\/wp\/v2\/pages\/978\/revisions"}],"predecessor-version":[{"id":979,"href":"https:\/\/iai.int\/es\/wp-json\/wp\/v2\/pages\/978\/revisions\/979"}],"wp:featuredmedia":[{"embeddable":true,"href":"https:\/\/iai.int\/es\/wp-json\/wp\/v2\/media\/11547"}],"wp:attachment":[{"href":"https:\/\/iai.int\/es\/wp-json\/wp\/v2\/media?parent=978"}],"curies":[{"name":"wp","href":"https:\/\/api.w.org\/{rel}","templated":true}]}}