{"id":964,"date":"2024-09-22T13:01:13","date_gmt":"2024-09-22T16:01:13","guid":{"rendered":"https:\/\/iai.int\/?page_id=964"},"modified":"2024-09-22T13:01:13","modified_gmt":"2024-09-22T16:01:13","slug":"cambio-climatico-y-biodiversidad-en-los-andes-tropicales","status":"publish","type":"page","link":"https:\/\/iai.int\/es\/cambio-climatico-y-biodiversidad-en-los-andes-tropicales\/","title":{"rendered":"Cambio clim\u00e1tico y biodiversidad en los Andes Tropicales"},"content":{"rendered":"\n<figure class=\"wp-block-image\"><a href=\"https:\/\/iai.int\/admin\/site\/sites\/default\/files\/CC_and_Biodiversity_in_the_Tropical_Andes_SP-1_0.jpg\" target=\"_blank\" rel=\"noreferrer noopener\"><img decoding=\"async\" src=\"https:\/\/iai.int\/admin\/site\/sites\/default\/files\/CC_and_Biodiversity_in_the_Tropical_Andes_SP-1.jpg\" alt=\"CC_and_Biodiversity_in_the_Tropical_Andes_SP-1\"\/><\/a><\/figure>\n\n\n\n<p>Con el auspicio de la John D. and Catherine T. MacArthur Foundation, el IAI ha realizado una evaluaci\u00f3n de dos a\u00f1os de duraci\u00f3n de las interacciones entre el cambio clim\u00e1tico y la biodiversidad en los Andes tropicales, y de las capacidades regionales para abordar cuestiones de investigaci\u00f3n, mitigaci\u00f3n y adaptaci\u00f3n. El libro que result\u00f3 de ella, co-producido con la Comisi\u00f3n Cient\u00edfica sobre Problemas del Ambiente (SCOPE) constituye la primera evaluaci\u00f3n exhaustiva de vanguardia de la regi\u00f3n.<\/p>\n\n\n\n<p>Los Andes tropicales son probablemente m\u00e1s ricos en biodiversidad que cualquier regi\u00f3n comparable del planeta: las interacciones entre especies que constituyen el diverso y maravilloso conjunto de ecosistemas del \u00e1rea deben por lo tanto ser aun m\u00e1s complejas que en cualquier otro lugar. Las especies del \u00e1rea est\u00e1n sometidas a una degradaci\u00f3n devastadora vinculada al crecimiento demogr\u00e1fico y sus consecuencias. Entre las m\u00e1s importantes se cuenta el cambio clim\u00e1tico, que es el tema de esta impactante publicaci\u00f3n. Los cambios en la temperatura se ver\u00e1n acompa\u00f1ados por grandes fluctuaciones y cambios duraderos en la distribuci\u00f3n y cantidad de precipitaci\u00f3n y la altura de las nubes en la regi\u00f3n.<\/p>\n\n\n\n<p>Este libro presenta la primera s\u00edntesis jam\u00e1s realizada de los patrones biogeogr\u00e1ficos as\u00ed como la primera evaluaci\u00f3n exhaustiva de c\u00f3mo se espera que el cambio clim\u00e1tico afecte la biodiversidad de los Andes tropicales. Las consecuencias que estos factores tendr\u00e1n en el planeamiento de la conservaci\u00f3n y las estrategias de adaptaci\u00f3n son tanto oportunas como de fundamental importancia. Todos los que quieran saber sobre la biodiversidad de la regi\u00f3n y su futuro encontrar\u00e1n en este libro un rico dep\u00f3sito de informaci\u00f3n de gran inter\u00e9s.<\/p>\n\n\n\n<p><strong>Bajar PDF&nbsp;<a href=\"https:\/\/iai.int\/admin\/site\/sites\/default\/files\/book.pdf\" target=\"_blank\" rel=\"noreferrer noopener\">(ingl\u00e9s)<\/a>&nbsp;<a href=\"https:\/\/iai.int\/admin\/site\/sites\/default\/files\/libro_completo.pdf\" target=\"_blank\" rel=\"noreferrer noopener\">(espa\u00f1ol)<\/a><\/strong><\/p>\n","protected":false},"excerpt":{"rendered":"<p>Con el auspicio de la John D. and Catherine T. MacArthur Foundation, el IAI ha realizado una evaluaci\u00f3n de dos a\u00f1os de duraci\u00f3n de las interacciones entre el cambio clim\u00e1tico y la biodiversidad en los Andes tropicales, y de las capacidades regionales para abordar cuestiones de investigaci\u00f3n, mitigaci\u00f3n y adaptaci\u00f3n. El libro que result\u00f3 de [&hellip;]<\/p>\n","protected":false},"author":1,"featured_media":0,"parent":0,"menu_order":0,"comment_status":"closed","ping_status":"closed","template":"","meta":{"_acf_changed":false,"_uag_custom_page_level_css":"","footnotes":""},"class_list":["post-964","page","type-page","status-publish","hentry"],"acf":[],"yoast_head":"<!-- This site is optimized with the Yoast SEO plugin v27.3 - https:\/\/yoast.com\/product\/yoast-seo-wordpress\/ -->\n<title>Cambio clim\u00e1tico y biodiversidad en los Andes Tropicales - IAI - Inter-American Institute for Global Change Research<\/title>\n<meta name=\"robots\" content=\"index, follow, max-snippet:-1, max-image-preview:large, max-video-preview:-1\" \/>\n<link rel=\"canonical\" href=\"https:\/\/iai.int\/es\/cambio-climatico-y-biodiversidad-en-los-andes-tropicales\/\" \/>\n<meta property=\"og:locale\" content=\"es_ES\" \/>\n<meta property=\"og:type\" content=\"article\" \/>\n<meta property=\"og:title\" content=\"Cambio clim\u00e1tico y biodiversidad en los Andes Tropicales - IAI - Inter-American Institute for Global Change Research\" \/>\n<meta property=\"og:description\" content=\"Con el auspicio de la John D. and Catherine T. MacArthur Foundation, el IAI ha realizado una evaluaci\u00f3n de dos a\u00f1os de duraci\u00f3n de las interacciones entre el cambio clim\u00e1tico y la biodiversidad en los Andes tropicales, y de las capacidades regionales para abordar cuestiones de investigaci\u00f3n, mitigaci\u00f3n y adaptaci\u00f3n. El libro que result\u00f3 de [&hellip;]\" \/>\n<meta property=\"og:url\" content=\"https:\/\/iai.int\/es\/cambio-climatico-y-biodiversidad-en-los-andes-tropicales\/\" \/>\n<meta property=\"og:site_name\" content=\"IAI - Inter-American Institute for Global Change Research\" \/>\n<meta property=\"og:image\" content=\"https:\/\/iai.int\/admin\/site\/sites\/default\/files\/CC_and_Biodiversity_in_the_Tropical_Andes_SP-1.jpg\" \/>\n<meta name=\"twitter:card\" content=\"summary_large_image\" \/>\n<meta name=\"twitter:label1\" content=\"Tiempo de lectura\" \/>\n\t<meta name=\"twitter:data1\" content=\"2 minutos\" \/>\n<script type=\"application\/ld+json\" class=\"yoast-schema-graph\">{\"@context\":\"https:\\\/\\\/schema.org\",\"@graph\":[{\"@type\":\"WebPage\",\"@id\":\"https:\\\/\\\/iai.int\\\/es\\\/cambio-climatico-y-biodiversidad-en-los-andes-tropicales\\\/\",\"url\":\"https:\\\/\\\/iai.int\\\/es\\\/cambio-climatico-y-biodiversidad-en-los-andes-tropicales\\\/\",\"name\":\"Cambio clim\u00e1tico y biodiversidad en los Andes Tropicales - IAI - Inter-American Institute for Global Change Research\",\"isPartOf\":{\"@id\":\"https:\\\/\\\/iai.int\\\/es\\\/#website\"},\"primaryImageOfPage\":{\"@id\":\"https:\\\/\\\/iai.int\\\/es\\\/cambio-climatico-y-biodiversidad-en-los-andes-tropicales\\\/#primaryimage\"},\"image\":{\"@id\":\"https:\\\/\\\/iai.int\\\/es\\\/cambio-climatico-y-biodiversidad-en-los-andes-tropicales\\\/#primaryimage\"},\"thumbnailUrl\":\"https:\\\/\\\/iai.int\\\/admin\\\/site\\\/sites\\\/default\\\/files\\\/CC_and_Biodiversity_in_the_Tropical_Andes_SP-1.jpg\",\"datePublished\":\"2024-09-22T16:01:13+00:00\",\"breadcrumb\":{\"@id\":\"https:\\\/\\\/iai.int\\\/es\\\/cambio-climatico-y-biodiversidad-en-los-andes-tropicales\\\/#breadcrumb\"},\"inLanguage\":\"es\",\"potentialAction\":[{\"@type\":\"ReadAction\",\"target\":[\"https:\\\/\\\/iai.int\\\/es\\\/cambio-climatico-y-biodiversidad-en-los-andes-tropicales\\\/\"]}]},{\"@type\":\"ImageObject\",\"inLanguage\":\"es\",\"@id\":\"https:\\\/\\\/iai.int\\\/es\\\/cambio-climatico-y-biodiversidad-en-los-andes-tropicales\\\/#primaryimage\",\"url\":\"https:\\\/\\\/iai.int\\\/admin\\\/site\\\/sites\\\/default\\\/files\\\/CC_and_Biodiversity_in_the_Tropical_Andes_SP-1.jpg\",\"contentUrl\":\"https:\\\/\\\/iai.int\\\/admin\\\/site\\\/sites\\\/default\\\/files\\\/CC_and_Biodiversity_in_the_Tropical_Andes_SP-1.jpg\"},{\"@type\":\"BreadcrumbList\",\"@id\":\"https:\\\/\\\/iai.int\\\/es\\\/cambio-climatico-y-biodiversidad-en-los-andes-tropicales\\\/#breadcrumb\",\"itemListElement\":[{\"@type\":\"ListItem\",\"position\":1,\"name\":\"Portada\",\"item\":\"https:\\\/\\\/iai.int\\\/es\\\/\"},{\"@type\":\"ListItem\",\"position\":2,\"name\":\"Cambio clim\u00e1tico y biodiversidad en los Andes Tropicales\"}]},{\"@type\":\"WebSite\",\"@id\":\"https:\\\/\\\/iai.int\\\/es\\\/#website\",\"url\":\"https:\\\/\\\/iai.int\\\/es\\\/\",\"name\":\"IAI - Inter-American Institute for Global Change Research\",\"description\":\"\",\"publisher\":{\"@id\":\"https:\\\/\\\/iai.int\\\/es\\\/#organization\"},\"potentialAction\":[{\"@type\":\"SearchAction\",\"target\":{\"@type\":\"EntryPoint\",\"urlTemplate\":\"https:\\\/\\\/iai.int\\\/es\\\/?s={search_term_string}\"},\"query-input\":{\"@type\":\"PropertyValueSpecification\",\"valueRequired\":true,\"valueName\":\"search_term_string\"}}],\"inLanguage\":\"es\"},{\"@type\":\"Organization\",\"@id\":\"https:\\\/\\\/iai.int\\\/es\\\/#organization\",\"name\":\"IAI - Inter-American Institute for Global Change Research\",\"url\":\"https:\\\/\\\/iai.int\\\/es\\\/\",\"logo\":{\"@type\":\"ImageObject\",\"inLanguage\":\"es\",\"@id\":\"https:\\\/\\\/iai.int\\\/es\\\/#\\\/schema\\\/logo\\\/image\\\/\",\"url\":\"https:\\\/\\\/iai.int\\\/wp-content\\\/uploads\\\/2025\\\/11\\\/IAI-logo-English-scaled.png\",\"contentUrl\":\"https:\\\/\\\/iai.int\\\/wp-content\\\/uploads\\\/2025\\\/11\\\/IAI-logo-English-scaled.png\",\"width\":2560,\"height\":985,\"caption\":\"IAI - Inter-American Institute for Global Change Research\"},\"image\":{\"@id\":\"https:\\\/\\\/iai.int\\\/es\\\/#\\\/schema\\\/logo\\\/image\\\/\"}}]}<\/script>\n<!-- \/ Yoast SEO plugin. -->","yoast_head_json":{"title":"Cambio clim\u00e1tico y biodiversidad en los Andes Tropicales - IAI - Inter-American Institute for Global Change Research","robots":{"index":"index","follow":"follow","max-snippet":"max-snippet:-1","max-image-preview":"max-image-preview:large","max-video-preview":"max-video-preview:-1"},"canonical":"https:\/\/iai.int\/es\/cambio-climatico-y-biodiversidad-en-los-andes-tropicales\/","og_locale":"es_ES","og_type":"article","og_title":"Cambio clim\u00e1tico y biodiversidad en los Andes Tropicales - IAI - Inter-American Institute for Global Change Research","og_description":"Con el auspicio de la John D. and Catherine T. MacArthur Foundation, el IAI ha realizado una evaluaci\u00f3n de dos a\u00f1os de duraci\u00f3n de las interacciones entre el cambio clim\u00e1tico y la biodiversidad en los Andes tropicales, y de las capacidades regionales para abordar cuestiones de investigaci\u00f3n, mitigaci\u00f3n y adaptaci\u00f3n. El libro que result\u00f3 de [&hellip;]","og_url":"https:\/\/iai.int\/es\/cambio-climatico-y-biodiversidad-en-los-andes-tropicales\/","og_site_name":"IAI - Inter-American Institute for Global Change Research","og_image":[{"url":"https:\/\/iai.int\/admin\/site\/sites\/default\/files\/CC_and_Biodiversity_in_the_Tropical_Andes_SP-1.jpg","type":"","width":"","height":""}],"twitter_card":"summary_large_image","twitter_misc":{"Tiempo de lectura":"2 minutos"},"schema":{"@context":"https:\/\/schema.org","@graph":[{"@type":"WebPage","@id":"https:\/\/iai.int\/es\/cambio-climatico-y-biodiversidad-en-los-andes-tropicales\/","url":"https:\/\/iai.int\/es\/cambio-climatico-y-biodiversidad-en-los-andes-tropicales\/","name":"Cambio clim\u00e1tico y biodiversidad en los Andes Tropicales - IAI - Inter-American Institute for Global Change Research","isPartOf":{"@id":"https:\/\/iai.int\/es\/#website"},"primaryImageOfPage":{"@id":"https:\/\/iai.int\/es\/cambio-climatico-y-biodiversidad-en-los-andes-tropicales\/#primaryimage"},"image":{"@id":"https:\/\/iai.int\/es\/cambio-climatico-y-biodiversidad-en-los-andes-tropicales\/#primaryimage"},"thumbnailUrl":"https:\/\/iai.int\/admin\/site\/sites\/default\/files\/CC_and_Biodiversity_in_the_Tropical_Andes_SP-1.jpg","datePublished":"2024-09-22T16:01:13+00:00","breadcrumb":{"@id":"https:\/\/iai.int\/es\/cambio-climatico-y-biodiversidad-en-los-andes-tropicales\/#breadcrumb"},"inLanguage":"es","potentialAction":[{"@type":"ReadAction","target":["https:\/\/iai.int\/es\/cambio-climatico-y-biodiversidad-en-los-andes-tropicales\/"]}]},{"@type":"ImageObject","inLanguage":"es","@id":"https:\/\/iai.int\/es\/cambio-climatico-y-biodiversidad-en-los-andes-tropicales\/#primaryimage","url":"https:\/\/iai.int\/admin\/site\/sites\/default\/files\/CC_and_Biodiversity_in_the_Tropical_Andes_SP-1.jpg","contentUrl":"https:\/\/iai.int\/admin\/site\/sites\/default\/files\/CC_and_Biodiversity_in_the_Tropical_Andes_SP-1.jpg"},{"@type":"BreadcrumbList","@id":"https:\/\/iai.int\/es\/cambio-climatico-y-biodiversidad-en-los-andes-tropicales\/#breadcrumb","itemListElement":[{"@type":"ListItem","position":1,"name":"Portada","item":"https:\/\/iai.int\/es\/"},{"@type":"ListItem","position":2,"name":"Cambio clim\u00e1tico y biodiversidad en los Andes Tropicales"}]},{"@type":"WebSite","@id":"https:\/\/iai.int\/es\/#website","url":"https:\/\/iai.int\/es\/","name":"IAI - Inter-American Institute for Global Change Research","description":"","publisher":{"@id":"https:\/\/iai.int\/es\/#organization"},"potentialAction":[{"@type":"SearchAction","target":{"@type":"EntryPoint","urlTemplate":"https:\/\/iai.int\/es\/?s={search_term_string}"},"query-input":{"@type":"PropertyValueSpecification","valueRequired":true,"valueName":"search_term_string"}}],"inLanguage":"es"},{"@type":"Organization","@id":"https:\/\/iai.int\/es\/#organization","name":"IAI - Inter-American Institute for Global Change Research","url":"https:\/\/iai.int\/es\/","logo":{"@type":"ImageObject","inLanguage":"es","@id":"https:\/\/iai.int\/es\/#\/schema\/logo\/image\/","url":"https:\/\/iai.int\/wp-content\/uploads\/2025\/11\/IAI-logo-English-scaled.png","contentUrl":"https:\/\/iai.int\/wp-content\/uploads\/2025\/11\/IAI-logo-English-scaled.png","width":2560,"height":985,"caption":"IAI - Inter-American Institute for Global Change Research"},"image":{"@id":"https:\/\/iai.int\/es\/#\/schema\/logo\/image\/"}}]}},"uagb_featured_image_src":{"full":false,"thumbnail":false,"medium":false,"medium_large":false,"large":false,"1536x1536":false,"2048x2048":false},"uagb_author_info":{"display_name":"admin","author_link":"https:\/\/iai.int\/es\/author\/admin\/"},"uagb_comment_info":0,"uagb_excerpt":"Con el auspicio de la John D. and Catherine T. MacArthur Foundation, el IAI ha realizado una evaluaci\u00f3n de dos a\u00f1os de duraci\u00f3n de las interacciones entre el cambio clim\u00e1tico y la biodiversidad en los Andes tropicales, y de las capacidades regionales para abordar cuestiones de investigaci\u00f3n, mitigaci\u00f3n y adaptaci\u00f3n. El libro que result\u00f3 de&hellip;","_links":{"self":[{"href":"https:\/\/iai.int\/es\/wp-json\/wp\/v2\/pages\/964","targetHints":{"allow":["GET"]}}],"collection":[{"href":"https:\/\/iai.int\/es\/wp-json\/wp\/v2\/pages"}],"about":[{"href":"https:\/\/iai.int\/es\/wp-json\/wp\/v2\/types\/page"}],"author":[{"embeddable":true,"href":"https:\/\/iai.int\/es\/wp-json\/wp\/v2\/users\/1"}],"replies":[{"embeddable":true,"href":"https:\/\/iai.int\/es\/wp-json\/wp\/v2\/comments?post=964"}],"version-history":[{"count":1,"href":"https:\/\/iai.int\/es\/wp-json\/wp\/v2\/pages\/964\/revisions"}],"predecessor-version":[{"id":965,"href":"https:\/\/iai.int\/es\/wp-json\/wp\/v2\/pages\/964\/revisions\/965"}],"wp:attachment":[{"href":"https:\/\/iai.int\/es\/wp-json\/wp\/v2\/media?parent=964"}],"curies":[{"name":"wp","href":"https:\/\/api.w.org\/{rel}","templated":true}]}}