{"id":9,"date":"2024-02-02T02:04:04","date_gmt":"2024-02-02T05:04:04","guid":{"rendered":"https:\/\/iai.int\/?page_id=9"},"modified":"2026-04-15T11:52:48","modified_gmt":"2026-04-15T16:52:48","slug":"home","status":"publish","type":"page","link":"https:\/\/iai.int\/es\/","title":{"rendered":"Inicio"},"content":{"rendered":"<p><!-- start Post Carousel -->\n\t\t<link id='owl-carousel-css' href='https:\/\/iai.int\/wp-content\/plugins\/unlimited-elements-for-elementor-premium\/assets_libraries\/owl-carousel-new\/assets\/owl.carousel.css' type='text\/css' rel='stylesheet' >\n\t\t<link id='lity-css' href='https:\/\/iai.int\/wp-content\/plugins\/unlimited-elements-for-elementor-premium\/assets_libraries\/lity\/lity.min.css' type='text\/css' rel='stylesheet' >\n<style>\/* widget: Post Carousel *\/\n#uc_post_carousel_elementor_0578eb73-wrapper\n{\n  min-height:1px;\n}\n#uc_post_carousel_elementor_0578eb73 *{\n  box-sizing:border-box;\n}\n#uc_post_carousel_elementor_0578eb73{\n  position:relative;\n}\n.uc_post_title{\n  font-size:21px;\n}\n#uc_post_carousel_elementor_0578eb73 .ue-item\n{\n  transition:0.3s;\n  position:relative;\n}\n#uc_post_carousel_elementor_0578eb73 .uc_image_carousel_placeholder\n{\n  position:relative;\n}\n#uc_post_carousel_elementor_0578eb73 .ue_pos_carousel_image_overlay\n{\n  position:absolute;\n  top:0;\n  bottom:0;\n  left:0;\n  right:0;\n  transition:0.3s;\n}\n#uc_post_carousel_elementor_0578eb73 .owl-stage{\n  display:flex;\n}\n#uc_post_carousel_elementor_0578eb73 .uc_image_carousel_container_holder{\n  display: flex;\n  flex-direction: column;\n  height: 100%;\n}\n#uc_post_carousel_elementor_0578eb73 .uc_image_carousel_content{\n  flex-grow: 1;\n  }\n#uc_post_carousel_elementor_0578eb73 .uc_carousel_item\n{\n  overflow:hidden;\n}\n#uc_post_carousel_elementor_0578eb73 .owl-nav .owl-prev{\n    position:absolute;\n    display:inline-block;\n    text-align:center;  \t\n}\n#uc_post_carousel_elementor_0578eb73 .owl-nav .owl-next{\n  position:absolute;\n  display:inline-block;\n  text-align:center;\n}\n#uc_post_carousel_elementor_0578eb73 .owl-dots {\noverflow:hidden;\ndisplay:none !important;\n}\n#uc_post_carousel_elementor_0578eb73 .owl-dot {\nborder-radius:50%;\ndisplay:inline-block;\n}\n#uc_post_carousel_elementor_0578eb73 .uc_more_btn{\n  display:inline-block;\n  text-align:center;\n  text-decoration:none;\n}  \n#uc_post_carousel_elementor_0578eb73 .uc_more_btn svg{\n  width:1em;\n  height:1em;\n}\n#uc_post_carousel_elementor_0578eb73 .uc_image_carousel_placeholder{\n  overflow:hidden;\n}\n#uc_post_carousel_elementor_0578eb73 .uc_image_carousel_placeholder img\n{\n  display:block;\n  width:100%;\n}\n#uc_post_carousel_elementor_0578eb73 .uc_image_carousel_content \n{\n  display:flex;\n  flex-direction:column;\n}\n\t#uc_post_carousel_elementor_0578eb73 .uc_image_carousel_content{\n     margin-left:20px;\n      margin-right:20px;\n      margin-top:-30px;\n      position:relative;\n    }\n#uc_post_carousel_elementor_0578eb73 .ue-meta-data\n{\n  display:flex;\n  flex-wrap: wrap;\n  line-height:1em;\n}\n#uc_post_carousel_elementor_0578eb73 .ue-grid-item-meta-data\n{\n      display:inline-flex;\n      align-items:center;\n}\n.ue-grid-item-meta-data\n{\n  font-size:12px;\n}\n#uc_post_carousel_elementor_0578eb73 .ue-grid-item-meta-data-icon\n{\n  line-height:1em;\n}\n#uc_post_carousel_elementor_0578eb73 .ue-grid-item-meta-data-icon svg\n{\n  width:1em;\n  height:1em;\n}\n#uc_post_carousel_elementor_0578eb73 .ue-debug-meta\n{\n  padding:10px;\n  border:1px solid red;\n  position:relative;\n  line-height:1.5em;\n  font-size:11px;\n  width:100%;\n}\n#uc_post_carousel_elementor_0578eb73 .ue-item a.ue-link-all-item\n{\n  position:absolute;\n  top:0;\n  right:0;\n  bottom:0;\n  left:0;\n  display:block;\n}\n<\/style>\n<p>            <img fetchpriority=\"high\" decoding=\"async\" src=\"http:\/\/iai.int\/wp-content\/uploads\/2025\/11\/DatosSatelitales.png\"  src=\"http:\/\/iai.int\/wp-content\/uploads\/2025\/11\/DatosSatelitales.png\" alt=\"DatosSatelitales\" width=\"1772\" height=\"551\"><br \/>\n    <a href=\"https:\/\/iai.int\/es\/datos-satelitales-para-monitorear-el-cambio-ambiental-global\/\" target=\"\"><\/a><br \/>\n            <img decoding=\"async\" src=\"http:\/\/iai.int\/wp-content\/uploads\/2025\/11\/SDC-5.png\"  src=\"http:\/\/iai.int\/wp-content\/uploads\/2025\/11\/SDC-5.png\" alt=\"SDC (5)\" width=\"1772\" height=\"551\"><br \/>\n    <a href=\"https:\/\/iai.int\/es\/ciencia-diplomacia-y-liderazgo-para-un-futuro-sostenible\/\" target=\"\"><\/a><br \/>\n            <img decoding=\"async\" src=\"http:\/\/iai.int\/wp-content\/uploads\/2026\/01\/BANNER-BOLETIN.png\"  src=\"http:\/\/iai.int\/wp-content\/uploads\/2026\/01\/BANNER-BOLETIN.png\" alt=\"BANNER BOLET\u00cdN\" width=\"1772\" height=\"551\"><br \/>\n    <a href=\"https:\/\/iai.int\/es\/boletin-diciembre-2025\/\" target=\"\"><\/a><br \/>\n<!-- end Post Carousel -->\t\t\t\t<\/p>\n<h5>Asociados del IAI<\/h5>\n<figure><img decoding=\"async\" src=\"http:\/\/iai.int\/wp-content\/uploads\/2025\/10\/2-5.png\" alt=\"2\" \/><\/figure>\n<figure><img decoding=\"async\" src=\"http:\/\/iai.int\/wp-content\/uploads\/2025\/10\/4-5.png\" alt=\"4\" \/><\/figure>\n<figure><img decoding=\"async\" src=\"http:\/\/iai.int\/wp-content\/uploads\/2025\/10\/9-5.png\" alt=\"9\" \/><\/figure>\n<figure><img decoding=\"async\" src=\"http:\/\/iai.int\/wp-content\/uploads\/2025\/10\/13-3.png\" alt=\"13\" \/><\/figure>\n<figure><img decoding=\"async\" src=\"http:\/\/iai.int\/wp-content\/uploads\/2025\/10\/12-4.png\" alt=\"12\" \/><\/figure>\n<figure><img decoding=\"async\" src=\"http:\/\/iai.int\/wp-content\/uploads\/2025\/10\/3-5.png\" alt=\"3\" \/><\/figure>\n<figure><img decoding=\"async\" src=\"http:\/\/iai.int\/wp-content\/uploads\/2025\/10\/7-5.png\" alt=\"7\" \/><\/figure>\n<figure><img decoding=\"async\" src=\"http:\/\/iai.int\/wp-content\/uploads\/2025\/10\/1-5.png\" alt=\"1\" \/><\/figure>\n<figure><img decoding=\"async\" src=\"http:\/\/iai.int\/wp-content\/uploads\/2025\/10\/5-5.png\" alt=\"5\" \/><\/figure>\n<figure><img decoding=\"async\" src=\"http:\/\/iai.int\/wp-content\/uploads\/2025\/10\/10-5.png\" alt=\"10\" \/><\/figure>\n<figure><img decoding=\"async\" src=\"http:\/\/iai.int\/wp-content\/uploads\/2025\/10\/6-5.png\" alt=\"6\" \/><\/figure>\n<figure><img decoding=\"async\" src=\"http:\/\/iai.int\/wp-content\/uploads\/2025\/10\/8-5.png\" alt=\"8\" \/><\/figure>\n<h5>\u00a1S\u00e9 parte de nuestra comunidad e impulsa la ciencia para la sociedad! <\/h5>\n<h4>Instituto Interamericano para la Investigaci\u00f3n del Cambio Global<\/h4>\n<p>Suscr\u00edbete al bolet\u00edn del Instituto Interamericano para la Investigaci\u00f3n del Cambio Global y mantente informado sobre investigaciones cient\u00edficas, oportunidades acad\u00e9micas y acciones regionales frente al cambio ambiental. \u00danete a una red comprometida con la sostenibilidad y la cooperaci\u00f3n interamericana.<\/p>\n<p><a href=\"https:\/\/www.youtube.com\/embed\/RKXOMJwv1eE?feature=oembed?playlist=RKXOMJwv1eE&amp;mute=0&amp;autoplay=0&amp;loop=no&amp;controls=0&amp;start=0&amp;end=\" aria-label=\"video-popup\"><br \/>\n\t\t\t<\/a><\/p>\n<h5>Reproducir video<\/h5>\n<p>\t\t\t\t\t\t\t\t\t\t\t\t\t\t\t<img loading=\"lazy\" decoding=\"async\" width=\"800\" height=\"308\" src=\"http:\/\/iai.int\/wp-content\/uploads\/2025\/10\/IAI-LOGO-NUEVO.2024-horizontal-blanco-1024x394.png\" alt=\"\" srcset=\"https:\/\/iai.int\/wp-content\/uploads\/2025\/10\/IAI-LOGO-NUEVO.2024-horizontal-blanco-1024x394.png 1024w, https:\/\/iai.int\/wp-content\/uploads\/2025\/10\/IAI-LOGO-NUEVO.2024-horizontal-blanco-300x115.png 300w, https:\/\/iai.int\/wp-content\/uploads\/2025\/10\/IAI-LOGO-NUEVO.2024-horizontal-blanco-768x295.png 768w, https:\/\/iai.int\/wp-content\/uploads\/2025\/10\/IAI-LOGO-NUEVO.2024-horizontal-blanco-1536x591.png 1536w, https:\/\/iai.int\/wp-content\/uploads\/2025\/10\/IAI-LOGO-NUEVO.2024-horizontal-blanco.png 1916w\" sizes=\"(max-width: 800px) 100vw, 800px\" \/>\t\t\t\t\t\t\t\t\t\t\t\t\t\t\t<\/p>\n<h5>Videos<\/h5>\n<p>\t\t\t\t\t\t\t<a href=\"http:\/\/iai.int\/wp-content\/uploads\/2025\/11\/Lanzamiento-del-curso-Avances-en-Investigacion-Transdisciplinaria.png\" data-elementor-open-lightbox=\"yes\" data-elementor-lightbox-slideshow=\"a2923d3\" data-elementor-lightbox-title=\"Lanzamiento del curso - Avances en Investigaci\u00f3n Transdisciplinaria\" data-e-action-hash=\"#elementor-action%3Aaction%3Dlightbox%26settings%3DeyJpZCI6MTA0MzgsInVybCI6Imh0dHA6XC9cL2lhaS5pbnRcL3dwLWNvbnRlbnRcL3VwbG9hZHNcLzIwMjVcLzExXC9MYW56YW1pZW50by1kZWwtY3Vyc28tQXZhbmNlcy1lbi1JbnZlc3RpZ2FjaW9uLVRyYW5zZGlzY2lwbGluYXJpYS5wbmciLCJzbGlkZXNob3ciOiJhMjkyM2QzIn0%3D\" data-elementor-lightbox-video=\"https:\/\/www.youtube.com\/embed\/LRhzy4cCWH8?feature=oembed&amp;autoplay=1&amp;rel=0&amp;controls=0\"><br \/>\n\t\t\t\t\t<svg aria-hidden=\"true\" viewBox=\"0 0 1000 1000\" xmlns=\"http:\/\/www.w3.org\/2000\/svg\"><path d=\"M838 162C746 71 633 25 500 25 371 25 258 71 163 162 71 254 25 367 25 500 25 633 71 746 163 837 254 929 367 979 500 979 633 979 746 933 838 837 929 746 975 633 975 500 975 367 929 254 838 162M808 192C892 279 933 379 933 500 933 621 892 725 808 808 725 892 621 938 500 938 379 938 279 896 196 808 113 725 67 621 67 500 67 379 108 279 196 192 279 108 383 62 500 62 621 62 721 108 808 192M438 392V642L642 517 438 392Z\"><\/path><\/svg>\t\t\t\t\tPlay<br \/>\n\t\t<\/a><br \/>\n\t\t\t\t\t\t\t<a href=\"http:\/\/iai.int\/wp-content\/uploads\/2025\/11\/webinario-Modelos-para-la-conservacion.png\" data-elementor-open-lightbox=\"yes\" data-elementor-lightbox-slideshow=\"a2923d3\" data-elementor-lightbox-title=\"webinario - Modelos para la conservaci\u00f3n\" data-e-action-hash=\"#elementor-action%3Aaction%3Dlightbox%26settings%3DeyJpZCI6MTA0NDIsInVybCI6Imh0dHA6XC9cL2lhaS5pbnRcL3dwLWNvbnRlbnRcL3VwbG9hZHNcLzIwMjVcLzExXC93ZWJpbmFyaW8tTW9kZWxvcy1wYXJhLWxhLWNvbnNlcnZhY2lvbi5wbmciLCJzbGlkZXNob3ciOiJhMjkyM2QzIn0%3D\" data-elementor-lightbox-video=\"https:\/\/www.youtube.com\/embed\/kKBruD6eckg?feature=oembed&amp;autoplay=1&amp;rel=0&amp;controls=0\"><br \/>\n\t\t\t\t\t<svg aria-hidden=\"true\" viewBox=\"0 0 1000 1000\" xmlns=\"http:\/\/www.w3.org\/2000\/svg\"><path d=\"M838 162C746 71 633 25 500 25 371 25 258 71 163 162 71 254 25 367 25 500 25 633 71 746 163 837 254 929 367 979 500 979 633 979 746 933 838 837 929 746 975 633 975 500 975 367 929 254 838 162M808 192C892 279 933 379 933 500 933 621 892 725 808 808 725 892 621 938 500 938 379 938 279 896 196 808 113 725 67 621 67 500 67 379 108 279 196 192 279 108 383 62 500 62 621 62 721 108 808 192M438 392V642L642 517 438 392Z\"><\/path><\/svg>\t\t\t\t\tPlay<br \/>\n\t\t<\/a><br \/>\n\t\t\t\t\t\t\t<a href=\"http:\/\/iai.int\/wp-content\/uploads\/2025\/11\/Fernando-Mendez-.jpg\" data-elementor-open-lightbox=\"yes\" data-elementor-lightbox-slideshow=\"a2923d3\" data-elementor-lightbox-title=\"Fernando M\u00e9ndez\" data-e-action-hash=\"#elementor-action%3Aaction%3Dlightbox%26settings%3DeyJpZCI6MTA0NTEsInVybCI6Imh0dHA6XC9cL2lhaS5pbnRcL3dwLWNvbnRlbnRcL3VwbG9hZHNcLzIwMjVcLzExXC9GZXJuYW5kby1NZW5kZXotLmpwZyIsInNsaWRlc2hvdyI6ImEyOTIzZDMifQ%3D%3D\" data-elementor-lightbox-video=\"https:\/\/www.youtube.com\/embed\/xQJYIaXUq8k?feature=oembed&amp;autoplay=1&amp;rel=0&amp;controls=0\"><br \/>\n\t\t\t\t\t<svg aria-hidden=\"true\" viewBox=\"0 0 1000 1000\" xmlns=\"http:\/\/www.w3.org\/2000\/svg\"><path d=\"M838 162C746 71 633 25 500 25 371 25 258 71 163 162 71 254 25 367 25 500 25 633 71 746 163 837 254 929 367 979 500 979 633 979 746 933 838 837 929 746 975 633 975 500 975 367 929 254 838 162M808 192C892 279 933 379 933 500 933 621 892 725 808 808 725 892 621 938 500 938 379 938 279 896 196 808 113 725 67 621 67 500 67 379 108 279 196 192 279 108 383 62 500 62 621 62 721 108 808 192M438 392V642L642 517 438 392Z\"><\/path><\/svg>\t\t\t\t\tPlay<br \/>\n\t\t<\/a><br \/>\n\t\t\t\t\t\t\t<a href=\"http:\/\/iai.int\/wp-content\/uploads\/2025\/11\/SP-DIPLOMACIA-.png\" data-elementor-open-lightbox=\"yes\" data-elementor-lightbox-slideshow=\"a2923d3\" data-elementor-lightbox-title=\"SP - DIPLOMACIA\" data-e-action-hash=\"#elementor-action%3Aaction%3Dlightbox%26settings%3DeyJpZCI6MTA0NDYsInVybCI6Imh0dHA6XC9cL2lhaS5pbnRcL3dwLWNvbnRlbnRcL3VwbG9hZHNcLzIwMjVcLzExXC9TUC1ESVBMT01BQ0lBLS5wbmciLCJzbGlkZXNob3ciOiJhMjkyM2QzIn0%3D\" data-elementor-lightbox-video=\"https:\/\/www.youtube.com\/embed\/XrlcQj3Ittg?feature=oembed&amp;autoplay=1&amp;rel=0&amp;controls=0\"><br \/>\n\t\t\t\t\t<svg aria-hidden=\"true\" viewBox=\"0 0 1000 1000\" xmlns=\"http:\/\/www.w3.org\/2000\/svg\"><path d=\"M838 162C746 71 633 25 500 25 371 25 258 71 163 162 71 254 25 367 25 500 25 633 71 746 163 837 254 929 367 979 500 979 633 979 746 933 838 837 929 746 975 633 975 500 975 367 929 254 838 162M808 192C892 279 933 379 933 500 933 621 892 725 808 808 725 892 621 938 500 938 379 938 279 896 196 808 113 725 67 621 67 500 67 379 108 279 196 192 279 108 383 62 500 62 621 62 721 108 808 192M438 392V642L642 517 438 392Z\"><\/path><\/svg>\t\t\t\t\tPlay<br \/>\n\t\t<\/a><br \/>\n\t\t\t\t\t\t\t<a href=\"http:\/\/iai.int\/wp-content\/uploads\/2025\/11\/Robinson-Zapata.jpg\" data-elementor-open-lightbox=\"yes\" data-elementor-lightbox-slideshow=\"a2923d3\" data-elementor-lightbox-title=\"Robinson Zapata\" data-e-action-hash=\"#elementor-action%3Aaction%3Dlightbox%26settings%3DeyJpZCI6MTA0NTUsInVybCI6Imh0dHA6XC9cL2lhaS5pbnRcL3dwLWNvbnRlbnRcL3VwbG9hZHNcLzIwMjVcLzExXC9Sb2JpbnNvbi1aYXBhdGEuanBnIiwic2xpZGVzaG93IjoiYTI5MjNkMyJ9\" data-elementor-lightbox-video=\"https:\/\/www.youtube.com\/embed\/i1N5_diVR4E?feature=oembed&amp;autoplay=1&amp;rel=0&amp;controls=0\"><br \/>\n\t\t\t\t\t<svg aria-hidden=\"true\" viewBox=\"0 0 1000 1000\" xmlns=\"http:\/\/www.w3.org\/2000\/svg\"><path d=\"M838 162C746 71 633 25 500 25 371 25 258 71 163 162 71 254 25 367 25 500 25 633 71 746 163 837 254 929 367 979 500 979 633 979 746 933 838 837 929 746 975 633 975 500 975 367 929 254 838 162M808 192C892 279 933 379 933 500 933 621 892 725 808 808 725 892 621 938 500 938 379 938 279 896 196 808 113 725 67 621 67 500 67 379 108 279 196 192 279 108 383 62 500 62 621 62 721 108 808 192M438 392V642L642 517 438 392Z\"><\/path><\/svg>\t\t\t\t\tPlay<br \/>\n\t\t<\/a><br \/>\n\t\t\t\t\t\t\t<svg aria-hidden=\"true\" viewBox=\"0 0 1000 1000\" xmlns=\"http:\/\/www.w3.org\/2000\/svg\"><path d=\"M646 125C629 125 613 133 604 142L308 442C296 454 292 471 292 487 292 504 296 521 308 533L604 854C617 867 629 875 646 875 663 875 679 871 692 858 704 846 713 829 713 812 713 796 708 779 692 767L438 487 692 225C700 217 708 204 708 187 708 171 704 154 692 142 675 129 663 125 646 125Z\"><\/path><\/svg><br \/>\n\t\t\t\t\t\t\t<svg aria-hidden=\"true\" viewBox=\"0 0 1000 1000\" xmlns=\"http:\/\/www.w3.org\/2000\/svg\"><path d=\"M696 533C708 521 713 504 713 487 713 471 708 454 696 446L400 146C388 133 375 125 354 125 338 125 325 129 313 142 300 154 292 171 292 187 292 204 296 221 308 233L563 492 304 771C292 783 288 800 288 817 288 833 296 850 308 863 321 871 338 875 354 875 371 875 388 867 400 854L696 533Z\"><\/path><\/svg><\/p>\n","protected":false},"excerpt":{"rendered":"<p>Asociados del IAI \u00a1S\u00e9 parte de nuestra comunidad e impulsa la ciencia para la sociedad! Instituto Interamericano para la Investigaci\u00f3n del Cambio Global Suscr\u00edbete al bolet\u00edn del Instituto Interamericano para la Investigaci\u00f3n del Cambio Global y mantente informado sobre investigaciones cient\u00edficas, oportunidades acad\u00e9micas y acciones regionales frente al cambio ambiental. \u00danete a una red comprometida [&hellip;]<\/p>\n","protected":false},"author":1,"featured_media":0,"parent":0,"menu_order":41,"comment_status":"closed","ping_status":"closed","template":"","meta":{"_acf_changed":false,"_uag_custom_page_level_css":"","footnotes":""},"class_list":["post-9","page","type-page","status-publish","hentry"],"acf":[],"yoast_head":"<!-- This site is optimized with the Yoast SEO plugin v27.3 - https:\/\/yoast.com\/product\/yoast-seo-wordpress\/ -->\n<title>Instituto Interamericano para la Investigaci\u00f3n del Cambio Global<\/title>\n<meta name=\"description\" content=\"Instituto Interamericano para la Investigaci\u00f3n del Cambio Global impulsa investigaci\u00f3n, cooperaci\u00f3n e innovaci\u00f3n cient\u00edfica en las Am\u00e9ricas.\" \/>\n<meta name=\"robots\" content=\"index, follow, max-snippet:-1, max-image-preview:large, max-video-preview:-1\" \/>\n<link rel=\"canonical\" href=\"https:\/\/iai.int\/es\/\" \/>\n<meta property=\"og:locale\" content=\"es_ES\" \/>\n<meta property=\"og:type\" content=\"article\" \/>\n<meta property=\"og:title\" content=\"Instituto Interamericano para la Investigaci\u00f3n del Cambio Global\" \/>\n<meta property=\"og:description\" content=\"Instituto Interamericano para la Investigaci\u00f3n del Cambio Global impulsa investigaci\u00f3n, cooperaci\u00f3n e innovaci\u00f3n cient\u00edfica en las Am\u00e9ricas.\" \/>\n<meta property=\"og:url\" content=\"https:\/\/iai.int\/es\/\" \/>\n<meta property=\"og:site_name\" content=\"IAI - Inter-American Institute for Global Change Research\" \/>\n<meta property=\"article:modified_time\" content=\"2026-04-15T16:52:48+00:00\" \/>\n<meta property=\"og:image\" content=\"http:\/\/iai.int\/wp-content\/uploads\/2025\/11\/DatosSatelitales.png\" \/>\n<meta name=\"twitter:card\" content=\"summary_large_image\" \/>\n<meta name=\"twitter:label1\" content=\"Tiempo de lectura\" \/>\n\t<meta name=\"twitter:data1\" content=\"4 minutos\" \/>\n<script type=\"application\/ld+json\" class=\"yoast-schema-graph\">{\"@context\":\"https:\\\/\\\/schema.org\",\"@graph\":[{\"@type\":\"WebPage\",\"@id\":\"https:\\\/\\\/iai.int\\\/es\\\/\",\"url\":\"https:\\\/\\\/iai.int\\\/es\\\/\",\"name\":\"Instituto Interamericano para la Investigaci\u00f3n del Cambio Global\",\"isPartOf\":{\"@id\":\"https:\\\/\\\/iai.int\\\/es\\\/#website\"},\"primaryImageOfPage\":{\"@id\":\"https:\\\/\\\/iai.int\\\/es\\\/#primaryimage\"},\"image\":{\"@id\":\"https:\\\/\\\/iai.int\\\/es\\\/#primaryimage\"},\"thumbnailUrl\":\"http:\\\/\\\/iai.int\\\/wp-content\\\/uploads\\\/2025\\\/11\\\/DatosSatelitales.png\",\"datePublished\":\"2024-02-02T05:04:04+00:00\",\"dateModified\":\"2026-04-15T16:52:48+00:00\",\"description\":\"Instituto Interamericano para la Investigaci\u00f3n del Cambio Global impulsa investigaci\u00f3n, cooperaci\u00f3n e innovaci\u00f3n cient\u00edfica en las Am\u00e9ricas.\",\"breadcrumb\":{\"@id\":\"https:\\\/\\\/iai.int\\\/es\\\/#breadcrumb\"},\"inLanguage\":\"es\",\"potentialAction\":[{\"@type\":\"ReadAction\",\"target\":[\"https:\\\/\\\/iai.int\\\/es\\\/\"]}]},{\"@type\":\"ImageObject\",\"inLanguage\":\"es\",\"@id\":\"https:\\\/\\\/iai.int\\\/es\\\/#primaryimage\",\"url\":\"http:\\\/\\\/iai.int\\\/wp-content\\\/uploads\\\/2025\\\/11\\\/DatosSatelitales.png\",\"contentUrl\":\"http:\\\/\\\/iai.int\\\/wp-content\\\/uploads\\\/2025\\\/11\\\/DatosSatelitales.png\"},{\"@type\":\"BreadcrumbList\",\"@id\":\"https:\\\/\\\/iai.int\\\/es\\\/#breadcrumb\",\"itemListElement\":[{\"@type\":\"ListItem\",\"position\":1,\"name\":\"Portada\",\"item\":\"https:\\\/\\\/iai.int\\\/es\\\/\"},{\"@type\":\"ListItem\",\"position\":2,\"name\":\"Inicio\"}]},{\"@type\":\"WebSite\",\"@id\":\"https:\\\/\\\/iai.int\\\/es\\\/#website\",\"url\":\"https:\\\/\\\/iai.int\\\/es\\\/\",\"name\":\"IAI - Inter-American Institute for Global Change Research\",\"description\":\"\",\"publisher\":{\"@id\":\"https:\\\/\\\/iai.int\\\/es\\\/#organization\"},\"potentialAction\":[{\"@type\":\"SearchAction\",\"target\":{\"@type\":\"EntryPoint\",\"urlTemplate\":\"https:\\\/\\\/iai.int\\\/es\\\/?s={search_term_string}\"},\"query-input\":{\"@type\":\"PropertyValueSpecification\",\"valueRequired\":true,\"valueName\":\"search_term_string\"}}],\"inLanguage\":\"es\"},{\"@type\":\"Organization\",\"@id\":\"https:\\\/\\\/iai.int\\\/es\\\/#organization\",\"name\":\"IAI - Inter-American Institute for Global Change Research\",\"url\":\"https:\\\/\\\/iai.int\\\/es\\\/\",\"logo\":{\"@type\":\"ImageObject\",\"inLanguage\":\"es\",\"@id\":\"https:\\\/\\\/iai.int\\\/es\\\/#\\\/schema\\\/logo\\\/image\\\/\",\"url\":\"https:\\\/\\\/iai.int\\\/wp-content\\\/uploads\\\/2025\\\/11\\\/IAI-logo-English-scaled.png\",\"contentUrl\":\"https:\\\/\\\/iai.int\\\/wp-content\\\/uploads\\\/2025\\\/11\\\/IAI-logo-English-scaled.png\",\"width\":2560,\"height\":985,\"caption\":\"IAI - Inter-American Institute for Global Change Research\"},\"image\":{\"@id\":\"https:\\\/\\\/iai.int\\\/es\\\/#\\\/schema\\\/logo\\\/image\\\/\"}}]}<\/script>\n<!-- \/ Yoast SEO plugin. -->","yoast_head_json":{"title":"Instituto Interamericano para la Investigaci\u00f3n del Cambio Global","description":"Instituto Interamericano para la Investigaci\u00f3n del Cambio Global impulsa investigaci\u00f3n, cooperaci\u00f3n e innovaci\u00f3n cient\u00edfica en las Am\u00e9ricas.","robots":{"index":"index","follow":"follow","max-snippet":"max-snippet:-1","max-image-preview":"max-image-preview:large","max-video-preview":"max-video-preview:-1"},"canonical":"https:\/\/iai.int\/es\/","og_locale":"es_ES","og_type":"article","og_title":"Instituto Interamericano para la Investigaci\u00f3n del Cambio Global","og_description":"Instituto Interamericano para la Investigaci\u00f3n del Cambio Global impulsa investigaci\u00f3n, cooperaci\u00f3n e innovaci\u00f3n cient\u00edfica en las Am\u00e9ricas.","og_url":"https:\/\/iai.int\/es\/","og_site_name":"IAI - Inter-American Institute for Global Change Research","article_modified_time":"2026-04-15T16:52:48+00:00","og_image":[{"url":"http:\/\/iai.int\/wp-content\/uploads\/2025\/11\/DatosSatelitales.png","type":"","width":"","height":""}],"twitter_card":"summary_large_image","twitter_misc":{"Tiempo de lectura":"4 minutos"},"schema":{"@context":"https:\/\/schema.org","@graph":[{"@type":"WebPage","@id":"https:\/\/iai.int\/es\/","url":"https:\/\/iai.int\/es\/","name":"Instituto Interamericano para la Investigaci\u00f3n del Cambio Global","isPartOf":{"@id":"https:\/\/iai.int\/es\/#website"},"primaryImageOfPage":{"@id":"https:\/\/iai.int\/es\/#primaryimage"},"image":{"@id":"https:\/\/iai.int\/es\/#primaryimage"},"thumbnailUrl":"http:\/\/iai.int\/wp-content\/uploads\/2025\/11\/DatosSatelitales.png","datePublished":"2024-02-02T05:04:04+00:00","dateModified":"2026-04-15T16:52:48+00:00","description":"Instituto Interamericano para la Investigaci\u00f3n del Cambio Global impulsa investigaci\u00f3n, cooperaci\u00f3n e innovaci\u00f3n cient\u00edfica en las Am\u00e9ricas.","breadcrumb":{"@id":"https:\/\/iai.int\/es\/#breadcrumb"},"inLanguage":"es","potentialAction":[{"@type":"ReadAction","target":["https:\/\/iai.int\/es\/"]}]},{"@type":"ImageObject","inLanguage":"es","@id":"https:\/\/iai.int\/es\/#primaryimage","url":"http:\/\/iai.int\/wp-content\/uploads\/2025\/11\/DatosSatelitales.png","contentUrl":"http:\/\/iai.int\/wp-content\/uploads\/2025\/11\/DatosSatelitales.png"},{"@type":"BreadcrumbList","@id":"https:\/\/iai.int\/es\/#breadcrumb","itemListElement":[{"@type":"ListItem","position":1,"name":"Portada","item":"https:\/\/iai.int\/es\/"},{"@type":"ListItem","position":2,"name":"Inicio"}]},{"@type":"WebSite","@id":"https:\/\/iai.int\/es\/#website","url":"https:\/\/iai.int\/es\/","name":"IAI - Inter-American Institute for Global Change Research","description":"","publisher":{"@id":"https:\/\/iai.int\/es\/#organization"},"potentialAction":[{"@type":"SearchAction","target":{"@type":"EntryPoint","urlTemplate":"https:\/\/iai.int\/es\/?s={search_term_string}"},"query-input":{"@type":"PropertyValueSpecification","valueRequired":true,"valueName":"search_term_string"}}],"inLanguage":"es"},{"@type":"Organization","@id":"https:\/\/iai.int\/es\/#organization","name":"IAI - Inter-American Institute for Global Change Research","url":"https:\/\/iai.int\/es\/","logo":{"@type":"ImageObject","inLanguage":"es","@id":"https:\/\/iai.int\/es\/#\/schema\/logo\/image\/","url":"https:\/\/iai.int\/wp-content\/uploads\/2025\/11\/IAI-logo-English-scaled.png","contentUrl":"https:\/\/iai.int\/wp-content\/uploads\/2025\/11\/IAI-logo-English-scaled.png","width":2560,"height":985,"caption":"IAI - Inter-American Institute for Global Change Research"},"image":{"@id":"https:\/\/iai.int\/es\/#\/schema\/logo\/image\/"}}]}},"uagb_featured_image_src":{"full":false,"thumbnail":false,"medium":false,"medium_large":false,"large":false,"1536x1536":false,"2048x2048":false},"uagb_author_info":{"display_name":"admin","author_link":"https:\/\/iai.int\/es\/author\/admin\/"},"uagb_comment_info":0,"uagb_excerpt":"Asociados del IAI \u00a1S\u00e9 parte de nuestra comunidad e impulsa la ciencia para la sociedad! Instituto Interamericano para la Investigaci\u00f3n del Cambio Global Suscr\u00edbete al bolet\u00edn del Instituto Interamericano para la Investigaci\u00f3n del Cambio Global y mantente informado sobre investigaciones cient\u00edficas, oportunidades acad\u00e9micas y acciones regionales frente al cambio ambiental. \u00danete a una red comprometida&hellip;","_links":{"self":[{"href":"https:\/\/iai.int\/es\/wp-json\/wp\/v2\/pages\/9","targetHints":{"allow":["GET"]}}],"collection":[{"href":"https:\/\/iai.int\/es\/wp-json\/wp\/v2\/pages"}],"about":[{"href":"https:\/\/iai.int\/es\/wp-json\/wp\/v2\/types\/page"}],"author":[{"embeddable":true,"href":"https:\/\/iai.int\/es\/wp-json\/wp\/v2\/users\/1"}],"replies":[{"embeddable":true,"href":"https:\/\/iai.int\/es\/wp-json\/wp\/v2\/comments?post=9"}],"version-history":[{"count":245,"href":"https:\/\/iai.int\/es\/wp-json\/wp\/v2\/pages\/9\/revisions"}],"predecessor-version":[{"id":14698,"href":"https:\/\/iai.int\/es\/wp-json\/wp\/v2\/pages\/9\/revisions\/14698"}],"wp:attachment":[{"href":"https:\/\/iai.int\/es\/wp-json\/wp\/v2\/media?parent=9"}],"curies":[{"name":"wp","href":"https:\/\/api.w.org\/{rel}","templated":true}]}}