{"id":887,"date":"2024-09-16T15:45:41","date_gmt":"2024-09-16T18:45:41","guid":{"rendered":"https:\/\/iai.int\/?page_id=887"},"modified":"2024-09-16T15:45:41","modified_gmt":"2024-09-16T18:45:41","slug":"el-cambio-climatico-la-variabilidad-oceanografica-y-las-pesquerias-artesanales-del-atlantico-sudoccidental-un-proyecto-de-dimensiones-humanas-del-crn2076-2076-hd","status":"publish","type":"page","link":"https:\/\/iai.int\/es\/el-cambio-climatico-la-variabilidad-oceanografica-y-las-pesquerias-artesanales-del-atlantico-sudoccidental-un-proyecto-de-dimensiones-humanas-del-crn2076-2076-hd\/","title":{"rendered":"El cambio clim\u00e1tico, la variabilidad oceanogr\u00e1fica y las pesquer\u00edas artesanales del Atl\u00e1ntico Sudoccidental (un proyecto de Dimensiones Humanas del CRN2076) ( 2076-HD)"},"content":{"rendered":"\n<p><img fetchpriority=\"high\" decoding=\"async\" alt=\"2076-hd\" height=\"171\" src=\"https:\/\/iai.int\/admin\/site\/sites\/default\/files\/uploads\/2014\/03\/2076-hd.jpg\" width=\"690\"><br><em>1 Pesca de camar\u00f3n rosado en el \u00e1rea estuarina de la Laguna Los Patos, RS, Brasil<br>2 Mujer seleccionando camar\u00f3n rosado (F. paulensis) luego de ser pescado artesanalmente en la Laguna Los Patos<br>3 Mercado de pescado t\u00edpico, cerca de las comunidades de pescadores de la Laguna Los Patos<\/em><\/p>\n\n\n\n<h3 class=\"wp-block-heading\">Informaci\u00f3n de proyecto<\/h3>\n\n\n\n<p><strong>Investigador principal:<\/strong><\/p>\n\n\n\n<p><em>Patr\u00edzia Raggi Abdallah \u2013 patrizia_AT_furg.br<br>Centro de Estudos em Economia e Meio Ambiente, Universidade Federal do Rio Grande (CEEMA-FURG), Brasil<\/em><\/p>\n\n\n\n<p><strong>Sitio web del proyecto:<\/strong><\/p>\n\n\n\n<p><a href=\"http:\/\/www.sacc-hd.furg.br\/\" target=\"_blank\" rel=\"noreferrer noopener\">http:\/\/www.sacc-hd.furg.br<\/a><\/p>\n\n\n\n<p><a href=\"https:\/\/iai.int\/es\/meetings\/detail\/climate-change-oceanographic-variability-and-the-artisinal-fisheries-in-the-south-west-atlantic-a-human-dimensions-project-in-crn-2076-2076-hd#summary\">Resumen ejecutivo<\/a>&nbsp;<a href=\"https:\/\/iai.int\/es\/meetings\/detail\/climate-change-oceanographic-variability-and-the-artisinal-fisheries-in-the-south-west-atlantic-a-human-dimensions-project-in-crn-2076-2076-hd#investigadores\">Investigadores<\/a><\/p>\n\n\n\n<h3 class=\"wp-block-heading\" id=\"summary\">Resumen ejecutivo<\/h3>\n\n\n\n<p>El cambio y la variabilidad del clima en los ambientes marinos y costeros plantean un riesgo a la producci\u00f3n pesquera y tiene un impacto econ\u00f3mico en las pesquer\u00edas. Las pesquer\u00edas de subsistencia y de peque\u00f1a escala son altamente dependientes de los recursos costeros y el&nbsp;<em>stock<\/em>. Por esta raz\u00f3n las comunidades de pescadores deben adaptarse con el fin de asegurarse un retorno econ\u00f3mico \u00f3ptimo. Este proyecto estudia los impactos en las pesquer\u00edas de camar\u00f3n en el estuario de la Laguna Los Patos en el sur de Brasil para construir sistemas pesqueros m\u00e1s adaptativos y menos vulnerable mediante el conocimiento de la vulnerabilidad social, la capacidad de adaptaci\u00f3n y los impactos socioecon\u00f3micos.<\/p>\n\n\n\n<p><strong>Objetivos<\/strong><br>Comprender los efectos de la variabilidad ambiental costera en las pesquer\u00edas de camar\u00f3n rosado (<em>Farfantepenaeus paulensis<\/em>) y en las comunidades de pescadores de la Laguna Los Patos en el sur de Brasil.<\/p>\n\n\n\n<p><strong>Primeros resultados<\/strong><br>El viento y las corrientes oce\u00e1nicas determinan la cantidad de camar\u00f3n rosado que pueden pescar los pescadores artesanales en la Laguna Los Patos. El desove de larvas de camar\u00f3n ocurre mar adentro y \u00e9stas son trasnportadas hacia la laguna por las corrientes oce\u00e1nicas. Las temporadas exitosas de captura tienen lugar cuando \u00e9stas suceden a \u00e9pocas de corrientes hacia tierra forzadas por vientos del sudoeste y un bajo caudal fluvial. Por el contrario, caudales grandes evitan el ingreso de larvas en la laguna, lo que provoca una ca\u00edda abrupta en la captura de camar\u00f3n. El Ni\u00f1o (ENSO) puede reforzar estas tendencias; ya que modifica la distribuci\u00f3n de las especies migratorias.<\/p>\n\n\n\n<p>Los pescadores perciben los efectos de los procesos ambientales como m\u00e1s intensos cuando est\u00e1n acoplados a pol\u00edticas inadecuadas, como una temporada fija de pesca del camar\u00f3n o la facilidad de acceso al cr\u00e9dito que lleva a la expansi\u00f3n insostenible de la flota pesquera. Las consecuencias no buscadas de estas pol\u00edticas, como el exceso de capacidad y la pesca insostenible, podr\u00edan minimizarse mediante una regulaci\u00f3n m\u00e1s flexible y una mejor comprensi\u00f3n de la interacci\u00f3n entre los procesos ambientales y los sociales.<\/p>\n\n\n\n<p>Se ha creado un proyecto conjunto con Rede CLIMA \u2013 INCT para Mudan\u00e7as Clim\u00e1ticas, Zonas Costeiras, una red brasile\u00f1a para el estudio del cambio clim\u00e1tico en las costas, dirigido a entender c\u00f3mo abordan los medios las cuestiones del cambio clim\u00e1tico en el contexto de lo ambientes costeros.<\/p>\n\n\n\n<p>el estudio ser\u00e1 particularmente \u00fatil para el manejo de las pesquer\u00edas de camar\u00f3n y los modelos de predicci\u00f3n de capturas bajo el cambio clim\u00e1tico.<\/p>\n\n\n\n<p><strong>Lista de publicaciones:<\/strong>&nbsp;<a href=\"http:\/\/sacc.coas.oregonstate.edu\/~sacc\/documents.php?ano=2014&amp;cat=Scientific_Articles\" target=\"_blank\" rel=\"noreferrer noopener\">http:\/\/sacc.coas.oregonstate.edu\/~sacc\/documents.php?ano=2014&amp;cat=Scientific_Articles<\/a><\/p>\n\n\n\n<h3 class=\"wp-block-heading\" id=\"investigadores\">Investigadores del projecto<\/h3>\n\n\n\n<p>Patr\u00edzia Raggi Abdallah \u2013&nbsp;<a href=\"mailto:patrizia@furg.br\">patrizia@furg.br<\/a><br>Centro de Estudos em Economia e Meio Ambiente, Universidade Federal do Rio Grande (CEEMA-FURG), Brasil<\/p>\n\n\n\n<p><strong>Co-Investigators<\/strong><br>Jorge Pablo Castello, Universidade Federal do Rio Grande, Brasil<br>Ussif Rashid Sumaila, University of British Columbia, Canad\u00e1<br>Denis Hellebrandt, University of East Anglia, Reino Unido<\/p>\n\n\n\n<p><strong>V\u00ednculos con otros proyectos del IAI<\/strong><br>Este proyecto es parte del<a href=\"http:\/\/iai.int\/es\/meetings\/detail\/crn2076\" target=\"_blank\" rel=\"noreferrer noopener\">&nbsp;CRN 2076<\/a><\/p>\n\n\n\n<p><a href=\"http:\/\/www.sacc-hd.furg.br\/\" target=\"_blank\" rel=\"noreferrer noopener\">Sitio web del proyecto<\/a><br><a href=\"https:\/\/iai.int\/admin\/site\/sites\/default\/files\/uploads\/2014\/03\/2076-hd.pdf\" target=\"_blank\" rel=\"noreferrer noopener\">Informaci\u00f3n en PDF (en ingl\u00e9s)<\/a><br>&nbsp;<\/p>\n\n\n\n<figure class=\"wp-block-image\"><img decoding=\"async\" src=\"https:\/\/platform-cdn.sharethis.com\/img\/facebook.svg\" alt=\"facebook sharing button\"\/><\/figure>\n\n\n\n<figure class=\"wp-block-image\"><img decoding=\"async\" src=\"https:\/\/platform-cdn.sharethis.com\/img\/twitter.svg\" alt=\"twitter sharing button\"\/><\/figure>\n\n\n\n<figure class=\"wp-block-image\"><img decoding=\"async\" src=\"https:\/\/platform-cdn.sharethis.com\/img\/email.svg\" alt=\"email sharing button\"\/><\/figure>\n\n\n\n<figure class=\"wp-block-image\"><img decoding=\"async\" src=\"https:\/\/platform-cdn.sharethis.com\/img\/linkedin.svg\" alt=\"linkedin sharing button\"\/><\/figure>\n","protected":false},"excerpt":{"rendered":"<p>1 Pesca de camar\u00f3n rosado en el \u00e1rea estuarina de la Laguna Los Patos, RS, Brasil2 Mujer seleccionando camar\u00f3n rosado (F. paulensis) luego de ser pescado artesanalmente en la Laguna Los Patos3 Mercado de pescado t\u00edpico, cerca de las comunidades de pescadores de la Laguna Los Patos Informaci\u00f3n de proyecto Investigador principal: Patr\u00edzia Raggi Abdallah [&hellip;]<\/p>\n","protected":false},"author":1,"featured_media":0,"parent":0,"menu_order":0,"comment_status":"closed","ping_status":"closed","template":"","meta":{"_acf_changed":false,"_uag_custom_page_level_css":"","footnotes":""},"class_list":["post-887","page","type-page","status-publish","hentry"],"acf":[],"yoast_head":"<!-- This site is optimized with the Yoast SEO plugin v27.3 - https:\/\/yoast.com\/product\/yoast-seo-wordpress\/ -->\n<title>El cambio clim\u00e1tico, la variabilidad oceanogr\u00e1fica y las pesquer\u00edas artesanales del Atl\u00e1ntico Sudoccidental (un proyecto de Dimensiones Humanas del CRN2076) ( 2076-HD) - IAI - Inter-American Institute for Global Change Research<\/title>\n<meta name=\"robots\" content=\"index, follow, max-snippet:-1, max-image-preview:large, max-video-preview:-1\" \/>\n<link rel=\"canonical\" href=\"https:\/\/iai.int\/es\/el-cambio-climatico-la-variabilidad-oceanografica-y-las-pesquerias-artesanales-del-atlantico-sudoccidental-un-proyecto-de-dimensiones-humanas-del-crn2076-2076-hd\/\" \/>\n<meta property=\"og:locale\" content=\"es_ES\" \/>\n<meta property=\"og:type\" content=\"article\" \/>\n<meta property=\"og:title\" content=\"El cambio clim\u00e1tico, la variabilidad oceanogr\u00e1fica y las pesquer\u00edas artesanales del Atl\u00e1ntico Sudoccidental (un proyecto de Dimensiones Humanas del CRN2076) ( 2076-HD) - IAI - Inter-American Institute for Global Change Research\" \/>\n<meta property=\"og:description\" content=\"1 Pesca de camar\u00f3n rosado en el \u00e1rea estuarina de la Laguna Los Patos, RS, Brasil2 Mujer seleccionando camar\u00f3n rosado (F. paulensis) luego de ser pescado artesanalmente en la Laguna Los Patos3 Mercado de pescado t\u00edpico, cerca de las comunidades de pescadores de la Laguna Los Patos Informaci\u00f3n de proyecto Investigador principal: Patr\u00edzia Raggi Abdallah [&hellip;]\" \/>\n<meta property=\"og:url\" content=\"https:\/\/iai.int\/es\/el-cambio-climatico-la-variabilidad-oceanografica-y-las-pesquerias-artesanales-del-atlantico-sudoccidental-un-proyecto-de-dimensiones-humanas-del-crn2076-2076-hd\/\" \/>\n<meta property=\"og:site_name\" content=\"IAI - Inter-American Institute for Global Change Research\" \/>\n<meta property=\"og:image\" content=\"https:\/\/iai.int\/admin\/site\/sites\/default\/files\/uploads\/2014\/03\/2076-hd.jpg\" \/>\n<meta name=\"twitter:card\" content=\"summary_large_image\" \/>\n<meta name=\"twitter:label1\" content=\"Tiempo de lectura\" \/>\n\t<meta name=\"twitter:data1\" content=\"3 minutos\" \/>\n<script type=\"application\/ld+json\" class=\"yoast-schema-graph\">{\"@context\":\"https:\\\/\\\/schema.org\",\"@graph\":[{\"@type\":\"WebPage\",\"@id\":\"https:\\\/\\\/iai.int\\\/es\\\/el-cambio-climatico-la-variabilidad-oceanografica-y-las-pesquerias-artesanales-del-atlantico-sudoccidental-un-proyecto-de-dimensiones-humanas-del-crn2076-2076-hd\\\/\",\"url\":\"https:\\\/\\\/iai.int\\\/es\\\/el-cambio-climatico-la-variabilidad-oceanografica-y-las-pesquerias-artesanales-del-atlantico-sudoccidental-un-proyecto-de-dimensiones-humanas-del-crn2076-2076-hd\\\/\",\"name\":\"El cambio clim\u00e1tico, la variabilidad oceanogr\u00e1fica y las pesquer\u00edas artesanales del Atl\u00e1ntico Sudoccidental (un proyecto de Dimensiones Humanas del CRN2076) ( 2076-HD) - IAI - Inter-American Institute for Global Change Research\",\"isPartOf\":{\"@id\":\"https:\\\/\\\/iai.int\\\/es\\\/#website\"},\"primaryImageOfPage\":{\"@id\":\"https:\\\/\\\/iai.int\\\/es\\\/el-cambio-climatico-la-variabilidad-oceanografica-y-las-pesquerias-artesanales-del-atlantico-sudoccidental-un-proyecto-de-dimensiones-humanas-del-crn2076-2076-hd\\\/#primaryimage\"},\"image\":{\"@id\":\"https:\\\/\\\/iai.int\\\/es\\\/el-cambio-climatico-la-variabilidad-oceanografica-y-las-pesquerias-artesanales-del-atlantico-sudoccidental-un-proyecto-de-dimensiones-humanas-del-crn2076-2076-hd\\\/#primaryimage\"},\"thumbnailUrl\":\"https:\\\/\\\/iai.int\\\/admin\\\/site\\\/sites\\\/default\\\/files\\\/uploads\\\/2014\\\/03\\\/2076-hd.jpg\",\"datePublished\":\"2024-09-16T18:45:41+00:00\",\"breadcrumb\":{\"@id\":\"https:\\\/\\\/iai.int\\\/es\\\/el-cambio-climatico-la-variabilidad-oceanografica-y-las-pesquerias-artesanales-del-atlantico-sudoccidental-un-proyecto-de-dimensiones-humanas-del-crn2076-2076-hd\\\/#breadcrumb\"},\"inLanguage\":\"es\",\"potentialAction\":[{\"@type\":\"ReadAction\",\"target\":[\"https:\\\/\\\/iai.int\\\/es\\\/el-cambio-climatico-la-variabilidad-oceanografica-y-las-pesquerias-artesanales-del-atlantico-sudoccidental-un-proyecto-de-dimensiones-humanas-del-crn2076-2076-hd\\\/\"]}]},{\"@type\":\"ImageObject\",\"inLanguage\":\"es\",\"@id\":\"https:\\\/\\\/iai.int\\\/es\\\/el-cambio-climatico-la-variabilidad-oceanografica-y-las-pesquerias-artesanales-del-atlantico-sudoccidental-un-proyecto-de-dimensiones-humanas-del-crn2076-2076-hd\\\/#primaryimage\",\"url\":\"https:\\\/\\\/iai.int\\\/admin\\\/site\\\/sites\\\/default\\\/files\\\/uploads\\\/2014\\\/03\\\/2076-hd.jpg\",\"contentUrl\":\"https:\\\/\\\/iai.int\\\/admin\\\/site\\\/sites\\\/default\\\/files\\\/uploads\\\/2014\\\/03\\\/2076-hd.jpg\"},{\"@type\":\"BreadcrumbList\",\"@id\":\"https:\\\/\\\/iai.int\\\/es\\\/el-cambio-climatico-la-variabilidad-oceanografica-y-las-pesquerias-artesanales-del-atlantico-sudoccidental-un-proyecto-de-dimensiones-humanas-del-crn2076-2076-hd\\\/#breadcrumb\",\"itemListElement\":[{\"@type\":\"ListItem\",\"position\":1,\"name\":\"Portada\",\"item\":\"https:\\\/\\\/iai.int\\\/es\\\/\"},{\"@type\":\"ListItem\",\"position\":2,\"name\":\"El cambio clim\u00e1tico, la variabilidad oceanogr\u00e1fica y las pesquer\u00edas artesanales del Atl\u00e1ntico Sudoccidental (un proyecto de Dimensiones Humanas del CRN2076) ( 2076-HD)\"}]},{\"@type\":\"WebSite\",\"@id\":\"https:\\\/\\\/iai.int\\\/es\\\/#website\",\"url\":\"https:\\\/\\\/iai.int\\\/es\\\/\",\"name\":\"IAI - Inter-American Institute for Global Change Research\",\"description\":\"\",\"publisher\":{\"@id\":\"https:\\\/\\\/iai.int\\\/es\\\/#organization\"},\"potentialAction\":[{\"@type\":\"SearchAction\",\"target\":{\"@type\":\"EntryPoint\",\"urlTemplate\":\"https:\\\/\\\/iai.int\\\/es\\\/?s={search_term_string}\"},\"query-input\":{\"@type\":\"PropertyValueSpecification\",\"valueRequired\":true,\"valueName\":\"search_term_string\"}}],\"inLanguage\":\"es\"},{\"@type\":\"Organization\",\"@id\":\"https:\\\/\\\/iai.int\\\/es\\\/#organization\",\"name\":\"IAI - Inter-American Institute for Global Change Research\",\"url\":\"https:\\\/\\\/iai.int\\\/es\\\/\",\"logo\":{\"@type\":\"ImageObject\",\"inLanguage\":\"es\",\"@id\":\"https:\\\/\\\/iai.int\\\/es\\\/#\\\/schema\\\/logo\\\/image\\\/\",\"url\":\"https:\\\/\\\/iai.int\\\/wp-content\\\/uploads\\\/2025\\\/11\\\/IAI-logo-English-scaled.png\",\"contentUrl\":\"https:\\\/\\\/iai.int\\\/wp-content\\\/uploads\\\/2025\\\/11\\\/IAI-logo-English-scaled.png\",\"width\":2560,\"height\":985,\"caption\":\"IAI - Inter-American Institute for Global Change Research\"},\"image\":{\"@id\":\"https:\\\/\\\/iai.int\\\/es\\\/#\\\/schema\\\/logo\\\/image\\\/\"}}]}<\/script>\n<!-- \/ Yoast SEO plugin. -->","yoast_head_json":{"title":"El cambio clim\u00e1tico, la variabilidad oceanogr\u00e1fica y las pesquer\u00edas artesanales del Atl\u00e1ntico Sudoccidental (un proyecto de Dimensiones Humanas del CRN2076) ( 2076-HD) - IAI - Inter-American Institute for Global Change Research","robots":{"index":"index","follow":"follow","max-snippet":"max-snippet:-1","max-image-preview":"max-image-preview:large","max-video-preview":"max-video-preview:-1"},"canonical":"https:\/\/iai.int\/es\/el-cambio-climatico-la-variabilidad-oceanografica-y-las-pesquerias-artesanales-del-atlantico-sudoccidental-un-proyecto-de-dimensiones-humanas-del-crn2076-2076-hd\/","og_locale":"es_ES","og_type":"article","og_title":"El cambio clim\u00e1tico, la variabilidad oceanogr\u00e1fica y las pesquer\u00edas artesanales del Atl\u00e1ntico Sudoccidental (un proyecto de Dimensiones Humanas del CRN2076) ( 2076-HD) - IAI - Inter-American Institute for Global Change Research","og_description":"1 Pesca de camar\u00f3n rosado en el \u00e1rea estuarina de la Laguna Los Patos, RS, Brasil2 Mujer seleccionando camar\u00f3n rosado (F. paulensis) luego de ser pescado artesanalmente en la Laguna Los Patos3 Mercado de pescado t\u00edpico, cerca de las comunidades de pescadores de la Laguna Los Patos Informaci\u00f3n de proyecto Investigador principal: Patr\u00edzia Raggi Abdallah [&hellip;]","og_url":"https:\/\/iai.int\/es\/el-cambio-climatico-la-variabilidad-oceanografica-y-las-pesquerias-artesanales-del-atlantico-sudoccidental-un-proyecto-de-dimensiones-humanas-del-crn2076-2076-hd\/","og_site_name":"IAI - Inter-American Institute for Global Change Research","og_image":[{"url":"https:\/\/iai.int\/admin\/site\/sites\/default\/files\/uploads\/2014\/03\/2076-hd.jpg","type":"","width":"","height":""}],"twitter_card":"summary_large_image","twitter_misc":{"Tiempo de lectura":"3 minutos"},"schema":{"@context":"https:\/\/schema.org","@graph":[{"@type":"WebPage","@id":"https:\/\/iai.int\/es\/el-cambio-climatico-la-variabilidad-oceanografica-y-las-pesquerias-artesanales-del-atlantico-sudoccidental-un-proyecto-de-dimensiones-humanas-del-crn2076-2076-hd\/","url":"https:\/\/iai.int\/es\/el-cambio-climatico-la-variabilidad-oceanografica-y-las-pesquerias-artesanales-del-atlantico-sudoccidental-un-proyecto-de-dimensiones-humanas-del-crn2076-2076-hd\/","name":"El cambio clim\u00e1tico, la variabilidad oceanogr\u00e1fica y las pesquer\u00edas artesanales del Atl\u00e1ntico Sudoccidental (un proyecto de Dimensiones Humanas del CRN2076) ( 2076-HD) - IAI - Inter-American Institute for Global Change Research","isPartOf":{"@id":"https:\/\/iai.int\/es\/#website"},"primaryImageOfPage":{"@id":"https:\/\/iai.int\/es\/el-cambio-climatico-la-variabilidad-oceanografica-y-las-pesquerias-artesanales-del-atlantico-sudoccidental-un-proyecto-de-dimensiones-humanas-del-crn2076-2076-hd\/#primaryimage"},"image":{"@id":"https:\/\/iai.int\/es\/el-cambio-climatico-la-variabilidad-oceanografica-y-las-pesquerias-artesanales-del-atlantico-sudoccidental-un-proyecto-de-dimensiones-humanas-del-crn2076-2076-hd\/#primaryimage"},"thumbnailUrl":"https:\/\/iai.int\/admin\/site\/sites\/default\/files\/uploads\/2014\/03\/2076-hd.jpg","datePublished":"2024-09-16T18:45:41+00:00","breadcrumb":{"@id":"https:\/\/iai.int\/es\/el-cambio-climatico-la-variabilidad-oceanografica-y-las-pesquerias-artesanales-del-atlantico-sudoccidental-un-proyecto-de-dimensiones-humanas-del-crn2076-2076-hd\/#breadcrumb"},"inLanguage":"es","potentialAction":[{"@type":"ReadAction","target":["https:\/\/iai.int\/es\/el-cambio-climatico-la-variabilidad-oceanografica-y-las-pesquerias-artesanales-del-atlantico-sudoccidental-un-proyecto-de-dimensiones-humanas-del-crn2076-2076-hd\/"]}]},{"@type":"ImageObject","inLanguage":"es","@id":"https:\/\/iai.int\/es\/el-cambio-climatico-la-variabilidad-oceanografica-y-las-pesquerias-artesanales-del-atlantico-sudoccidental-un-proyecto-de-dimensiones-humanas-del-crn2076-2076-hd\/#primaryimage","url":"https:\/\/iai.int\/admin\/site\/sites\/default\/files\/uploads\/2014\/03\/2076-hd.jpg","contentUrl":"https:\/\/iai.int\/admin\/site\/sites\/default\/files\/uploads\/2014\/03\/2076-hd.jpg"},{"@type":"BreadcrumbList","@id":"https:\/\/iai.int\/es\/el-cambio-climatico-la-variabilidad-oceanografica-y-las-pesquerias-artesanales-del-atlantico-sudoccidental-un-proyecto-de-dimensiones-humanas-del-crn2076-2076-hd\/#breadcrumb","itemListElement":[{"@type":"ListItem","position":1,"name":"Portada","item":"https:\/\/iai.int\/es\/"},{"@type":"ListItem","position":2,"name":"El cambio clim\u00e1tico, la variabilidad oceanogr\u00e1fica y las pesquer\u00edas artesanales del Atl\u00e1ntico Sudoccidental (un proyecto de Dimensiones Humanas del CRN2076) ( 2076-HD)"}]},{"@type":"WebSite","@id":"https:\/\/iai.int\/es\/#website","url":"https:\/\/iai.int\/es\/","name":"IAI - Inter-American Institute for Global Change Research","description":"","publisher":{"@id":"https:\/\/iai.int\/es\/#organization"},"potentialAction":[{"@type":"SearchAction","target":{"@type":"EntryPoint","urlTemplate":"https:\/\/iai.int\/es\/?s={search_term_string}"},"query-input":{"@type":"PropertyValueSpecification","valueRequired":true,"valueName":"search_term_string"}}],"inLanguage":"es"},{"@type":"Organization","@id":"https:\/\/iai.int\/es\/#organization","name":"IAI - Inter-American Institute for Global Change Research","url":"https:\/\/iai.int\/es\/","logo":{"@type":"ImageObject","inLanguage":"es","@id":"https:\/\/iai.int\/es\/#\/schema\/logo\/image\/","url":"https:\/\/iai.int\/wp-content\/uploads\/2025\/11\/IAI-logo-English-scaled.png","contentUrl":"https:\/\/iai.int\/wp-content\/uploads\/2025\/11\/IAI-logo-English-scaled.png","width":2560,"height":985,"caption":"IAI - Inter-American Institute for Global Change Research"},"image":{"@id":"https:\/\/iai.int\/es\/#\/schema\/logo\/image\/"}}]}},"uagb_featured_image_src":{"full":false,"thumbnail":false,"medium":false,"medium_large":false,"large":false,"1536x1536":false,"2048x2048":false},"uagb_author_info":{"display_name":"admin","author_link":"https:\/\/iai.int\/es\/author\/admin\/"},"uagb_comment_info":0,"uagb_excerpt":"1 Pesca de camar\u00f3n rosado en el \u00e1rea estuarina de la Laguna Los Patos, RS, Brasil2 Mujer seleccionando camar\u00f3n rosado (F. paulensis) luego de ser pescado artesanalmente en la Laguna Los Patos3 Mercado de pescado t\u00edpico, cerca de las comunidades de pescadores de la Laguna Los Patos Informaci\u00f3n de proyecto Investigador principal: Patr\u00edzia Raggi Abdallah&hellip;","_links":{"self":[{"href":"https:\/\/iai.int\/es\/wp-json\/wp\/v2\/pages\/887","targetHints":{"allow":["GET"]}}],"collection":[{"href":"https:\/\/iai.int\/es\/wp-json\/wp\/v2\/pages"}],"about":[{"href":"https:\/\/iai.int\/es\/wp-json\/wp\/v2\/types\/page"}],"author":[{"embeddable":true,"href":"https:\/\/iai.int\/es\/wp-json\/wp\/v2\/users\/1"}],"replies":[{"embeddable":true,"href":"https:\/\/iai.int\/es\/wp-json\/wp\/v2\/comments?post=887"}],"version-history":[{"count":1,"href":"https:\/\/iai.int\/es\/wp-json\/wp\/v2\/pages\/887\/revisions"}],"predecessor-version":[{"id":888,"href":"https:\/\/iai.int\/es\/wp-json\/wp\/v2\/pages\/887\/revisions\/888"}],"wp:attachment":[{"href":"https:\/\/iai.int\/es\/wp-json\/wp\/v2\/media?parent=887"}],"curies":[{"name":"wp","href":"https:\/\/api.w.org\/{rel}","templated":true}]}}