{"id":884,"date":"2024-09-16T15:44:01","date_gmt":"2024-09-16T18:44:01","guid":{"rendered":"https:\/\/iai.int\/?page_id=884"},"modified":"2024-09-16T15:44:01","modified_gmt":"2024-09-16T18:44:01","slug":"sistema-de-apoyo-a-las-decisiones-para-la-reduccion-de-riesgos-en-la-agricultura-fase-ii-dss-para-la-soja-en-el-este-de-paraguay-y-en-rio-grande-do-sul-sgp-hd-014","status":"publish","type":"page","link":"https:\/\/iai.int\/es\/sistema-de-apoyo-a-las-decisiones-para-la-reduccion-de-riesgos-en-la-agricultura-fase-ii-dss-para-la-soja-en-el-este-de-paraguay-y-en-rio-grande-do-sul-sgp-hd-014\/","title":{"rendered":"Sistema de apoyo a las decisiones para la reducci\u00f3n de riesgos en la agricultura Fase II: DSS para la soja en el este de Paraguay y en Rio Grande do Sul (SGP-HD 014)"},"content":{"rendered":"\n<p><img fetchpriority=\"high\" decoding=\"async\" alt=\"SGP-HD_14\" height=\"171\" src=\"https:\/\/iai.int\/admin\/site\/sites\/default\/files\/uploads\/2014\/03\/SGP-HD_14.jpg\" width=\"690\"><br><em>1 Soja plantada utilizando el m\u00e9todo de siembra directa en Rio Grande do Sul, Brasil<br>2 Campo de cultivos de grano en Rio Grande do Sul, Brasil<br>3 Julian Baez habla con miembros de la C\u00e1mara Paraguaya de Exportadores de Cereales y Oleaginosas (CAPECO), Paraguay<\/em><\/p>\n\n\n\n<h3 class=\"wp-block-heading\">Informaci\u00f3n de proyecto<\/h3>\n\n\n\n<p><strong>Investigador principal:<\/strong><\/p>\n\n\n\n<p><em>Clyde Fraisse<\/em>&nbsp;(<a href=\"mailto:cfraisse@ufl.edu\">cfraisse@ufl.edu<\/a>)<br>University of Florida \u2013 Agricultural and Biological Engineering Department (EE.UU.)<\/p>\n\n\n\n<p><a href=\"https:\/\/iai.int\/es\/meetings\/detail\/sgp-hd-014#summary\">Resumen ejecutivo<\/a>&nbsp;<a href=\"https:\/\/iai.int\/es\/meetings\/detail\/sgp-hd-014#investigadores\">Investigadores<\/a><\/p>\n\n\n\n<h3 class=\"wp-block-heading\" id=\"summary\">Resumen ejecutivo<\/h3>\n\n\n\n<p>La variabilidad clim\u00e1tica, en particular la falta o exceso de precipitaci\u00f3n, es un riesgo importante para la producci\u00f3n agr\u00edcola. El Ni\u00f1o Oscilaci\u00f3n del Sur (ENOS) es el impulsor m\u00e1s fuerte que se conozca de la variabilidad clim\u00e1tica interanual. Las fases del ENOS se caracterizan por anomal\u00edas en la temperatura de la superficie del mar en el Oc\u00e9ano Pac\u00edfico Oriental ecuatorial. Cuando la temperatura de la superficie del mar es mayor que lo normal, el fen\u00f3meno se denomina El Ni\u00f1o, mientras que La Ni\u00f1a tiene temperaturas menores que las normales. El Ni\u00f1o provoca exceso de precipitaci\u00f3n en la regi\u00f3n subtropical del sudeste de Am\u00e9rica del Sur, La Ni\u00f1a reduce la precipitaci\u00f3n en el sur de Brasil, en el este de Paraguay y el centro de Argentina.<\/p>\n\n\n\n<p><strong>Objetivo<\/strong><br>Reducir los riesgos a la producci\u00f3n asociados con la variabilidad clim\u00e1tica<\/p>\n\n\n\n<p><strong>Resultados<\/strong><br>Se introdujo a los productores de Paraguay y Brasil en el uso de los pron\u00f3sticos clim\u00e1ticos estacionales.<\/p>\n\n\n\n<p>Se utiliz\u00f3 un modelo de crecimiento de cultivos para evaluar las opciones de manejo adaptativo (ej., la siembra de diferentes variedades de soja, la variaci\u00f3n de fechas de siembra) bajo diferentes escenarios de ENOS. Se elaboraron estrategias para la comunicaci\u00f3n de riesgos, incluyendo un sistema de informaci\u00f3n clim\u00e1tica basado en internet. Los productores de soja de Brasil y Paraguay estuvieron muy interesados en comprender los efectos de la variabilidad clim\u00e1tica en el rendimiento de sus cultivos, y se ofrecieron para desarrollar de manera conjunta un sistea de apoyo a las decisiones que est\u00e9 disponible por Internet.<\/p>\n\n\n\n<p>Los estudios en el este de Paraguay y el sur de Brasil demostraron que el desaf\u00edo de brindar a los productores informaci\u00f3n confiable, \u00fatil y basada en la ciencia, que ellos puedan luego usar para tomar decisiones informadas, puede lograrse mejor mediante el desarrollo y la implementaci\u00f3n de sistemas de apoyo a las decisiones basadas en el clima en cooperaci\u00f3n estrecha con las cooperativas locales. El proyecto utiliza un enfoque probabil\u00edstico, en lugar de buscar inequ\u00edvocos, respuestas \u00abs\u00ed-o-no\u00bb a los pron\u00f3sticos clim\u00e1ticos. El proyecto recibi\u00f3 un fuerte apoyo de los productores; tres cooperativas comprometieron fondos para la compra de estaciones meteorol\u00f3gicas para brindar informaci\u00f3n sobre el tiempo a sus productores.<\/p>\n\n\n\n<p><a href=\"http:\/\/py.agroclimate.org\/\" target=\"_blank\" rel=\"noreferrer noopener\">En Paraguay se adoptaton herramientas de apoyo a las decisiones para riesgos de rendimiento y clim\u00e1ticos<\/a>&nbsp;que pronto estar\u00e1n disponibles para&nbsp;<a href=\"http:\/\/br.agroclimate.org\/\" target=\"_blank\" rel=\"noreferrer noopener\">Rio Grande do Sul en Brasil.<\/a><\/p>\n\n\n\n<p><strong>V\u00ednculos con otros proyectos del IAI<\/strong><br>Cooperaci\u00f3n con el proyecto<a href=\"http:\/\/iai.int\/es\/meetings\/detail\/crn2031\" target=\"_blank\" rel=\"noreferrer noopener\">&nbsp;CRN 2031<\/a><\/p>\n\n\n\n<h3 class=\"wp-block-heading\" id=\"investigadores\">Investigadores del projecto<\/h3>\n\n\n\n<p>Clyde Fraisse \u2013&nbsp;<a href=\"mailto:cfraisse@ufl.edu\">cfraisse@ufl.edu<\/a><br>University of Florida \u2013 Agricultural and Biological Engineering Department (EE.UU.)<\/p>\n\n\n\n<p><a href=\"http:\/\/www.agroclimate.org\/fraisse\" target=\"_blank\" rel=\"noreferrer noopener\">Sitio web<\/a><\/p>\n\n\n\n<p><strong>Co-Investigadores<\/strong><br>Norman Breuer, RSMAS, University of Miami, EE.UU.<br>Carlos Alberto Forcelini, Universidade de Passo Fundo, Brasil<br>Julian Baez, Universidad Cat\u00f3lica Nuestra Se\u00f1ora de la Asunci\u00f3n, Paraguay<br>Willingthon Pavan, Universidade de Passo Fundo, Brasil<br>Jos\u00e9 Mauricio Fernandes, Embrapa Trigo, Brasil<br>Dirceu Gassen, Cooplantio, Brasil<br>Mart\u00edn M. Cubilla Andrada, Soil Conservation Program, Capeco, Paraguay<br>Luis E. Cubilla, Production Manager, Capeco, Paraguay<br>Edgar Mayeregger, Ministerio de Agricultura, Paraguay<br>Victor Cabrera, University of Wisconsin, EE.UU.<\/p>\n\n\n\n<figure class=\"wp-block-image alignleft\"><a href=\"https:\/\/iai.int\/admin\/site\/sites\/default\/files\/uploads\/2014\/03\/THSGP-HD-014.jpg\" target=\"_blank\" rel=\"noreferrer noopener\"><img decoding=\"async\" src=\"https:\/\/iai.int\/admin\/site\/sites\/default\/files\/uploads\/2014\/03\/THSGP-HD-014.jpg\" alt=\"THSGP HD 014\" class=\"wp-image-3412\"\/><\/a><\/figure>\n\n\n\n<p><a href=\"https:\/\/iai.int\/admin\/site\/sites\/default\/files\/uploads\/2014\/03\/SGP-HD_14.pdf\" target=\"_blank\" rel=\"noreferrer noopener\">Informaci\u00f3n en PDF (en ingl\u00e9s)<\/a><\/p>\n","protected":false},"excerpt":{"rendered":"<p>1 Soja plantada utilizando el m\u00e9todo de siembra directa en Rio Grande do Sul, Brasil2 Campo de cultivos de grano en Rio Grande do Sul, Brasil3 Julian Baez habla con miembros de la C\u00e1mara Paraguaya de Exportadores de Cereales y Oleaginosas (CAPECO), Paraguay Informaci\u00f3n de proyecto Investigador principal: Clyde Fraisse&nbsp;(cfraisse@ufl.edu)University of Florida \u2013 Agricultural and [&hellip;]<\/p>\n","protected":false},"author":1,"featured_media":0,"parent":0,"menu_order":0,"comment_status":"closed","ping_status":"closed","template":"","meta":{"_acf_changed":false,"_uag_custom_page_level_css":"","footnotes":""},"class_list":["post-884","page","type-page","status-publish","hentry"],"acf":[],"yoast_head":"<!-- This site is optimized with the Yoast SEO plugin v27.3 - https:\/\/yoast.com\/product\/yoast-seo-wordpress\/ -->\n<title>Sistema de apoyo a las decisiones para la reducci\u00f3n de riesgos en la agricultura Fase II: DSS para la soja en el este de Paraguay y en Rio Grande do Sul (SGP-HD 014) - IAI - Inter-American Institute for Global Change Research<\/title>\n<meta name=\"robots\" content=\"index, follow, max-snippet:-1, max-image-preview:large, max-video-preview:-1\" \/>\n<link rel=\"canonical\" href=\"https:\/\/iai.int\/es\/sistema-de-apoyo-a-las-decisiones-para-la-reduccion-de-riesgos-en-la-agricultura-fase-ii-dss-para-la-soja-en-el-este-de-paraguay-y-en-rio-grande-do-sul-sgp-hd-014\/\" \/>\n<meta property=\"og:locale\" content=\"es_ES\" \/>\n<meta property=\"og:type\" content=\"article\" \/>\n<meta property=\"og:title\" content=\"Sistema de apoyo a las decisiones para la reducci\u00f3n de riesgos en la agricultura Fase II: DSS para la soja en el este de Paraguay y en Rio Grande do Sul (SGP-HD 014) - IAI - Inter-American Institute for Global Change Research\" \/>\n<meta property=\"og:description\" content=\"1 Soja plantada utilizando el m\u00e9todo de siembra directa en Rio Grande do Sul, Brasil2 Campo de cultivos de grano en Rio Grande do Sul, Brasil3 Julian Baez habla con miembros de la C\u00e1mara Paraguaya de Exportadores de Cereales y Oleaginosas (CAPECO), Paraguay Informaci\u00f3n de proyecto Investigador principal: Clyde Fraisse&nbsp;(cfraisse@ufl.edu)University of Florida \u2013 Agricultural and [&hellip;]\" \/>\n<meta property=\"og:url\" content=\"https:\/\/iai.int\/es\/sistema-de-apoyo-a-las-decisiones-para-la-reduccion-de-riesgos-en-la-agricultura-fase-ii-dss-para-la-soja-en-el-este-de-paraguay-y-en-rio-grande-do-sul-sgp-hd-014\/\" \/>\n<meta property=\"og:site_name\" content=\"IAI - Inter-American Institute for Global Change Research\" \/>\n<meta property=\"og:image\" content=\"https:\/\/iai.int\/admin\/site\/sites\/default\/files\/uploads\/2014\/03\/SGP-HD_14.jpg\" \/>\n<meta name=\"twitter:card\" content=\"summary_large_image\" \/>\n<meta name=\"twitter:label1\" content=\"Tiempo de lectura\" \/>\n\t<meta name=\"twitter:data1\" content=\"3 minutos\" \/>\n<script type=\"application\/ld+json\" class=\"yoast-schema-graph\">{\"@context\":\"https:\\\/\\\/schema.org\",\"@graph\":[{\"@type\":\"WebPage\",\"@id\":\"https:\\\/\\\/iai.int\\\/es\\\/sistema-de-apoyo-a-las-decisiones-para-la-reduccion-de-riesgos-en-la-agricultura-fase-ii-dss-para-la-soja-en-el-este-de-paraguay-y-en-rio-grande-do-sul-sgp-hd-014\\\/\",\"url\":\"https:\\\/\\\/iai.int\\\/es\\\/sistema-de-apoyo-a-las-decisiones-para-la-reduccion-de-riesgos-en-la-agricultura-fase-ii-dss-para-la-soja-en-el-este-de-paraguay-y-en-rio-grande-do-sul-sgp-hd-014\\\/\",\"name\":\"Sistema de apoyo a las decisiones para la reducci\u00f3n de riesgos en la agricultura Fase II: DSS para la soja en el este de Paraguay y en Rio Grande do Sul (SGP-HD 014) - IAI - Inter-American Institute for Global Change Research\",\"isPartOf\":{\"@id\":\"https:\\\/\\\/iai.int\\\/es\\\/#website\"},\"primaryImageOfPage\":{\"@id\":\"https:\\\/\\\/iai.int\\\/es\\\/sistema-de-apoyo-a-las-decisiones-para-la-reduccion-de-riesgos-en-la-agricultura-fase-ii-dss-para-la-soja-en-el-este-de-paraguay-y-en-rio-grande-do-sul-sgp-hd-014\\\/#primaryimage\"},\"image\":{\"@id\":\"https:\\\/\\\/iai.int\\\/es\\\/sistema-de-apoyo-a-las-decisiones-para-la-reduccion-de-riesgos-en-la-agricultura-fase-ii-dss-para-la-soja-en-el-este-de-paraguay-y-en-rio-grande-do-sul-sgp-hd-014\\\/#primaryimage\"},\"thumbnailUrl\":\"https:\\\/\\\/iai.int\\\/admin\\\/site\\\/sites\\\/default\\\/files\\\/uploads\\\/2014\\\/03\\\/SGP-HD_14.jpg\",\"datePublished\":\"2024-09-16T18:44:01+00:00\",\"breadcrumb\":{\"@id\":\"https:\\\/\\\/iai.int\\\/es\\\/sistema-de-apoyo-a-las-decisiones-para-la-reduccion-de-riesgos-en-la-agricultura-fase-ii-dss-para-la-soja-en-el-este-de-paraguay-y-en-rio-grande-do-sul-sgp-hd-014\\\/#breadcrumb\"},\"inLanguage\":\"es\",\"potentialAction\":[{\"@type\":\"ReadAction\",\"target\":[\"https:\\\/\\\/iai.int\\\/es\\\/sistema-de-apoyo-a-las-decisiones-para-la-reduccion-de-riesgos-en-la-agricultura-fase-ii-dss-para-la-soja-en-el-este-de-paraguay-y-en-rio-grande-do-sul-sgp-hd-014\\\/\"]}]},{\"@type\":\"ImageObject\",\"inLanguage\":\"es\",\"@id\":\"https:\\\/\\\/iai.int\\\/es\\\/sistema-de-apoyo-a-las-decisiones-para-la-reduccion-de-riesgos-en-la-agricultura-fase-ii-dss-para-la-soja-en-el-este-de-paraguay-y-en-rio-grande-do-sul-sgp-hd-014\\\/#primaryimage\",\"url\":\"https:\\\/\\\/iai.int\\\/admin\\\/site\\\/sites\\\/default\\\/files\\\/uploads\\\/2014\\\/03\\\/SGP-HD_14.jpg\",\"contentUrl\":\"https:\\\/\\\/iai.int\\\/admin\\\/site\\\/sites\\\/default\\\/files\\\/uploads\\\/2014\\\/03\\\/SGP-HD_14.jpg\"},{\"@type\":\"BreadcrumbList\",\"@id\":\"https:\\\/\\\/iai.int\\\/es\\\/sistema-de-apoyo-a-las-decisiones-para-la-reduccion-de-riesgos-en-la-agricultura-fase-ii-dss-para-la-soja-en-el-este-de-paraguay-y-en-rio-grande-do-sul-sgp-hd-014\\\/#breadcrumb\",\"itemListElement\":[{\"@type\":\"ListItem\",\"position\":1,\"name\":\"Portada\",\"item\":\"https:\\\/\\\/iai.int\\\/es\\\/\"},{\"@type\":\"ListItem\",\"position\":2,\"name\":\"Sistema de apoyo a las decisiones para la reducci\u00f3n de riesgos en la agricultura Fase II: DSS para la soja en el este de Paraguay y en Rio Grande do Sul (SGP-HD 014)\"}]},{\"@type\":\"WebSite\",\"@id\":\"https:\\\/\\\/iai.int\\\/es\\\/#website\",\"url\":\"https:\\\/\\\/iai.int\\\/es\\\/\",\"name\":\"IAI - Inter-American Institute for Global Change Research\",\"description\":\"\",\"publisher\":{\"@id\":\"https:\\\/\\\/iai.int\\\/es\\\/#organization\"},\"potentialAction\":[{\"@type\":\"SearchAction\",\"target\":{\"@type\":\"EntryPoint\",\"urlTemplate\":\"https:\\\/\\\/iai.int\\\/es\\\/?s={search_term_string}\"},\"query-input\":{\"@type\":\"PropertyValueSpecification\",\"valueRequired\":true,\"valueName\":\"search_term_string\"}}],\"inLanguage\":\"es\"},{\"@type\":\"Organization\",\"@id\":\"https:\\\/\\\/iai.int\\\/es\\\/#organization\",\"name\":\"IAI - Inter-American Institute for Global Change Research\",\"url\":\"https:\\\/\\\/iai.int\\\/es\\\/\",\"logo\":{\"@type\":\"ImageObject\",\"inLanguage\":\"es\",\"@id\":\"https:\\\/\\\/iai.int\\\/es\\\/#\\\/schema\\\/logo\\\/image\\\/\",\"url\":\"https:\\\/\\\/iai.int\\\/wp-content\\\/uploads\\\/2025\\\/11\\\/IAI-logo-English-scaled.png\",\"contentUrl\":\"https:\\\/\\\/iai.int\\\/wp-content\\\/uploads\\\/2025\\\/11\\\/IAI-logo-English-scaled.png\",\"width\":2560,\"height\":985,\"caption\":\"IAI - Inter-American Institute for Global Change Research\"},\"image\":{\"@id\":\"https:\\\/\\\/iai.int\\\/es\\\/#\\\/schema\\\/logo\\\/image\\\/\"}}]}<\/script>\n<!-- \/ Yoast SEO plugin. -->","yoast_head_json":{"title":"Sistema de apoyo a las decisiones para la reducci\u00f3n de riesgos en la agricultura Fase II: DSS para la soja en el este de Paraguay y en Rio Grande do Sul (SGP-HD 014) - IAI - Inter-American Institute for Global Change Research","robots":{"index":"index","follow":"follow","max-snippet":"max-snippet:-1","max-image-preview":"max-image-preview:large","max-video-preview":"max-video-preview:-1"},"canonical":"https:\/\/iai.int\/es\/sistema-de-apoyo-a-las-decisiones-para-la-reduccion-de-riesgos-en-la-agricultura-fase-ii-dss-para-la-soja-en-el-este-de-paraguay-y-en-rio-grande-do-sul-sgp-hd-014\/","og_locale":"es_ES","og_type":"article","og_title":"Sistema de apoyo a las decisiones para la reducci\u00f3n de riesgos en la agricultura Fase II: DSS para la soja en el este de Paraguay y en Rio Grande do Sul (SGP-HD 014) - IAI - Inter-American Institute for Global Change Research","og_description":"1 Soja plantada utilizando el m\u00e9todo de siembra directa en Rio Grande do Sul, Brasil2 Campo de cultivos de grano en Rio Grande do Sul, Brasil3 Julian Baez habla con miembros de la C\u00e1mara Paraguaya de Exportadores de Cereales y Oleaginosas (CAPECO), Paraguay Informaci\u00f3n de proyecto Investigador principal: Clyde Fraisse&nbsp;(cfraisse@ufl.edu)University of Florida \u2013 Agricultural and [&hellip;]","og_url":"https:\/\/iai.int\/es\/sistema-de-apoyo-a-las-decisiones-para-la-reduccion-de-riesgos-en-la-agricultura-fase-ii-dss-para-la-soja-en-el-este-de-paraguay-y-en-rio-grande-do-sul-sgp-hd-014\/","og_site_name":"IAI - Inter-American Institute for Global Change Research","og_image":[{"url":"https:\/\/iai.int\/admin\/site\/sites\/default\/files\/uploads\/2014\/03\/SGP-HD_14.jpg","type":"","width":"","height":""}],"twitter_card":"summary_large_image","twitter_misc":{"Tiempo de lectura":"3 minutos"},"schema":{"@context":"https:\/\/schema.org","@graph":[{"@type":"WebPage","@id":"https:\/\/iai.int\/es\/sistema-de-apoyo-a-las-decisiones-para-la-reduccion-de-riesgos-en-la-agricultura-fase-ii-dss-para-la-soja-en-el-este-de-paraguay-y-en-rio-grande-do-sul-sgp-hd-014\/","url":"https:\/\/iai.int\/es\/sistema-de-apoyo-a-las-decisiones-para-la-reduccion-de-riesgos-en-la-agricultura-fase-ii-dss-para-la-soja-en-el-este-de-paraguay-y-en-rio-grande-do-sul-sgp-hd-014\/","name":"Sistema de apoyo a las decisiones para la reducci\u00f3n de riesgos en la agricultura Fase II: DSS para la soja en el este de Paraguay y en Rio Grande do Sul (SGP-HD 014) - IAI - Inter-American Institute for Global Change Research","isPartOf":{"@id":"https:\/\/iai.int\/es\/#website"},"primaryImageOfPage":{"@id":"https:\/\/iai.int\/es\/sistema-de-apoyo-a-las-decisiones-para-la-reduccion-de-riesgos-en-la-agricultura-fase-ii-dss-para-la-soja-en-el-este-de-paraguay-y-en-rio-grande-do-sul-sgp-hd-014\/#primaryimage"},"image":{"@id":"https:\/\/iai.int\/es\/sistema-de-apoyo-a-las-decisiones-para-la-reduccion-de-riesgos-en-la-agricultura-fase-ii-dss-para-la-soja-en-el-este-de-paraguay-y-en-rio-grande-do-sul-sgp-hd-014\/#primaryimage"},"thumbnailUrl":"https:\/\/iai.int\/admin\/site\/sites\/default\/files\/uploads\/2014\/03\/SGP-HD_14.jpg","datePublished":"2024-09-16T18:44:01+00:00","breadcrumb":{"@id":"https:\/\/iai.int\/es\/sistema-de-apoyo-a-las-decisiones-para-la-reduccion-de-riesgos-en-la-agricultura-fase-ii-dss-para-la-soja-en-el-este-de-paraguay-y-en-rio-grande-do-sul-sgp-hd-014\/#breadcrumb"},"inLanguage":"es","potentialAction":[{"@type":"ReadAction","target":["https:\/\/iai.int\/es\/sistema-de-apoyo-a-las-decisiones-para-la-reduccion-de-riesgos-en-la-agricultura-fase-ii-dss-para-la-soja-en-el-este-de-paraguay-y-en-rio-grande-do-sul-sgp-hd-014\/"]}]},{"@type":"ImageObject","inLanguage":"es","@id":"https:\/\/iai.int\/es\/sistema-de-apoyo-a-las-decisiones-para-la-reduccion-de-riesgos-en-la-agricultura-fase-ii-dss-para-la-soja-en-el-este-de-paraguay-y-en-rio-grande-do-sul-sgp-hd-014\/#primaryimage","url":"https:\/\/iai.int\/admin\/site\/sites\/default\/files\/uploads\/2014\/03\/SGP-HD_14.jpg","contentUrl":"https:\/\/iai.int\/admin\/site\/sites\/default\/files\/uploads\/2014\/03\/SGP-HD_14.jpg"},{"@type":"BreadcrumbList","@id":"https:\/\/iai.int\/es\/sistema-de-apoyo-a-las-decisiones-para-la-reduccion-de-riesgos-en-la-agricultura-fase-ii-dss-para-la-soja-en-el-este-de-paraguay-y-en-rio-grande-do-sul-sgp-hd-014\/#breadcrumb","itemListElement":[{"@type":"ListItem","position":1,"name":"Portada","item":"https:\/\/iai.int\/es\/"},{"@type":"ListItem","position":2,"name":"Sistema de apoyo a las decisiones para la reducci\u00f3n de riesgos en la agricultura Fase II: DSS para la soja en el este de Paraguay y en Rio Grande do Sul (SGP-HD 014)"}]},{"@type":"WebSite","@id":"https:\/\/iai.int\/es\/#website","url":"https:\/\/iai.int\/es\/","name":"IAI - Inter-American Institute for Global Change Research","description":"","publisher":{"@id":"https:\/\/iai.int\/es\/#organization"},"potentialAction":[{"@type":"SearchAction","target":{"@type":"EntryPoint","urlTemplate":"https:\/\/iai.int\/es\/?s={search_term_string}"},"query-input":{"@type":"PropertyValueSpecification","valueRequired":true,"valueName":"search_term_string"}}],"inLanguage":"es"},{"@type":"Organization","@id":"https:\/\/iai.int\/es\/#organization","name":"IAI - Inter-American Institute for Global Change Research","url":"https:\/\/iai.int\/es\/","logo":{"@type":"ImageObject","inLanguage":"es","@id":"https:\/\/iai.int\/es\/#\/schema\/logo\/image\/","url":"https:\/\/iai.int\/wp-content\/uploads\/2025\/11\/IAI-logo-English-scaled.png","contentUrl":"https:\/\/iai.int\/wp-content\/uploads\/2025\/11\/IAI-logo-English-scaled.png","width":2560,"height":985,"caption":"IAI - Inter-American Institute for Global Change Research"},"image":{"@id":"https:\/\/iai.int\/es\/#\/schema\/logo\/image\/"}}]}},"uagb_featured_image_src":{"full":false,"thumbnail":false,"medium":false,"medium_large":false,"large":false,"1536x1536":false,"2048x2048":false},"uagb_author_info":{"display_name":"admin","author_link":"https:\/\/iai.int\/es\/author\/admin\/"},"uagb_comment_info":0,"uagb_excerpt":"1 Soja plantada utilizando el m\u00e9todo de siembra directa en Rio Grande do Sul, Brasil2 Campo de cultivos de grano en Rio Grande do Sul, Brasil3 Julian Baez habla con miembros de la C\u00e1mara Paraguaya de Exportadores de Cereales y Oleaginosas (CAPECO), Paraguay Informaci\u00f3n de proyecto Investigador principal: Clyde Fraisse&nbsp;(cfraisse@ufl.edu)University of Florida \u2013 Agricultural and&hellip;","_links":{"self":[{"href":"https:\/\/iai.int\/es\/wp-json\/wp\/v2\/pages\/884","targetHints":{"allow":["GET"]}}],"collection":[{"href":"https:\/\/iai.int\/es\/wp-json\/wp\/v2\/pages"}],"about":[{"href":"https:\/\/iai.int\/es\/wp-json\/wp\/v2\/types\/page"}],"author":[{"embeddable":true,"href":"https:\/\/iai.int\/es\/wp-json\/wp\/v2\/users\/1"}],"replies":[{"embeddable":true,"href":"https:\/\/iai.int\/es\/wp-json\/wp\/v2\/comments?post=884"}],"version-history":[{"count":1,"href":"https:\/\/iai.int\/es\/wp-json\/wp\/v2\/pages\/884\/revisions"}],"predecessor-version":[{"id":885,"href":"https:\/\/iai.int\/es\/wp-json\/wp\/v2\/pages\/884\/revisions\/885"}],"wp:attachment":[{"href":"https:\/\/iai.int\/es\/wp-json\/wp\/v2\/media?parent=884"}],"curies":[{"name":"wp","href":"https:\/\/api.w.org\/{rel}","templated":true}]}}