{"id":881,"date":"2024-09-16T15:41:13","date_gmt":"2024-09-16T18:41:13","guid":{"rendered":"https:\/\/iai.int\/?page_id=881"},"modified":"2025-02-12T20:44:04","modified_gmt":"2025-02-13T01:44:04","slug":"adapte-adaptacion-a-los-impactos-de-la-contaminacion-del-aire-y-los-extremos-climaticos-en-la-salud-en-ciudades-latinoamericanas-sgp-hd-013","status":"publish","type":"page","link":"https:\/\/iai.int\/es\/adapte-adaptacion-a-los-impactos-de-la-contaminacion-del-aire-y-los-extremos-climaticos-en-la-salud-en-ciudades-latinoamericanas-sgp-hd-013\/","title":{"rendered":"ADAPTE: Adaptaci\u00f3n a los impactos de la contaminaci\u00f3n del aire y los extremos clim\u00e1ticos en la salud en ciudades latinoamericanas (SGP-HD 013)"},"content":{"rendered":"\n<p><img fetchpriority=\"high\" decoding=\"async\" alt=\"2017-HD\" height=\"171\" src=\"https:\/\/iai.int\/admin\/site\/sites\/default\/files\/uploads\/2014\/03\/2017-HD.jpg\" width=\"690\"><br><em>1 Santiago de Chile: vista de una ciudad sobre la que se estanca el smog<br>2 Series de tiempo: temperatura (azul) y mortalidad cardiovascular (rojo). Los gr\u00e1ficos para la ciudad de M\u00e9xico y<br>3 Santiago muestran una relaci\u00f3n inversa entre la temperatura y la cantidad de decesos diarios debidos a problemas cardiovasculares.<\/em><\/p>\n\n\n\n<h3 class=\"wp-block-heading\">Informaci\u00f3n de proyecto<\/h3>\n\n\n\n<p><strong>Investigador principal:<\/strong><\/p>\n\n\n\n<p><em>Rodney Martinez<\/em>&nbsp;(<a href=\"mailto:r.martinez@ciifen-int.org\">r.martinez@ciifen-int.org<\/a>)<br>Centro Internacional para la Investigaci\u00f3n del Fen\u00f3meno de El Ni\u00f1o (CIIFEN)<\/p>\n\n\n\n<p><strong>Sitio web del proyecto:<\/strong><\/p>\n\n\n\n<p><a href=\"http:\/\/saemc.cmm.uchile.cl\/\/index.php?option=com_content&amp;task=view&amp;id=66&amp;Itemid=68\/\" target=\"_blank\" rel=\"noreferrer noopener\">http:\/\/saemc.cmm.uchile.cl\/\/index.php?option=com_content&amp;task=view&amp;id=66&amp;Itemid=68\/<\/a><\/p>\n\n\n\n<p><a href=\"https:\/\/iai.int\/es\/meetings\/detail\/sgp-hd-013#summary\">Resumen ejecutivo<\/a>&nbsp;<a href=\"https:\/\/iai.int\/es\/meetings\/detail\/sgp-hd-013#investigadores\">Investigadores<\/a><\/p>\n\n\n\n<h3 class=\"wp-block-heading\" id=\"summary\">Resumen ejecutivo<\/h3>\n\n\n\n<p>Se espera que las \u00e1reas urbanas de Am\u00e9rica Latina se vean afectadas cada vez m\u00e1s por las olas de calor. Sin embargo, no sabemos cu\u00e1n vulnerable es la poblaci\u00f3n a dichos eventos y a la interacci\u00f3n entre el tiempo extremo y la contaminaci\u00f3n del aire. ADAPTE ofrece los conocimientos de investigadores de varias disciplinas de EE.UU. y Am\u00e9rica Latina a las autoridades de las ciudades para que puedan planificar mejores respuestas a los efectos del tiempo extremo y a episodios de contaminaci\u00f3n del aire.<\/p>\n\n\n\n<p><strong>Objetivos<\/strong><br>Cuantificar la exposici\u00f3n: \u00bfcu\u00e1les son los impactos del tiempo y la contaminaci\u00f3n del aire en la salud humana?<\/p>\n\n\n\n<p>Comprender la vulnerabilidad: \u00bfc\u00f3mo afectan los factores socioecon\u00f3micos las diferencias de mortalidad a trav\u00b4s de las ciudades y entre barrios?<\/p>\n\n\n\n<p>Evaluar la adaptaci\u00f3n: \u00bfc\u00f3mo responden a los peligros las poblaciones y autoridades urbanas?<\/p>\n\n\n\n<p><strong>Primeros resultados<\/strong><br>Los habitantes de la ciudad de M\u00e9xico, Santiago, Buenos Aires y Bogot\u00e1 est\u00e1n en riesgo por la exposici\u00f3n a altos niveles de contaminaci\u00f3n. Las part\u00edculas suspendidas en el aire de estas ciudades superan los est\u00e1ndares de la Organizaci\u00f3n Mundial de la Salud (OMS) en un 90%, y los nivels de \u00f3xidos de nitr\u00f3geno superan los est\u00e1ndares de la OMS en hasta 73%.<\/p>\n\n\n\n<p>\u00bfC\u00f3mo interact\u00faan exactamente la poblaci\u00f3n y el tiempo para afectar la salud humana por ciudad y \u00e9poca del a\u00f1o? (ej., fr\u00edo o calor). Durante la estaci\u00f3n seca, los habitantes de Buenos Aires y la Ciudad de M\u00e9xico tienen el mayor riesgo de mortalidad por enfermedades respiratorias, mientras que en Bogot\u00e1, los ni\u00f1os son los m\u00e1s afectados durante la estaci\u00f3n fr\u00eda. En Bogot\u00e1, la mortalidad por enfermedades cardiovasculares es alta para los adultos mayores durante la estaci\u00f3n c\u00e1lida.<\/p>\n\n\n\n<p>La edad y el sexo, junto con el nivel de ingresos determinan la susceptibilidad de la poblaci\u00f3n a ambos peligros. Los ciudadanos que viven en los distritos m\u00e1s pobres de Bogot\u00e1 son m\u00e1s vulnerables. Las diferencias entre distritos son particularmente claras durante la estaci\u00f3n fr\u00eda.<\/p>\n\n\n\n<p>El conocimiento de estas diferencias en la vulnerabilidad a la interacci\u00f3n de las amenazas a la salud ayudar\u00e1 a una mejor planificaci\u00f3n de la prevenci\u00f3n.<\/p>\n\n\n\n<h3 class=\"wp-block-heading\" id=\"investigadores\">Investigadores del proyecto<\/h3>\n\n\n\n<p>Rodney Martinez \u2013&nbsp;<a href=\"mailto:r.martinez@ciifen-int.org\">r.martinez@ciifen-int.org<\/a><br>Centro Internacional para la Investigaci\u00f3n del Fen\u00f3meno de El Ni\u00f1o (CIIFEN)<\/p>\n\n\n\n<p><strong>Co-Investigadores<\/strong><br>Patricia Romero Lankao, National Center for Atmospheric Research (NCAR), EE.UU.<br>Andrea Lampis, Universidad de Los Andes, Colombia<br>Roxana Borquez, PROJECTA, Santiago Chile<br>Georgelina Hardoy y Gaston Urquiza, IIED, Argentina<br>Angelica Rosas Huerta y Griselda Gunther, UAM, M\u00e9xico<br>Estudiantes: Rosana Abrutsky, Melissa Haeffner, Rocio Bruna, Diana Rocio Triana.<\/p>\n\n\n\n<p><strong>V\u00ednculos con otros proyectos del IAI<\/strong><br>Este proyecto se integra con el CRN 2017.<\/p>\n\n\n\n<p><a href=\"http:\/\/saemc.cmm.uchile.cl\/\/index.php?option=com_content&amp;task=view&amp;id=66&amp;Itemid=68\" target=\"_blank\" rel=\"noreferrer noopener\">Sitio web del proyecto<\/a><\/p>\n\n\n\n<p><a href=\"https:\/\/iai.int\/admin\/site\/sites\/default\/files\/uploads\/2014\/03\/SGP-HD_13.pdf\" target=\"_blank\" rel=\"noreferrer noopener\">Informaci\u00f3n en PDF (en ingl\u00e9s)<\/a><\/p>\n","protected":false},"excerpt":{"rendered":"<p>1 Santiago de Chile: vista de una ciudad sobre la que se estanca el smog2 Series de tiempo: temperatura (azul) y mortalidad cardiovascular (rojo). Los gr\u00e1ficos para la ciudad de M\u00e9xico y3 Santiago muestran una relaci\u00f3n inversa entre la temperatura y la cantidad de decesos diarios debidos a problemas cardiovasculares. Informaci\u00f3n de proyecto Investigador principal: [&hellip;]<\/p>\n","protected":false},"author":1,"featured_media":0,"parent":0,"menu_order":0,"comment_status":"closed","ping_status":"closed","template":"elementor_theme","meta":{"_acf_changed":false,"_uag_custom_page_level_css":"","footnotes":""},"class_list":["post-881","page","type-page","status-publish","hentry"],"acf":[],"yoast_head":"<!-- This site is optimized with the Yoast SEO plugin v27.3 - https:\/\/yoast.com\/product\/yoast-seo-wordpress\/ -->\n<title>ADAPTE: Adaptaci\u00f3n a los impactos de la contaminaci\u00f3n del aire y los extremos clim\u00e1ticos en la salud en ciudades latinoamericanas (SGP-HD 013) - IAI - Inter-American Institute for Global Change Research<\/title>\n<meta name=\"robots\" content=\"index, follow, max-snippet:-1, max-image-preview:large, max-video-preview:-1\" \/>\n<link rel=\"canonical\" href=\"https:\/\/iai.int\/es\/adapte-adaptacion-a-los-impactos-de-la-contaminacion-del-aire-y-los-extremos-climaticos-en-la-salud-en-ciudades-latinoamericanas-sgp-hd-013\/\" \/>\n<meta property=\"og:locale\" content=\"es_ES\" \/>\n<meta property=\"og:type\" content=\"article\" \/>\n<meta property=\"og:title\" content=\"ADAPTE: Adaptaci\u00f3n a los impactos de la contaminaci\u00f3n del aire y los extremos clim\u00e1ticos en la salud en ciudades latinoamericanas (SGP-HD 013) - IAI - Inter-American Institute for Global Change Research\" \/>\n<meta property=\"og:description\" content=\"1 Santiago de Chile: vista de una ciudad sobre la que se estanca el smog2 Series de tiempo: temperatura (azul) y mortalidad cardiovascular (rojo). Los gr\u00e1ficos para la ciudad de M\u00e9xico y3 Santiago muestran una relaci\u00f3n inversa entre la temperatura y la cantidad de decesos diarios debidos a problemas cardiovasculares. Informaci\u00f3n de proyecto Investigador principal: [&hellip;]\" \/>\n<meta property=\"og:url\" content=\"https:\/\/iai.int\/es\/adapte-adaptacion-a-los-impactos-de-la-contaminacion-del-aire-y-los-extremos-climaticos-en-la-salud-en-ciudades-latinoamericanas-sgp-hd-013\/\" \/>\n<meta property=\"og:site_name\" content=\"IAI - Inter-American Institute for Global Change Research\" \/>\n<meta property=\"article:modified_time\" content=\"2025-02-13T01:44:04+00:00\" \/>\n<meta property=\"og:image\" content=\"https:\/\/iai.int\/admin\/site\/sites\/default\/files\/uploads\/2014\/03\/2017-HD.jpg\" \/>\n<meta name=\"twitter:card\" content=\"summary_large_image\" \/>\n<meta name=\"twitter:label1\" content=\"Tiempo de lectura\" \/>\n\t<meta name=\"twitter:data1\" content=\"3 minutos\" \/>\n<script type=\"application\/ld+json\" class=\"yoast-schema-graph\">{\"@context\":\"https:\\\/\\\/schema.org\",\"@graph\":[{\"@type\":\"WebPage\",\"@id\":\"https:\\\/\\\/iai.int\\\/es\\\/adapte-adaptacion-a-los-impactos-de-la-contaminacion-del-aire-y-los-extremos-climaticos-en-la-salud-en-ciudades-latinoamericanas-sgp-hd-013\\\/\",\"url\":\"https:\\\/\\\/iai.int\\\/es\\\/adapte-adaptacion-a-los-impactos-de-la-contaminacion-del-aire-y-los-extremos-climaticos-en-la-salud-en-ciudades-latinoamericanas-sgp-hd-013\\\/\",\"name\":\"ADAPTE: Adaptaci\u00f3n a los impactos de la contaminaci\u00f3n del aire y los extremos clim\u00e1ticos en la salud en ciudades latinoamericanas (SGP-HD 013) - IAI - Inter-American Institute for Global Change Research\",\"isPartOf\":{\"@id\":\"https:\\\/\\\/iai.int\\\/es\\\/#website\"},\"primaryImageOfPage\":{\"@id\":\"https:\\\/\\\/iai.int\\\/es\\\/adapte-adaptacion-a-los-impactos-de-la-contaminacion-del-aire-y-los-extremos-climaticos-en-la-salud-en-ciudades-latinoamericanas-sgp-hd-013\\\/#primaryimage\"},\"image\":{\"@id\":\"https:\\\/\\\/iai.int\\\/es\\\/adapte-adaptacion-a-los-impactos-de-la-contaminacion-del-aire-y-los-extremos-climaticos-en-la-salud-en-ciudades-latinoamericanas-sgp-hd-013\\\/#primaryimage\"},\"thumbnailUrl\":\"https:\\\/\\\/iai.int\\\/admin\\\/site\\\/sites\\\/default\\\/files\\\/uploads\\\/2014\\\/03\\\/2017-HD.jpg\",\"datePublished\":\"2024-09-16T18:41:13+00:00\",\"dateModified\":\"2025-02-13T01:44:04+00:00\",\"breadcrumb\":{\"@id\":\"https:\\\/\\\/iai.int\\\/es\\\/adapte-adaptacion-a-los-impactos-de-la-contaminacion-del-aire-y-los-extremos-climaticos-en-la-salud-en-ciudades-latinoamericanas-sgp-hd-013\\\/#breadcrumb\"},\"inLanguage\":\"es\",\"potentialAction\":[{\"@type\":\"ReadAction\",\"target\":[\"https:\\\/\\\/iai.int\\\/es\\\/adapte-adaptacion-a-los-impactos-de-la-contaminacion-del-aire-y-los-extremos-climaticos-en-la-salud-en-ciudades-latinoamericanas-sgp-hd-013\\\/\"]}]},{\"@type\":\"ImageObject\",\"inLanguage\":\"es\",\"@id\":\"https:\\\/\\\/iai.int\\\/es\\\/adapte-adaptacion-a-los-impactos-de-la-contaminacion-del-aire-y-los-extremos-climaticos-en-la-salud-en-ciudades-latinoamericanas-sgp-hd-013\\\/#primaryimage\",\"url\":\"https:\\\/\\\/iai.int\\\/admin\\\/site\\\/sites\\\/default\\\/files\\\/uploads\\\/2014\\\/03\\\/2017-HD.jpg\",\"contentUrl\":\"https:\\\/\\\/iai.int\\\/admin\\\/site\\\/sites\\\/default\\\/files\\\/uploads\\\/2014\\\/03\\\/2017-HD.jpg\"},{\"@type\":\"BreadcrumbList\",\"@id\":\"https:\\\/\\\/iai.int\\\/es\\\/adapte-adaptacion-a-los-impactos-de-la-contaminacion-del-aire-y-los-extremos-climaticos-en-la-salud-en-ciudades-latinoamericanas-sgp-hd-013\\\/#breadcrumb\",\"itemListElement\":[{\"@type\":\"ListItem\",\"position\":1,\"name\":\"Portada\",\"item\":\"https:\\\/\\\/iai.int\\\/es\\\/\"},{\"@type\":\"ListItem\",\"position\":2,\"name\":\"ADAPTE: Adaptaci\u00f3n a los impactos de la contaminaci\u00f3n del aire y los extremos clim\u00e1ticos en la salud en ciudades latinoamericanas (SGP-HD 013)\"}]},{\"@type\":\"WebSite\",\"@id\":\"https:\\\/\\\/iai.int\\\/es\\\/#website\",\"url\":\"https:\\\/\\\/iai.int\\\/es\\\/\",\"name\":\"IAI - Inter-American Institute for Global Change Research\",\"description\":\"\",\"publisher\":{\"@id\":\"https:\\\/\\\/iai.int\\\/es\\\/#organization\"},\"potentialAction\":[{\"@type\":\"SearchAction\",\"target\":{\"@type\":\"EntryPoint\",\"urlTemplate\":\"https:\\\/\\\/iai.int\\\/es\\\/?s={search_term_string}\"},\"query-input\":{\"@type\":\"PropertyValueSpecification\",\"valueRequired\":true,\"valueName\":\"search_term_string\"}}],\"inLanguage\":\"es\"},{\"@type\":\"Organization\",\"@id\":\"https:\\\/\\\/iai.int\\\/es\\\/#organization\",\"name\":\"IAI - Inter-American Institute for Global Change Research\",\"url\":\"https:\\\/\\\/iai.int\\\/es\\\/\",\"logo\":{\"@type\":\"ImageObject\",\"inLanguage\":\"es\",\"@id\":\"https:\\\/\\\/iai.int\\\/es\\\/#\\\/schema\\\/logo\\\/image\\\/\",\"url\":\"https:\\\/\\\/iai.int\\\/wp-content\\\/uploads\\\/2025\\\/11\\\/IAI-logo-English-scaled.png\",\"contentUrl\":\"https:\\\/\\\/iai.int\\\/wp-content\\\/uploads\\\/2025\\\/11\\\/IAI-logo-English-scaled.png\",\"width\":2560,\"height\":985,\"caption\":\"IAI - Inter-American Institute for Global Change Research\"},\"image\":{\"@id\":\"https:\\\/\\\/iai.int\\\/es\\\/#\\\/schema\\\/logo\\\/image\\\/\"}}]}<\/script>\n<!-- \/ Yoast SEO plugin. -->","yoast_head_json":{"title":"ADAPTE: Adaptaci\u00f3n a los impactos de la contaminaci\u00f3n del aire y los extremos clim\u00e1ticos en la salud en ciudades latinoamericanas (SGP-HD 013) - IAI - Inter-American Institute for Global Change Research","robots":{"index":"index","follow":"follow","max-snippet":"max-snippet:-1","max-image-preview":"max-image-preview:large","max-video-preview":"max-video-preview:-1"},"canonical":"https:\/\/iai.int\/es\/adapte-adaptacion-a-los-impactos-de-la-contaminacion-del-aire-y-los-extremos-climaticos-en-la-salud-en-ciudades-latinoamericanas-sgp-hd-013\/","og_locale":"es_ES","og_type":"article","og_title":"ADAPTE: Adaptaci\u00f3n a los impactos de la contaminaci\u00f3n del aire y los extremos clim\u00e1ticos en la salud en ciudades latinoamericanas (SGP-HD 013) - IAI - Inter-American Institute for Global Change Research","og_description":"1 Santiago de Chile: vista de una ciudad sobre la que se estanca el smog2 Series de tiempo: temperatura (azul) y mortalidad cardiovascular (rojo). Los gr\u00e1ficos para la ciudad de M\u00e9xico y3 Santiago muestran una relaci\u00f3n inversa entre la temperatura y la cantidad de decesos diarios debidos a problemas cardiovasculares. Informaci\u00f3n de proyecto Investigador principal: [&hellip;]","og_url":"https:\/\/iai.int\/es\/adapte-adaptacion-a-los-impactos-de-la-contaminacion-del-aire-y-los-extremos-climaticos-en-la-salud-en-ciudades-latinoamericanas-sgp-hd-013\/","og_site_name":"IAI - Inter-American Institute for Global Change Research","article_modified_time":"2025-02-13T01:44:04+00:00","og_image":[{"url":"https:\/\/iai.int\/admin\/site\/sites\/default\/files\/uploads\/2014\/03\/2017-HD.jpg","type":"","width":"","height":""}],"twitter_card":"summary_large_image","twitter_misc":{"Tiempo de lectura":"3 minutos"},"schema":{"@context":"https:\/\/schema.org","@graph":[{"@type":"WebPage","@id":"https:\/\/iai.int\/es\/adapte-adaptacion-a-los-impactos-de-la-contaminacion-del-aire-y-los-extremos-climaticos-en-la-salud-en-ciudades-latinoamericanas-sgp-hd-013\/","url":"https:\/\/iai.int\/es\/adapte-adaptacion-a-los-impactos-de-la-contaminacion-del-aire-y-los-extremos-climaticos-en-la-salud-en-ciudades-latinoamericanas-sgp-hd-013\/","name":"ADAPTE: Adaptaci\u00f3n a los impactos de la contaminaci\u00f3n del aire y los extremos clim\u00e1ticos en la salud en ciudades latinoamericanas (SGP-HD 013) - IAI - Inter-American Institute for Global Change Research","isPartOf":{"@id":"https:\/\/iai.int\/es\/#website"},"primaryImageOfPage":{"@id":"https:\/\/iai.int\/es\/adapte-adaptacion-a-los-impactos-de-la-contaminacion-del-aire-y-los-extremos-climaticos-en-la-salud-en-ciudades-latinoamericanas-sgp-hd-013\/#primaryimage"},"image":{"@id":"https:\/\/iai.int\/es\/adapte-adaptacion-a-los-impactos-de-la-contaminacion-del-aire-y-los-extremos-climaticos-en-la-salud-en-ciudades-latinoamericanas-sgp-hd-013\/#primaryimage"},"thumbnailUrl":"https:\/\/iai.int\/admin\/site\/sites\/default\/files\/uploads\/2014\/03\/2017-HD.jpg","datePublished":"2024-09-16T18:41:13+00:00","dateModified":"2025-02-13T01:44:04+00:00","breadcrumb":{"@id":"https:\/\/iai.int\/es\/adapte-adaptacion-a-los-impactos-de-la-contaminacion-del-aire-y-los-extremos-climaticos-en-la-salud-en-ciudades-latinoamericanas-sgp-hd-013\/#breadcrumb"},"inLanguage":"es","potentialAction":[{"@type":"ReadAction","target":["https:\/\/iai.int\/es\/adapte-adaptacion-a-los-impactos-de-la-contaminacion-del-aire-y-los-extremos-climaticos-en-la-salud-en-ciudades-latinoamericanas-sgp-hd-013\/"]}]},{"@type":"ImageObject","inLanguage":"es","@id":"https:\/\/iai.int\/es\/adapte-adaptacion-a-los-impactos-de-la-contaminacion-del-aire-y-los-extremos-climaticos-en-la-salud-en-ciudades-latinoamericanas-sgp-hd-013\/#primaryimage","url":"https:\/\/iai.int\/admin\/site\/sites\/default\/files\/uploads\/2014\/03\/2017-HD.jpg","contentUrl":"https:\/\/iai.int\/admin\/site\/sites\/default\/files\/uploads\/2014\/03\/2017-HD.jpg"},{"@type":"BreadcrumbList","@id":"https:\/\/iai.int\/es\/adapte-adaptacion-a-los-impactos-de-la-contaminacion-del-aire-y-los-extremos-climaticos-en-la-salud-en-ciudades-latinoamericanas-sgp-hd-013\/#breadcrumb","itemListElement":[{"@type":"ListItem","position":1,"name":"Portada","item":"https:\/\/iai.int\/es\/"},{"@type":"ListItem","position":2,"name":"ADAPTE: Adaptaci\u00f3n a los impactos de la contaminaci\u00f3n del aire y los extremos clim\u00e1ticos en la salud en ciudades latinoamericanas (SGP-HD 013)"}]},{"@type":"WebSite","@id":"https:\/\/iai.int\/es\/#website","url":"https:\/\/iai.int\/es\/","name":"IAI - Inter-American Institute for Global Change Research","description":"","publisher":{"@id":"https:\/\/iai.int\/es\/#organization"},"potentialAction":[{"@type":"SearchAction","target":{"@type":"EntryPoint","urlTemplate":"https:\/\/iai.int\/es\/?s={search_term_string}"},"query-input":{"@type":"PropertyValueSpecification","valueRequired":true,"valueName":"search_term_string"}}],"inLanguage":"es"},{"@type":"Organization","@id":"https:\/\/iai.int\/es\/#organization","name":"IAI - Inter-American Institute for Global Change Research","url":"https:\/\/iai.int\/es\/","logo":{"@type":"ImageObject","inLanguage":"es","@id":"https:\/\/iai.int\/es\/#\/schema\/logo\/image\/","url":"https:\/\/iai.int\/wp-content\/uploads\/2025\/11\/IAI-logo-English-scaled.png","contentUrl":"https:\/\/iai.int\/wp-content\/uploads\/2025\/11\/IAI-logo-English-scaled.png","width":2560,"height":985,"caption":"IAI - Inter-American Institute for Global Change Research"},"image":{"@id":"https:\/\/iai.int\/es\/#\/schema\/logo\/image\/"}}]}},"uagb_featured_image_src":{"full":false,"thumbnail":false,"medium":false,"medium_large":false,"large":false,"1536x1536":false,"2048x2048":false},"uagb_author_info":{"display_name":"admin","author_link":"https:\/\/iai.int\/es\/author\/admin\/"},"uagb_comment_info":0,"uagb_excerpt":"1 Santiago de Chile: vista de una ciudad sobre la que se estanca el smog2 Series de tiempo: temperatura (azul) y mortalidad cardiovascular (rojo). Los gr\u00e1ficos para la ciudad de M\u00e9xico y3 Santiago muestran una relaci\u00f3n inversa entre la temperatura y la cantidad de decesos diarios debidos a problemas cardiovasculares. Informaci\u00f3n de proyecto Investigador principal:&hellip;","_links":{"self":[{"href":"https:\/\/iai.int\/es\/wp-json\/wp\/v2\/pages\/881","targetHints":{"allow":["GET"]}}],"collection":[{"href":"https:\/\/iai.int\/es\/wp-json\/wp\/v2\/pages"}],"about":[{"href":"https:\/\/iai.int\/es\/wp-json\/wp\/v2\/types\/page"}],"author":[{"embeddable":true,"href":"https:\/\/iai.int\/es\/wp-json\/wp\/v2\/users\/1"}],"replies":[{"embeddable":true,"href":"https:\/\/iai.int\/es\/wp-json\/wp\/v2\/comments?post=881"}],"version-history":[{"count":2,"href":"https:\/\/iai.int\/es\/wp-json\/wp\/v2\/pages\/881\/revisions"}],"predecessor-version":[{"id":890,"href":"https:\/\/iai.int\/es\/wp-json\/wp\/v2\/pages\/881\/revisions\/890"}],"wp:attachment":[{"href":"https:\/\/iai.int\/es\/wp-json\/wp\/v2\/media?parent=881"}],"curies":[{"name":"wp","href":"https:\/\/api.w.org\/{rel}","templated":true}]}}