{"id":878,"date":"2024-09-16T15:39:51","date_gmt":"2024-09-16T18:39:51","guid":{"rendered":"https:\/\/iai.int\/?page_id=878"},"modified":"2024-09-16T15:39:51","modified_gmt":"2024-09-16T18:39:51","slug":"diseno-de-una-metodologia-para-evaluar-el-conocimiento-local-sobre-cambio-global-y-su-papel-en-la-construccion-de-escenarios-futuros-de-uso-de-la-tierra-por-actores-locales-scenarios-sgp-hd-009","status":"publish","type":"page","link":"https:\/\/iai.int\/es\/diseno-de-una-metodologia-para-evaluar-el-conocimiento-local-sobre-cambio-global-y-su-papel-en-la-construccion-de-escenarios-futuros-de-uso-de-la-tierra-por-actores-locales-scenarios-sgp-hd-009\/","title":{"rendered":"Dise\u00f1o de una metodolog\u00eda para evaluar el conocimiento local sobre cambio global y su papel en la construcci\u00f3n de escenarios futuros de uso de la tierra por actores locales (SCENARIOS) (SGP-HD 009)"},"content":{"rendered":"\n<figure class=\"wp-block-image\"><img decoding=\"async\" src=\"https:\/\/iai.int\/admin\/site\/sites\/default\/files\/uploads\/2014\/03\/SGP-HD_9.jpg\" alt=\"SGP-HD_9\" class=\"wp-image-2116\"\/><\/figure>\n\n\n\n<p><em>Esquema del \u00e1rea de estudio en la Amazon\u00eda, Brasil<br>1 Amazon\u00f1ia, Brasil, mayo de 2008<br>2 Huaraz, Per\u00fa<br>3 Change Islands, Canad\u00e1<\/em><\/p>\n\n\n\n<h3 class=\"wp-block-heading\">Informaci\u00f3n de proyecto<\/h3>\n\n\n\n<p><strong>Investigador principal:<\/strong><\/p>\n\n\n\n<p><em>Jean-Fran\u00e7ois Tourrand<\/em>&nbsp;(<a href=\"mailto:tourrand@aol.com\">tourrand@aol.com<\/a>)<br>Universidade de Bras\u00edlia \u2013 Center for Sustainable Development (UnB-CDS), Brazil<\/p>\n\n\n\n<p><strong>Papers publicados:<\/strong><\/p>\n\n\n\n<p><a href=\"http:\/\/www.citeulike.org\/user\/IAI\/tag\/sgp-hd009\" target=\"_blank\" rel=\"noreferrer noopener\">http:\/\/www.citeulike.org\/user\/IAI\/tag\/sgp-hd009<\/a><\/p>\n\n\n\n<p><a href=\"https:\/\/iai.int\/es\/meetings\/detail\/designing-a-methodology-to-evaluate-local-knowledge-on-global-change-and-its-role-in-the-construction-of-future-land-use-scenarios-by-local-actors-sgp-hd-009#summary\">Resumen ejecutivo<\/a>&nbsp;<a href=\"https:\/\/iai.int\/es\/meetings\/detail\/designing-a-methodology-to-evaluate-local-knowledge-on-global-change-and-its-role-in-the-construction-of-future-land-use-scenarios-by-local-actors-sgp-hd-009#investigadores\">Investigadores<\/a><\/p>\n\n\n\n<h3 class=\"wp-block-heading\" id=\"summary\">Resumen ejecutivo<\/h3>\n\n\n\n<p>\u00bfC\u00f3mo perciben y asimilan los productores rurales americanos los cambios clim\u00e1ticos? \u00bfC\u00f3mo incorporan estos conocimientos en sus escenarios futuros? \u00bfQu\u00e9 pol\u00edticas, tanto en el nivel local como el regional llevar\u00e1n a una mejor gobernanza ambiental? Este grupo de investigaci\u00f3n prueba y valida el conocimiento local sobre el cambio global y los escenarios de uso de la tierra con el fin de documentar la percepci\u00f3n de la sociedad sobre el cambio ambiental global y el modo en que esos conocimientos afectar\u00e1n el uso de la tierra y la toma de decisiones en el futuro.<\/p>\n\n\n\n<p><strong>Objetivos<\/strong><br>Elaborar, probar y validar una metodolog\u00eda para evaluar los conocimientos locales sobre el cambio global y el modo en que pueden usarse para la construcci\u00f3n de escenarios futuros del uso de la tierra<\/p>\n\n\n\n<p>Contribuir a ampliar la comprensi\u00f3n cient\u00edfica del conocimiento local y las expectativas sobre el uso de la tierra utilizando un enfoque interdisciplinario de las ciencias ambientales y sociales<\/p>\n\n\n\n<p>Transferir conocimientos cient\u00edficos relacionados con el cambio global a las comunidades y reforzar la conciencia individua\/comunitaria<\/p>\n\n\n\n<p>Desarrollar una red interdisciplinaria de los aspectos sociales y ambientales del cambio global sobre la base de m\u00e9todos participativos con el fin de generar nuevos conocimientos cient\u00edficos y promover un desarrollo de capacidades que incluya nuevas herramientas para la toma de decisiones<\/p>\n\n\n\n<p><strong>Resultados<\/strong><br>El objetivo principal del proyecto es desarrollar una metodolog\u00eda para evaluar el conocimiento local, el m\u00e9todo de Escenarios de Conocimiento Local (LKS, por sus siglas en ingl\u00e9s) que combina el trabajo de campo con la aplicaci\u00f3n de Modelos Basados en Agentes para la construcci\u00f3n participativa de escenarios de uso de la tierra. Se realizaron talleres y trabajo de campo en las cinco \u00e1reas del proyecto (la Pampa en Uruguay; el bosque lluvioso amaz\u00f3nico en Brasil; la costa del Atl\u00e1ntico Norte en Terranova y Canad\u00e1; las monta\u00f1as andinas en Per\u00fa; las praderas norteamericanas en Canad\u00e1) para elaborar, probar y validar el m\u00e9todo.<\/p>\n\n\n\n<p>Se est\u00e1 aplicando el m\u00e9todo LKS en los sitios de estudio que ya ha generado los primeros resultados. El complejo reto pol\u00edtico del cambio global suele ser dif\u00edcil de abordar con pol\u00edticas locales. En la Amazon\u00eda, se nota una mayor conciencia de la poblaci\u00f3n local a los cambios hidrol\u00f3gicos en la degradaci\u00f3n del suelo debida a la deforestaci\u00f3n, pero la aplicaci\u00f3n de leyes ambientales, en particular las referentes a la deforestaci\u00f3n contin\u00faa siendo dif\u00edcil, ya que no son aceptadas por la poblaci\u00f3n local. En las Islas Change, Canad\u00e1, el objetivo de que la comunidad de pescadores mantenga un est\u00e1ndar de vida decente al tiempo que se diversifica en otras fuentes de ingreso como el turismo, no puede alcanzarse son una pol\u00edtica p\u00fablica nacional que permita la adaptaci\u00f3n a situaciones espec\u00edficas.<\/p>\n\n\n\n<p><strong>V\u00ednculos con otros proyectos del IAI<\/strong><br>Este proyecto contribuye al<a href=\"http:\/\/iai.int\/es\/meetings\/detail\/crn2031\" target=\"_blank\" rel=\"noreferrer noopener\">&nbsp;CRN 2031<\/a>&nbsp;y al&nbsp;<a href=\"http:\/\/iai.int\/es\/meetings\/detail\/caribbean-coastal-scenarios-ccs-an-integrated-analysis-of-inland-coastal-linkages-to-guide-sustainable-use-and-protection-of-coastal-ecosystems-crn-2061\" target=\"_blank\" rel=\"noreferrer noopener\">CRN 2061<\/a><\/p>\n\n\n\n<h3 class=\"wp-block-heading\" id=\"investigadores\">Investigadores del projecto<\/h3>\n\n\n\n<p>Jean-Fran\u00e7ois Tourrand \u2013&nbsp;<a href=\"mailto:tourrand@aol.com\">tourrand@aol.com<\/a><br>Universidade de Bras\u00edlia \u2013 Center for Sustainable Development (UnB-CDS), Brazil<\/p>\n\n\n\n<p><strong>Co-Investigators<\/strong><br>Laura G. Duarte, UNB-CDS, Brasil<br>Silvina Cecilia Carrizo, CONICET-CEUR, Argentina<br>Maureen Woodrow, University of Ottawa, Canad\u00e1<br>Hermes Morales Grosskopf, IPA, Uruguay<br>Paulo Dabbad Waquil, UFRGS, Brasil<\/p>\n\n\n\n<p><a href=\"https:\/\/iai.int\/admin\/site\/sites\/default\/files\/uploads\/2014\/03\/SGP-HD_9.pdf\" target=\"_blank\" rel=\"noreferrer noopener\">Informaci\u00f3n en PDF (en ingl\u00e9s)<\/a><\/p>\n\n\n\n<figure class=\"wp-block-image\"><img decoding=\"async\" src=\"https:\/\/platform-cdn.sharethis.com\/img\/facebook.svg\" alt=\"facebook sharing button\"\/><\/figure>\n\n\n\n<figure class=\"wp-block-image\"><img decoding=\"async\" src=\"https:\/\/platform-cdn.sharethis.com\/img\/twitter.svg\" alt=\"twitter sharing button\"\/><\/figure>\n\n\n\n<figure class=\"wp-block-image\"><img decoding=\"async\" src=\"https:\/\/platform-cdn.sharethis.com\/img\/email.svg\" alt=\"email sharing button\"\/><\/figure>\n\n\n\n<figure class=\"wp-block-image\"><img decoding=\"async\" src=\"https:\/\/platform-cdn.sharethis.com\/img\/linkedin.svg\" alt=\"linkedin sharing button\"\/><\/figure>\n","protected":false},"excerpt":{"rendered":"<p>Esquema del \u00e1rea de estudio en la Amazon\u00eda, Brasil1 Amazon\u00f1ia, Brasil, mayo de 20082 Huaraz, Per\u00fa3 Change Islands, Canad\u00e1 Informaci\u00f3n de proyecto Investigador principal: Jean-Fran\u00e7ois Tourrand&nbsp;(tourrand@aol.com)Universidade de Bras\u00edlia \u2013 Center for Sustainable Development (UnB-CDS), Brazil Papers publicados: http:\/\/www.citeulike.org\/user\/IAI\/tag\/sgp-hd009 Resumen ejecutivo&nbsp;Investigadores Resumen ejecutivo \u00bfC\u00f3mo perciben y asimilan los productores rurales americanos los cambios clim\u00e1ticos? \u00bfC\u00f3mo incorporan [&hellip;]<\/p>\n","protected":false},"author":1,"featured_media":0,"parent":0,"menu_order":0,"comment_status":"closed","ping_status":"closed","template":"","meta":{"_acf_changed":false,"_uag_custom_page_level_css":"","footnotes":""},"class_list":["post-878","page","type-page","status-publish","hentry"],"acf":[],"yoast_head":"<!-- This site is optimized with the Yoast SEO plugin v27.3 - https:\/\/yoast.com\/product\/yoast-seo-wordpress\/ -->\n<title>Dise\u00f1o de una metodolog\u00eda para evaluar el conocimiento local sobre cambio global y su papel en la construcci\u00f3n de escenarios futuros de uso de la tierra por actores locales (SCENARIOS) (SGP-HD 009) - IAI - Inter-American Institute for Global Change Research<\/title>\n<meta name=\"robots\" content=\"index, follow, max-snippet:-1, max-image-preview:large, max-video-preview:-1\" \/>\n<link rel=\"canonical\" href=\"https:\/\/iai.int\/es\/diseno-de-una-metodologia-para-evaluar-el-conocimiento-local-sobre-cambio-global-y-su-papel-en-la-construccion-de-escenarios-futuros-de-uso-de-la-tierra-por-actores-locales-scenarios-sgp-hd-009\/\" \/>\n<meta property=\"og:locale\" content=\"es_ES\" \/>\n<meta property=\"og:type\" content=\"article\" \/>\n<meta property=\"og:title\" content=\"Dise\u00f1o de una metodolog\u00eda para evaluar el conocimiento local sobre cambio global y su papel en la construcci\u00f3n de escenarios futuros de uso de la tierra por actores locales (SCENARIOS) (SGP-HD 009) - IAI - Inter-American Institute for Global Change Research\" \/>\n<meta property=\"og:description\" content=\"Esquema del \u00e1rea de estudio en la Amazon\u00eda, Brasil1 Amazon\u00f1ia, Brasil, mayo de 20082 Huaraz, Per\u00fa3 Change Islands, Canad\u00e1 Informaci\u00f3n de proyecto Investigador principal: Jean-Fran\u00e7ois Tourrand&nbsp;(tourrand@aol.com)Universidade de Bras\u00edlia \u2013 Center for Sustainable Development (UnB-CDS), Brazil Papers publicados: http:\/\/www.citeulike.org\/user\/IAI\/tag\/sgp-hd009 Resumen ejecutivo&nbsp;Investigadores Resumen ejecutivo \u00bfC\u00f3mo perciben y asimilan los productores rurales americanos los cambios clim\u00e1ticos? \u00bfC\u00f3mo incorporan [&hellip;]\" \/>\n<meta property=\"og:url\" content=\"https:\/\/iai.int\/es\/diseno-de-una-metodologia-para-evaluar-el-conocimiento-local-sobre-cambio-global-y-su-papel-en-la-construccion-de-escenarios-futuros-de-uso-de-la-tierra-por-actores-locales-scenarios-sgp-hd-009\/\" \/>\n<meta property=\"og:site_name\" content=\"IAI - Inter-American Institute for Global Change Research\" \/>\n<meta name=\"twitter:card\" content=\"summary_large_image\" \/>\n<meta name=\"twitter:label1\" content=\"Tiempo de lectura\" \/>\n\t<meta name=\"twitter:data1\" content=\"3 minutos\" \/>\n<script type=\"application\/ld+json\" class=\"yoast-schema-graph\">{\"@context\":\"https:\\\/\\\/schema.org\",\"@graph\":[{\"@type\":\"WebPage\",\"@id\":\"https:\\\/\\\/iai.int\\\/es\\\/diseno-de-una-metodologia-para-evaluar-el-conocimiento-local-sobre-cambio-global-y-su-papel-en-la-construccion-de-escenarios-futuros-de-uso-de-la-tierra-por-actores-locales-scenarios-sgp-hd-009\\\/\",\"url\":\"https:\\\/\\\/iai.int\\\/es\\\/diseno-de-una-metodologia-para-evaluar-el-conocimiento-local-sobre-cambio-global-y-su-papel-en-la-construccion-de-escenarios-futuros-de-uso-de-la-tierra-por-actores-locales-scenarios-sgp-hd-009\\\/\",\"name\":\"Dise\u00f1o de una metodolog\u00eda para evaluar el conocimiento local sobre cambio global y su papel en la construcci\u00f3n de escenarios futuros de uso de la tierra por actores locales (SCENARIOS) (SGP-HD 009) - IAI - Inter-American Institute for Global Change Research\",\"isPartOf\":{\"@id\":\"https:\\\/\\\/iai.int\\\/es\\\/#website\"},\"primaryImageOfPage\":{\"@id\":\"https:\\\/\\\/iai.int\\\/es\\\/diseno-de-una-metodologia-para-evaluar-el-conocimiento-local-sobre-cambio-global-y-su-papel-en-la-construccion-de-escenarios-futuros-de-uso-de-la-tierra-por-actores-locales-scenarios-sgp-hd-009\\\/#primaryimage\"},\"image\":{\"@id\":\"https:\\\/\\\/iai.int\\\/es\\\/diseno-de-una-metodologia-para-evaluar-el-conocimiento-local-sobre-cambio-global-y-su-papel-en-la-construccion-de-escenarios-futuros-de-uso-de-la-tierra-por-actores-locales-scenarios-sgp-hd-009\\\/#primaryimage\"},\"thumbnailUrl\":\"https:\\\/\\\/iai.int\\\/admin\\\/site\\\/sites\\\/default\\\/files\\\/uploads\\\/2014\\\/03\\\/SGP-HD_9.jpg\",\"datePublished\":\"2024-09-16T18:39:51+00:00\",\"breadcrumb\":{\"@id\":\"https:\\\/\\\/iai.int\\\/es\\\/diseno-de-una-metodologia-para-evaluar-el-conocimiento-local-sobre-cambio-global-y-su-papel-en-la-construccion-de-escenarios-futuros-de-uso-de-la-tierra-por-actores-locales-scenarios-sgp-hd-009\\\/#breadcrumb\"},\"inLanguage\":\"es\",\"potentialAction\":[{\"@type\":\"ReadAction\",\"target\":[\"https:\\\/\\\/iai.int\\\/es\\\/diseno-de-una-metodologia-para-evaluar-el-conocimiento-local-sobre-cambio-global-y-su-papel-en-la-construccion-de-escenarios-futuros-de-uso-de-la-tierra-por-actores-locales-scenarios-sgp-hd-009\\\/\"]}]},{\"@type\":\"ImageObject\",\"inLanguage\":\"es\",\"@id\":\"https:\\\/\\\/iai.int\\\/es\\\/diseno-de-una-metodologia-para-evaluar-el-conocimiento-local-sobre-cambio-global-y-su-papel-en-la-construccion-de-escenarios-futuros-de-uso-de-la-tierra-por-actores-locales-scenarios-sgp-hd-009\\\/#primaryimage\",\"url\":\"https:\\\/\\\/iai.int\\\/admin\\\/site\\\/sites\\\/default\\\/files\\\/uploads\\\/2014\\\/03\\\/SGP-HD_9.jpg\",\"contentUrl\":\"https:\\\/\\\/iai.int\\\/admin\\\/site\\\/sites\\\/default\\\/files\\\/uploads\\\/2014\\\/03\\\/SGP-HD_9.jpg\"},{\"@type\":\"BreadcrumbList\",\"@id\":\"https:\\\/\\\/iai.int\\\/es\\\/diseno-de-una-metodologia-para-evaluar-el-conocimiento-local-sobre-cambio-global-y-su-papel-en-la-construccion-de-escenarios-futuros-de-uso-de-la-tierra-por-actores-locales-scenarios-sgp-hd-009\\\/#breadcrumb\",\"itemListElement\":[{\"@type\":\"ListItem\",\"position\":1,\"name\":\"Portada\",\"item\":\"https:\\\/\\\/iai.int\\\/es\\\/\"},{\"@type\":\"ListItem\",\"position\":2,\"name\":\"Dise\u00f1o de una metodolog\u00eda para evaluar el conocimiento local sobre cambio global y su papel en la construcci\u00f3n de escenarios futuros de uso de la tierra por actores locales (SCENARIOS) (SGP-HD 009)\"}]},{\"@type\":\"WebSite\",\"@id\":\"https:\\\/\\\/iai.int\\\/es\\\/#website\",\"url\":\"https:\\\/\\\/iai.int\\\/es\\\/\",\"name\":\"IAI - Inter-American Institute for Global Change Research\",\"description\":\"\",\"publisher\":{\"@id\":\"https:\\\/\\\/iai.int\\\/es\\\/#organization\"},\"potentialAction\":[{\"@type\":\"SearchAction\",\"target\":{\"@type\":\"EntryPoint\",\"urlTemplate\":\"https:\\\/\\\/iai.int\\\/es\\\/?s={search_term_string}\"},\"query-input\":{\"@type\":\"PropertyValueSpecification\",\"valueRequired\":true,\"valueName\":\"search_term_string\"}}],\"inLanguage\":\"es\"},{\"@type\":\"Organization\",\"@id\":\"https:\\\/\\\/iai.int\\\/es\\\/#organization\",\"name\":\"IAI - Inter-American Institute for Global Change Research\",\"url\":\"https:\\\/\\\/iai.int\\\/es\\\/\",\"logo\":{\"@type\":\"ImageObject\",\"inLanguage\":\"es\",\"@id\":\"https:\\\/\\\/iai.int\\\/es\\\/#\\\/schema\\\/logo\\\/image\\\/\",\"url\":\"https:\\\/\\\/iai.int\\\/wp-content\\\/uploads\\\/2025\\\/11\\\/IAI-logo-English-scaled.png\",\"contentUrl\":\"https:\\\/\\\/iai.int\\\/wp-content\\\/uploads\\\/2025\\\/11\\\/IAI-logo-English-scaled.png\",\"width\":2560,\"height\":985,\"caption\":\"IAI - Inter-American Institute for Global Change Research\"},\"image\":{\"@id\":\"https:\\\/\\\/iai.int\\\/es\\\/#\\\/schema\\\/logo\\\/image\\\/\"}}]}<\/script>\n<!-- \/ Yoast SEO plugin. -->","yoast_head_json":{"title":"Dise\u00f1o de una metodolog\u00eda para evaluar el conocimiento local sobre cambio global y su papel en la construcci\u00f3n de escenarios futuros de uso de la tierra por actores locales (SCENARIOS) (SGP-HD 009) - IAI - Inter-American Institute for Global Change Research","robots":{"index":"index","follow":"follow","max-snippet":"max-snippet:-1","max-image-preview":"max-image-preview:large","max-video-preview":"max-video-preview:-1"},"canonical":"https:\/\/iai.int\/es\/diseno-de-una-metodologia-para-evaluar-el-conocimiento-local-sobre-cambio-global-y-su-papel-en-la-construccion-de-escenarios-futuros-de-uso-de-la-tierra-por-actores-locales-scenarios-sgp-hd-009\/","og_locale":"es_ES","og_type":"article","og_title":"Dise\u00f1o de una metodolog\u00eda para evaluar el conocimiento local sobre cambio global y su papel en la construcci\u00f3n de escenarios futuros de uso de la tierra por actores locales (SCENARIOS) (SGP-HD 009) - IAI - Inter-American Institute for Global Change Research","og_description":"Esquema del \u00e1rea de estudio en la Amazon\u00eda, Brasil1 Amazon\u00f1ia, Brasil, mayo de 20082 Huaraz, Per\u00fa3 Change Islands, Canad\u00e1 Informaci\u00f3n de proyecto Investigador principal: Jean-Fran\u00e7ois Tourrand&nbsp;(tourrand@aol.com)Universidade de Bras\u00edlia \u2013 Center for Sustainable Development (UnB-CDS), Brazil Papers publicados: http:\/\/www.citeulike.org\/user\/IAI\/tag\/sgp-hd009 Resumen ejecutivo&nbsp;Investigadores Resumen ejecutivo \u00bfC\u00f3mo perciben y asimilan los productores rurales americanos los cambios clim\u00e1ticos? \u00bfC\u00f3mo incorporan [&hellip;]","og_url":"https:\/\/iai.int\/es\/diseno-de-una-metodologia-para-evaluar-el-conocimiento-local-sobre-cambio-global-y-su-papel-en-la-construccion-de-escenarios-futuros-de-uso-de-la-tierra-por-actores-locales-scenarios-sgp-hd-009\/","og_site_name":"IAI - Inter-American Institute for Global Change Research","twitter_card":"summary_large_image","twitter_misc":{"Tiempo de lectura":"3 minutos"},"schema":{"@context":"https:\/\/schema.org","@graph":[{"@type":"WebPage","@id":"https:\/\/iai.int\/es\/diseno-de-una-metodologia-para-evaluar-el-conocimiento-local-sobre-cambio-global-y-su-papel-en-la-construccion-de-escenarios-futuros-de-uso-de-la-tierra-por-actores-locales-scenarios-sgp-hd-009\/","url":"https:\/\/iai.int\/es\/diseno-de-una-metodologia-para-evaluar-el-conocimiento-local-sobre-cambio-global-y-su-papel-en-la-construccion-de-escenarios-futuros-de-uso-de-la-tierra-por-actores-locales-scenarios-sgp-hd-009\/","name":"Dise\u00f1o de una metodolog\u00eda para evaluar el conocimiento local sobre cambio global y su papel en la construcci\u00f3n de escenarios futuros de uso de la tierra por actores locales (SCENARIOS) (SGP-HD 009) - IAI - Inter-American Institute for Global Change Research","isPartOf":{"@id":"https:\/\/iai.int\/es\/#website"},"primaryImageOfPage":{"@id":"https:\/\/iai.int\/es\/diseno-de-una-metodologia-para-evaluar-el-conocimiento-local-sobre-cambio-global-y-su-papel-en-la-construccion-de-escenarios-futuros-de-uso-de-la-tierra-por-actores-locales-scenarios-sgp-hd-009\/#primaryimage"},"image":{"@id":"https:\/\/iai.int\/es\/diseno-de-una-metodologia-para-evaluar-el-conocimiento-local-sobre-cambio-global-y-su-papel-en-la-construccion-de-escenarios-futuros-de-uso-de-la-tierra-por-actores-locales-scenarios-sgp-hd-009\/#primaryimage"},"thumbnailUrl":"https:\/\/iai.int\/admin\/site\/sites\/default\/files\/uploads\/2014\/03\/SGP-HD_9.jpg","datePublished":"2024-09-16T18:39:51+00:00","breadcrumb":{"@id":"https:\/\/iai.int\/es\/diseno-de-una-metodologia-para-evaluar-el-conocimiento-local-sobre-cambio-global-y-su-papel-en-la-construccion-de-escenarios-futuros-de-uso-de-la-tierra-por-actores-locales-scenarios-sgp-hd-009\/#breadcrumb"},"inLanguage":"es","potentialAction":[{"@type":"ReadAction","target":["https:\/\/iai.int\/es\/diseno-de-una-metodologia-para-evaluar-el-conocimiento-local-sobre-cambio-global-y-su-papel-en-la-construccion-de-escenarios-futuros-de-uso-de-la-tierra-por-actores-locales-scenarios-sgp-hd-009\/"]}]},{"@type":"ImageObject","inLanguage":"es","@id":"https:\/\/iai.int\/es\/diseno-de-una-metodologia-para-evaluar-el-conocimiento-local-sobre-cambio-global-y-su-papel-en-la-construccion-de-escenarios-futuros-de-uso-de-la-tierra-por-actores-locales-scenarios-sgp-hd-009\/#primaryimage","url":"https:\/\/iai.int\/admin\/site\/sites\/default\/files\/uploads\/2014\/03\/SGP-HD_9.jpg","contentUrl":"https:\/\/iai.int\/admin\/site\/sites\/default\/files\/uploads\/2014\/03\/SGP-HD_9.jpg"},{"@type":"BreadcrumbList","@id":"https:\/\/iai.int\/es\/diseno-de-una-metodologia-para-evaluar-el-conocimiento-local-sobre-cambio-global-y-su-papel-en-la-construccion-de-escenarios-futuros-de-uso-de-la-tierra-por-actores-locales-scenarios-sgp-hd-009\/#breadcrumb","itemListElement":[{"@type":"ListItem","position":1,"name":"Portada","item":"https:\/\/iai.int\/es\/"},{"@type":"ListItem","position":2,"name":"Dise\u00f1o de una metodolog\u00eda para evaluar el conocimiento local sobre cambio global y su papel en la construcci\u00f3n de escenarios futuros de uso de la tierra por actores locales (SCENARIOS) (SGP-HD 009)"}]},{"@type":"WebSite","@id":"https:\/\/iai.int\/es\/#website","url":"https:\/\/iai.int\/es\/","name":"IAI - Inter-American Institute for Global Change Research","description":"","publisher":{"@id":"https:\/\/iai.int\/es\/#organization"},"potentialAction":[{"@type":"SearchAction","target":{"@type":"EntryPoint","urlTemplate":"https:\/\/iai.int\/es\/?s={search_term_string}"},"query-input":{"@type":"PropertyValueSpecification","valueRequired":true,"valueName":"search_term_string"}}],"inLanguage":"es"},{"@type":"Organization","@id":"https:\/\/iai.int\/es\/#organization","name":"IAI - Inter-American Institute for Global Change Research","url":"https:\/\/iai.int\/es\/","logo":{"@type":"ImageObject","inLanguage":"es","@id":"https:\/\/iai.int\/es\/#\/schema\/logo\/image\/","url":"https:\/\/iai.int\/wp-content\/uploads\/2025\/11\/IAI-logo-English-scaled.png","contentUrl":"https:\/\/iai.int\/wp-content\/uploads\/2025\/11\/IAI-logo-English-scaled.png","width":2560,"height":985,"caption":"IAI - Inter-American Institute for Global Change Research"},"image":{"@id":"https:\/\/iai.int\/es\/#\/schema\/logo\/image\/"}}]}},"uagb_featured_image_src":{"full":false,"thumbnail":false,"medium":false,"medium_large":false,"large":false,"1536x1536":false,"2048x2048":false},"uagb_author_info":{"display_name":"admin","author_link":"https:\/\/iai.int\/es\/author\/admin\/"},"uagb_comment_info":0,"uagb_excerpt":"Esquema del \u00e1rea de estudio en la Amazon\u00eda, Brasil1 Amazon\u00f1ia, Brasil, mayo de 20082 Huaraz, Per\u00fa3 Change Islands, Canad\u00e1 Informaci\u00f3n de proyecto Investigador principal: Jean-Fran\u00e7ois Tourrand&nbsp;(tourrand@aol.com)Universidade de Bras\u00edlia \u2013 Center for Sustainable Development (UnB-CDS), Brazil Papers publicados: http:\/\/www.citeulike.org\/user\/IAI\/tag\/sgp-hd009 Resumen ejecutivo&nbsp;Investigadores Resumen ejecutivo \u00bfC\u00f3mo perciben y asimilan los productores rurales americanos los cambios clim\u00e1ticos? \u00bfC\u00f3mo incorporan&hellip;","_links":{"self":[{"href":"https:\/\/iai.int\/es\/wp-json\/wp\/v2\/pages\/878","targetHints":{"allow":["GET"]}}],"collection":[{"href":"https:\/\/iai.int\/es\/wp-json\/wp\/v2\/pages"}],"about":[{"href":"https:\/\/iai.int\/es\/wp-json\/wp\/v2\/types\/page"}],"author":[{"embeddable":true,"href":"https:\/\/iai.int\/es\/wp-json\/wp\/v2\/users\/1"}],"replies":[{"embeddable":true,"href":"https:\/\/iai.int\/es\/wp-json\/wp\/v2\/comments?post=878"}],"version-history":[{"count":1,"href":"https:\/\/iai.int\/es\/wp-json\/wp\/v2\/pages\/878\/revisions"}],"predecessor-version":[{"id":879,"href":"https:\/\/iai.int\/es\/wp-json\/wp\/v2\/pages\/878\/revisions\/879"}],"wp:attachment":[{"href":"https:\/\/iai.int\/es\/wp-json\/wp\/v2\/media?parent=878"}],"curies":[{"name":"wp","href":"https:\/\/api.w.org\/{rel}","templated":true}]}}