{"id":875,"date":"2024-09-16T15:38:30","date_gmt":"2024-09-16T18:38:30","guid":{"rendered":"https:\/\/iai.int\/?page_id=875"},"modified":"2024-09-16T15:38:30","modified_gmt":"2024-09-16T18:38:30","slug":"impactos-de-las-politicas-de-conservacion-en-los-bosques-secos-tropicales-analisis-regionales-y-con-enfoque-espacial-ante-diferentes-impulsores-sociales-y-naturales-del-uso-de-la-tierra-sgp-hd-008","status":"publish","type":"page","link":"https:\/\/iai.int\/es\/impactos-de-las-politicas-de-conservacion-en-los-bosques-secos-tropicales-analisis-regionales-y-con-enfoque-espacial-ante-diferentes-impulsores-sociales-y-naturales-del-uso-de-la-tierra-sgp-hd-008\/","title":{"rendered":"Impactos de las pol\u00edticas de conservaci\u00f3n en los bosques secos tropicales: an\u00e1lisis regionales y con enfoque espacial ante diferentes impulsores sociales y naturales del uso de la tierra (SGP-HD 008)"},"content":{"rendered":"\n<p><img fetchpriority=\"high\" decoding=\"async\" alt=\"sgphd008\" height=\"171\" src=\"https:\/\/iai.int\/admin\/site\/sites\/default\/files\/uploads\/2014\/03\/sgphd008.jpg\" width=\"690\"><\/p>\n\n\n\n<p><em>Bosques secos en Brasil<\/em><\/p>\n\n\n\n<h3 class=\"wp-block-heading\">Informaci\u00f3n de proyecto<\/h3>\n\n\n\n<p><strong>Investigador principal:<\/strong><\/p>\n\n\n\n<p><em>Alexander Pfaff<\/em>&nbsp;(<a href=\"mailto:alex.pfaff@columbia.edu\">alex.pfaff@columbia.edu<\/a>)<br>Duke University (EEUU)<\/p>\n\n\n\n<p><strong>Papers publicados:<\/strong><\/p>\n\n\n\n<p><a href=\"http:\/\/www.citeulike.org\/user\/IAI\/tag\/sgp-hd008\" target=\"_blank\" rel=\"noreferrer noopener\">http:\/\/www.citeulike.org\/user\/IAI\/tag\/sgp-hd008<\/a><\/p>\n\n\n\n<p><a href=\"https:\/\/iai.int\/es\/meetings\/detail\/sgp-hd-008#summary\">Resumen ejecutivo<\/a>&nbsp;<a href=\"https:\/\/iai.int\/es\/meetings\/detail\/sgp-hd-008#investigadores\">Investigadores<\/a><\/p>\n\n\n\n<h3 class=\"wp-block-heading\" id=\"summary\">Resumen ejecutivo<\/h3>\n\n\n\n<p>La conservaci\u00f3n efectiva de los bosques secos tropicales requiere enfoques innovadores que est\u00e1n bien basados en la excelencia cient\u00edfica. Este proyecto analiza los impactos de los pagos y de la creaci\u00f3n de reservas en \u00e1reas de bosques secos tropicales de Costa Rica y Brasil. Los pagos por servicios ecosist\u00e9micos y la creaci\u00f3n de reservas son importantes herramientas de conservaci\u00f3n. El proyecto busca responder las siguientes interrogantes: \u00bfqu\u00e9 factores afectan la deforestaci\u00f3n en los bosques secos tropicales? \u00bfdifiere la din\u00e1mica impulsora de las fuerzas que dominan en otros tipos de bosque? \u00bfCu\u00e1n efectivas son las pol\u00edticas de conservaci\u00f3n como los pagos por servicioes ecol\u00f3gicos (en Costa Rica, PSAs, Pagos por Servicios Ambientales) y la creaci\u00f3n de reservas forestales (parques), en la reducci\u00f3n de la deforestaci\u00f3n de bosques secos tropicales?<\/p>\n\n\n\n<p><strong>Objetivo<\/strong><br>Comparar los impactos de las \u00e1reas protegidas y los pagos por servicios ambientales en los bosques secos tropicales con aquellos aplicados en otros tipos de bosques de Costa Rica y Brasil. Costa Rica es l\u00edder mundial en eco-pagos y parques.<\/p>\n\n\n\n<p><strong>Resultados<\/strong><br>Al evaluar los impactos de las pol\u00edticas, los estudios deben tomar en cuenta los factores no relacionados con las pol\u00edticas.<\/p>\n\n\n\n<p>La asimilaci\u00f3n de los impactos de los impulsores no relacionados con las pol\u00edticas del uso de la tierra y en particular de la deforestaci\u00f3n, ayuda a comprender si los factores no relacionados con las pol\u00edticas alteran el an\u00e1lisis de las pol\u00edticas de eco-pagos que compensan a los usuarios de la tierra por proteger los servicios que proporcionan a la sociedad. De hecho, se han confirmado impactos de impulsores biof\u00edsicos (ej., laderas, calidad del suelo, lluvias) y socioecon\u00f3micos (ej., distancia a mercados y carreteras), de manera que la deforestaci\u00f3n evitada puede deberse a factores distintos de los ecopagos. As\u00ed, el \u00e9xito de las pol\u00edticas de ecopagos depende en gran medida de su dise\u00f1o.<\/p>\n\n\n\n<p>\u00c1reas de conservaci\u00f3n: las \u00e1reas protegidas han evitado la deforestaci\u00f3n en grandes \u00e1reas en Costa Rica, pa\u00eds pionero en la creaci\u00f3n de parques. Sin embargo, las formas convencionales de evaluaci\u00f3n de los impactos de la conservaci\u00f3n, que no tomaron en cuenta covariaciones observables que correlacionan tanto con la protecci\u00f3n como con la deforestaci\u00f3n, sobreestimaban notablemente la deforestaci\u00f3n evitada (en m\u00e1s del 65%, seg\u00fan nuestras estimaciones). Un an\u00e1lisis m\u00e1s cuidadoso muestra que los parques han evitado la deforestaci\u00f3n en mucho menor medida que lo que se cree com\u00fanmente, ya que a menudo se establecen en lugares (distantes e inaccesibles, o con pendiente pronunciada) mucho menos amenazados que otras \u00e1reas boscosas. Entonces, el dise\u00f1o de pol\u00edticas de conservaci\u00f3n junto con la ubicaci\u00f3n de las \u00e1reas protegidas resultan cr\u00edticas para evitar la deforestaci\u00f3n. El impacto puede aumentar si se disponen \u00e1reas protegidas en lugares donde es m\u00e1s probable la deforestaci\u00f3n.<\/p>\n\n\n\n<p>Un estudio mostr\u00f3 que las \u00e1reas protegidas ubicadas dentro de radio de 85 km de distancia de la capital de Costa Rica, San Jos\u00e9, permitieron evitar la deforestaci\u00f3n de un 4% de su superficie entre 1986-1997. Las \u00e1reas ubicadas m\u00e1s lejos, evitaron menos del 1%. La protecci\u00f3n de zonas ubicadas a una distancia de hasta 7,5 km de las carreteras nacionales frenaron la tala de alrededor del 5% de bosques, y la protecci\u00f3n de tierras con pendientes menores que 7,12 grados evit\u00f3 una deforestaci\u00f3n del 14%. Por otro lado, no se observ\u00f3 protecci\u00f3n (es decir, no distinta de cero estad\u00edsticamente) en las \u00e1reas protegidas ubicadas lejos de carreteras nacionales o en terrenos con pendiente pronunciada.<\/p>\n\n\n\n<h3 class=\"wp-block-heading\" id=\"investigadores\">Investigadores del proyecto<\/h3>\n\n\n\n<p>Alexander Pfaff \u2013&nbsp;<a href=\"mailto:alex.pfaff@columbia.edu\">alex.pfaff@columbia.edu<\/a><br>Duke University, EEUU<br><em>Juan Robalino<\/em>, LACEEP &amp; Environment for Development Center, Turrialba, Costa Rica<br><em>Mario Marcos do Espirito Santo<\/em>, Universidade Estadual de Montes Claros, Brasil<br><em>Sebastian Salazar<\/em>, Fundaci\u00f3n Neotr\u00f3pica, Costa Rica<br><em>Laura Villalobos<\/em>, CATIE, Costa Rica<br><em>Lorena Coronel<\/em>, CATIE, Costa Rica<br><em>Luis Diego Herrera<\/em>, Universidad de Costa Rica, Costa Rica<\/p>\n","protected":false},"excerpt":{"rendered":"<p>Bosques secos en Brasil Informaci\u00f3n de proyecto Investigador principal: Alexander Pfaff&nbsp;(alex.pfaff@columbia.edu)Duke University (EEUU) Papers publicados: http:\/\/www.citeulike.org\/user\/IAI\/tag\/sgp-hd008 Resumen ejecutivo&nbsp;Investigadores Resumen ejecutivo La conservaci\u00f3n efectiva de los bosques secos tropicales requiere enfoques innovadores que est\u00e1n bien basados en la excelencia cient\u00edfica. Este proyecto analiza los impactos de los pagos y de la creaci\u00f3n de reservas en \u00e1reas [&hellip;]<\/p>\n","protected":false},"author":1,"featured_media":0,"parent":0,"menu_order":0,"comment_status":"closed","ping_status":"closed","template":"","meta":{"_acf_changed":false,"_uag_custom_page_level_css":"","footnotes":""},"class_list":["post-875","page","type-page","status-publish","hentry"],"acf":[],"yoast_head":"<!-- This site is optimized with the Yoast SEO plugin v27.3 - https:\/\/yoast.com\/product\/yoast-seo-wordpress\/ -->\n<title>Impactos de las pol\u00edticas de conservaci\u00f3n en los bosques secos tropicales: an\u00e1lisis regionales y con enfoque espacial ante diferentes impulsores sociales y naturales del uso de la tierra (SGP-HD 008) - IAI - Inter-American Institute for Global Change Research<\/title>\n<meta name=\"robots\" content=\"index, follow, max-snippet:-1, max-image-preview:large, max-video-preview:-1\" \/>\n<link rel=\"canonical\" href=\"https:\/\/iai.int\/es\/impactos-de-las-politicas-de-conservacion-en-los-bosques-secos-tropicales-analisis-regionales-y-con-enfoque-espacial-ante-diferentes-impulsores-sociales-y-naturales-del-uso-de-la-tierra-sgp-hd-008\/\" \/>\n<meta property=\"og:locale\" content=\"es_ES\" \/>\n<meta property=\"og:type\" content=\"article\" \/>\n<meta property=\"og:title\" content=\"Impactos de las pol\u00edticas de conservaci\u00f3n en los bosques secos tropicales: an\u00e1lisis regionales y con enfoque espacial ante diferentes impulsores sociales y naturales del uso de la tierra (SGP-HD 008) - IAI - Inter-American Institute for Global Change Research\" \/>\n<meta property=\"og:description\" content=\"Bosques secos en Brasil Informaci\u00f3n de proyecto Investigador principal: Alexander Pfaff&nbsp;(alex.pfaff@columbia.edu)Duke University (EEUU) Papers publicados: http:\/\/www.citeulike.org\/user\/IAI\/tag\/sgp-hd008 Resumen ejecutivo&nbsp;Investigadores Resumen ejecutivo La conservaci\u00f3n efectiva de los bosques secos tropicales requiere enfoques innovadores que est\u00e1n bien basados en la excelencia cient\u00edfica. Este proyecto analiza los impactos de los pagos y de la creaci\u00f3n de reservas en \u00e1reas [&hellip;]\" \/>\n<meta property=\"og:url\" content=\"https:\/\/iai.int\/es\/impactos-de-las-politicas-de-conservacion-en-los-bosques-secos-tropicales-analisis-regionales-y-con-enfoque-espacial-ante-diferentes-impulsores-sociales-y-naturales-del-uso-de-la-tierra-sgp-hd-008\/\" \/>\n<meta property=\"og:site_name\" content=\"IAI - Inter-American Institute for Global Change Research\" \/>\n<meta property=\"og:image\" content=\"https:\/\/iai.int\/admin\/site\/sites\/default\/files\/uploads\/2014\/03\/sgphd008.jpg\" \/>\n<meta name=\"twitter:card\" content=\"summary_large_image\" \/>\n<meta name=\"twitter:label1\" content=\"Tiempo de lectura\" \/>\n\t<meta name=\"twitter:data1\" content=\"4 minutos\" \/>\n<script type=\"application\/ld+json\" class=\"yoast-schema-graph\">{\"@context\":\"https:\\\/\\\/schema.org\",\"@graph\":[{\"@type\":\"WebPage\",\"@id\":\"https:\\\/\\\/iai.int\\\/es\\\/impactos-de-las-politicas-de-conservacion-en-los-bosques-secos-tropicales-analisis-regionales-y-con-enfoque-espacial-ante-diferentes-impulsores-sociales-y-naturales-del-uso-de-la-tierra-sgp-hd-008\\\/\",\"url\":\"https:\\\/\\\/iai.int\\\/es\\\/impactos-de-las-politicas-de-conservacion-en-los-bosques-secos-tropicales-analisis-regionales-y-con-enfoque-espacial-ante-diferentes-impulsores-sociales-y-naturales-del-uso-de-la-tierra-sgp-hd-008\\\/\",\"name\":\"Impactos de las pol\u00edticas de conservaci\u00f3n en los bosques secos tropicales: an\u00e1lisis regionales y con enfoque espacial ante diferentes impulsores sociales y naturales del uso de la tierra (SGP-HD 008) - IAI - Inter-American Institute for Global Change Research\",\"isPartOf\":{\"@id\":\"https:\\\/\\\/iai.int\\\/es\\\/#website\"},\"primaryImageOfPage\":{\"@id\":\"https:\\\/\\\/iai.int\\\/es\\\/impactos-de-las-politicas-de-conservacion-en-los-bosques-secos-tropicales-analisis-regionales-y-con-enfoque-espacial-ante-diferentes-impulsores-sociales-y-naturales-del-uso-de-la-tierra-sgp-hd-008\\\/#primaryimage\"},\"image\":{\"@id\":\"https:\\\/\\\/iai.int\\\/es\\\/impactos-de-las-politicas-de-conservacion-en-los-bosques-secos-tropicales-analisis-regionales-y-con-enfoque-espacial-ante-diferentes-impulsores-sociales-y-naturales-del-uso-de-la-tierra-sgp-hd-008\\\/#primaryimage\"},\"thumbnailUrl\":\"https:\\\/\\\/iai.int\\\/admin\\\/site\\\/sites\\\/default\\\/files\\\/uploads\\\/2014\\\/03\\\/sgphd008.jpg\",\"datePublished\":\"2024-09-16T18:38:30+00:00\",\"breadcrumb\":{\"@id\":\"https:\\\/\\\/iai.int\\\/es\\\/impactos-de-las-politicas-de-conservacion-en-los-bosques-secos-tropicales-analisis-regionales-y-con-enfoque-espacial-ante-diferentes-impulsores-sociales-y-naturales-del-uso-de-la-tierra-sgp-hd-008\\\/#breadcrumb\"},\"inLanguage\":\"es\",\"potentialAction\":[{\"@type\":\"ReadAction\",\"target\":[\"https:\\\/\\\/iai.int\\\/es\\\/impactos-de-las-politicas-de-conservacion-en-los-bosques-secos-tropicales-analisis-regionales-y-con-enfoque-espacial-ante-diferentes-impulsores-sociales-y-naturales-del-uso-de-la-tierra-sgp-hd-008\\\/\"]}]},{\"@type\":\"ImageObject\",\"inLanguage\":\"es\",\"@id\":\"https:\\\/\\\/iai.int\\\/es\\\/impactos-de-las-politicas-de-conservacion-en-los-bosques-secos-tropicales-analisis-regionales-y-con-enfoque-espacial-ante-diferentes-impulsores-sociales-y-naturales-del-uso-de-la-tierra-sgp-hd-008\\\/#primaryimage\",\"url\":\"https:\\\/\\\/iai.int\\\/admin\\\/site\\\/sites\\\/default\\\/files\\\/uploads\\\/2014\\\/03\\\/sgphd008.jpg\",\"contentUrl\":\"https:\\\/\\\/iai.int\\\/admin\\\/site\\\/sites\\\/default\\\/files\\\/uploads\\\/2014\\\/03\\\/sgphd008.jpg\"},{\"@type\":\"BreadcrumbList\",\"@id\":\"https:\\\/\\\/iai.int\\\/es\\\/impactos-de-las-politicas-de-conservacion-en-los-bosques-secos-tropicales-analisis-regionales-y-con-enfoque-espacial-ante-diferentes-impulsores-sociales-y-naturales-del-uso-de-la-tierra-sgp-hd-008\\\/#breadcrumb\",\"itemListElement\":[{\"@type\":\"ListItem\",\"position\":1,\"name\":\"Portada\",\"item\":\"https:\\\/\\\/iai.int\\\/es\\\/\"},{\"@type\":\"ListItem\",\"position\":2,\"name\":\"Impactos de las pol\u00edticas de conservaci\u00f3n en los bosques secos tropicales: an\u00e1lisis regionales y con enfoque espacial ante diferentes impulsores sociales y naturales del uso de la tierra (SGP-HD 008)\"}]},{\"@type\":\"WebSite\",\"@id\":\"https:\\\/\\\/iai.int\\\/es\\\/#website\",\"url\":\"https:\\\/\\\/iai.int\\\/es\\\/\",\"name\":\"IAI - Inter-American Institute for Global Change Research\",\"description\":\"\",\"publisher\":{\"@id\":\"https:\\\/\\\/iai.int\\\/es\\\/#organization\"},\"potentialAction\":[{\"@type\":\"SearchAction\",\"target\":{\"@type\":\"EntryPoint\",\"urlTemplate\":\"https:\\\/\\\/iai.int\\\/es\\\/?s={search_term_string}\"},\"query-input\":{\"@type\":\"PropertyValueSpecification\",\"valueRequired\":true,\"valueName\":\"search_term_string\"}}],\"inLanguage\":\"es\"},{\"@type\":\"Organization\",\"@id\":\"https:\\\/\\\/iai.int\\\/es\\\/#organization\",\"name\":\"IAI - Inter-American Institute for Global Change Research\",\"url\":\"https:\\\/\\\/iai.int\\\/es\\\/\",\"logo\":{\"@type\":\"ImageObject\",\"inLanguage\":\"es\",\"@id\":\"https:\\\/\\\/iai.int\\\/es\\\/#\\\/schema\\\/logo\\\/image\\\/\",\"url\":\"https:\\\/\\\/iai.int\\\/wp-content\\\/uploads\\\/2025\\\/11\\\/IAI-logo-English-scaled.png\",\"contentUrl\":\"https:\\\/\\\/iai.int\\\/wp-content\\\/uploads\\\/2025\\\/11\\\/IAI-logo-English-scaled.png\",\"width\":2560,\"height\":985,\"caption\":\"IAI - Inter-American Institute for Global Change Research\"},\"image\":{\"@id\":\"https:\\\/\\\/iai.int\\\/es\\\/#\\\/schema\\\/logo\\\/image\\\/\"}}]}<\/script>\n<!-- \/ Yoast SEO plugin. -->","yoast_head_json":{"title":"Impactos de las pol\u00edticas de conservaci\u00f3n en los bosques secos tropicales: an\u00e1lisis regionales y con enfoque espacial ante diferentes impulsores sociales y naturales del uso de la tierra (SGP-HD 008) - IAI - Inter-American Institute for Global Change Research","robots":{"index":"index","follow":"follow","max-snippet":"max-snippet:-1","max-image-preview":"max-image-preview:large","max-video-preview":"max-video-preview:-1"},"canonical":"https:\/\/iai.int\/es\/impactos-de-las-politicas-de-conservacion-en-los-bosques-secos-tropicales-analisis-regionales-y-con-enfoque-espacial-ante-diferentes-impulsores-sociales-y-naturales-del-uso-de-la-tierra-sgp-hd-008\/","og_locale":"es_ES","og_type":"article","og_title":"Impactos de las pol\u00edticas de conservaci\u00f3n en los bosques secos tropicales: an\u00e1lisis regionales y con enfoque espacial ante diferentes impulsores sociales y naturales del uso de la tierra (SGP-HD 008) - IAI - Inter-American Institute for Global Change Research","og_description":"Bosques secos en Brasil Informaci\u00f3n de proyecto Investigador principal: Alexander Pfaff&nbsp;(alex.pfaff@columbia.edu)Duke University (EEUU) Papers publicados: http:\/\/www.citeulike.org\/user\/IAI\/tag\/sgp-hd008 Resumen ejecutivo&nbsp;Investigadores Resumen ejecutivo La conservaci\u00f3n efectiva de los bosques secos tropicales requiere enfoques innovadores que est\u00e1n bien basados en la excelencia cient\u00edfica. Este proyecto analiza los impactos de los pagos y de la creaci\u00f3n de reservas en \u00e1reas [&hellip;]","og_url":"https:\/\/iai.int\/es\/impactos-de-las-politicas-de-conservacion-en-los-bosques-secos-tropicales-analisis-regionales-y-con-enfoque-espacial-ante-diferentes-impulsores-sociales-y-naturales-del-uso-de-la-tierra-sgp-hd-008\/","og_site_name":"IAI - Inter-American Institute for Global Change Research","og_image":[{"url":"https:\/\/iai.int\/admin\/site\/sites\/default\/files\/uploads\/2014\/03\/sgphd008.jpg","type":"","width":"","height":""}],"twitter_card":"summary_large_image","twitter_misc":{"Tiempo de lectura":"4 minutos"},"schema":{"@context":"https:\/\/schema.org","@graph":[{"@type":"WebPage","@id":"https:\/\/iai.int\/es\/impactos-de-las-politicas-de-conservacion-en-los-bosques-secos-tropicales-analisis-regionales-y-con-enfoque-espacial-ante-diferentes-impulsores-sociales-y-naturales-del-uso-de-la-tierra-sgp-hd-008\/","url":"https:\/\/iai.int\/es\/impactos-de-las-politicas-de-conservacion-en-los-bosques-secos-tropicales-analisis-regionales-y-con-enfoque-espacial-ante-diferentes-impulsores-sociales-y-naturales-del-uso-de-la-tierra-sgp-hd-008\/","name":"Impactos de las pol\u00edticas de conservaci\u00f3n en los bosques secos tropicales: an\u00e1lisis regionales y con enfoque espacial ante diferentes impulsores sociales y naturales del uso de la tierra (SGP-HD 008) - IAI - Inter-American Institute for Global Change Research","isPartOf":{"@id":"https:\/\/iai.int\/es\/#website"},"primaryImageOfPage":{"@id":"https:\/\/iai.int\/es\/impactos-de-las-politicas-de-conservacion-en-los-bosques-secos-tropicales-analisis-regionales-y-con-enfoque-espacial-ante-diferentes-impulsores-sociales-y-naturales-del-uso-de-la-tierra-sgp-hd-008\/#primaryimage"},"image":{"@id":"https:\/\/iai.int\/es\/impactos-de-las-politicas-de-conservacion-en-los-bosques-secos-tropicales-analisis-regionales-y-con-enfoque-espacial-ante-diferentes-impulsores-sociales-y-naturales-del-uso-de-la-tierra-sgp-hd-008\/#primaryimage"},"thumbnailUrl":"https:\/\/iai.int\/admin\/site\/sites\/default\/files\/uploads\/2014\/03\/sgphd008.jpg","datePublished":"2024-09-16T18:38:30+00:00","breadcrumb":{"@id":"https:\/\/iai.int\/es\/impactos-de-las-politicas-de-conservacion-en-los-bosques-secos-tropicales-analisis-regionales-y-con-enfoque-espacial-ante-diferentes-impulsores-sociales-y-naturales-del-uso-de-la-tierra-sgp-hd-008\/#breadcrumb"},"inLanguage":"es","potentialAction":[{"@type":"ReadAction","target":["https:\/\/iai.int\/es\/impactos-de-las-politicas-de-conservacion-en-los-bosques-secos-tropicales-analisis-regionales-y-con-enfoque-espacial-ante-diferentes-impulsores-sociales-y-naturales-del-uso-de-la-tierra-sgp-hd-008\/"]}]},{"@type":"ImageObject","inLanguage":"es","@id":"https:\/\/iai.int\/es\/impactos-de-las-politicas-de-conservacion-en-los-bosques-secos-tropicales-analisis-regionales-y-con-enfoque-espacial-ante-diferentes-impulsores-sociales-y-naturales-del-uso-de-la-tierra-sgp-hd-008\/#primaryimage","url":"https:\/\/iai.int\/admin\/site\/sites\/default\/files\/uploads\/2014\/03\/sgphd008.jpg","contentUrl":"https:\/\/iai.int\/admin\/site\/sites\/default\/files\/uploads\/2014\/03\/sgphd008.jpg"},{"@type":"BreadcrumbList","@id":"https:\/\/iai.int\/es\/impactos-de-las-politicas-de-conservacion-en-los-bosques-secos-tropicales-analisis-regionales-y-con-enfoque-espacial-ante-diferentes-impulsores-sociales-y-naturales-del-uso-de-la-tierra-sgp-hd-008\/#breadcrumb","itemListElement":[{"@type":"ListItem","position":1,"name":"Portada","item":"https:\/\/iai.int\/es\/"},{"@type":"ListItem","position":2,"name":"Impactos de las pol\u00edticas de conservaci\u00f3n en los bosques secos tropicales: an\u00e1lisis regionales y con enfoque espacial ante diferentes impulsores sociales y naturales del uso de la tierra (SGP-HD 008)"}]},{"@type":"WebSite","@id":"https:\/\/iai.int\/es\/#website","url":"https:\/\/iai.int\/es\/","name":"IAI - Inter-American Institute for Global Change Research","description":"","publisher":{"@id":"https:\/\/iai.int\/es\/#organization"},"potentialAction":[{"@type":"SearchAction","target":{"@type":"EntryPoint","urlTemplate":"https:\/\/iai.int\/es\/?s={search_term_string}"},"query-input":{"@type":"PropertyValueSpecification","valueRequired":true,"valueName":"search_term_string"}}],"inLanguage":"es"},{"@type":"Organization","@id":"https:\/\/iai.int\/es\/#organization","name":"IAI - Inter-American Institute for Global Change Research","url":"https:\/\/iai.int\/es\/","logo":{"@type":"ImageObject","inLanguage":"es","@id":"https:\/\/iai.int\/es\/#\/schema\/logo\/image\/","url":"https:\/\/iai.int\/wp-content\/uploads\/2025\/11\/IAI-logo-English-scaled.png","contentUrl":"https:\/\/iai.int\/wp-content\/uploads\/2025\/11\/IAI-logo-English-scaled.png","width":2560,"height":985,"caption":"IAI - Inter-American Institute for Global Change Research"},"image":{"@id":"https:\/\/iai.int\/es\/#\/schema\/logo\/image\/"}}]}},"uagb_featured_image_src":{"full":false,"thumbnail":false,"medium":false,"medium_large":false,"large":false,"1536x1536":false,"2048x2048":false},"uagb_author_info":{"display_name":"admin","author_link":"https:\/\/iai.int\/es\/author\/admin\/"},"uagb_comment_info":0,"uagb_excerpt":"Bosques secos en Brasil Informaci\u00f3n de proyecto Investigador principal: Alexander Pfaff&nbsp;(alex.pfaff@columbia.edu)Duke University (EEUU) Papers publicados: http:\/\/www.citeulike.org\/user\/IAI\/tag\/sgp-hd008 Resumen ejecutivo&nbsp;Investigadores Resumen ejecutivo La conservaci\u00f3n efectiva de los bosques secos tropicales requiere enfoques innovadores que est\u00e1n bien basados en la excelencia cient\u00edfica. Este proyecto analiza los impactos de los pagos y de la creaci\u00f3n de reservas en \u00e1reas&hellip;","_links":{"self":[{"href":"https:\/\/iai.int\/es\/wp-json\/wp\/v2\/pages\/875","targetHints":{"allow":["GET"]}}],"collection":[{"href":"https:\/\/iai.int\/es\/wp-json\/wp\/v2\/pages"}],"about":[{"href":"https:\/\/iai.int\/es\/wp-json\/wp\/v2\/types\/page"}],"author":[{"embeddable":true,"href":"https:\/\/iai.int\/es\/wp-json\/wp\/v2\/users\/1"}],"replies":[{"embeddable":true,"href":"https:\/\/iai.int\/es\/wp-json\/wp\/v2\/comments?post=875"}],"version-history":[{"count":1,"href":"https:\/\/iai.int\/es\/wp-json\/wp\/v2\/pages\/875\/revisions"}],"predecessor-version":[{"id":876,"href":"https:\/\/iai.int\/es\/wp-json\/wp\/v2\/pages\/875\/revisions\/876"}],"wp:attachment":[{"href":"https:\/\/iai.int\/es\/wp-json\/wp\/v2\/media?parent=875"}],"curies":[{"name":"wp","href":"https:\/\/api.w.org\/{rel}","templated":true}]}}