{"id":872,"date":"2024-09-16T15:36:29","date_gmt":"2024-09-16T18:36:29","guid":{"rendered":"https:\/\/iai.int\/?page_id=872"},"modified":"2024-10-08T00:16:26","modified_gmt":"2024-10-08T03:16:26","slug":"flujo-de-informacion-y-politica-uso-de-diagnosticos-climaticos-y-pronosticos-de-ciclones-para-el-manejo-adaptativo-de-los-recursos-hidricos-ante-incertidumbres-climaticas-en-el-oeste-de-america-del-n","status":"publish","type":"page","link":"https:\/\/iai.int\/es\/flujo-de-informacion-y-politica-uso-de-diagnosticos-climaticos-y-pronosticos-de-ciclones-para-el-manejo-adaptativo-de-los-recursos-hidricos-ante-incertidumbres-climaticas-en-el-oeste-de-america-del-n\/","title":{"rendered":"Flujo de informaci\u00f3n y pol\u00edtica: uso de diagn\u00f3sticos clim\u00e1ticos y pron\u00f3sticos de ciclones para el manejo adaptativo de los recursos h\u00eddricos ante incertidumbres clim\u00e1ticas en el oeste de Am\u00e9rica del Norte (SGP-HD 005)"},"content":{"rendered":"\n<p><img fetchpriority=\"high\" decoding=\"async\" alt=\"sgphd005\" height=\"171\" src=\"https:\/\/iai.int\/admin\/site\/sites\/default\/files\/uploads\/2014\/03\/sgphd005.jpg\" width=\"690\"><br><em>1 Regi\u00f3n binacional del Monz\u00f3n de Am\u00e9rica del Norte, incluyendo el desierto de Sonora en M\u00e9xico y Estados Unidos. Mapa cortes\u00eda de la NASA<br>2 Inundaci\u00f3n por el Hurac\u00e1n Henriette \u2013 cortes\u00eda de CBS news<br>3 La agricultura consume 70% \u2013 90% del agua de la regi\u00f3n<\/em><\/p>\n\n\n\n<h3 class=\"wp-block-heading\">Informaci\u00f3n de proyecto<\/h3>\n\n\n\n<p><strong>Investigador principal:<\/strong><\/p>\n\n\n\n<p><em>Christopher Scott (PI)&nbsp;<\/em>(<a href=\"mailto:cascott@email.arizona.edu\">cascott@email.arizona.edu<\/a>)<br>The University of Arizona \u2013 Udall Center for Studies in Public Policy, and School of Geography and Development (EE.UU.)<\/p>\n\n\n\n<p><strong>Papers publicados:<\/strong><\/p>\n\n\n\n<p><a href=\"http:\/\/www.citeulike.org\/user\/IAI\/tag\/sgp-hd005\" target=\"_blank\" rel=\"noreferrer noopener\">http:\/\/www.citeulike.org\/user\/IAI\/tag\/sgp-hd005<\/a><\/p>\n\n\n\n<p><a href=\"https:\/\/iai.int\/es\/meetings\/detail\/sgp-hd-005#summary\">Resumen ejecutivo<\/a>&nbsp;<a href=\"https:\/\/iai.int\/es\/meetings\/detail\/sgp-hd-005#medios\">Extensi\u00f3n<\/a>&nbsp;<a href=\"https:\/\/iai.int\/es\/meetings\/detail\/sgp-hd-005#investigadores\">Investigadores<\/a><\/p>\n\n\n\n<h3 class=\"wp-block-heading\" id=\"summary\">Resumen ejecutivo<\/h3>\n\n\n\n<p>El acoplamiento entre los sistemas humanos y los naturales plantea al menos tres riesgos importantes para la sociedad y la actividad econ\u00f3mica en el oeste a Am\u00e9rica del Norte:<br>la exposici\u00f3n de la sociedad a eventos extremos, desde ciclones hasta sequ\u00edas,<br>la dependencia de una poblaci\u00f3n creciente de un suministro limitado de agua en esta regi\u00f3n \u00e1rida, y<br>riesgos relacionados con el lima y el agua para la producci\u00f3n agr\u00edcola y la seguridad alimentaria.<\/p>\n\n\n\n<p>Este proyecto de dimensiones humanas es una ampliaci\u00f3n del CRN 2048 sobre ciclones tropicales y busca mejorar la comprensi\u00f3n de los impactos combinados de los ciclones del Pac\u00edfico Oriental y el Monz\u00f3n norteamericano sobre los sistemas humanos, y activa estos conocimientos para difundir informaci\u00f3n sobre el clima y el agua a tomadores de decisiones, gerentes y usuarios del agua.<\/p>\n\n\n\n<p><strong>Objetivos<\/strong><\/p>\n\n\n\n<ul class=\"wp-block-list\">\n<li>Promover el intercambio de informaci\u00f3n clim\u00e1tica entre cient\u00edficos y encargados de formular pol\u00edticas del noroeste de M\u00e9xico y el sudeste de Estados Unidos de un modo que fortalezca la capacidad de la gesti\u00f3n adaptativa.<\/li>\n\n\n\n<li>Promover el flujo de informaci\u00f3n clim\u00e1tica y la cooperaci\u00f3n a trav\u00e9s de webinars y talleres<\/li>\n\n\n\n<li>Buscar retroacciones continuas sobre el Resumen Binacional del Clima y ampliar su difusi\u00f3n\u00a0<a href=\"http:\/\/udallcenter.arizona.edu\/iai\" target=\"_blank\" rel=\"noreferrer noopener\">www.climas.arizona.edu\/outlooks\/bcs<\/a><\/li>\n\n\n\n<li>Utilizar diagn\u00f3sticos actualizados del tiempo y el clima de la regi\u00f3n para estudiar c\u00f3mo su variabilidad afecta los recursos h\u00eddricos que, cr\u00f3nicamente escasos, ya est\u00e1n bajo fuerte presi\u00f3n.<\/li>\n\n\n\n<li>Trabajar con tomadores de decisiones claves para institucionalizar nuevos procesos de desarrollo de capacidades para integrar la informaci\u00f3n clim\u00e1tica en el planeamiento futuro de la provisi\u00f3n de agua.<\/li>\n\n\n\n<li>Comparar las compensaciones entre el aumento de la cantidad de agua y el consumo de energ\u00eda en respuestas de adaptaci\u00f3n de corto plazo.<\/li>\n\n\n\n<li>Investigar el aporte de la precipitaci\u00f3n cicl\u00f3nica en el almacenamiento de los reservorios y aplicar un an\u00e1lisis SIG para estudiar el impacto de los ciclones tropicales en el noroeste de M\u00e9xico.<\/li>\n<\/ul>\n\n\n\n<p><strong>Primeros resultados<\/strong><\/p>\n\n\n\n<ul class=\"wp-block-list\">\n<li>Gran inter\u00e9s en los pron\u00f3sticos clim\u00e1ticos estacionales surgido entre encargados de la gesti\u00f3n del agua en \u00e1reas urbanas y rurales, aunque su utilidad se ve limitada por la resoluci\u00f3n temporal y espacial y las diferentes prioridades sectoriales<\/li>\n\n\n\n<li>El enfoque primario est\u00e1 en la gesti\u00f3n de corto plazo (urbana) y la reducci\u00f3n de riesgos de largo plazo (rural)<\/li>\n\n\n\n<li>Falta de colaboraci\u00f3n y cooperaci\u00f3n entre las agencias de mitigaci\u00f3n de riesgos<\/li>\n\n\n\n<li>Los ecosistemas est\u00e1n siendo un factor cada vez m\u00e1s importante a ser tomado en consideraci\u00f3n en la gesti\u00f3n del agua<\/li>\n\n\n\n<li>El crecimiento de la poblaci\u00f3n y la econom\u00eda de la regi\u00f3n incrementa la demanda de agua y energ\u00eda.<\/li>\n<\/ul>\n\n\n\n<h2 class=\"wp-block-heading\" id=\"medios\">Extensi\u00f3n<\/h2>\n\n\n\n<figure class=\"wp-block-image alignleft\"><img decoding=\"async\" src=\"https:\/\/iai.int\/admin\/site\/sites\/default\/files\/uploads\/2014\/06\/figure_sp.jpg\" alt=\"figure_sp\" class=\"wp-image-6219\"\/><\/figure>\n\n\n\n<p><a href=\"http:\/\/iai.int\/es\/post\/detail\/5151\" target=\"_blank\" rel=\"noreferrer noopener\"><strong>Riego con agua subterr\u00e1nea y sobreexplotaci\u00f3n de acu\u00edferos<\/strong><\/a><br><a href=\"https:\/\/iai.int\/admin\/site\/sites\/default\/files\/uploads\/2014\/06\/snapshot9_SP.pdf\" target=\"_blank\" rel=\"noreferrer noopener\"><strong>Bajar PDF<\/strong><\/a><br><a href=\"https:\/\/iai.int\/admin\/site\/sites\/default\/files\/uploads\/2014\/06\/snapshot9_EN.pdf\" target=\"_blank\" rel=\"noreferrer noopener\"><strong>Bajar PDF en ingl\u00e9s<\/strong><\/a><\/p>\n\n\n\n<h4 class=\"wp-block-heading\" id=\"investigadores\">Investigadores del projecto<\/h4>\n\n\n\n<p>Christopher Scott (PI) \u2013\u00a0<a href=\"mailto:cascott@email.arizona.edu\"><strong>cascott@email.arizona.edu<\/strong><\/a><br>The University of Arizona \u2013 Udall Center for Studies in Public Policy, and School of Geography and Development (EE.UU.)<\/p>\n\n\n\n<p>Robert Varady (Co-PI) \u2013 Udall Center for Studies in Public Policy<\/p>\n\n\n\n<p><strong>Co-investigadores<\/strong><br>Gregg Garfin \u2013School of Natural Resources, Environment &amp; Institute of the Environment<br>Margaret Wilder \u2013 Udall Center, Center for Latin American Studies, and Geography and Development<br>Barbara Morehouse \u2013 Institute of the Environment<br>Anne Browning-Aiken \u2013 Udall Center for Studies in Public Policy<br>Nicol\u00e1s Pineda (Co-PI), Alejandro Salazar \u2013 El Colegio de Sonora (M\u00e9xico)<br>Lu\u00eds Farf\u00e1n \u2013 Centro de Investigaci\u00f3n Cient\u00edfica y de Educaci\u00f3n Superior de Ensenada CISESE (M\u00e9xico)<br>Graciela de Raga (PI, CRN 2048) \u2013 Universidad Nacional Aut\u00f3noma de M\u00e9xico<\/p>\n\n\n\n<p><strong><a href=\"http:\/\/udallcenter.arizona.edu\/iai\" target=\"_blank\" rel=\"noreferrer noopener\">Se puede compartir informaci\u00f3n a trav\u00e9s de los contactos del taller<\/a><br><a href=\"https:\/\/iai.int\/admin\/site\/sites\/default\/files\/uploads\/2014\/03\/SGP-HD_5.pdf\" target=\"_blank\" rel=\"noreferrer noopener\">Informaci\u00f3n en PDF (en ingl\u00e9s)<\/a><\/strong><\/p>\n\n\n\n<figure class=\"wp-block-image\"><img decoding=\"async\" src=\"https:\/\/iai.int\/admin\/site\/sites\/default\/files\/uploads\/2014\/03\/sgphd005Logos.jpg\" alt=\"sgphd005Logos\" class=\"wp-image-2155\"\/><\/figure>\n","protected":false},"excerpt":{"rendered":"<p>1 Regi\u00f3n binacional del Monz\u00f3n de Am\u00e9rica del Norte, incluyendo el desierto de Sonora en M\u00e9xico y Estados Unidos. Mapa cortes\u00eda de la NASA2 Inundaci\u00f3n por el Hurac\u00e1n Henriette \u2013 cortes\u00eda de CBS news3 La agricultura consume 70% \u2013 90% del agua de la regi\u00f3n Informaci\u00f3n de proyecto Investigador principal: Christopher Scott (PI)&nbsp;(cascott@email.arizona.edu)The University of [&hellip;]<\/p>\n","protected":false},"author":1,"featured_media":0,"parent":0,"menu_order":0,"comment_status":"closed","ping_status":"closed","template":"","meta":{"_acf_changed":false,"_uag_custom_page_level_css":"","footnotes":""},"class_list":["post-872","page","type-page","status-publish","hentry"],"acf":[],"yoast_head":"<!-- This site is optimized with the Yoast SEO plugin v27.3 - https:\/\/yoast.com\/product\/yoast-seo-wordpress\/ -->\n<title>Flujo de informaci\u00f3n y pol\u00edtica: uso de diagn\u00f3sticos clim\u00e1ticos y pron\u00f3sticos de ciclones para el manejo adaptativo de los recursos h\u00eddricos ante incertidumbres clim\u00e1ticas en el oeste de Am\u00e9rica del Norte (SGP-HD 005) - IAI - Inter-American Institute for Global Change Research<\/title>\n<meta name=\"robots\" content=\"index, follow, max-snippet:-1, max-image-preview:large, max-video-preview:-1\" \/>\n<link rel=\"canonical\" href=\"https:\/\/iai.int\/es\/flujo-de-informacion-y-politica-uso-de-diagnosticos-climaticos-y-pronosticos-de-ciclones-para-el-manejo-adaptativo-de-los-recursos-hidricos-ante-incertidumbres-climaticas-en-el-oeste-de-america-del-n\/\" \/>\n<meta property=\"og:locale\" content=\"es_ES\" \/>\n<meta property=\"og:type\" content=\"article\" \/>\n<meta property=\"og:title\" content=\"Flujo de informaci\u00f3n y pol\u00edtica: uso de diagn\u00f3sticos clim\u00e1ticos y pron\u00f3sticos de ciclones para el manejo adaptativo de los recursos h\u00eddricos ante incertidumbres clim\u00e1ticas en el oeste de Am\u00e9rica del Norte (SGP-HD 005) - IAI - Inter-American Institute for Global Change Research\" \/>\n<meta property=\"og:description\" content=\"1 Regi\u00f3n binacional del Monz\u00f3n de Am\u00e9rica del Norte, incluyendo el desierto de Sonora en M\u00e9xico y Estados Unidos. Mapa cortes\u00eda de la NASA2 Inundaci\u00f3n por el Hurac\u00e1n Henriette \u2013 cortes\u00eda de CBS news3 La agricultura consume 70% \u2013 90% del agua de la regi\u00f3n Informaci\u00f3n de proyecto Investigador principal: Christopher Scott (PI)&nbsp;(cascott@email.arizona.edu)The University of [&hellip;]\" \/>\n<meta property=\"og:url\" content=\"https:\/\/iai.int\/es\/flujo-de-informacion-y-politica-uso-de-diagnosticos-climaticos-y-pronosticos-de-ciclones-para-el-manejo-adaptativo-de-los-recursos-hidricos-ante-incertidumbres-climaticas-en-el-oeste-de-america-del-n\/\" \/>\n<meta property=\"og:site_name\" content=\"IAI - Inter-American Institute for Global Change Research\" \/>\n<meta property=\"article:modified_time\" content=\"2024-10-08T03:16:26+00:00\" \/>\n<meta property=\"og:image\" content=\"https:\/\/iai.int\/admin\/site\/sites\/default\/files\/uploads\/2014\/03\/sgphd005.jpg\" \/>\n<meta name=\"twitter:card\" content=\"summary_large_image\" \/>\n<meta name=\"twitter:label1\" content=\"Tiempo de lectura\" \/>\n\t<meta name=\"twitter:data1\" content=\"4 minutos\" \/>\n<script type=\"application\/ld+json\" class=\"yoast-schema-graph\">{\"@context\":\"https:\\\/\\\/schema.org\",\"@graph\":[{\"@type\":\"WebPage\",\"@id\":\"https:\\\/\\\/iai.int\\\/es\\\/flujo-de-informacion-y-politica-uso-de-diagnosticos-climaticos-y-pronosticos-de-ciclones-para-el-manejo-adaptativo-de-los-recursos-hidricos-ante-incertidumbres-climaticas-en-el-oeste-de-america-del-n\\\/\",\"url\":\"https:\\\/\\\/iai.int\\\/es\\\/flujo-de-informacion-y-politica-uso-de-diagnosticos-climaticos-y-pronosticos-de-ciclones-para-el-manejo-adaptativo-de-los-recursos-hidricos-ante-incertidumbres-climaticas-en-el-oeste-de-america-del-n\\\/\",\"name\":\"Flujo de informaci\u00f3n y pol\u00edtica: uso de diagn\u00f3sticos clim\u00e1ticos y pron\u00f3sticos de ciclones para el manejo adaptativo de los recursos h\u00eddricos ante incertidumbres clim\u00e1ticas en el oeste de Am\u00e9rica del Norte (SGP-HD 005) - IAI - Inter-American Institute for Global Change Research\",\"isPartOf\":{\"@id\":\"https:\\\/\\\/iai.int\\\/es\\\/#website\"},\"primaryImageOfPage\":{\"@id\":\"https:\\\/\\\/iai.int\\\/es\\\/flujo-de-informacion-y-politica-uso-de-diagnosticos-climaticos-y-pronosticos-de-ciclones-para-el-manejo-adaptativo-de-los-recursos-hidricos-ante-incertidumbres-climaticas-en-el-oeste-de-america-del-n\\\/#primaryimage\"},\"image\":{\"@id\":\"https:\\\/\\\/iai.int\\\/es\\\/flujo-de-informacion-y-politica-uso-de-diagnosticos-climaticos-y-pronosticos-de-ciclones-para-el-manejo-adaptativo-de-los-recursos-hidricos-ante-incertidumbres-climaticas-en-el-oeste-de-america-del-n\\\/#primaryimage\"},\"thumbnailUrl\":\"https:\\\/\\\/iai.int\\\/admin\\\/site\\\/sites\\\/default\\\/files\\\/uploads\\\/2014\\\/03\\\/sgphd005.jpg\",\"datePublished\":\"2024-09-16T18:36:29+00:00\",\"dateModified\":\"2024-10-08T03:16:26+00:00\",\"breadcrumb\":{\"@id\":\"https:\\\/\\\/iai.int\\\/es\\\/flujo-de-informacion-y-politica-uso-de-diagnosticos-climaticos-y-pronosticos-de-ciclones-para-el-manejo-adaptativo-de-los-recursos-hidricos-ante-incertidumbres-climaticas-en-el-oeste-de-america-del-n\\\/#breadcrumb\"},\"inLanguage\":\"es\",\"potentialAction\":[{\"@type\":\"ReadAction\",\"target\":[\"https:\\\/\\\/iai.int\\\/es\\\/flujo-de-informacion-y-politica-uso-de-diagnosticos-climaticos-y-pronosticos-de-ciclones-para-el-manejo-adaptativo-de-los-recursos-hidricos-ante-incertidumbres-climaticas-en-el-oeste-de-america-del-n\\\/\"]}]},{\"@type\":\"ImageObject\",\"inLanguage\":\"es\",\"@id\":\"https:\\\/\\\/iai.int\\\/es\\\/flujo-de-informacion-y-politica-uso-de-diagnosticos-climaticos-y-pronosticos-de-ciclones-para-el-manejo-adaptativo-de-los-recursos-hidricos-ante-incertidumbres-climaticas-en-el-oeste-de-america-del-n\\\/#primaryimage\",\"url\":\"https:\\\/\\\/iai.int\\\/admin\\\/site\\\/sites\\\/default\\\/files\\\/uploads\\\/2014\\\/03\\\/sgphd005.jpg\",\"contentUrl\":\"https:\\\/\\\/iai.int\\\/admin\\\/site\\\/sites\\\/default\\\/files\\\/uploads\\\/2014\\\/03\\\/sgphd005.jpg\"},{\"@type\":\"BreadcrumbList\",\"@id\":\"https:\\\/\\\/iai.int\\\/es\\\/flujo-de-informacion-y-politica-uso-de-diagnosticos-climaticos-y-pronosticos-de-ciclones-para-el-manejo-adaptativo-de-los-recursos-hidricos-ante-incertidumbres-climaticas-en-el-oeste-de-america-del-n\\\/#breadcrumb\",\"itemListElement\":[{\"@type\":\"ListItem\",\"position\":1,\"name\":\"Portada\",\"item\":\"https:\\\/\\\/iai.int\\\/es\\\/\"},{\"@type\":\"ListItem\",\"position\":2,\"name\":\"Flujo de informaci\u00f3n y pol\u00edtica: uso de diagn\u00f3sticos clim\u00e1ticos y pron\u00f3sticos de ciclones para el manejo adaptativo de los recursos h\u00eddricos ante incertidumbres clim\u00e1ticas en el oeste de Am\u00e9rica del Norte (SGP-HD 005)\"}]},{\"@type\":\"WebSite\",\"@id\":\"https:\\\/\\\/iai.int\\\/es\\\/#website\",\"url\":\"https:\\\/\\\/iai.int\\\/es\\\/\",\"name\":\"IAI - Inter-American Institute for Global Change Research\",\"description\":\"\",\"publisher\":{\"@id\":\"https:\\\/\\\/iai.int\\\/es\\\/#organization\"},\"potentialAction\":[{\"@type\":\"SearchAction\",\"target\":{\"@type\":\"EntryPoint\",\"urlTemplate\":\"https:\\\/\\\/iai.int\\\/es\\\/?s={search_term_string}\"},\"query-input\":{\"@type\":\"PropertyValueSpecification\",\"valueRequired\":true,\"valueName\":\"search_term_string\"}}],\"inLanguage\":\"es\"},{\"@type\":\"Organization\",\"@id\":\"https:\\\/\\\/iai.int\\\/es\\\/#organization\",\"name\":\"IAI - Inter-American Institute for Global Change Research\",\"url\":\"https:\\\/\\\/iai.int\\\/es\\\/\",\"logo\":{\"@type\":\"ImageObject\",\"inLanguage\":\"es\",\"@id\":\"https:\\\/\\\/iai.int\\\/es\\\/#\\\/schema\\\/logo\\\/image\\\/\",\"url\":\"https:\\\/\\\/iai.int\\\/wp-content\\\/uploads\\\/2025\\\/11\\\/IAI-logo-English-scaled.png\",\"contentUrl\":\"https:\\\/\\\/iai.int\\\/wp-content\\\/uploads\\\/2025\\\/11\\\/IAI-logo-English-scaled.png\",\"width\":2560,\"height\":985,\"caption\":\"IAI - Inter-American Institute for Global Change Research\"},\"image\":{\"@id\":\"https:\\\/\\\/iai.int\\\/es\\\/#\\\/schema\\\/logo\\\/image\\\/\"}}]}<\/script>\n<!-- \/ Yoast SEO plugin. -->","yoast_head_json":{"title":"Flujo de informaci\u00f3n y pol\u00edtica: uso de diagn\u00f3sticos clim\u00e1ticos y pron\u00f3sticos de ciclones para el manejo adaptativo de los recursos h\u00eddricos ante incertidumbres clim\u00e1ticas en el oeste de Am\u00e9rica del Norte (SGP-HD 005) - IAI - Inter-American Institute for Global Change Research","robots":{"index":"index","follow":"follow","max-snippet":"max-snippet:-1","max-image-preview":"max-image-preview:large","max-video-preview":"max-video-preview:-1"},"canonical":"https:\/\/iai.int\/es\/flujo-de-informacion-y-politica-uso-de-diagnosticos-climaticos-y-pronosticos-de-ciclones-para-el-manejo-adaptativo-de-los-recursos-hidricos-ante-incertidumbres-climaticas-en-el-oeste-de-america-del-n\/","og_locale":"es_ES","og_type":"article","og_title":"Flujo de informaci\u00f3n y pol\u00edtica: uso de diagn\u00f3sticos clim\u00e1ticos y pron\u00f3sticos de ciclones para el manejo adaptativo de los recursos h\u00eddricos ante incertidumbres clim\u00e1ticas en el oeste de Am\u00e9rica del Norte (SGP-HD 005) - IAI - Inter-American Institute for Global Change Research","og_description":"1 Regi\u00f3n binacional del Monz\u00f3n de Am\u00e9rica del Norte, incluyendo el desierto de Sonora en M\u00e9xico y Estados Unidos. Mapa cortes\u00eda de la NASA2 Inundaci\u00f3n por el Hurac\u00e1n Henriette \u2013 cortes\u00eda de CBS news3 La agricultura consume 70% \u2013 90% del agua de la regi\u00f3n Informaci\u00f3n de proyecto Investigador principal: Christopher Scott (PI)&nbsp;(cascott@email.arizona.edu)The University of [&hellip;]","og_url":"https:\/\/iai.int\/es\/flujo-de-informacion-y-politica-uso-de-diagnosticos-climaticos-y-pronosticos-de-ciclones-para-el-manejo-adaptativo-de-los-recursos-hidricos-ante-incertidumbres-climaticas-en-el-oeste-de-america-del-n\/","og_site_name":"IAI - Inter-American Institute for Global Change Research","article_modified_time":"2024-10-08T03:16:26+00:00","og_image":[{"url":"https:\/\/iai.int\/admin\/site\/sites\/default\/files\/uploads\/2014\/03\/sgphd005.jpg","type":"","width":"","height":""}],"twitter_card":"summary_large_image","twitter_misc":{"Tiempo de lectura":"4 minutos"},"schema":{"@context":"https:\/\/schema.org","@graph":[{"@type":"WebPage","@id":"https:\/\/iai.int\/es\/flujo-de-informacion-y-politica-uso-de-diagnosticos-climaticos-y-pronosticos-de-ciclones-para-el-manejo-adaptativo-de-los-recursos-hidricos-ante-incertidumbres-climaticas-en-el-oeste-de-america-del-n\/","url":"https:\/\/iai.int\/es\/flujo-de-informacion-y-politica-uso-de-diagnosticos-climaticos-y-pronosticos-de-ciclones-para-el-manejo-adaptativo-de-los-recursos-hidricos-ante-incertidumbres-climaticas-en-el-oeste-de-america-del-n\/","name":"Flujo de informaci\u00f3n y pol\u00edtica: uso de diagn\u00f3sticos clim\u00e1ticos y pron\u00f3sticos de ciclones para el manejo adaptativo de los recursos h\u00eddricos ante incertidumbres clim\u00e1ticas en el oeste de Am\u00e9rica del Norte (SGP-HD 005) - IAI - Inter-American Institute for Global Change Research","isPartOf":{"@id":"https:\/\/iai.int\/es\/#website"},"primaryImageOfPage":{"@id":"https:\/\/iai.int\/es\/flujo-de-informacion-y-politica-uso-de-diagnosticos-climaticos-y-pronosticos-de-ciclones-para-el-manejo-adaptativo-de-los-recursos-hidricos-ante-incertidumbres-climaticas-en-el-oeste-de-america-del-n\/#primaryimage"},"image":{"@id":"https:\/\/iai.int\/es\/flujo-de-informacion-y-politica-uso-de-diagnosticos-climaticos-y-pronosticos-de-ciclones-para-el-manejo-adaptativo-de-los-recursos-hidricos-ante-incertidumbres-climaticas-en-el-oeste-de-america-del-n\/#primaryimage"},"thumbnailUrl":"https:\/\/iai.int\/admin\/site\/sites\/default\/files\/uploads\/2014\/03\/sgphd005.jpg","datePublished":"2024-09-16T18:36:29+00:00","dateModified":"2024-10-08T03:16:26+00:00","breadcrumb":{"@id":"https:\/\/iai.int\/es\/flujo-de-informacion-y-politica-uso-de-diagnosticos-climaticos-y-pronosticos-de-ciclones-para-el-manejo-adaptativo-de-los-recursos-hidricos-ante-incertidumbres-climaticas-en-el-oeste-de-america-del-n\/#breadcrumb"},"inLanguage":"es","potentialAction":[{"@type":"ReadAction","target":["https:\/\/iai.int\/es\/flujo-de-informacion-y-politica-uso-de-diagnosticos-climaticos-y-pronosticos-de-ciclones-para-el-manejo-adaptativo-de-los-recursos-hidricos-ante-incertidumbres-climaticas-en-el-oeste-de-america-del-n\/"]}]},{"@type":"ImageObject","inLanguage":"es","@id":"https:\/\/iai.int\/es\/flujo-de-informacion-y-politica-uso-de-diagnosticos-climaticos-y-pronosticos-de-ciclones-para-el-manejo-adaptativo-de-los-recursos-hidricos-ante-incertidumbres-climaticas-en-el-oeste-de-america-del-n\/#primaryimage","url":"https:\/\/iai.int\/admin\/site\/sites\/default\/files\/uploads\/2014\/03\/sgphd005.jpg","contentUrl":"https:\/\/iai.int\/admin\/site\/sites\/default\/files\/uploads\/2014\/03\/sgphd005.jpg"},{"@type":"BreadcrumbList","@id":"https:\/\/iai.int\/es\/flujo-de-informacion-y-politica-uso-de-diagnosticos-climaticos-y-pronosticos-de-ciclones-para-el-manejo-adaptativo-de-los-recursos-hidricos-ante-incertidumbres-climaticas-en-el-oeste-de-america-del-n\/#breadcrumb","itemListElement":[{"@type":"ListItem","position":1,"name":"Portada","item":"https:\/\/iai.int\/es\/"},{"@type":"ListItem","position":2,"name":"Flujo de informaci\u00f3n y pol\u00edtica: uso de diagn\u00f3sticos clim\u00e1ticos y pron\u00f3sticos de ciclones para el manejo adaptativo de los recursos h\u00eddricos ante incertidumbres clim\u00e1ticas en el oeste de Am\u00e9rica del Norte (SGP-HD 005)"}]},{"@type":"WebSite","@id":"https:\/\/iai.int\/es\/#website","url":"https:\/\/iai.int\/es\/","name":"IAI - Inter-American Institute for Global Change Research","description":"","publisher":{"@id":"https:\/\/iai.int\/es\/#organization"},"potentialAction":[{"@type":"SearchAction","target":{"@type":"EntryPoint","urlTemplate":"https:\/\/iai.int\/es\/?s={search_term_string}"},"query-input":{"@type":"PropertyValueSpecification","valueRequired":true,"valueName":"search_term_string"}}],"inLanguage":"es"},{"@type":"Organization","@id":"https:\/\/iai.int\/es\/#organization","name":"IAI - Inter-American Institute for Global Change Research","url":"https:\/\/iai.int\/es\/","logo":{"@type":"ImageObject","inLanguage":"es","@id":"https:\/\/iai.int\/es\/#\/schema\/logo\/image\/","url":"https:\/\/iai.int\/wp-content\/uploads\/2025\/11\/IAI-logo-English-scaled.png","contentUrl":"https:\/\/iai.int\/wp-content\/uploads\/2025\/11\/IAI-logo-English-scaled.png","width":2560,"height":985,"caption":"IAI - Inter-American Institute for Global Change Research"},"image":{"@id":"https:\/\/iai.int\/es\/#\/schema\/logo\/image\/"}}]}},"uagb_featured_image_src":{"full":false,"thumbnail":false,"medium":false,"medium_large":false,"large":false,"1536x1536":false,"2048x2048":false},"uagb_author_info":{"display_name":"admin","author_link":"https:\/\/iai.int\/es\/author\/admin\/"},"uagb_comment_info":0,"uagb_excerpt":"1 Regi\u00f3n binacional del Monz\u00f3n de Am\u00e9rica del Norte, incluyendo el desierto de Sonora en M\u00e9xico y Estados Unidos. Mapa cortes\u00eda de la NASA2 Inundaci\u00f3n por el Hurac\u00e1n Henriette \u2013 cortes\u00eda de CBS news3 La agricultura consume 70% \u2013 90% del agua de la regi\u00f3n Informaci\u00f3n de proyecto Investigador principal: Christopher Scott (PI)&nbsp;(cascott@email.arizona.edu)The University of&hellip;","_links":{"self":[{"href":"https:\/\/iai.int\/es\/wp-json\/wp\/v2\/pages\/872","targetHints":{"allow":["GET"]}}],"collection":[{"href":"https:\/\/iai.int\/es\/wp-json\/wp\/v2\/pages"}],"about":[{"href":"https:\/\/iai.int\/es\/wp-json\/wp\/v2\/types\/page"}],"author":[{"embeddable":true,"href":"https:\/\/iai.int\/es\/wp-json\/wp\/v2\/users\/1"}],"replies":[{"embeddable":true,"href":"https:\/\/iai.int\/es\/wp-json\/wp\/v2\/comments?post=872"}],"version-history":[{"count":3,"href":"https:\/\/iai.int\/es\/wp-json\/wp\/v2\/pages\/872\/revisions"}],"predecessor-version":[{"id":1344,"href":"https:\/\/iai.int\/es\/wp-json\/wp\/v2\/pages\/872\/revisions\/1344"}],"wp:attachment":[{"href":"https:\/\/iai.int\/es\/wp-json\/wp\/v2\/media?parent=872"}],"curies":[{"name":"wp","href":"https:\/\/api.w.org\/{rel}","templated":true}]}}