{"id":869,"date":"2024-09-16T15:34:33","date_gmt":"2024-09-16T18:34:33","guid":{"rendered":"https:\/\/iai.int\/?page_id=869"},"modified":"2025-02-12T20:44:05","modified_gmt":"2025-02-13T01:44:05","slug":"bajando-la-montana-entendiendo-la-vulnerabilidad-de-las-comunidades-andinas-a-la-variabilidad-hidroclimatologica-y-el-cambio-ambiental-global-sgp-hd-004","status":"publish","type":"page","link":"https:\/\/iai.int\/es\/bajando-la-montana-entendiendo-la-vulnerabilidad-de-las-comunidades-andinas-a-la-variabilidad-hidroclimatologica-y-el-cambio-ambiental-global-sgp-hd-004\/","title":{"rendered":"Bajando la monta\u00f1a: entendiendo la vulnerabilidad de las comunidades andinas a la variabilidad hidroclimatol\u00f3gica y el cambio ambiental global (SGP-HD 004)"},"content":{"rendered":"\n<p><img fetchpriority=\"high\" decoding=\"async\" alt=\"SGP-HD 004\" height=\"171\" src=\"https:\/\/iai.int\/admin\/site\/sites\/default\/files\/uploads\/2014\/03\/SGP-HD-004.jpg\" width=\"690\"><br><em>1 Como muchas fincas en el \u00e1rea, y en particular las que cuentan con sistema de riego, estas parcelas en la comunidad de Retamani,<br>Bolivia son muy peque\u00f1as y a menudo, insuficientes para alimentar a las familias que las trabajan<br>2 Vi\u00f1edos en el oasis superior del R\u00edo Mendoza Argentina con los Andes de fondo<br>3 El pueblo de Gualliguaica reubicado en el valle del Elqui, Chile luego de la construcci\u00f3n del Embalse Puclaro<\/em><\/p>\n\n\n\n<h3 class=\"wp-block-heading\">Informaci\u00f3n de proyecto<\/h3>\n\n\n\n<p><strong>Investigador principal:<\/strong><\/p>\n\n\n\n<p><em>David Gauthier<\/em>&nbsp;(<a href=\"mailto:david.gauthier@uregina.ca\">david.gauthier@uregina.ca<\/a>)<br>The University of Regina (Canad\u00e1)<\/p>\n\n\n\n<p><strong>Sitio web del proyecto:<\/strong><\/p>\n\n\n\n<p><a href=\"http:\/\/www.climaycomunidades.org\/\" target=\"_blank\" rel=\"noreferrer noopener\">http:\/\/www.climaycomunidades.org\/<\/a><\/p>\n\n\n\n<p><strong>Papers publicados:<\/strong><\/p>\n\n\n\n<p><a href=\"http:\/\/www.citeulike.org\/user\/IAI\/tag\/sgp-hd004\" target=\"_blank\" rel=\"noreferrer noopener\">http:\/\/www.citeulike.org\/user\/IAI\/tag\/sgp-hd004<\/a><\/p>\n\n\n\n<p><a href=\"https:\/\/iai.int\/es\/meetings\/detail\/sgp-hd-004#summary\">Resumen ejecutivo<\/a>&nbsp;<a href=\"https:\/\/iai.int\/es\/meetings\/detail\/sgp-hd-004#investigadores\">Investigadores<\/a><\/p>\n\n\n\n<h3 class=\"wp-block-heading\" id=\"summary\">Resumen ejecutivo<\/h3>\n\n\n\n<p>Se analiza la capacidad de las instituciones para responder a los impactos del cambio clim\u00e1tico sobre la agricultura y los recursos h\u00eddricos en tres cuencas fluviales andinas (Mendoza, Argentina; Choquecota, Bolivia y Elqui, Chile). Se espera que los resultados del proyecto fortalezcan el dise\u00f1o de pol\u00edticas y las estrategias de adaptaci\u00f3n al clima para contribuir al desarrollo de pol\u00edticas nacionales y regionales relativas al cambio clim\u00e1tico.<\/p>\n\n\n\n<p><strong>Objetivos<\/strong><br>* Identificar y caracterizar las vulnerabilidades a la variabilidad clim\u00e1tica y a problemas de agua inducidos por el clima de actores sociales espec\u00edficos<br>* Evaluar las pol\u00edticas y las capacidades de las instituciones de manejo del agua para reducir las vulnerabilidades de estos actores ante condiciones definidas<br>* Analizar los resultados de los objetivos 1 y 2 en relaci\u00f3n con escenarios regionales de cambio clim\u00e1tico y condiciones hidrol\u00f3gicas futuras<\/p>\n\n\n\n<p><strong>Resultados<\/strong><br>* La capacidad de adaptaci\u00f3n actual de los agricultores y los gobiernos locales y regionales en las tres cuencas estudiadas es demasiado limitada para responder de manera eficiente a los retos emergentes del cambio clim\u00e1tico y los eventos clim\u00e1ticos extremos del futuro.<\/p>\n\n\n\n<p>* Esas limitaciones se ven reflejadas particularmente en una importante debilidad de coordinaci\u00f3n entre instituciones p\u00fablicas, poca disponibilidad de datos h\u00eddricosy la falta de una gesti\u00f3n integrada de los recursos h\u00eddricos.<br>* El mayor nivel de desarrollo y los marcos institucionales m\u00e1s fuertes de Argentina y Chile no necesariamente se traducen en una mayor capacidad de adaptaci\u00f3n para los grupos pobres y m\u00e1s vulnerables. Sin embargo, estos factores ofrecen cierta protecci\u00f3n a productores comerciales m\u00e1s grandes orientados a la producci\u00f3n comercial. En comparaci\u00f3n, en la cuenca del Choquecota (Bolivia), donde prevalece la agricultura tradicional, que principalmente satisface el consumo familiar y los mercados locales, y donde la presencia del estado es mucho m\u00e1s d\u00e9bil, la mayor parte de la poblaci\u00f3n es altamente vulnerable al cambio clim\u00e1tico. Su capacidad de adaptaci\u00f3n depende principalmente del acceso a los recursos y del conocimiento tradicional.<\/p>\n\n\n\n<p>* Sin embargo, las limitaciones en la disponibilidad de agua expone de manera importante a los productores agr\u00edcolas de las tres cuencas, y todos los productores son sensibles a la variabilidad clim\u00e1tica. De todas maneras, la vulnerabilidad clim\u00e1tica es mayor para aquellos que ya sufren presiones econ\u00f3micas y sociales.<\/p>\n\n\n\n<p>* Las comunidades de las tres cuencas no tienen acceso a sistemas de alerta temprana, ni cuentan con el apoyo institucional necesario para anticipar o responder a las emergencias que surgen de los cambios clim\u00e1ticos repentinos.Esto reduce significativamente su capacidad de adaptaci\u00f3n para enfrentar eventos peligrosos.<\/p>\n\n\n\n<p>* Las pol\u00edticas dirigidas a reducir la concentraci\u00f3n de recursos y a un mejor planeamiento y prevenci\u00f3n de riesgos podr\u00edan reducir la vulnerabilidad de las comunidades a las presiones causadas por el clima y el agua.<\/p>\n\n\n\n<p>* Con la implementaci\u00f3n de esas pol\u00edticas, tambi\u00e9n podr\u00edan surgir oportunidades, en vista de que un clima m\u00e1s c\u00e1lido permite la introducci\u00f3n de nuevos cultivos que requieren menos d\u00edas y noches fr\u00edos. Los cultivos m\u00e1s tempranos podr\u00edan permitir a los productores obtener mejores precios, mientras que los cultivos sensibles a las heladas, se ver\u00e1n beneficiados con la disminuci\u00f3n de tales eventos.<\/p>\n\n\n\n<h3 class=\"wp-block-heading\" id=\"investigadores\">Investigadores del projecto<\/h3>\n\n\n\n<p>David Gauthier \u2013&nbsp;<a href=\"mailto:david.gauthier@uregina.ca\">david.gauthier@uregina.ca<\/a><br>The University of Regina (Canad\u00e1)<\/p>\n\n\n\n<p><strong>Co-investigadores<\/strong><br>Fernando Santiba\u00f1ez-Quezada, Facultad de Ciencias Agron\u00f3micas, Universidad de Chile, Chile<br>Casey Brown, International Research Institute for Climate and Society, New York, EE.UU.<br>Harry (Polo) Diaz, Canadian Plains Research Center, University of Regina, Canad\u00e1<br>Rosa Garay-Fl\u00fchmann, Universidad Catolica del Norte, Chile<br>Julia Z. McDowell (Agua Sustentable, Bolivia)<br>Elma Carmen Monta\u00f1a, Instituto Argentino de Zonas \u00c1ridas (IADIZA), Argentina<br>Bernardo Reyes, Instituto de Ecolog\u00eda Pol\u00edtica, Chile<br>Sonia Salas Bravo, Universidad de La Serena, Chile<\/p>\n\n\n\n<p><strong>V\u00ednculos con otros proyectos del IAI<\/strong><br>Trabajo en red con el CRN 2047<\/p>\n\n\n\n<p><a href=\"https:\/\/iai.int\/admin\/site\/sites\/default\/files\/uploads\/2014\/03\/SGPHD004.pdf\" target=\"_blank\" rel=\"noreferrer noopener\">Lista de publicaciones<\/a><\/p>\n","protected":false},"excerpt":{"rendered":"<p>1 Como muchas fincas en el \u00e1rea, y en particular las que cuentan con sistema de riego, estas parcelas en la comunidad de Retamani,Bolivia son muy peque\u00f1as y a menudo, insuficientes para alimentar a las familias que las trabajan2 Vi\u00f1edos en el oasis superior del R\u00edo Mendoza Argentina con los Andes de fondo3 El pueblo [&hellip;]<\/p>\n","protected":false},"author":1,"featured_media":0,"parent":0,"menu_order":0,"comment_status":"closed","ping_status":"closed","template":"elementor_theme","meta":{"_acf_changed":false,"_uag_custom_page_level_css":"","footnotes":""},"class_list":["post-869","page","type-page","status-publish","hentry"],"acf":[],"yoast_head":"<!-- This site is optimized with the Yoast SEO plugin v27.3 - https:\/\/yoast.com\/product\/yoast-seo-wordpress\/ -->\n<title>Bajando la monta\u00f1a: entendiendo la vulnerabilidad de las comunidades andinas a la variabilidad hidroclimatol\u00f3gica y el cambio ambiental global (SGP-HD 004) - IAI - Inter-American Institute for Global Change Research<\/title>\n<meta name=\"robots\" content=\"index, follow, max-snippet:-1, max-image-preview:large, max-video-preview:-1\" \/>\n<link rel=\"canonical\" href=\"https:\/\/iai.int\/es\/bajando-la-montana-entendiendo-la-vulnerabilidad-de-las-comunidades-andinas-a-la-variabilidad-hidroclimatologica-y-el-cambio-ambiental-global-sgp-hd-004\/\" \/>\n<meta property=\"og:locale\" content=\"es_ES\" \/>\n<meta property=\"og:type\" content=\"article\" \/>\n<meta property=\"og:title\" content=\"Bajando la monta\u00f1a: entendiendo la vulnerabilidad de las comunidades andinas a la variabilidad hidroclimatol\u00f3gica y el cambio ambiental global (SGP-HD 004) - IAI - Inter-American Institute for Global Change Research\" \/>\n<meta property=\"og:description\" content=\"1 Como muchas fincas en el \u00e1rea, y en particular las que cuentan con sistema de riego, estas parcelas en la comunidad de Retamani,Bolivia son muy peque\u00f1as y a menudo, insuficientes para alimentar a las familias que las trabajan2 Vi\u00f1edos en el oasis superior del R\u00edo Mendoza Argentina con los Andes de fondo3 El pueblo [&hellip;]\" \/>\n<meta property=\"og:url\" content=\"https:\/\/iai.int\/es\/bajando-la-montana-entendiendo-la-vulnerabilidad-de-las-comunidades-andinas-a-la-variabilidad-hidroclimatologica-y-el-cambio-ambiental-global-sgp-hd-004\/\" \/>\n<meta property=\"og:site_name\" content=\"IAI - Inter-American Institute for Global Change Research\" \/>\n<meta property=\"article:modified_time\" content=\"2025-02-13T01:44:05+00:00\" \/>\n<meta property=\"og:image\" content=\"https:\/\/iai.int\/admin\/site\/sites\/default\/files\/uploads\/2014\/03\/SGP-HD-004.jpg\" \/>\n<meta name=\"twitter:card\" content=\"summary_large_image\" \/>\n<meta name=\"twitter:label1\" content=\"Tiempo de lectura\" \/>\n\t<meta name=\"twitter:data1\" content=\"4 minutos\" \/>\n<script type=\"application\/ld+json\" class=\"yoast-schema-graph\">{\"@context\":\"https:\\\/\\\/schema.org\",\"@graph\":[{\"@type\":\"WebPage\",\"@id\":\"https:\\\/\\\/iai.int\\\/es\\\/bajando-la-montana-entendiendo-la-vulnerabilidad-de-las-comunidades-andinas-a-la-variabilidad-hidroclimatologica-y-el-cambio-ambiental-global-sgp-hd-004\\\/\",\"url\":\"https:\\\/\\\/iai.int\\\/es\\\/bajando-la-montana-entendiendo-la-vulnerabilidad-de-las-comunidades-andinas-a-la-variabilidad-hidroclimatologica-y-el-cambio-ambiental-global-sgp-hd-004\\\/\",\"name\":\"Bajando la monta\u00f1a: entendiendo la vulnerabilidad de las comunidades andinas a la variabilidad hidroclimatol\u00f3gica y el cambio ambiental global (SGP-HD 004) - IAI - Inter-American Institute for Global Change Research\",\"isPartOf\":{\"@id\":\"https:\\\/\\\/iai.int\\\/es\\\/#website\"},\"primaryImageOfPage\":{\"@id\":\"https:\\\/\\\/iai.int\\\/es\\\/bajando-la-montana-entendiendo-la-vulnerabilidad-de-las-comunidades-andinas-a-la-variabilidad-hidroclimatologica-y-el-cambio-ambiental-global-sgp-hd-004\\\/#primaryimage\"},\"image\":{\"@id\":\"https:\\\/\\\/iai.int\\\/es\\\/bajando-la-montana-entendiendo-la-vulnerabilidad-de-las-comunidades-andinas-a-la-variabilidad-hidroclimatologica-y-el-cambio-ambiental-global-sgp-hd-004\\\/#primaryimage\"},\"thumbnailUrl\":\"https:\\\/\\\/iai.int\\\/admin\\\/site\\\/sites\\\/default\\\/files\\\/uploads\\\/2014\\\/03\\\/SGP-HD-004.jpg\",\"datePublished\":\"2024-09-16T18:34:33+00:00\",\"dateModified\":\"2025-02-13T01:44:05+00:00\",\"breadcrumb\":{\"@id\":\"https:\\\/\\\/iai.int\\\/es\\\/bajando-la-montana-entendiendo-la-vulnerabilidad-de-las-comunidades-andinas-a-la-variabilidad-hidroclimatologica-y-el-cambio-ambiental-global-sgp-hd-004\\\/#breadcrumb\"},\"inLanguage\":\"es\",\"potentialAction\":[{\"@type\":\"ReadAction\",\"target\":[\"https:\\\/\\\/iai.int\\\/es\\\/bajando-la-montana-entendiendo-la-vulnerabilidad-de-las-comunidades-andinas-a-la-variabilidad-hidroclimatologica-y-el-cambio-ambiental-global-sgp-hd-004\\\/\"]}]},{\"@type\":\"ImageObject\",\"inLanguage\":\"es\",\"@id\":\"https:\\\/\\\/iai.int\\\/es\\\/bajando-la-montana-entendiendo-la-vulnerabilidad-de-las-comunidades-andinas-a-la-variabilidad-hidroclimatologica-y-el-cambio-ambiental-global-sgp-hd-004\\\/#primaryimage\",\"url\":\"https:\\\/\\\/iai.int\\\/admin\\\/site\\\/sites\\\/default\\\/files\\\/uploads\\\/2014\\\/03\\\/SGP-HD-004.jpg\",\"contentUrl\":\"https:\\\/\\\/iai.int\\\/admin\\\/site\\\/sites\\\/default\\\/files\\\/uploads\\\/2014\\\/03\\\/SGP-HD-004.jpg\"},{\"@type\":\"BreadcrumbList\",\"@id\":\"https:\\\/\\\/iai.int\\\/es\\\/bajando-la-montana-entendiendo-la-vulnerabilidad-de-las-comunidades-andinas-a-la-variabilidad-hidroclimatologica-y-el-cambio-ambiental-global-sgp-hd-004\\\/#breadcrumb\",\"itemListElement\":[{\"@type\":\"ListItem\",\"position\":1,\"name\":\"Portada\",\"item\":\"https:\\\/\\\/iai.int\\\/es\\\/\"},{\"@type\":\"ListItem\",\"position\":2,\"name\":\"Bajando la monta\u00f1a: entendiendo la vulnerabilidad de las comunidades andinas a la variabilidad hidroclimatol\u00f3gica y el cambio ambiental global (SGP-HD 004)\"}]},{\"@type\":\"WebSite\",\"@id\":\"https:\\\/\\\/iai.int\\\/es\\\/#website\",\"url\":\"https:\\\/\\\/iai.int\\\/es\\\/\",\"name\":\"IAI - Inter-American Institute for Global Change Research\",\"description\":\"\",\"publisher\":{\"@id\":\"https:\\\/\\\/iai.int\\\/es\\\/#organization\"},\"potentialAction\":[{\"@type\":\"SearchAction\",\"target\":{\"@type\":\"EntryPoint\",\"urlTemplate\":\"https:\\\/\\\/iai.int\\\/es\\\/?s={search_term_string}\"},\"query-input\":{\"@type\":\"PropertyValueSpecification\",\"valueRequired\":true,\"valueName\":\"search_term_string\"}}],\"inLanguage\":\"es\"},{\"@type\":\"Organization\",\"@id\":\"https:\\\/\\\/iai.int\\\/es\\\/#organization\",\"name\":\"IAI - Inter-American Institute for Global Change Research\",\"url\":\"https:\\\/\\\/iai.int\\\/es\\\/\",\"logo\":{\"@type\":\"ImageObject\",\"inLanguage\":\"es\",\"@id\":\"https:\\\/\\\/iai.int\\\/es\\\/#\\\/schema\\\/logo\\\/image\\\/\",\"url\":\"https:\\\/\\\/iai.int\\\/wp-content\\\/uploads\\\/2025\\\/11\\\/IAI-logo-English-scaled.png\",\"contentUrl\":\"https:\\\/\\\/iai.int\\\/wp-content\\\/uploads\\\/2025\\\/11\\\/IAI-logo-English-scaled.png\",\"width\":2560,\"height\":985,\"caption\":\"IAI - Inter-American Institute for Global Change Research\"},\"image\":{\"@id\":\"https:\\\/\\\/iai.int\\\/es\\\/#\\\/schema\\\/logo\\\/image\\\/\"}}]}<\/script>\n<!-- \/ Yoast SEO plugin. -->","yoast_head_json":{"title":"Bajando la monta\u00f1a: entendiendo la vulnerabilidad de las comunidades andinas a la variabilidad hidroclimatol\u00f3gica y el cambio ambiental global (SGP-HD 004) - IAI - Inter-American Institute for Global Change Research","robots":{"index":"index","follow":"follow","max-snippet":"max-snippet:-1","max-image-preview":"max-image-preview:large","max-video-preview":"max-video-preview:-1"},"canonical":"https:\/\/iai.int\/es\/bajando-la-montana-entendiendo-la-vulnerabilidad-de-las-comunidades-andinas-a-la-variabilidad-hidroclimatologica-y-el-cambio-ambiental-global-sgp-hd-004\/","og_locale":"es_ES","og_type":"article","og_title":"Bajando la monta\u00f1a: entendiendo la vulnerabilidad de las comunidades andinas a la variabilidad hidroclimatol\u00f3gica y el cambio ambiental global (SGP-HD 004) - IAI - Inter-American Institute for Global Change Research","og_description":"1 Como muchas fincas en el \u00e1rea, y en particular las que cuentan con sistema de riego, estas parcelas en la comunidad de Retamani,Bolivia son muy peque\u00f1as y a menudo, insuficientes para alimentar a las familias que las trabajan2 Vi\u00f1edos en el oasis superior del R\u00edo Mendoza Argentina con los Andes de fondo3 El pueblo [&hellip;]","og_url":"https:\/\/iai.int\/es\/bajando-la-montana-entendiendo-la-vulnerabilidad-de-las-comunidades-andinas-a-la-variabilidad-hidroclimatologica-y-el-cambio-ambiental-global-sgp-hd-004\/","og_site_name":"IAI - Inter-American Institute for Global Change Research","article_modified_time":"2025-02-13T01:44:05+00:00","og_image":[{"url":"https:\/\/iai.int\/admin\/site\/sites\/default\/files\/uploads\/2014\/03\/SGP-HD-004.jpg","type":"","width":"","height":""}],"twitter_card":"summary_large_image","twitter_misc":{"Tiempo de lectura":"4 minutos"},"schema":{"@context":"https:\/\/schema.org","@graph":[{"@type":"WebPage","@id":"https:\/\/iai.int\/es\/bajando-la-montana-entendiendo-la-vulnerabilidad-de-las-comunidades-andinas-a-la-variabilidad-hidroclimatologica-y-el-cambio-ambiental-global-sgp-hd-004\/","url":"https:\/\/iai.int\/es\/bajando-la-montana-entendiendo-la-vulnerabilidad-de-las-comunidades-andinas-a-la-variabilidad-hidroclimatologica-y-el-cambio-ambiental-global-sgp-hd-004\/","name":"Bajando la monta\u00f1a: entendiendo la vulnerabilidad de las comunidades andinas a la variabilidad hidroclimatol\u00f3gica y el cambio ambiental global (SGP-HD 004) - IAI - Inter-American Institute for Global Change Research","isPartOf":{"@id":"https:\/\/iai.int\/es\/#website"},"primaryImageOfPage":{"@id":"https:\/\/iai.int\/es\/bajando-la-montana-entendiendo-la-vulnerabilidad-de-las-comunidades-andinas-a-la-variabilidad-hidroclimatologica-y-el-cambio-ambiental-global-sgp-hd-004\/#primaryimage"},"image":{"@id":"https:\/\/iai.int\/es\/bajando-la-montana-entendiendo-la-vulnerabilidad-de-las-comunidades-andinas-a-la-variabilidad-hidroclimatologica-y-el-cambio-ambiental-global-sgp-hd-004\/#primaryimage"},"thumbnailUrl":"https:\/\/iai.int\/admin\/site\/sites\/default\/files\/uploads\/2014\/03\/SGP-HD-004.jpg","datePublished":"2024-09-16T18:34:33+00:00","dateModified":"2025-02-13T01:44:05+00:00","breadcrumb":{"@id":"https:\/\/iai.int\/es\/bajando-la-montana-entendiendo-la-vulnerabilidad-de-las-comunidades-andinas-a-la-variabilidad-hidroclimatologica-y-el-cambio-ambiental-global-sgp-hd-004\/#breadcrumb"},"inLanguage":"es","potentialAction":[{"@type":"ReadAction","target":["https:\/\/iai.int\/es\/bajando-la-montana-entendiendo-la-vulnerabilidad-de-las-comunidades-andinas-a-la-variabilidad-hidroclimatologica-y-el-cambio-ambiental-global-sgp-hd-004\/"]}]},{"@type":"ImageObject","inLanguage":"es","@id":"https:\/\/iai.int\/es\/bajando-la-montana-entendiendo-la-vulnerabilidad-de-las-comunidades-andinas-a-la-variabilidad-hidroclimatologica-y-el-cambio-ambiental-global-sgp-hd-004\/#primaryimage","url":"https:\/\/iai.int\/admin\/site\/sites\/default\/files\/uploads\/2014\/03\/SGP-HD-004.jpg","contentUrl":"https:\/\/iai.int\/admin\/site\/sites\/default\/files\/uploads\/2014\/03\/SGP-HD-004.jpg"},{"@type":"BreadcrumbList","@id":"https:\/\/iai.int\/es\/bajando-la-montana-entendiendo-la-vulnerabilidad-de-las-comunidades-andinas-a-la-variabilidad-hidroclimatologica-y-el-cambio-ambiental-global-sgp-hd-004\/#breadcrumb","itemListElement":[{"@type":"ListItem","position":1,"name":"Portada","item":"https:\/\/iai.int\/es\/"},{"@type":"ListItem","position":2,"name":"Bajando la monta\u00f1a: entendiendo la vulnerabilidad de las comunidades andinas a la variabilidad hidroclimatol\u00f3gica y el cambio ambiental global (SGP-HD 004)"}]},{"@type":"WebSite","@id":"https:\/\/iai.int\/es\/#website","url":"https:\/\/iai.int\/es\/","name":"IAI - Inter-American Institute for Global Change Research","description":"","publisher":{"@id":"https:\/\/iai.int\/es\/#organization"},"potentialAction":[{"@type":"SearchAction","target":{"@type":"EntryPoint","urlTemplate":"https:\/\/iai.int\/es\/?s={search_term_string}"},"query-input":{"@type":"PropertyValueSpecification","valueRequired":true,"valueName":"search_term_string"}}],"inLanguage":"es"},{"@type":"Organization","@id":"https:\/\/iai.int\/es\/#organization","name":"IAI - Inter-American Institute for Global Change Research","url":"https:\/\/iai.int\/es\/","logo":{"@type":"ImageObject","inLanguage":"es","@id":"https:\/\/iai.int\/es\/#\/schema\/logo\/image\/","url":"https:\/\/iai.int\/wp-content\/uploads\/2025\/11\/IAI-logo-English-scaled.png","contentUrl":"https:\/\/iai.int\/wp-content\/uploads\/2025\/11\/IAI-logo-English-scaled.png","width":2560,"height":985,"caption":"IAI - Inter-American Institute for Global Change Research"},"image":{"@id":"https:\/\/iai.int\/es\/#\/schema\/logo\/image\/"}}]}},"uagb_featured_image_src":{"full":false,"thumbnail":false,"medium":false,"medium_large":false,"large":false,"1536x1536":false,"2048x2048":false},"uagb_author_info":{"display_name":"admin","author_link":"https:\/\/iai.int\/es\/author\/admin\/"},"uagb_comment_info":0,"uagb_excerpt":"1 Como muchas fincas en el \u00e1rea, y en particular las que cuentan con sistema de riego, estas parcelas en la comunidad de Retamani,Bolivia son muy peque\u00f1as y a menudo, insuficientes para alimentar a las familias que las trabajan2 Vi\u00f1edos en el oasis superior del R\u00edo Mendoza Argentina con los Andes de fondo3 El pueblo&hellip;","_links":{"self":[{"href":"https:\/\/iai.int\/es\/wp-json\/wp\/v2\/pages\/869","targetHints":{"allow":["GET"]}}],"collection":[{"href":"https:\/\/iai.int\/es\/wp-json\/wp\/v2\/pages"}],"about":[{"href":"https:\/\/iai.int\/es\/wp-json\/wp\/v2\/types\/page"}],"author":[{"embeddable":true,"href":"https:\/\/iai.int\/es\/wp-json\/wp\/v2\/users\/1"}],"replies":[{"embeddable":true,"href":"https:\/\/iai.int\/es\/wp-json\/wp\/v2\/comments?post=869"}],"version-history":[{"count":1,"href":"https:\/\/iai.int\/es\/wp-json\/wp\/v2\/pages\/869\/revisions"}],"predecessor-version":[{"id":870,"href":"https:\/\/iai.int\/es\/wp-json\/wp\/v2\/pages\/869\/revisions\/870"}],"wp:attachment":[{"href":"https:\/\/iai.int\/es\/wp-json\/wp\/v2\/media?parent=869"}],"curies":[{"name":"wp","href":"https:\/\/api.w.org\/{rel}","templated":true}]}}