{"id":866,"date":"2024-09-16T15:32:09","date_gmt":"2024-09-16T18:32:09","guid":{"rendered":"https:\/\/iai.int\/?page_id=866"},"modified":"2024-09-16T15:32:09","modified_gmt":"2024-09-16T18:32:09","slug":"cambio-climatico-y-riego-en-la-agricultura-hacia-una-mejor-comprension-de-las-fuerzas-motoras-y-las-retroacciones-entre-los-tomadores-de-decisiones-y-el-ambiente-biofisico-y-sus-impactos-en-el-ciclo","status":"publish","type":"page","link":"https:\/\/iai.int\/es\/cambio-climatico-y-riego-en-la-agricultura-hacia-una-mejor-comprension-de-las-fuerzas-motoras-y-las-retroacciones-entre-los-tomadores-de-decisiones-y-el-ambiente-biofisico-y-sus-impactos-en-el-ciclo\/","title":{"rendered":"Cambio clim\u00e1tico y riego en la agricultura: hacia una mejor comprensi\u00f3n de las fuerzas motoras y las retroacciones entre los tomadores de decisiones y el ambiente biof\u00edsico y sus impactos en el ciclo hidrol\u00f3gico y el uso de la tierra (SGP-HD 003)"},"content":{"rendered":"\n<figure class=\"wp-block-image\"><img decoding=\"async\" src=\"https:\/\/iai.int\/admin\/site\/sites\/default\/files\/uploads\/2014\/03\/sgphd003.jpg\" alt=\"sgphd003\" class=\"wp-image-2167\"\/><\/figure>\n\n\n\n<p><em>1 Cuenca del R\u00edo Maipo, Chile<br>2 Vista del R\u00edo Maipo en El Manzano, Chile<br>3 Cambios recientes en la cobertura del suelo: C\u00edtricos y vi\u00f1edos en Melipilla, Chile<\/em><\/p>\n\n\n\n<h3 class=\"wp-block-heading\">Informaci\u00f3n de proyecto<\/h3>\n\n\n\n<p><strong>Investigador principal:<\/strong><\/p>\n\n\n\n<p><em>Francisco J. Meza<\/em>&nbsp;(<a href=\"mailto:fmeza@uc.cl\">fmeza@uc.cl<\/a>)<br>Facultad de Agronom\u00eda e Ingenier\u00eda Forestal, Pontificia Universidad Cat\u00f3lica de Chil<\/p>\n\n\n\n<p><strong>Papers publicados:<\/strong><\/p>\n\n\n\n<p><a href=\"http:\/\/www.citeulike.org\/user\/IAI\/tag\/sgp-hd003\" target=\"_blank\" rel=\"noreferrer noopener\">http:\/\/www.citeulike.org\/user\/IAI\/tag\/sgp-hd003<\/a><\/p>\n\n\n\n<p><a href=\"https:\/\/iai.int\/es\/meetings\/detail\/sgp-hd-003#summary\">Resumen ejecutivo<\/a>&nbsp;<a href=\"https:\/\/iai.int\/es\/meetings\/detail\/sgp-hd-003#investigadores\">Investigadores<\/a><\/p>\n\n\n\n<h3 class=\"wp-block-heading\" id=\"summary\">Resumen ejecutivo<\/h3>\n\n\n\n<p>La agricultura se ve afectada por el aumento de la competencia por los recursos h\u00eddricos, as\u00ed como por los cambios en la temperatura, la precipitaci\u00f3n y los caudales. El acceso a agua de riego es clave para reducir los impactos de la variabilidad y el cambio clim\u00e1ticos en la seguridad h\u00eddrica y las econom\u00edas regionales. En consecuencia, los agricultores deben adaptarse estrat\u00e9gicamente, alternando cultivos, modificando fechas de siembra, aumentando la irrigaci\u00f3n, e incluso posiblemente, vendiendo derechos de uso de la tierra o el agua. Estas decisiones, a su vez, replantear\u00e1n los problemas y las oportunidades en materia de uso de la tierra, y modificar\u00e1n las necesidades de riego y gesti\u00f3n del agua. Es necesario entender estas interacciones entre los procesos de toma de decisiones y el ambiente biof\u00edsico para que la investigaci\u00f3n en temas de adaptaci\u00f3n tenga relevancia pol\u00edtica.<\/p>\n\n\n\n<p><strong>Objetivos<\/strong><\/p>\n\n\n\n<p>Evaluar los impactos de los cambios en el clima y en el uso de la tierra sobre la agricultura de irrigaci\u00f3n y caracterizar las interacciones entre el ambiente y las decisiones sobre adaptaci\u00f3n<\/p>\n\n\n\n<p>Evaluar los cambios en la demanda de agua y las necesidades de irrigaci\u00f3n en el nivel regional en respuesta a los cambios en las condiciones hidrometeorol\u00f3gicas y del uso de la tierra<\/p>\n\n\n\n<p>Caracterizar las condiciones socioecon\u00f3micas de los tomadores de decisiones<\/p>\n\n\n\n<p>Estimar la productividad de las \u00e1reas bajo riego en funci\u00f3n de la disponibilidad de agua (escenario de l\u00ednea de base)<\/p>\n\n\n\n<p>Analizar la vulnerabilidad de los sistemas h\u00eddricos y de uso de la tierra<\/p>\n\n\n\n<p>Desarrollar y probar m\u00e9todos para la comunicaci\u00f3n de los resultados de investigaci\u00f3n<\/p>\n\n\n\n<p>Identificar y evaluar las oportunidades de adaptaci\u00f3n para los tomadores de decisiones<\/p>\n\n\n\n<p><strong>Resultados<\/strong><br>La cuenca del R\u00edo Segundo, otrora \u201ccentro de producci\u00f3n de man\u00ed de Argentina\u201d, ha experimentado un aumento en la producci\u00f3n de soja a expensas de una ca\u00edda en la producci\u00f3n de man\u00ed, heno y de la ganader\u00eda. La superficie cultivada con soja ha crecido casi 18 veces, duplicando el \u00e1rea agr\u00edcola total en poco m\u00e1s de una d\u00e9cada.<\/p>\n\n\n\n<p>En R\u00edo Segundo, la precipitaci\u00f3n y las temperaturas m\u00ednimas han aumentado a ininterrumpidamente durante las \u00faltimas d\u00e9cadas del siglo XX. En conjunto, la globalizaci\u00f3n y el aumento en la precipitaci\u00f3n contribuyen a la expansi\u00f3n agr\u00edcola en la regi\u00f3n.<\/p>\n\n\n\n<p>Los principales riesgos clim\u00e1ticos que se perciben para la producci\u00f3n agr\u00edcola en R\u00edo Segundo, aparte de la escasez de agua de riego, son las heladas tempranas durante abril y las heladas tard\u00edas a mediados de noviembre. Los productores indicaron tambi\u00e9n que las tormentas de granizo son particularmente da\u00f1inas para los cultivos.<\/p>\n\n\n\n<p>Puede verse la implicancia del aumento en la precipitaci\u00f3n en la agricultura observando el aumento de las lluvias durante los a\u00f1os El Ni\u00f1o, que caus\u00f3 un aumento en el rendimiento de los cultivos de verano, mientras que la menor precipitaci\u00f3n en a\u00f1os La Ni\u00f1a redujo los rendimientos. Se observ\u00f3 una tendencia contraria para el trigo (mayor rendimiento durante La Ni\u00f1a, y menor, durante El Ni\u00f1o). La precipitaci\u00f3n de invierno (mayo-agosto) est\u00e1 correlacionada con El Ni\u00f1o Oscilaci\u00f3n del Sur (ENOS).<\/p>\n\n\n\n<p>Con esta lluvia a menudo impredecible, el riego complementario mejora el rendimiento de los cultivos y ayuda a estabilizar la producci\u00f3n. El mayor impacto se vio en el trigo, cuyo rendimiento bajo riego fue m\u00e1s del doble.<\/p>\n\n\n\n<p>Antes que una adaptaci\u00f3n al cambio clim\u00e1tico local, que de hecho revela una tendencia al aumento en la humedad, los sistemas de irrigaci\u00f3n constituyen una estrategia para mejorar la posici\u00f3n econ\u00f3mica de los productores.<\/p>\n\n\n\n<p>Se analiz\u00f3 la vulnerabilidad de los derechos permanentes al agua bajo dos escenarios de cambio clim\u00e1tico en la cuenca del R\u00edo Maipo. La probabilidad de que dichos derechos no satisfagan la demanda requerida puede alcanzar el 40-50% de los casos, comparada con el 6-20% observado en el escenario de l\u00ednea de base. Para que los derechos al agua proporcionen los mismos rendimientos bajo el cambio clim\u00e1tico futuro, deber\u00e1n ser adaptados con urgencia.<\/p>\n\n\n\n<p><strong>V\u00ednculos con otros proyectos del IAI<\/strong><br>Este proyecto colabora con CRN 2031 y CRN 2047. Se han otorgado becas de maestr\u00eda en cooperaci\u00f3n con el CRN 2031.<\/p>\n\n\n\n<h3 class=\"wp-block-heading\" id=\"investigadores\">Investigadores del projecto<\/h3>\n\n\n\n<p>Francisco J. Meza \u2013&nbsp;<a href=\"mailto:fmeza@uc.cl\">fmeza@uc.cl<\/a><\/p>\n\n\n\n<p>Facultad de Agronom\u00eda e Ingenier\u00eda Forestal, Pontificia Universidad Cat\u00f3lica de Chile<\/p>\n\n\n\n<p><strong>Co-Investigadores<\/strong><br>Guillermo Donoso, Luis Gurovich, Horacio Gilabert (PUC, Chile), Daniel. S. Wilks (Cornell University, EE.UU.), David Letson (UM\/RSMAS\/Marine Affairs and Policy, EE.UU.), Mar\u00eda Isabel Travasso (CIRN-INTA, Argentina), Enrique Garrido (DMC, Chile)<\/p>\n\n\n\n<p><strong>Sitio web del proyecto:<\/strong><br><a href=\"https:\/\/iai.int\/admin\/site\/sites\/default\/files\/uploads\/2014\/03\/SGP-HD_3.pdf\" target=\"_blank\" rel=\"noreferrer noopener\">Archivo PDF (en ingl\u00e9s)<\/a><\/p>\n\n\n\n<p><\/p>\n","protected":false},"excerpt":{"rendered":"<p>1 Cuenca del R\u00edo Maipo, Chile2 Vista del R\u00edo Maipo en El Manzano, Chile3 Cambios recientes en la cobertura del suelo: C\u00edtricos y vi\u00f1edos en Melipilla, Chile Informaci\u00f3n de proyecto Investigador principal: Francisco J. Meza&nbsp;(fmeza@uc.cl)Facultad de Agronom\u00eda e Ingenier\u00eda Forestal, Pontificia Universidad Cat\u00f3lica de Chil Papers publicados: http:\/\/www.citeulike.org\/user\/IAI\/tag\/sgp-hd003 Resumen ejecutivo&nbsp;Investigadores Resumen ejecutivo La agricultura se [&hellip;]<\/p>\n","protected":false},"author":1,"featured_media":0,"parent":0,"menu_order":0,"comment_status":"closed","ping_status":"closed","template":"","meta":{"_acf_changed":false,"_uag_custom_page_level_css":"","footnotes":""},"class_list":["post-866","page","type-page","status-publish","hentry"],"acf":[],"yoast_head":"<!-- This site is optimized with the Yoast SEO plugin v27.3 - https:\/\/yoast.com\/product\/yoast-seo-wordpress\/ -->\n<title>Cambio clim\u00e1tico y riego en la agricultura: hacia una mejor comprensi\u00f3n de las fuerzas motoras y las retroacciones entre los tomadores de decisiones y el ambiente biof\u00edsico y sus impactos en el ciclo hidrol\u00f3gico y el uso de la tierra (SGP-HD 003) - IAI - Inter-American Institute for Global Change Research<\/title>\n<meta name=\"robots\" content=\"index, follow, max-snippet:-1, max-image-preview:large, max-video-preview:-1\" \/>\n<link rel=\"canonical\" href=\"https:\/\/iai.int\/es\/cambio-climatico-y-riego-en-la-agricultura-hacia-una-mejor-comprension-de-las-fuerzas-motoras-y-las-retroacciones-entre-los-tomadores-de-decisiones-y-el-ambiente-biofisico-y-sus-impactos-en-el-ciclo\/\" \/>\n<meta property=\"og:locale\" content=\"es_ES\" \/>\n<meta property=\"og:type\" content=\"article\" \/>\n<meta property=\"og:title\" content=\"Cambio clim\u00e1tico y riego en la agricultura: hacia una mejor comprensi\u00f3n de las fuerzas motoras y las retroacciones entre los tomadores de decisiones y el ambiente biof\u00edsico y sus impactos en el ciclo hidrol\u00f3gico y el uso de la tierra (SGP-HD 003) - IAI - Inter-American Institute for Global Change Research\" \/>\n<meta property=\"og:description\" content=\"1 Cuenca del R\u00edo Maipo, Chile2 Vista del R\u00edo Maipo en El Manzano, Chile3 Cambios recientes en la cobertura del suelo: C\u00edtricos y vi\u00f1edos en Melipilla, Chile Informaci\u00f3n de proyecto Investigador principal: Francisco J. Meza&nbsp;(fmeza@uc.cl)Facultad de Agronom\u00eda e Ingenier\u00eda Forestal, Pontificia Universidad Cat\u00f3lica de Chil Papers publicados: http:\/\/www.citeulike.org\/user\/IAI\/tag\/sgp-hd003 Resumen ejecutivo&nbsp;Investigadores Resumen ejecutivo La agricultura se [&hellip;]\" \/>\n<meta property=\"og:url\" content=\"https:\/\/iai.int\/es\/cambio-climatico-y-riego-en-la-agricultura-hacia-una-mejor-comprension-de-las-fuerzas-motoras-y-las-retroacciones-entre-los-tomadores-de-decisiones-y-el-ambiente-biofisico-y-sus-impactos-en-el-ciclo\/\" \/>\n<meta property=\"og:site_name\" content=\"IAI - Inter-American Institute for Global Change Research\" \/>\n<meta name=\"twitter:card\" content=\"summary_large_image\" \/>\n<meta name=\"twitter:label1\" content=\"Tiempo de lectura\" \/>\n\t<meta name=\"twitter:data1\" content=\"4 minutos\" \/>\n<script type=\"application\/ld+json\" class=\"yoast-schema-graph\">{\"@context\":\"https:\\\/\\\/schema.org\",\"@graph\":[{\"@type\":\"WebPage\",\"@id\":\"https:\\\/\\\/iai.int\\\/es\\\/cambio-climatico-y-riego-en-la-agricultura-hacia-una-mejor-comprension-de-las-fuerzas-motoras-y-las-retroacciones-entre-los-tomadores-de-decisiones-y-el-ambiente-biofisico-y-sus-impactos-en-el-ciclo\\\/\",\"url\":\"https:\\\/\\\/iai.int\\\/es\\\/cambio-climatico-y-riego-en-la-agricultura-hacia-una-mejor-comprension-de-las-fuerzas-motoras-y-las-retroacciones-entre-los-tomadores-de-decisiones-y-el-ambiente-biofisico-y-sus-impactos-en-el-ciclo\\\/\",\"name\":\"Cambio clim\u00e1tico y riego en la agricultura: hacia una mejor comprensi\u00f3n de las fuerzas motoras y las retroacciones entre los tomadores de decisiones y el ambiente biof\u00edsico y sus impactos en el ciclo hidrol\u00f3gico y el uso de la tierra (SGP-HD 003) - IAI - Inter-American Institute for Global Change Research\",\"isPartOf\":{\"@id\":\"https:\\\/\\\/iai.int\\\/es\\\/#website\"},\"primaryImageOfPage\":{\"@id\":\"https:\\\/\\\/iai.int\\\/es\\\/cambio-climatico-y-riego-en-la-agricultura-hacia-una-mejor-comprension-de-las-fuerzas-motoras-y-las-retroacciones-entre-los-tomadores-de-decisiones-y-el-ambiente-biofisico-y-sus-impactos-en-el-ciclo\\\/#primaryimage\"},\"image\":{\"@id\":\"https:\\\/\\\/iai.int\\\/es\\\/cambio-climatico-y-riego-en-la-agricultura-hacia-una-mejor-comprension-de-las-fuerzas-motoras-y-las-retroacciones-entre-los-tomadores-de-decisiones-y-el-ambiente-biofisico-y-sus-impactos-en-el-ciclo\\\/#primaryimage\"},\"thumbnailUrl\":\"https:\\\/\\\/iai.int\\\/admin\\\/site\\\/sites\\\/default\\\/files\\\/uploads\\\/2014\\\/03\\\/sgphd003.jpg\",\"datePublished\":\"2024-09-16T18:32:09+00:00\",\"breadcrumb\":{\"@id\":\"https:\\\/\\\/iai.int\\\/es\\\/cambio-climatico-y-riego-en-la-agricultura-hacia-una-mejor-comprension-de-las-fuerzas-motoras-y-las-retroacciones-entre-los-tomadores-de-decisiones-y-el-ambiente-biofisico-y-sus-impactos-en-el-ciclo\\\/#breadcrumb\"},\"inLanguage\":\"es\",\"potentialAction\":[{\"@type\":\"ReadAction\",\"target\":[\"https:\\\/\\\/iai.int\\\/es\\\/cambio-climatico-y-riego-en-la-agricultura-hacia-una-mejor-comprension-de-las-fuerzas-motoras-y-las-retroacciones-entre-los-tomadores-de-decisiones-y-el-ambiente-biofisico-y-sus-impactos-en-el-ciclo\\\/\"]}]},{\"@type\":\"ImageObject\",\"inLanguage\":\"es\",\"@id\":\"https:\\\/\\\/iai.int\\\/es\\\/cambio-climatico-y-riego-en-la-agricultura-hacia-una-mejor-comprension-de-las-fuerzas-motoras-y-las-retroacciones-entre-los-tomadores-de-decisiones-y-el-ambiente-biofisico-y-sus-impactos-en-el-ciclo\\\/#primaryimage\",\"url\":\"https:\\\/\\\/iai.int\\\/admin\\\/site\\\/sites\\\/default\\\/files\\\/uploads\\\/2014\\\/03\\\/sgphd003.jpg\",\"contentUrl\":\"https:\\\/\\\/iai.int\\\/admin\\\/site\\\/sites\\\/default\\\/files\\\/uploads\\\/2014\\\/03\\\/sgphd003.jpg\"},{\"@type\":\"BreadcrumbList\",\"@id\":\"https:\\\/\\\/iai.int\\\/es\\\/cambio-climatico-y-riego-en-la-agricultura-hacia-una-mejor-comprension-de-las-fuerzas-motoras-y-las-retroacciones-entre-los-tomadores-de-decisiones-y-el-ambiente-biofisico-y-sus-impactos-en-el-ciclo\\\/#breadcrumb\",\"itemListElement\":[{\"@type\":\"ListItem\",\"position\":1,\"name\":\"Portada\",\"item\":\"https:\\\/\\\/iai.int\\\/es\\\/\"},{\"@type\":\"ListItem\",\"position\":2,\"name\":\"Cambio clim\u00e1tico y riego en la agricultura: hacia una mejor comprensi\u00f3n de las fuerzas motoras y las retroacciones entre los tomadores de decisiones y el ambiente biof\u00edsico y sus impactos en el ciclo hidrol\u00f3gico y el uso de la tierra (SGP-HD 003)\"}]},{\"@type\":\"WebSite\",\"@id\":\"https:\\\/\\\/iai.int\\\/es\\\/#website\",\"url\":\"https:\\\/\\\/iai.int\\\/es\\\/\",\"name\":\"IAI - Inter-American Institute for Global Change Research\",\"description\":\"\",\"publisher\":{\"@id\":\"https:\\\/\\\/iai.int\\\/es\\\/#organization\"},\"potentialAction\":[{\"@type\":\"SearchAction\",\"target\":{\"@type\":\"EntryPoint\",\"urlTemplate\":\"https:\\\/\\\/iai.int\\\/es\\\/?s={search_term_string}\"},\"query-input\":{\"@type\":\"PropertyValueSpecification\",\"valueRequired\":true,\"valueName\":\"search_term_string\"}}],\"inLanguage\":\"es\"},{\"@type\":\"Organization\",\"@id\":\"https:\\\/\\\/iai.int\\\/es\\\/#organization\",\"name\":\"IAI - Inter-American Institute for Global Change Research\",\"url\":\"https:\\\/\\\/iai.int\\\/es\\\/\",\"logo\":{\"@type\":\"ImageObject\",\"inLanguage\":\"es\",\"@id\":\"https:\\\/\\\/iai.int\\\/es\\\/#\\\/schema\\\/logo\\\/image\\\/\",\"url\":\"https:\\\/\\\/iai.int\\\/wp-content\\\/uploads\\\/2025\\\/11\\\/IAI-logo-English-scaled.png\",\"contentUrl\":\"https:\\\/\\\/iai.int\\\/wp-content\\\/uploads\\\/2025\\\/11\\\/IAI-logo-English-scaled.png\",\"width\":2560,\"height\":985,\"caption\":\"IAI - Inter-American Institute for Global Change Research\"},\"image\":{\"@id\":\"https:\\\/\\\/iai.int\\\/es\\\/#\\\/schema\\\/logo\\\/image\\\/\"}}]}<\/script>\n<!-- \/ Yoast SEO plugin. -->","yoast_head_json":{"title":"Cambio clim\u00e1tico y riego en la agricultura: hacia una mejor comprensi\u00f3n de las fuerzas motoras y las retroacciones entre los tomadores de decisiones y el ambiente biof\u00edsico y sus impactos en el ciclo hidrol\u00f3gico y el uso de la tierra (SGP-HD 003) - IAI - Inter-American Institute for Global Change Research","robots":{"index":"index","follow":"follow","max-snippet":"max-snippet:-1","max-image-preview":"max-image-preview:large","max-video-preview":"max-video-preview:-1"},"canonical":"https:\/\/iai.int\/es\/cambio-climatico-y-riego-en-la-agricultura-hacia-una-mejor-comprension-de-las-fuerzas-motoras-y-las-retroacciones-entre-los-tomadores-de-decisiones-y-el-ambiente-biofisico-y-sus-impactos-en-el-ciclo\/","og_locale":"es_ES","og_type":"article","og_title":"Cambio clim\u00e1tico y riego en la agricultura: hacia una mejor comprensi\u00f3n de las fuerzas motoras y las retroacciones entre los tomadores de decisiones y el ambiente biof\u00edsico y sus impactos en el ciclo hidrol\u00f3gico y el uso de la tierra (SGP-HD 003) - IAI - Inter-American Institute for Global Change Research","og_description":"1 Cuenca del R\u00edo Maipo, Chile2 Vista del R\u00edo Maipo en El Manzano, Chile3 Cambios recientes en la cobertura del suelo: C\u00edtricos y vi\u00f1edos en Melipilla, Chile Informaci\u00f3n de proyecto Investigador principal: Francisco J. Meza&nbsp;(fmeza@uc.cl)Facultad de Agronom\u00eda e Ingenier\u00eda Forestal, Pontificia Universidad Cat\u00f3lica de Chil Papers publicados: http:\/\/www.citeulike.org\/user\/IAI\/tag\/sgp-hd003 Resumen ejecutivo&nbsp;Investigadores Resumen ejecutivo La agricultura se [&hellip;]","og_url":"https:\/\/iai.int\/es\/cambio-climatico-y-riego-en-la-agricultura-hacia-una-mejor-comprension-de-las-fuerzas-motoras-y-las-retroacciones-entre-los-tomadores-de-decisiones-y-el-ambiente-biofisico-y-sus-impactos-en-el-ciclo\/","og_site_name":"IAI - Inter-American Institute for Global Change Research","twitter_card":"summary_large_image","twitter_misc":{"Tiempo de lectura":"4 minutos"},"schema":{"@context":"https:\/\/schema.org","@graph":[{"@type":"WebPage","@id":"https:\/\/iai.int\/es\/cambio-climatico-y-riego-en-la-agricultura-hacia-una-mejor-comprension-de-las-fuerzas-motoras-y-las-retroacciones-entre-los-tomadores-de-decisiones-y-el-ambiente-biofisico-y-sus-impactos-en-el-ciclo\/","url":"https:\/\/iai.int\/es\/cambio-climatico-y-riego-en-la-agricultura-hacia-una-mejor-comprension-de-las-fuerzas-motoras-y-las-retroacciones-entre-los-tomadores-de-decisiones-y-el-ambiente-biofisico-y-sus-impactos-en-el-ciclo\/","name":"Cambio clim\u00e1tico y riego en la agricultura: hacia una mejor comprensi\u00f3n de las fuerzas motoras y las retroacciones entre los tomadores de decisiones y el ambiente biof\u00edsico y sus impactos en el ciclo hidrol\u00f3gico y el uso de la tierra (SGP-HD 003) - IAI - Inter-American Institute for Global Change Research","isPartOf":{"@id":"https:\/\/iai.int\/es\/#website"},"primaryImageOfPage":{"@id":"https:\/\/iai.int\/es\/cambio-climatico-y-riego-en-la-agricultura-hacia-una-mejor-comprension-de-las-fuerzas-motoras-y-las-retroacciones-entre-los-tomadores-de-decisiones-y-el-ambiente-biofisico-y-sus-impactos-en-el-ciclo\/#primaryimage"},"image":{"@id":"https:\/\/iai.int\/es\/cambio-climatico-y-riego-en-la-agricultura-hacia-una-mejor-comprension-de-las-fuerzas-motoras-y-las-retroacciones-entre-los-tomadores-de-decisiones-y-el-ambiente-biofisico-y-sus-impactos-en-el-ciclo\/#primaryimage"},"thumbnailUrl":"https:\/\/iai.int\/admin\/site\/sites\/default\/files\/uploads\/2014\/03\/sgphd003.jpg","datePublished":"2024-09-16T18:32:09+00:00","breadcrumb":{"@id":"https:\/\/iai.int\/es\/cambio-climatico-y-riego-en-la-agricultura-hacia-una-mejor-comprension-de-las-fuerzas-motoras-y-las-retroacciones-entre-los-tomadores-de-decisiones-y-el-ambiente-biofisico-y-sus-impactos-en-el-ciclo\/#breadcrumb"},"inLanguage":"es","potentialAction":[{"@type":"ReadAction","target":["https:\/\/iai.int\/es\/cambio-climatico-y-riego-en-la-agricultura-hacia-una-mejor-comprension-de-las-fuerzas-motoras-y-las-retroacciones-entre-los-tomadores-de-decisiones-y-el-ambiente-biofisico-y-sus-impactos-en-el-ciclo\/"]}]},{"@type":"ImageObject","inLanguage":"es","@id":"https:\/\/iai.int\/es\/cambio-climatico-y-riego-en-la-agricultura-hacia-una-mejor-comprension-de-las-fuerzas-motoras-y-las-retroacciones-entre-los-tomadores-de-decisiones-y-el-ambiente-biofisico-y-sus-impactos-en-el-ciclo\/#primaryimage","url":"https:\/\/iai.int\/admin\/site\/sites\/default\/files\/uploads\/2014\/03\/sgphd003.jpg","contentUrl":"https:\/\/iai.int\/admin\/site\/sites\/default\/files\/uploads\/2014\/03\/sgphd003.jpg"},{"@type":"BreadcrumbList","@id":"https:\/\/iai.int\/es\/cambio-climatico-y-riego-en-la-agricultura-hacia-una-mejor-comprension-de-las-fuerzas-motoras-y-las-retroacciones-entre-los-tomadores-de-decisiones-y-el-ambiente-biofisico-y-sus-impactos-en-el-ciclo\/#breadcrumb","itemListElement":[{"@type":"ListItem","position":1,"name":"Portada","item":"https:\/\/iai.int\/es\/"},{"@type":"ListItem","position":2,"name":"Cambio clim\u00e1tico y riego en la agricultura: hacia una mejor comprensi\u00f3n de las fuerzas motoras y las retroacciones entre los tomadores de decisiones y el ambiente biof\u00edsico y sus impactos en el ciclo hidrol\u00f3gico y el uso de la tierra (SGP-HD 003)"}]},{"@type":"WebSite","@id":"https:\/\/iai.int\/es\/#website","url":"https:\/\/iai.int\/es\/","name":"IAI - Inter-American Institute for Global Change Research","description":"","publisher":{"@id":"https:\/\/iai.int\/es\/#organization"},"potentialAction":[{"@type":"SearchAction","target":{"@type":"EntryPoint","urlTemplate":"https:\/\/iai.int\/es\/?s={search_term_string}"},"query-input":{"@type":"PropertyValueSpecification","valueRequired":true,"valueName":"search_term_string"}}],"inLanguage":"es"},{"@type":"Organization","@id":"https:\/\/iai.int\/es\/#organization","name":"IAI - Inter-American Institute for Global Change Research","url":"https:\/\/iai.int\/es\/","logo":{"@type":"ImageObject","inLanguage":"es","@id":"https:\/\/iai.int\/es\/#\/schema\/logo\/image\/","url":"https:\/\/iai.int\/wp-content\/uploads\/2025\/11\/IAI-logo-English-scaled.png","contentUrl":"https:\/\/iai.int\/wp-content\/uploads\/2025\/11\/IAI-logo-English-scaled.png","width":2560,"height":985,"caption":"IAI - Inter-American Institute for Global Change Research"},"image":{"@id":"https:\/\/iai.int\/es\/#\/schema\/logo\/image\/"}}]}},"uagb_featured_image_src":{"full":false,"thumbnail":false,"medium":false,"medium_large":false,"large":false,"1536x1536":false,"2048x2048":false},"uagb_author_info":{"display_name":"admin","author_link":"https:\/\/iai.int\/es\/author\/admin\/"},"uagb_comment_info":0,"uagb_excerpt":"1 Cuenca del R\u00edo Maipo, Chile2 Vista del R\u00edo Maipo en El Manzano, Chile3 Cambios recientes en la cobertura del suelo: C\u00edtricos y vi\u00f1edos en Melipilla, Chile Informaci\u00f3n de proyecto Investigador principal: Francisco J. Meza&nbsp;(fmeza@uc.cl)Facultad de Agronom\u00eda e Ingenier\u00eda Forestal, Pontificia Universidad Cat\u00f3lica de Chil Papers publicados: http:\/\/www.citeulike.org\/user\/IAI\/tag\/sgp-hd003 Resumen ejecutivo&nbsp;Investigadores Resumen ejecutivo La agricultura se&hellip;","_links":{"self":[{"href":"https:\/\/iai.int\/es\/wp-json\/wp\/v2\/pages\/866","targetHints":{"allow":["GET"]}}],"collection":[{"href":"https:\/\/iai.int\/es\/wp-json\/wp\/v2\/pages"}],"about":[{"href":"https:\/\/iai.int\/es\/wp-json\/wp\/v2\/types\/page"}],"author":[{"embeddable":true,"href":"https:\/\/iai.int\/es\/wp-json\/wp\/v2\/users\/1"}],"replies":[{"embeddable":true,"href":"https:\/\/iai.int\/es\/wp-json\/wp\/v2\/comments?post=866"}],"version-history":[{"count":1,"href":"https:\/\/iai.int\/es\/wp-json\/wp\/v2\/pages\/866\/revisions"}],"predecessor-version":[{"id":867,"href":"https:\/\/iai.int\/es\/wp-json\/wp\/v2\/pages\/866\/revisions\/867"}],"wp:attachment":[{"href":"https:\/\/iai.int\/es\/wp-json\/wp\/v2\/media?parent=866"}],"curies":[{"name":"wp","href":"https:\/\/api.w.org\/{rel}","templated":true}]}}