{"id":861,"date":"2024-09-16T15:14:26","date_gmt":"2024-09-16T18:14:26","guid":{"rendered":"https:\/\/iai.int\/?page_id=861"},"modified":"2024-10-17T13:17:48","modified_gmt":"2024-10-17T16:17:48","slug":"pequenos-caficultores-y-opciones-de-adaptacion-al-cambio-climatico-riesgos-y-desafios-de-la-certificacion-de-servicios-ecosistemicos-sgp-cra-2060","status":"publish","type":"page","link":"https:\/\/iai.int\/es\/pequenos-caficultores-y-opciones-de-adaptacion-al-cambio-climatico-riesgos-y-desafios-de-la-certificacion-de-servicios-ecosistemicos-sgp-cra-2060\/","title":{"rendered":"Peque\u00f1os caficultores y opciones de adaptaci\u00f3n al cambio clim\u00e1tico: riesgos y desaf\u00edos de la certificaci\u00f3n de servicios ecosist\u00e9micos (SGP-CRA 2060)"},"content":{"rendered":"\n<p><img fetchpriority=\"high\" decoding=\"async\" alt=\"CRA2060\" height=\"171\" src=\"https:\/\/iai.int\/admin\/site\/sites\/default\/files\/uploads\/2014\/03\/CRA2060.jpg\" width=\"690\"><br><em>1 Productor de caf\u00e9 aprende a manejar una estaci\u00f3n meteorol\u00f3gica ubicada en una plantaci\u00f3n de caf\u00e9 en Honduras (foto: Oscar Gonzalez 2012)<br>2 Planta de caf\u00e9 afectada por roya en Guatemala (foto: Diego Pons 2012)<br>3 Gran defoliaci\u00f3n en una plantaci\u00f3n de caf\u00e9 a causa de una infestaci\u00f3n (foto: Diego Pons 2012)<\/em><\/p>\n\n\n\n<h3 class=\"wp-block-heading\">Informaci\u00f3n de proyecto<\/h3>\n\n\n\n<p><strong>Investigador principal:<\/strong><\/p>\n\n\n\n<p><em>Edwin Castellanos<\/em>&nbsp;(<a href=\"mailto:ecastell@uvg.edu.gt\">ecastell@uvg.edu.gt<\/a>)<br>Universidad del Valle de Guatemala<\/p>\n\n\n\n<p><strong>Sitio web del proyecto:<\/strong><\/p>\n\n\n\n<p><a href=\"https:\/\/www.uvg.edu.gt\/instituto\/centros\/cea\/cafe\/\" target=\"_blank\" rel=\"noreferrer noopener\">http:\/\/www.uvg.edu.gt\/instituto\/centros\/cea\/cafe\/&gt;<\/a><\/p>\n\n\n\n<p><strong>Papers publicados:<\/strong><\/p>\n\n\n\n<p><a href=\"http:\/\/www.citeulike.org\/user\/IAI\/tag\/cra2060\" target=\"_blank\" rel=\"noreferrer noopener\">http:\/\/www.citeulike.org\/user\/IAI\/tag\/cra2060<\/a><\/p>\n\n\n\n<p>Este proyecto es continuaci\u00f3n del\u00a0<a href=\"https:\/\/iai.int\/estrategias-efectivas-de-adaptacion-y-reduccion-de-riesgos-por-fluctuaciones-de-precios-y-cambios-climaticos-lecciones-de-la-crisis-del-cafe-en-mesoamerica-crn-2060\/\" data-type=\"page\" data-id=\"828\">CRN 2060, que lleva el mismo t\u00edtulo.<\/a><\/p>\n\n\n\n<p><a href=\"https:\/\/iai.int\/es\/meetings\/detail\/sgp-cra-2060#summary\">Resumen ejecutivo<\/a>&nbsp;<a href=\"https:\/\/iai.int\/es\/meetings\/detail\/sgp-cra-2060#medios\">Extensi\u00f3n<\/a>&nbsp;<a href=\"https:\/\/iai.int\/es\/meetings\/detail\/sgp-cra-2060#investigadores\">Investigadores<\/a>&nbsp;<a href=\"https:\/\/iai.int\/es\/meetings\/detail\/sgp-cra-2060#students\">Estudiantes<\/a><\/p>\n\n\n\n<h3 class=\"wp-block-heading\" id=\"summary\">Resumen ejecutivo<\/h3>\n\n\n\n<h4 class=\"wp-block-heading\">Descripci\u00f3n del proyecto<\/h4>\n\n\n\n<p>Guatemala, M\u00e9xico, Honduras y Costa Rica se encuentran entre los quince mayores exportadores de caf\u00e9 del mundo, y en la regi\u00f3n la subsistencia de cientos de miles de peque\u00f1os productores est\u00e1 ligada de alguna forma a la industria cafetalera. Como los impactos del cambio clim\u00e1tico sobre el ambiente se han vuelto m\u00e1s evidentes para los productores, es cada vez m\u00e1s importante que los investigadores complementen los estudios socioecon\u00f3micos con investigaciones biof\u00edsicas pormenorizadas. En nuestra red, apuntamos a una mejor comprensi\u00f3n del papel de las marcas de certificaci\u00f3n, los programas de comercio justo y la producci\u00f3n org\u00e1nica. Esos mecanismos pueden incrementar los ingresos de los caficultores, pero se desconocen los impactos que tendr\u00e1 el cumplimiento con las nuevas reglas y pr\u00e1cticas en los medios de vida de los productores, la capacidad de adaptaci\u00f3n y el ambiente.<\/p>\n\n\n\n<h4 class=\"wp-block-heading\">Objetivos<\/h4>\n\n\n\n<ul class=\"wp-block-list\">\n<li>Determinar el balance de los costos y beneficios potenciales asociados con la implementaci\u00f3n de diferentes tipos de certificaci\u00f3n y sus implicaciones en los medos de vida y la producci\u00f3n de peque\u00f1os productores, ya sea que est\u00e9n organizados o no.<\/li>\n\n\n\n<li>Entender la influencia de esos nuevos est\u00e1ndares en la regulaci\u00f3n del microclima local en vista de posibles cambios clim\u00e1ticos.<\/li>\n\n\n\n<li>Relacionar los posibles cambios clim\u00e1ticos del futuro con la variaci\u00f3n de la productividad de las plantaciones.<\/li>\n<\/ul>\n\n\n\n<h4 class=\"wp-block-heading\">Algunos resultados<\/h4>\n\n\n\n<ul class=\"wp-block-list\">\n<li>Hemos elaborado varios protocolos de investigaci\u00f3n que ser\u00e1n puestos a prueba en el campo.<\/li>\n\n\n\n<li>Se han instalado cuatro estaciones meteorol\u00f3gicas en \u00e1reas donde las enfermedades del cafeto se han vuelto cr\u00edticas para los productores; dichas estaciones ya est\u00e1n recolectando datos.<\/li>\n\n\n\n<li>Hemos analizado el estado de las marcas de certificaci\u00f3n entre los productores de caf\u00e9 de la regi\u00f3n junto con la Alianza para Bosques con el fin de determinar si trabajar con pr\u00e1cticas y sellos certificados.<\/li>\n\n\n\n<li>Hemos seleccionado un grupo muestra de caficultores certificados y no certificados que desean participar en la investigaci\u00f3n.<\/li>\n<\/ul>\n\n\n\n<h3 class=\"wp-block-heading\" id=\"medios\">Extensi\u00f3n<\/h3>\n\n\n\n<p><strong>*************ESTE PARRAFO NO SE COPIA CORRECTAMENTE, REVISAR***********<\/strong><br>LINK ORIGINAL: <a href=\"https:\/\/iai.int\/es\/meetings\/detail\/sgp-cra-2060\">https:\/\/iai.int\/es\/meetings\/detail\/sgp-cra-2060<\/a><\/p>\n\n\n\n<p><img decoding=\"async\" height=\"225\" srcset=\"\/admin\/site\/sites\/default\/files\/uploads\/sites\/2\/presentacion-edwin-tapa.jpg 802w, \/admin\/site\/sites\/default\/files\/uploads\/sites\/2\/presentacion-edwin-tapa-768x574.jpg 768w, \/admin\/site\/sites\/default\/files\/uploads\/sites\/2\/presentacion-edwin-tapa-600x448.jpg 600w\" width=\"300\" src=\"https:\/\/iai.int\/admin\/site\/sites\/default\/files\/uploads\/presentacion-edwin-tapa.jpg\" alt=\"presentacion-edwin-tapa\"> <a href=\"https:\/\/iai.int\/admin\/site\/sites\/default\/files\/uploads\/PRESENTACION_CAFE-IAI-30-nov-2015.pdf\" target=\"_blank\" rel=\"noreferrer noopener\">El desaf\u00edo de utilizar informaci\u00f3n cient\u00edfica en la toma de decisiones: experiencias del proyecto sobre cambios globales y caf\u00e9 en Mesoam\u00e9rica (PDF en ingl\u00e9s)<\/a>\u00a0presentado por Edwin Castellanos en el evento (<a href=\"http:\/\/de la ciencia a la\">De la ciencia a la pol\u00edtica: Aportes de la ciencia a la gesti\u00f3n de recursos h\u00eddricos, la biodiversidad y el cambio clim\u00e1tico, realizado durante la CoP21 de la CMNUCC el 30 de noviembre de 2015<\/a>)<\/p>\n\n\n\n<p><img decoding=\"async\" height=\"250\" width=\"185\" src=\"https:\/\/iai.int\/admin\/site\/sites\/default\/files\/uploads\/2014\/03\/SGP-CRA2060_Folleto_Cafe-UVG_100715_Final_esp-tapa-230x300.png\" alt=\"SGP-CRA2060_Folleto_Cafe UVG_100715_Final_esp-tapa\"><\/p>\n\n\n\n<p><a href=\"https:\/\/iai.int\/admin\/site\/sites\/default\/files\/uploads\/2014\/03\/SGP-CRA2060_Folleto_Cafe-UVG_100715_Final_esp.pdf\" target=\"_blank\" rel=\"noreferrer noopener\">Folleto sobre Buenas pr\u00e1cticas agr\u00edcolas en el cultivo de caf\u00e9 para reducir el impacto del cambio clim\u00e1tico (en espa\u00f1ol)<\/a><\/p>\n\n\n\n<p><img loading=\"lazy\" decoding=\"async\" height=\"250\" width=\"185\" src=\"https:\/\/iai.int\/admin\/site\/sites\/default\/files\/uploads\/2014\/03\/SGP-CRA2060_tapa-policy-brief_sp-230x300.png\" alt=\"SGP-CRA2060_tapa-policy-brief_sp\"><\/p>\n\n\n\n<p>Informe breve sobre Cambios globales y caf\u00e9: opciones de adaptaci\u00f3n para los peque\u00f1os productores de caf\u00e9 en un clima cambiante: los desaf\u00edos de la certificaci\u00f3n para los servicios ecosist\u00e9micos (en\u00a0<a href=\"https:\/\/iai.int\/admin\/site\/sites\/default\/files\/uploads\/2014\/03\/SGP-CRA2060_policy-brief_Espa%C3%B1ol.pdf\" target=\"_blank\" rel=\"noreferrer noopener\">en espa\u00f1ol<\/a>\u00a0e\u00a0<a href=\"https:\/\/iai.int\/admin\/site\/sites\/default\/files\/uploads\/2014\/03\/SGP-CRA2060_policybrief-eng.pdf\" target=\"_blank\" rel=\"noreferrer noopener\">ingl\u00e9s<\/a>)<\/p>\n\n\n\n<p><img loading=\"lazy\" decoding=\"async\" height=\"225\" width=\"300\" src=\"https:\/\/iai.int\/admin\/site\/sites\/default\/files\/uploads\/2014\/03\/SGP-CRA2060-Afiche-UVG_Path-300x226.png\" alt=\"SGP-CRA2060-Afiche UVG_Path\"><\/p>\n\n\n\n<p><a href=\"https:\/\/iai.int\/admin\/site\/sites\/default\/files\/uploads\/2014\/03\/SGP-CRA2060-Afiche-UVG_Path.pdf\" target=\"_blank\" rel=\"noreferrer noopener\">Poster \u201cCambios globales, respuestas locales para el caf\u00e9\u201d La incorporaci\u00f3n de buenas pr\u00e1cticas agr\u00edcolas en las plantaciones de caf\u00e9 ayuda a crear ecosistemas con mejores condiciones ambientales y productivas para enfrentar el cambio clim\u00e1tico (en espa\u00f1ol)<\/a><\/p>\n\n\n\n<p><strong>Informe de avance (mayo de 2013)&nbsp;<\/strong><a href=\"https:\/\/iai.int\/admin\/site\/sites\/default\/files\/uploads\/2014\/03\/CRA_2060_sp.pdf\" target=\"_blank\" rel=\"noreferrer noopener\">en espa\u00f1ol<\/a>&nbsp;e&nbsp;<a href=\"https:\/\/iai.int\/admin\/site\/sites\/default\/files\/uploads\/2014\/03\/CRA_2060.pdf\" target=\"_blank\" rel=\"noreferrer noopener\">ingl\u00e9s<\/a><\/p>\n\n\n\n<h3 class=\"wp-block-heading\" id=\"investigadores\">Investigadores del proyecto<\/h3>\n\n\n\n<p><em>Edwin Castellanos<\/em>&nbsp;(<a href=\"mailto:ecastell@uvg.edu.gt\">ecastell@uvg.edu.gt<\/a>) Universidad del Valle de Guatemala<\/p>\n\n\n\n<p><em>Rafael D\u00edaz Porras<\/em>, Universidad Nacional de Costa Rica, Costa Rica<br><em>Catherine Tucker<\/em>, Indiana University, EEUU<br><em>Hallie Eakin<\/em>, School of Sustainability, Arizona State University, EEUU<br><em>Peter Laderach<\/em>, CIAT, Nicaragua<\/p>\n\n\n\n<h3 class=\"wp-block-heading\" id=\"students\">Estudiantes<\/h3>\n\n\n\n<p><em>Alejandro Santizo<\/em>, grado, Universidad del Valle de Guatemala, Guatemala.<br><em>Ana Lucia Solano Garrido de Ramirez<\/em>, grado, Universidad del Valle de Guatemala, Guatemala.<br><em>Celeste Sanchez<\/em>, maestr\u00eda, Indiana University, Honduras.<br><em>Nicolasa Arredondo<\/em>, grado, Universidad Autonoma Indegena de M\u00e9xico, M\u00e9xico.<br><em>Paola Diaz<\/em>, grado, Universidad Autonoma Indegena de Mexico, M\u00e9xico.<br><em>Silvia Duarte<\/em>, Master, Universidad del Valle de Guatemala, Guatemala.<\/p>\n\n\n\n<figure class=\"wp-block-image\"><img decoding=\"async\" src=\"https:\/\/iai.int\/admin\/site\/sites\/default\/files\/uploads\/2014\/03\/logos_CRA_2060-1024x125.jpg\" alt=\"logos_CRA_2060\" class=\"wp-image-2425\"\/><\/figure>\n","protected":false},"excerpt":{"rendered":"<p>1 Productor de caf\u00e9 aprende a manejar una estaci\u00f3n meteorol\u00f3gica ubicada en una plantaci\u00f3n de caf\u00e9 en Honduras (foto: Oscar Gonzalez 2012)2 Planta de caf\u00e9 afectada por roya en Guatemala (foto: Diego Pons 2012)3 Gran defoliaci\u00f3n en una plantaci\u00f3n de caf\u00e9 a causa de una infestaci\u00f3n (foto: Diego Pons 2012) Informaci\u00f3n de proyecto Investigador principal: [&hellip;]<\/p>\n","protected":false},"author":1,"featured_media":0,"parent":0,"menu_order":0,"comment_status":"closed","ping_status":"closed","template":"","meta":{"_acf_changed":false,"_uag_custom_page_level_css":"","footnotes":""},"class_list":["post-861","page","type-page","status-publish","hentry"],"acf":[],"yoast_head":"<!-- This site is optimized with the Yoast SEO plugin v27.3 - https:\/\/yoast.com\/product\/yoast-seo-wordpress\/ -->\n<title>Peque\u00f1os caficultores y opciones de adaptaci\u00f3n al cambio clim\u00e1tico: riesgos y desaf\u00edos de la certificaci\u00f3n de servicios ecosist\u00e9micos (SGP-CRA 2060) - IAI - Inter-American Institute for Global Change Research<\/title>\n<meta name=\"robots\" content=\"index, follow, max-snippet:-1, max-image-preview:large, max-video-preview:-1\" \/>\n<link rel=\"canonical\" href=\"https:\/\/iai.int\/es\/pequenos-caficultores-y-opciones-de-adaptacion-al-cambio-climatico-riesgos-y-desafios-de-la-certificacion-de-servicios-ecosistemicos-sgp-cra-2060\/\" \/>\n<meta property=\"og:locale\" content=\"es_ES\" \/>\n<meta property=\"og:type\" content=\"article\" \/>\n<meta property=\"og:title\" content=\"Peque\u00f1os caficultores y opciones de adaptaci\u00f3n al cambio clim\u00e1tico: riesgos y desaf\u00edos de la certificaci\u00f3n de servicios ecosist\u00e9micos (SGP-CRA 2060) - IAI - Inter-American Institute for Global Change Research\" \/>\n<meta property=\"og:description\" content=\"1 Productor de caf\u00e9 aprende a manejar una estaci\u00f3n meteorol\u00f3gica ubicada en una plantaci\u00f3n de caf\u00e9 en Honduras (foto: Oscar Gonzalez 2012)2 Planta de caf\u00e9 afectada por roya en Guatemala (foto: Diego Pons 2012)3 Gran defoliaci\u00f3n en una plantaci\u00f3n de caf\u00e9 a causa de una infestaci\u00f3n (foto: Diego Pons 2012) Informaci\u00f3n de proyecto Investigador principal: [&hellip;]\" \/>\n<meta property=\"og:url\" content=\"https:\/\/iai.int\/es\/pequenos-caficultores-y-opciones-de-adaptacion-al-cambio-climatico-riesgos-y-desafios-de-la-certificacion-de-servicios-ecosistemicos-sgp-cra-2060\/\" \/>\n<meta property=\"og:site_name\" content=\"IAI - Inter-American Institute for Global Change Research\" \/>\n<meta property=\"article:modified_time\" content=\"2024-10-17T16:17:48+00:00\" \/>\n<meta property=\"og:image\" content=\"https:\/\/iai.int\/admin\/site\/sites\/default\/files\/uploads\/2014\/03\/CRA2060.jpg\" \/>\n<meta name=\"twitter:card\" content=\"summary_large_image\" \/>\n<meta name=\"twitter:label1\" content=\"Tiempo de lectura\" \/>\n\t<meta name=\"twitter:data1\" content=\"4 minutos\" \/>\n<script type=\"application\/ld+json\" class=\"yoast-schema-graph\">{\"@context\":\"https:\\\/\\\/schema.org\",\"@graph\":[{\"@type\":\"WebPage\",\"@id\":\"https:\\\/\\\/iai.int\\\/es\\\/pequenos-caficultores-y-opciones-de-adaptacion-al-cambio-climatico-riesgos-y-desafios-de-la-certificacion-de-servicios-ecosistemicos-sgp-cra-2060\\\/\",\"url\":\"https:\\\/\\\/iai.int\\\/es\\\/pequenos-caficultores-y-opciones-de-adaptacion-al-cambio-climatico-riesgos-y-desafios-de-la-certificacion-de-servicios-ecosistemicos-sgp-cra-2060\\\/\",\"name\":\"Peque\u00f1os caficultores y opciones de adaptaci\u00f3n al cambio clim\u00e1tico: riesgos y desaf\u00edos de la certificaci\u00f3n de servicios ecosist\u00e9micos (SGP-CRA 2060) - IAI - Inter-American Institute for Global Change Research\",\"isPartOf\":{\"@id\":\"https:\\\/\\\/iai.int\\\/es\\\/#website\"},\"primaryImageOfPage\":{\"@id\":\"https:\\\/\\\/iai.int\\\/es\\\/pequenos-caficultores-y-opciones-de-adaptacion-al-cambio-climatico-riesgos-y-desafios-de-la-certificacion-de-servicios-ecosistemicos-sgp-cra-2060\\\/#primaryimage\"},\"image\":{\"@id\":\"https:\\\/\\\/iai.int\\\/es\\\/pequenos-caficultores-y-opciones-de-adaptacion-al-cambio-climatico-riesgos-y-desafios-de-la-certificacion-de-servicios-ecosistemicos-sgp-cra-2060\\\/#primaryimage\"},\"thumbnailUrl\":\"https:\\\/\\\/iai.int\\\/admin\\\/site\\\/sites\\\/default\\\/files\\\/uploads\\\/2014\\\/03\\\/CRA2060.jpg\",\"datePublished\":\"2024-09-16T18:14:26+00:00\",\"dateModified\":\"2024-10-17T16:17:48+00:00\",\"breadcrumb\":{\"@id\":\"https:\\\/\\\/iai.int\\\/es\\\/pequenos-caficultores-y-opciones-de-adaptacion-al-cambio-climatico-riesgos-y-desafios-de-la-certificacion-de-servicios-ecosistemicos-sgp-cra-2060\\\/#breadcrumb\"},\"inLanguage\":\"es\",\"potentialAction\":[{\"@type\":\"ReadAction\",\"target\":[\"https:\\\/\\\/iai.int\\\/es\\\/pequenos-caficultores-y-opciones-de-adaptacion-al-cambio-climatico-riesgos-y-desafios-de-la-certificacion-de-servicios-ecosistemicos-sgp-cra-2060\\\/\"]}]},{\"@type\":\"ImageObject\",\"inLanguage\":\"es\",\"@id\":\"https:\\\/\\\/iai.int\\\/es\\\/pequenos-caficultores-y-opciones-de-adaptacion-al-cambio-climatico-riesgos-y-desafios-de-la-certificacion-de-servicios-ecosistemicos-sgp-cra-2060\\\/#primaryimage\",\"url\":\"https:\\\/\\\/iai.int\\\/admin\\\/site\\\/sites\\\/default\\\/files\\\/uploads\\\/2014\\\/03\\\/CRA2060.jpg\",\"contentUrl\":\"https:\\\/\\\/iai.int\\\/admin\\\/site\\\/sites\\\/default\\\/files\\\/uploads\\\/2014\\\/03\\\/CRA2060.jpg\"},{\"@type\":\"BreadcrumbList\",\"@id\":\"https:\\\/\\\/iai.int\\\/es\\\/pequenos-caficultores-y-opciones-de-adaptacion-al-cambio-climatico-riesgos-y-desafios-de-la-certificacion-de-servicios-ecosistemicos-sgp-cra-2060\\\/#breadcrumb\",\"itemListElement\":[{\"@type\":\"ListItem\",\"position\":1,\"name\":\"Portada\",\"item\":\"https:\\\/\\\/iai.int\\\/es\\\/\"},{\"@type\":\"ListItem\",\"position\":2,\"name\":\"Peque\u00f1os caficultores y opciones de adaptaci\u00f3n al cambio clim\u00e1tico: riesgos y desaf\u00edos de la certificaci\u00f3n de servicios ecosist\u00e9micos (SGP-CRA 2060)\"}]},{\"@type\":\"WebSite\",\"@id\":\"https:\\\/\\\/iai.int\\\/es\\\/#website\",\"url\":\"https:\\\/\\\/iai.int\\\/es\\\/\",\"name\":\"IAI - Inter-American Institute for Global Change Research\",\"description\":\"\",\"publisher\":{\"@id\":\"https:\\\/\\\/iai.int\\\/es\\\/#organization\"},\"potentialAction\":[{\"@type\":\"SearchAction\",\"target\":{\"@type\":\"EntryPoint\",\"urlTemplate\":\"https:\\\/\\\/iai.int\\\/es\\\/?s={search_term_string}\"},\"query-input\":{\"@type\":\"PropertyValueSpecification\",\"valueRequired\":true,\"valueName\":\"search_term_string\"}}],\"inLanguage\":\"es\"},{\"@type\":\"Organization\",\"@id\":\"https:\\\/\\\/iai.int\\\/es\\\/#organization\",\"name\":\"IAI - Inter-American Institute for Global Change Research\",\"url\":\"https:\\\/\\\/iai.int\\\/es\\\/\",\"logo\":{\"@type\":\"ImageObject\",\"inLanguage\":\"es\",\"@id\":\"https:\\\/\\\/iai.int\\\/es\\\/#\\\/schema\\\/logo\\\/image\\\/\",\"url\":\"https:\\\/\\\/iai.int\\\/wp-content\\\/uploads\\\/2025\\\/11\\\/IAI-logo-English-scaled.png\",\"contentUrl\":\"https:\\\/\\\/iai.int\\\/wp-content\\\/uploads\\\/2025\\\/11\\\/IAI-logo-English-scaled.png\",\"width\":2560,\"height\":985,\"caption\":\"IAI - Inter-American Institute for Global Change Research\"},\"image\":{\"@id\":\"https:\\\/\\\/iai.int\\\/es\\\/#\\\/schema\\\/logo\\\/image\\\/\"}}]}<\/script>\n<!-- \/ Yoast SEO plugin. -->","yoast_head_json":{"title":"Peque\u00f1os caficultores y opciones de adaptaci\u00f3n al cambio clim\u00e1tico: riesgos y desaf\u00edos de la certificaci\u00f3n de servicios ecosist\u00e9micos (SGP-CRA 2060) - IAI - Inter-American Institute for Global Change Research","robots":{"index":"index","follow":"follow","max-snippet":"max-snippet:-1","max-image-preview":"max-image-preview:large","max-video-preview":"max-video-preview:-1"},"canonical":"https:\/\/iai.int\/es\/pequenos-caficultores-y-opciones-de-adaptacion-al-cambio-climatico-riesgos-y-desafios-de-la-certificacion-de-servicios-ecosistemicos-sgp-cra-2060\/","og_locale":"es_ES","og_type":"article","og_title":"Peque\u00f1os caficultores y opciones de adaptaci\u00f3n al cambio clim\u00e1tico: riesgos y desaf\u00edos de la certificaci\u00f3n de servicios ecosist\u00e9micos (SGP-CRA 2060) - IAI - Inter-American Institute for Global Change Research","og_description":"1 Productor de caf\u00e9 aprende a manejar una estaci\u00f3n meteorol\u00f3gica ubicada en una plantaci\u00f3n de caf\u00e9 en Honduras (foto: Oscar Gonzalez 2012)2 Planta de caf\u00e9 afectada por roya en Guatemala (foto: Diego Pons 2012)3 Gran defoliaci\u00f3n en una plantaci\u00f3n de caf\u00e9 a causa de una infestaci\u00f3n (foto: Diego Pons 2012) Informaci\u00f3n de proyecto Investigador principal: [&hellip;]","og_url":"https:\/\/iai.int\/es\/pequenos-caficultores-y-opciones-de-adaptacion-al-cambio-climatico-riesgos-y-desafios-de-la-certificacion-de-servicios-ecosistemicos-sgp-cra-2060\/","og_site_name":"IAI - Inter-American Institute for Global Change Research","article_modified_time":"2024-10-17T16:17:48+00:00","og_image":[{"url":"https:\/\/iai.int\/admin\/site\/sites\/default\/files\/uploads\/2014\/03\/CRA2060.jpg","type":"","width":"","height":""}],"twitter_card":"summary_large_image","twitter_misc":{"Tiempo de lectura":"4 minutos"},"schema":{"@context":"https:\/\/schema.org","@graph":[{"@type":"WebPage","@id":"https:\/\/iai.int\/es\/pequenos-caficultores-y-opciones-de-adaptacion-al-cambio-climatico-riesgos-y-desafios-de-la-certificacion-de-servicios-ecosistemicos-sgp-cra-2060\/","url":"https:\/\/iai.int\/es\/pequenos-caficultores-y-opciones-de-adaptacion-al-cambio-climatico-riesgos-y-desafios-de-la-certificacion-de-servicios-ecosistemicos-sgp-cra-2060\/","name":"Peque\u00f1os caficultores y opciones de adaptaci\u00f3n al cambio clim\u00e1tico: riesgos y desaf\u00edos de la certificaci\u00f3n de servicios ecosist\u00e9micos (SGP-CRA 2060) - IAI - Inter-American Institute for Global Change Research","isPartOf":{"@id":"https:\/\/iai.int\/es\/#website"},"primaryImageOfPage":{"@id":"https:\/\/iai.int\/es\/pequenos-caficultores-y-opciones-de-adaptacion-al-cambio-climatico-riesgos-y-desafios-de-la-certificacion-de-servicios-ecosistemicos-sgp-cra-2060\/#primaryimage"},"image":{"@id":"https:\/\/iai.int\/es\/pequenos-caficultores-y-opciones-de-adaptacion-al-cambio-climatico-riesgos-y-desafios-de-la-certificacion-de-servicios-ecosistemicos-sgp-cra-2060\/#primaryimage"},"thumbnailUrl":"https:\/\/iai.int\/admin\/site\/sites\/default\/files\/uploads\/2014\/03\/CRA2060.jpg","datePublished":"2024-09-16T18:14:26+00:00","dateModified":"2024-10-17T16:17:48+00:00","breadcrumb":{"@id":"https:\/\/iai.int\/es\/pequenos-caficultores-y-opciones-de-adaptacion-al-cambio-climatico-riesgos-y-desafios-de-la-certificacion-de-servicios-ecosistemicos-sgp-cra-2060\/#breadcrumb"},"inLanguage":"es","potentialAction":[{"@type":"ReadAction","target":["https:\/\/iai.int\/es\/pequenos-caficultores-y-opciones-de-adaptacion-al-cambio-climatico-riesgos-y-desafios-de-la-certificacion-de-servicios-ecosistemicos-sgp-cra-2060\/"]}]},{"@type":"ImageObject","inLanguage":"es","@id":"https:\/\/iai.int\/es\/pequenos-caficultores-y-opciones-de-adaptacion-al-cambio-climatico-riesgos-y-desafios-de-la-certificacion-de-servicios-ecosistemicos-sgp-cra-2060\/#primaryimage","url":"https:\/\/iai.int\/admin\/site\/sites\/default\/files\/uploads\/2014\/03\/CRA2060.jpg","contentUrl":"https:\/\/iai.int\/admin\/site\/sites\/default\/files\/uploads\/2014\/03\/CRA2060.jpg"},{"@type":"BreadcrumbList","@id":"https:\/\/iai.int\/es\/pequenos-caficultores-y-opciones-de-adaptacion-al-cambio-climatico-riesgos-y-desafios-de-la-certificacion-de-servicios-ecosistemicos-sgp-cra-2060\/#breadcrumb","itemListElement":[{"@type":"ListItem","position":1,"name":"Portada","item":"https:\/\/iai.int\/es\/"},{"@type":"ListItem","position":2,"name":"Peque\u00f1os caficultores y opciones de adaptaci\u00f3n al cambio clim\u00e1tico: riesgos y desaf\u00edos de la certificaci\u00f3n de servicios ecosist\u00e9micos (SGP-CRA 2060)"}]},{"@type":"WebSite","@id":"https:\/\/iai.int\/es\/#website","url":"https:\/\/iai.int\/es\/","name":"IAI - Inter-American Institute for Global Change Research","description":"","publisher":{"@id":"https:\/\/iai.int\/es\/#organization"},"potentialAction":[{"@type":"SearchAction","target":{"@type":"EntryPoint","urlTemplate":"https:\/\/iai.int\/es\/?s={search_term_string}"},"query-input":{"@type":"PropertyValueSpecification","valueRequired":true,"valueName":"search_term_string"}}],"inLanguage":"es"},{"@type":"Organization","@id":"https:\/\/iai.int\/es\/#organization","name":"IAI - Inter-American Institute for Global Change Research","url":"https:\/\/iai.int\/es\/","logo":{"@type":"ImageObject","inLanguage":"es","@id":"https:\/\/iai.int\/es\/#\/schema\/logo\/image\/","url":"https:\/\/iai.int\/wp-content\/uploads\/2025\/11\/IAI-logo-English-scaled.png","contentUrl":"https:\/\/iai.int\/wp-content\/uploads\/2025\/11\/IAI-logo-English-scaled.png","width":2560,"height":985,"caption":"IAI - Inter-American Institute for Global Change Research"},"image":{"@id":"https:\/\/iai.int\/es\/#\/schema\/logo\/image\/"}}]}},"uagb_featured_image_src":{"full":false,"thumbnail":false,"medium":false,"medium_large":false,"large":false,"1536x1536":false,"2048x2048":false},"uagb_author_info":{"display_name":"admin","author_link":"https:\/\/iai.int\/es\/author\/admin\/"},"uagb_comment_info":0,"uagb_excerpt":"1 Productor de caf\u00e9 aprende a manejar una estaci\u00f3n meteorol\u00f3gica ubicada en una plantaci\u00f3n de caf\u00e9 en Honduras (foto: Oscar Gonzalez 2012)2 Planta de caf\u00e9 afectada por roya en Guatemala (foto: Diego Pons 2012)3 Gran defoliaci\u00f3n en una plantaci\u00f3n de caf\u00e9 a causa de una infestaci\u00f3n (foto: Diego Pons 2012) Informaci\u00f3n de proyecto Investigador principal:&hellip;","_links":{"self":[{"href":"https:\/\/iai.int\/es\/wp-json\/wp\/v2\/pages\/861","targetHints":{"allow":["GET"]}}],"collection":[{"href":"https:\/\/iai.int\/es\/wp-json\/wp\/v2\/pages"}],"about":[{"href":"https:\/\/iai.int\/es\/wp-json\/wp\/v2\/types\/page"}],"author":[{"embeddable":true,"href":"https:\/\/iai.int\/es\/wp-json\/wp\/v2\/users\/1"}],"replies":[{"embeddable":true,"href":"https:\/\/iai.int\/es\/wp-json\/wp\/v2\/comments?post=861"}],"version-history":[{"count":5,"href":"https:\/\/iai.int\/es\/wp-json\/wp\/v2\/pages\/861\/revisions"}],"predecessor-version":[{"id":1373,"href":"https:\/\/iai.int\/es\/wp-json\/wp\/v2\/pages\/861\/revisions\/1373"}],"wp:attachment":[{"href":"https:\/\/iai.int\/es\/wp-json\/wp\/v2\/media?parent=861"}],"curies":[{"name":"wp","href":"https:\/\/api.w.org\/{rel}","templated":true}]}}