{"id":8603,"date":"2025-10-26T18:47:21","date_gmt":"2025-10-26T23:47:21","guid":{"rendered":"https:\/\/iai.int\/?page_id=8603"},"modified":"2025-10-26T19:08:59","modified_gmt":"2025-10-27T00:08:59","slug":"conferencia-step-2024","status":"publish","type":"page","link":"https:\/\/iai.int\/es\/step-fellowship\/step-conferencias-step\/conferencia-step-2024\/","title":{"rendered":"Conferencia STeP 2024"},"content":{"rendered":"\n<p>La Conferencia sobre Liderazgo en Ciencia, Tecnolog\u00eda y Pol\u00edtica (STeP) del IAI de 2024 reuni\u00f3&nbsp;a los fellows (Generaci\u00f3n 2 y 3) en el Sitio del Patrimonio Mundial de la UNESCO: Antigua, en Guatemala.&nbsp;&nbsp;<\/p>\n\n\n\n<div style=\"height:40px\" aria-hidden=\"true\" class=\"wp-block-spacer\"><\/div>\n\n\n\n<h3 class=\"wp-block-heading\"><strong>Conferencia de Liderazgo STeP 2024<\/strong><\/h3>\n\n\n\n<p><strong>Simulacro de negociaci\u00f3n:<\/strong>&nbsp;Las sesiones de entrenamiento virtuales previas sobre la teor\u00eda de la negociaci\u00f3n y la creaci\u00f3n de consenso nos llevan a este punto en el que los fellows participar\u00e1n durante el transcurso de la conferencia en un simulacro de negociaci\u00f3n sobre un tema de la UNFCCC COP28.<\/p>\n\n\n\n<p><strong>Formaci\u00f3n en diplomacia cient\u00edfica y foro de proyectos:<\/strong>&nbsp;Los fellows contaron&nbsp;con tiempo cada d\u00eda para trabajar con sus grupos en preparaci\u00f3n para el foro de proyectos en el \u00faltimo d\u00eda de la conferencia.&nbsp; El Foro estuvo&nbsp;abierto a las actores locales invitados por el IAI.&nbsp;&nbsp;&nbsp;&nbsp;<\/p>\n\n\n\n<p><strong>Formaci\u00f3n en mentor\u00eda basada en la evidencia:<\/strong>&nbsp;\u00abPara hacer las cosas de diferente manera, necesitamos apoyo estrat\u00e9gico\u00bb. Cada fellow construy\u00f3&nbsp;su propio mapa de apoyo al ecosistema profesional para asistir en 1) Avance profesional 2) Realizaci\u00f3n del trabajo y 3) Bienestar y elaborar estrategias para aprovechar su red y conseguir el equilibrio entre trabajo y vida personal que merecemos.&nbsp;&nbsp;<\/p>\n\n\n\n<p><strong>Hacia un enfoque transdisciplinario:<\/strong>&nbsp;Incluye varias sesiones que profundizan en&nbsp;los procesos participativos y el modo en que los Fellows querr\u00edan aplicar la Declaraci\u00f3n de Liderazgo STeP. &nbsp;&nbsp;&nbsp;&nbsp;&nbsp;&nbsp;<\/p>\n\n\n\n<p><strong>Acci\u00f3n STeP:<\/strong>&nbsp;Oportunidad diaria de compartir\/aprender sobre lo que cada fellow est\u00e1 haciendo en su pa\u00eds\/instituci\u00f3n de anfitrion.&nbsp; Esta sesi\u00f3n fue&nbsp;tambi\u00e9n una formaci\u00f3n en comunicaci\u00f3n, no s\u00f3lo para el fellow que presenta, sino tambi\u00e9n para los fellows en el p\u00fablico, para sintetizar y redactar mensajes para las redes sociales basados en las charlas rel\u00e1mpago de cada fellow.<\/p>\n\n\n\n<div style=\"height:100px\" aria-hidden=\"true\" class=\"wp-block-spacer\"><\/div>\n","protected":false},"excerpt":{"rendered":"<p>La Conferencia sobre Liderazgo en Ciencia, Tecnolog\u00eda y Pol\u00edtica (STeP) del IAI de 2024 reuni\u00f3&nbsp;a los fellows (Generaci\u00f3n 2 y 3) en el Sitio del Patrimonio Mundial de la UNESCO: Antigua, en Guatemala.&nbsp;&nbsp; Conferencia de Liderazgo STeP 2024 Simulacro de negociaci\u00f3n:&nbsp;Las sesiones de entrenamiento virtuales previas sobre la teor\u00eda de la negociaci\u00f3n y la creaci\u00f3n [&hellip;]<\/p>\n","protected":false},"author":1,"featured_media":0,"parent":8344,"menu_order":0,"comment_status":"closed","ping_status":"closed","template":"","meta":{"_acf_changed":false,"_uag_custom_page_level_css":"","footnotes":""},"class_list":["post-8603","page","type-page","status-publish","hentry"],"acf":[],"yoast_head":"<!-- This site is optimized with the Yoast SEO plugin v27.3 - https:\/\/yoast.com\/product\/yoast-seo-wordpress\/ -->\n<title>Conferencia STeP 2024 - IAI - Inter-American Institute for Global Change Research<\/title>\n<meta name=\"robots\" content=\"index, follow, max-snippet:-1, max-image-preview:large, max-video-preview:-1\" \/>\n<link rel=\"canonical\" href=\"https:\/\/iai.int\/es\/step-fellowship\/step-conferencias-step\/conferencia-step-2024\/\" \/>\n<meta property=\"og:locale\" content=\"es_ES\" \/>\n<meta property=\"og:type\" content=\"article\" \/>\n<meta property=\"og:title\" content=\"Conferencia STeP 2024 - IAI - Inter-American Institute for Global Change Research\" \/>\n<meta property=\"og:description\" content=\"La Conferencia sobre Liderazgo en Ciencia, Tecnolog\u00eda y Pol\u00edtica (STeP) del IAI de 2024 reuni\u00f3&nbsp;a los fellows (Generaci\u00f3n 2 y 3) en el Sitio del Patrimonio Mundial de la UNESCO: Antigua, en Guatemala.&nbsp;&nbsp; Conferencia de Liderazgo STeP 2024 Simulacro de negociaci\u00f3n:&nbsp;Las sesiones de entrenamiento virtuales previas sobre la teor\u00eda de la negociaci\u00f3n y la creaci\u00f3n [&hellip;]\" \/>\n<meta property=\"og:url\" content=\"https:\/\/iai.int\/es\/step-fellowship\/step-conferencias-step\/conferencia-step-2024\/\" \/>\n<meta property=\"og:site_name\" content=\"IAI - Inter-American Institute for Global Change Research\" \/>\n<meta property=\"article:modified_time\" content=\"2025-10-27T00:08:59+00:00\" \/>\n<meta name=\"twitter:card\" content=\"summary_large_image\" \/>\n<meta name=\"twitter:label1\" content=\"Tiempo de lectura\" \/>\n\t<meta name=\"twitter:data1\" content=\"2 minutos\" \/>\n<script type=\"application\/ld+json\" class=\"yoast-schema-graph\">{\"@context\":\"https:\\\/\\\/schema.org\",\"@graph\":[{\"@type\":\"WebPage\",\"@id\":\"https:\\\/\\\/iai.int\\\/es\\\/step-fellowship\\\/step-conferencias-step\\\/conferencia-step-2024\\\/\",\"url\":\"https:\\\/\\\/iai.int\\\/es\\\/step-fellowship\\\/step-conferencias-step\\\/conferencia-step-2024\\\/\",\"name\":\"Conferencia STeP 2024 - IAI - Inter-American Institute for Global Change Research\",\"isPartOf\":{\"@id\":\"https:\\\/\\\/iai.int\\\/es\\\/#website\"},\"datePublished\":\"2025-10-26T23:47:21+00:00\",\"dateModified\":\"2025-10-27T00:08:59+00:00\",\"breadcrumb\":{\"@id\":\"https:\\\/\\\/iai.int\\\/es\\\/step-fellowship\\\/step-conferencias-step\\\/conferencia-step-2024\\\/#breadcrumb\"},\"inLanguage\":\"es\",\"potentialAction\":[{\"@type\":\"ReadAction\",\"target\":[\"https:\\\/\\\/iai.int\\\/es\\\/step-fellowship\\\/step-conferencias-step\\\/conferencia-step-2024\\\/\"]}]},{\"@type\":\"BreadcrumbList\",\"@id\":\"https:\\\/\\\/iai.int\\\/es\\\/step-fellowship\\\/step-conferencias-step\\\/conferencia-step-2024\\\/#breadcrumb\",\"itemListElement\":[{\"@type\":\"ListItem\",\"position\":1,\"name\":\"Portada\",\"item\":\"https:\\\/\\\/iai.int\\\/es\\\/\"},{\"@type\":\"ListItem\",\"position\":2,\"name\":\"Fellowship STeP\",\"item\":\"https:\\\/\\\/iai.int\\\/es\\\/step-fellowship\\\/\"},{\"@type\":\"ListItem\",\"position\":3,\"name\":\"STeP &#8211; Conferencias STeP\",\"item\":\"https:\\\/\\\/iai.int\\\/es\\\/step-fellowship\\\/step-conferencias-step\\\/\"},{\"@type\":\"ListItem\",\"position\":4,\"name\":\"Conferencia STeP 2024\"}]},{\"@type\":\"WebSite\",\"@id\":\"https:\\\/\\\/iai.int\\\/es\\\/#website\",\"url\":\"https:\\\/\\\/iai.int\\\/es\\\/\",\"name\":\"IAI - Inter-American Institute for Global Change Research\",\"description\":\"\",\"publisher\":{\"@id\":\"https:\\\/\\\/iai.int\\\/es\\\/#organization\"},\"potentialAction\":[{\"@type\":\"SearchAction\",\"target\":{\"@type\":\"EntryPoint\",\"urlTemplate\":\"https:\\\/\\\/iai.int\\\/es\\\/?s={search_term_string}\"},\"query-input\":{\"@type\":\"PropertyValueSpecification\",\"valueRequired\":true,\"valueName\":\"search_term_string\"}}],\"inLanguage\":\"es\"},{\"@type\":\"Organization\",\"@id\":\"https:\\\/\\\/iai.int\\\/es\\\/#organization\",\"name\":\"IAI - Inter-American Institute for Global Change Research\",\"url\":\"https:\\\/\\\/iai.int\\\/es\\\/\",\"logo\":{\"@type\":\"ImageObject\",\"inLanguage\":\"es\",\"@id\":\"https:\\\/\\\/iai.int\\\/es\\\/#\\\/schema\\\/logo\\\/image\\\/\",\"url\":\"https:\\\/\\\/iai.int\\\/wp-content\\\/uploads\\\/2025\\\/11\\\/IAI-logo-English-scaled.png\",\"contentUrl\":\"https:\\\/\\\/iai.int\\\/wp-content\\\/uploads\\\/2025\\\/11\\\/IAI-logo-English-scaled.png\",\"width\":2560,\"height\":985,\"caption\":\"IAI - Inter-American Institute for Global Change Research\"},\"image\":{\"@id\":\"https:\\\/\\\/iai.int\\\/es\\\/#\\\/schema\\\/logo\\\/image\\\/\"}}]}<\/script>\n<!-- \/ Yoast SEO plugin. -->","yoast_head_json":{"title":"Conferencia STeP 2024 - IAI - Inter-American Institute for Global Change Research","robots":{"index":"index","follow":"follow","max-snippet":"max-snippet:-1","max-image-preview":"max-image-preview:large","max-video-preview":"max-video-preview:-1"},"canonical":"https:\/\/iai.int\/es\/step-fellowship\/step-conferencias-step\/conferencia-step-2024\/","og_locale":"es_ES","og_type":"article","og_title":"Conferencia STeP 2024 - IAI - Inter-American Institute for Global Change Research","og_description":"La Conferencia sobre Liderazgo en Ciencia, Tecnolog\u00eda y Pol\u00edtica (STeP) del IAI de 2024 reuni\u00f3&nbsp;a los fellows (Generaci\u00f3n 2 y 3) en el Sitio del Patrimonio Mundial de la UNESCO: Antigua, en Guatemala.&nbsp;&nbsp; Conferencia de Liderazgo STeP 2024 Simulacro de negociaci\u00f3n:&nbsp;Las sesiones de entrenamiento virtuales previas sobre la teor\u00eda de la negociaci\u00f3n y la creaci\u00f3n [&hellip;]","og_url":"https:\/\/iai.int\/es\/step-fellowship\/step-conferencias-step\/conferencia-step-2024\/","og_site_name":"IAI - Inter-American Institute for Global Change Research","article_modified_time":"2025-10-27T00:08:59+00:00","twitter_card":"summary_large_image","twitter_misc":{"Tiempo de lectura":"2 minutos"},"schema":{"@context":"https:\/\/schema.org","@graph":[{"@type":"WebPage","@id":"https:\/\/iai.int\/es\/step-fellowship\/step-conferencias-step\/conferencia-step-2024\/","url":"https:\/\/iai.int\/es\/step-fellowship\/step-conferencias-step\/conferencia-step-2024\/","name":"Conferencia STeP 2024 - IAI - Inter-American Institute for Global Change Research","isPartOf":{"@id":"https:\/\/iai.int\/es\/#website"},"datePublished":"2025-10-26T23:47:21+00:00","dateModified":"2025-10-27T00:08:59+00:00","breadcrumb":{"@id":"https:\/\/iai.int\/es\/step-fellowship\/step-conferencias-step\/conferencia-step-2024\/#breadcrumb"},"inLanguage":"es","potentialAction":[{"@type":"ReadAction","target":["https:\/\/iai.int\/es\/step-fellowship\/step-conferencias-step\/conferencia-step-2024\/"]}]},{"@type":"BreadcrumbList","@id":"https:\/\/iai.int\/es\/step-fellowship\/step-conferencias-step\/conferencia-step-2024\/#breadcrumb","itemListElement":[{"@type":"ListItem","position":1,"name":"Portada","item":"https:\/\/iai.int\/es\/"},{"@type":"ListItem","position":2,"name":"Fellowship STeP","item":"https:\/\/iai.int\/es\/step-fellowship\/"},{"@type":"ListItem","position":3,"name":"STeP &#8211; Conferencias STeP","item":"https:\/\/iai.int\/es\/step-fellowship\/step-conferencias-step\/"},{"@type":"ListItem","position":4,"name":"Conferencia STeP 2024"}]},{"@type":"WebSite","@id":"https:\/\/iai.int\/es\/#website","url":"https:\/\/iai.int\/es\/","name":"IAI - Inter-American Institute for Global Change Research","description":"","publisher":{"@id":"https:\/\/iai.int\/es\/#organization"},"potentialAction":[{"@type":"SearchAction","target":{"@type":"EntryPoint","urlTemplate":"https:\/\/iai.int\/es\/?s={search_term_string}"},"query-input":{"@type":"PropertyValueSpecification","valueRequired":true,"valueName":"search_term_string"}}],"inLanguage":"es"},{"@type":"Organization","@id":"https:\/\/iai.int\/es\/#organization","name":"IAI - Inter-American Institute for Global Change Research","url":"https:\/\/iai.int\/es\/","logo":{"@type":"ImageObject","inLanguage":"es","@id":"https:\/\/iai.int\/es\/#\/schema\/logo\/image\/","url":"https:\/\/iai.int\/wp-content\/uploads\/2025\/11\/IAI-logo-English-scaled.png","contentUrl":"https:\/\/iai.int\/wp-content\/uploads\/2025\/11\/IAI-logo-English-scaled.png","width":2560,"height":985,"caption":"IAI - Inter-American Institute for Global Change Research"},"image":{"@id":"https:\/\/iai.int\/es\/#\/schema\/logo\/image\/"}}]}},"uagb_featured_image_src":{"full":false,"thumbnail":false,"medium":false,"medium_large":false,"large":false,"1536x1536":false,"2048x2048":false},"uagb_author_info":{"display_name":"admin","author_link":"https:\/\/iai.int\/es\/author\/admin\/"},"uagb_comment_info":0,"uagb_excerpt":"La Conferencia sobre Liderazgo en Ciencia, Tecnolog\u00eda y Pol\u00edtica (STeP) del IAI de 2024 reuni\u00f3&nbsp;a los fellows (Generaci\u00f3n 2 y 3) en el Sitio del Patrimonio Mundial de la UNESCO: Antigua, en Guatemala.&nbsp;&nbsp; Conferencia de Liderazgo STeP 2024 Simulacro de negociaci\u00f3n:&nbsp;Las sesiones de entrenamiento virtuales previas sobre la teor\u00eda de la negociaci\u00f3n y la creaci\u00f3n&hellip;","_links":{"self":[{"href":"https:\/\/iai.int\/es\/wp-json\/wp\/v2\/pages\/8603","targetHints":{"allow":["GET"]}}],"collection":[{"href":"https:\/\/iai.int\/es\/wp-json\/wp\/v2\/pages"}],"about":[{"href":"https:\/\/iai.int\/es\/wp-json\/wp\/v2\/types\/page"}],"author":[{"embeddable":true,"href":"https:\/\/iai.int\/es\/wp-json\/wp\/v2\/users\/1"}],"replies":[{"embeddable":true,"href":"https:\/\/iai.int\/es\/wp-json\/wp\/v2\/comments?post=8603"}],"version-history":[{"count":1,"href":"https:\/\/iai.int\/es\/wp-json\/wp\/v2\/pages\/8603\/revisions"}],"predecessor-version":[{"id":8604,"href":"https:\/\/iai.int\/es\/wp-json\/wp\/v2\/pages\/8603\/revisions\/8604"}],"up":[{"embeddable":true,"href":"https:\/\/iai.int\/es\/wp-json\/wp\/v2\/pages\/8344"}],"wp:attachment":[{"href":"https:\/\/iai.int\/es\/wp-json\/wp\/v2\/media?parent=8603"}],"curies":[{"name":"wp","href":"https:\/\/api.w.org\/{rel}","templated":true}]}}