{"id":857,"date":"2024-09-16T15:05:45","date_gmt":"2024-09-16T18:05:45","guid":{"rendered":"https:\/\/iai.int\/?page_id=857"},"modified":"2024-10-17T12:43:53","modified_gmt":"2024-10-17T15:43:53","slug":"ciclones-tropicales-que-tocan-tierra-en-la-cuenca-del-pacifico-oriental-sgp-cra-2048","status":"publish","type":"page","link":"https:\/\/iai.int\/es\/ciclones-tropicales-que-tocan-tierra-en-la-cuenca-del-pacifico-oriental-sgp-cra-2048\/","title":{"rendered":"Ciclones tropicales que tocan tierra en la cuenca del Pac\u00edfico Oriental (SGP-CRA 2048)"},"content":{"rendered":"\n<p><img fetchpriority=\"high\" decoding=\"async\" alt=\"CRA_2048\" height=\"241\" src=\"https:\/\/iai.int\/admin\/site\/sites\/default\/files\/uploads\/2014\/03\/CRA_2048.jpg\" width=\"690\"><\/p>\n\n\n\n<p><em>1) Simulaciones del momento en que el hurac\u00e1n Rick (2009) toca tierra.<br>2) El punto rojo indica el lugar real donde toc\u00f3 tierra, mientras que el punto azul indica la posici\u00f3n predicha por el HWRF. Los colores indican la magnitud del viento en superficie y las flechas azules, su direcci\u00f3n. Las isol\u00edneas marrones marcan la topograf\u00eda.<\/em><\/p>\n\n\n\n<h3 class=\"wp-block-heading\">Informaci\u00f3n de proyecto<\/h3>\n\n\n\n<p><strong>Investigador principal:<\/strong><\/p>\n\n\n\n<p><em>Graciela Binimelis de Raga<\/em>&nbsp;(<a href=\"mailto:graciela.raga@gmail.com\">graciela.raga@gmail.com<\/a>)<br>Universidad Nacional Aut\u00f3noma de M\u00e9xico (UNAM) \u2013 Centro de Ciencias de la Atm\u00f3sfera<\/p>\n\n\n\n<p><strong>Sitio web del proyecto:<\/strong><\/p>\n\n\n\n<p><a href=\"http:\/\/cabernet.atmosfcu.unam.mx\/IAI-CRA2048\" target=\"_blank\" rel=\"noreferrer noopener\">http:\/\/cabernet.atmosfcu.unam.mx\/IAI-CRA2048<\/a><\/p>\n\n\n\n<p><strong>Papers publicados:<\/strong><\/p>\n\n\n\n<p><a href=\"http:\/\/www.citeulike.org\/user\/IAI\/tag\/cra2048\" target=\"_blank\" rel=\"noreferrer noopener\">http:\/\/www.citeulike.org\/user\/IAI\/tag\/cra2048<\/a><\/p>\n\n\n\n<p>Este proyecto es continuaci\u00f3n del\u00a0<a href=\"https:\/\/iai.int\/ciclones-tropicales-caracteristicas-actuales-y-cambios-potenciales-bajo-un-clima-mas-calido-crn-2048\/\" data-type=\"page\" data-id=\"821\">CRN 2048, que lleva el mismo t\u00edtulo.<\/a><\/p>\n\n\n\n<p><a href=\"https:\/\/iai.int\/es\/meetings\/detail\/sgp-cra-2048#summary\">Resumen ejecutivo<\/a>&nbsp;<a href=\"https:\/\/iai.int\/es\/meetings\/detail\/sgp-cra-2048#investigadores\">Investigadores<\/a>&nbsp;<a href=\"https:\/\/iai.int\/es\/meetings\/detail\/sgp-cra-2048#students\">Estudiantes<\/a><\/p>\n\n\n\n<h3 class=\"wp-block-heading\" id=\"summary\">Resumen ejecutivo<\/h3>\n\n\n\n<p>El Oc\u00e9ano Pac\u00edfico Oriental tiene la mayor densidad de ciclones tropicales del mundo, y una vez que tocan tierra dan lugar a precipitaciones catastr\u00f3ficas, inundaciones y deslizamientos de tierras. El Servicio Meteorol\u00f3gico Nacional de M\u00e9xico (SMN) y el Centro Nacional de Huracanes de EEUU. (NHC) emiten pron\u00f3sticos de intensidad para los ciclones activos, que ayudan a los encargados de atender emergencias a elaborar alertas para el p\u00fablico. Sin embargo es necesario mejorar la precisi\u00f3n y confiabilidad de esos pron\u00f3sticos para que la prevenci\u00f3n de desastres sea m\u00e1s efectiva.<\/p>\n\n\n\n<p><strong>Objetivos<\/strong><br>Incrementar la longitud del registro hist\u00f3rico reconstruido de los ciclones que tocan tierra para cubrir el per\u00edodo desde el a\u00f1o 1500 a la actualidad.<\/p>\n\n\n\n<p>Investigar la hip\u00f3tesis de que los rel\u00e1mpagos en los huracanes son una funci\u00f3n del tipo de n\u00facleo de condensaci\u00f3n de las nubes (marinas o continentales) y un proxy de su intensificaci\u00f3n (particularmente antes de tocar tierra).<\/p>\n\n\n\n<p>Incorporar un componente de modelado con modelos oce\u00e1nicos de alta resoluci\u00f3n con el fin de predecir con mayor precisi\u00f3n la onda de tormenta asociada con los ciclones que se aproximan a la costa.<\/p>\n\n\n\n<p>Incluir un modelo atmosf\u00e9rico (HWRF) para mejorar los pron\u00f3sticos de trayectorias, con el fin de transferir conocimientos pr\u00e1cticos y experiencia al personal operativo del SMN.<\/p>\n\n\n\n<p>Brindar un curso de capacitaci\u00f3n para mejorar los recursos humanos en materia de ciclones tropicales.<\/p>\n\n\n\n<p><strong>Primeros resultados<\/strong><br>La reconstrucci\u00f3n hasta 1750 ha resultado mucho m\u00e1s dif\u00edcil. Los resultados pueden no ser \u00fatiles desde el punto de vista climatol\u00f3gico, pero tienen gran valor para la investigaci\u00f3n antropol\u00f3gica e hist\u00f3rica.<\/p>\n\n\n\n<p>La distribuci\u00f3n espacial de los rayos difiere entre ciclones cuyas trayectorias son mayormente hacia el oeste (menor ritmo y mayor cantidad en el n\u00facleo interno, dentro de un radio de 100 km) que los que tienen trayectorias que se recurvan y tocan tierra en el continente. Los ciclones de esta \u00faltima categor\u00eda presentan m\u00e1s rel\u00e1mpagos en las bandas externas (entre 300 y 400 km de su ojo) y en el cuadrante m\u00e1s cercano a la tierra.<\/p>\n\n\n\n<p>Adem\u00e1s, la distribuci\u00f3n espacial no parece estar controlada por la tensi\u00f3n de corte, como se ha mostrado para los ciclones de la cuenca del Atl\u00e1ntico Norte.<\/p>\n\n\n\n<p>En las simulaciones preliminares hechas con el modelo HWRF con resoluci\u00f3n de 3 km se observa que aun hay grandes errores en la reproducci\u00f3n de la trayectoria e intensidad, as\u00ed como en el lugar en que tocan tierra a lo largo de la costa, que es necesario cuantificar.<\/p>\n\n\n\n<h3 class=\"wp-block-heading\" id=\"investigadores\">Investigadores de proyecto<\/h3>\n\n\n\n<p>Graciela Binimelis de Raga (<a href=\"mailto:graciela.raga@gmail.com\">graciela.raga@gmail.com<\/a>)<br>Universidad Nacional Aut\u00f3noma de M\u00e9xico (UNAM) \u2013 Centro de Ciencias de la Atm\u00f3sfera<br><strong>Co-investigadores<\/strong><br>Luis M. Farf\u00e1n Molina (CICESE, M\u00e9xico)<br>Christian Appendini (IINGEN-UNAM, M\u00e9xico)<br>Virginia Garc\u00eda-Acosta (CIESAS, M\u00e9xico)<br>Raymundo Padilla Lozoya (Universidad de Colima, M\u00e9xico)<br>Julio Mar\u00edn (Universidad de Valparaiso, Chile)<br>Sergio Abarca (Naval Posgraduate School, EEUU)<br>Victor Rivera-Monroy (Lousiana State University, EEUU)<br>Joel P\u00e9rez (CATHALAC, Panam\u00e1)<\/p>\n\n\n\n<h3 class=\"wp-block-heading\" id=\"students\">Estudiantes<\/h3>\n\n\n\n<p><em>Adolfo Lugo<\/em>, maestr\u00eda, Universidad Nacional Aut\u00f3noma de M\u00e9xico, M\u00e9xico.<br><em>Cuauhtemoc Turrent<\/em>, Post doctorado, CICESE, M\u00e9xico.<br><em>Ismael Villanueva<\/em>, maestr\u00eda, CICESE, M\u00e9xico.<br><em>Jimena Cuevas<\/em>, maestr\u00eda, CICESE, M\u00e9xico.<br><em>Jorge Clouthier<\/em>, maestr\u00eda, Universidad Nacional Aut\u00f3noma de M\u00e9xico, M\u00e9xico.<br><em>Jose Vicencio<\/em>, otro, Universidad de Valparaiso, Chile.<br><em>Juan Sebastian Cervantes<\/em>, doctorado, Universidad Nacional Aut\u00f3noma de M\u00e9xico, M\u00e9xico.<br><em>Lourdes Aquino<\/em>, maestr\u00eda, Universidad Nacional Aut\u00f3noma de M\u00e9xico, M\u00e9xico.<br><em>Myriam de la Parra<\/em>, maestr\u00eda, CIESAS, M\u00e9xico.<br><em>Rafael Meza<\/em>, doctorado, Universidad Nacional Aut\u00f3noma de M\u00e9xico, M\u00e9xico.<br><em>Thalia Aviles<\/em>, doctorado, Universidad Nacional Aut\u00f3noma de M\u00e9xico, M\u00e9xico.<\/p>\n\n\n\n<p><a href=\"https:\/\/iai.int\/admin\/site\/sites\/default\/files\/uploads\/2014\/03\/CRA_2048.pdf\" target=\"_blank\" rel=\"noreferrer noopener\">PDF en Ingl\u00e9s<\/a>&nbsp;<a href=\"https:\/\/iai.int\/admin\/site\/sites\/default\/files\/uploads\/2014\/03\/CRA_2048_sp.pdf\" target=\"_blank\" rel=\"noreferrer noopener\">PDF en Espa\u00f1ol<\/a>&nbsp;updated 4\/2013<\/p>\n","protected":false},"excerpt":{"rendered":"<p>1) Simulaciones del momento en que el hurac\u00e1n Rick (2009) toca tierra.2) El punto rojo indica el lugar real donde toc\u00f3 tierra, mientras que el punto azul indica la posici\u00f3n predicha por el HWRF. Los colores indican la magnitud del viento en superficie y las flechas azules, su direcci\u00f3n. Las isol\u00edneas marrones marcan la topograf\u00eda. [&hellip;]<\/p>\n","protected":false},"author":1,"featured_media":0,"parent":0,"menu_order":0,"comment_status":"closed","ping_status":"closed","template":"","meta":{"_acf_changed":false,"_uag_custom_page_level_css":"","footnotes":""},"class_list":["post-857","page","type-page","status-publish","hentry"],"acf":[],"yoast_head":"<!-- This site is optimized with the Yoast SEO plugin v27.3 - https:\/\/yoast.com\/product\/yoast-seo-wordpress\/ -->\n<title>Ciclones tropicales que tocan tierra en la cuenca del Pac\u00edfico Oriental (SGP-CRA 2048) - IAI - Inter-American Institute for Global Change Research<\/title>\n<meta name=\"robots\" content=\"index, follow, max-snippet:-1, max-image-preview:large, max-video-preview:-1\" \/>\n<link rel=\"canonical\" href=\"https:\/\/iai.int\/es\/ciclones-tropicales-que-tocan-tierra-en-la-cuenca-del-pacifico-oriental-sgp-cra-2048\/\" \/>\n<meta property=\"og:locale\" content=\"es_ES\" \/>\n<meta property=\"og:type\" content=\"article\" \/>\n<meta property=\"og:title\" content=\"Ciclones tropicales que tocan tierra en la cuenca del Pac\u00edfico Oriental (SGP-CRA 2048) - IAI - Inter-American Institute for Global Change Research\" \/>\n<meta property=\"og:description\" content=\"1) Simulaciones del momento en que el hurac\u00e1n Rick (2009) toca tierra.2) El punto rojo indica el lugar real donde toc\u00f3 tierra, mientras que el punto azul indica la posici\u00f3n predicha por el HWRF. Los colores indican la magnitud del viento en superficie y las flechas azules, su direcci\u00f3n. Las isol\u00edneas marrones marcan la topograf\u00eda. [&hellip;]\" \/>\n<meta property=\"og:url\" content=\"https:\/\/iai.int\/es\/ciclones-tropicales-que-tocan-tierra-en-la-cuenca-del-pacifico-oriental-sgp-cra-2048\/\" \/>\n<meta property=\"og:site_name\" content=\"IAI - Inter-American Institute for Global Change Research\" \/>\n<meta property=\"article:modified_time\" content=\"2024-10-17T15:43:53+00:00\" \/>\n<meta property=\"og:image\" content=\"https:\/\/iai.int\/admin\/site\/sites\/default\/files\/uploads\/2014\/03\/CRA_2048.jpg\" \/>\n<meta name=\"twitter:card\" content=\"summary_large_image\" \/>\n<meta name=\"twitter:label1\" content=\"Tiempo de lectura\" \/>\n\t<meta name=\"twitter:data1\" content=\"4 minutos\" \/>\n<script type=\"application\/ld+json\" class=\"yoast-schema-graph\">{\"@context\":\"https:\\\/\\\/schema.org\",\"@graph\":[{\"@type\":\"WebPage\",\"@id\":\"https:\\\/\\\/iai.int\\\/es\\\/ciclones-tropicales-que-tocan-tierra-en-la-cuenca-del-pacifico-oriental-sgp-cra-2048\\\/\",\"url\":\"https:\\\/\\\/iai.int\\\/es\\\/ciclones-tropicales-que-tocan-tierra-en-la-cuenca-del-pacifico-oriental-sgp-cra-2048\\\/\",\"name\":\"Ciclones tropicales que tocan tierra en la cuenca del Pac\u00edfico Oriental (SGP-CRA 2048) - IAI - Inter-American Institute for Global Change Research\",\"isPartOf\":{\"@id\":\"https:\\\/\\\/iai.int\\\/es\\\/#website\"},\"primaryImageOfPage\":{\"@id\":\"https:\\\/\\\/iai.int\\\/es\\\/ciclones-tropicales-que-tocan-tierra-en-la-cuenca-del-pacifico-oriental-sgp-cra-2048\\\/#primaryimage\"},\"image\":{\"@id\":\"https:\\\/\\\/iai.int\\\/es\\\/ciclones-tropicales-que-tocan-tierra-en-la-cuenca-del-pacifico-oriental-sgp-cra-2048\\\/#primaryimage\"},\"thumbnailUrl\":\"https:\\\/\\\/iai.int\\\/admin\\\/site\\\/sites\\\/default\\\/files\\\/uploads\\\/2014\\\/03\\\/CRA_2048.jpg\",\"datePublished\":\"2024-09-16T18:05:45+00:00\",\"dateModified\":\"2024-10-17T15:43:53+00:00\",\"breadcrumb\":{\"@id\":\"https:\\\/\\\/iai.int\\\/es\\\/ciclones-tropicales-que-tocan-tierra-en-la-cuenca-del-pacifico-oriental-sgp-cra-2048\\\/#breadcrumb\"},\"inLanguage\":\"es\",\"potentialAction\":[{\"@type\":\"ReadAction\",\"target\":[\"https:\\\/\\\/iai.int\\\/es\\\/ciclones-tropicales-que-tocan-tierra-en-la-cuenca-del-pacifico-oriental-sgp-cra-2048\\\/\"]}]},{\"@type\":\"ImageObject\",\"inLanguage\":\"es\",\"@id\":\"https:\\\/\\\/iai.int\\\/es\\\/ciclones-tropicales-que-tocan-tierra-en-la-cuenca-del-pacifico-oriental-sgp-cra-2048\\\/#primaryimage\",\"url\":\"https:\\\/\\\/iai.int\\\/admin\\\/site\\\/sites\\\/default\\\/files\\\/uploads\\\/2014\\\/03\\\/CRA_2048.jpg\",\"contentUrl\":\"https:\\\/\\\/iai.int\\\/admin\\\/site\\\/sites\\\/default\\\/files\\\/uploads\\\/2014\\\/03\\\/CRA_2048.jpg\"},{\"@type\":\"BreadcrumbList\",\"@id\":\"https:\\\/\\\/iai.int\\\/es\\\/ciclones-tropicales-que-tocan-tierra-en-la-cuenca-del-pacifico-oriental-sgp-cra-2048\\\/#breadcrumb\",\"itemListElement\":[{\"@type\":\"ListItem\",\"position\":1,\"name\":\"Portada\",\"item\":\"https:\\\/\\\/iai.int\\\/es\\\/\"},{\"@type\":\"ListItem\",\"position\":2,\"name\":\"Ciclones tropicales que tocan tierra en la cuenca del Pac\u00edfico Oriental (SGP-CRA 2048)\"}]},{\"@type\":\"WebSite\",\"@id\":\"https:\\\/\\\/iai.int\\\/es\\\/#website\",\"url\":\"https:\\\/\\\/iai.int\\\/es\\\/\",\"name\":\"IAI - Inter-American Institute for Global Change Research\",\"description\":\"\",\"publisher\":{\"@id\":\"https:\\\/\\\/iai.int\\\/es\\\/#organization\"},\"potentialAction\":[{\"@type\":\"SearchAction\",\"target\":{\"@type\":\"EntryPoint\",\"urlTemplate\":\"https:\\\/\\\/iai.int\\\/es\\\/?s={search_term_string}\"},\"query-input\":{\"@type\":\"PropertyValueSpecification\",\"valueRequired\":true,\"valueName\":\"search_term_string\"}}],\"inLanguage\":\"es\"},{\"@type\":\"Organization\",\"@id\":\"https:\\\/\\\/iai.int\\\/es\\\/#organization\",\"name\":\"IAI - Inter-American Institute for Global Change Research\",\"url\":\"https:\\\/\\\/iai.int\\\/es\\\/\",\"logo\":{\"@type\":\"ImageObject\",\"inLanguage\":\"es\",\"@id\":\"https:\\\/\\\/iai.int\\\/es\\\/#\\\/schema\\\/logo\\\/image\\\/\",\"url\":\"https:\\\/\\\/iai.int\\\/wp-content\\\/uploads\\\/2025\\\/11\\\/IAI-logo-English-scaled.png\",\"contentUrl\":\"https:\\\/\\\/iai.int\\\/wp-content\\\/uploads\\\/2025\\\/11\\\/IAI-logo-English-scaled.png\",\"width\":2560,\"height\":985,\"caption\":\"IAI - Inter-American Institute for Global Change Research\"},\"image\":{\"@id\":\"https:\\\/\\\/iai.int\\\/es\\\/#\\\/schema\\\/logo\\\/image\\\/\"}}]}<\/script>\n<!-- \/ Yoast SEO plugin. -->","yoast_head_json":{"title":"Ciclones tropicales que tocan tierra en la cuenca del Pac\u00edfico Oriental (SGP-CRA 2048) - IAI - Inter-American Institute for Global Change Research","robots":{"index":"index","follow":"follow","max-snippet":"max-snippet:-1","max-image-preview":"max-image-preview:large","max-video-preview":"max-video-preview:-1"},"canonical":"https:\/\/iai.int\/es\/ciclones-tropicales-que-tocan-tierra-en-la-cuenca-del-pacifico-oriental-sgp-cra-2048\/","og_locale":"es_ES","og_type":"article","og_title":"Ciclones tropicales que tocan tierra en la cuenca del Pac\u00edfico Oriental (SGP-CRA 2048) - IAI - Inter-American Institute for Global Change Research","og_description":"1) Simulaciones del momento en que el hurac\u00e1n Rick (2009) toca tierra.2) El punto rojo indica el lugar real donde toc\u00f3 tierra, mientras que el punto azul indica la posici\u00f3n predicha por el HWRF. Los colores indican la magnitud del viento en superficie y las flechas azules, su direcci\u00f3n. Las isol\u00edneas marrones marcan la topograf\u00eda. [&hellip;]","og_url":"https:\/\/iai.int\/es\/ciclones-tropicales-que-tocan-tierra-en-la-cuenca-del-pacifico-oriental-sgp-cra-2048\/","og_site_name":"IAI - Inter-American Institute for Global Change Research","article_modified_time":"2024-10-17T15:43:53+00:00","og_image":[{"url":"https:\/\/iai.int\/admin\/site\/sites\/default\/files\/uploads\/2014\/03\/CRA_2048.jpg","type":"","width":"","height":""}],"twitter_card":"summary_large_image","twitter_misc":{"Tiempo de lectura":"4 minutos"},"schema":{"@context":"https:\/\/schema.org","@graph":[{"@type":"WebPage","@id":"https:\/\/iai.int\/es\/ciclones-tropicales-que-tocan-tierra-en-la-cuenca-del-pacifico-oriental-sgp-cra-2048\/","url":"https:\/\/iai.int\/es\/ciclones-tropicales-que-tocan-tierra-en-la-cuenca-del-pacifico-oriental-sgp-cra-2048\/","name":"Ciclones tropicales que tocan tierra en la cuenca del Pac\u00edfico Oriental (SGP-CRA 2048) - IAI - Inter-American Institute for Global Change Research","isPartOf":{"@id":"https:\/\/iai.int\/es\/#website"},"primaryImageOfPage":{"@id":"https:\/\/iai.int\/es\/ciclones-tropicales-que-tocan-tierra-en-la-cuenca-del-pacifico-oriental-sgp-cra-2048\/#primaryimage"},"image":{"@id":"https:\/\/iai.int\/es\/ciclones-tropicales-que-tocan-tierra-en-la-cuenca-del-pacifico-oriental-sgp-cra-2048\/#primaryimage"},"thumbnailUrl":"https:\/\/iai.int\/admin\/site\/sites\/default\/files\/uploads\/2014\/03\/CRA_2048.jpg","datePublished":"2024-09-16T18:05:45+00:00","dateModified":"2024-10-17T15:43:53+00:00","breadcrumb":{"@id":"https:\/\/iai.int\/es\/ciclones-tropicales-que-tocan-tierra-en-la-cuenca-del-pacifico-oriental-sgp-cra-2048\/#breadcrumb"},"inLanguage":"es","potentialAction":[{"@type":"ReadAction","target":["https:\/\/iai.int\/es\/ciclones-tropicales-que-tocan-tierra-en-la-cuenca-del-pacifico-oriental-sgp-cra-2048\/"]}]},{"@type":"ImageObject","inLanguage":"es","@id":"https:\/\/iai.int\/es\/ciclones-tropicales-que-tocan-tierra-en-la-cuenca-del-pacifico-oriental-sgp-cra-2048\/#primaryimage","url":"https:\/\/iai.int\/admin\/site\/sites\/default\/files\/uploads\/2014\/03\/CRA_2048.jpg","contentUrl":"https:\/\/iai.int\/admin\/site\/sites\/default\/files\/uploads\/2014\/03\/CRA_2048.jpg"},{"@type":"BreadcrumbList","@id":"https:\/\/iai.int\/es\/ciclones-tropicales-que-tocan-tierra-en-la-cuenca-del-pacifico-oriental-sgp-cra-2048\/#breadcrumb","itemListElement":[{"@type":"ListItem","position":1,"name":"Portada","item":"https:\/\/iai.int\/es\/"},{"@type":"ListItem","position":2,"name":"Ciclones tropicales que tocan tierra en la cuenca del Pac\u00edfico Oriental (SGP-CRA 2048)"}]},{"@type":"WebSite","@id":"https:\/\/iai.int\/es\/#website","url":"https:\/\/iai.int\/es\/","name":"IAI - Inter-American Institute for Global Change Research","description":"","publisher":{"@id":"https:\/\/iai.int\/es\/#organization"},"potentialAction":[{"@type":"SearchAction","target":{"@type":"EntryPoint","urlTemplate":"https:\/\/iai.int\/es\/?s={search_term_string}"},"query-input":{"@type":"PropertyValueSpecification","valueRequired":true,"valueName":"search_term_string"}}],"inLanguage":"es"},{"@type":"Organization","@id":"https:\/\/iai.int\/es\/#organization","name":"IAI - Inter-American Institute for Global Change Research","url":"https:\/\/iai.int\/es\/","logo":{"@type":"ImageObject","inLanguage":"es","@id":"https:\/\/iai.int\/es\/#\/schema\/logo\/image\/","url":"https:\/\/iai.int\/wp-content\/uploads\/2025\/11\/IAI-logo-English-scaled.png","contentUrl":"https:\/\/iai.int\/wp-content\/uploads\/2025\/11\/IAI-logo-English-scaled.png","width":2560,"height":985,"caption":"IAI - Inter-American Institute for Global Change Research"},"image":{"@id":"https:\/\/iai.int\/es\/#\/schema\/logo\/image\/"}}]}},"uagb_featured_image_src":{"full":false,"thumbnail":false,"medium":false,"medium_large":false,"large":false,"1536x1536":false,"2048x2048":false},"uagb_author_info":{"display_name":"admin","author_link":"https:\/\/iai.int\/es\/author\/admin\/"},"uagb_comment_info":0,"uagb_excerpt":"1) Simulaciones del momento en que el hurac\u00e1n Rick (2009) toca tierra.2) El punto rojo indica el lugar real donde toc\u00f3 tierra, mientras que el punto azul indica la posici\u00f3n predicha por el HWRF. Los colores indican la magnitud del viento en superficie y las flechas azules, su direcci\u00f3n. Las isol\u00edneas marrones marcan la topograf\u00eda.&hellip;","_links":{"self":[{"href":"https:\/\/iai.int\/es\/wp-json\/wp\/v2\/pages\/857","targetHints":{"allow":["GET"]}}],"collection":[{"href":"https:\/\/iai.int\/es\/wp-json\/wp\/v2\/pages"}],"about":[{"href":"https:\/\/iai.int\/es\/wp-json\/wp\/v2\/types\/page"}],"author":[{"embeddable":true,"href":"https:\/\/iai.int\/es\/wp-json\/wp\/v2\/users\/1"}],"replies":[{"embeddable":true,"href":"https:\/\/iai.int\/es\/wp-json\/wp\/v2\/comments?post=857"}],"version-history":[{"count":4,"href":"https:\/\/iai.int\/es\/wp-json\/wp\/v2\/pages\/857\/revisions"}],"predecessor-version":[{"id":1352,"href":"https:\/\/iai.int\/es\/wp-json\/wp\/v2\/pages\/857\/revisions\/1352"}],"wp:attachment":[{"href":"https:\/\/iai.int\/es\/wp-json\/wp\/v2\/media?parent=857"}],"curies":[{"name":"wp","href":"https:\/\/api.w.org\/{rel}","templated":true}]}}