{"id":846,"date":"2024-09-16T14:44:56","date_gmt":"2024-09-16T17:44:56","guid":{"rendered":"https:\/\/iai.int\/?page_id=846"},"modified":"2024-10-07T21:18:11","modified_gmt":"2024-10-08T00:18:11","slug":"diversus-vinculos-entre-diversidad-funcional-ecosistemas-y-dinamica-social-una-sintesis-final-de-conceptos-metodos-e-informacion-de-base-sgp-cra-2015","status":"publish","type":"page","link":"https:\/\/iai.int\/es\/diversus-vinculos-entre-diversidad-funcional-ecosistemas-y-dinamica-social-una-sintesis-final-de-conceptos-metodos-e-informacion-de-base-sgp-cra-2015\/","title":{"rendered":"DIVERSUS: V\u00ednculos entre diversidad funcional, ecosistemas y din\u00e1mica social: una s\u00edntesis final de conceptos, m\u00e9todos e informaci\u00f3n de base (SGP-CRA 2015)"},"content":{"rendered":"\n<figure class=\"wp-block-image\"><img decoding=\"async\" src=\"https:\/\/iai.int\/admin\/site\/sites\/default\/files\/uploads\/2014\/03\/fotos-largas.jpg\" alt=\"fotos-largas\" class=\"wp-image-2568\"\/><\/figure>\n\n\n\n<h3 class=\"wp-block-heading\">Informaci\u00f3n de proyecto<\/h3>\n\n\n\n<p><strong>Investigador principal:<\/strong><\/p>\n\n\n\n<p><em>Sandra M. D\u00edaz<\/em>&nbsp;(<a href=\"mailto:sdiaz@efn.uncor.edu\">sdiaz@efn.uncor.edu<\/a>)<br>Instituto Multidisciplinario de Biolog\u00edaVegetal (IMBIV) (CONICET-Universidad Nacional de C\u00f3rdoba (UNC), Argentina)<\/p>\n\n\n\n<p><strong>Sitio web del proyecto:<\/strong><\/p>\n\n\n\n<p><a href=\"http:\/\/www.nucleodiversus.org\/\" target=\"_blank\" rel=\"noreferrer noopener\">http:\/\/www.nucleodiversus.org\/<\/a><\/p>\n\n\n\n<p><strong>Papers publicados:<\/strong><\/p>\n\n\n\n<p><a href=\"http:\/\/www.citeulike.org\/user\/IAI\/tag\/cra2015\">http:\/\/www.citeulike.org\/user\/IAI\/tag\/cra2015<\/a><\/p>\n\n\n\n<p><br><br>Este proyecto es continuaci\u00f3n del\u00a0<a href=\"https:\/\/iai.int\/diversus-efectos-funcionales-de-la-biodiversidad-en-los-procesos-servicios-y-sustentabilidad-de-los-ecosistemas-en-las-americas-un-enfoque-interdisciplinario-crn-2015\/\" data-type=\"page\" data-id=\"806\">CRN 2015, que lleva el mismo t\u00edtulo.<\/a><\/p>\n\n\n\n<p><a href=\"https:\/\/iai.int\/es\/meetings\/detail\/diversidad-funcional-ecosistemas-y-dinamica-social#summary\">Resumen ejecutivo<\/a>&nbsp;<a href=\"https:\/\/iai.int\/es\/meetings\/detail\/diversidad-funcional-ecosistemas-y-dinamica-social#difusion\">Extensi\u00f3n<\/a>&nbsp;<a href=\"https:\/\/iai.int\/es\/meetings\/detail\/diversidad-funcional-ecosistemas-y-dinamica-social#investigadores\">Investigadores<\/a>&nbsp;<a href=\"https:\/\/iai.int\/es\/meetings\/detail\/diversidad-funcional-ecosistemas-y-dinamica-social#students\">Estudiantes<\/a><\/p>\n\n\n\n<h3 class=\"wp-block-heading\" id=\"summary\">Resumen ejecutivo<\/h3>\n\n\n\n<p>Luego de cinco a\u00f1os de nuestro proyecto anterior (CRN 2015), hemos logrado construir una red de cient\u00edficos con la capacidad de estudiar los v\u00ednculos entre la biodiversidad, y los procesos y servicios ecosist\u00e9micos en las Am\u00e9ricas. Este esfuerzo constituy\u00f3 un desaf\u00edo por varias razones, entre las principales se cuentan la falta de una tradici\u00f3n en investigaci\u00f3n interdisciplinaria, la escasez de protocolos para estudiar la diversidad funcional, y la falta de informaci\u00f3n f\u00edsica, biol\u00f3gica y social colectada de forma comparable en sitios de investigaci\u00f3n ubicados en contextos muy diferentes.<\/p>\n\n\n\n<p>La interacci\u00f3n entre los miembros de nuestra red interdisciplinaria es fluida gracias a que compartimos un marco conceptual com\u00fan, protocolos e interrogantes. La red, que adem\u00e1s est\u00e1 sumamente involucrada en diferentes actividades de capacitaci\u00f3n, ha superado la etapa en que la cooperaci\u00f3n interinstitucional consiste en una mera constelaci\u00f3n de proyectos individuales en cada sitio. Los numerosos art\u00edculos, bases de datos, tesis de postgrado y herramientas conjuntas, as\u00ed como su repercusi\u00f3n en la comunidad cient\u00edfica, van mucho m\u00e1s all\u00e1 de la yuxtaposici\u00f3n de proyectos independientes. Al mismo tiempo, estos logros ofrecen nuevas oportunidades para la s\u00edntesis y la integraci\u00f3n. Entre ellas, hemos identificado nuevos interrogantes que no eran obvios al inicio del proyecto y que abordaremos en esta nueva etapa.<\/p>\n\n\n\n<p><em>Saber que no todos los componentes de la biodiversidad tienen la misma importancia en t\u00e9rminos de beneficios ecosist\u00e9micos tiene implicaciones directas en el dise\u00f1o del monitoreo de la biodiversidad y las estrategias de gesti\u00f3n. Igualmente fundamental es entender qu\u00e9 aspectos de la biodiversidad son \u00fatiles a grupos de actores sociales con distinto poder pol\u00edtico.<\/em><\/p>\n\n\n\n<p><strong>Objetivos<\/strong><br>* Publicaci\u00f3n de productos de toda la red sobre diversidad funcional y procesos ecosist\u00e9micos<br>* S\u00edntesis y desarrollo m\u00e1s detallado de nuestro m\u00e9todo interdisciplinario para vincular la biodiversidad, los servicios ecosist\u00e9micos y los beneficios percibidos por los distintos actores sociales<br>* V\u00ednculos entre la diversidad funcional y las principales propiedades de los ecosistemas entre sitios de estudio utilizando un enfoque de modelos<br>* Comprensi\u00f3n de los v\u00ednculos entre los cambios en el uso de la tierra, los servicios ecosist\u00e9micos y los conflictos sociales a escala territorial<br>* Identificaci\u00f3n de nuevos interrogantes clave y de posibles socios<br>* Divulgaci\u00f3n de resultados, productos y conclusiones<\/p>\n\n\n\n<p><strong>Tareas en curso<\/strong><br>* An\u00e1lisis de la red de experimentos y s\u00edntesis sobre el modo en que la diversidad funcional y el clima controlan la descomposici\u00f3n<br>* S\u00edntesis de los patrones de diversidad funcional hallados en distintas \u00e1reas a la luz de la teor\u00eda de ensamblaje de comunidades<br>* Evaluaci\u00f3n de la medida en que los distintos \u00edndices de diversidad funcional predicen la productividad de los ecosistemas<br>* Grupos focales para conocer la opini\u00f3n de los actores sociales acerca de nuestros m\u00e9todos interdisciplinarios<br>* Al menos un producto que muestre nuestro marco interdisciplinario y nuestros m\u00e9todos<\/p>\n\n\n\n<h3 class=\"wp-block-heading\" id=\"difusion\">Extensi\u00f3n<\/h3>\n\n\n\n<figure class=\"wp-block-image\"><img decoding=\"async\" src=\"https:\/\/iai.int\/admin\/site\/sites\/default\/files\/uploads\/tapa-bajaresolucion-2.jpg\" alt=\"\" class=\"wp-image-31343\"\/><\/figure>\n\n\n\n<p>Folleto de difusi\u00f3n: Valoraci\u00f3n y uso de los ecosistemas del oeste de C\u00f3rdoba<\/p>\n\n\n\n<h3 class=\"wp-block-heading\" id=\"investigadores\">Investigadores del proyecto<\/h3>\n\n\n\n<p>Sandra M. D\u00edaz \u2013&nbsp;<a href=\"mailto:sdiaz@efn.uncor.edu\">sdiaz@efn.uncor.edu<\/a><br>Instituto Multidisciplinario de Biolog\u00edaVegetal (IMBIV) (CONICET-Universidad Nacional de C\u00f3rdoba (UNC), Argentina)<\/p>\n\n\n\n<p>M. Syndonia Bret-Harte (Institute of Arctic Ecology, University of Alaska, Fairbanks, EE.UU.), Daniel C\u00e1ceres (Facultad Cs. Agropecuarias, UNC, Argentina), Fernando Casanoves (CATIE, Costa Rica), Bryan Finegan (CATIE, Costa Rica), Marielos Pe\u00f1a-Claros (IBIF, Bolivia), Natalia P\u00e9rez-Harguindeguy (IMBIV \u2013 UNC, Argentina)<\/p>\n\n\n\n<h3 class=\"wp-block-heading\" id=\"students\">Estudiantes<\/h3>\n\n\n\n<p><em>Adina Chain<\/em>, doctorado, CAITE, M\u00e9xico.<br><em>Anibal Cuchietti<\/em>, doctorado, IMBIV-CONICET, Argentina.<br><em>Anna Teresa Dandekar<\/em>, grado, Universit\u00e4t Regensburg, Alemania.<br><em>Carolina Polainas<\/em>, maestr\u00eda, CATIE, Costa Rica.<br><em>Daniela Tamburini<\/em>, doctorado, Argentina.<br><em>Diane Huebner<\/em>, maestr\u00eda, University of Alaska Fairbanks, EEUU.<br><em>Diego Cabrol<\/em>, doctorado, Argentina.<br><em>Dries Huygens<\/em>, Post doctorado, Ghent University, B\u00e9lgica.<br><em>Esteban Kowaljow<\/em>, otros, IMBIV-CONICET, Argentina.<br><em>Esteban Tapella<\/em>, Post doctorado, Universidad Nacional de San Juan, Argentina.<br><em>Eugenia Marcotti<\/em>, doctorado, IMBIV-CONICET, Argentina.<br><em>Fausto Bolom<\/em>, doctorado, CATIE, M\u00e9xico.<br><em>Felicitas Silvetti<\/em>, Post doctorado, Argentina.<br><em>Georgina Conti<\/em>, Post doctorado, IMBIV-CONICET, Argentina.<br><em>Geovana Carre\u00f1o<\/em>, doctorado, Instituto Boliviano de Investigaci\u00f3n Forestal, Bolivia.<br><em>Gonzalo Berm\u00fadez<\/em>, Post doctorado, IMBIV-CONICET, Argentina.<br><em>Jimena Esquivel-Sheik<\/em>, doctorado, CATIE, Colombia.<br><em>Laura Moreno<\/em>, doctorado, IMBIV-CONICET, Argentina.<br><em>Leda Lorenzo<\/em>, Post doctorado, Universidade de S\u00e3o Paulo, Espa\u00f1a.<br><em>Loreto Facciano<\/em>, grado, CONICET, Argentina.<br><em>Lucas Enrico<\/em>, otros, IMBIV-CONICET, Argentina.<br><em>Lucas Gorn\u00e9<\/em>, doctorado, IMBIV-CONICET, Argentina.<br><em>Lucrecia Estigarribia<\/em>, grado, CONICET, Argentina.<br><em>Lucrecia Lipoma<\/em>, doctorado, IMBIV-CONICET, Argentina.<br><em>Marcel Carita Vaz<\/em>, maestr\u00eda, Universidade de S\u00e3o Paulo, Brasil.<br><em>Maria Eugenia Marcotti<\/em>, doctorado, Consejo Nacional de Investigaciones Cient\u00edficas y T\u00e9cnicas, Argentina.<br><em>Mar\u00eda Eugenia Periago<\/em>, doctorado, IMBIV-CONICET, Argentina.<br><em>Mar\u00eda Laura Moreno<\/em>, doctorado, IMBIV-CONICET, Argentina.<br><em>Mar\u00eda Victoria Vaieretti<\/em>, otros, IMBIV-CONICET, Argentina.<br><em>Marisol Toledo<\/em>, Post doctorado, Instituto Boliviano de Investigaci\u00f3n Forestal, Bolivia.<br><em>Natalia Graziani<\/em>, grado, IMBIV-CONICET, Argentina.<br><em>Nicolas Cecchetto<\/em>, grado, IMBIV-CONICET, Argentina.<br><em>Pedro Jaureguiberry<\/em>, Post doctorado, IMBIV-CONICET, Argentina.<br><em>Sergio Vilches<\/em>, maestr\u00eda, CATIE, Costa Rica.<br><em>Valentina Fortunato<\/em>, grado, CONICET, Argentina.<br><em>Zoe Maldonado<\/em>, grado, CONICET, Argentina.<\/p>\n\n\n\n<figure class=\"wp-block-image\"><img decoding=\"async\" src=\"https:\/\/iai.int\/admin\/site\/sites\/default\/files\/uploads\/2014\/03\/logos-largas.jpg\" alt=\"logos-largas\" class=\"wp-image-2569\"\/><\/figure>\n\n\n\n<p><a href=\"https:\/\/iai.int\/admin\/site\/sites\/default\/files\/uploads\/2014\/03\/CRA_2015_sp.pdf\" target=\"_blank\" rel=\"noreferrer noopener\">PDF en espa\u00f1ol<\/a><\/p>\n\n\n\n<p><a href=\"https:\/\/iai.int\/admin\/site\/sites\/default\/files\/uploads\/2014\/03\/CRA_2015.pdf\" target=\"_blank\" rel=\"noreferrer noopener\">PDF en ingl\u00e9s<\/a><\/p>\n","protected":false},"excerpt":{"rendered":"<p>Informaci\u00f3n de proyecto Investigador principal: Sandra M. D\u00edaz&nbsp;(sdiaz@efn.uncor.edu)Instituto Multidisciplinario de Biolog\u00edaVegetal (IMBIV) (CONICET-Universidad Nacional de C\u00f3rdoba (UNC), Argentina) Sitio web del proyecto: http:\/\/www.nucleodiversus.org\/ Papers publicados: http:\/\/www.citeulike.org\/user\/IAI\/tag\/cra2015 Este proyecto es continuaci\u00f3n del\u00a0CRN 2015, que lleva el mismo t\u00edtulo. Resumen ejecutivo&nbsp;Extensi\u00f3n&nbsp;Investigadores&nbsp;Estudiantes Resumen ejecutivo Luego de cinco a\u00f1os de nuestro proyecto anterior (CRN 2015), hemos logrado construir una [&hellip;]<\/p>\n","protected":false},"author":1,"featured_media":0,"parent":0,"menu_order":0,"comment_status":"closed","ping_status":"closed","template":"","meta":{"_acf_changed":false,"_uag_custom_page_level_css":"","footnotes":""},"class_list":["post-846","page","type-page","status-publish","hentry"],"acf":[],"yoast_head":"<!-- This site is optimized with the Yoast SEO plugin v27.3 - https:\/\/yoast.com\/product\/yoast-seo-wordpress\/ -->\n<title>DIVERSUS: V\u00ednculos entre diversidad funcional, ecosistemas y din\u00e1mica social: una s\u00edntesis final de conceptos, m\u00e9todos e informaci\u00f3n de base (SGP-CRA 2015) - IAI - Inter-American Institute for Global Change Research<\/title>\n<meta name=\"robots\" content=\"index, follow, max-snippet:-1, max-image-preview:large, max-video-preview:-1\" \/>\n<link rel=\"canonical\" href=\"https:\/\/iai.int\/es\/diversus-vinculos-entre-diversidad-funcional-ecosistemas-y-dinamica-social-una-sintesis-final-de-conceptos-metodos-e-informacion-de-base-sgp-cra-2015\/\" \/>\n<meta property=\"og:locale\" content=\"es_ES\" \/>\n<meta property=\"og:type\" content=\"article\" \/>\n<meta property=\"og:title\" content=\"DIVERSUS: V\u00ednculos entre diversidad funcional, ecosistemas y din\u00e1mica social: una s\u00edntesis final de conceptos, m\u00e9todos e informaci\u00f3n de base (SGP-CRA 2015) - IAI - Inter-American Institute for Global Change Research\" \/>\n<meta property=\"og:description\" content=\"Informaci\u00f3n de proyecto Investigador principal: Sandra M. D\u00edaz&nbsp;(sdiaz@efn.uncor.edu)Instituto Multidisciplinario de Biolog\u00edaVegetal (IMBIV) (CONICET-Universidad Nacional de C\u00f3rdoba (UNC), Argentina) Sitio web del proyecto: http:\/\/www.nucleodiversus.org\/ Papers publicados: http:\/\/www.citeulike.org\/user\/IAI\/tag\/cra2015 Este proyecto es continuaci\u00f3n del\u00a0CRN 2015, que lleva el mismo t\u00edtulo. Resumen ejecutivo&nbsp;Extensi\u00f3n&nbsp;Investigadores&nbsp;Estudiantes Resumen ejecutivo Luego de cinco a\u00f1os de nuestro proyecto anterior (CRN 2015), hemos logrado construir una [&hellip;]\" \/>\n<meta property=\"og:url\" content=\"https:\/\/iai.int\/es\/diversus-vinculos-entre-diversidad-funcional-ecosistemas-y-dinamica-social-una-sintesis-final-de-conceptos-metodos-e-informacion-de-base-sgp-cra-2015\/\" \/>\n<meta property=\"og:site_name\" content=\"IAI - Inter-American Institute for Global Change Research\" \/>\n<meta property=\"article:modified_time\" content=\"2024-10-08T00:18:11+00:00\" \/>\n<meta property=\"og:image\" content=\"https:\/\/iai.int\/wp-content\/uploads\/2024\/12\/Recomendaciones-salvaguarda-de-la-Amazonia_PORTADILLA.jpg\" \/>\n\t<meta property=\"og:image:width\" content=\"900\" \/>\n\t<meta property=\"og:image:height\" content=\"600\" \/>\n\t<meta property=\"og:image:type\" content=\"image\/jpeg\" \/>\n<meta name=\"twitter:card\" content=\"summary_large_image\" \/>\n<meta name=\"twitter:label1\" content=\"Tiempo de lectura\" \/>\n\t<meta name=\"twitter:data1\" content=\"5 minutos\" \/>\n<script type=\"application\/ld+json\" class=\"yoast-schema-graph\">{\"@context\":\"https:\\\/\\\/schema.org\",\"@graph\":[{\"@type\":\"WebPage\",\"@id\":\"https:\\\/\\\/iai.int\\\/es\\\/diversus-vinculos-entre-diversidad-funcional-ecosistemas-y-dinamica-social-una-sintesis-final-de-conceptos-metodos-e-informacion-de-base-sgp-cra-2015\\\/\",\"url\":\"https:\\\/\\\/iai.int\\\/es\\\/diversus-vinculos-entre-diversidad-funcional-ecosistemas-y-dinamica-social-una-sintesis-final-de-conceptos-metodos-e-informacion-de-base-sgp-cra-2015\\\/\",\"name\":\"DIVERSUS: V\u00ednculos entre diversidad funcional, ecosistemas y din\u00e1mica social: una s\u00edntesis final de conceptos, m\u00e9todos e informaci\u00f3n de base (SGP-CRA 2015) - IAI - Inter-American Institute for Global Change Research\",\"isPartOf\":{\"@id\":\"https:\\\/\\\/iai.int\\\/es\\\/#website\"},\"primaryImageOfPage\":{\"@id\":\"https:\\\/\\\/iai.int\\\/es\\\/diversus-vinculos-entre-diversidad-funcional-ecosistemas-y-dinamica-social-una-sintesis-final-de-conceptos-metodos-e-informacion-de-base-sgp-cra-2015\\\/#primaryimage\"},\"image\":{\"@id\":\"https:\\\/\\\/iai.int\\\/es\\\/diversus-vinculos-entre-diversidad-funcional-ecosistemas-y-dinamica-social-una-sintesis-final-de-conceptos-metodos-e-informacion-de-base-sgp-cra-2015\\\/#primaryimage\"},\"thumbnailUrl\":\"https:\\\/\\\/iai.int\\\/admin\\\/site\\\/sites\\\/default\\\/files\\\/uploads\\\/2014\\\/03\\\/fotos-largas.jpg\",\"datePublished\":\"2024-09-16T17:44:56+00:00\",\"dateModified\":\"2024-10-08T00:18:11+00:00\",\"breadcrumb\":{\"@id\":\"https:\\\/\\\/iai.int\\\/es\\\/diversus-vinculos-entre-diversidad-funcional-ecosistemas-y-dinamica-social-una-sintesis-final-de-conceptos-metodos-e-informacion-de-base-sgp-cra-2015\\\/#breadcrumb\"},\"inLanguage\":\"es\",\"potentialAction\":[{\"@type\":\"ReadAction\",\"target\":[\"https:\\\/\\\/iai.int\\\/es\\\/diversus-vinculos-entre-diversidad-funcional-ecosistemas-y-dinamica-social-una-sintesis-final-de-conceptos-metodos-e-informacion-de-base-sgp-cra-2015\\\/\"]}]},{\"@type\":\"ImageObject\",\"inLanguage\":\"es\",\"@id\":\"https:\\\/\\\/iai.int\\\/es\\\/diversus-vinculos-entre-diversidad-funcional-ecosistemas-y-dinamica-social-una-sintesis-final-de-conceptos-metodos-e-informacion-de-base-sgp-cra-2015\\\/#primaryimage\",\"url\":\"https:\\\/\\\/iai.int\\\/admin\\\/site\\\/sites\\\/default\\\/files\\\/uploads\\\/2014\\\/03\\\/fotos-largas.jpg\",\"contentUrl\":\"https:\\\/\\\/iai.int\\\/admin\\\/site\\\/sites\\\/default\\\/files\\\/uploads\\\/2014\\\/03\\\/fotos-largas.jpg\"},{\"@type\":\"BreadcrumbList\",\"@id\":\"https:\\\/\\\/iai.int\\\/es\\\/diversus-vinculos-entre-diversidad-funcional-ecosistemas-y-dinamica-social-una-sintesis-final-de-conceptos-metodos-e-informacion-de-base-sgp-cra-2015\\\/#breadcrumb\",\"itemListElement\":[{\"@type\":\"ListItem\",\"position\":1,\"name\":\"Portada\",\"item\":\"https:\\\/\\\/iai.int\\\/es\\\/\"},{\"@type\":\"ListItem\",\"position\":2,\"name\":\"DIVERSUS: V\u00ednculos entre diversidad funcional, ecosistemas y din\u00e1mica social: una s\u00edntesis final de conceptos, m\u00e9todos e informaci\u00f3n de base (SGP-CRA 2015)\"}]},{\"@type\":\"WebSite\",\"@id\":\"https:\\\/\\\/iai.int\\\/es\\\/#website\",\"url\":\"https:\\\/\\\/iai.int\\\/es\\\/\",\"name\":\"IAI - Inter-American Institute for Global Change Research\",\"description\":\"\",\"publisher\":{\"@id\":\"https:\\\/\\\/iai.int\\\/es\\\/#organization\"},\"potentialAction\":[{\"@type\":\"SearchAction\",\"target\":{\"@type\":\"EntryPoint\",\"urlTemplate\":\"https:\\\/\\\/iai.int\\\/es\\\/?s={search_term_string}\"},\"query-input\":{\"@type\":\"PropertyValueSpecification\",\"valueRequired\":true,\"valueName\":\"search_term_string\"}}],\"inLanguage\":\"es\"},{\"@type\":\"Organization\",\"@id\":\"https:\\\/\\\/iai.int\\\/es\\\/#organization\",\"name\":\"IAI - Inter-American Institute for Global Change Research\",\"url\":\"https:\\\/\\\/iai.int\\\/es\\\/\",\"logo\":{\"@type\":\"ImageObject\",\"inLanguage\":\"es\",\"@id\":\"https:\\\/\\\/iai.int\\\/es\\\/#\\\/schema\\\/logo\\\/image\\\/\",\"url\":\"https:\\\/\\\/iai.int\\\/wp-content\\\/uploads\\\/2025\\\/11\\\/IAI-logo-English-scaled.png\",\"contentUrl\":\"https:\\\/\\\/iai.int\\\/wp-content\\\/uploads\\\/2025\\\/11\\\/IAI-logo-English-scaled.png\",\"width\":2560,\"height\":985,\"caption\":\"IAI - Inter-American Institute for Global Change Research\"},\"image\":{\"@id\":\"https:\\\/\\\/iai.int\\\/es\\\/#\\\/schema\\\/logo\\\/image\\\/\"}}]}<\/script>\n<!-- \/ Yoast SEO plugin. -->","yoast_head_json":{"title":"DIVERSUS: V\u00ednculos entre diversidad funcional, ecosistemas y din\u00e1mica social: una s\u00edntesis final de conceptos, m\u00e9todos e informaci\u00f3n de base (SGP-CRA 2015) - IAI - Inter-American Institute for Global Change Research","robots":{"index":"index","follow":"follow","max-snippet":"max-snippet:-1","max-image-preview":"max-image-preview:large","max-video-preview":"max-video-preview:-1"},"canonical":"https:\/\/iai.int\/es\/diversus-vinculos-entre-diversidad-funcional-ecosistemas-y-dinamica-social-una-sintesis-final-de-conceptos-metodos-e-informacion-de-base-sgp-cra-2015\/","og_locale":"es_ES","og_type":"article","og_title":"DIVERSUS: V\u00ednculos entre diversidad funcional, ecosistemas y din\u00e1mica social: una s\u00edntesis final de conceptos, m\u00e9todos e informaci\u00f3n de base (SGP-CRA 2015) - IAI - Inter-American Institute for Global Change Research","og_description":"Informaci\u00f3n de proyecto Investigador principal: Sandra M. D\u00edaz&nbsp;(sdiaz@efn.uncor.edu)Instituto Multidisciplinario de Biolog\u00edaVegetal (IMBIV) (CONICET-Universidad Nacional de C\u00f3rdoba (UNC), Argentina) Sitio web del proyecto: http:\/\/www.nucleodiversus.org\/ Papers publicados: http:\/\/www.citeulike.org\/user\/IAI\/tag\/cra2015 Este proyecto es continuaci\u00f3n del\u00a0CRN 2015, que lleva el mismo t\u00edtulo. Resumen ejecutivo&nbsp;Extensi\u00f3n&nbsp;Investigadores&nbsp;Estudiantes Resumen ejecutivo Luego de cinco a\u00f1os de nuestro proyecto anterior (CRN 2015), hemos logrado construir una [&hellip;]","og_url":"https:\/\/iai.int\/es\/diversus-vinculos-entre-diversidad-funcional-ecosistemas-y-dinamica-social-una-sintesis-final-de-conceptos-metodos-e-informacion-de-base-sgp-cra-2015\/","og_site_name":"IAI - Inter-American Institute for Global Change Research","article_modified_time":"2024-10-08T00:18:11+00:00","og_image":[{"width":900,"height":600,"url":"https:\/\/iai.int\/wp-content\/uploads\/2024\/12\/Recomendaciones-salvaguarda-de-la-Amazonia_PORTADILLA.jpg","type":"image\/jpeg"}],"twitter_card":"summary_large_image","twitter_misc":{"Tiempo de lectura":"5 minutos"},"schema":{"@context":"https:\/\/schema.org","@graph":[{"@type":"WebPage","@id":"https:\/\/iai.int\/es\/diversus-vinculos-entre-diversidad-funcional-ecosistemas-y-dinamica-social-una-sintesis-final-de-conceptos-metodos-e-informacion-de-base-sgp-cra-2015\/","url":"https:\/\/iai.int\/es\/diversus-vinculos-entre-diversidad-funcional-ecosistemas-y-dinamica-social-una-sintesis-final-de-conceptos-metodos-e-informacion-de-base-sgp-cra-2015\/","name":"DIVERSUS: V\u00ednculos entre diversidad funcional, ecosistemas y din\u00e1mica social: una s\u00edntesis final de conceptos, m\u00e9todos e informaci\u00f3n de base (SGP-CRA 2015) - IAI - Inter-American Institute for Global Change Research","isPartOf":{"@id":"https:\/\/iai.int\/es\/#website"},"primaryImageOfPage":{"@id":"https:\/\/iai.int\/es\/diversus-vinculos-entre-diversidad-funcional-ecosistemas-y-dinamica-social-una-sintesis-final-de-conceptos-metodos-e-informacion-de-base-sgp-cra-2015\/#primaryimage"},"image":{"@id":"https:\/\/iai.int\/es\/diversus-vinculos-entre-diversidad-funcional-ecosistemas-y-dinamica-social-una-sintesis-final-de-conceptos-metodos-e-informacion-de-base-sgp-cra-2015\/#primaryimage"},"thumbnailUrl":"https:\/\/iai.int\/admin\/site\/sites\/default\/files\/uploads\/2014\/03\/fotos-largas.jpg","datePublished":"2024-09-16T17:44:56+00:00","dateModified":"2024-10-08T00:18:11+00:00","breadcrumb":{"@id":"https:\/\/iai.int\/es\/diversus-vinculos-entre-diversidad-funcional-ecosistemas-y-dinamica-social-una-sintesis-final-de-conceptos-metodos-e-informacion-de-base-sgp-cra-2015\/#breadcrumb"},"inLanguage":"es","potentialAction":[{"@type":"ReadAction","target":["https:\/\/iai.int\/es\/diversus-vinculos-entre-diversidad-funcional-ecosistemas-y-dinamica-social-una-sintesis-final-de-conceptos-metodos-e-informacion-de-base-sgp-cra-2015\/"]}]},{"@type":"ImageObject","inLanguage":"es","@id":"https:\/\/iai.int\/es\/diversus-vinculos-entre-diversidad-funcional-ecosistemas-y-dinamica-social-una-sintesis-final-de-conceptos-metodos-e-informacion-de-base-sgp-cra-2015\/#primaryimage","url":"https:\/\/iai.int\/admin\/site\/sites\/default\/files\/uploads\/2014\/03\/fotos-largas.jpg","contentUrl":"https:\/\/iai.int\/admin\/site\/sites\/default\/files\/uploads\/2014\/03\/fotos-largas.jpg"},{"@type":"BreadcrumbList","@id":"https:\/\/iai.int\/es\/diversus-vinculos-entre-diversidad-funcional-ecosistemas-y-dinamica-social-una-sintesis-final-de-conceptos-metodos-e-informacion-de-base-sgp-cra-2015\/#breadcrumb","itemListElement":[{"@type":"ListItem","position":1,"name":"Portada","item":"https:\/\/iai.int\/es\/"},{"@type":"ListItem","position":2,"name":"DIVERSUS: V\u00ednculos entre diversidad funcional, ecosistemas y din\u00e1mica social: una s\u00edntesis final de conceptos, m\u00e9todos e informaci\u00f3n de base (SGP-CRA 2015)"}]},{"@type":"WebSite","@id":"https:\/\/iai.int\/es\/#website","url":"https:\/\/iai.int\/es\/","name":"IAI - Inter-American Institute for Global Change Research","description":"","publisher":{"@id":"https:\/\/iai.int\/es\/#organization"},"potentialAction":[{"@type":"SearchAction","target":{"@type":"EntryPoint","urlTemplate":"https:\/\/iai.int\/es\/?s={search_term_string}"},"query-input":{"@type":"PropertyValueSpecification","valueRequired":true,"valueName":"search_term_string"}}],"inLanguage":"es"},{"@type":"Organization","@id":"https:\/\/iai.int\/es\/#organization","name":"IAI - Inter-American Institute for Global Change Research","url":"https:\/\/iai.int\/es\/","logo":{"@type":"ImageObject","inLanguage":"es","@id":"https:\/\/iai.int\/es\/#\/schema\/logo\/image\/","url":"https:\/\/iai.int\/wp-content\/uploads\/2025\/11\/IAI-logo-English-scaled.png","contentUrl":"https:\/\/iai.int\/wp-content\/uploads\/2025\/11\/IAI-logo-English-scaled.png","width":2560,"height":985,"caption":"IAI - Inter-American Institute for Global Change Research"},"image":{"@id":"https:\/\/iai.int\/es\/#\/schema\/logo\/image\/"}}]}},"uagb_featured_image_src":{"full":false,"thumbnail":false,"medium":false,"medium_large":false,"large":false,"1536x1536":false,"2048x2048":false},"uagb_author_info":{"display_name":"admin","author_link":"https:\/\/iai.int\/es\/author\/admin\/"},"uagb_comment_info":0,"uagb_excerpt":"Informaci\u00f3n de proyecto Investigador principal: Sandra M. D\u00edaz&nbsp;(sdiaz@efn.uncor.edu)Instituto Multidisciplinario de Biolog\u00edaVegetal (IMBIV) (CONICET-Universidad Nacional de C\u00f3rdoba (UNC), Argentina) Sitio web del proyecto: http:\/\/www.nucleodiversus.org\/ Papers publicados: http:\/\/www.citeulike.org\/user\/IAI\/tag\/cra2015 Este proyecto es continuaci\u00f3n del\u00a0CRN 2015, que lleva el mismo t\u00edtulo. Resumen ejecutivo&nbsp;Extensi\u00f3n&nbsp;Investigadores&nbsp;Estudiantes Resumen ejecutivo Luego de cinco a\u00f1os de nuestro proyecto anterior (CRN 2015), hemos logrado construir una&hellip;","_links":{"self":[{"href":"https:\/\/iai.int\/es\/wp-json\/wp\/v2\/pages\/846","targetHints":{"allow":["GET"]}}],"collection":[{"href":"https:\/\/iai.int\/es\/wp-json\/wp\/v2\/pages"}],"about":[{"href":"https:\/\/iai.int\/es\/wp-json\/wp\/v2\/types\/page"}],"author":[{"embeddable":true,"href":"https:\/\/iai.int\/es\/wp-json\/wp\/v2\/users\/1"}],"replies":[{"embeddable":true,"href":"https:\/\/iai.int\/es\/wp-json\/wp\/v2\/comments?post=846"}],"version-history":[{"count":2,"href":"https:\/\/iai.int\/es\/wp-json\/wp\/v2\/pages\/846\/revisions"}],"predecessor-version":[{"id":1259,"href":"https:\/\/iai.int\/es\/wp-json\/wp\/v2\/pages\/846\/revisions\/1259"}],"wp:attachment":[{"href":"https:\/\/iai.int\/es\/wp-json\/wp\/v2\/media?parent=846"}],"curies":[{"name":"wp","href":"https:\/\/api.w.org\/{rel}","templated":true}]}}