{"id":843,"date":"2024-09-16T14:41:52","date_gmt":"2024-09-16T17:41:52","guid":{"rendered":"https:\/\/iai.int\/?page_id=843"},"modified":"2024-10-07T21:14:39","modified_gmt":"2024-10-08T00:14:39","slug":"hacia-una-evaluacion-integrada-de-la-seguridad-hidrica-en-el-contexto-del-cambio-global-en-las-americas-sgp-cra-005","status":"publish","type":"page","link":"https:\/\/iai.int\/es\/hacia-una-evaluacion-integrada-de-la-seguridad-hidrica-en-el-contexto-del-cambio-global-en-las-americas-sgp-cra-005\/","title":{"rendered":"Hacia una evaluaci\u00f3n integrada de la seguridad h\u00eddrica en el contexto del cambio global en las Am\u00e9ricas (SGP-CRA 005)"},"content":{"rendered":"\n<p><img fetchpriority=\"high\" decoding=\"async\" alt=\"CRA_005\" height=\"171\" src=\"https:\/\/iai.int\/admin\/site\/sites\/default\/files\/uploads\/2014\/03\/CRA_005.jpg\" width=\"690\"><br><em>1) La agricultura consume el 70% \u2013 90% del agua de la regi\u00f3n. 2) Taller interactivo con actores sociales. 3) Regiones \u00e1ridas de las Am\u00e9ricas.<\/em><\/p>\n\n\n\n<h3 class=\"wp-block-heading\">Informaci\u00f3n del proyecto<\/h3>\n\n\n\n<p><strong>Pa\u00edses participantes:<\/strong><\/p>\n\n\n\n<p>Argentina, Chile, EEUU, M\u00e9xico<\/p>\n\n\n\n<p><strong>Sitio web del proyecto:<\/strong><\/p>\n\n\n\n<p><a href=\"http:\/\/aquasec.org\/\" target=\"_blank\" rel=\"noreferrer noopener\">http:\/\/aquasec.org<\/a><\/p>\n\n\n\n<p><strong>Papers publicados:<\/strong><\/p>\n\n\n\n<p><a href=\"http:\/\/www.citeulike.org\/user\/IAI\/tag\/cra005\">http:\/\/www.citeulike.org\/user\/IAI\/tag\/cra005<\/a><\/p>\n\n\n\n<p>Este proyecto es continuaci\u00f3n del\u00a0<a href=\"https:\/\/iai.int\/del-paisaje-a-los-ecosistemas-funcionamiento-a-traves-de-las-escalas-en-ambientes-cambiantes-crn-2005\/\" data-type=\"page\" data-id=\"800\">CRN 2005, que lleva el mismo t\u00edtulo.<\/a><\/p>\n\n\n\n<p><a href=\"https:\/\/iai.int\/es\/meetings\/detail\/sgp-cra-005#summary\">Resumen ejecutivo<\/a>\u00a0<a href=\"https:\/\/iai.int\/es\/meetings\/detail\/sgp-cra-005#investigadores\">Investigadores<\/a>\u00a0<a href=\"https:\/\/iai.int\/es\/meetings\/detail\/sgp-cra-005#students\">Estudiantes<\/a> <strong>***********botones navegaci\u00f3n interna**************<\/strong><\/p>\n\n\n\n<h3 class=\"wp-block-heading\" id=\"summary\">Resumen ejecutivo<\/h3>\n\n\n\n<p>Un consenso global emergente est\u00e1 dando prioridad al concepto de seguridad h\u00eddrica, definido como la disponibilidad sostenible de una cantidad y calidad adecuada de agua para mantener sociedades y ecosistemas resilientes en el contexto de la incertidumbre del cambio global. Los impulsores humanos y naturales, entre los que se cuentan el cambio clim\u00e1tico, el cambio en el uso del suelo, la intensificaci\u00f3n agr\u00edcola y el crecimiento poblacional incrementan la presi\u00f3n sobre los sistemas de provisi\u00f3n de agua. Nuestro trabajo mejora la capacidad de gesti\u00f3n adaptativa mediante di\u00e1logos ciencia-pol\u00edtica en las regiones \u00e1ridas de las Am\u00e9ricas con \u00e9nfasis en la regi\u00f3n lim\u00edtrofe entre Estados Unidos y M\u00e9xico, el norte de Chile y Argentina, centro de Per\u00fa, y noreste de Brasil. El agua subterr\u00e1nea es un recurso de especial atenci\u00f3n dada su importancia estrat\u00e9gica creciente en respuesta a la variabilidad hidroclim\u00e1tica, que incluye a las sequ\u00edas.<\/p>\n\n\n\n<h4 class=\"wp-block-heading\">Objetivos<\/h4>\n\n\n\n<ul class=\"wp-block-list\">\n<li>Caracterizar y documentar los impactos de la variabilidad interanual y decenal sumados al cambio clim\u00e1tico sobre el uso del agua (superficial y subterr\u00e1nea)<\/li>\n\n\n\n<li>Desarrollar y aplicar metodolog\u00edas comunes para realizar evaluaciones de diagn\u00f3stico de agua subterr\u00e1nea en conexi\u00f3n con el cambio y la variabilidad del clima y la demanda humana<\/li>\n\n\n\n<li>Mejorar el conocimiento del uso agr\u00edcola del agua y el suministro y costos de la provisi\u00f3n de energ\u00eda el\u00e9ctrica<\/li>\n\n\n\n<li>Identificar y evaluar las retroacciones entre las condiciones ambientales y las decisiones de adaptaci\u00f3n<\/li>\n\n\n\n<li>Realizar estudios comparativos a trav\u00e9s de las regiones \u00e1ridas de las Am\u00e9ricas<\/li>\n\n\n\n<li>Mejorar la comunicaci\u00f3n entre investigadores y actores sociales mediante plataformas innovadoras de divulgaci\u00f3n, talleres integrados y actividades de extensi\u00f3n e interiorizaci\u00f3n<\/li>\n\n\n\n<li>Visitas rec\u00edprocas entre miembros de la red a las respectivas regiones<\/li>\n<\/ul>\n\n\n\n<h4 class=\"wp-block-heading\">Contexto<\/h4>\n\n\n\n<p>Las regiones \u00e1ridas de las Am\u00e9ricas se ven afectadas de forma cr\u00edtica por la escasez de agua inducida por los impulsores hermanos del cambio y la variabilidad del clima y el aumento en la demanda humana de agua, en especial para la agricultura. El agua de los acu\u00edferos suele presentar ciclos de largo plazo (del orden de los milenios) mientras que el agua subterr\u00e1nea somera y sus interacciones con el flujo en superficie, especialmente en corredores ribere\u00f1os ecol\u00f3gicamente sensibles, son mucho m\u00e1s r\u00e1pidos (de d\u00e9cadas a intraanuales).<\/p>\n\n\n\n<p>Debido a la alta variabilidad inter- e intra-anual de la precipitaci\u00f3n y los caudales hist\u00f3ricos y proyectados, se ha intensificado el uso del agua subterr\u00e1nea como recurso estrat\u00e9gico. En algunos lugares esto provoc\u00f3 el agotamiento de los acu\u00edferos con riesgos significativos para el uso humano (diferenciado socio-econ\u00f3micamente) y los servicios ecosist\u00e9micos.<\/p>\n\n\n\n<p>La investigaci\u00f3n de la capacidad de adaptaci\u00f3n ha identificado vulnerabilidades y fallas en la gesti\u00f3n; esta asociaci\u00f3n se concentrar\u00e1 en el fortalecimiento de dichas capacidades.<\/p>\n\n\n\n<p>Para un mejor ajuste de los modelos hidrol\u00f3gicos al proceso de toma de decisiones se requiere una investigaci\u00f3n cooperativa y acciones de extensi\u00f3n.<\/p>\n\n\n\n<p>Esta iniciativa contribuir\u00e1 a mejorar la seguridad h\u00eddrica mediante di\u00e1logos cient\u00edfico-pol\u00edticos basados en un mayor conocimiento cient\u00edfico.<br>&nbsp;<\/p>\n\n\n\n<h3 class=\"wp-block-heading\" id=\"investigadores\">Investigadores del proyecto<\/h3>\n\n\n\n<p><strong>Contacto<\/strong><br>Agencia principal: The University of Arizona (EE.UU.)<br>Christopher Scott (PI) (<a href=\"mailto:cascott@email.arizona.edu\">cascott@email.arizona.edu<\/a>), Udall Center for Studies in Public Policy, y School of Geography and Development<br>Robert Varady (Co-PI) (<a href=\"mailto:rvarady@email.arizona.edu\">rvarady@email.arizona.edu<\/a>), Udall Center for Studies in Public Policy<br>Socio principal: Pontificia Universidad Cat\u00f3lica (Chile)<br>Francisco Meza (Co-PI) (<a href=\"mailto:fmeza@uc.cl\">fmeza@uc.cl<\/a>), Centro de Cambio Global<br><strong>Co-Investigadores<\/strong><br>Nicol\u00e1s Pineda y Rolando D\u00edaz, El Colegio de Sonora (M\u00e9xico)<br>Facundo Mart\u00edn, Universidad Nacional de Cuyo \/ CONICET (Argentina)<br>Bram Willems, Universidad Nacional Mayor San Marcos (Per\u00fa)<br>Alfredo Ribeiro, Universidade Federal de Pernambuco (Brasil)<\/p>\n\n\n\n<h3 class=\"wp-block-heading\">Resumen del proyecto<\/h3>\n\n\n\n<p><a href=\"https:\/\/iai.int\/admin\/site\/sites\/default\/files\/uploads\/2014\/03\/CRA_005.pdf\" target=\"_blank\" rel=\"noreferrer noopener\">PDF en Ingl\u00e9s<\/a><br><a href=\"https:\/\/iai.int\/admin\/site\/sites\/default\/files\/uploads\/2014\/03\/CRA_005_sp.pdf\" target=\"_blank\" rel=\"noreferrer noopener\">PDF en Espa\u00f1ol<\/a><br>actualizado al 9\/2013<br>&nbsp;<\/p>\n\n\n\n<h3 class=\"wp-block-heading\" id=\"students\">Estudiantes<\/h3>\n\n\n\n<p><em>America Lutz Ley<\/em>, doctorado, University of Arizona, M\u00e9xico.<br><em>Fiona Gladstone<\/em>, maestr\u00eda, University of Arizona, EEUU.<br><em>Katherine Curl<\/em>, maestr\u00eda, University of Arizona, EEUU.<br><em>Lauren Herwehe<\/em>maestr\u00eda, University of Arizona, EEUU.<br><em>Roy Petrakis<\/em>maestr\u00eda, University of Arizona, EEUU.<br><em>Ryan Lee<\/em>, doctorado, University of Arizona, EEUU.<br><em>Sophia Borgias<\/em>maest\u00eda, University of Arizona, EEUU.<\/p>\n","protected":false},"excerpt":{"rendered":"<p>1) La agricultura consume el 70% \u2013 90% del agua de la regi\u00f3n. 2) Taller interactivo con actores sociales. 3) Regiones \u00e1ridas de las Am\u00e9ricas. Informaci\u00f3n del proyecto Pa\u00edses participantes: Argentina, Chile, EEUU, M\u00e9xico Sitio web del proyecto: http:\/\/aquasec.org Papers publicados: http:\/\/www.citeulike.org\/user\/IAI\/tag\/cra005 Este proyecto es continuaci\u00f3n del\u00a0CRN 2005, que lleva el mismo t\u00edtulo. Resumen ejecutivo\u00a0Investigadores\u00a0Estudiantes [&hellip;]<\/p>\n","protected":false},"author":1,"featured_media":0,"parent":0,"menu_order":0,"comment_status":"closed","ping_status":"closed","template":"","meta":{"_acf_changed":false,"_uag_custom_page_level_css":"","footnotes":""},"class_list":["post-843","page","type-page","status-publish","hentry"],"acf":[],"yoast_head":"<!-- This site is optimized with the Yoast SEO plugin v27.3 - https:\/\/yoast.com\/product\/yoast-seo-wordpress\/ -->\n<title>Hacia una evaluaci\u00f3n integrada de la seguridad h\u00eddrica en el contexto del cambio global en las Am\u00e9ricas (SGP-CRA 005) - IAI - Inter-American Institute for Global Change Research<\/title>\n<meta name=\"robots\" content=\"index, follow, max-snippet:-1, max-image-preview:large, max-video-preview:-1\" \/>\n<link rel=\"canonical\" href=\"https:\/\/iai.int\/es\/hacia-una-evaluacion-integrada-de-la-seguridad-hidrica-en-el-contexto-del-cambio-global-en-las-americas-sgp-cra-005\/\" \/>\n<meta property=\"og:locale\" content=\"es_ES\" \/>\n<meta property=\"og:type\" content=\"article\" \/>\n<meta property=\"og:title\" content=\"Hacia una evaluaci\u00f3n integrada de la seguridad h\u00eddrica en el contexto del cambio global en las Am\u00e9ricas (SGP-CRA 005) - IAI - Inter-American Institute for Global Change Research\" \/>\n<meta property=\"og:description\" content=\"1) La agricultura consume el 70% \u2013 90% del agua de la regi\u00f3n. 2) Taller interactivo con actores sociales. 3) Regiones \u00e1ridas de las Am\u00e9ricas. Informaci\u00f3n del proyecto Pa\u00edses participantes: Argentina, Chile, EEUU, M\u00e9xico Sitio web del proyecto: http:\/\/aquasec.org Papers publicados: http:\/\/www.citeulike.org\/user\/IAI\/tag\/cra005 Este proyecto es continuaci\u00f3n del\u00a0CRN 2005, que lleva el mismo t\u00edtulo. Resumen ejecutivo\u00a0Investigadores\u00a0Estudiantes [&hellip;]\" \/>\n<meta property=\"og:url\" content=\"https:\/\/iai.int\/es\/hacia-una-evaluacion-integrada-de-la-seguridad-hidrica-en-el-contexto-del-cambio-global-en-las-americas-sgp-cra-005\/\" \/>\n<meta property=\"og:site_name\" content=\"IAI - Inter-American Institute for Global Change Research\" \/>\n<meta property=\"article:modified_time\" content=\"2024-10-08T00:14:39+00:00\" \/>\n<meta property=\"og:image\" content=\"https:\/\/iai.int\/admin\/site\/sites\/default\/files\/uploads\/2014\/03\/CRA_005.jpg\" \/>\n<meta name=\"twitter:card\" content=\"summary_large_image\" \/>\n<meta name=\"twitter:label1\" content=\"Tiempo de lectura\" \/>\n\t<meta name=\"twitter:data1\" content=\"4 minutos\" \/>\n<script type=\"application\/ld+json\" class=\"yoast-schema-graph\">{\"@context\":\"https:\\\/\\\/schema.org\",\"@graph\":[{\"@type\":\"WebPage\",\"@id\":\"https:\\\/\\\/iai.int\\\/es\\\/hacia-una-evaluacion-integrada-de-la-seguridad-hidrica-en-el-contexto-del-cambio-global-en-las-americas-sgp-cra-005\\\/\",\"url\":\"https:\\\/\\\/iai.int\\\/es\\\/hacia-una-evaluacion-integrada-de-la-seguridad-hidrica-en-el-contexto-del-cambio-global-en-las-americas-sgp-cra-005\\\/\",\"name\":\"Hacia una evaluaci\u00f3n integrada de la seguridad h\u00eddrica en el contexto del cambio global en las Am\u00e9ricas (SGP-CRA 005) - IAI - Inter-American Institute for Global Change Research\",\"isPartOf\":{\"@id\":\"https:\\\/\\\/iai.int\\\/es\\\/#website\"},\"primaryImageOfPage\":{\"@id\":\"https:\\\/\\\/iai.int\\\/es\\\/hacia-una-evaluacion-integrada-de-la-seguridad-hidrica-en-el-contexto-del-cambio-global-en-las-americas-sgp-cra-005\\\/#primaryimage\"},\"image\":{\"@id\":\"https:\\\/\\\/iai.int\\\/es\\\/hacia-una-evaluacion-integrada-de-la-seguridad-hidrica-en-el-contexto-del-cambio-global-en-las-americas-sgp-cra-005\\\/#primaryimage\"},\"thumbnailUrl\":\"https:\\\/\\\/iai.int\\\/admin\\\/site\\\/sites\\\/default\\\/files\\\/uploads\\\/2014\\\/03\\\/CRA_005.jpg\",\"datePublished\":\"2024-09-16T17:41:52+00:00\",\"dateModified\":\"2024-10-08T00:14:39+00:00\",\"breadcrumb\":{\"@id\":\"https:\\\/\\\/iai.int\\\/es\\\/hacia-una-evaluacion-integrada-de-la-seguridad-hidrica-en-el-contexto-del-cambio-global-en-las-americas-sgp-cra-005\\\/#breadcrumb\"},\"inLanguage\":\"es\",\"potentialAction\":[{\"@type\":\"ReadAction\",\"target\":[\"https:\\\/\\\/iai.int\\\/es\\\/hacia-una-evaluacion-integrada-de-la-seguridad-hidrica-en-el-contexto-del-cambio-global-en-las-americas-sgp-cra-005\\\/\"]}]},{\"@type\":\"ImageObject\",\"inLanguage\":\"es\",\"@id\":\"https:\\\/\\\/iai.int\\\/es\\\/hacia-una-evaluacion-integrada-de-la-seguridad-hidrica-en-el-contexto-del-cambio-global-en-las-americas-sgp-cra-005\\\/#primaryimage\",\"url\":\"https:\\\/\\\/iai.int\\\/admin\\\/site\\\/sites\\\/default\\\/files\\\/uploads\\\/2014\\\/03\\\/CRA_005.jpg\",\"contentUrl\":\"https:\\\/\\\/iai.int\\\/admin\\\/site\\\/sites\\\/default\\\/files\\\/uploads\\\/2014\\\/03\\\/CRA_005.jpg\"},{\"@type\":\"BreadcrumbList\",\"@id\":\"https:\\\/\\\/iai.int\\\/es\\\/hacia-una-evaluacion-integrada-de-la-seguridad-hidrica-en-el-contexto-del-cambio-global-en-las-americas-sgp-cra-005\\\/#breadcrumb\",\"itemListElement\":[{\"@type\":\"ListItem\",\"position\":1,\"name\":\"Portada\",\"item\":\"https:\\\/\\\/iai.int\\\/es\\\/\"},{\"@type\":\"ListItem\",\"position\":2,\"name\":\"Hacia una evaluaci\u00f3n integrada de la seguridad h\u00eddrica en el contexto del cambio global en las Am\u00e9ricas (SGP-CRA 005)\"}]},{\"@type\":\"WebSite\",\"@id\":\"https:\\\/\\\/iai.int\\\/es\\\/#website\",\"url\":\"https:\\\/\\\/iai.int\\\/es\\\/\",\"name\":\"IAI - Inter-American Institute for Global Change Research\",\"description\":\"\",\"publisher\":{\"@id\":\"https:\\\/\\\/iai.int\\\/es\\\/#organization\"},\"potentialAction\":[{\"@type\":\"SearchAction\",\"target\":{\"@type\":\"EntryPoint\",\"urlTemplate\":\"https:\\\/\\\/iai.int\\\/es\\\/?s={search_term_string}\"},\"query-input\":{\"@type\":\"PropertyValueSpecification\",\"valueRequired\":true,\"valueName\":\"search_term_string\"}}],\"inLanguage\":\"es\"},{\"@type\":\"Organization\",\"@id\":\"https:\\\/\\\/iai.int\\\/es\\\/#organization\",\"name\":\"IAI - Inter-American Institute for Global Change Research\",\"url\":\"https:\\\/\\\/iai.int\\\/es\\\/\",\"logo\":{\"@type\":\"ImageObject\",\"inLanguage\":\"es\",\"@id\":\"https:\\\/\\\/iai.int\\\/es\\\/#\\\/schema\\\/logo\\\/image\\\/\",\"url\":\"https:\\\/\\\/iai.int\\\/wp-content\\\/uploads\\\/2025\\\/11\\\/IAI-logo-English-scaled.png\",\"contentUrl\":\"https:\\\/\\\/iai.int\\\/wp-content\\\/uploads\\\/2025\\\/11\\\/IAI-logo-English-scaled.png\",\"width\":2560,\"height\":985,\"caption\":\"IAI - Inter-American Institute for Global Change Research\"},\"image\":{\"@id\":\"https:\\\/\\\/iai.int\\\/es\\\/#\\\/schema\\\/logo\\\/image\\\/\"}}]}<\/script>\n<!-- \/ Yoast SEO plugin. -->","yoast_head_json":{"title":"Hacia una evaluaci\u00f3n integrada de la seguridad h\u00eddrica en el contexto del cambio global en las Am\u00e9ricas (SGP-CRA 005) - IAI - Inter-American Institute for Global Change Research","robots":{"index":"index","follow":"follow","max-snippet":"max-snippet:-1","max-image-preview":"max-image-preview:large","max-video-preview":"max-video-preview:-1"},"canonical":"https:\/\/iai.int\/es\/hacia-una-evaluacion-integrada-de-la-seguridad-hidrica-en-el-contexto-del-cambio-global-en-las-americas-sgp-cra-005\/","og_locale":"es_ES","og_type":"article","og_title":"Hacia una evaluaci\u00f3n integrada de la seguridad h\u00eddrica en el contexto del cambio global en las Am\u00e9ricas (SGP-CRA 005) - IAI - Inter-American Institute for Global Change Research","og_description":"1) La agricultura consume el 70% \u2013 90% del agua de la regi\u00f3n. 2) Taller interactivo con actores sociales. 3) Regiones \u00e1ridas de las Am\u00e9ricas. Informaci\u00f3n del proyecto Pa\u00edses participantes: Argentina, Chile, EEUU, M\u00e9xico Sitio web del proyecto: http:\/\/aquasec.org Papers publicados: http:\/\/www.citeulike.org\/user\/IAI\/tag\/cra005 Este proyecto es continuaci\u00f3n del\u00a0CRN 2005, que lleva el mismo t\u00edtulo. Resumen ejecutivo\u00a0Investigadores\u00a0Estudiantes [&hellip;]","og_url":"https:\/\/iai.int\/es\/hacia-una-evaluacion-integrada-de-la-seguridad-hidrica-en-el-contexto-del-cambio-global-en-las-americas-sgp-cra-005\/","og_site_name":"IAI - Inter-American Institute for Global Change Research","article_modified_time":"2024-10-08T00:14:39+00:00","og_image":[{"url":"https:\/\/iai.int\/admin\/site\/sites\/default\/files\/uploads\/2014\/03\/CRA_005.jpg","type":"","width":"","height":""}],"twitter_card":"summary_large_image","twitter_misc":{"Tiempo de lectura":"4 minutos"},"schema":{"@context":"https:\/\/schema.org","@graph":[{"@type":"WebPage","@id":"https:\/\/iai.int\/es\/hacia-una-evaluacion-integrada-de-la-seguridad-hidrica-en-el-contexto-del-cambio-global-en-las-americas-sgp-cra-005\/","url":"https:\/\/iai.int\/es\/hacia-una-evaluacion-integrada-de-la-seguridad-hidrica-en-el-contexto-del-cambio-global-en-las-americas-sgp-cra-005\/","name":"Hacia una evaluaci\u00f3n integrada de la seguridad h\u00eddrica en el contexto del cambio global en las Am\u00e9ricas (SGP-CRA 005) - IAI - Inter-American Institute for Global Change Research","isPartOf":{"@id":"https:\/\/iai.int\/es\/#website"},"primaryImageOfPage":{"@id":"https:\/\/iai.int\/es\/hacia-una-evaluacion-integrada-de-la-seguridad-hidrica-en-el-contexto-del-cambio-global-en-las-americas-sgp-cra-005\/#primaryimage"},"image":{"@id":"https:\/\/iai.int\/es\/hacia-una-evaluacion-integrada-de-la-seguridad-hidrica-en-el-contexto-del-cambio-global-en-las-americas-sgp-cra-005\/#primaryimage"},"thumbnailUrl":"https:\/\/iai.int\/admin\/site\/sites\/default\/files\/uploads\/2014\/03\/CRA_005.jpg","datePublished":"2024-09-16T17:41:52+00:00","dateModified":"2024-10-08T00:14:39+00:00","breadcrumb":{"@id":"https:\/\/iai.int\/es\/hacia-una-evaluacion-integrada-de-la-seguridad-hidrica-en-el-contexto-del-cambio-global-en-las-americas-sgp-cra-005\/#breadcrumb"},"inLanguage":"es","potentialAction":[{"@type":"ReadAction","target":["https:\/\/iai.int\/es\/hacia-una-evaluacion-integrada-de-la-seguridad-hidrica-en-el-contexto-del-cambio-global-en-las-americas-sgp-cra-005\/"]}]},{"@type":"ImageObject","inLanguage":"es","@id":"https:\/\/iai.int\/es\/hacia-una-evaluacion-integrada-de-la-seguridad-hidrica-en-el-contexto-del-cambio-global-en-las-americas-sgp-cra-005\/#primaryimage","url":"https:\/\/iai.int\/admin\/site\/sites\/default\/files\/uploads\/2014\/03\/CRA_005.jpg","contentUrl":"https:\/\/iai.int\/admin\/site\/sites\/default\/files\/uploads\/2014\/03\/CRA_005.jpg"},{"@type":"BreadcrumbList","@id":"https:\/\/iai.int\/es\/hacia-una-evaluacion-integrada-de-la-seguridad-hidrica-en-el-contexto-del-cambio-global-en-las-americas-sgp-cra-005\/#breadcrumb","itemListElement":[{"@type":"ListItem","position":1,"name":"Portada","item":"https:\/\/iai.int\/es\/"},{"@type":"ListItem","position":2,"name":"Hacia una evaluaci\u00f3n integrada de la seguridad h\u00eddrica en el contexto del cambio global en las Am\u00e9ricas (SGP-CRA 005)"}]},{"@type":"WebSite","@id":"https:\/\/iai.int\/es\/#website","url":"https:\/\/iai.int\/es\/","name":"IAI - Inter-American Institute for Global Change Research","description":"","publisher":{"@id":"https:\/\/iai.int\/es\/#organization"},"potentialAction":[{"@type":"SearchAction","target":{"@type":"EntryPoint","urlTemplate":"https:\/\/iai.int\/es\/?s={search_term_string}"},"query-input":{"@type":"PropertyValueSpecification","valueRequired":true,"valueName":"search_term_string"}}],"inLanguage":"es"},{"@type":"Organization","@id":"https:\/\/iai.int\/es\/#organization","name":"IAI - Inter-American Institute for Global Change Research","url":"https:\/\/iai.int\/es\/","logo":{"@type":"ImageObject","inLanguage":"es","@id":"https:\/\/iai.int\/es\/#\/schema\/logo\/image\/","url":"https:\/\/iai.int\/wp-content\/uploads\/2025\/11\/IAI-logo-English-scaled.png","contentUrl":"https:\/\/iai.int\/wp-content\/uploads\/2025\/11\/IAI-logo-English-scaled.png","width":2560,"height":985,"caption":"IAI - Inter-American Institute for Global Change Research"},"image":{"@id":"https:\/\/iai.int\/es\/#\/schema\/logo\/image\/"}}]}},"uagb_featured_image_src":{"full":false,"thumbnail":false,"medium":false,"medium_large":false,"large":false,"1536x1536":false,"2048x2048":false},"uagb_author_info":{"display_name":"admin","author_link":"https:\/\/iai.int\/es\/author\/admin\/"},"uagb_comment_info":0,"uagb_excerpt":"1) La agricultura consume el 70% \u2013 90% del agua de la regi\u00f3n. 2) Taller interactivo con actores sociales. 3) Regiones \u00e1ridas de las Am\u00e9ricas. Informaci\u00f3n del proyecto Pa\u00edses participantes: Argentina, Chile, EEUU, M\u00e9xico Sitio web del proyecto: http:\/\/aquasec.org Papers publicados: http:\/\/www.citeulike.org\/user\/IAI\/tag\/cra005 Este proyecto es continuaci\u00f3n del\u00a0CRN 2005, que lleva el mismo t\u00edtulo. Resumen ejecutivo\u00a0Investigadores\u00a0Estudiantes&hellip;","_links":{"self":[{"href":"https:\/\/iai.int\/es\/wp-json\/wp\/v2\/pages\/843","targetHints":{"allow":["GET"]}}],"collection":[{"href":"https:\/\/iai.int\/es\/wp-json\/wp\/v2\/pages"}],"about":[{"href":"https:\/\/iai.int\/es\/wp-json\/wp\/v2\/types\/page"}],"author":[{"embeddable":true,"href":"https:\/\/iai.int\/es\/wp-json\/wp\/v2\/users\/1"}],"replies":[{"embeddable":true,"href":"https:\/\/iai.int\/es\/wp-json\/wp\/v2\/comments?post=843"}],"version-history":[{"count":4,"href":"https:\/\/iai.int\/es\/wp-json\/wp\/v2\/pages\/843\/revisions"}],"predecessor-version":[{"id":1255,"href":"https:\/\/iai.int\/es\/wp-json\/wp\/v2\/pages\/843\/revisions\/1255"}],"wp:attachment":[{"href":"https:\/\/iai.int\/es\/wp-json\/wp\/v2\/media?parent=843"}],"curies":[{"name":"wp","href":"https:\/\/api.w.org\/{rel}","templated":true}]}}