{"id":840,"date":"2024-09-16T13:59:47","date_gmt":"2024-09-16T16:59:47","guid":{"rendered":"https:\/\/iai.int\/?page_id=840"},"modified":"2024-09-16T13:59:47","modified_gmt":"2024-09-16T16:59:47","slug":"impacto-de-los-cambios-en-la-cobertura-y-uso-de-la-tierra-en-el-hidroclima-de-la-cuenca-del-rio-de-la-plata-crn-2094","status":"publish","type":"page","link":"https:\/\/iai.int\/es\/impacto-de-los-cambios-en-la-cobertura-y-uso-de-la-tierra-en-el-hidroclima-de-la-cuenca-del-rio-de-la-plata-crn-2094\/","title":{"rendered":"Impacto de los cambios en la cobertura y uso de la tierra en el hidroclima de la cuenca del R\u00edo de la Plata (CRN 2094)"},"content":{"rendered":"\n<figure class=\"wp-block-image\"><img decoding=\"async\" src=\"https:\/\/iai.int\/admin\/site\/sites\/default\/files\/uploads\/2014\/03\/crn2094.jpg\" alt=\"crn2094\" class=\"wp-image-2184\"\/><\/figure>\n\n\n\n<p><em>1 Changes in the normalized difference vegetation index (NDVI) from 1980 to 2000<br>2 Forest to agriculture (NDVI decreases)<br>3 Grassland to tree plantation (NDVI increases)<br>The figures are courtesy of Jose Paruelo and Esteban Jobbagy.<\/em><\/p>\n\n\n\n<h3 class=\"wp-block-heading\">Informaci\u00f3n de proyecto<\/h3>\n\n\n\n<p><strong>Investigador principal:<\/strong><\/p>\n\n\n\n<p><em>Ernesto Hugo Berbery<\/em>&nbsp;(<a href=\"mailto:berbery@atmos.umd.edu\">berbery@atmos.umd.edu<\/a>)<br>Consejo Nacional de Investigaciones Cient\u00edficas y T\u00e9cnicas, Argentina<\/p>\n\n\n\n<p><strong>Sitio web del proyecto:<\/strong><\/p>\n\n\n\n<p><a href=\"http:\/\/www.atmos.umd.edu\/~berbery\/\" target=\"_blank\" rel=\"noreferrer noopener\">http:\/\/www.atmos.umd.edu\/~berbery\/<\/a><\/p>\n\n\n\n<p><strong>Papers publicados:<\/strong><\/p>\n\n\n\n<p><a href=\"http:\/\/www.citeulike.org\/user\/IAI\/tag\/crn2094\" target=\"_blank\" rel=\"noreferrer noopener\">http:\/\/www.citeulike.org\/user\/IAI\/tag\/crn2094<\/a><\/p>\n\n\n\n<p><a href=\"https:\/\/iai.int\/es\/meetings\/detail\/crn2094#summary\">Resumen ejecutivo<\/a>&nbsp;<a href=\"https:\/\/iai.int\/es\/meetings\/detail\/crn2094#investigadores\">Investigadores del proyecto<\/a>&nbsp;<a href=\"https:\/\/iai.int\/es\/meetings\/detail\/crn2094#students\">Estudiantes<\/a><\/p>\n\n\n\n<h3 class=\"wp-block-heading\" id=\"summary\">Resumen ejecutivo<\/h3>\n\n\n\n<p>La cuenca del Plata es clave para el desarrollo econ\u00f3mico y social de Argentina, Bolivia, Brasil, Paraguay y Uruguay. En las \u00faltimas d\u00e9cadas, el uso y la cobertura de la tierra han cambiado significativamente como resultado de la expansi\u00f3n de la agricultura y la forestaci\u00f3n. Desde fines de 2008, este proyecto investiga los impactos de dichos cambios en el hidroclima regional de la cuenca del Plata y su interacci\u00f3n con el cambio clim\u00e1tico.<\/p>\n\n\n\n<p><strong>Objetivos<\/strong><br>Elaborar bases de datos de 25 a\u00f1os que integran todas las observaciones in-situ y medidas remotamente del uso y cobertura de la tierra, y desarrollar modelos regionales para evaluar el modo y la magnitud de los efectos de los cambios en el uso de la tierra en el hidroclima de la cuenca del Plata<\/p>\n\n\n\n<p>Investigar el papel de los cambios en el uso y cobertura de la tierra en la intensidad y duraci\u00f3n de sequ\u00edas e inundaciones<\/p>\n\n\n\n<p>Investigar los cambios potenciales en las caracter\u00edsticas hidrol\u00f3gicas de la cuenca (humedad del suelo, infiltraci\u00f3n y escorrent\u00eda)<\/p>\n\n\n\n<p><strong>Primeros resultados<\/strong><br>Se est\u00e1n usando bases de datos del per\u00edodo 1980-2005 para evaluar el impacto de los cambios en el uso y cobertura de la tierra en el hidroclima de la cuenca del Plata y los mecanismos f\u00edsicos mediante los cuales dichos impactos hacen efecto.<\/p>\n\n\n\n<p>Estas bases de datos se est\u00e1n utilizando para un rean\u00e1lisis regional de la superficie del suelo en un sistema de modelado de investigaci\u00f3n y pron\u00f3stico del tiempo (WRF, por sus siglas en ingl\u00e9s) corrido en escala continental con una grilla anidada sobre la cuenca del Plata.<\/p>\n\n\n\n<p>Se est\u00e1n preparando simulaciones WRF para diferentes escenarios de cobertura de la tierra, desde \u201csin agricultura\u201d hasta \u201cagricultura arable intensiva\u201d.<\/p>\n\n\n\n<p>El proyecto ha definido un nuevo enfoque para investigar los cambios en la cobertura de la tierra, los tipos funcionales de ecosistemas (EFTs, por sus siglas en ingl\u00e9s) y ha estudiado su evoluci\u00f3n anual. Los EFTs reemplazan los tipos de cobertura de la tierra fijos en el tiempo que se usan en la actualidad y ser\u00e1n probados en modelos regionales.<\/p>\n\n\n\n<h3 class=\"wp-block-heading\" id=\"investigadores\">Investigadores del projecto<\/h3>\n\n\n\n<p>Ernesto Hugo Berbery \u2013&nbsp;<a href=\"mailto:berbery_AT_@atmos.umd.edu\">berbery_AT_@atmos.umd.edu<\/a><\/p>\n\n\n\n<p>Consejo Nacional de Investigaciones Cient\u00edficas y T\u00e9cnicas, Argentina<\/p>\n\n\n\n<p><strong>Co-Investigadores<\/strong><br>Luis Gustavo de Goncalves (NASA y UMD, EE.UU.), Dirceu Herdies (CPTEC, Brasil), Esteban Jobb\u00e1gy (Universidad Nacional de San Luis, Argentina), Eugenia Kalnay (University of Maryland, EE.UU.), Dennis Lettenmaier (University of Washington, EE.UU.), Mario Nu\u00f1ez (CIMA-CONICET\/UBA), Argentina), Jose Paruelo (UBA, Argentina), Pedro Silva Dias (USP, Brasil)<\/p>\n\n\n\n<p>Actualizado en 03\/2010<\/p>\n\n\n\n<p><a href=\"http:\/\/www.atmos.umd.edu\/~berbery\/\" target=\"_blank\" rel=\"noreferrer noopener\">Sitio web del proyecto<\/a><\/p>\n\n\n\n<p><a href=\"https:\/\/iai.int\/admin\/site\/sites\/default\/files\/uploads\/2014\/03\/CRN2_94.pdf\" target=\"_blank\" rel=\"noreferrer noopener\">informaci\u00f3n en PDF (en ingl\u00e9s)<\/a><\/p>\n\n\n\n<h3 class=\"wp-block-heading\" id=\"students\">Estudiantes<\/h3>\n\n\n\n<p><em>Alejandro Casteller<\/em>, IANIGLA-CONICET, Argentina.<br><em>Alicia Eisenkolbl<\/em>, Universidad Cat\u00f3lica Nuestra Se\u00f1ora de la Asunci\u00f3n, Paraguay.<br><em>Alicia Pavetti<\/em>, Universidad Cat\u00f3lica Nuestra Se\u00f1ora de la Asunci\u00f3n, Paraguay.<br><em>Ana Murgida<\/em>, Universidad de Buenos Aires, Argentina.<br><em>Anna Sorensson<\/em>, Universidad de Buenos Aires, Internacional.<br><em>Bianca Maske<\/em>, maestr\u00eda, INPE, Brasil.<br><em>Bruna Barbosa Silveira<\/em>, maestr\u00eda, INPE, Brasil.<br><em>Carlos Bastarz<\/em>, INPE, Brasil.<br><em>Carlos Hugo Zotelo<\/em>, Universidad de Buenos Aires, Argentina.<br><em>Claudia Adams<\/em>, Brasil.<br><em>Constanza Riera<\/em>, Argentina.<br><em>Deise Ely<\/em>, PHD, Universidade de S\u00e3o Paulo, Brasil.<br><em>Diego Souza<\/em>, PHD, Universidade de S\u00e3o Paulo, Brasil.<br><em>Domingo Alcaraz<\/em>, University of Virginia, Espa\u00f1a.<br><em>Fabio Diniz<\/em>, maestr\u00eda, Universidade de S\u00e3o Paulo, Brasil.<br><em>Guilherme Goergen<\/em>, Universidade Federal de Minas Gerais, Brasil.<br><em>Helena Barbieri<\/em>, maestr\u00eda, INPE, Brasil.<br><em>Joao Gerd Z. de Mathos<\/em>, CPTEC, Brasil.<br><em>Leonardo Ribeiro Paraiso<\/em>, grado, INPE, Brasil.<br><em>Marcos Andrade<\/em>, Post doctorado, Universidade Federal do Rio Grande, Brasil.<br><em>Marcos Teixeira<\/em>, Universidad de Buenos Aires, Uruguay.<br><em>Mariana Gasparoto<\/em>, Universidad de Buenos Aires, Argentina.<br><em>Mariana Pallata<\/em>, maestr\u00eda, INPE, Brasil.<br><em>Marilia do Nascimento<\/em>, INPE, Brasil.<br><em>Mario Leal de Quadro<\/em>, Universidade de S\u00e3o Paulo, Brasil.<br><em>Martin Becher<\/em>, Universit\u00e4t Regensburg, Argentina.<br><em>Omar Muller<\/em>, Universidad Nacional del Litoral, Argentina.<br><em>Roberto Takahashi<\/em>, Universidad Cat\u00f3lica Nuestra Se\u00f1ora de la Asunci\u00f3n, Paraguay.<\/p>\n","protected":false},"excerpt":{"rendered":"<p>1 Changes in the normalized difference vegetation index (NDVI) from 1980 to 20002 Forest to agriculture (NDVI decreases)3 Grassland to tree plantation (NDVI increases)The figures are courtesy of Jose Paruelo and Esteban Jobbagy. Informaci\u00f3n de proyecto Investigador principal: Ernesto Hugo Berbery&nbsp;(berbery@atmos.umd.edu)Consejo Nacional de Investigaciones Cient\u00edficas y T\u00e9cnicas, Argentina Sitio web del proyecto: http:\/\/www.atmos.umd.edu\/~berbery\/ Papers publicados: [&hellip;]<\/p>\n","protected":false},"author":1,"featured_media":0,"parent":0,"menu_order":0,"comment_status":"closed","ping_status":"closed","template":"","meta":{"_acf_changed":false,"_uag_custom_page_level_css":"","footnotes":""},"class_list":["post-840","page","type-page","status-publish","hentry"],"acf":[],"yoast_head":"<!-- This site is optimized with the Yoast SEO plugin v27.3 - https:\/\/yoast.com\/product\/yoast-seo-wordpress\/ -->\n<title>Impacto de los cambios en la cobertura y uso de la tierra en el hidroclima de la cuenca del R\u00edo de la Plata (CRN 2094) - IAI - Inter-American Institute for Global Change Research<\/title>\n<meta name=\"robots\" content=\"index, follow, max-snippet:-1, max-image-preview:large, max-video-preview:-1\" \/>\n<link rel=\"canonical\" href=\"https:\/\/iai.int\/es\/impacto-de-los-cambios-en-la-cobertura-y-uso-de-la-tierra-en-el-hidroclima-de-la-cuenca-del-rio-de-la-plata-crn-2094\/\" \/>\n<meta property=\"og:locale\" content=\"es_ES\" \/>\n<meta property=\"og:type\" content=\"article\" \/>\n<meta property=\"og:title\" content=\"Impacto de los cambios en la cobertura y uso de la tierra en el hidroclima de la cuenca del R\u00edo de la Plata (CRN 2094) - IAI - Inter-American Institute for Global Change Research\" \/>\n<meta property=\"og:description\" content=\"1 Changes in the normalized difference vegetation index (NDVI) from 1980 to 20002 Forest to agriculture (NDVI decreases)3 Grassland to tree plantation (NDVI increases)The figures are courtesy of Jose Paruelo and Esteban Jobbagy. Informaci\u00f3n de proyecto Investigador principal: Ernesto Hugo Berbery&nbsp;(berbery@atmos.umd.edu)Consejo Nacional de Investigaciones Cient\u00edficas y T\u00e9cnicas, Argentina Sitio web del proyecto: http:\/\/www.atmos.umd.edu\/~berbery\/ Papers publicados: [&hellip;]\" \/>\n<meta property=\"og:url\" content=\"https:\/\/iai.int\/es\/impacto-de-los-cambios-en-la-cobertura-y-uso-de-la-tierra-en-el-hidroclima-de-la-cuenca-del-rio-de-la-plata-crn-2094\/\" \/>\n<meta property=\"og:site_name\" content=\"IAI - Inter-American Institute for Global Change Research\" \/>\n<meta name=\"twitter:card\" content=\"summary_large_image\" \/>\n<meta name=\"twitter:label1\" content=\"Tiempo de lectura\" \/>\n\t<meta name=\"twitter:data1\" content=\"4 minutos\" \/>\n<script type=\"application\/ld+json\" class=\"yoast-schema-graph\">{\"@context\":\"https:\\\/\\\/schema.org\",\"@graph\":[{\"@type\":\"WebPage\",\"@id\":\"https:\\\/\\\/iai.int\\\/es\\\/impacto-de-los-cambios-en-la-cobertura-y-uso-de-la-tierra-en-el-hidroclima-de-la-cuenca-del-rio-de-la-plata-crn-2094\\\/\",\"url\":\"https:\\\/\\\/iai.int\\\/es\\\/impacto-de-los-cambios-en-la-cobertura-y-uso-de-la-tierra-en-el-hidroclima-de-la-cuenca-del-rio-de-la-plata-crn-2094\\\/\",\"name\":\"Impacto de los cambios en la cobertura y uso de la tierra en el hidroclima de la cuenca del R\u00edo de la Plata (CRN 2094) - IAI - Inter-American Institute for Global Change Research\",\"isPartOf\":{\"@id\":\"https:\\\/\\\/iai.int\\\/es\\\/#website\"},\"primaryImageOfPage\":{\"@id\":\"https:\\\/\\\/iai.int\\\/es\\\/impacto-de-los-cambios-en-la-cobertura-y-uso-de-la-tierra-en-el-hidroclima-de-la-cuenca-del-rio-de-la-plata-crn-2094\\\/#primaryimage\"},\"image\":{\"@id\":\"https:\\\/\\\/iai.int\\\/es\\\/impacto-de-los-cambios-en-la-cobertura-y-uso-de-la-tierra-en-el-hidroclima-de-la-cuenca-del-rio-de-la-plata-crn-2094\\\/#primaryimage\"},\"thumbnailUrl\":\"https:\\\/\\\/iai.int\\\/admin\\\/site\\\/sites\\\/default\\\/files\\\/uploads\\\/2014\\\/03\\\/crn2094.jpg\",\"datePublished\":\"2024-09-16T16:59:47+00:00\",\"breadcrumb\":{\"@id\":\"https:\\\/\\\/iai.int\\\/es\\\/impacto-de-los-cambios-en-la-cobertura-y-uso-de-la-tierra-en-el-hidroclima-de-la-cuenca-del-rio-de-la-plata-crn-2094\\\/#breadcrumb\"},\"inLanguage\":\"es\",\"potentialAction\":[{\"@type\":\"ReadAction\",\"target\":[\"https:\\\/\\\/iai.int\\\/es\\\/impacto-de-los-cambios-en-la-cobertura-y-uso-de-la-tierra-en-el-hidroclima-de-la-cuenca-del-rio-de-la-plata-crn-2094\\\/\"]}]},{\"@type\":\"ImageObject\",\"inLanguage\":\"es\",\"@id\":\"https:\\\/\\\/iai.int\\\/es\\\/impacto-de-los-cambios-en-la-cobertura-y-uso-de-la-tierra-en-el-hidroclima-de-la-cuenca-del-rio-de-la-plata-crn-2094\\\/#primaryimage\",\"url\":\"https:\\\/\\\/iai.int\\\/admin\\\/site\\\/sites\\\/default\\\/files\\\/uploads\\\/2014\\\/03\\\/crn2094.jpg\",\"contentUrl\":\"https:\\\/\\\/iai.int\\\/admin\\\/site\\\/sites\\\/default\\\/files\\\/uploads\\\/2014\\\/03\\\/crn2094.jpg\"},{\"@type\":\"BreadcrumbList\",\"@id\":\"https:\\\/\\\/iai.int\\\/es\\\/impacto-de-los-cambios-en-la-cobertura-y-uso-de-la-tierra-en-el-hidroclima-de-la-cuenca-del-rio-de-la-plata-crn-2094\\\/#breadcrumb\",\"itemListElement\":[{\"@type\":\"ListItem\",\"position\":1,\"name\":\"Portada\",\"item\":\"https:\\\/\\\/iai.int\\\/es\\\/\"},{\"@type\":\"ListItem\",\"position\":2,\"name\":\"Impacto de los cambios en la cobertura y uso de la tierra en el hidroclima de la cuenca del R\u00edo de la Plata (CRN 2094)\"}]},{\"@type\":\"WebSite\",\"@id\":\"https:\\\/\\\/iai.int\\\/es\\\/#website\",\"url\":\"https:\\\/\\\/iai.int\\\/es\\\/\",\"name\":\"IAI - Inter-American Institute for Global Change Research\",\"description\":\"\",\"publisher\":{\"@id\":\"https:\\\/\\\/iai.int\\\/es\\\/#organization\"},\"potentialAction\":[{\"@type\":\"SearchAction\",\"target\":{\"@type\":\"EntryPoint\",\"urlTemplate\":\"https:\\\/\\\/iai.int\\\/es\\\/?s={search_term_string}\"},\"query-input\":{\"@type\":\"PropertyValueSpecification\",\"valueRequired\":true,\"valueName\":\"search_term_string\"}}],\"inLanguage\":\"es\"},{\"@type\":\"Organization\",\"@id\":\"https:\\\/\\\/iai.int\\\/es\\\/#organization\",\"name\":\"IAI - Inter-American Institute for Global Change Research\",\"url\":\"https:\\\/\\\/iai.int\\\/es\\\/\",\"logo\":{\"@type\":\"ImageObject\",\"inLanguage\":\"es\",\"@id\":\"https:\\\/\\\/iai.int\\\/es\\\/#\\\/schema\\\/logo\\\/image\\\/\",\"url\":\"https:\\\/\\\/iai.int\\\/wp-content\\\/uploads\\\/2025\\\/11\\\/IAI-logo-English-scaled.png\",\"contentUrl\":\"https:\\\/\\\/iai.int\\\/wp-content\\\/uploads\\\/2025\\\/11\\\/IAI-logo-English-scaled.png\",\"width\":2560,\"height\":985,\"caption\":\"IAI - Inter-American Institute for Global Change Research\"},\"image\":{\"@id\":\"https:\\\/\\\/iai.int\\\/es\\\/#\\\/schema\\\/logo\\\/image\\\/\"}}]}<\/script>\n<!-- \/ Yoast SEO plugin. -->","yoast_head_json":{"title":"Impacto de los cambios en la cobertura y uso de la tierra en el hidroclima de la cuenca del R\u00edo de la Plata (CRN 2094) - IAI - Inter-American Institute for Global Change Research","robots":{"index":"index","follow":"follow","max-snippet":"max-snippet:-1","max-image-preview":"max-image-preview:large","max-video-preview":"max-video-preview:-1"},"canonical":"https:\/\/iai.int\/es\/impacto-de-los-cambios-en-la-cobertura-y-uso-de-la-tierra-en-el-hidroclima-de-la-cuenca-del-rio-de-la-plata-crn-2094\/","og_locale":"es_ES","og_type":"article","og_title":"Impacto de los cambios en la cobertura y uso de la tierra en el hidroclima de la cuenca del R\u00edo de la Plata (CRN 2094) - IAI - Inter-American Institute for Global Change Research","og_description":"1 Changes in the normalized difference vegetation index (NDVI) from 1980 to 20002 Forest to agriculture (NDVI decreases)3 Grassland to tree plantation (NDVI increases)The figures are courtesy of Jose Paruelo and Esteban Jobbagy. Informaci\u00f3n de proyecto Investigador principal: Ernesto Hugo Berbery&nbsp;(berbery@atmos.umd.edu)Consejo Nacional de Investigaciones Cient\u00edficas y T\u00e9cnicas, Argentina Sitio web del proyecto: http:\/\/www.atmos.umd.edu\/~berbery\/ Papers publicados: [&hellip;]","og_url":"https:\/\/iai.int\/es\/impacto-de-los-cambios-en-la-cobertura-y-uso-de-la-tierra-en-el-hidroclima-de-la-cuenca-del-rio-de-la-plata-crn-2094\/","og_site_name":"IAI - Inter-American Institute for Global Change Research","twitter_card":"summary_large_image","twitter_misc":{"Tiempo de lectura":"4 minutos"},"schema":{"@context":"https:\/\/schema.org","@graph":[{"@type":"WebPage","@id":"https:\/\/iai.int\/es\/impacto-de-los-cambios-en-la-cobertura-y-uso-de-la-tierra-en-el-hidroclima-de-la-cuenca-del-rio-de-la-plata-crn-2094\/","url":"https:\/\/iai.int\/es\/impacto-de-los-cambios-en-la-cobertura-y-uso-de-la-tierra-en-el-hidroclima-de-la-cuenca-del-rio-de-la-plata-crn-2094\/","name":"Impacto de los cambios en la cobertura y uso de la tierra en el hidroclima de la cuenca del R\u00edo de la Plata (CRN 2094) - IAI - Inter-American Institute for Global Change Research","isPartOf":{"@id":"https:\/\/iai.int\/es\/#website"},"primaryImageOfPage":{"@id":"https:\/\/iai.int\/es\/impacto-de-los-cambios-en-la-cobertura-y-uso-de-la-tierra-en-el-hidroclima-de-la-cuenca-del-rio-de-la-plata-crn-2094\/#primaryimage"},"image":{"@id":"https:\/\/iai.int\/es\/impacto-de-los-cambios-en-la-cobertura-y-uso-de-la-tierra-en-el-hidroclima-de-la-cuenca-del-rio-de-la-plata-crn-2094\/#primaryimage"},"thumbnailUrl":"https:\/\/iai.int\/admin\/site\/sites\/default\/files\/uploads\/2014\/03\/crn2094.jpg","datePublished":"2024-09-16T16:59:47+00:00","breadcrumb":{"@id":"https:\/\/iai.int\/es\/impacto-de-los-cambios-en-la-cobertura-y-uso-de-la-tierra-en-el-hidroclima-de-la-cuenca-del-rio-de-la-plata-crn-2094\/#breadcrumb"},"inLanguage":"es","potentialAction":[{"@type":"ReadAction","target":["https:\/\/iai.int\/es\/impacto-de-los-cambios-en-la-cobertura-y-uso-de-la-tierra-en-el-hidroclima-de-la-cuenca-del-rio-de-la-plata-crn-2094\/"]}]},{"@type":"ImageObject","inLanguage":"es","@id":"https:\/\/iai.int\/es\/impacto-de-los-cambios-en-la-cobertura-y-uso-de-la-tierra-en-el-hidroclima-de-la-cuenca-del-rio-de-la-plata-crn-2094\/#primaryimage","url":"https:\/\/iai.int\/admin\/site\/sites\/default\/files\/uploads\/2014\/03\/crn2094.jpg","contentUrl":"https:\/\/iai.int\/admin\/site\/sites\/default\/files\/uploads\/2014\/03\/crn2094.jpg"},{"@type":"BreadcrumbList","@id":"https:\/\/iai.int\/es\/impacto-de-los-cambios-en-la-cobertura-y-uso-de-la-tierra-en-el-hidroclima-de-la-cuenca-del-rio-de-la-plata-crn-2094\/#breadcrumb","itemListElement":[{"@type":"ListItem","position":1,"name":"Portada","item":"https:\/\/iai.int\/es\/"},{"@type":"ListItem","position":2,"name":"Impacto de los cambios en la cobertura y uso de la tierra en el hidroclima de la cuenca del R\u00edo de la Plata (CRN 2094)"}]},{"@type":"WebSite","@id":"https:\/\/iai.int\/es\/#website","url":"https:\/\/iai.int\/es\/","name":"IAI - Inter-American Institute for Global Change Research","description":"","publisher":{"@id":"https:\/\/iai.int\/es\/#organization"},"potentialAction":[{"@type":"SearchAction","target":{"@type":"EntryPoint","urlTemplate":"https:\/\/iai.int\/es\/?s={search_term_string}"},"query-input":{"@type":"PropertyValueSpecification","valueRequired":true,"valueName":"search_term_string"}}],"inLanguage":"es"},{"@type":"Organization","@id":"https:\/\/iai.int\/es\/#organization","name":"IAI - Inter-American Institute for Global Change Research","url":"https:\/\/iai.int\/es\/","logo":{"@type":"ImageObject","inLanguage":"es","@id":"https:\/\/iai.int\/es\/#\/schema\/logo\/image\/","url":"https:\/\/iai.int\/wp-content\/uploads\/2025\/11\/IAI-logo-English-scaled.png","contentUrl":"https:\/\/iai.int\/wp-content\/uploads\/2025\/11\/IAI-logo-English-scaled.png","width":2560,"height":985,"caption":"IAI - Inter-American Institute for Global Change Research"},"image":{"@id":"https:\/\/iai.int\/es\/#\/schema\/logo\/image\/"}}]}},"uagb_featured_image_src":{"full":false,"thumbnail":false,"medium":false,"medium_large":false,"large":false,"1536x1536":false,"2048x2048":false},"uagb_author_info":{"display_name":"admin","author_link":"https:\/\/iai.int\/es\/author\/admin\/"},"uagb_comment_info":0,"uagb_excerpt":"1 Changes in the normalized difference vegetation index (NDVI) from 1980 to 20002 Forest to agriculture (NDVI decreases)3 Grassland to tree plantation (NDVI increases)The figures are courtesy of Jose Paruelo and Esteban Jobbagy. Informaci\u00f3n de proyecto Investigador principal: Ernesto Hugo Berbery&nbsp;(berbery@atmos.umd.edu)Consejo Nacional de Investigaciones Cient\u00edficas y T\u00e9cnicas, Argentina Sitio web del proyecto: http:\/\/www.atmos.umd.edu\/~berbery\/ Papers publicados:&hellip;","_links":{"self":[{"href":"https:\/\/iai.int\/es\/wp-json\/wp\/v2\/pages\/840","targetHints":{"allow":["GET"]}}],"collection":[{"href":"https:\/\/iai.int\/es\/wp-json\/wp\/v2\/pages"}],"about":[{"href":"https:\/\/iai.int\/es\/wp-json\/wp\/v2\/types\/page"}],"author":[{"embeddable":true,"href":"https:\/\/iai.int\/es\/wp-json\/wp\/v2\/users\/1"}],"replies":[{"embeddable":true,"href":"https:\/\/iai.int\/es\/wp-json\/wp\/v2\/comments?post=840"}],"version-history":[{"count":1,"href":"https:\/\/iai.int\/es\/wp-json\/wp\/v2\/pages\/840\/revisions"}],"predecessor-version":[{"id":841,"href":"https:\/\/iai.int\/es\/wp-json\/wp\/v2\/pages\/840\/revisions\/841"}],"wp:attachment":[{"href":"https:\/\/iai.int\/es\/wp-json\/wp\/v2\/media?parent=840"}],"curies":[{"name":"wp","href":"https:\/\/api.w.org\/{rel}","templated":true}]}}