{"id":8353,"date":"2025-10-20T18:52:09","date_gmt":"2025-10-20T23:52:09","guid":{"rendered":"https:\/\/iai.int\/?page_id=8353"},"modified":"2025-11-07T12:04:34","modified_gmt":"2025-11-07T17:04:34","slug":"step-conferencia-2022","status":"publish","type":"page","link":"https:\/\/iai.int\/es\/step-fellowship\/step-conferencias-step\/step-conferencia-2022\/","title":{"rendered":"STeP &#8211; Conferencia 2022"},"content":{"rendered":"\n<h4 class=\"wp-block-heading\">Taller sobre liderazgo para la diplomacia cient\u00edfica 2022<\/h4>\n\n\n\n<p><strong><em>La primera reuni\u00f3n presencial de la red interamericana de becarios del Programa de becas de ciencia, tecnolog\u00eda y pol\u00edtica (STeP) del IAI se llev\u00f3 a cabo del 12 al 15 de noviembre de 2022 en Punta del Este y Montevideo, Uruguay.<\/em><\/strong><\/p>\n\n\n\n<p><strong>Agenda y resultados<\/strong><\/p>\n\n\n\n<p>El Taller de Liderazgo en Diplomacia Cient\u00edfica ha sido un evento de bienvenida para el desarrollo profesional virtual desde el inicio del programa en 2020. 30 becarios de 14 nacionalidades en las Am\u00e9ricas fueron invitados a aprender e interactuar entre s\u00ed junto con expertos globales del nuevo Consejo Asesor de Diplomacia Cient\u00edfica del IAI (SDC). Con base en la experiencia de este taller, los becarios redactaron una declaraci\u00f3n de liderazgo que se present\u00f3 posteriormente en la Reuni\u00f3n de la Conferencia de las Partes del IAI en junio de 2023.<\/p>\n\n\n\n<p>El taller abord\u00f3 los siguientes temas:<\/p>\n\n\n\n<p><strong>Liderazgo Transdisciplinario<\/strong><\/p>\n\n\n\n<ul class=\"wp-block-list\">\n<li>Los principios clave del Enfoque TD en el contexto de los 30 a\u00f1os de investigaci\u00f3n sobre el cambio global del IAI. Una discusi\u00f3n sobre metodolog\u00edas e historias de becarios que destacan sus habilidades y experiencias de TD.<\/li>\n\n\n\n<li>Liderazgo redefinido: utilizando las reglas b\u00e1sicas creadas por los becarios en las sesiones anteriores, los becarios trabajaron juntos para desafiar la definici\u00f3n actual y los ejemplos de liderazgo. Esta experiencia luego result\u00f3 en un borrador de declaraci\u00f3n de liderazgo que encarna su visi\u00f3n de la diplomacia cient\u00edfica en las Am\u00e9ricas, presentado a los miembros del Consejo Global de Investigaci\u00f3n, tambi\u00e9n reunidos en Montevideo. Los becarios compartieron la versi\u00f3n final del borrador en la Conferencia de las Partes del IAI en junio de 2023.<\/li>\n<\/ul>\n\n\n\n<figure class=\"wp-block-embed is-type-rich is-provider-gestor-del-servicio wp-block-embed-gestor-del-servicio wp-embed-aspect-16-9 wp-has-aspect-ratio\"><div class=\"wp-block-embed__wrapper\">\n<iframe title=\"IAI STeP Fellows Statement on Leadership\" width=\"800\" height=\"450\" src=\"https:\/\/www.youtube.com\/embed\/xKqiPBvzsOY?feature=oembed\" frameborder=\"0\" allow=\"accelerometer; autoplay; clipboard-write; encrypted-media; gyroscope; picture-in-picture; web-share\" referrerpolicy=\"strict-origin-when-cross-origin\" allowfullscreen><\/iframe>\n<\/div><\/figure>\n\n\n\n<p><strong>Diplomacia cient\u00edfica<\/strong><\/p>\n\n\n\n<ul class=\"wp-block-list\">\n<li>\u00a1Accidente en Ecosistema Marino frente a la Costa Centroamericana! Este juego de simulaci\u00f3n de diplomacia cient\u00edfica permiti\u00f3 a los becarios representar a diferentes partes interesadas en un escenario de negociaci\u00f3n multilateral.<\/li>\n\n\n\n<li>La ciencia del comportamiento en la diplomacia cient\u00edfica para la construcci\u00f3n de consensos.<\/li>\n\n\n\n<li>Trabajo grupal y presentaciones de proyectos: los becarios se reunieron con sus grupos de diplomacia cient\u00edfica y continuaron trabajando en sus proyectos que vencen en enero de 2023. Practicaron sus habilidades de comunicaci\u00f3n al preparar un discurso para la Junta Asesora de SDC en busca de comentarios de expertos, tutor\u00eda y redes de trabajo.&nbsp;&nbsp;<\/li>\n\n\n\n<li>Los grupos de este a\u00f1o est\u00e1n trabajando en los siguientes temas:\n<ul class=\"wp-block-list\">\n<li>Enfoques de econom\u00eda circular para el tratamiento de aguas residuales.<\/li>\n\n\n\n<li>Hidr\u00f3geno para las Am\u00e9ricas.<\/li>\n\n\n\n<li>Compromiso de las partes interesadas para compartir datos sobre el nexo mundial entre la salud y el cambio clim\u00e1tico.<\/li>\n\n\n\n<li>La ambici\u00f3n de conservaci\u00f3n \u201c30X30\u201d en las Am\u00e9ricas y la oportunidad de la Diplomacia Cient\u00edfica para la implementaci\u00f3n colectiva.<\/li>\n\n\n\n<li>Ciclo de vida del transporte limpio y fuentes de energ\u00eda\/minerales.<\/li>\n\n\n\n<li>Contaminaci\u00f3n por micropl\u00e1sticos y acci\u00f3n global alineada con el comportamiento.<\/li>\n<\/ul>\n<\/li>\n<\/ul>\n\n\n\n<p>\u200bPara mayor informaci\u00f3n cont\u00e1ctese a&nbsp;<a href=\"http:\/\/mailto:step@dir.iai.int\/\">step@dir.iai.int<\/a><\/p>\n","protected":false},"excerpt":{"rendered":"<p>Taller sobre liderazgo para la diplomacia cient\u00edfica 2022 La primera reuni\u00f3n presencial de la red interamericana de becarios del Programa de becas de ciencia, tecnolog\u00eda y pol\u00edtica (STeP) del IAI se llev\u00f3 a cabo del 12 al 15 de noviembre de 2022 en Punta del Este y Montevideo, Uruguay. Agenda y resultados El Taller de [&hellip;]<\/p>\n","protected":false},"author":1,"featured_media":10898,"parent":8344,"menu_order":0,"comment_status":"closed","ping_status":"closed","template":"","meta":{"_acf_changed":false,"_uag_custom_page_level_css":"","footnotes":""},"class_list":["post-8353","page","type-page","status-publish","has-post-thumbnail","hentry"],"acf":[],"yoast_head":"<!-- This site is optimized with the Yoast SEO plugin v27.3 - https:\/\/yoast.com\/product\/yoast-seo-wordpress\/ -->\n<title>STeP - Conferencia 2022 - IAI - Inter-American Institute for Global Change Research<\/title>\n<meta name=\"robots\" content=\"index, follow, max-snippet:-1, max-image-preview:large, max-video-preview:-1\" \/>\n<link rel=\"canonical\" href=\"https:\/\/iai.int\/es\/step-fellowship\/step-conferencias-step\/step-conferencia-2022\/\" \/>\n<meta property=\"og:locale\" content=\"es_ES\" \/>\n<meta property=\"og:type\" content=\"article\" \/>\n<meta property=\"og:title\" content=\"STeP - Conferencia 2022 - IAI - Inter-American Institute for Global Change Research\" \/>\n<meta property=\"og:description\" content=\"Taller sobre liderazgo para la diplomacia cient\u00edfica 2022 La primera reuni\u00f3n presencial de la red interamericana de becarios del Programa de becas de ciencia, tecnolog\u00eda y pol\u00edtica (STeP) del IAI se llev\u00f3 a cabo del 12 al 15 de noviembre de 2022 en Punta del Este y Montevideo, Uruguay. Agenda y resultados El Taller de [&hellip;]\" \/>\n<meta property=\"og:url\" content=\"https:\/\/iai.int\/es\/step-fellowship\/step-conferencias-step\/step-conferencia-2022\/\" \/>\n<meta property=\"og:site_name\" content=\"IAI - Inter-American Institute for Global Change Research\" \/>\n<meta property=\"article:modified_time\" content=\"2025-11-07T17:04:34+00:00\" \/>\n<meta property=\"og:image\" content=\"https:\/\/iai.int\/wp-content\/uploads\/2025\/11\/Simulacion-diplomatica-16-17-noviembre-2025-Bogota-Colombia-1.png\" \/>\n\t<meta property=\"og:image:width\" content=\"1772\" \/>\n\t<meta property=\"og:image:height\" content=\"551\" \/>\n\t<meta property=\"og:image:type\" content=\"image\/png\" \/>\n<meta name=\"twitter:card\" content=\"summary_large_image\" \/>\n<meta name=\"twitter:label1\" content=\"Tiempo de lectura\" \/>\n\t<meta name=\"twitter:data1\" content=\"3 minutos\" \/>\n<script type=\"application\/ld+json\" class=\"yoast-schema-graph\">{\"@context\":\"https:\\\/\\\/schema.org\",\"@graph\":[{\"@type\":\"WebPage\",\"@id\":\"https:\\\/\\\/iai.int\\\/es\\\/step-fellowship\\\/step-conferencias-step\\\/step-conferencia-2022\\\/\",\"url\":\"https:\\\/\\\/iai.int\\\/es\\\/step-fellowship\\\/step-conferencias-step\\\/step-conferencia-2022\\\/\",\"name\":\"STeP - Conferencia 2022 - IAI - Inter-American Institute for Global Change Research\",\"isPartOf\":{\"@id\":\"https:\\\/\\\/iai.int\\\/es\\\/#website\"},\"primaryImageOfPage\":{\"@id\":\"https:\\\/\\\/iai.int\\\/es\\\/step-fellowship\\\/step-conferencias-step\\\/step-conferencia-2022\\\/#primaryimage\"},\"image\":{\"@id\":\"https:\\\/\\\/iai.int\\\/es\\\/step-fellowship\\\/step-conferencias-step\\\/step-conferencia-2022\\\/#primaryimage\"},\"thumbnailUrl\":\"https:\\\/\\\/iai.int\\\/wp-content\\\/uploads\\\/2025\\\/11\\\/Simulacion-diplomatica-16-17-noviembre-2025-Bogota-Colombia-1.png\",\"datePublished\":\"2025-10-20T23:52:09+00:00\",\"dateModified\":\"2025-11-07T17:04:34+00:00\",\"breadcrumb\":{\"@id\":\"https:\\\/\\\/iai.int\\\/es\\\/step-fellowship\\\/step-conferencias-step\\\/step-conferencia-2022\\\/#breadcrumb\"},\"inLanguage\":\"es\",\"potentialAction\":[{\"@type\":\"ReadAction\",\"target\":[\"https:\\\/\\\/iai.int\\\/es\\\/step-fellowship\\\/step-conferencias-step\\\/step-conferencia-2022\\\/\"]}]},{\"@type\":\"ImageObject\",\"inLanguage\":\"es\",\"@id\":\"https:\\\/\\\/iai.int\\\/es\\\/step-fellowship\\\/step-conferencias-step\\\/step-conferencia-2022\\\/#primaryimage\",\"url\":\"https:\\\/\\\/iai.int\\\/wp-content\\\/uploads\\\/2025\\\/11\\\/Simulacion-diplomatica-16-17-noviembre-2025-Bogota-Colombia-1.png\",\"contentUrl\":\"https:\\\/\\\/iai.int\\\/wp-content\\\/uploads\\\/2025\\\/11\\\/Simulacion-diplomatica-16-17-noviembre-2025-Bogota-Colombia-1.png\",\"width\":1772,\"height\":551},{\"@type\":\"BreadcrumbList\",\"@id\":\"https:\\\/\\\/iai.int\\\/es\\\/step-fellowship\\\/step-conferencias-step\\\/step-conferencia-2022\\\/#breadcrumb\",\"itemListElement\":[{\"@type\":\"ListItem\",\"position\":1,\"name\":\"Portada\",\"item\":\"https:\\\/\\\/iai.int\\\/es\\\/\"},{\"@type\":\"ListItem\",\"position\":2,\"name\":\"Fellowship STeP\",\"item\":\"https:\\\/\\\/iai.int\\\/es\\\/step-fellowship\\\/\"},{\"@type\":\"ListItem\",\"position\":3,\"name\":\"STeP &#8211; Conferencias STeP\",\"item\":\"https:\\\/\\\/iai.int\\\/es\\\/step-fellowship\\\/step-conferencias-step\\\/\"},{\"@type\":\"ListItem\",\"position\":4,\"name\":\"STeP &#8211; Conferencia 2022\"}]},{\"@type\":\"WebSite\",\"@id\":\"https:\\\/\\\/iai.int\\\/es\\\/#website\",\"url\":\"https:\\\/\\\/iai.int\\\/es\\\/\",\"name\":\"IAI - Inter-American Institute for Global Change Research\",\"description\":\"\",\"publisher\":{\"@id\":\"https:\\\/\\\/iai.int\\\/es\\\/#organization\"},\"potentialAction\":[{\"@type\":\"SearchAction\",\"target\":{\"@type\":\"EntryPoint\",\"urlTemplate\":\"https:\\\/\\\/iai.int\\\/es\\\/?s={search_term_string}\"},\"query-input\":{\"@type\":\"PropertyValueSpecification\",\"valueRequired\":true,\"valueName\":\"search_term_string\"}}],\"inLanguage\":\"es\"},{\"@type\":\"Organization\",\"@id\":\"https:\\\/\\\/iai.int\\\/es\\\/#organization\",\"name\":\"IAI - Inter-American Institute for Global Change Research\",\"url\":\"https:\\\/\\\/iai.int\\\/es\\\/\",\"logo\":{\"@type\":\"ImageObject\",\"inLanguage\":\"es\",\"@id\":\"https:\\\/\\\/iai.int\\\/es\\\/#\\\/schema\\\/logo\\\/image\\\/\",\"url\":\"https:\\\/\\\/iai.int\\\/wp-content\\\/uploads\\\/2025\\\/11\\\/IAI-logo-English-scaled.png\",\"contentUrl\":\"https:\\\/\\\/iai.int\\\/wp-content\\\/uploads\\\/2025\\\/11\\\/IAI-logo-English-scaled.png\",\"width\":2560,\"height\":985,\"caption\":\"IAI - Inter-American Institute for Global Change Research\"},\"image\":{\"@id\":\"https:\\\/\\\/iai.int\\\/es\\\/#\\\/schema\\\/logo\\\/image\\\/\"}}]}<\/script>\n<!-- \/ Yoast SEO plugin. -->","yoast_head_json":{"title":"STeP - Conferencia 2022 - IAI - Inter-American Institute for Global Change Research","robots":{"index":"index","follow":"follow","max-snippet":"max-snippet:-1","max-image-preview":"max-image-preview:large","max-video-preview":"max-video-preview:-1"},"canonical":"https:\/\/iai.int\/es\/step-fellowship\/step-conferencias-step\/step-conferencia-2022\/","og_locale":"es_ES","og_type":"article","og_title":"STeP - Conferencia 2022 - IAI - Inter-American Institute for Global Change Research","og_description":"Taller sobre liderazgo para la diplomacia cient\u00edfica 2022 La primera reuni\u00f3n presencial de la red interamericana de becarios del Programa de becas de ciencia, tecnolog\u00eda y pol\u00edtica (STeP) del IAI se llev\u00f3 a cabo del 12 al 15 de noviembre de 2022 en Punta del Este y Montevideo, Uruguay. Agenda y resultados El Taller de [&hellip;]","og_url":"https:\/\/iai.int\/es\/step-fellowship\/step-conferencias-step\/step-conferencia-2022\/","og_site_name":"IAI - Inter-American Institute for Global Change Research","article_modified_time":"2025-11-07T17:04:34+00:00","og_image":[{"width":1772,"height":551,"url":"https:\/\/iai.int\/wp-content\/uploads\/2025\/11\/Simulacion-diplomatica-16-17-noviembre-2025-Bogota-Colombia-1.png","type":"image\/png"}],"twitter_card":"summary_large_image","twitter_misc":{"Tiempo de lectura":"3 minutos"},"schema":{"@context":"https:\/\/schema.org","@graph":[{"@type":"WebPage","@id":"https:\/\/iai.int\/es\/step-fellowship\/step-conferencias-step\/step-conferencia-2022\/","url":"https:\/\/iai.int\/es\/step-fellowship\/step-conferencias-step\/step-conferencia-2022\/","name":"STeP - Conferencia 2022 - IAI - Inter-American Institute for Global Change Research","isPartOf":{"@id":"https:\/\/iai.int\/es\/#website"},"primaryImageOfPage":{"@id":"https:\/\/iai.int\/es\/step-fellowship\/step-conferencias-step\/step-conferencia-2022\/#primaryimage"},"image":{"@id":"https:\/\/iai.int\/es\/step-fellowship\/step-conferencias-step\/step-conferencia-2022\/#primaryimage"},"thumbnailUrl":"https:\/\/iai.int\/wp-content\/uploads\/2025\/11\/Simulacion-diplomatica-16-17-noviembre-2025-Bogota-Colombia-1.png","datePublished":"2025-10-20T23:52:09+00:00","dateModified":"2025-11-07T17:04:34+00:00","breadcrumb":{"@id":"https:\/\/iai.int\/es\/step-fellowship\/step-conferencias-step\/step-conferencia-2022\/#breadcrumb"},"inLanguage":"es","potentialAction":[{"@type":"ReadAction","target":["https:\/\/iai.int\/es\/step-fellowship\/step-conferencias-step\/step-conferencia-2022\/"]}]},{"@type":"ImageObject","inLanguage":"es","@id":"https:\/\/iai.int\/es\/step-fellowship\/step-conferencias-step\/step-conferencia-2022\/#primaryimage","url":"https:\/\/iai.int\/wp-content\/uploads\/2025\/11\/Simulacion-diplomatica-16-17-noviembre-2025-Bogota-Colombia-1.png","contentUrl":"https:\/\/iai.int\/wp-content\/uploads\/2025\/11\/Simulacion-diplomatica-16-17-noviembre-2025-Bogota-Colombia-1.png","width":1772,"height":551},{"@type":"BreadcrumbList","@id":"https:\/\/iai.int\/es\/step-fellowship\/step-conferencias-step\/step-conferencia-2022\/#breadcrumb","itemListElement":[{"@type":"ListItem","position":1,"name":"Portada","item":"https:\/\/iai.int\/es\/"},{"@type":"ListItem","position":2,"name":"Fellowship STeP","item":"https:\/\/iai.int\/es\/step-fellowship\/"},{"@type":"ListItem","position":3,"name":"STeP &#8211; Conferencias STeP","item":"https:\/\/iai.int\/es\/step-fellowship\/step-conferencias-step\/"},{"@type":"ListItem","position":4,"name":"STeP &#8211; Conferencia 2022"}]},{"@type":"WebSite","@id":"https:\/\/iai.int\/es\/#website","url":"https:\/\/iai.int\/es\/","name":"IAI - Inter-American Institute for Global Change Research","description":"","publisher":{"@id":"https:\/\/iai.int\/es\/#organization"},"potentialAction":[{"@type":"SearchAction","target":{"@type":"EntryPoint","urlTemplate":"https:\/\/iai.int\/es\/?s={search_term_string}"},"query-input":{"@type":"PropertyValueSpecification","valueRequired":true,"valueName":"search_term_string"}}],"inLanguage":"es"},{"@type":"Organization","@id":"https:\/\/iai.int\/es\/#organization","name":"IAI - Inter-American Institute for Global Change Research","url":"https:\/\/iai.int\/es\/","logo":{"@type":"ImageObject","inLanguage":"es","@id":"https:\/\/iai.int\/es\/#\/schema\/logo\/image\/","url":"https:\/\/iai.int\/wp-content\/uploads\/2025\/11\/IAI-logo-English-scaled.png","contentUrl":"https:\/\/iai.int\/wp-content\/uploads\/2025\/11\/IAI-logo-English-scaled.png","width":2560,"height":985,"caption":"IAI - Inter-American Institute for Global Change Research"},"image":{"@id":"https:\/\/iai.int\/es\/#\/schema\/logo\/image\/"}}]}},"uagb_featured_image_src":{"full":["https:\/\/iai.int\/wp-content\/uploads\/2025\/11\/Simulacion-diplomatica-16-17-noviembre-2025-Bogota-Colombia-1.png",1772,551,false],"thumbnail":["https:\/\/iai.int\/wp-content\/uploads\/2025\/11\/Simulacion-diplomatica-16-17-noviembre-2025-Bogota-Colombia-1-150x150.png",150,150,true],"medium":["https:\/\/iai.int\/wp-content\/uploads\/2025\/11\/Simulacion-diplomatica-16-17-noviembre-2025-Bogota-Colombia-1-300x93.png",300,93,true],"medium_large":["https:\/\/iai.int\/wp-content\/uploads\/2025\/11\/Simulacion-diplomatica-16-17-noviembre-2025-Bogota-Colombia-1-768x239.png",768,239,true],"large":["https:\/\/iai.int\/wp-content\/uploads\/2025\/11\/Simulacion-diplomatica-16-17-noviembre-2025-Bogota-Colombia-1-1024x318.png",800,248,true],"1536x1536":["https:\/\/iai.int\/wp-content\/uploads\/2025\/11\/Simulacion-diplomatica-16-17-noviembre-2025-Bogota-Colombia-1-1536x478.png",1536,478,true],"2048x2048":["https:\/\/iai.int\/wp-content\/uploads\/2025\/11\/Simulacion-diplomatica-16-17-noviembre-2025-Bogota-Colombia-1.png",1772,551,false]},"uagb_author_info":{"display_name":"admin","author_link":"https:\/\/iai.int\/es\/author\/admin\/"},"uagb_comment_info":0,"uagb_excerpt":"Taller sobre liderazgo para la diplomacia cient\u00edfica 2022 La primera reuni\u00f3n presencial de la red interamericana de becarios del Programa de becas de ciencia, tecnolog\u00eda y pol\u00edtica (STeP) del IAI se llev\u00f3 a cabo del 12 al 15 de noviembre de 2022 en Punta del Este y Montevideo, Uruguay. Agenda y resultados El Taller de&hellip;","_links":{"self":[{"href":"https:\/\/iai.int\/es\/wp-json\/wp\/v2\/pages\/8353","targetHints":{"allow":["GET"]}}],"collection":[{"href":"https:\/\/iai.int\/es\/wp-json\/wp\/v2\/pages"}],"about":[{"href":"https:\/\/iai.int\/es\/wp-json\/wp\/v2\/types\/page"}],"author":[{"embeddable":true,"href":"https:\/\/iai.int\/es\/wp-json\/wp\/v2\/users\/1"}],"replies":[{"embeddable":true,"href":"https:\/\/iai.int\/es\/wp-json\/wp\/v2\/comments?post=8353"}],"version-history":[{"count":3,"href":"https:\/\/iai.int\/es\/wp-json\/wp\/v2\/pages\/8353\/revisions"}],"predecessor-version":[{"id":10900,"href":"https:\/\/iai.int\/es\/wp-json\/wp\/v2\/pages\/8353\/revisions\/10900"}],"up":[{"embeddable":true,"href":"https:\/\/iai.int\/es\/wp-json\/wp\/v2\/pages\/8344"}],"wp:featuredmedia":[{"embeddable":true,"href":"https:\/\/iai.int\/es\/wp-json\/wp\/v2\/media\/10898"}],"wp:attachment":[{"href":"https:\/\/iai.int\/es\/wp-json\/wp\/v2\/media?parent=8353"}],"curies":[{"name":"wp","href":"https:\/\/api.w.org\/{rel}","templated":true}]}}