{"id":8338,"date":"2025-10-20T18:14:05","date_gmt":"2025-10-20T23:14:05","guid":{"rendered":"https:\/\/iai.int\/?page_id=8338"},"modified":"2025-11-05T14:48:15","modified_gmt":"2025-11-05T19:48:15","slug":"step-impacto","status":"publish","type":"page","link":"https:\/\/iai.int\/es\/step-fellowship\/step-impacto\/","title":{"rendered":"STeP &#8211; Impacto"},"content":{"rendered":"\n<p><\/p>\n\n\n\n<p><\/p>\n\n\n\n<h4 class=\"wp-block-heading\">Desarrollo institucional<\/h4>\n\n\n\n<p><\/p>\n\n\n\n<p>La institucionalizaci\u00f3n de la toma de decisiones informadas por evidencia es clave para enfrentar los desaf\u00edos del cambio ambiental global. Como programa del IAI, STeP impulsa este proceso mediante enfoques transdisciplinarios que incluyen m\u00e9todos participativos y orientados a soluciones para la colaboraci\u00f3n entre disciplinas y sectores. Adem\u00e1s, STeP promueve la competitividad, las redes y las colaboraciones <strong>a nivel institucional<\/strong> entre sectores y pa\u00edses de las Am\u00e9ricas.<\/p>\n\n\n\n<p>Cada<em> fellow<\/em> desarrolla e implementa un plan de trabajo o investigaci\u00f3n, definido junto con los supervisores de su instituci\u00f3n anfitriona, que contribuye al proceso de elaboraci\u00f3n de pol\u00edticas o toma de decisiones y se alinea con los objetivos y prioridades de las agendas nacionales y regionales.&nbsp; El IAI acompa\u00f1a y respalda este trabajo a trav\u00e9s del programa de desarrollo profesional.<\/p>\n\n\n\n<p><\/p>\n\n\n\n<p><\/p>\n\n\n\n<h4 class=\"wp-block-heading\">Desarrollo profesional: Construyendo habilidades de poder en la pr\u00f3xima generaci\u00f3n de asesores cient\u00edficos en las Am\u00e9ricas<\/h4>\n\n\n\n<p>STeP es el primer programa de <em>fellowship<\/em> de Ciencia, Tecnolog\u00eda y Pol\u00edticas implementado a nivel regional en las Am\u00e9ricas. La Direcci\u00f3n del IAI ofrece un programa de desarrollo profesional de dos a\u00f1os a trav\u00e9s de capacitaci\u00f3n virtual y presencial. El programa se centra en tres pilares de formaci\u00f3n: diplomacia cient\u00edfica, comunicaci\u00f3n, liderazgo y enfoques transdisciplinarios.<\/p>\n\n\n\n<p>Las actividades se llevan a cabo con expertos de todas las Am\u00e9ricas y exploran la diversidad de oportunidades y desaf\u00edos que enfrenta la regi\u00f3n.<\/p>\n\n\n\n<div style=\"height:24px\" aria-hidden=\"true\" class=\"wp-block-spacer\"><\/div>\n\n\n\n<p><em><strong>Pilares de formaci\u00f3n de STeP<\/strong><\/em><\/p>\n\n\n\n<ul class=\"wp-block-list\">\n<li><strong>DIPLOMACIA CIENT\u00cdFICA<\/strong>: Comprender las conexiones entre ciencia, tecnolog\u00eda y diplomacia, examinando las din\u00e1micas de poder involucradas y las aplicaciones reales de la diplomacia cient\u00edfica.&nbsp; Explicar el papel de la ciencia y la tecnolog\u00eda en la configuraci\u00f3n de las pol\u00edticas p\u00fablicas, destacando el impacto social de las iniciativas de innovaci\u00f3n y las dimensiones geopol\u00edticas de la diplomacia de la innovaci\u00f3n en Am\u00e9rica Latina.<\/li>\n\n\n\n<li><strong>COMUNICACI\u00d3N<\/strong>: Sintetizar la informaci\u00f3n cient\u00edfica para informar las pol\u00edticas y la pr\u00e1ctica del cambio medioambiental global. Desarrollar t\u00e9cnicas para una comunicaci\u00f3n cre\u00edble, clara y coherente que sea comprendida por un p\u00fablico no acad\u00e9mico.<\/li>\n\n\n\n<li><strong>LIDERAZGO<\/strong>: Fomentar habilidades para trabajar en colaboraci\u00f3n con diversos actores no acad\u00e9micos a trav\u00e9s de enfoques transdisciplinarios con el fin de poner a servicio la evidencia cient\u00edfica y as\u00ed informar los procesos de decisi\u00f3n y la elaboraci\u00f3n de pol\u00edticas m\u00e1s equitativas y sostenibles.&nbsp;.<\/li>\n<\/ul>\n\n\n\n<div style=\"height:50px\" aria-hidden=\"true\" class=\"wp-block-spacer\"><\/div>\n\n\n\n<p><strong>Declaraci\u00f3n de Liderazgo STeP<\/strong><\/p>\n\n\n\n<figure class=\"wp-block-embed is-type-video is-provider-youtube wp-block-embed-youtube wp-embed-aspect-16-9 wp-has-aspect-ratio\"><div class=\"wp-block-embed__wrapper\">\n<iframe title=\"IAI STeP Fellows Statement on Leadership\" width=\"800\" height=\"450\" src=\"https:\/\/www.youtube.com\/embed\/xKqiPBvzsOY?feature=oembed\" frameborder=\"0\" allow=\"accelerometer; autoplay; clipboard-write; encrypted-media; gyroscope; picture-in-picture; web-share\" referrerpolicy=\"strict-origin-when-cross-origin\" allowfullscreen><\/iframe>\n<\/div><\/figure>\n\n\n\n<div style=\"height:50px\" aria-hidden=\"true\" class=\"wp-block-spacer\"><\/div>\n\n\n\n<h4 class=\"wp-block-heading\">Proyectos de Diplomacia Cient\u00edfica<\/h4>\n\n\n\n<p><strong>STeP Proyectos del Grupo de Diplomacia Cient\u00edfica 2023-2024<\/strong><\/p>\n\n\n\n<p>Acerca de los proyectos grupales:<\/p>\n\n\n\n<p>Los fellows de STeP tienen la oportunidad \u00fanica de interactuar con la red interamericana y aplicar los conceptos discutidos en sesiones virtuales de capacitaci\u00f3n en diplomacia cient\u00edfica y comunicaci\u00f3n a trav\u00e9s de proyectos grupales.<\/p>\n\n\n\n<p>Los fellows trabajan en equipos multidisciplinarios y de varios pa\u00edses para:<\/p>\n\n\n\n<ul class=\"wp-block-list\">\n<li>Practicar habilidades de comunicaci\u00f3n, trabajo en equipo y liderazgo y desarrollar un producto para ayudar a promover un tema o asunto de diplomacia cient\u00edfica de inter\u00e9s com\u00fan en las Am\u00e9ricas, alineado con la agenda cient\u00edfica y las prioridades del IAI y\/o los socios del programa, incluidas las instituciones anfitrionas.<\/li>\n\n\n\n<li>Identificar los desaf\u00edos y las \u00e1reas de oportunidad para mejorar la interfaz entre ciencia y diplomacia desde la perspectiva de los pa\u00edses y el trabajo de los fellows.<\/li>\n\n\n\n<li>Desarrollar conocimientos, herramientas, habilidades pr\u00e1cticas y redes relevantes para el contexto para abordar cuestiones transfronterizas y regionales del cambio global en las Am\u00e9ricas.<\/li>\n<\/ul>\n\n\n\n<div style=\"height:50px\" aria-hidden=\"true\" class=\"wp-block-spacer\"><\/div>\n\n\n\n<p><strong>2023-2024 Topics<\/strong><\/p>\n\n\n\n<figure class=\"wp-block-table\"><table class=\"has-fixed-layout\"><tbody><tr><td><img decoding=\"async\" src=\"https:\/\/lh7-rt.googleusercontent.com\/docsz\/AD_4nXeSMErS4mqoToQZMrN-Jt0e7jME2YKCASFUL4_nGJvnMen81qm8s5NbPU4eS_GnOE5KxDgfzNL4Sp7G5gNxhjnBdknoirGqroVHLZgMWYOIjzhNaD9_W7d_EifY69VEeXOEkgEq11zeLmAFJRx7AZ3KZEu6?key=kQ5q5PdC1N6y1sYPBaIcqA\" alt=\"\"><\/td><td><img decoding=\"async\" src=\"https:\/\/lh7-rt.googleusercontent.com\/docsz\/AD_4nXchmyswM-tH-6doBbtSU7S-P_IJ0Gv6NVp0x-vZA1WA_I7JAwMmJJQMAhUKwUiAEx0QiZwjRakAlULuho-x7vymr3nXhalOL6gPkjko-k_-joE0yBQlwppAWDIURne9-lD3KF059nZU8YytsT8tS7yclcU?key=kQ5q5PdC1N6y1sYPBaIcqA\" alt=\"\"><\/td><td><img decoding=\"async\" src=\"https:\/\/lh7-rt.googleusercontent.com\/docsz\/AD_4nXe3YJBa0Fy5ot71wdSwQeWA2k7kQue0K1qv7_M7HSd22ILxiDQvuFTyTpT76YN8GLXooi2-Mhm0jSq_4fmZIrykMTVShfNJop37wkMlVvjA8TrIrR6GDQ9j6SEmKGfk6BT6CMgQxppZnpoA92UQKXYlMK_2?key=kQ5q5PdC1N6y1sYPBaIcqA\" alt=\"\"><\/td><td><img decoding=\"async\" src=\"https:\/\/lh7-rt.googleusercontent.com\/docsz\/AD_4nXdmz5Oli8wO_fgvT0c1HmHUk2O0-Ji-onU_ySSMmd2wQwPQbwoH6VRDX8WrpFgQ2cmCfT_IThfl7SuvCMEx_kMLO8nLAqEjEhMLNGCIUwtasHVXfmUuwPquL2mAQSpsa3MCmdHNwL9PoCkJ3T9U7bHAbx0i?key=kQ5q5PdC1N6y1sYPBaIcqA\" alt=\"\"><\/td><\/tr><tr><td><strong>Grupo 1: <\/strong>Reuni\u00f3n de partes interesadas de la Conferencia de las Naciones Unidas sobre los Oc\u00e9anos (ONUC).<\/td><td><strong>Grupo 2:<\/strong> El Ni\u00f1o y la agricultura en el Caribe y Am\u00e9rica Central: Explorando las implicaciones para la seguridad alimentaria.<\/td><td><strong>Grupo 3:<\/strong> An\u00e1lisis de los comit\u00e9s de comunidades locales y pueblos ind\u00edgenas en organismos internacionales\/ multilaterales.<\/td><td><strong>Grupo 4:<\/strong> Un marco panamericano de diplomacia cient\u00edfica sobre inteligencia artificial para el cambio clim\u00e1tico.<\/td><\/tr><\/tbody><\/table><\/figure>\n\n\n\n<figure class=\"wp-block-table\"><table class=\"has-fixed-layout\"><tbody><tr><td><img decoding=\"async\" src=\"http:\/\/iai.int\/wp-content\/uploads\/2025\/10\/grupo5-1024x1024.png\" alt=\"\"><\/td><td><img decoding=\"async\" src=\"http:\/\/iai.int\/wp-content\/uploads\/2025\/10\/grupo6-1024x1024.png\" alt=\"\"><\/td><td><img decoding=\"async\" src=\"http:\/\/iai.int\/wp-content\/uploads\/2025\/10\/grupo7-1024x1024.png\" alt=\"\"><\/td><td><img decoding=\"async\" src=\"http:\/\/iai.int\/wp-content\/uploads\/2025\/10\/grupo8-1024x1024.png\" alt=\"\"><\/td><\/tr><tr><td><strong>Grupo 5: <\/strong>Acceso limitado a la atenci\u00f3n de salud en comunidades ind\u00edgenas rurales de Oaxaca: recomendaciones de \u201cUna Salud\u201d para atender p\u00e9rdidas y da\u00f1os no econ\u00f3micos (<a href=\"https:\/\/latinoamerica21.com\/en\/one-health-as-a-pillar-of-the-loss-and-damage-fund\/\" target=\"_blank\" rel=\"noreferrer noopener\">Art\u00edculo<\/a>).<\/td><td><strong>Grupo 6:<\/strong> Infraestructura verde urbana para la adaptaci\u00f3n clim\u00e1tica en Am\u00e9rica Latina y el Caribe.<\/td><td><strong>Grupo 7:<\/strong> Gobernanza para la provisi\u00f3n de evidencia en la acci\u00f3n clim\u00e1tica y su diversidad. Los casos de Chile y Bolivia.<\/td><td><strong>Grupo 8:<\/strong> El impacto de la Declaraci\u00f3n de Bel\u00e9m en las comunidades ind\u00edgenas y el uso de los recursos naturales.<\/td><\/tr><\/tbody><\/table><\/figure>\n\n\n\n<p>Para conocer m\u00e1s detalles sobre cada proyecto, haga <strong><a href=\"https:\/\/drive.google.com\/file\/d\/1x7QK58-h9Yn9ftthlZEPy2dMr_P3_diy\/view?usp=drive_link\" target=\"_blank\" rel=\"noreferrer noopener\">clic aqu\u00ed<\/a><\/strong> para ver la presentaci\u00f3n en la <a href=\"https:\/\/iai.int\/es\/conferencias-step\/\" data-type=\"page\" data-id=\"2007\"><strong>Conferencia de Liderazgo STeP 2024<\/strong><\/a><strong> <\/strong>en la Universidad del Valle Guatemala como parte del evento <a href=\"https:\/\/iai.int\/es\/cambio-climatico-salud-y-politicas-publicas-evidencias-desde-lancet-countdown\/\" data-type=\"post\" data-id=\"2019\"><strong>\u201cFortaleciendo el nexo entre cambio clim\u00e1tico, salud y pol\u00edticas p\u00fablicas: evidencia de Lancet Countdown Latinoam\u00e9rica y el IAI\u201d<\/strong><\/a>.<\/p>\n\n\n\n<figure class=\"wp-block-table\"><table class=\"has-fixed-layout\"><tbody><tr><td><img decoding=\"async\" src=\"https:\/\/lh7-rt.googleusercontent.com\/docsz\/AD_4nXcYtjssvOj2vsg1Et2s4gqz4o-Ghyzv98X_jZh9c1aBMlSC-35enZ0_eYY28I4m4GeH2yy09bCaoHc6kBF1NLmMDwJ5vRyWaun0iCgHTS6tdWm3X0Ujv0c64oidkCdRBy2vp3qO8xuVph_xB2mQFDY01NA?key=kQ5q5PdC1N6y1sYPBaIcqA\" alt=\"\"><\/td><td><img decoding=\"async\" src=\"https:\/\/lh7-rt.googleusercontent.com\/docsz\/AD_4nXdO3zVsPdjrStZvxMO4fDTgDT5kgl3fQpYlWxbaYg4lYu4Ib7A6QrM4NEalI19Ve-RBQVXlUMINKOycTCE7qwgyiAEAXKVH0ZJ5jBfZcnwVSo5n0YYn6XSlyiBrgF9W5wDew_TNHiHsROWMzkXvse43idpR?key=kQ5q5PdC1N6y1sYPBaIcqA\" alt=\"\"><\/td><\/tr><tr><td><img decoding=\"async\" src=\"https:\/\/lh7-rt.googleusercontent.com\/docsz\/AD_4nXdSyc5Man_XjoXwEGn7sf6kLOA3w1BnJh4yJzjlYG2JDFSSuoo5jBb6yMTBeFIa-GIUIo5CLTbD7sqvh1o7oTSCc-C2_mFneqrcfj2vQFzapQB4sHVLj5Ku-1CakHBUFV2XDWDdW3q7yl0rMZ9yt9XzabS8?key=kQ5q5PdC1N6y1sYPBaIcqA\" alt=\"\"><\/td><td><img decoding=\"async\" src=\"https:\/\/lh7-rt.googleusercontent.com\/docsz\/AD_4nXekiieq1s-d28VHquAZ-if1FQLgVd-8jIyqr_Xo8P6TVBGTTWA5oaDXuOQvQjqou1cbjDgSftRfzr6VfrujS3TMPsD7fSxWFuaEGuwWkgzsrLKYPaD4aARv6X9pMttvh2K0wI_Cc2nbnEJhoIBGZgAGu6oo?key=kQ5q5PdC1N6y1sYPBaIcqA\" alt=\"\"><\/td><\/tr><tr><td><img decoding=\"async\" src=\"https:\/\/lh7-rt.googleusercontent.com\/docsz\/AD_4nXfu4axXabN19YH4D1OmSVHdgCndEH-pxEj9ae0--IGFy4pQbjzbIIjbIkYLVC9lQjtS3rNpvRoAX-IqKxtIsYEwRl3nnxYRYRVVlezi4P9dvbdiOFmy5UdByUS6_hL__KoaDYQMunzNn4q8z1MfSIH1_ta7?key=kQ5q5PdC1N6y1sYPBaIcqA\" alt=\"\"><\/td><td><img decoding=\"async\" src=\"https:\/\/lh7-rt.googleusercontent.com\/docsz\/AD_4nXd_XTcVP4h9CktODG5uUiVqFb1DCR7kDcTEhUBSaS7bLQjGGsLwq8aZ7ZLXE6fCUvjj-m6Bdg8Sn4eJnqoikDkXl98NpGnkJ0dvJuw3r84BprQVvcBUtV-rh-dwgYkP7WNG6WP-RKqatFm_UxQ3_M1KMb24?key=kQ5q5PdC1N6y1sYPBaIcqA\" alt=\"\"><\/td><\/tr><tr><td><img decoding=\"async\" src=\"https:\/\/lh7-rt.googleusercontent.com\/docsz\/AD_4nXe1LoNhBqhOA8sn4yywL1oYp5BuDpo0dJpHgUiju15XxpIseTz9x08dtWqzPy8_gCODjEOf_uErHDq_vOBE7NlSryTs4ml_jZ4JAr08VzoPEiOHqUIiT2T1eKABzrmJfZlYgNVnzdeercqZTeqCkVrOcHCG?key=kQ5q5PdC1N6y1sYPBaIcqA\" alt=\"\"><\/td><td><img decoding=\"async\" src=\"https:\/\/lh7-rt.googleusercontent.com\/docsz\/AD_4nXfaRvvoWQU5aeeWiYySkxQQH7S7op165MLvNCKhkYjFGlYDVyupnby0DQ73T06WjBUuOjR3TUy4ZjLs4rhf_xbtx0I0C1Qxn4sICPe7aTA9XrnQ81wgnO2qagBmvK9_BZEsUA87bUfbTNW9eOAqQlrWlyH1?key=kQ5q5PdC1N6y1sYPBaIcqA\" alt=\"\"><\/td><\/tr><\/tbody><\/table><\/figure>\n\n\n\n<div style=\"height:50px\" aria-hidden=\"true\" class=\"wp-block-spacer\"><\/div>\n\n\n\n<p><strong>Testimonios<\/strong><\/p>\n\n\n\n<figure class=\"wp-block-embed is-type-video is-provider-youtube wp-block-embed-youtube wp-embed-aspect-16-9 wp-has-aspect-ratio\"><div class=\"wp-block-embed__wrapper\">\n<iframe title=\"The STeP Fellowship Experience: Finding Hope\" width=\"800\" height=\"450\" src=\"https:\/\/www.youtube.com\/embed\/CCnZyaHFcTc?feature=oembed\" frameborder=\"0\" allow=\"accelerometer; autoplay; clipboard-write; encrypted-media; gyroscope; picture-in-picture; web-share\" referrerpolicy=\"strict-origin-when-cross-origin\" allowfullscreen><\/iframe>\n<\/div><\/figure>\n","protected":false},"excerpt":{"rendered":"<p>Desarrollo institucional La institucionalizaci\u00f3n de la toma de decisiones informadas por evidencia es clave para enfrentar los desaf\u00edos del cambio ambiental global. Como programa del IAI, STeP impulsa este proceso mediante enfoques transdisciplinarios que incluyen m\u00e9todos participativos y orientados a soluciones para la colaboraci\u00f3n entre disciplinas y sectores. Adem\u00e1s, STeP promueve la competitividad, las redes [&hellip;]<\/p>\n","protected":false},"author":1,"featured_media":8537,"parent":372,"menu_order":0,"comment_status":"closed","ping_status":"closed","template":"","meta":{"_acf_changed":false,"_uag_custom_page_level_css":"","footnotes":""},"class_list":["post-8338","page","type-page","status-publish","has-post-thumbnail","hentry"],"acf":[],"yoast_head":"<!-- This site is optimized with the Yoast SEO plugin v27.3 - https:\/\/yoast.com\/product\/yoast-seo-wordpress\/ -->\n<title>STeP - Impacto - IAI - Inter-American Institute for Global Change Research<\/title>\n<meta name=\"robots\" content=\"index, follow, max-snippet:-1, max-image-preview:large, max-video-preview:-1\" \/>\n<link rel=\"canonical\" href=\"https:\/\/iai.int\/es\/step-fellowship\/step-impacto\/\" \/>\n<meta property=\"og:locale\" content=\"es_ES\" \/>\n<meta property=\"og:type\" content=\"article\" \/>\n<meta property=\"og:title\" content=\"STeP - Impacto - IAI - Inter-American Institute for Global Change Research\" \/>\n<meta property=\"og:description\" content=\"Desarrollo institucional La institucionalizaci\u00f3n de la toma de decisiones informadas por evidencia es clave para enfrentar los desaf\u00edos del cambio ambiental global. Como programa del IAI, STeP impulsa este proceso mediante enfoques transdisciplinarios que incluyen m\u00e9todos participativos y orientados a soluciones para la colaboraci\u00f3n entre disciplinas y sectores. Adem\u00e1s, STeP promueve la competitividad, las redes [&hellip;]\" \/>\n<meta property=\"og:url\" content=\"https:\/\/iai.int\/es\/step-fellowship\/step-impacto\/\" \/>\n<meta property=\"og:site_name\" content=\"IAI - Inter-American Institute for Global Change Research\" \/>\n<meta property=\"article:modified_time\" content=\"2025-11-05T19:48:15+00:00\" \/>\n<meta property=\"og:image\" content=\"https:\/\/iai.int\/wp-content\/uploads\/2025\/10\/step-1024x318.png\" \/>\n\t<meta property=\"og:image:width\" content=\"1024\" \/>\n\t<meta property=\"og:image:height\" content=\"318\" \/>\n\t<meta property=\"og:image:type\" content=\"image\/png\" \/>\n<meta name=\"twitter:card\" content=\"summary_large_image\" \/>\n<meta name=\"twitter:label1\" content=\"Tiempo de lectura\" \/>\n\t<meta name=\"twitter:data1\" content=\"4 minutos\" \/>\n<script type=\"application\/ld+json\" class=\"yoast-schema-graph\">{\"@context\":\"https:\\\/\\\/schema.org\",\"@graph\":[{\"@type\":\"WebPage\",\"@id\":\"https:\\\/\\\/iai.int\\\/es\\\/step-fellowship\\\/step-impacto\\\/\",\"url\":\"https:\\\/\\\/iai.int\\\/es\\\/step-fellowship\\\/step-impacto\\\/\",\"name\":\"STeP - Impacto - IAI - Inter-American Institute for Global Change Research\",\"isPartOf\":{\"@id\":\"https:\\\/\\\/iai.int\\\/es\\\/#website\"},\"primaryImageOfPage\":{\"@id\":\"https:\\\/\\\/iai.int\\\/es\\\/step-fellowship\\\/step-impacto\\\/#primaryimage\"},\"image\":{\"@id\":\"https:\\\/\\\/iai.int\\\/es\\\/step-fellowship\\\/step-impacto\\\/#primaryimage\"},\"thumbnailUrl\":\"https:\\\/\\\/iai.int\\\/wp-content\\\/uploads\\\/2025\\\/10\\\/step.png\",\"datePublished\":\"2025-10-20T23:14:05+00:00\",\"dateModified\":\"2025-11-05T19:48:15+00:00\",\"breadcrumb\":{\"@id\":\"https:\\\/\\\/iai.int\\\/es\\\/step-fellowship\\\/step-impacto\\\/#breadcrumb\"},\"inLanguage\":\"es\",\"potentialAction\":[{\"@type\":\"ReadAction\",\"target\":[\"https:\\\/\\\/iai.int\\\/es\\\/step-fellowship\\\/step-impacto\\\/\"]}]},{\"@type\":\"ImageObject\",\"inLanguage\":\"es\",\"@id\":\"https:\\\/\\\/iai.int\\\/es\\\/step-fellowship\\\/step-impacto\\\/#primaryimage\",\"url\":\"https:\\\/\\\/iai.int\\\/wp-content\\\/uploads\\\/2025\\\/10\\\/step.png\",\"contentUrl\":\"https:\\\/\\\/iai.int\\\/wp-content\\\/uploads\\\/2025\\\/10\\\/step.png\",\"width\":1772,\"height\":551},{\"@type\":\"BreadcrumbList\",\"@id\":\"https:\\\/\\\/iai.int\\\/es\\\/step-fellowship\\\/step-impacto\\\/#breadcrumb\",\"itemListElement\":[{\"@type\":\"ListItem\",\"position\":1,\"name\":\"Portada\",\"item\":\"https:\\\/\\\/iai.int\\\/es\\\/\"},{\"@type\":\"ListItem\",\"position\":2,\"name\":\"Fellowship STeP\",\"item\":\"https:\\\/\\\/iai.int\\\/es\\\/step-fellowship\\\/\"},{\"@type\":\"ListItem\",\"position\":3,\"name\":\"STeP &#8211; Impacto\"}]},{\"@type\":\"WebSite\",\"@id\":\"https:\\\/\\\/iai.int\\\/es\\\/#website\",\"url\":\"https:\\\/\\\/iai.int\\\/es\\\/\",\"name\":\"IAI - Inter-American Institute for Global Change Research\",\"description\":\"\",\"publisher\":{\"@id\":\"https:\\\/\\\/iai.int\\\/es\\\/#organization\"},\"potentialAction\":[{\"@type\":\"SearchAction\",\"target\":{\"@type\":\"EntryPoint\",\"urlTemplate\":\"https:\\\/\\\/iai.int\\\/es\\\/?s={search_term_string}\"},\"query-input\":{\"@type\":\"PropertyValueSpecification\",\"valueRequired\":true,\"valueName\":\"search_term_string\"}}],\"inLanguage\":\"es\"},{\"@type\":\"Organization\",\"@id\":\"https:\\\/\\\/iai.int\\\/es\\\/#organization\",\"name\":\"IAI - Inter-American Institute for Global Change Research\",\"url\":\"https:\\\/\\\/iai.int\\\/es\\\/\",\"logo\":{\"@type\":\"ImageObject\",\"inLanguage\":\"es\",\"@id\":\"https:\\\/\\\/iai.int\\\/es\\\/#\\\/schema\\\/logo\\\/image\\\/\",\"url\":\"https:\\\/\\\/iai.int\\\/wp-content\\\/uploads\\\/2025\\\/11\\\/IAI-logo-English-scaled.png\",\"contentUrl\":\"https:\\\/\\\/iai.int\\\/wp-content\\\/uploads\\\/2025\\\/11\\\/IAI-logo-English-scaled.png\",\"width\":2560,\"height\":985,\"caption\":\"IAI - Inter-American Institute for Global Change Research\"},\"image\":{\"@id\":\"https:\\\/\\\/iai.int\\\/es\\\/#\\\/schema\\\/logo\\\/image\\\/\"}}]}<\/script>\n<!-- \/ Yoast SEO plugin. -->","yoast_head_json":{"title":"STeP - Impacto - IAI - Inter-American Institute for Global Change Research","robots":{"index":"index","follow":"follow","max-snippet":"max-snippet:-1","max-image-preview":"max-image-preview:large","max-video-preview":"max-video-preview:-1"},"canonical":"https:\/\/iai.int\/es\/step-fellowship\/step-impacto\/","og_locale":"es_ES","og_type":"article","og_title":"STeP - Impacto - IAI - Inter-American Institute for Global Change Research","og_description":"Desarrollo institucional La institucionalizaci\u00f3n de la toma de decisiones informadas por evidencia es clave para enfrentar los desaf\u00edos del cambio ambiental global. Como programa del IAI, STeP impulsa este proceso mediante enfoques transdisciplinarios que incluyen m\u00e9todos participativos y orientados a soluciones para la colaboraci\u00f3n entre disciplinas y sectores. Adem\u00e1s, STeP promueve la competitividad, las redes [&hellip;]","og_url":"https:\/\/iai.int\/es\/step-fellowship\/step-impacto\/","og_site_name":"IAI - Inter-American Institute for Global Change Research","article_modified_time":"2025-11-05T19:48:15+00:00","og_image":[{"width":1024,"height":318,"url":"https:\/\/iai.int\/wp-content\/uploads\/2025\/10\/step-1024x318.png","type":"image\/png"}],"twitter_card":"summary_large_image","twitter_misc":{"Tiempo de lectura":"4 minutos"},"schema":{"@context":"https:\/\/schema.org","@graph":[{"@type":"WebPage","@id":"https:\/\/iai.int\/es\/step-fellowship\/step-impacto\/","url":"https:\/\/iai.int\/es\/step-fellowship\/step-impacto\/","name":"STeP - Impacto - IAI - Inter-American Institute for Global Change Research","isPartOf":{"@id":"https:\/\/iai.int\/es\/#website"},"primaryImageOfPage":{"@id":"https:\/\/iai.int\/es\/step-fellowship\/step-impacto\/#primaryimage"},"image":{"@id":"https:\/\/iai.int\/es\/step-fellowship\/step-impacto\/#primaryimage"},"thumbnailUrl":"https:\/\/iai.int\/wp-content\/uploads\/2025\/10\/step.png","datePublished":"2025-10-20T23:14:05+00:00","dateModified":"2025-11-05T19:48:15+00:00","breadcrumb":{"@id":"https:\/\/iai.int\/es\/step-fellowship\/step-impacto\/#breadcrumb"},"inLanguage":"es","potentialAction":[{"@type":"ReadAction","target":["https:\/\/iai.int\/es\/step-fellowship\/step-impacto\/"]}]},{"@type":"ImageObject","inLanguage":"es","@id":"https:\/\/iai.int\/es\/step-fellowship\/step-impacto\/#primaryimage","url":"https:\/\/iai.int\/wp-content\/uploads\/2025\/10\/step.png","contentUrl":"https:\/\/iai.int\/wp-content\/uploads\/2025\/10\/step.png","width":1772,"height":551},{"@type":"BreadcrumbList","@id":"https:\/\/iai.int\/es\/step-fellowship\/step-impacto\/#breadcrumb","itemListElement":[{"@type":"ListItem","position":1,"name":"Portada","item":"https:\/\/iai.int\/es\/"},{"@type":"ListItem","position":2,"name":"Fellowship STeP","item":"https:\/\/iai.int\/es\/step-fellowship\/"},{"@type":"ListItem","position":3,"name":"STeP &#8211; Impacto"}]},{"@type":"WebSite","@id":"https:\/\/iai.int\/es\/#website","url":"https:\/\/iai.int\/es\/","name":"IAI - Inter-American Institute for Global Change Research","description":"","publisher":{"@id":"https:\/\/iai.int\/es\/#organization"},"potentialAction":[{"@type":"SearchAction","target":{"@type":"EntryPoint","urlTemplate":"https:\/\/iai.int\/es\/?s={search_term_string}"},"query-input":{"@type":"PropertyValueSpecification","valueRequired":true,"valueName":"search_term_string"}}],"inLanguage":"es"},{"@type":"Organization","@id":"https:\/\/iai.int\/es\/#organization","name":"IAI - Inter-American Institute for Global Change Research","url":"https:\/\/iai.int\/es\/","logo":{"@type":"ImageObject","inLanguage":"es","@id":"https:\/\/iai.int\/es\/#\/schema\/logo\/image\/","url":"https:\/\/iai.int\/wp-content\/uploads\/2025\/11\/IAI-logo-English-scaled.png","contentUrl":"https:\/\/iai.int\/wp-content\/uploads\/2025\/11\/IAI-logo-English-scaled.png","width":2560,"height":985,"caption":"IAI - Inter-American Institute for Global Change Research"},"image":{"@id":"https:\/\/iai.int\/es\/#\/schema\/logo\/image\/"}}]}},"uagb_featured_image_src":{"full":["https:\/\/iai.int\/wp-content\/uploads\/2025\/10\/step.png",1772,551,false],"thumbnail":["https:\/\/iai.int\/wp-content\/uploads\/2025\/10\/step-150x150.png",150,150,true],"medium":["https:\/\/iai.int\/wp-content\/uploads\/2025\/10\/step-300x93.png",300,93,true],"medium_large":["https:\/\/iai.int\/wp-content\/uploads\/2025\/10\/step-768x239.png",768,239,true],"large":["https:\/\/iai.int\/wp-content\/uploads\/2025\/10\/step-1024x318.png",800,248,true],"1536x1536":["https:\/\/iai.int\/wp-content\/uploads\/2025\/10\/step-1536x478.png",1536,478,true],"2048x2048":["https:\/\/iai.int\/wp-content\/uploads\/2025\/10\/step.png",1772,551,false]},"uagb_author_info":{"display_name":"admin","author_link":"https:\/\/iai.int\/es\/author\/admin\/"},"uagb_comment_info":0,"uagb_excerpt":"Desarrollo institucional La institucionalizaci\u00f3n de la toma de decisiones informadas por evidencia es clave para enfrentar los desaf\u00edos del cambio ambiental global. Como programa del IAI, STeP impulsa este proceso mediante enfoques transdisciplinarios que incluyen m\u00e9todos participativos y orientados a soluciones para la colaboraci\u00f3n entre disciplinas y sectores. Adem\u00e1s, STeP promueve la competitividad, las redes&hellip;","_links":{"self":[{"href":"https:\/\/iai.int\/es\/wp-json\/wp\/v2\/pages\/8338","targetHints":{"allow":["GET"]}}],"collection":[{"href":"https:\/\/iai.int\/es\/wp-json\/wp\/v2\/pages"}],"about":[{"href":"https:\/\/iai.int\/es\/wp-json\/wp\/v2\/types\/page"}],"author":[{"embeddable":true,"href":"https:\/\/iai.int\/es\/wp-json\/wp\/v2\/users\/1"}],"replies":[{"embeddable":true,"href":"https:\/\/iai.int\/es\/wp-json\/wp\/v2\/comments?post=8338"}],"version-history":[{"count":15,"href":"https:\/\/iai.int\/es\/wp-json\/wp\/v2\/pages\/8338\/revisions"}],"predecessor-version":[{"id":10737,"href":"https:\/\/iai.int\/es\/wp-json\/wp\/v2\/pages\/8338\/revisions\/10737"}],"up":[{"embeddable":true,"href":"https:\/\/iai.int\/es\/wp-json\/wp\/v2\/pages\/372"}],"wp:featuredmedia":[{"embeddable":true,"href":"https:\/\/iai.int\/es\/wp-json\/wp\/v2\/media\/8537"}],"wp:attachment":[{"href":"https:\/\/iai.int\/es\/wp-json\/wp\/v2\/media?parent=8338"}],"curies":[{"name":"wp","href":"https:\/\/api.w.org\/{rel}","templated":true}]}}