{"id":8332,"date":"2025-10-20T17:58:17","date_gmt":"2025-10-20T22:58:17","guid":{"rendered":"https:\/\/iai.int\/?page_id=8332"},"modified":"2025-11-07T12:31:17","modified_gmt":"2025-11-07T17:31:17","slug":"step-directorio","status":"publish","type":"page","link":"https:\/\/iai.int\/es\/step-fellowship\/step-directorio\/","title":{"rendered":"STeP &#8211; Directorio"},"content":{"rendered":"\n<div style=\"height:20px\" aria-hidden=\"true\" class=\"wp-block-spacer\"><\/div>\n\n\n\n<h4 class=\"wp-block-heading\">Fellows<\/h4>\n\n\n\n<div style=\"height:20px\" aria-hidden=\"true\" class=\"wp-block-spacer\"><\/div>\n\n\n\n<p>El <strong>Programa de <em>Fellowship<\/em> STeP<\/strong> del IAI convoca a una red interamericana de cient\u00edficos y profesionales de carrera temprana con quienes elaboran pol\u00edticas y toman decisiones, investigadores de diversas disciplinas, mentores, expertos, instituciones anfitrionas y socios estrat\u00e9gicos. Esta comunidad de pr\u00e1ctica fomenta el intercambio de conocimientos, experiencias y lecciones aprendidas en el nexo entre la ciencia y las pol\u00edticas.&nbsp;A la vez que construye relaciones con colaboradores, amigos, mentores y contactos para toda la vida, STeP se esfuerza por ser un modelo de colaboraci\u00f3n eficaz y equitativo en todo el continente americano.<\/p>\n\n\n\n<h4 class=\"wp-block-heading\"><a href=\"https:\/\/iai.int\/es\/step-fellows-search\/\">Haga una b\u00fasqueda en el directorio de fellows<\/a><\/h4>\n\n\n\n<div style=\"height:50px\" aria-hidden=\"true\" class=\"wp-block-spacer\"><\/div>\n\n\n\n<h4 class=\"wp-block-heading\">Instituciones anfitrionas<br>(en orden de pa\u00eds)<\/h4>\n\n\n\n<p><strong>Regional<\/strong><\/p>\n\n\n\n<ul class=\"wp-block-list\">\n<li>Organizaci\u00f3n Panamericana de la Salud (OPS)<\/li>\n\n\n\n<li>IAI<\/li>\n\n\n\n<li>Belmont Forum<\/li>\n\n\n\n<li>Latinoam\u00e9rica21<\/li>\n<\/ul>\n\n\n\n<div style=\"height:20px\" aria-hidden=\"true\" class=\"wp-block-spacer\"><\/div>\n\n\n\n<p><strong>Argentina<\/strong><\/p>\n\n\n\n<ul class=\"wp-block-list\">\n<li>CREA<\/li>\n\n\n\n<li>Instituto de Ecolog\u00eda Regional (IER)<\/li>\n\n\n\n<li>CONICET<\/li>\n<\/ul>\n\n\n\n<div style=\"height:20px\" aria-hidden=\"true\" class=\"wp-block-spacer\"><\/div>\n\n\n\n<p><strong>M\u00e9xico<\/strong><\/p>\n\n\n\n<ul class=\"wp-block-list\">\n<li>Secretar\u00eda de Ciencia, Ciudad de M\u00e9xico<\/li>\n\n\n\n<li>Secretar\u00eda de Salud, Ciudad de M\u00e9xico<\/li>\n\n\n\n<li>C\u00e1mara de Diputados<\/li>\n\n\n\n<li>AMEXAC<\/li>\n<\/ul>\n\n\n\n<div style=\"height:20px\" aria-hidden=\"true\" class=\"wp-block-spacer\"><\/div>\n\n\n\n<p><strong>Estados Unidos (AAAS STPF)<\/strong><\/p>\n\n\n\n<ul class=\"wp-block-list\">\n<li>Departamento de Estado de los Estados Unidos, Oficina de Asuntos Mexicanos<\/li>\n\n\n\n<li>Universidad de Texas en Austin<\/li>\n\n\n\n<li>Instituto de Transporte de Texas<\/li>\n\n\n\n<li>National Science Foundation (NSF)<\/li>\n\n\n\n<li>National Institutes of Health (NIH)<\/li>\n\n\n\n<li>Agencia de los Estados Unidos para el Desarrollo Internacional (USAID)<\/li>\n\n\n\n<li>Departamento de Energ\u00eda (DOE)<\/li>\n\n\n\n<li>Departamento de Transporte de los Estados Unidos, Autoridad Federal de Carreteras<\/li>\n\n\n\n<li>Academia Nacional de Ciencias de Estados Unidos<\/li>\n<\/ul>\n\n\n\n<div style=\"height:20px\" aria-hidden=\"true\" class=\"wp-block-spacer\"><\/div>\n\n\n\n<p><strong>Canad\u00e1<\/strong><\/p>\n\n\n\n<ul class=\"wp-block-list\">\n<li>Recursos Naturales de Canad\u00e1<\/li>\n\n\n\n<li>University of Toronto<\/li>\n\n\n\n<li>Dalhousie University<\/li>\n\n\n\n<li>York University<\/li>\n\n\n\n<li>Consejo de Investigaci\u00f3n en Ciencias Naturales e Ingenier\u00eda de Canad\u00e1 (NSERC)<\/li>\n\n\n\n<li>Mitacs<\/li>\n\n\n\n<li>Agencia de Salud P\u00fablica de Canad\u00e1<\/li>\n\n\n\n<li>Centro de Ciencias de la Seguridad del Departamento de Defensa Nacional<\/li>\n\n\n\n<li>Agencia del Consumidor Financiero de Canad\u00e1<\/li>\n\n\n\n<li>Medio Ambiente y Cambio Clim\u00e1tico de Canad\u00e1<\/li>\n<\/ul>\n\n\n\n<div style=\"height:20px\" aria-hidden=\"true\" class=\"wp-block-spacer\"><\/div>\n\n\n\n<p><strong>Brasil<\/strong><\/p>\n\n\n\n<ul class=\"wp-block-list\">\n<li>Plataforma Brasile\u00f1a de Biodiversidad y Servicios Ecosist\u00e9micos (BPBES)<\/li>\n\n\n\n<li>Ministerio de Ciencia, Tecnolog\u00eda e Innovaci\u00f3n (MCTI)<\/li>\n\n\n\n<li>BPBES \/ Oficina del Diputado Federal Rodrigo Agostinho<\/li>\n\n\n\n<li>FAPESC<\/li>\n<\/ul>\n\n\n\n<div style=\"height:18px\" aria-hidden=\"true\" class=\"wp-block-spacer\"><\/div>\n\n\n\n<p><strong>Barbados<\/strong><\/p>\n\n\n\n<ul class=\"wp-block-list\">\n<li>CERMES, University of the West Indies (UWI)<\/li>\n\n\n\n<li>Departamento de Gesti\u00f3n de Emergencias<\/li>\n<\/ul>\n\n\n\n<div style=\"height:20px\" aria-hidden=\"true\" class=\"wp-block-spacer\"><\/div>\n\n\n\n<p><strong>Panam\u00e1<\/strong><\/p>\n\n\n\n<ul class=\"wp-block-list\">\n<li>Secretar\u00eda Nacional de Ciencia, Tecnolog\u00eda e Innovaci\u00f3n (SENACYT)<\/li>\n\n\n\n<li>Instituto Smithsonian de Investigaciones Tropicales<\/li>\n<\/ul>\n\n\n\n<div style=\"height:20px\" aria-hidden=\"true\" class=\"wp-block-spacer\"><\/div>\n\n\n\n<p><strong>Colombia<\/strong><\/p>\n\n\n\n<ul class=\"wp-block-list\">\n<li>Instituto de Investigaci\u00f3n de Recursos Biol\u00f3gicos Alexander von Humboldt<\/li>\n<\/ul>\n\n\n\n<div style=\"height:20px\" aria-hidden=\"true\" class=\"wp-block-spacer\"><\/div>\n\n\n\n<p><strong>Chile<\/strong><\/p>\n\n\n\n<ul class=\"wp-block-list\">\n<li>Ministerio de Ciencia, Tecnolog\u00eda, Conocimiento e Innovaci\u00f3n<\/li>\n<\/ul>\n\n\n\n<div style=\"height:20px\" aria-hidden=\"true\" class=\"wp-block-spacer\"><\/div>\n\n\n\n<p><strong>Uruguay<\/strong><\/p>\n\n\n\n<ul class=\"wp-block-list\">\n<li>Instituto Nacional de Inclusi\u00f3n Social Adolescente (INISA)<\/li>\n<\/ul>\n\n\n\n<div style=\"height:20px\" aria-hidden=\"true\" class=\"wp-block-spacer\"><\/div>\n\n\n\n<p><strong>Costa Rica<\/strong><\/p>\n\n\n\n<ul class=\"wp-block-list\">\n<li>Centro de Investigaciones Marinas y Limnol\u00f3gicas (CIMAR), Universidad de Costa Rica (UCR)<\/li>\n<\/ul>\n\n\n\n<div style=\"height:50px\" aria-hidden=\"true\" class=\"wp-block-spacer\"><\/div>\n\n\n\n<h4 class=\"wp-block-heading\">Socios<\/h4>\n\n\n\n<figure class=\"wp-block-table\"><table><tbody><tr><td class=\"has-text-align-right\" data-align=\"right\">1<\/td><td>Programa de Fellows en Pol\u00edticas Cient\u00edficas y Tecnol\u00f3gicas de la American Association for the Advancement of Science (AAAS STPF)<\/td><td>EE.UU.<\/td><td><a href=\"https:\/\/www.aaas.org\/programas\/becas-de-politica-de-ciencia-y-tecnologia\">https:\/\/www.aaas.org\/programas\/becas-de-politica-de-ciencia-y-tecnologia<\/a><\/td><\/tr><tr><td class=\"has-text-align-right\" data-align=\"right\">2<\/td><td>Agencia Nacional de Investigaci\u00f3n e Innovaci\u00f3n (ANII) Uruguay<\/td><td>Uruguay<\/td><td><a href=\"https:\/\/www.anii.org.uy\/\">https:\/\/www.anii.org.uy\/<\/a><\/td><\/tr><tr><td class=\"has-text-align-right\" data-align=\"right\">3<\/td><td>Mitacs Canad\u00e1<\/td><td>Canad\u00e1<\/td><td><a href=\"https:\/\/www.mitacs.ca\/\">https:\/\/www.mitacs.ca\/<\/a><\/td><\/tr><tr><td class=\"has-text-align-right\" data-align=\"right\">4<\/td><td>Ministerio de Ciencia, Tecnolog\u00eda, Conocimiento e Innovaci\u00f3n de Chile (MinCiencias)<\/td><td>Chile<\/td><td><a href=\"https:\/\/www.ciencia.gob.cl\/\">https:\/\/www.ciencia.gob.cl\/<\/a><\/td><\/tr><tr><td class=\"has-text-align-right\" data-align=\"right\">5<\/td><td>Secretar\u00eda Nacional de Ciencia, Tecnolog\u00eda e Innovaci\u00f3n de Panam\u00e1 (SENACYT)<\/td><td>Panam\u00e1<\/td><td><a href=\"https:\/\/www.senacy.gob.pa\/\">https:\/\/www.senacy.gob.pa\/<\/a><\/td><\/tr><tr><td class=\"has-text-align-right\" data-align=\"right\">6<\/td><td>CREAR Y CONICET Argentina<\/td><td>Argentina<\/td><td><a href=\"https:\/\/crea.org\/https:\/\/www.conicet.gov.ar\/\">https:\/\/crea.org\/<br>https:\/\/www.conicet.gov.ar\/<\/a><\/td><\/tr><tr><td class=\"has-text-align-right\" data-align=\"right\">7<\/td><td>Plataforma Brasile\u00f1a de Biodiversidad y Servicios Ecosist\u00e9micos (BPBES)<\/td><td>Brasil<\/td><td><a href=\"https:\/\/www.bpbes.net.br\/in\/quienes-somos-2\/\">https:\/\/www.bpbes.net.br\/in\/quienes-somos-2\/<\/a><\/td><\/tr><tr><td class=\"has-text-align-right\" data-align=\"right\">8<\/td><td>Centro de Gesti\u00f3n de Recursos y Estudios Ambientales, University of West Indies, Campus Cave Hill, Barbados (CERMES UWI)<\/td><td>Barbados<\/td><td><a href=\"https:\/\/www.cavehill.sheep.edu\/cermes\/home.aspx\">https:\/\/www.cavehill.sheep.edu\/cermes\/home.aspx<\/a><\/td><\/tr><tr><td class=\"has-text-align-right\" data-align=\"right\">9<\/td><td>Ministerio de Ciencia, Tecnolog\u00eda e Innovaci\u00f3n (MCTI) Brasil<\/td><td>Brasil<\/td><td><a href=\"https:\/\/www.gov.br\/mcti\/pt-br\">https:\/\/www.gov.br\/mcti\/pt-br<\/a><\/td><\/tr><tr><td class=\"has-text-align-right\" data-align=\"right\">10<\/td><td>Asociaci\u00f3n Mexicana para el Avance de la Ciencia (AMEXAC)<\/td><td>M\u00e9xico<\/td><td><a href=\"https:\/\/www.amexac.mx\/\">https:\/\/www.amexac.mx\/<\/a><\/td><\/tr><tr><td class=\"has-text-align-right\" data-align=\"right\">11<\/td><td>Secretar\u00eda de Educaci\u00f3n, Ciencia, Tecnolog\u00eda e Innovaci\u00f3n de la Ciudad de M\u00e9xico (SECTEI CDMX)<\/td><td>M\u00e9xico<\/td><td><a href=\"https:\/\/www.sectei.cdmx.gob.mx\/\">https:\/\/www.sectei.cdmx.gob.mx\/<\/a><\/td><\/tr><tr><td class=\"has-text-align-right\" data-align=\"right\">12<\/td><td>Organizaci\u00f3n Panamericana de la Salud (OPS)<\/td><td>Regional<\/td><td><a href=\"https:\/\/www.paho.org\/es\">https:\/\/www.paho.org\/es<\/a><\/td><\/tr><tr><td class=\"has-text-align-right\" data-align=\"right\">13<\/td><td>Belmont Forum<\/td><td>Global<\/td><td><a href=\"https:\/\/belmontforum.org\/\">https:\/\/belmontforum.org\/<\/a><\/td><\/tr><tr><td class=\"has-text-align-right\" data-align=\"right\">14<\/td><td>Early Career Ocean Professionals (ECOP)<\/td><td>Am\u00e9rica Central<\/td><td><a href=\"https:\/\/www.ecopdecade.org\/\">https:\/\/www.ecopdecade.org\/<\/a><\/td><\/tr><tr><td class=\"has-text-align-right\" data-align=\"right\">15<\/td><td>Fundaci\u00f3n de Apoyo a la Investigaci\u00f3n y la Innovaci\u00f3n del Estado de Santa Catarina (FAPESC)<\/td><td>Brasil<\/td><td><a href=\"https:\/\/fapesc.sc.gov.br\/\">https:\/\/fapesc.sc.gov.br\/<\/a><\/td><\/tr><tr><td class=\"has-text-align-right\" data-align=\"right\">16<\/td><td>Instituto Smithsonian de Investigaciones Tropicales<\/td><td>Panam\u00e1<\/td><td><a href=\"https:\/\/striresearch.si.edu\/resiliencia\/\">https:\/\/striresearch.si.edu\/resiliencia\/<\/a><\/td><\/tr><tr><td class=\"has-text-align-right\" data-align=\"right\">17<\/td><td>Corredor Marino del Pac\u00edfico Tropical Oriental (CMAR)<\/td><td>Regional<\/td><td><a href=\"https:\/\/cmarpacific.org\/\">https:\/\/cmarpacific.org\/<\/a><\/td><\/tr><tr><td class=\"has-text-align-right\" data-align=\"right\">18<\/td><td>Instituto Humboldt<\/td><td>Colombia<\/td><td><a href=\"https:\/\/www.humboldt.org.co\/\">https:\/\/www.humboldt.org.co\/<\/a><\/td><\/tr><\/tbody><\/table><\/figure>\n\n\n\n<div style=\"height:50px\" aria-hidden=\"true\" class=\"wp-block-spacer\"><\/div>\n","protected":false},"excerpt":{"rendered":"<p>Fellows El Programa de Fellowship STeP del IAI convoca a una red interamericana de cient\u00edficos y profesionales de carrera temprana con quienes elaboran pol\u00edticas y toman decisiones, investigadores de diversas disciplinas, mentores, expertos, instituciones anfitrionas y socios estrat\u00e9gicos. Esta comunidad de pr\u00e1ctica fomenta el intercambio de conocimientos, experiencias y lecciones aprendidas en el nexo entre [&hellip;]<\/p>\n","protected":false},"author":1,"featured_media":10907,"parent":372,"menu_order":0,"comment_status":"closed","ping_status":"closed","template":"","meta":{"_acf_changed":false,"_uag_custom_page_level_css":"","footnotes":""},"class_list":["post-8332","page","type-page","status-publish","has-post-thumbnail","hentry"],"acf":[],"yoast_head":"<!-- This site is optimized with the Yoast SEO plugin v27.3 - https:\/\/yoast.com\/product\/yoast-seo-wordpress\/ -->\n<title>STeP - Directorio - IAI - Inter-American Institute for Global Change Research<\/title>\n<meta name=\"robots\" content=\"index, follow, max-snippet:-1, max-image-preview:large, max-video-preview:-1\" \/>\n<link rel=\"canonical\" href=\"https:\/\/iai.int\/es\/step-fellowship\/step-directorio\/\" \/>\n<meta property=\"og:locale\" content=\"es_ES\" \/>\n<meta property=\"og:type\" content=\"article\" \/>\n<meta property=\"og:title\" content=\"STeP - Directorio - IAI - Inter-American Institute for Global Change Research\" \/>\n<meta property=\"og:description\" content=\"Fellows El Programa de Fellowship STeP del IAI convoca a una red interamericana de cient\u00edficos y profesionales de carrera temprana con quienes elaboran pol\u00edticas y toman decisiones, investigadores de diversas disciplinas, mentores, expertos, instituciones anfitrionas y socios estrat\u00e9gicos. Esta comunidad de pr\u00e1ctica fomenta el intercambio de conocimientos, experiencias y lecciones aprendidas en el nexo entre [&hellip;]\" \/>\n<meta property=\"og:url\" content=\"https:\/\/iai.int\/es\/step-fellowship\/step-directorio\/\" \/>\n<meta property=\"og:site_name\" content=\"IAI - Inter-American Institute for Global Change Research\" \/>\n<meta property=\"article:modified_time\" content=\"2025-11-07T17:31:17+00:00\" \/>\n<meta property=\"og:image\" content=\"https:\/\/iai.int\/wp-content\/uploads\/2025\/11\/STEP.png\" \/>\n\t<meta property=\"og:image:width\" content=\"1772\" \/>\n\t<meta property=\"og:image:height\" content=\"551\" \/>\n\t<meta property=\"og:image:type\" content=\"image\/png\" \/>\n<meta name=\"twitter:card\" content=\"summary_large_image\" \/>\n<meta name=\"twitter:label1\" content=\"Tiempo de lectura\" \/>\n\t<meta name=\"twitter:data1\" content=\"3 minutos\" \/>\n<script type=\"application\/ld+json\" class=\"yoast-schema-graph\">{\"@context\":\"https:\\\/\\\/schema.org\",\"@graph\":[{\"@type\":\"WebPage\",\"@id\":\"https:\\\/\\\/iai.int\\\/es\\\/step-fellowship\\\/step-directorio\\\/\",\"url\":\"https:\\\/\\\/iai.int\\\/es\\\/step-fellowship\\\/step-directorio\\\/\",\"name\":\"STeP - Directorio - IAI - Inter-American Institute for Global Change Research\",\"isPartOf\":{\"@id\":\"https:\\\/\\\/iai.int\\\/es\\\/#website\"},\"primaryImageOfPage\":{\"@id\":\"https:\\\/\\\/iai.int\\\/es\\\/step-fellowship\\\/step-directorio\\\/#primaryimage\"},\"image\":{\"@id\":\"https:\\\/\\\/iai.int\\\/es\\\/step-fellowship\\\/step-directorio\\\/#primaryimage\"},\"thumbnailUrl\":\"https:\\\/\\\/iai.int\\\/wp-content\\\/uploads\\\/2025\\\/11\\\/STEP.png\",\"datePublished\":\"2025-10-20T22:58:17+00:00\",\"dateModified\":\"2025-11-07T17:31:17+00:00\",\"breadcrumb\":{\"@id\":\"https:\\\/\\\/iai.int\\\/es\\\/step-fellowship\\\/step-directorio\\\/#breadcrumb\"},\"inLanguage\":\"es\",\"potentialAction\":[{\"@type\":\"ReadAction\",\"target\":[\"https:\\\/\\\/iai.int\\\/es\\\/step-fellowship\\\/step-directorio\\\/\"]}]},{\"@type\":\"ImageObject\",\"inLanguage\":\"es\",\"@id\":\"https:\\\/\\\/iai.int\\\/es\\\/step-fellowship\\\/step-directorio\\\/#primaryimage\",\"url\":\"https:\\\/\\\/iai.int\\\/wp-content\\\/uploads\\\/2025\\\/11\\\/STEP.png\",\"contentUrl\":\"https:\\\/\\\/iai.int\\\/wp-content\\\/uploads\\\/2025\\\/11\\\/STEP.png\",\"width\":1772,\"height\":551},{\"@type\":\"BreadcrumbList\",\"@id\":\"https:\\\/\\\/iai.int\\\/es\\\/step-fellowship\\\/step-directorio\\\/#breadcrumb\",\"itemListElement\":[{\"@type\":\"ListItem\",\"position\":1,\"name\":\"Portada\",\"item\":\"https:\\\/\\\/iai.int\\\/es\\\/\"},{\"@type\":\"ListItem\",\"position\":2,\"name\":\"Fellowship STeP\",\"item\":\"https:\\\/\\\/iai.int\\\/es\\\/step-fellowship\\\/\"},{\"@type\":\"ListItem\",\"position\":3,\"name\":\"STeP &#8211; Directorio\"}]},{\"@type\":\"WebSite\",\"@id\":\"https:\\\/\\\/iai.int\\\/es\\\/#website\",\"url\":\"https:\\\/\\\/iai.int\\\/es\\\/\",\"name\":\"IAI - Inter-American Institute for Global Change Research\",\"description\":\"\",\"publisher\":{\"@id\":\"https:\\\/\\\/iai.int\\\/es\\\/#organization\"},\"potentialAction\":[{\"@type\":\"SearchAction\",\"target\":{\"@type\":\"EntryPoint\",\"urlTemplate\":\"https:\\\/\\\/iai.int\\\/es\\\/?s={search_term_string}\"},\"query-input\":{\"@type\":\"PropertyValueSpecification\",\"valueRequired\":true,\"valueName\":\"search_term_string\"}}],\"inLanguage\":\"es\"},{\"@type\":\"Organization\",\"@id\":\"https:\\\/\\\/iai.int\\\/es\\\/#organization\",\"name\":\"IAI - Inter-American Institute for Global Change Research\",\"url\":\"https:\\\/\\\/iai.int\\\/es\\\/\",\"logo\":{\"@type\":\"ImageObject\",\"inLanguage\":\"es\",\"@id\":\"https:\\\/\\\/iai.int\\\/es\\\/#\\\/schema\\\/logo\\\/image\\\/\",\"url\":\"https:\\\/\\\/iai.int\\\/wp-content\\\/uploads\\\/2025\\\/11\\\/IAI-logo-English-scaled.png\",\"contentUrl\":\"https:\\\/\\\/iai.int\\\/wp-content\\\/uploads\\\/2025\\\/11\\\/IAI-logo-English-scaled.png\",\"width\":2560,\"height\":985,\"caption\":\"IAI - Inter-American Institute for Global Change Research\"},\"image\":{\"@id\":\"https:\\\/\\\/iai.int\\\/es\\\/#\\\/schema\\\/logo\\\/image\\\/\"}}]}<\/script>\n<!-- \/ Yoast SEO plugin. -->","yoast_head_json":{"title":"STeP - Directorio - IAI - Inter-American Institute for Global Change Research","robots":{"index":"index","follow":"follow","max-snippet":"max-snippet:-1","max-image-preview":"max-image-preview:large","max-video-preview":"max-video-preview:-1"},"canonical":"https:\/\/iai.int\/es\/step-fellowship\/step-directorio\/","og_locale":"es_ES","og_type":"article","og_title":"STeP - Directorio - IAI - Inter-American Institute for Global Change Research","og_description":"Fellows El Programa de Fellowship STeP del IAI convoca a una red interamericana de cient\u00edficos y profesionales de carrera temprana con quienes elaboran pol\u00edticas y toman decisiones, investigadores de diversas disciplinas, mentores, expertos, instituciones anfitrionas y socios estrat\u00e9gicos. Esta comunidad de pr\u00e1ctica fomenta el intercambio de conocimientos, experiencias y lecciones aprendidas en el nexo entre [&hellip;]","og_url":"https:\/\/iai.int\/es\/step-fellowship\/step-directorio\/","og_site_name":"IAI - Inter-American Institute for Global Change Research","article_modified_time":"2025-11-07T17:31:17+00:00","og_image":[{"width":1772,"height":551,"url":"https:\/\/iai.int\/wp-content\/uploads\/2025\/11\/STEP.png","type":"image\/png"}],"twitter_card":"summary_large_image","twitter_misc":{"Tiempo de lectura":"3 minutos"},"schema":{"@context":"https:\/\/schema.org","@graph":[{"@type":"WebPage","@id":"https:\/\/iai.int\/es\/step-fellowship\/step-directorio\/","url":"https:\/\/iai.int\/es\/step-fellowship\/step-directorio\/","name":"STeP - Directorio - IAI - Inter-American Institute for Global Change Research","isPartOf":{"@id":"https:\/\/iai.int\/es\/#website"},"primaryImageOfPage":{"@id":"https:\/\/iai.int\/es\/step-fellowship\/step-directorio\/#primaryimage"},"image":{"@id":"https:\/\/iai.int\/es\/step-fellowship\/step-directorio\/#primaryimage"},"thumbnailUrl":"https:\/\/iai.int\/wp-content\/uploads\/2025\/11\/STEP.png","datePublished":"2025-10-20T22:58:17+00:00","dateModified":"2025-11-07T17:31:17+00:00","breadcrumb":{"@id":"https:\/\/iai.int\/es\/step-fellowship\/step-directorio\/#breadcrumb"},"inLanguage":"es","potentialAction":[{"@type":"ReadAction","target":["https:\/\/iai.int\/es\/step-fellowship\/step-directorio\/"]}]},{"@type":"ImageObject","inLanguage":"es","@id":"https:\/\/iai.int\/es\/step-fellowship\/step-directorio\/#primaryimage","url":"https:\/\/iai.int\/wp-content\/uploads\/2025\/11\/STEP.png","contentUrl":"https:\/\/iai.int\/wp-content\/uploads\/2025\/11\/STEP.png","width":1772,"height":551},{"@type":"BreadcrumbList","@id":"https:\/\/iai.int\/es\/step-fellowship\/step-directorio\/#breadcrumb","itemListElement":[{"@type":"ListItem","position":1,"name":"Portada","item":"https:\/\/iai.int\/es\/"},{"@type":"ListItem","position":2,"name":"Fellowship STeP","item":"https:\/\/iai.int\/es\/step-fellowship\/"},{"@type":"ListItem","position":3,"name":"STeP &#8211; Directorio"}]},{"@type":"WebSite","@id":"https:\/\/iai.int\/es\/#website","url":"https:\/\/iai.int\/es\/","name":"IAI - Inter-American Institute for Global Change Research","description":"","publisher":{"@id":"https:\/\/iai.int\/es\/#organization"},"potentialAction":[{"@type":"SearchAction","target":{"@type":"EntryPoint","urlTemplate":"https:\/\/iai.int\/es\/?s={search_term_string}"},"query-input":{"@type":"PropertyValueSpecification","valueRequired":true,"valueName":"search_term_string"}}],"inLanguage":"es"},{"@type":"Organization","@id":"https:\/\/iai.int\/es\/#organization","name":"IAI - Inter-American Institute for Global Change Research","url":"https:\/\/iai.int\/es\/","logo":{"@type":"ImageObject","inLanguage":"es","@id":"https:\/\/iai.int\/es\/#\/schema\/logo\/image\/","url":"https:\/\/iai.int\/wp-content\/uploads\/2025\/11\/IAI-logo-English-scaled.png","contentUrl":"https:\/\/iai.int\/wp-content\/uploads\/2025\/11\/IAI-logo-English-scaled.png","width":2560,"height":985,"caption":"IAI - Inter-American Institute for Global Change Research"},"image":{"@id":"https:\/\/iai.int\/es\/#\/schema\/logo\/image\/"}}]}},"uagb_featured_image_src":{"full":["https:\/\/iai.int\/wp-content\/uploads\/2025\/11\/STEP.png",1772,551,false],"thumbnail":["https:\/\/iai.int\/wp-content\/uploads\/2025\/11\/STEP-150x150.png",150,150,true],"medium":["https:\/\/iai.int\/wp-content\/uploads\/2025\/11\/STEP-300x93.png",300,93,true],"medium_large":["https:\/\/iai.int\/wp-content\/uploads\/2025\/11\/STEP-768x239.png",768,239,true],"large":["https:\/\/iai.int\/wp-content\/uploads\/2025\/11\/STEP-1024x318.png",800,248,true],"1536x1536":["https:\/\/iai.int\/wp-content\/uploads\/2025\/11\/STEP-1536x478.png",1536,478,true],"2048x2048":["https:\/\/iai.int\/wp-content\/uploads\/2025\/11\/STEP.png",1772,551,false]},"uagb_author_info":{"display_name":"admin","author_link":"https:\/\/iai.int\/es\/author\/admin\/"},"uagb_comment_info":0,"uagb_excerpt":"Fellows El Programa de Fellowship STeP del IAI convoca a una red interamericana de cient\u00edficos y profesionales de carrera temprana con quienes elaboran pol\u00edticas y toman decisiones, investigadores de diversas disciplinas, mentores, expertos, instituciones anfitrionas y socios estrat\u00e9gicos. Esta comunidad de pr\u00e1ctica fomenta el intercambio de conocimientos, experiencias y lecciones aprendidas en el nexo entre&hellip;","_links":{"self":[{"href":"https:\/\/iai.int\/es\/wp-json\/wp\/v2\/pages\/8332","targetHints":{"allow":["GET"]}}],"collection":[{"href":"https:\/\/iai.int\/es\/wp-json\/wp\/v2\/pages"}],"about":[{"href":"https:\/\/iai.int\/es\/wp-json\/wp\/v2\/types\/page"}],"author":[{"embeddable":true,"href":"https:\/\/iai.int\/es\/wp-json\/wp\/v2\/users\/1"}],"replies":[{"embeddable":true,"href":"https:\/\/iai.int\/es\/wp-json\/wp\/v2\/comments?post=8332"}],"version-history":[{"count":20,"href":"https:\/\/iai.int\/es\/wp-json\/wp\/v2\/pages\/8332\/revisions"}],"predecessor-version":[{"id":10731,"href":"https:\/\/iai.int\/es\/wp-json\/wp\/v2\/pages\/8332\/revisions\/10731"}],"up":[{"embeddable":true,"href":"https:\/\/iai.int\/es\/wp-json\/wp\/v2\/pages\/372"}],"wp:featuredmedia":[{"embeddable":true,"href":"https:\/\/iai.int\/es\/wp-json\/wp\/v2\/media\/10907"}],"wp:attachment":[{"href":"https:\/\/iai.int\/es\/wp-json\/wp\/v2\/media?parent=8332"}],"curies":[{"name":"wp","href":"https:\/\/api.w.org\/{rel}","templated":true}]}}