{"id":8322,"date":"2025-10-20T17:46:35","date_gmt":"2025-10-20T22:46:35","guid":{"rendered":"https:\/\/iai.int\/?page_id=8322"},"modified":"2025-11-26T14:18:08","modified_gmt":"2025-11-26T19:18:08","slug":"que-es-step","status":"publish","type":"page","link":"https:\/\/iai.int\/es\/step-fellowship\/que-es-step\/","title":{"rendered":"STeP: Qu\u00e9 es STeP"},"content":{"rendered":"\n<div style=\"height:50px\" aria-hidden=\"true\" class=\"wp-block-spacer\"><\/div>\n\n\n\n<h4 class=\"wp-block-heading\">Nuestro programa<\/h4>\n\n\n\n<p><\/p>\n\n\n\n<p>El <strong>Programa de <em>Fellowship<\/em> de Ciencia, Tecnolog\u00eda y Pol\u00edticas (STeP) <\/strong>tiene como objetivo mejorar las capacidades de los pa\u00edses miembros del IAI para utilizar la evidencia cient\u00edfica en apoyo de las pol\u00edticas p\u00fablicas relacionadas con el cambio ambiental global. <em>Fellows<\/em> del programa STeP son cient\u00edficos y profesionales en etapas tempranas de su carrera que trabajan en la interfaz entre ciencia y pol\u00edticas en las Am\u00e9ricas.<\/p>\n\n\n\n<p>Adem\u00e1s, el programa STeP busca fortalecer los v\u00ednculos entre ciencia, pol\u00edticas y diplomacia dentro de las instituciones anfitrionas. Responde a la creciente demanda de los gobiernos de construir capacidades en asesor\u00eda cient\u00edfica sobre temas de relevancia socioecon\u00f3mica y ambiental. Este <strong>enfoque tem\u00e1tico<\/strong> de las cohortes se alinea con las agendas multinacionales y multisectoriales identificadas por los pa\u00edses miembros del IAI, socios del programa y financiadores.<\/p>\n\n\n\n<p>La estructura del programa est\u00e1 dise\u00f1ada para:<\/p>\n\n\n\n<ul class=\"wp-block-list\">\n<li>Responder a las necesidades actuales de formaci\u00f3n y creaci\u00f3n de redes de futuros asesores cient\u00edficos en las Am\u00e9ricas.<\/li>\n\n\n\n<li>Conectar las agendas nacionales \u2014a nivel profesional e institucional\u2014 con una plataforma regional de conocimiento t\u00e9cnico-cient\u00edfico y experiencia aplicada en la interfaz ciencia\u2013pol\u00edticas\u2013diplomacia.<\/li>\n<\/ul>\n\n\n\n<p><\/p>\n\n\n\n<p>A trav\u00e9s de un programa comprensivo de desarrollo profesional y mentor\u00eda de dos a\u00f1os de duraci\u00f3n, el programa STeP forma a futuros asesores y l\u00edderes cient\u00edficos de todo el continente americano.<\/p>\n\n\n\n<p><strong><a href=\"https:\/\/iai.int\/es\/cohorte-programa-step-20252027-biodiversidad-y-bioeconomia\/\">Conozca m\u00e1s sobre la cohorte de Biodiversidad y Bioeconom\u00eda.<\/a><\/strong><\/p>\n\n\n\n<p><\/p>\n\n\n\n<figure class=\"wp-block-embed is-type-video is-provider-youtube wp-block-embed-youtube wp-embed-aspect-16-9 wp-has-aspect-ratio\"><div class=\"wp-block-embed__wrapper\">\n<iframe title=\"STeP Fellowship Program Intro\" width=\"800\" height=\"450\" src=\"https:\/\/www.youtube.com\/embed\/blO9A_BiZzI?feature=oembed\" frameborder=\"0\" allow=\"accelerometer; autoplay; clipboard-write; encrypted-media; gyroscope; picture-in-picture; web-share\" referrerpolicy=\"strict-origin-when-cross-origin\" allowfullscreen><\/iframe>\n<\/div><\/figure>\n\n\n\n<div style=\"height:50px\" aria-hidden=\"true\" class=\"wp-block-spacer\"><\/div>\n\n\n\n<div class=\"wp-block-columns is-layout-flex wp-container-core-columns-is-layout-28f84493 wp-block-columns-is-layout-flex\">\n<div class=\"wp-block-column is-layout-flow wp-block-column-is-layout-flow\" style=\"flex-basis:33.33%\">\n<figure class=\"wp-block-image size-full is-resized\"><a href=\"https:\/\/iai.int\/administrador\/assets\/images\/ckfinder\/files\/STeP_e-brochure_Spa.pdf\" target=\"_blank\" rel=\" noreferrer noopener\"><img fetchpriority=\"high\" decoding=\"async\" width=\"492\" height=\"695\" src=\"https:\/\/iai.int\/wp-content\/uploads\/2025\/10\/step_bro_sp.jpg\" alt=\"Folleto STeP\" class=\"wp-image-8324\" style=\"width:193px;height:auto\" srcset=\"https:\/\/iai.int\/wp-content\/uploads\/2025\/10\/step_bro_sp.jpg 492w, https:\/\/iai.int\/wp-content\/uploads\/2025\/10\/step_bro_sp-212x300.jpg 212w\" sizes=\"(max-width: 492px) 100vw, 492px\" \/><\/a><\/figure>\n<\/div>\n\n\n\n<div class=\"wp-block-column is-vertically-aligned-center is-layout-flow wp-block-column-is-layout-flow\" style=\"flex-basis:66.66%\">\n<p><a href=\"https:\/\/iai.int\/administrador\/assets\/images\/ckfinder\/files\/STeP_e-brochure_Spa.pdf\" target=\"_blank\" rel=\"noreferrer noopener\"><strong>Ver el folleto STeP<\/strong><\/a><\/p>\n<\/div>\n<\/div>\n\n\n\n<div style=\"height:50px\" aria-hidden=\"true\" class=\"wp-block-spacer\"><\/div>\n\n\n\n<h4 class=\"wp-block-heading\"><\/h4>\n\n\n\n<div style=\"height:25px\" aria-hidden=\"true\" class=\"wp-block-spacer\"><\/div>\n\n\n\n<p><strong>En primer lugar, \u00bfpor qu\u00e9 ser un <em>fellow<\/em> STeP?<\/strong><\/p>\n\n\n\n<ul class=\"wp-block-list\">\n<li>Desarrollar habilidades para comunicar la ciencia de manera m\u00e1s eficaz a un amplio p\u00fablico pol\u00edtico y social.<\/li>\n\n\n\n<li>Ampliar las opciones profesionales con experiencia en diversos sectores m\u00e1s all\u00e1 del acad\u00e9mico.<\/li>\n\n\n\n<li>Adquirir competencias cr\u00edticas en diplomacia cient\u00edfica, comunicaci\u00f3n, liderazgo y enfoques transdisciplinarios.&nbsp;<\/li>\n<\/ul>\n\n\n\n<div style=\"height:22px\" aria-hidden=\"true\" class=\"wp-block-spacer\"><\/div>\n\n\n\n<p><strong>Perfil de los <em>fellows<\/em> STeP<\/strong><\/p>\n\n\n\n<div class=\"wp-block-group is-layout-constrained wp-block-group-is-layout-constrained\">\n<div class=\"wp-block-group is-layout-constrained wp-block-group-is-layout-constrained\">\n<ul class=\"wp-block-list\">\n<li>Cient\u00edficos en el inicio o mitad de su carrera (en el \u00faltimo a\u00f1o de doctorado o dentro de los diez a\u00f1os posteriores a la finalizaci\u00f3n de un doctorado o equivalente &#8211; D.Ph., EdD, DVM, MD, JD). Tambi\u00e9n se tendr\u00e1n en cuenta las personas que inicien su carrera profesional con un t\u00edtulo de posgrado (equivalente a un m\u00e1ster) y cinco o m\u00e1s a\u00f1os de experiencia profesional relevante.<\/li>\n\n\n\n<li>Postgraduados en campos relevantes del cambio global, incluyendo ciencias<br>biol\u00f3gicas, f\u00edsicas, sociales e ingenier\u00eda, en sectores clave (por ejemplo, salud, agua,<br>energ\u00eda, agricultura, tecnolog\u00edas emergentes).<\/li>\n\n\n\n<li>Responsables de la formulaci\u00f3n de pol\u00edticas que se encuentren en los primeros a\u00f1os<br>de su carrera o en la mitad de la misma y que trabajen en organismos gubernamentales y en el sector privado fomentando la interfaz entre la pol\u00edtica y la ciencia.<\/li>\n\n\n\n<li>Interesados en trabajar en la interfaz ciencia-pol\u00edtica y en la colaboraci\u00f3n multilateral.<\/li>\n\n\n\n<li>Ciudadanos y residentes de pa\u00edses miembros del IAI.<\/li>\n<\/ul>\n<\/div>\n<\/div>\n\n\n\n<div style=\"height:50px\" aria-hidden=\"true\" class=\"wp-block-spacer\"><\/div>\n\n\n\n<p><strong>C\u00f3mo ser un <em>fellow<\/em> STeP<\/strong><\/p>\n\n\n\n<ul class=\"wp-block-list\">\n<li>La convocatoria de <em>fellows<\/em> est\u00e1 actualmente cerrada. Consulte nuestra p\u00e1gina de oportunidades para estar al d\u00eda (enlace a Oportunidades).<\/li>\n\n\n\n<li>Las <em>fellowships<\/em> son financiadas y acogidas por diversas instituciones y\/o Puntos Focales del IAI en la regi\u00f3n. Si usted tiene una instituci\u00f3n anfitriona y cumple con los requisitos de la beca STeP, por favor escriba a <a href=\"mailto:step@dir.iai.int\" target=\"_blank\" rel=\"noreferrer noopener\">step@dir.iai.int<\/a>.<\/li>\n<\/ul>\n\n\n\n<div style=\"height:50px\" aria-hidden=\"true\" class=\"wp-block-spacer\"><\/div>\n\n\n\n<h4 class=\"wp-block-heading\">C\u00f3mo ser un mentor<\/h4>\n\n\n\n<p>La Mentor\u00eda STeP incluye una estrategia basada en evidencias para fortalecer la red individual de los fellows STeP de modo que puedan alinear mejor las habilidades y valores necesarios para prosperar en una interfaz transdisciplinaria ciencia-pol\u00edtica.<br><br>\u00bfRed de mentores? Los fellows pueden y deben ser mentores unos de otros. Tambi\u00e9n se invita a expertos de alto nivel de la comunidad del IAI a desempe\u00f1ar funciones espec\u00edficas de apoyo en los proyectos del grupo de diplomacia cient\u00edfica. Juntos, los fellows STeP aprenden a apoyarse en las fortalezas espec\u00edficas de m\u00faltiples personas de su propia red individual para<br>1) Realizar su trabajo 2) Desarrollarse profesionalmente 3) Garantizar su bienestar general.<br><br>Si est\u00e1 interesado en formar parte de un c\u00edrculo de mentores STeP, escriba a <a href=\"mailto:step@iai.int\" data-type=\"mailto\" data-id=\"mailto:step@iai.int\">step@iai.int<\/a>.<\/p>\n\n\n\n<div style=\"height:50px\" aria-hidden=\"true\" class=\"wp-block-spacer\"><\/div>\n\n\n\n<h4 class=\"wp-block-heading\">C\u00f3mo ser una instituci\u00f3n anfitriona<\/h4>\n\n\n\n<div style=\"height:25px\" aria-hidden=\"true\" class=\"wp-block-spacer\"><\/div>\n\n\n\n<p><strong>\u00bfPor qu\u00e9 convertirse en instituci\u00f3n anfitriona?<\/strong><\/p>\n\n\n\n<ul class=\"wp-block-list\">\n<li>Obtenga asesoramiento sobre cuestiones cient\u00edficas urgentes relacionadas con el cambio medioambiental global y acceso a conocimientos especializados dentro de su organizaci\u00f3n.<\/li>\n\n\n\n<li>Ampl\u00ede la competitividad, las redes y las colaboraciones entre sectores y pa\u00edses de las Am\u00e9ricas.<\/li>\n\n\n\n<li>Cree oportunidades de trabajo para la repatriaci\u00f3n de cient\u00edficos nacionales residentes en el extranjero.<\/li>\n<\/ul>\n\n\n\n<div style=\"height:50px\" aria-hidden=\"true\" class=\"wp-block-spacer\"><\/div>\n\n\n\n<p><strong>\u00bfC\u00f3mo convertirse en instituci\u00f3n anfitriona de STeP?<\/strong><\/p>\n\n\n\n<ul class=\"wp-block-list\">\n<li>La instituci\u00f3n anfitriona puede ser una fundaci\u00f3n, una entidad del sector privado, un organismo del sector p\u00fablico o un ministerio de cualquier nivel, sector o rama del gobierno.<\/li>\n\n\n\n<li>Si su instituci\u00f3n desea ser anfitriona de fellows STeP, por favor revise los Requisitos para Becas STeP y escriba a <a href=\"mailto:step@dir.iai.int\" target=\"_blank\" rel=\"noreferrer noopener\">step@dir.iai.int<\/a>.<\/li>\n\n\n\n<li>El IAI est\u00e1 abierto a negociar los requisitos del programa para adaptarse a las prioridades y necesidades de cada pa\u00eds.<\/li>\n<\/ul>\n\n\n\n<div style=\"height:50px\" aria-hidden=\"true\" class=\"wp-block-spacer\"><\/div>\n\n\n\n<h4 class=\"wp-block-heading\">Contacto<\/h4>\n\n\n\n<p><a href=\"mailto:step@dir.iai.int\" data-type=\"mailto\" data-id=\"mailto:step@dir.iai.int\">step@dir.iai.int<\/a><\/p>\n","protected":false},"excerpt":{"rendered":"<p>Nuestro programa El Programa de Fellowship de Ciencia, Tecnolog\u00eda y Pol\u00edticas (STeP) tiene como objetivo mejorar las capacidades de los pa\u00edses miembros del IAI para utilizar la evidencia cient\u00edfica en apoyo de las pol\u00edticas p\u00fablicas relacionadas con el cambio ambiental global. Fellows del programa STeP son cient\u00edficos y profesionales en etapas tempranas de su carrera [&hellip;]<\/p>\n","protected":false},"author":1,"featured_media":8542,"parent":372,"menu_order":0,"comment_status":"closed","ping_status":"closed","template":"","meta":{"_acf_changed":false,"_uag_custom_page_level_css":"","footnotes":""},"class_list":["post-8322","page","type-page","status-publish","has-post-thumbnail","hentry"],"acf":[],"yoast_head":"<!-- This site is optimized with the Yoast SEO plugin v27.3 - https:\/\/yoast.com\/product\/yoast-seo-wordpress\/ -->\n<title>STeP: Qu\u00e9 es STeP - IAI - Inter-American Institute for Global Change Research<\/title>\n<meta name=\"robots\" content=\"index, follow, max-snippet:-1, max-image-preview:large, max-video-preview:-1\" \/>\n<link rel=\"canonical\" href=\"https:\/\/iai.int\/es\/step-fellowship\/que-es-step\/\" \/>\n<meta property=\"og:locale\" content=\"es_ES\" \/>\n<meta property=\"og:type\" content=\"article\" \/>\n<meta property=\"og:title\" content=\"STeP: Qu\u00e9 es STeP - IAI - Inter-American Institute for Global Change Research\" \/>\n<meta property=\"og:description\" content=\"Nuestro programa El Programa de Fellowship de Ciencia, Tecnolog\u00eda y Pol\u00edticas (STeP) tiene como objetivo mejorar las capacidades de los pa\u00edses miembros del IAI para utilizar la evidencia cient\u00edfica en apoyo de las pol\u00edticas p\u00fablicas relacionadas con el cambio ambiental global. Fellows del programa STeP son cient\u00edficos y profesionales en etapas tempranas de su carrera [&hellip;]\" \/>\n<meta property=\"og:url\" content=\"https:\/\/iai.int\/es\/step-fellowship\/que-es-step\/\" \/>\n<meta property=\"og:site_name\" content=\"IAI - Inter-American Institute for Global Change Research\" \/>\n<meta property=\"article:modified_time\" content=\"2025-11-26T19:18:08+00:00\" \/>\n<meta property=\"og:image\" content=\"https:\/\/iai.int\/wp-content\/uploads\/2025\/10\/step-1.png\" \/>\n\t<meta property=\"og:image:width\" content=\"1772\" \/>\n\t<meta property=\"og:image:height\" content=\"551\" \/>\n\t<meta property=\"og:image:type\" content=\"image\/png\" \/>\n<meta name=\"twitter:card\" content=\"summary_large_image\" \/>\n<meta name=\"twitter:label1\" content=\"Tiempo de lectura\" \/>\n\t<meta name=\"twitter:data1\" content=\"4 minutos\" \/>\n<script type=\"application\/ld+json\" class=\"yoast-schema-graph\">{\"@context\":\"https:\\\/\\\/schema.org\",\"@graph\":[{\"@type\":\"WebPage\",\"@id\":\"https:\\\/\\\/iai.int\\\/es\\\/step-fellowship\\\/que-es-step\\\/\",\"url\":\"https:\\\/\\\/iai.int\\\/es\\\/step-fellowship\\\/que-es-step\\\/\",\"name\":\"STeP: Qu\u00e9 es STeP - IAI - Inter-American Institute for Global Change Research\",\"isPartOf\":{\"@id\":\"https:\\\/\\\/iai.int\\\/es\\\/#website\"},\"primaryImageOfPage\":{\"@id\":\"https:\\\/\\\/iai.int\\\/es\\\/step-fellowship\\\/que-es-step\\\/#primaryimage\"},\"image\":{\"@id\":\"https:\\\/\\\/iai.int\\\/es\\\/step-fellowship\\\/que-es-step\\\/#primaryimage\"},\"thumbnailUrl\":\"https:\\\/\\\/iai.int\\\/wp-content\\\/uploads\\\/2025\\\/10\\\/step-1.png\",\"datePublished\":\"2025-10-20T22:46:35+00:00\",\"dateModified\":\"2025-11-26T19:18:08+00:00\",\"breadcrumb\":{\"@id\":\"https:\\\/\\\/iai.int\\\/es\\\/step-fellowship\\\/que-es-step\\\/#breadcrumb\"},\"inLanguage\":\"es\",\"potentialAction\":[{\"@type\":\"ReadAction\",\"target\":[\"https:\\\/\\\/iai.int\\\/es\\\/step-fellowship\\\/que-es-step\\\/\"]}]},{\"@type\":\"ImageObject\",\"inLanguage\":\"es\",\"@id\":\"https:\\\/\\\/iai.int\\\/es\\\/step-fellowship\\\/que-es-step\\\/#primaryimage\",\"url\":\"https:\\\/\\\/iai.int\\\/wp-content\\\/uploads\\\/2025\\\/10\\\/step-1.png\",\"contentUrl\":\"https:\\\/\\\/iai.int\\\/wp-content\\\/uploads\\\/2025\\\/10\\\/step-1.png\",\"width\":1772,\"height\":551},{\"@type\":\"BreadcrumbList\",\"@id\":\"https:\\\/\\\/iai.int\\\/es\\\/step-fellowship\\\/que-es-step\\\/#breadcrumb\",\"itemListElement\":[{\"@type\":\"ListItem\",\"position\":1,\"name\":\"Portada\",\"item\":\"https:\\\/\\\/iai.int\\\/es\\\/\"},{\"@type\":\"ListItem\",\"position\":2,\"name\":\"Fellowship STeP\",\"item\":\"https:\\\/\\\/iai.int\\\/es\\\/step-fellowship\\\/\"},{\"@type\":\"ListItem\",\"position\":3,\"name\":\"STeP: Qu\u00e9 es STeP\"}]},{\"@type\":\"WebSite\",\"@id\":\"https:\\\/\\\/iai.int\\\/es\\\/#website\",\"url\":\"https:\\\/\\\/iai.int\\\/es\\\/\",\"name\":\"IAI - Inter-American Institute for Global Change Research\",\"description\":\"\",\"publisher\":{\"@id\":\"https:\\\/\\\/iai.int\\\/es\\\/#organization\"},\"potentialAction\":[{\"@type\":\"SearchAction\",\"target\":{\"@type\":\"EntryPoint\",\"urlTemplate\":\"https:\\\/\\\/iai.int\\\/es\\\/?s={search_term_string}\"},\"query-input\":{\"@type\":\"PropertyValueSpecification\",\"valueRequired\":true,\"valueName\":\"search_term_string\"}}],\"inLanguage\":\"es\"},{\"@type\":\"Organization\",\"@id\":\"https:\\\/\\\/iai.int\\\/es\\\/#organization\",\"name\":\"IAI - Inter-American Institute for Global Change Research\",\"url\":\"https:\\\/\\\/iai.int\\\/es\\\/\",\"logo\":{\"@type\":\"ImageObject\",\"inLanguage\":\"es\",\"@id\":\"https:\\\/\\\/iai.int\\\/es\\\/#\\\/schema\\\/logo\\\/image\\\/\",\"url\":\"https:\\\/\\\/iai.int\\\/wp-content\\\/uploads\\\/2025\\\/11\\\/IAI-logo-English-scaled.png\",\"contentUrl\":\"https:\\\/\\\/iai.int\\\/wp-content\\\/uploads\\\/2025\\\/11\\\/IAI-logo-English-scaled.png\",\"width\":2560,\"height\":985,\"caption\":\"IAI - Inter-American Institute for Global Change Research\"},\"image\":{\"@id\":\"https:\\\/\\\/iai.int\\\/es\\\/#\\\/schema\\\/logo\\\/image\\\/\"}}]}<\/script>\n<!-- \/ Yoast SEO plugin. -->","yoast_head_json":{"title":"STeP: Qu\u00e9 es STeP - IAI - Inter-American Institute for Global Change Research","robots":{"index":"index","follow":"follow","max-snippet":"max-snippet:-1","max-image-preview":"max-image-preview:large","max-video-preview":"max-video-preview:-1"},"canonical":"https:\/\/iai.int\/es\/step-fellowship\/que-es-step\/","og_locale":"es_ES","og_type":"article","og_title":"STeP: Qu\u00e9 es STeP - IAI - Inter-American Institute for Global Change Research","og_description":"Nuestro programa El Programa de Fellowship de Ciencia, Tecnolog\u00eda y Pol\u00edticas (STeP) tiene como objetivo mejorar las capacidades de los pa\u00edses miembros del IAI para utilizar la evidencia cient\u00edfica en apoyo de las pol\u00edticas p\u00fablicas relacionadas con el cambio ambiental global. Fellows del programa STeP son cient\u00edficos y profesionales en etapas tempranas de su carrera [&hellip;]","og_url":"https:\/\/iai.int\/es\/step-fellowship\/que-es-step\/","og_site_name":"IAI - Inter-American Institute for Global Change Research","article_modified_time":"2025-11-26T19:18:08+00:00","og_image":[{"width":1772,"height":551,"url":"https:\/\/iai.int\/wp-content\/uploads\/2025\/10\/step-1.png","type":"image\/png"}],"twitter_card":"summary_large_image","twitter_misc":{"Tiempo de lectura":"4 minutos"},"schema":{"@context":"https:\/\/schema.org","@graph":[{"@type":"WebPage","@id":"https:\/\/iai.int\/es\/step-fellowship\/que-es-step\/","url":"https:\/\/iai.int\/es\/step-fellowship\/que-es-step\/","name":"STeP: Qu\u00e9 es STeP - IAI - Inter-American Institute for Global Change Research","isPartOf":{"@id":"https:\/\/iai.int\/es\/#website"},"primaryImageOfPage":{"@id":"https:\/\/iai.int\/es\/step-fellowship\/que-es-step\/#primaryimage"},"image":{"@id":"https:\/\/iai.int\/es\/step-fellowship\/que-es-step\/#primaryimage"},"thumbnailUrl":"https:\/\/iai.int\/wp-content\/uploads\/2025\/10\/step-1.png","datePublished":"2025-10-20T22:46:35+00:00","dateModified":"2025-11-26T19:18:08+00:00","breadcrumb":{"@id":"https:\/\/iai.int\/es\/step-fellowship\/que-es-step\/#breadcrumb"},"inLanguage":"es","potentialAction":[{"@type":"ReadAction","target":["https:\/\/iai.int\/es\/step-fellowship\/que-es-step\/"]}]},{"@type":"ImageObject","inLanguage":"es","@id":"https:\/\/iai.int\/es\/step-fellowship\/que-es-step\/#primaryimage","url":"https:\/\/iai.int\/wp-content\/uploads\/2025\/10\/step-1.png","contentUrl":"https:\/\/iai.int\/wp-content\/uploads\/2025\/10\/step-1.png","width":1772,"height":551},{"@type":"BreadcrumbList","@id":"https:\/\/iai.int\/es\/step-fellowship\/que-es-step\/#breadcrumb","itemListElement":[{"@type":"ListItem","position":1,"name":"Portada","item":"https:\/\/iai.int\/es\/"},{"@type":"ListItem","position":2,"name":"Fellowship STeP","item":"https:\/\/iai.int\/es\/step-fellowship\/"},{"@type":"ListItem","position":3,"name":"STeP: Qu\u00e9 es STeP"}]},{"@type":"WebSite","@id":"https:\/\/iai.int\/es\/#website","url":"https:\/\/iai.int\/es\/","name":"IAI - Inter-American Institute for Global Change Research","description":"","publisher":{"@id":"https:\/\/iai.int\/es\/#organization"},"potentialAction":[{"@type":"SearchAction","target":{"@type":"EntryPoint","urlTemplate":"https:\/\/iai.int\/es\/?s={search_term_string}"},"query-input":{"@type":"PropertyValueSpecification","valueRequired":true,"valueName":"search_term_string"}}],"inLanguage":"es"},{"@type":"Organization","@id":"https:\/\/iai.int\/es\/#organization","name":"IAI - Inter-American Institute for Global Change Research","url":"https:\/\/iai.int\/es\/","logo":{"@type":"ImageObject","inLanguage":"es","@id":"https:\/\/iai.int\/es\/#\/schema\/logo\/image\/","url":"https:\/\/iai.int\/wp-content\/uploads\/2025\/11\/IAI-logo-English-scaled.png","contentUrl":"https:\/\/iai.int\/wp-content\/uploads\/2025\/11\/IAI-logo-English-scaled.png","width":2560,"height":985,"caption":"IAI - Inter-American Institute for Global Change Research"},"image":{"@id":"https:\/\/iai.int\/es\/#\/schema\/logo\/image\/"}}]}},"uagb_featured_image_src":{"full":["https:\/\/iai.int\/wp-content\/uploads\/2025\/10\/step-1.png",1772,551,false],"thumbnail":["https:\/\/iai.int\/wp-content\/uploads\/2025\/10\/step-1-150x150.png",150,150,true],"medium":["https:\/\/iai.int\/wp-content\/uploads\/2025\/10\/step-1-300x93.png",300,93,true],"medium_large":["https:\/\/iai.int\/wp-content\/uploads\/2025\/10\/step-1-768x239.png",768,239,true],"large":["https:\/\/iai.int\/wp-content\/uploads\/2025\/10\/step-1-1024x318.png",800,248,true],"1536x1536":["https:\/\/iai.int\/wp-content\/uploads\/2025\/10\/step-1-1536x478.png",1536,478,true],"2048x2048":["https:\/\/iai.int\/wp-content\/uploads\/2025\/10\/step-1.png",1772,551,false]},"uagb_author_info":{"display_name":"admin","author_link":"https:\/\/iai.int\/es\/author\/admin\/"},"uagb_comment_info":0,"uagb_excerpt":"Nuestro programa El Programa de Fellowship de Ciencia, Tecnolog\u00eda y Pol\u00edticas (STeP) tiene como objetivo mejorar las capacidades de los pa\u00edses miembros del IAI para utilizar la evidencia cient\u00edfica en apoyo de las pol\u00edticas p\u00fablicas relacionadas con el cambio ambiental global. Fellows del programa STeP son cient\u00edficos y profesionales en etapas tempranas de su carrera&hellip;","_links":{"self":[{"href":"https:\/\/iai.int\/es\/wp-json\/wp\/v2\/pages\/8322","targetHints":{"allow":["GET"]}}],"collection":[{"href":"https:\/\/iai.int\/es\/wp-json\/wp\/v2\/pages"}],"about":[{"href":"https:\/\/iai.int\/es\/wp-json\/wp\/v2\/types\/page"}],"author":[{"embeddable":true,"href":"https:\/\/iai.int\/es\/wp-json\/wp\/v2\/users\/1"}],"replies":[{"embeddable":true,"href":"https:\/\/iai.int\/es\/wp-json\/wp\/v2\/comments?post=8322"}],"version-history":[{"count":17,"href":"https:\/\/iai.int\/es\/wp-json\/wp\/v2\/pages\/8322\/revisions"}],"predecessor-version":[{"id":11807,"href":"https:\/\/iai.int\/es\/wp-json\/wp\/v2\/pages\/8322\/revisions\/11807"}],"up":[{"embeddable":true,"href":"https:\/\/iai.int\/es\/wp-json\/wp\/v2\/pages\/372"}],"wp:featuredmedia":[{"embeddable":true,"href":"https:\/\/iai.int\/es\/wp-json\/wp\/v2\/media\/8542"}],"wp:attachment":[{"href":"https:\/\/iai.int\/es\/wp-json\/wp\/v2\/media?parent=8322"}],"curies":[{"name":"wp","href":"https:\/\/api.w.org\/{rel}","templated":true}]}}