{"id":831,"date":"2024-09-16T13:53:13","date_gmt":"2024-09-16T16:53:13","guid":{"rendered":"https:\/\/iai.int\/?page_id=831"},"modified":"2024-09-16T13:53:13","modified_gmt":"2024-09-16T16:53:13","slug":"escenarios-costeros-en-el-caribe-ccs-un-analisis-integrado-de-las-conexiones-tierra-costa-para-guiar-el-uso-sustentable-y-la-proteccion-de-los-ecosistemas-costeros-crn-2061","status":"publish","type":"page","link":"https:\/\/iai.int\/es\/escenarios-costeros-en-el-caribe-ccs-un-analisis-integrado-de-las-conexiones-tierra-costa-para-guiar-el-uso-sustentable-y-la-proteccion-de-los-ecosistemas-costeros-crn-2061\/","title":{"rendered":"Escenarios costeros en el Caribe (CCS): un an\u00e1lisis integrado de las conexiones tierra-costa para guiar el uso sustentable y la protecci\u00f3n de los ecosistemas costeros (CRN 2061)"},"content":{"rendered":"\n<figure class=\"wp-block-image aligncenter\"><img decoding=\"async\" src=\"https:\/\/iai.int\/admin\/site\/sites\/default\/files\/uploads\/fotox3.png\" alt=\"\" class=\"wp-image-23836\"\/><\/figure>\n\n\n\n<p><em>1 Regi\u00f3n de estudio<br>2 El cultivo del arroz anegado se est\u00e1 expandiendo en la Rep\u00fablica Dominicana y en Cuba.<br>Con el aumento de la poblaci\u00f3n y la competencia en la demanda de agua,<br>estas islas enfrentan elecciones dif\u00edciles en la asignaci\u00f3n de agua en el futuro<br>3 El proyecto ha delineado las principales cuencas de drenaje de cada isla (84 en total)<br>y construido modelos hidrol\u00f3gicos operativos para simular la escorrent\u00eda de cada una<\/em><\/p>\n\n\n\n<h3 class=\"wp-block-heading\">Informaci\u00f3n de proyecto<\/h3>\n\n\n\n<p><strong>Investigador principal:<\/strong><\/p>\n\n\n\n<p><em>Assefa Melesse<\/em>&nbsp;(<a href=\"mailto:assefa.melesse@fiu.edu\">assefa.melesse@fiu.edu<\/a>)<br>Florida International University (FIU), EE.UU.<\/p>\n\n\n\n<p><strong>Sitio web del proyecto:<\/strong><\/p>\n\n\n\n<p><a href=\"http:\/\/ccswp.fiu.edu\/\" target=\"_blank\" rel=\"noreferrer noopener\">http:\/\/ccswp.fiu.edu\/<\/a><\/p>\n\n\n\n<p><a href=\"https:\/\/iai.int\/es\/meetings\/detail\/caribbean-coastal-scenarios-ccs-an-integrated-analysis-of-inland-coastal-linkages-to-guide-sustainable-use-and-protection-of-coastal-ecosystems-crn-2061#summary\">Resumen ejecutivo<\/a>&nbsp;<a href=\"https:\/\/iai.int\/es\/meetings\/detail\/caribbean-coastal-scenarios-ccs-an-integrated-analysis-of-inland-coastal-linkages-to-guide-sustainable-use-and-protection-of-coastal-ecosystems-crn-2061#investigadores\">Investigadores<\/a>&nbsp;<a href=\"https:\/\/iai.int\/es\/meetings\/detail\/caribbean-coastal-scenarios-ccs-an-integrated-analysis-of-inland-coastal-linkages-to-guide-sustainable-use-and-protection-of-coastal-ecosystems-crn-2061#students\">Estudiantes<\/a><\/p>\n\n\n\n<h3 class=\"wp-block-heading\" id=\"summary\">Resumen ejecutivo<\/h3>\n\n\n\n<p>Los pa\u00edses insulares del Caribe son altamente vulnerables al cambio ambiental. Este proyecto cuantifica los impactos de las actividades que se realizan tierra adentro sobre los recursos costeros bajo diferentes escenarios de desarrollo y cambio clim\u00e1tico, mediante la aplicaci\u00f3n de conocimientos cient\u00edficos en el modelado y evaluaci\u00f3n de futuros posibles para Cuba, Rep\u00fablica Dominicana, La Espa\u00f1ola, Jamaica y Puerto Rico.<\/p>\n\n\n\n<p><strong>Objetivos<\/strong><br>Caracterizar las cuencas hidrogr\u00e1ficas de las islas y los factores que afectan el flujo de agua, sedimentos y contaminantes hacia los ecosistemas costeros<\/p>\n\n\n\n<p>Estimar el impacto del flujo de las aguas interiores en los recursos costeros<\/p>\n\n\n\n<p>En un di\u00e1logo con actores sociales, construir escenarios futuros de desarrollo, manejo, conservaci\u00f3n y restauraci\u00f3n de los ecosistemas costeros. Apoyar a las naciones insulares en la evaluaci\u00f3n de los problemas ambientales costeros actuales y futuros, su anticipaci\u00f3n y la adaptaci\u00f3n a ellos.<\/p>\n\n\n\n<p><strong>Primeros resultados<\/strong><br>Se mape\u00f3 la cobertura del suelo y los suelos de 84 cuencas hidrogr\u00e1ficas que drenan hacia las aguas costeras en las islas de la Rep\u00fablica Dominicana, Jamaica y Puerto Rico. Se model\u00f3 el clima y la hidrolog\u00eda. Se ha finalizado la calibraci\u00f3n y validaci\u00f3n del modelo en cuencas seleccionadas.<\/p>\n\n\n\n<p>Muchos r\u00edos han sido alterados por la construcci\u00f3n de diques, canales y desag\u00fces cloacales, lo que result\u00f3 en un deterioro de la calidad del agua y un aumento de la biomasa algal, la exportaci\u00f3n de nutrientes y sedimentaci\u00f3n.<\/p>\n\n\n\n<p>En Puerto Rico, donde cerca del 80% de la poblaci\u00f3n vive en \u00e1reas urbanas, se trata alrededor del 50% de las aguas residuales. Los nitratos y fosfatos de los efluentes de aguas residuales contaminan los r\u00edos.<\/p>\n\n\n\n<p>En la Rep\u00fablica Dominicana, en la cuenca superior del R\u00edo Haina se ha observado deforestaci\u00f3n, sobrepastoreo y agricultura de roza y quema. Los caudales m\u00e1ximos provocan inundaciones, destrucci\u00f3n de infraestructura, propiedades y ocasionalmente, la p\u00e9rdida de vidas.<\/p>\n\n\n\n<h3 class=\"wp-block-heading\" id=\"investigadores\">Investigadores del projecto<\/h3>\n\n\n\n<p>Assefa Melesse \u2013&nbsp;<a href=\"mailto:assefa.melesse@fiu.edu\">assefa.melesse@fiu.edu<\/a><br>Florida International University (FIU), EE.UU.<\/p>\n\n\n\n<p><strong>Co-Investigadores<\/strong><br>Dale Webber (University of the West Indies, Mona Campus), Felipe Vicioso (Universidad Aut\u00f3noma de Santo Domingo), Francisco Nunez (The Nature Conservancy), Jorge Ortiz (Universidad de Puerto Rico), Michael E. McClain (Florida International University), Zhaohui Jennifer Fu (Florida International University)<\/p>\n\n\n\n<p><strong>V\u00ednculos con otros proyectos del IAI<\/strong><br>Este proyecto coopera con el proyecto de dimensiones humanas SGP-HD 009.<\/p>\n\n\n\n<p>Actualizado en 2\/2010<\/p>\n\n\n\n<p><a href=\"http:\/\/ccswp.fiu.edu\/\" target=\"_blank\" rel=\"noreferrer noopener\">Sitio web del proyecto<\/a><\/p>\n\n\n\n<p><a href=\"https:\/\/iai.int\/admin\/site\/sites\/default\/files\/CRN2061.pdf\" target=\"_blank\" rel=\"noreferrer noopener\">(Archivo PDF en Ingles)<\/a><\/p>\n\n\n\n<h3 class=\"wp-block-heading\" id=\"students\">Estudiantes<\/h3>\n\n\n\n<p><em>Ainsley Henry<\/em>, maestr\u00eda, University of the West Indies, Jamaica.<br><em>Antonio Morillo<\/em>, grado, Universidad Aut\u00f3noma de Santo Domingo, Dominica.<br><em>Carmen de Jesus<\/em>, grado, Universidad Aut\u00f3noma de Santo Domingo, Dominica.<br><em>Danehue Collash<\/em>, grado, University of the West Indies, Jamaica.<br><em>Debora Figueroa<\/em>, doctorado, University of New Hampshire, Puerto Rico.<br><em>Fabian Taylor<\/em>, grado, University of the West Indies, Jamaica.<br><em>Gaby Noel<\/em>, grado, Universidad Aut\u00f3noma de Santo Domingo, Hait\u00ed.<br><em>Giovany Ventura<\/em>, grado, Universidad Aut\u00f3noma de Santo Domingo, Dominica<br><em>Hamlet Perez<\/em>, doctorado, University of Puerto Rico, Puerto Rico.<br><em>Julus Chenier<\/em>, grado, Universidad Aut\u00f3noma de Santo Domingo, Hait\u00ed.<br><em>Keion Smith<\/em>, grado, University of the West Indies, Jamaica.<br><em>Kerrine Senior<\/em>, doctorado, University of the West Indies, Jamaica.<br><em>Litay Ramos<\/em>, grado, Universidad Aut\u00f3noma de Santo Domingo, Dominica.<br><em>Maximo Ramos<\/em>, grado, Universidad Aut\u00f3noma de Santo Domingo, Dominica.<br><em>Midouin Lidelias<\/em>, grado, Universidad Aut\u00f3noma de Santo Domingo, Haiti.<br><em>Miguela Moscat<\/em>, grado, Universidad Aut\u00f3noma de Santo Domingo, Dominica.<br><em>Nenpan Tunkuda<\/em>, maestr\u00eda, Florida International University, Nigeria.<br><em>Orville Grey<\/em>, doctorado, University of the West Indies, Jamaica.<br><em>Pedro Antonio de los Santos<\/em>, Universidad Aut\u00f3noma de Santo Domingo, Dominica.<br><em>Pedro Emilian de Los Santos<\/em>, grado, Universidad Aut\u00f3noma de Santo Domingo, Dominica.<br><em>Raymond Vilfort<\/em>, grado, Universidad Aut\u00f3noma de Santo Domingo, Hait\u00ed.<br><em>Ricardo Robinson<\/em>, grado, University of the West Indies, Jamaica.<br><em>Sergot Remarque<\/em>, grado, Universidad Aut\u00f3noma de Santo Domingo, Hait\u00ed.<br><em>Yonkers Garces<\/em>, grado, Universidad Aut\u00f3noma de Santo Domingo, Dominica.<br><em>Yuneri Mendoza<\/em>, grado, Universidad Aut\u00f3noma de Santo Domingo, Dominica.<\/p>\n","protected":false},"excerpt":{"rendered":"<p>1 Regi\u00f3n de estudio2 El cultivo del arroz anegado se est\u00e1 expandiendo en la Rep\u00fablica Dominicana y en Cuba.Con el aumento de la poblaci\u00f3n y la competencia en la demanda de agua,estas islas enfrentan elecciones dif\u00edciles en la asignaci\u00f3n de agua en el futuro3 El proyecto ha delineado las principales cuencas de drenaje de cada [&hellip;]<\/p>\n","protected":false},"author":1,"featured_media":0,"parent":0,"menu_order":0,"comment_status":"closed","ping_status":"closed","template":"","meta":{"_acf_changed":false,"_uag_custom_page_level_css":"","footnotes":""},"class_list":["post-831","page","type-page","status-publish","hentry"],"acf":[],"yoast_head":"<!-- This site is optimized with the Yoast SEO plugin v27.3 - https:\/\/yoast.com\/product\/yoast-seo-wordpress\/ -->\n<title>Escenarios costeros en el Caribe (CCS): un an\u00e1lisis integrado de las conexiones tierra-costa para guiar el uso sustentable y la protecci\u00f3n de los ecosistemas costeros (CRN 2061) - IAI - Inter-American Institute for Global Change Research<\/title>\n<meta name=\"robots\" content=\"index, follow, max-snippet:-1, max-image-preview:large, max-video-preview:-1\" \/>\n<link rel=\"canonical\" href=\"https:\/\/iai.int\/es\/escenarios-costeros-en-el-caribe-ccs-un-analisis-integrado-de-las-conexiones-tierra-costa-para-guiar-el-uso-sustentable-y-la-proteccion-de-los-ecosistemas-costeros-crn-2061\/\" \/>\n<meta property=\"og:locale\" content=\"es_ES\" \/>\n<meta property=\"og:type\" content=\"article\" \/>\n<meta property=\"og:title\" content=\"Escenarios costeros en el Caribe (CCS): un an\u00e1lisis integrado de las conexiones tierra-costa para guiar el uso sustentable y la protecci\u00f3n de los ecosistemas costeros (CRN 2061) - IAI - Inter-American Institute for Global Change Research\" \/>\n<meta property=\"og:description\" content=\"1 Regi\u00f3n de estudio2 El cultivo del arroz anegado se est\u00e1 expandiendo en la Rep\u00fablica Dominicana y en Cuba.Con el aumento de la poblaci\u00f3n y la competencia en la demanda de agua,estas islas enfrentan elecciones dif\u00edciles en la asignaci\u00f3n de agua en el futuro3 El proyecto ha delineado las principales cuencas de drenaje de cada [&hellip;]\" \/>\n<meta property=\"og:url\" content=\"https:\/\/iai.int\/es\/escenarios-costeros-en-el-caribe-ccs-un-analisis-integrado-de-las-conexiones-tierra-costa-para-guiar-el-uso-sustentable-y-la-proteccion-de-los-ecosistemas-costeros-crn-2061\/\" \/>\n<meta property=\"og:site_name\" content=\"IAI - Inter-American Institute for Global Change Research\" \/>\n<meta name=\"twitter:card\" content=\"summary_large_image\" \/>\n<meta name=\"twitter:label1\" content=\"Tiempo de lectura\" \/>\n\t<meta name=\"twitter:data1\" content=\"4 minutos\" \/>\n<script type=\"application\/ld+json\" class=\"yoast-schema-graph\">{\"@context\":\"https:\\\/\\\/schema.org\",\"@graph\":[{\"@type\":\"WebPage\",\"@id\":\"https:\\\/\\\/iai.int\\\/es\\\/escenarios-costeros-en-el-caribe-ccs-un-analisis-integrado-de-las-conexiones-tierra-costa-para-guiar-el-uso-sustentable-y-la-proteccion-de-los-ecosistemas-costeros-crn-2061\\\/\",\"url\":\"https:\\\/\\\/iai.int\\\/es\\\/escenarios-costeros-en-el-caribe-ccs-un-analisis-integrado-de-las-conexiones-tierra-costa-para-guiar-el-uso-sustentable-y-la-proteccion-de-los-ecosistemas-costeros-crn-2061\\\/\",\"name\":\"Escenarios costeros en el Caribe (CCS): un an\u00e1lisis integrado de las conexiones tierra-costa para guiar el uso sustentable y la protecci\u00f3n de los ecosistemas costeros (CRN 2061) - IAI - Inter-American Institute for Global Change Research\",\"isPartOf\":{\"@id\":\"https:\\\/\\\/iai.int\\\/es\\\/#website\"},\"primaryImageOfPage\":{\"@id\":\"https:\\\/\\\/iai.int\\\/es\\\/escenarios-costeros-en-el-caribe-ccs-un-analisis-integrado-de-las-conexiones-tierra-costa-para-guiar-el-uso-sustentable-y-la-proteccion-de-los-ecosistemas-costeros-crn-2061\\\/#primaryimage\"},\"image\":{\"@id\":\"https:\\\/\\\/iai.int\\\/es\\\/escenarios-costeros-en-el-caribe-ccs-un-analisis-integrado-de-las-conexiones-tierra-costa-para-guiar-el-uso-sustentable-y-la-proteccion-de-los-ecosistemas-costeros-crn-2061\\\/#primaryimage\"},\"thumbnailUrl\":\"https:\\\/\\\/iai.int\\\/admin\\\/site\\\/sites\\\/default\\\/files\\\/uploads\\\/fotox3.png\",\"datePublished\":\"2024-09-16T16:53:13+00:00\",\"breadcrumb\":{\"@id\":\"https:\\\/\\\/iai.int\\\/es\\\/escenarios-costeros-en-el-caribe-ccs-un-analisis-integrado-de-las-conexiones-tierra-costa-para-guiar-el-uso-sustentable-y-la-proteccion-de-los-ecosistemas-costeros-crn-2061\\\/#breadcrumb\"},\"inLanguage\":\"es\",\"potentialAction\":[{\"@type\":\"ReadAction\",\"target\":[\"https:\\\/\\\/iai.int\\\/es\\\/escenarios-costeros-en-el-caribe-ccs-un-analisis-integrado-de-las-conexiones-tierra-costa-para-guiar-el-uso-sustentable-y-la-proteccion-de-los-ecosistemas-costeros-crn-2061\\\/\"]}]},{\"@type\":\"ImageObject\",\"inLanguage\":\"es\",\"@id\":\"https:\\\/\\\/iai.int\\\/es\\\/escenarios-costeros-en-el-caribe-ccs-un-analisis-integrado-de-las-conexiones-tierra-costa-para-guiar-el-uso-sustentable-y-la-proteccion-de-los-ecosistemas-costeros-crn-2061\\\/#primaryimage\",\"url\":\"https:\\\/\\\/iai.int\\\/admin\\\/site\\\/sites\\\/default\\\/files\\\/uploads\\\/fotox3.png\",\"contentUrl\":\"https:\\\/\\\/iai.int\\\/admin\\\/site\\\/sites\\\/default\\\/files\\\/uploads\\\/fotox3.png\"},{\"@type\":\"BreadcrumbList\",\"@id\":\"https:\\\/\\\/iai.int\\\/es\\\/escenarios-costeros-en-el-caribe-ccs-un-analisis-integrado-de-las-conexiones-tierra-costa-para-guiar-el-uso-sustentable-y-la-proteccion-de-los-ecosistemas-costeros-crn-2061\\\/#breadcrumb\",\"itemListElement\":[{\"@type\":\"ListItem\",\"position\":1,\"name\":\"Portada\",\"item\":\"https:\\\/\\\/iai.int\\\/es\\\/\"},{\"@type\":\"ListItem\",\"position\":2,\"name\":\"Escenarios costeros en el Caribe (CCS): un an\u00e1lisis integrado de las conexiones tierra-costa para guiar el uso sustentable y la protecci\u00f3n de los ecosistemas costeros (CRN 2061)\"}]},{\"@type\":\"WebSite\",\"@id\":\"https:\\\/\\\/iai.int\\\/es\\\/#website\",\"url\":\"https:\\\/\\\/iai.int\\\/es\\\/\",\"name\":\"IAI - Inter-American Institute for Global Change Research\",\"description\":\"\",\"publisher\":{\"@id\":\"https:\\\/\\\/iai.int\\\/es\\\/#organization\"},\"potentialAction\":[{\"@type\":\"SearchAction\",\"target\":{\"@type\":\"EntryPoint\",\"urlTemplate\":\"https:\\\/\\\/iai.int\\\/es\\\/?s={search_term_string}\"},\"query-input\":{\"@type\":\"PropertyValueSpecification\",\"valueRequired\":true,\"valueName\":\"search_term_string\"}}],\"inLanguage\":\"es\"},{\"@type\":\"Organization\",\"@id\":\"https:\\\/\\\/iai.int\\\/es\\\/#organization\",\"name\":\"IAI - Inter-American Institute for Global Change Research\",\"url\":\"https:\\\/\\\/iai.int\\\/es\\\/\",\"logo\":{\"@type\":\"ImageObject\",\"inLanguage\":\"es\",\"@id\":\"https:\\\/\\\/iai.int\\\/es\\\/#\\\/schema\\\/logo\\\/image\\\/\",\"url\":\"https:\\\/\\\/iai.int\\\/wp-content\\\/uploads\\\/2025\\\/11\\\/IAI-logo-English-scaled.png\",\"contentUrl\":\"https:\\\/\\\/iai.int\\\/wp-content\\\/uploads\\\/2025\\\/11\\\/IAI-logo-English-scaled.png\",\"width\":2560,\"height\":985,\"caption\":\"IAI - Inter-American Institute for Global Change Research\"},\"image\":{\"@id\":\"https:\\\/\\\/iai.int\\\/es\\\/#\\\/schema\\\/logo\\\/image\\\/\"}}]}<\/script>\n<!-- \/ Yoast SEO plugin. -->","yoast_head_json":{"title":"Escenarios costeros en el Caribe (CCS): un an\u00e1lisis integrado de las conexiones tierra-costa para guiar el uso sustentable y la protecci\u00f3n de los ecosistemas costeros (CRN 2061) - IAI - Inter-American Institute for Global Change Research","robots":{"index":"index","follow":"follow","max-snippet":"max-snippet:-1","max-image-preview":"max-image-preview:large","max-video-preview":"max-video-preview:-1"},"canonical":"https:\/\/iai.int\/es\/escenarios-costeros-en-el-caribe-ccs-un-analisis-integrado-de-las-conexiones-tierra-costa-para-guiar-el-uso-sustentable-y-la-proteccion-de-los-ecosistemas-costeros-crn-2061\/","og_locale":"es_ES","og_type":"article","og_title":"Escenarios costeros en el Caribe (CCS): un an\u00e1lisis integrado de las conexiones tierra-costa para guiar el uso sustentable y la protecci\u00f3n de los ecosistemas costeros (CRN 2061) - IAI - Inter-American Institute for Global Change Research","og_description":"1 Regi\u00f3n de estudio2 El cultivo del arroz anegado se est\u00e1 expandiendo en la Rep\u00fablica Dominicana y en Cuba.Con el aumento de la poblaci\u00f3n y la competencia en la demanda de agua,estas islas enfrentan elecciones dif\u00edciles en la asignaci\u00f3n de agua en el futuro3 El proyecto ha delineado las principales cuencas de drenaje de cada [&hellip;]","og_url":"https:\/\/iai.int\/es\/escenarios-costeros-en-el-caribe-ccs-un-analisis-integrado-de-las-conexiones-tierra-costa-para-guiar-el-uso-sustentable-y-la-proteccion-de-los-ecosistemas-costeros-crn-2061\/","og_site_name":"IAI - Inter-American Institute for Global Change Research","twitter_card":"summary_large_image","twitter_misc":{"Tiempo de lectura":"4 minutos"},"schema":{"@context":"https:\/\/schema.org","@graph":[{"@type":"WebPage","@id":"https:\/\/iai.int\/es\/escenarios-costeros-en-el-caribe-ccs-un-analisis-integrado-de-las-conexiones-tierra-costa-para-guiar-el-uso-sustentable-y-la-proteccion-de-los-ecosistemas-costeros-crn-2061\/","url":"https:\/\/iai.int\/es\/escenarios-costeros-en-el-caribe-ccs-un-analisis-integrado-de-las-conexiones-tierra-costa-para-guiar-el-uso-sustentable-y-la-proteccion-de-los-ecosistemas-costeros-crn-2061\/","name":"Escenarios costeros en el Caribe (CCS): un an\u00e1lisis integrado de las conexiones tierra-costa para guiar el uso sustentable y la protecci\u00f3n de los ecosistemas costeros (CRN 2061) - IAI - Inter-American Institute for Global Change Research","isPartOf":{"@id":"https:\/\/iai.int\/es\/#website"},"primaryImageOfPage":{"@id":"https:\/\/iai.int\/es\/escenarios-costeros-en-el-caribe-ccs-un-analisis-integrado-de-las-conexiones-tierra-costa-para-guiar-el-uso-sustentable-y-la-proteccion-de-los-ecosistemas-costeros-crn-2061\/#primaryimage"},"image":{"@id":"https:\/\/iai.int\/es\/escenarios-costeros-en-el-caribe-ccs-un-analisis-integrado-de-las-conexiones-tierra-costa-para-guiar-el-uso-sustentable-y-la-proteccion-de-los-ecosistemas-costeros-crn-2061\/#primaryimage"},"thumbnailUrl":"https:\/\/iai.int\/admin\/site\/sites\/default\/files\/uploads\/fotox3.png","datePublished":"2024-09-16T16:53:13+00:00","breadcrumb":{"@id":"https:\/\/iai.int\/es\/escenarios-costeros-en-el-caribe-ccs-un-analisis-integrado-de-las-conexiones-tierra-costa-para-guiar-el-uso-sustentable-y-la-proteccion-de-los-ecosistemas-costeros-crn-2061\/#breadcrumb"},"inLanguage":"es","potentialAction":[{"@type":"ReadAction","target":["https:\/\/iai.int\/es\/escenarios-costeros-en-el-caribe-ccs-un-analisis-integrado-de-las-conexiones-tierra-costa-para-guiar-el-uso-sustentable-y-la-proteccion-de-los-ecosistemas-costeros-crn-2061\/"]}]},{"@type":"ImageObject","inLanguage":"es","@id":"https:\/\/iai.int\/es\/escenarios-costeros-en-el-caribe-ccs-un-analisis-integrado-de-las-conexiones-tierra-costa-para-guiar-el-uso-sustentable-y-la-proteccion-de-los-ecosistemas-costeros-crn-2061\/#primaryimage","url":"https:\/\/iai.int\/admin\/site\/sites\/default\/files\/uploads\/fotox3.png","contentUrl":"https:\/\/iai.int\/admin\/site\/sites\/default\/files\/uploads\/fotox3.png"},{"@type":"BreadcrumbList","@id":"https:\/\/iai.int\/es\/escenarios-costeros-en-el-caribe-ccs-un-analisis-integrado-de-las-conexiones-tierra-costa-para-guiar-el-uso-sustentable-y-la-proteccion-de-los-ecosistemas-costeros-crn-2061\/#breadcrumb","itemListElement":[{"@type":"ListItem","position":1,"name":"Portada","item":"https:\/\/iai.int\/es\/"},{"@type":"ListItem","position":2,"name":"Escenarios costeros en el Caribe (CCS): un an\u00e1lisis integrado de las conexiones tierra-costa para guiar el uso sustentable y la protecci\u00f3n de los ecosistemas costeros (CRN 2061)"}]},{"@type":"WebSite","@id":"https:\/\/iai.int\/es\/#website","url":"https:\/\/iai.int\/es\/","name":"IAI - Inter-American Institute for Global Change Research","description":"","publisher":{"@id":"https:\/\/iai.int\/es\/#organization"},"potentialAction":[{"@type":"SearchAction","target":{"@type":"EntryPoint","urlTemplate":"https:\/\/iai.int\/es\/?s={search_term_string}"},"query-input":{"@type":"PropertyValueSpecification","valueRequired":true,"valueName":"search_term_string"}}],"inLanguage":"es"},{"@type":"Organization","@id":"https:\/\/iai.int\/es\/#organization","name":"IAI - Inter-American Institute for Global Change Research","url":"https:\/\/iai.int\/es\/","logo":{"@type":"ImageObject","inLanguage":"es","@id":"https:\/\/iai.int\/es\/#\/schema\/logo\/image\/","url":"https:\/\/iai.int\/wp-content\/uploads\/2025\/11\/IAI-logo-English-scaled.png","contentUrl":"https:\/\/iai.int\/wp-content\/uploads\/2025\/11\/IAI-logo-English-scaled.png","width":2560,"height":985,"caption":"IAI - Inter-American Institute for Global Change Research"},"image":{"@id":"https:\/\/iai.int\/es\/#\/schema\/logo\/image\/"}}]}},"uagb_featured_image_src":{"full":false,"thumbnail":false,"medium":false,"medium_large":false,"large":false,"1536x1536":false,"2048x2048":false},"uagb_author_info":{"display_name":"admin","author_link":"https:\/\/iai.int\/es\/author\/admin\/"},"uagb_comment_info":0,"uagb_excerpt":"1 Regi\u00f3n de estudio2 El cultivo del arroz anegado se est\u00e1 expandiendo en la Rep\u00fablica Dominicana y en Cuba.Con el aumento de la poblaci\u00f3n y la competencia en la demanda de agua,estas islas enfrentan elecciones dif\u00edciles en la asignaci\u00f3n de agua en el futuro3 El proyecto ha delineado las principales cuencas de drenaje de cada&hellip;","_links":{"self":[{"href":"https:\/\/iai.int\/es\/wp-json\/wp\/v2\/pages\/831","targetHints":{"allow":["GET"]}}],"collection":[{"href":"https:\/\/iai.int\/es\/wp-json\/wp\/v2\/pages"}],"about":[{"href":"https:\/\/iai.int\/es\/wp-json\/wp\/v2\/types\/page"}],"author":[{"embeddable":true,"href":"https:\/\/iai.int\/es\/wp-json\/wp\/v2\/users\/1"}],"replies":[{"embeddable":true,"href":"https:\/\/iai.int\/es\/wp-json\/wp\/v2\/comments?post=831"}],"version-history":[{"count":1,"href":"https:\/\/iai.int\/es\/wp-json\/wp\/v2\/pages\/831\/revisions"}],"predecessor-version":[{"id":832,"href":"https:\/\/iai.int\/es\/wp-json\/wp\/v2\/pages\/831\/revisions\/832"}],"wp:attachment":[{"href":"https:\/\/iai.int\/es\/wp-json\/wp\/v2\/media?parent=831"}],"curies":[{"name":"wp","href":"https:\/\/api.w.org\/{rel}","templated":true}]}}