{"id":828,"date":"2024-09-16T13:51:45","date_gmt":"2024-09-16T16:51:45","guid":{"rendered":"https:\/\/iai.int\/?page_id=828"},"modified":"2024-09-16T13:51:45","modified_gmt":"2024-09-16T16:51:45","slug":"estrategias-efectivas-de-adaptacion-y-reduccion-de-riesgos-por-fluctuaciones-de-precios-y-cambios-climaticos-lecciones-de-la-crisis-del-cafe-en-mesoamerica-crn-2060","status":"publish","type":"page","link":"https:\/\/iai.int\/es\/estrategias-efectivas-de-adaptacion-y-reduccion-de-riesgos-por-fluctuaciones-de-precios-y-cambios-climaticos-lecciones-de-la-crisis-del-cafe-en-mesoamerica-crn-2060\/","title":{"rendered":"Estrategias efectivas de adaptaci\u00f3n y reducci\u00f3n de riesgos por fluctuaciones de precios y cambios clim\u00e1ticos: lecciones de la crisis del caf\u00e9 en Mesoam\u00e9rica (CRN 2060)"},"content":{"rendered":"\n<p><img fetchpriority=\"high\" decoding=\"async\" alt=\"crn2060b\" height=\"171\" src=\"https:\/\/iai.int\/admin\/site\/sites\/default\/files\/uploads\/2014\/03\/crn2060b.jpg\" width=\"690\"><br><em>1) Efectos de una tormenta tropical sobre una plantaci\u00f3n de caf\u00e9 (foto de Eddie Garc\u00eda, 2005).<br>2) \u00bfEstrategia efectiva? venta directa con valor agregado en Jitolol, M\u00e9xico (foto de Helda Morales, 2006).<br>3) Caficultor utilizando una estaci\u00f3n meteorol\u00f3gica 4) Capacitaci\u00f3n de encuestadores en Barberena, Guatemala (foto de Axel Arana, 2007)<\/em><\/p>\n\n\n\n<h3 class=\"wp-block-heading\">Informaci\u00f3n de proyecto<\/h3>\n\n\n\n<p><strong>Investigador principal:<\/strong><\/p>\n\n\n\n<p><em>Edwin Castellanos<\/em>&nbsp;(<a href=\"mailto:ecastell@uvg.edu.gt\">ecastell@uvg.edu.gt<\/a>)<br>Universidad del Valle de Guatemala<\/p>\n\n\n\n<p><strong>Sitio web del proyecto:<\/strong><\/p>\n\n\n\n<p><a href=\"http:\/\/www.uvg.edu.gt\/instituto\/centros\/cea\/cafe\" target=\"_blank\" rel=\"noreferrer noopener\">http:\/\/www.uvg.edu.gt\/instituto\/centros\/cea\/cafe<\/a><\/p>\n\n\n\n<p><strong>Papers publicados:<\/strong><\/p>\n\n\n\n<p><a href=\"http:\/\/www.citeulike.org\/user\/IAI\/tag\/crn2060\" target=\"_blank\" rel=\"noreferrer noopener\">http:\/\/www.citeulike.org\/user\/IAI\/tag\/crn2060<\/a><\/p>\n\n\n\n<p><br><br>Esta investigaci\u00f3n continu\u00f3 en el&nbsp;<a href=\"http:\/\/iai.int\/es\/meetings\/detail\/sgp-cra-2060\" target=\"_blank\" rel=\"noreferrer noopener\">SGP-CRA 2060 con el mismo t\u00edtulo<\/a><\/p>\n\n\n\n<p><a href=\"https:\/\/iai.int\/es\/meetings\/detail\/crn2060#summary\">Resumen ejecutivo<\/a>&nbsp;<a href=\"https:\/\/iai.int\/es\/meetings\/detail\/crn2060#investigadores\">Investigadores<\/a><\/p>\n\n\n\n<h3 class=\"wp-block-heading\" id=\"summary\">Resumen ejecutivo<\/h3>\n\n\n\n<p>Los productores de caf\u00e9 de Guatemala, Honduras, M\u00e9xico y Costa Rica vienen sufriendo eventos de tiempo inusualmente extremos, alta incidencia de plagas y enfermedades, as\u00ed como la volatilidad de los precios desde 1997. Este proyecto analiza c\u00f3mo responden los productores a estas amenazas, con el fin de elaborar estrategias y herramientas para los caficultores vulnerables que enfrentan los efectos del cambio global.<\/p>\n\n\n\n<p><strong>Objetivos<\/strong><br>Identificar los impactos de la variabilidad econ\u00f3mica y clim\u00e1tica en los medios de vida y las redes sociales de los caficultores<\/p>\n\n\n\n<p>Evaluar la efectividad de las estrategias individuales y grupales para enfrentar los problemas<\/p>\n\n\n\n<p>Analizar los programas comunitarios gubernamentales y no gubernamentales<\/p>\n\n\n\n<p>Ayudar a la comunicaci\u00f3n entre comunidades y agencias gubernamentales locales y nacionales con el fin de revisar las pol\u00edticas<\/p>\n\n\n\n<p><strong>Primeros resultados<\/strong><br>Aun los cambios clim\u00e1ticos menores pueden sacar los cultivos de caf\u00e9 de su rango ecol\u00f3gico y econ\u00f3mico \u00f3ptimo, particularmente en \u00e1reas donde las condiciones ya son marginales (por ejemplo, suelos excesivamente secos o completamente inundados). Aun as\u00ed, los productores perciben las amenazas del mercado como una amenaza mayor que la variabilidad clim\u00e1tica. Muchos productores de los sitios de estudio contin\u00faan cultivando caf\u00e9 aunque sea riesgoso, porque las alternativas lo son a\u00fan m\u00e1s.<\/p>\n\n\n\n<p>Para reducir los impactos de los eventos clim\u00e1ticos negativos, los productores utilizan una serie de estrategias: algunos plantan cultivos alternativos, otros diversifican las fuentes de ingreso y un cuarto de ellos (valores para Honduras) migra, a menudo con dif\u00edciles consecuencias sociales y legales.<\/p>\n\n\n\n<p>Los factores que ayudan a los productores a adaptarse al cambio global son (1) un mejor acceso a la informaci\u00f3n acerca de las fluctuaciones en el mercado y el clima; (2) un mejor acceso a seguros y cr\u00e9ditos; y (3) una mayor capacidad para organizarse en grupos locales y mantenerlos (por ejemplo, cooperativas).<\/p>\n\n\n\n<p>La tala de los \u00e1rboles de sombra para preparar el suelo para otros cultivos puede llevar a mayores riesgos de erosi\u00f3n, degradaci\u00f3n del suelo y p\u00e9rdida de biodiversidad. La deforestaci\u00f3n tambi\u00e9n afecta el balance de carbono, ya que reduce la cantidad de sumideros de carbono.<\/p>\n\n\n\n<p>Cuando el paisaje es dominado por bosques secundarios, los objetivos de conservaci\u00f3n deber\u00edan incorporar transiciones sustentables entre los bosques y la agricultura.<\/p>\n\n\n\n<p>Resulta m\u00e1s sencillo para la pol\u00edtica responder a los impulsores de mediano plazo como la emergencia de nuevas plagas o nuevas oportunidades del mercado que dan tiempo para desarrollar arreglos institucionales. Los procesos muy lentos como la disminuci\u00f3n de la fertilidad del suelo o el cambio clim\u00e1tico son muy dif\u00edciles de percibir y a mendo suelen quedar fuera de la agenda pol\u00edtica pese a sus impactos importantes y duraderos.<\/p>\n\n\n\n<p>Los estudios de caso del proyecto sugieren que las pol\u00edticas deben ajustarse a los contextos y percepciones locales, y es probable que ninguna propuesta pol\u00edtica por s\u00ed sola abarque el rango de experiencias y condiciones de la regi\u00f3n.<\/p>\n\n\n\n<h3 class=\"wp-block-heading\" id=\"investigadores\">Investigadores del projecto<\/h3>\n\n\n\n<p>Edwin Castellanos \u2013&nbsp;<a href=\"mailto:ecastell@uvg.edu.gt\">ecastell@uvg.edu.gt<\/a><br>Universidad del Valle de Guatemala<\/p>\n\n\n\n<p>Rafael D\u00edaz Porras, Gerardo Jim\u00e9nez (Universidad Nacional de Costa Rica, Costa Rica), Francisco Anzueto (ANACAFE, Asociaci\u00f3n Nacional del Caf\u00e9), Guatemala), Sandra de Urioste-Stone (Universidad del Valle de Guatemala, Guatemala), Catherine Tucker (Indiana University, EE.UU.), Gustavo Cruz (INIFAP, M\u00e9xico), Hallie Eakin (School of Sustainability, Arizona State University, EE.UU.), Helda Morales, Juan Francisco Barrera (El Colegio de la Frontera Sur, M\u00e9xico).<\/p>\n\n\n\n<p>Actualizado en 3\/2010<\/p>\n\n\n\n<p><a href=\"http:\/\/www.uvg.edu.gt\/instituto\/centros\/cea\/cafe\" target=\"_blank\" rel=\"noreferrer noopener\">Sitio web del proyecto<\/a><\/p>\n\n\n\n<p><a href=\"https:\/\/iai.int\/admin\/site\/sites\/default\/files\/uploads\/2014\/03\/Policy_Brief_English_CRN2060.pdf\" target=\"_blank\" rel=\"noreferrer noopener\">Informe para pol\u00edticos (en ingl\u00e9s)<\/a><\/p>\n\n\n\n<p><a href=\"https:\/\/iai.int\/admin\/site\/sites\/default\/files\/uploads\/2014\/03\/CRN2_611.pdf\" target=\"_blank\" rel=\"noreferrer noopener\">informaci\u00f3n en PDF<\/a><\/p>\n","protected":false},"excerpt":{"rendered":"<p>1) Efectos de una tormenta tropical sobre una plantaci\u00f3n de caf\u00e9 (foto de Eddie Garc\u00eda, 2005).2) \u00bfEstrategia efectiva? venta directa con valor agregado en Jitolol, M\u00e9xico (foto de Helda Morales, 2006).3) Caficultor utilizando una estaci\u00f3n meteorol\u00f3gica 4) Capacitaci\u00f3n de encuestadores en Barberena, Guatemala (foto de Axel Arana, 2007) Informaci\u00f3n de proyecto Investigador principal: Edwin Castellanos&nbsp;(ecastell@uvg.edu.gt)Universidad [&hellip;]<\/p>\n","protected":false},"author":1,"featured_media":0,"parent":0,"menu_order":0,"comment_status":"closed","ping_status":"closed","template":"","meta":{"_acf_changed":false,"_uag_custom_page_level_css":"","footnotes":""},"class_list":["post-828","page","type-page","status-publish","hentry"],"acf":[],"yoast_head":"<!-- This site is optimized with the Yoast SEO plugin v27.3 - https:\/\/yoast.com\/product\/yoast-seo-wordpress\/ -->\n<title>Estrategias efectivas de adaptaci\u00f3n y reducci\u00f3n de riesgos por fluctuaciones de precios y cambios clim\u00e1ticos: lecciones de la crisis del caf\u00e9 en Mesoam\u00e9rica (CRN 2060) - IAI - Inter-American Institute for Global Change Research<\/title>\n<meta name=\"robots\" content=\"index, follow, max-snippet:-1, max-image-preview:large, max-video-preview:-1\" \/>\n<link rel=\"canonical\" href=\"https:\/\/iai.int\/es\/estrategias-efectivas-de-adaptacion-y-reduccion-de-riesgos-por-fluctuaciones-de-precios-y-cambios-climaticos-lecciones-de-la-crisis-del-cafe-en-mesoamerica-crn-2060\/\" \/>\n<meta property=\"og:locale\" content=\"es_ES\" \/>\n<meta property=\"og:type\" content=\"article\" \/>\n<meta property=\"og:title\" content=\"Estrategias efectivas de adaptaci\u00f3n y reducci\u00f3n de riesgos por fluctuaciones de precios y cambios clim\u00e1ticos: lecciones de la crisis del caf\u00e9 en Mesoam\u00e9rica (CRN 2060) - IAI - Inter-American Institute for Global Change Research\" \/>\n<meta property=\"og:description\" content=\"1) Efectos de una tormenta tropical sobre una plantaci\u00f3n de caf\u00e9 (foto de Eddie Garc\u00eda, 2005).2) \u00bfEstrategia efectiva? venta directa con valor agregado en Jitolol, M\u00e9xico (foto de Helda Morales, 2006).3) Caficultor utilizando una estaci\u00f3n meteorol\u00f3gica 4) Capacitaci\u00f3n de encuestadores en Barberena, Guatemala (foto de Axel Arana, 2007) Informaci\u00f3n de proyecto Investigador principal: Edwin Castellanos&nbsp;(ecastell@uvg.edu.gt)Universidad [&hellip;]\" \/>\n<meta property=\"og:url\" content=\"https:\/\/iai.int\/es\/estrategias-efectivas-de-adaptacion-y-reduccion-de-riesgos-por-fluctuaciones-de-precios-y-cambios-climaticos-lecciones-de-la-crisis-del-cafe-en-mesoamerica-crn-2060\/\" \/>\n<meta property=\"og:site_name\" content=\"IAI - Inter-American Institute for Global Change Research\" \/>\n<meta property=\"og:image\" content=\"https:\/\/iai.int\/admin\/site\/sites\/default\/files\/uploads\/2014\/03\/crn2060b.jpg\" \/>\n<meta name=\"twitter:card\" content=\"summary_large_image\" \/>\n<meta name=\"twitter:label1\" content=\"Tiempo de lectura\" \/>\n\t<meta name=\"twitter:data1\" content=\"4 minutos\" \/>\n<script type=\"application\/ld+json\" class=\"yoast-schema-graph\">{\"@context\":\"https:\\\/\\\/schema.org\",\"@graph\":[{\"@type\":\"WebPage\",\"@id\":\"https:\\\/\\\/iai.int\\\/es\\\/estrategias-efectivas-de-adaptacion-y-reduccion-de-riesgos-por-fluctuaciones-de-precios-y-cambios-climaticos-lecciones-de-la-crisis-del-cafe-en-mesoamerica-crn-2060\\\/\",\"url\":\"https:\\\/\\\/iai.int\\\/es\\\/estrategias-efectivas-de-adaptacion-y-reduccion-de-riesgos-por-fluctuaciones-de-precios-y-cambios-climaticos-lecciones-de-la-crisis-del-cafe-en-mesoamerica-crn-2060\\\/\",\"name\":\"Estrategias efectivas de adaptaci\u00f3n y reducci\u00f3n de riesgos por fluctuaciones de precios y cambios clim\u00e1ticos: lecciones de la crisis del caf\u00e9 en Mesoam\u00e9rica (CRN 2060) - IAI - Inter-American Institute for Global Change Research\",\"isPartOf\":{\"@id\":\"https:\\\/\\\/iai.int\\\/es\\\/#website\"},\"primaryImageOfPage\":{\"@id\":\"https:\\\/\\\/iai.int\\\/es\\\/estrategias-efectivas-de-adaptacion-y-reduccion-de-riesgos-por-fluctuaciones-de-precios-y-cambios-climaticos-lecciones-de-la-crisis-del-cafe-en-mesoamerica-crn-2060\\\/#primaryimage\"},\"image\":{\"@id\":\"https:\\\/\\\/iai.int\\\/es\\\/estrategias-efectivas-de-adaptacion-y-reduccion-de-riesgos-por-fluctuaciones-de-precios-y-cambios-climaticos-lecciones-de-la-crisis-del-cafe-en-mesoamerica-crn-2060\\\/#primaryimage\"},\"thumbnailUrl\":\"https:\\\/\\\/iai.int\\\/admin\\\/site\\\/sites\\\/default\\\/files\\\/uploads\\\/2014\\\/03\\\/crn2060b.jpg\",\"datePublished\":\"2024-09-16T16:51:45+00:00\",\"breadcrumb\":{\"@id\":\"https:\\\/\\\/iai.int\\\/es\\\/estrategias-efectivas-de-adaptacion-y-reduccion-de-riesgos-por-fluctuaciones-de-precios-y-cambios-climaticos-lecciones-de-la-crisis-del-cafe-en-mesoamerica-crn-2060\\\/#breadcrumb\"},\"inLanguage\":\"es\",\"potentialAction\":[{\"@type\":\"ReadAction\",\"target\":[\"https:\\\/\\\/iai.int\\\/es\\\/estrategias-efectivas-de-adaptacion-y-reduccion-de-riesgos-por-fluctuaciones-de-precios-y-cambios-climaticos-lecciones-de-la-crisis-del-cafe-en-mesoamerica-crn-2060\\\/\"]}]},{\"@type\":\"ImageObject\",\"inLanguage\":\"es\",\"@id\":\"https:\\\/\\\/iai.int\\\/es\\\/estrategias-efectivas-de-adaptacion-y-reduccion-de-riesgos-por-fluctuaciones-de-precios-y-cambios-climaticos-lecciones-de-la-crisis-del-cafe-en-mesoamerica-crn-2060\\\/#primaryimage\",\"url\":\"https:\\\/\\\/iai.int\\\/admin\\\/site\\\/sites\\\/default\\\/files\\\/uploads\\\/2014\\\/03\\\/crn2060b.jpg\",\"contentUrl\":\"https:\\\/\\\/iai.int\\\/admin\\\/site\\\/sites\\\/default\\\/files\\\/uploads\\\/2014\\\/03\\\/crn2060b.jpg\"},{\"@type\":\"BreadcrumbList\",\"@id\":\"https:\\\/\\\/iai.int\\\/es\\\/estrategias-efectivas-de-adaptacion-y-reduccion-de-riesgos-por-fluctuaciones-de-precios-y-cambios-climaticos-lecciones-de-la-crisis-del-cafe-en-mesoamerica-crn-2060\\\/#breadcrumb\",\"itemListElement\":[{\"@type\":\"ListItem\",\"position\":1,\"name\":\"Portada\",\"item\":\"https:\\\/\\\/iai.int\\\/es\\\/\"},{\"@type\":\"ListItem\",\"position\":2,\"name\":\"Estrategias efectivas de adaptaci\u00f3n y reducci\u00f3n de riesgos por fluctuaciones de precios y cambios clim\u00e1ticos: lecciones de la crisis del caf\u00e9 en Mesoam\u00e9rica (CRN 2060)\"}]},{\"@type\":\"WebSite\",\"@id\":\"https:\\\/\\\/iai.int\\\/es\\\/#website\",\"url\":\"https:\\\/\\\/iai.int\\\/es\\\/\",\"name\":\"IAI - Inter-American Institute for Global Change Research\",\"description\":\"\",\"publisher\":{\"@id\":\"https:\\\/\\\/iai.int\\\/es\\\/#organization\"},\"potentialAction\":[{\"@type\":\"SearchAction\",\"target\":{\"@type\":\"EntryPoint\",\"urlTemplate\":\"https:\\\/\\\/iai.int\\\/es\\\/?s={search_term_string}\"},\"query-input\":{\"@type\":\"PropertyValueSpecification\",\"valueRequired\":true,\"valueName\":\"search_term_string\"}}],\"inLanguage\":\"es\"},{\"@type\":\"Organization\",\"@id\":\"https:\\\/\\\/iai.int\\\/es\\\/#organization\",\"name\":\"IAI - Inter-American Institute for Global Change Research\",\"url\":\"https:\\\/\\\/iai.int\\\/es\\\/\",\"logo\":{\"@type\":\"ImageObject\",\"inLanguage\":\"es\",\"@id\":\"https:\\\/\\\/iai.int\\\/es\\\/#\\\/schema\\\/logo\\\/image\\\/\",\"url\":\"https:\\\/\\\/iai.int\\\/wp-content\\\/uploads\\\/2025\\\/11\\\/IAI-logo-English-scaled.png\",\"contentUrl\":\"https:\\\/\\\/iai.int\\\/wp-content\\\/uploads\\\/2025\\\/11\\\/IAI-logo-English-scaled.png\",\"width\":2560,\"height\":985,\"caption\":\"IAI - Inter-American Institute for Global Change Research\"},\"image\":{\"@id\":\"https:\\\/\\\/iai.int\\\/es\\\/#\\\/schema\\\/logo\\\/image\\\/\"}}]}<\/script>\n<!-- \/ Yoast SEO plugin. -->","yoast_head_json":{"title":"Estrategias efectivas de adaptaci\u00f3n y reducci\u00f3n de riesgos por fluctuaciones de precios y cambios clim\u00e1ticos: lecciones de la crisis del caf\u00e9 en Mesoam\u00e9rica (CRN 2060) - IAI - Inter-American Institute for Global Change Research","robots":{"index":"index","follow":"follow","max-snippet":"max-snippet:-1","max-image-preview":"max-image-preview:large","max-video-preview":"max-video-preview:-1"},"canonical":"https:\/\/iai.int\/es\/estrategias-efectivas-de-adaptacion-y-reduccion-de-riesgos-por-fluctuaciones-de-precios-y-cambios-climaticos-lecciones-de-la-crisis-del-cafe-en-mesoamerica-crn-2060\/","og_locale":"es_ES","og_type":"article","og_title":"Estrategias efectivas de adaptaci\u00f3n y reducci\u00f3n de riesgos por fluctuaciones de precios y cambios clim\u00e1ticos: lecciones de la crisis del caf\u00e9 en Mesoam\u00e9rica (CRN 2060) - IAI - Inter-American Institute for Global Change Research","og_description":"1) Efectos de una tormenta tropical sobre una plantaci\u00f3n de caf\u00e9 (foto de Eddie Garc\u00eda, 2005).2) \u00bfEstrategia efectiva? venta directa con valor agregado en Jitolol, M\u00e9xico (foto de Helda Morales, 2006).3) Caficultor utilizando una estaci\u00f3n meteorol\u00f3gica 4) Capacitaci\u00f3n de encuestadores en Barberena, Guatemala (foto de Axel Arana, 2007) Informaci\u00f3n de proyecto Investigador principal: Edwin Castellanos&nbsp;(ecastell@uvg.edu.gt)Universidad [&hellip;]","og_url":"https:\/\/iai.int\/es\/estrategias-efectivas-de-adaptacion-y-reduccion-de-riesgos-por-fluctuaciones-de-precios-y-cambios-climaticos-lecciones-de-la-crisis-del-cafe-en-mesoamerica-crn-2060\/","og_site_name":"IAI - Inter-American Institute for Global Change Research","og_image":[{"url":"https:\/\/iai.int\/admin\/site\/sites\/default\/files\/uploads\/2014\/03\/crn2060b.jpg","type":"","width":"","height":""}],"twitter_card":"summary_large_image","twitter_misc":{"Tiempo de lectura":"4 minutos"},"schema":{"@context":"https:\/\/schema.org","@graph":[{"@type":"WebPage","@id":"https:\/\/iai.int\/es\/estrategias-efectivas-de-adaptacion-y-reduccion-de-riesgos-por-fluctuaciones-de-precios-y-cambios-climaticos-lecciones-de-la-crisis-del-cafe-en-mesoamerica-crn-2060\/","url":"https:\/\/iai.int\/es\/estrategias-efectivas-de-adaptacion-y-reduccion-de-riesgos-por-fluctuaciones-de-precios-y-cambios-climaticos-lecciones-de-la-crisis-del-cafe-en-mesoamerica-crn-2060\/","name":"Estrategias efectivas de adaptaci\u00f3n y reducci\u00f3n de riesgos por fluctuaciones de precios y cambios clim\u00e1ticos: lecciones de la crisis del caf\u00e9 en Mesoam\u00e9rica (CRN 2060) - IAI - Inter-American Institute for Global Change Research","isPartOf":{"@id":"https:\/\/iai.int\/es\/#website"},"primaryImageOfPage":{"@id":"https:\/\/iai.int\/es\/estrategias-efectivas-de-adaptacion-y-reduccion-de-riesgos-por-fluctuaciones-de-precios-y-cambios-climaticos-lecciones-de-la-crisis-del-cafe-en-mesoamerica-crn-2060\/#primaryimage"},"image":{"@id":"https:\/\/iai.int\/es\/estrategias-efectivas-de-adaptacion-y-reduccion-de-riesgos-por-fluctuaciones-de-precios-y-cambios-climaticos-lecciones-de-la-crisis-del-cafe-en-mesoamerica-crn-2060\/#primaryimage"},"thumbnailUrl":"https:\/\/iai.int\/admin\/site\/sites\/default\/files\/uploads\/2014\/03\/crn2060b.jpg","datePublished":"2024-09-16T16:51:45+00:00","breadcrumb":{"@id":"https:\/\/iai.int\/es\/estrategias-efectivas-de-adaptacion-y-reduccion-de-riesgos-por-fluctuaciones-de-precios-y-cambios-climaticos-lecciones-de-la-crisis-del-cafe-en-mesoamerica-crn-2060\/#breadcrumb"},"inLanguage":"es","potentialAction":[{"@type":"ReadAction","target":["https:\/\/iai.int\/es\/estrategias-efectivas-de-adaptacion-y-reduccion-de-riesgos-por-fluctuaciones-de-precios-y-cambios-climaticos-lecciones-de-la-crisis-del-cafe-en-mesoamerica-crn-2060\/"]}]},{"@type":"ImageObject","inLanguage":"es","@id":"https:\/\/iai.int\/es\/estrategias-efectivas-de-adaptacion-y-reduccion-de-riesgos-por-fluctuaciones-de-precios-y-cambios-climaticos-lecciones-de-la-crisis-del-cafe-en-mesoamerica-crn-2060\/#primaryimage","url":"https:\/\/iai.int\/admin\/site\/sites\/default\/files\/uploads\/2014\/03\/crn2060b.jpg","contentUrl":"https:\/\/iai.int\/admin\/site\/sites\/default\/files\/uploads\/2014\/03\/crn2060b.jpg"},{"@type":"BreadcrumbList","@id":"https:\/\/iai.int\/es\/estrategias-efectivas-de-adaptacion-y-reduccion-de-riesgos-por-fluctuaciones-de-precios-y-cambios-climaticos-lecciones-de-la-crisis-del-cafe-en-mesoamerica-crn-2060\/#breadcrumb","itemListElement":[{"@type":"ListItem","position":1,"name":"Portada","item":"https:\/\/iai.int\/es\/"},{"@type":"ListItem","position":2,"name":"Estrategias efectivas de adaptaci\u00f3n y reducci\u00f3n de riesgos por fluctuaciones de precios y cambios clim\u00e1ticos: lecciones de la crisis del caf\u00e9 en Mesoam\u00e9rica (CRN 2060)"}]},{"@type":"WebSite","@id":"https:\/\/iai.int\/es\/#website","url":"https:\/\/iai.int\/es\/","name":"IAI - Inter-American Institute for Global Change Research","description":"","publisher":{"@id":"https:\/\/iai.int\/es\/#organization"},"potentialAction":[{"@type":"SearchAction","target":{"@type":"EntryPoint","urlTemplate":"https:\/\/iai.int\/es\/?s={search_term_string}"},"query-input":{"@type":"PropertyValueSpecification","valueRequired":true,"valueName":"search_term_string"}}],"inLanguage":"es"},{"@type":"Organization","@id":"https:\/\/iai.int\/es\/#organization","name":"IAI - Inter-American Institute for Global Change Research","url":"https:\/\/iai.int\/es\/","logo":{"@type":"ImageObject","inLanguage":"es","@id":"https:\/\/iai.int\/es\/#\/schema\/logo\/image\/","url":"https:\/\/iai.int\/wp-content\/uploads\/2025\/11\/IAI-logo-English-scaled.png","contentUrl":"https:\/\/iai.int\/wp-content\/uploads\/2025\/11\/IAI-logo-English-scaled.png","width":2560,"height":985,"caption":"IAI - Inter-American Institute for Global Change Research"},"image":{"@id":"https:\/\/iai.int\/es\/#\/schema\/logo\/image\/"}}]}},"uagb_featured_image_src":{"full":false,"thumbnail":false,"medium":false,"medium_large":false,"large":false,"1536x1536":false,"2048x2048":false},"uagb_author_info":{"display_name":"admin","author_link":"https:\/\/iai.int\/es\/author\/admin\/"},"uagb_comment_info":0,"uagb_excerpt":"1) Efectos de una tormenta tropical sobre una plantaci\u00f3n de caf\u00e9 (foto de Eddie Garc\u00eda, 2005).2) \u00bfEstrategia efectiva? venta directa con valor agregado en Jitolol, M\u00e9xico (foto de Helda Morales, 2006).3) Caficultor utilizando una estaci\u00f3n meteorol\u00f3gica 4) Capacitaci\u00f3n de encuestadores en Barberena, Guatemala (foto de Axel Arana, 2007) Informaci\u00f3n de proyecto Investigador principal: Edwin Castellanos&nbsp;(ecastell@uvg.edu.gt)Universidad&hellip;","_links":{"self":[{"href":"https:\/\/iai.int\/es\/wp-json\/wp\/v2\/pages\/828","targetHints":{"allow":["GET"]}}],"collection":[{"href":"https:\/\/iai.int\/es\/wp-json\/wp\/v2\/pages"}],"about":[{"href":"https:\/\/iai.int\/es\/wp-json\/wp\/v2\/types\/page"}],"author":[{"embeddable":true,"href":"https:\/\/iai.int\/es\/wp-json\/wp\/v2\/users\/1"}],"replies":[{"embeddable":true,"href":"https:\/\/iai.int\/es\/wp-json\/wp\/v2\/comments?post=828"}],"version-history":[{"count":1,"href":"https:\/\/iai.int\/es\/wp-json\/wp\/v2\/pages\/828\/revisions"}],"predecessor-version":[{"id":829,"href":"https:\/\/iai.int\/es\/wp-json\/wp\/v2\/pages\/828\/revisions\/829"}],"wp:attachment":[{"href":"https:\/\/iai.int\/es\/wp-json\/wp\/v2\/media?parent=828"}],"curies":[{"name":"wp","href":"https:\/\/api.w.org\/{rel}","templated":true}]}}