{"id":825,"date":"2024-09-16T13:50:17","date_gmt":"2024-09-16T16:50:17","guid":{"rendered":"https:\/\/iai.int\/?page_id=825"},"modified":"2024-10-17T13:00:24","modified_gmt":"2024-10-17T16:00:24","slug":"paleotempestologia-de-la-region-caribena-un-estudio-multi-proxy-de-la-variabilidad-espacial-y-temporal-de-la-actividad-de-los-huracanes-en-el-caribe-en-multiples-sitios-crn-2050","status":"publish","type":"page","link":"https:\/\/iai.int\/es\/paleotempestologia-de-la-region-caribena-un-estudio-multi-proxy-de-la-variabilidad-espacial-y-temporal-de-la-actividad-de-los-huracanes-en-el-caribe-en-multiples-sitios-crn-2050\/","title":{"rendered":"Paleotempestolog\u00eda de la regi\u00f3n caribe\u00f1a: un estudio multi-proxy de la variabilidad espacial y temporal de la actividad de los huracanes en el Caribe en m\u00faltiples sitios (CRN 2050)"},"content":{"rendered":"\n<p><img fetchpriority=\"high\" decoding=\"async\" alt=\"crn2050\" height=\"171\" src=\"https:\/\/iai.int\/admin\/site\/sites\/default\/files\/uploads\/2014\/03\/crn2050.jpg\" width=\"690\"><\/p>\n\n\n\n<p>1) Sitios de investigaci\u00f3n.<br>2) Imagen de Google Earth de la Laguna Bailen, una laguna costera de Cuba de la que se tomaron testigos<br>para nuestro estudio paleotempestol\u00f3gico; la escala es 1 km (foto por M. Peros).<br>3) Testigo de sedimentos de una laguna costera en Sian Kaan, M\u00e9xico.<br>Contiene una capa cl\u00e1stica probablemente depositada por un hurac\u00e1n (foto por J. Donnelly)<\/p>\n\n\n\n<h3 class=\"wp-block-heading\">Informaci\u00f3n de proyecto<\/h3>\n\n\n\n<p><strong>Investigador principal:<\/strong><\/p>\n\n\n\n<p><em>Kam-biu Liu<\/em>&nbsp;(<a href=\"mailto:kliu1@lsu.edu\">kliu1@lsu.edu<\/a>)<br>Louisiana State University, Dept. of Oceanography and Coastal Sciences (EE.UU.)<\/p>\n\n\n\n<p><strong>Sitio web del proyecto:<\/strong><\/p>\n\n\n\n<p><a href=\"http:\/\/www.oceanography.lsu.edu\/liu.shtm\" target=\"_blank\" rel=\"noreferrer noopener\">http:\/\/www.oceanography.lsu.edu\/liu.shtm<\/a><\/p>\n\n\n\n<p><strong>Papers publicados:<\/strong><\/p>\n\n\n\n<p><a href=\"http:\/\/www.citeulike.org\/user\/IAI\/tag\/crn2050\" target=\"_blank\" rel=\"noreferrer noopener\">http:\/\/www.citeulike.org\/user\/IAI\/tag\/crn2050<\/a><\/p>\n\n\n\n<p>Esta investigaci\u00f3n continu\u00f3 en el&nbsp;<a href=\"https:\/\/iai.int\/?page_id=1355\" data-type=\"page\" data-id=\"1355\">SGP-CRA 2050 con el mismo t\u00edtulo<\/a><\/p>\n\n\n\n<p><a href=\"https:\/\/iai.int\/es\/meetings\/detail\/crn2050#summary\">Resumen ejecutivo<\/a>&nbsp;<a href=\"https:\/\/iai.int\/es\/meetings\/detail\/crn2050#medios\">Extensi\u00f3n<\/a>&nbsp;<a href=\"https:\/\/iai.int\/es\/meetings\/detail\/crn2050#investigadores\">Investigadores<\/a>&nbsp;<a href=\"https:\/\/iai.int\/es\/meetings\/detail\/crn2050#students\">Estudiantes<\/a><\/p>\n\n\n\n<h3 class=\"wp-block-heading\" id=\"summary\">Resumen ejecutivo<\/h3>\n\n\n\n<p>La regi\u00f3n pancaribe\u00f1a, que incluye Am\u00e9rica Central, las islas del Caribe y la costa del Golfo de EE. UU., es una de las regiones del mundo m\u00e1s asoladas por huracanes. A pesar del enorme da\u00f1o que suelen infligir los huracanes al entrar en tierra, es poco lo que se sabe acerca de se forman y por qu\u00e9 tienen trayectorias preferenciales. Este proyecto analiza la variabilidad de la actividad de los huracanes en el Caribe mediante la paleotempestolog\u00eda, es decir, el estudio de ciclones pasados a trav\u00e9s del an\u00e1lisis de datos proxy (sedimentos de lagunas costeras, registros isot\u00f3picos de estalagmitas, anillos de \u00e1rboles y corales).<\/p>\n\n\n\n<p><strong>Objetivos<\/strong><br>Generar registros proxy de la actividad cicl\u00f3nica pasada en el Caribe<\/p>\n\n\n\n<p>Comprender los mecanismos clim\u00e1ticos que afectan la actividad de los huracanes en el Caribe mediante el an\u00e1lisis y modelado de registros hist\u00f3ricos de huracanes y datos clim\u00e1ticos modernos<\/p>\n\n\n\n<p>Uso de registros del pasado para evaluar el riesgo de huracanes en el futuro<\/p>\n\n\n\n<p><strong>Primeros resultados<\/strong><br>Un nuevo registro proxy basado en corales de la temperatura de la superficie del Oc\u00e9ano Atl\u00e1ntico para el per\u00edodo 1552-1991, el m\u00e1s extenso jam\u00e1s creado, muestra que la mayor actividad de huracanes antes de 1550 y luego de 1750 coincide con temperaturas m\u00e1s altas de la superficie del mar. Cuando la superficie del Atl\u00e1ntico estaba m\u00e1s fr\u00eda, hubo menos tormentas en el Caribe.<\/p>\n\n\n\n<p>La actividad de los huracanes en el Caribe var\u00eda seg\u00fan patrones clim\u00e1ticos como la Oscilaci\u00f3n Multidecenal del Atl\u00e1ntico (OMA) y El Ni\u00f1o-Oscilaci\u00f3n del Sur (ENOS). Los datos proxy y los modelos muestran m\u00e1ximos en la actividad de los huracanes en el Atl\u00e1ntico durante la \u00e9poca medieval (900-1100) y a partir de 1980, que se explican por la prevalencia de temperaturas m\u00e1s altas de la superficie del mar y condiciones tipo La Ni\u00f1a.<\/p>\n\n\n\n<p>La circulaci\u00f3n de las masas de aire en el Mar Interaamericano est\u00e1 dominada por la corriente en chorro en capas bajas(IALLJ, por sus siglas en ingl\u00e9s). Un rean\u00e1lisis de dicha corriente en chorro muestra su efecto cr\u00edtico en la temperatura de la superficie del mar y en la advecci\u00f3n de humedad, que son factores importantes de la intensidad de los huracanes y el da\u00f1o de las tormentas.<\/p>\n\n\n\n<p>Datos geogr\u00e1ficos y demogr\u00e1ficos (2006) muestran que cerca de 19 millones de personas viven en \u00e1reas vulnerables a menos de 1 km de la costa en la regi\u00f3n continental de EE. UU. y que 12 millones viven en una franja costera de hasta 3 metros sobre el nivel del mar.<\/p>\n\n\n\n<h3 class=\"wp-block-heading\" id=\"medios\">Extensi\u00f3n<\/h3>\n\n\n\n<figure class=\"wp-block-image alignleft\"><img decoding=\"async\" src=\"https:\/\/iai.int\/admin\/site\/sites\/default\/files\/uploads\/2014\/06\/snap3_pop_map.jpg\" alt=\"snap3_pop_map\" class=\"wp-image-6158\"\/><\/figure>\n\n\n\n<p><br><a href=\"https:\/\/iai.int\/cuanta-gente-vive-en-las-zonas-costeras-vulnerables-de-ee-uu\/\" data-type=\"page\" data-id=\"1218\">\u00bfCu\u00e1nta gente vive en las zonas costeras vulnerables de EE. UU.?<\/a><br><a href=\"https:\/\/iai.int\/admin\/site\/sites\/default\/files\/uploads\/2014\/06\/Snapshot3_heads_above_water_sp.pdf\" target=\"_blank\" rel=\"noreferrer noopener\">Bajar PDF<\/a><br><a href=\"https:\/\/iai.int\/admin\/site\/sites\/default\/files\/uploads\/2014\/06\/Snapshot3_heads_above_water.pdf\" target=\"_blank\" rel=\"noreferrer noopener\">Bajar PDF en ingl\u00e9s<\/a><\/p>\n\n\n\n<figure class=\"wp-block-image alignleft\"><img decoding=\"async\" src=\"https:\/\/iai.int\/admin\/site\/sites\/default\/files\/uploads\/2014\/06\/Snapshot_donnelly_spanish.jpg\" alt=\"Snapshot_donnelly_spanish\" class=\"wp-image-6144\"\/><\/figure>\n\n\n\n<p><br><a href=\"https:\/\/iai.int\/un-futuro-mas-calido-con-huracanes-mas-intensos\/\" data-type=\"page\" data-id=\"1219\">\u00bfUn futuro m\u00e1s c\u00e1lido con huracanes m\u00e1s intensos?<\/a><br><a href=\"https:\/\/iai.int\/admin\/site\/sites\/default\/files\/uploads\/2014\/06\/Snapshot2_warmer_future_sp.pdf\" target=\"_blank\" rel=\"noreferrer noopener\">Bajar PDF<\/a><br><a href=\"https:\/\/iai.int\/admin\/site\/sites\/default\/files\/uploads\/2014\/06\/Snapshot2_warmer_future.pdf\" target=\"_blank\" rel=\"noreferrer noopener\">Bajar PDF en ingl\u00e9s<\/a><\/p>\n\n\n\n<h3 class=\"wp-block-heading\" id=\"investigadores\">Investigadores del projecto<\/h3>\n\n\n\n<p>Kam-biu Liu \u2013&nbsp;<a href=\"mailto:kliu1@lsu.edu\">kliu1@lsu.edu<\/a><br>Louisiana State University, Dept. of Oceanography and Coastal Sciences (EE.UU.)<\/p>\n\n\n\n<p><strong>Co-Investigadores<\/strong><br>Nina Lam (Louisiana State University, EE.UU.), Amy Frappier (Skidmore College, EE.UU.), Claudia Mora (University of New Mexico, EE.UU.), Jeff Donnelly (Woods Hole Oceanographic Institution, EE.UU.), Tom Webb III (Brown University, EE.UU.), Anne Cohen (Woods Hole Oceanographic Institution, EE.UU.), Sam Bentley (Memorial University of Newfoundland, Canad\u00e1), Matthew Peros (University of Ottawa, Canad\u00e1), Joe Desloges (University of Toronto, Canad\u00e1), Jorge Sanchez-Sesma (IMTA, M\u00e9xico), Jorge Amador (University of Costa Rica, Costa Rica), Eric Alfaro (University of Costa Rica, Costa Rica)<\/p>\n\n\n\n<p><br>(actualizado 02\/2010)<br><a href=\"https:\/\/iai.int\/admin\/site\/sites\/default\/files\/uploads\/2014\/03\/CRN2_50.pdf\" target=\"_blank\" rel=\"noreferrer noopener\">informaci\u00f3n en PDF (en ingl\u00e9s)<\/a><\/p>\n\n\n\n<h3 class=\"wp-block-heading\" id=\"students\">Estudiantes<\/h3>\n\n\n\n<p><em>Adolfo Quesada<\/em>,grado, Universidad de Costa Rica, Costa Rica.<br><em>Alberto Salazar<\/em>, grado, Universidad de Costa Rica, Costa Rica.<br><em>Alicia Uma\u00f1a<\/em>, grado, Universidad de Costa Rica, Costa Rica.<br><em>Amit Kulkarni<\/em>, doctorado, Louisiana State University.<br><em>Andre Govinda Sthal<\/em>, grado, Universidad de Costa Rica, Costa Rica.<br><em>Andrea Hawkes<\/em>, Post doctorado, Woods Hole Oceanographic Institution, Canad\u00e1.<br><em>Audrey Wronski<\/em>, grado, Skidmore College, EEUU.<br><em>Aurora Pinkey-Drobnis<\/em>, grado, Skidmore College, EEUU.<br><em>Blanca Calderon Solera<\/em>, grado, Centro de Investigaciones Geof\u00edsicas, Costa Rica.<br><em>Changqing Huang<\/em>, doctorado, Louisiana State University, China.<br><em>Claudia Taleno Leal<\/em>, maestr\u00eda, UNAM, Nicaragua.<br><em>Daniel Lewis<\/em>, doctorado, University of Tennessee, EEUU.<br><em>Daniel Poleo<\/em>, grado, Universidad de Costa Rica, Costa Rica.<br><em>Devyani Kar<\/em>, maestr\u00eda, Louisiana State University.<br><em>Elizabeth Johnson<\/em>, grado, University of Tennessee, EEUU.<br><em>Elvia Nicaragua Nicaragua<\/em>, grado, Universidad de Costa Rica, Costa Rica.<br><em>Erick Rivera<\/em>, maestr\u00eda, Universidad de Costa Rica, Costa Rica.<br><em>Estefan\u00eda Jim\u00e9nez<\/em>, grado, Universidad de Costa Rica, Costa Rica.<br><em>Fernan Sa\u00e9nz<\/em>, grado, Universidad de Costa Rica, Costa Rica.<br><em>Hulbert Arenas<\/em>, doctorado, Louisiana State University, Per\u00fa.<br><em>Ingrid L. Rivera Arrieta<\/em>, grado, Universidad de Costa Rica, Costa Rica.<br><em>James Naquin<\/em>, grado, Louisiana State University, EEUU.<br><em>James Pyburn<\/em>, maestr\u00eda, Boston College, EEUU.<br><em>Julia Mathis<\/em>, grado, University of Tennessee, EEUU.<br><em>Julia Mathis<\/em>, grado, Memorial University of Newfoundland, Canad\u00e1.<br><em>Katherine Boldt<\/em>, grado, Dartmouth College, EEUU.<br><em>Katherine Hern\u00e1ndez<\/em>, grado, Universidad de Costa Rica, Costa Rica.<br><em>Kathryn Denommee<\/em>, grado, Memorial University of Newfoundland, Canad\u00e1.<br><em>Keenan Li<\/em>, maestr\u00eda, Louisiana State University, China.<br><em>Logan Brenner<\/em>, grado, Skidmore College, EEUU.<br><em>Maria Crosby<\/em>, maestr\u00eda, Boston College, EEUU.<br><em>Mariam Brice\u00f1o<\/em>, grado, Universidad de Costa Rica, Costa Rica.<br><em>Maya Gomes<\/em>, grado, Wesleyan University, EEUU.<br><em>Meaghan Baldwin<\/em>, maestr\u00eda, Boston College, EEUU.<br><em>Megan Smith<\/em>, grado, University of Tennessee, EEUU.<br><em>Natalie Mora<\/em>, grado, Universidad de Costa Rica, Costa Rica.<br><em>Octavio Cruz Enriquez<\/em>, grado, Universidad Veracruzana, M\u00e9xico.<br><em>Patricia Brito<\/em>, maestr\u00eda, Louisiana State University, Brasil.<br><em>Patrick Stoudt<\/em>, grado, Louisiana State University, EEUU.<br><em>Paula P\u00e9rez Brice\u00f1o<\/em>, grado, Universidad de Costa Rica, Costa Rica.<br><em>Rodrigo Castillo Rodr\u00edguez<\/em>, grado, Universidad de Costa Rica, Costa Rica.<br><em>Sam Zipper<\/em>, grado, Pomona College, EEUU.<br><em>Silvia Mora<\/em>, grado, Universidad de Costa Rica, Costa Rica.<br><em>Terry McCloskey<\/em>, Post doctorado, Louisiana State University, EEUU.<br><em>Tito Maldonado<\/em>, maestr\u00eda, Universidad de Costa Rica, Costa Rica.<br><em>Tom Bianchette<\/em>, doctorado, Louisiana State University, EEUU.<br><em>Valerie Schwartz<\/em>, grado, Skidmore College, EEUU.<br><em>Whitney Kocis<\/em>, doctorado, University of Tennessee, EEUU.<\/p>\n","protected":false},"excerpt":{"rendered":"<p>1) Sitios de investigaci\u00f3n.2) Imagen de Google Earth de la Laguna Bailen, una laguna costera de Cuba de la que se tomaron testigospara nuestro estudio paleotempestol\u00f3gico; la escala es 1 km (foto por M. Peros).3) Testigo de sedimentos de una laguna costera en Sian Kaan, M\u00e9xico.Contiene una capa cl\u00e1stica probablemente depositada por un hurac\u00e1n (foto [&hellip;]<\/p>\n","protected":false},"author":1,"featured_media":0,"parent":0,"menu_order":0,"comment_status":"closed","ping_status":"closed","template":"","meta":{"_acf_changed":false,"_uag_custom_page_level_css":"","footnotes":""},"class_list":["post-825","page","type-page","status-publish","hentry"],"acf":[],"yoast_head":"<!-- This site is optimized with the Yoast SEO plugin v27.3 - https:\/\/yoast.com\/product\/yoast-seo-wordpress\/ -->\n<title>Paleotempestolog\u00eda de la regi\u00f3n caribe\u00f1a: un estudio multi-proxy de la variabilidad espacial y temporal de la actividad de los huracanes en el Caribe en m\u00faltiples sitios (CRN 2050) - IAI - Inter-American Institute for Global Change Research<\/title>\n<meta name=\"robots\" content=\"index, follow, max-snippet:-1, max-image-preview:large, max-video-preview:-1\" \/>\n<link rel=\"canonical\" href=\"https:\/\/iai.int\/es\/paleotempestologia-de-la-region-caribena-un-estudio-multi-proxy-de-la-variabilidad-espacial-y-temporal-de-la-actividad-de-los-huracanes-en-el-caribe-en-multiples-sitios-crn-2050\/\" \/>\n<meta property=\"og:locale\" content=\"es_ES\" \/>\n<meta property=\"og:type\" content=\"article\" \/>\n<meta property=\"og:title\" content=\"Paleotempestolog\u00eda de la regi\u00f3n caribe\u00f1a: un estudio multi-proxy de la variabilidad espacial y temporal de la actividad de los huracanes en el Caribe en m\u00faltiples sitios (CRN 2050) - IAI - Inter-American Institute for Global Change Research\" \/>\n<meta property=\"og:description\" content=\"1) Sitios de investigaci\u00f3n.2) Imagen de Google Earth de la Laguna Bailen, una laguna costera de Cuba de la que se tomaron testigospara nuestro estudio paleotempestol\u00f3gico; la escala es 1 km (foto por M. Peros).3) Testigo de sedimentos de una laguna costera en Sian Kaan, M\u00e9xico.Contiene una capa cl\u00e1stica probablemente depositada por un hurac\u00e1n (foto [&hellip;]\" \/>\n<meta property=\"og:url\" content=\"https:\/\/iai.int\/es\/paleotempestologia-de-la-region-caribena-un-estudio-multi-proxy-de-la-variabilidad-espacial-y-temporal-de-la-actividad-de-los-huracanes-en-el-caribe-en-multiples-sitios-crn-2050\/\" \/>\n<meta property=\"og:site_name\" content=\"IAI - Inter-American Institute for Global Change Research\" \/>\n<meta property=\"article:modified_time\" content=\"2024-10-17T16:00:24+00:00\" \/>\n<meta property=\"og:image\" content=\"https:\/\/iai.int\/admin\/site\/sites\/default\/files\/uploads\/2014\/03\/crn2050.jpg\" \/>\n<meta name=\"twitter:card\" content=\"summary_large_image\" \/>\n<meta name=\"twitter:label1\" content=\"Tiempo de lectura\" \/>\n\t<meta name=\"twitter:data1\" content=\"6 minutos\" \/>\n<script type=\"application\/ld+json\" class=\"yoast-schema-graph\">{\"@context\":\"https:\\\/\\\/schema.org\",\"@graph\":[{\"@type\":\"WebPage\",\"@id\":\"https:\\\/\\\/iai.int\\\/es\\\/paleotempestologia-de-la-region-caribena-un-estudio-multi-proxy-de-la-variabilidad-espacial-y-temporal-de-la-actividad-de-los-huracanes-en-el-caribe-en-multiples-sitios-crn-2050\\\/\",\"url\":\"https:\\\/\\\/iai.int\\\/es\\\/paleotempestologia-de-la-region-caribena-un-estudio-multi-proxy-de-la-variabilidad-espacial-y-temporal-de-la-actividad-de-los-huracanes-en-el-caribe-en-multiples-sitios-crn-2050\\\/\",\"name\":\"Paleotempestolog\u00eda de la regi\u00f3n caribe\u00f1a: un estudio multi-proxy de la variabilidad espacial y temporal de la actividad de los huracanes en el Caribe en m\u00faltiples sitios (CRN 2050) - IAI - Inter-American Institute for Global Change Research\",\"isPartOf\":{\"@id\":\"https:\\\/\\\/iai.int\\\/es\\\/#website\"},\"primaryImageOfPage\":{\"@id\":\"https:\\\/\\\/iai.int\\\/es\\\/paleotempestologia-de-la-region-caribena-un-estudio-multi-proxy-de-la-variabilidad-espacial-y-temporal-de-la-actividad-de-los-huracanes-en-el-caribe-en-multiples-sitios-crn-2050\\\/#primaryimage\"},\"image\":{\"@id\":\"https:\\\/\\\/iai.int\\\/es\\\/paleotempestologia-de-la-region-caribena-un-estudio-multi-proxy-de-la-variabilidad-espacial-y-temporal-de-la-actividad-de-los-huracanes-en-el-caribe-en-multiples-sitios-crn-2050\\\/#primaryimage\"},\"thumbnailUrl\":\"https:\\\/\\\/iai.int\\\/admin\\\/site\\\/sites\\\/default\\\/files\\\/uploads\\\/2014\\\/03\\\/crn2050.jpg\",\"datePublished\":\"2024-09-16T16:50:17+00:00\",\"dateModified\":\"2024-10-17T16:00:24+00:00\",\"breadcrumb\":{\"@id\":\"https:\\\/\\\/iai.int\\\/es\\\/paleotempestologia-de-la-region-caribena-un-estudio-multi-proxy-de-la-variabilidad-espacial-y-temporal-de-la-actividad-de-los-huracanes-en-el-caribe-en-multiples-sitios-crn-2050\\\/#breadcrumb\"},\"inLanguage\":\"es\",\"potentialAction\":[{\"@type\":\"ReadAction\",\"target\":[\"https:\\\/\\\/iai.int\\\/es\\\/paleotempestologia-de-la-region-caribena-un-estudio-multi-proxy-de-la-variabilidad-espacial-y-temporal-de-la-actividad-de-los-huracanes-en-el-caribe-en-multiples-sitios-crn-2050\\\/\"]}]},{\"@type\":\"ImageObject\",\"inLanguage\":\"es\",\"@id\":\"https:\\\/\\\/iai.int\\\/es\\\/paleotempestologia-de-la-region-caribena-un-estudio-multi-proxy-de-la-variabilidad-espacial-y-temporal-de-la-actividad-de-los-huracanes-en-el-caribe-en-multiples-sitios-crn-2050\\\/#primaryimage\",\"url\":\"https:\\\/\\\/iai.int\\\/admin\\\/site\\\/sites\\\/default\\\/files\\\/uploads\\\/2014\\\/03\\\/crn2050.jpg\",\"contentUrl\":\"https:\\\/\\\/iai.int\\\/admin\\\/site\\\/sites\\\/default\\\/files\\\/uploads\\\/2014\\\/03\\\/crn2050.jpg\"},{\"@type\":\"BreadcrumbList\",\"@id\":\"https:\\\/\\\/iai.int\\\/es\\\/paleotempestologia-de-la-region-caribena-un-estudio-multi-proxy-de-la-variabilidad-espacial-y-temporal-de-la-actividad-de-los-huracanes-en-el-caribe-en-multiples-sitios-crn-2050\\\/#breadcrumb\",\"itemListElement\":[{\"@type\":\"ListItem\",\"position\":1,\"name\":\"Portada\",\"item\":\"https:\\\/\\\/iai.int\\\/es\\\/\"},{\"@type\":\"ListItem\",\"position\":2,\"name\":\"Paleotempestolog\u00eda de la regi\u00f3n caribe\u00f1a: un estudio multi-proxy de la variabilidad espacial y temporal de la actividad de los huracanes en el Caribe en m\u00faltiples sitios (CRN 2050)\"}]},{\"@type\":\"WebSite\",\"@id\":\"https:\\\/\\\/iai.int\\\/es\\\/#website\",\"url\":\"https:\\\/\\\/iai.int\\\/es\\\/\",\"name\":\"IAI - Inter-American Institute for Global Change Research\",\"description\":\"\",\"publisher\":{\"@id\":\"https:\\\/\\\/iai.int\\\/es\\\/#organization\"},\"potentialAction\":[{\"@type\":\"SearchAction\",\"target\":{\"@type\":\"EntryPoint\",\"urlTemplate\":\"https:\\\/\\\/iai.int\\\/es\\\/?s={search_term_string}\"},\"query-input\":{\"@type\":\"PropertyValueSpecification\",\"valueRequired\":true,\"valueName\":\"search_term_string\"}}],\"inLanguage\":\"es\"},{\"@type\":\"Organization\",\"@id\":\"https:\\\/\\\/iai.int\\\/es\\\/#organization\",\"name\":\"IAI - Inter-American Institute for Global Change Research\",\"url\":\"https:\\\/\\\/iai.int\\\/es\\\/\",\"logo\":{\"@type\":\"ImageObject\",\"inLanguage\":\"es\",\"@id\":\"https:\\\/\\\/iai.int\\\/es\\\/#\\\/schema\\\/logo\\\/image\\\/\",\"url\":\"https:\\\/\\\/iai.int\\\/wp-content\\\/uploads\\\/2025\\\/11\\\/IAI-logo-English-scaled.png\",\"contentUrl\":\"https:\\\/\\\/iai.int\\\/wp-content\\\/uploads\\\/2025\\\/11\\\/IAI-logo-English-scaled.png\",\"width\":2560,\"height\":985,\"caption\":\"IAI - Inter-American Institute for Global Change Research\"},\"image\":{\"@id\":\"https:\\\/\\\/iai.int\\\/es\\\/#\\\/schema\\\/logo\\\/image\\\/\"}}]}<\/script>\n<!-- \/ Yoast SEO plugin. -->","yoast_head_json":{"title":"Paleotempestolog\u00eda de la regi\u00f3n caribe\u00f1a: un estudio multi-proxy de la variabilidad espacial y temporal de la actividad de los huracanes en el Caribe en m\u00faltiples sitios (CRN 2050) - IAI - Inter-American Institute for Global Change Research","robots":{"index":"index","follow":"follow","max-snippet":"max-snippet:-1","max-image-preview":"max-image-preview:large","max-video-preview":"max-video-preview:-1"},"canonical":"https:\/\/iai.int\/es\/paleotempestologia-de-la-region-caribena-un-estudio-multi-proxy-de-la-variabilidad-espacial-y-temporal-de-la-actividad-de-los-huracanes-en-el-caribe-en-multiples-sitios-crn-2050\/","og_locale":"es_ES","og_type":"article","og_title":"Paleotempestolog\u00eda de la regi\u00f3n caribe\u00f1a: un estudio multi-proxy de la variabilidad espacial y temporal de la actividad de los huracanes en el Caribe en m\u00faltiples sitios (CRN 2050) - IAI - Inter-American Institute for Global Change Research","og_description":"1) Sitios de investigaci\u00f3n.2) Imagen de Google Earth de la Laguna Bailen, una laguna costera de Cuba de la que se tomaron testigospara nuestro estudio paleotempestol\u00f3gico; la escala es 1 km (foto por M. Peros).3) Testigo de sedimentos de una laguna costera en Sian Kaan, M\u00e9xico.Contiene una capa cl\u00e1stica probablemente depositada por un hurac\u00e1n (foto [&hellip;]","og_url":"https:\/\/iai.int\/es\/paleotempestologia-de-la-region-caribena-un-estudio-multi-proxy-de-la-variabilidad-espacial-y-temporal-de-la-actividad-de-los-huracanes-en-el-caribe-en-multiples-sitios-crn-2050\/","og_site_name":"IAI - Inter-American Institute for Global Change Research","article_modified_time":"2024-10-17T16:00:24+00:00","og_image":[{"url":"https:\/\/iai.int\/admin\/site\/sites\/default\/files\/uploads\/2014\/03\/crn2050.jpg","type":"","width":"","height":""}],"twitter_card":"summary_large_image","twitter_misc":{"Tiempo de lectura":"6 minutos"},"schema":{"@context":"https:\/\/schema.org","@graph":[{"@type":"WebPage","@id":"https:\/\/iai.int\/es\/paleotempestologia-de-la-region-caribena-un-estudio-multi-proxy-de-la-variabilidad-espacial-y-temporal-de-la-actividad-de-los-huracanes-en-el-caribe-en-multiples-sitios-crn-2050\/","url":"https:\/\/iai.int\/es\/paleotempestologia-de-la-region-caribena-un-estudio-multi-proxy-de-la-variabilidad-espacial-y-temporal-de-la-actividad-de-los-huracanes-en-el-caribe-en-multiples-sitios-crn-2050\/","name":"Paleotempestolog\u00eda de la regi\u00f3n caribe\u00f1a: un estudio multi-proxy de la variabilidad espacial y temporal de la actividad de los huracanes en el Caribe en m\u00faltiples sitios (CRN 2050) - IAI - Inter-American Institute for Global Change Research","isPartOf":{"@id":"https:\/\/iai.int\/es\/#website"},"primaryImageOfPage":{"@id":"https:\/\/iai.int\/es\/paleotempestologia-de-la-region-caribena-un-estudio-multi-proxy-de-la-variabilidad-espacial-y-temporal-de-la-actividad-de-los-huracanes-en-el-caribe-en-multiples-sitios-crn-2050\/#primaryimage"},"image":{"@id":"https:\/\/iai.int\/es\/paleotempestologia-de-la-region-caribena-un-estudio-multi-proxy-de-la-variabilidad-espacial-y-temporal-de-la-actividad-de-los-huracanes-en-el-caribe-en-multiples-sitios-crn-2050\/#primaryimage"},"thumbnailUrl":"https:\/\/iai.int\/admin\/site\/sites\/default\/files\/uploads\/2014\/03\/crn2050.jpg","datePublished":"2024-09-16T16:50:17+00:00","dateModified":"2024-10-17T16:00:24+00:00","breadcrumb":{"@id":"https:\/\/iai.int\/es\/paleotempestologia-de-la-region-caribena-un-estudio-multi-proxy-de-la-variabilidad-espacial-y-temporal-de-la-actividad-de-los-huracanes-en-el-caribe-en-multiples-sitios-crn-2050\/#breadcrumb"},"inLanguage":"es","potentialAction":[{"@type":"ReadAction","target":["https:\/\/iai.int\/es\/paleotempestologia-de-la-region-caribena-un-estudio-multi-proxy-de-la-variabilidad-espacial-y-temporal-de-la-actividad-de-los-huracanes-en-el-caribe-en-multiples-sitios-crn-2050\/"]}]},{"@type":"ImageObject","inLanguage":"es","@id":"https:\/\/iai.int\/es\/paleotempestologia-de-la-region-caribena-un-estudio-multi-proxy-de-la-variabilidad-espacial-y-temporal-de-la-actividad-de-los-huracanes-en-el-caribe-en-multiples-sitios-crn-2050\/#primaryimage","url":"https:\/\/iai.int\/admin\/site\/sites\/default\/files\/uploads\/2014\/03\/crn2050.jpg","contentUrl":"https:\/\/iai.int\/admin\/site\/sites\/default\/files\/uploads\/2014\/03\/crn2050.jpg"},{"@type":"BreadcrumbList","@id":"https:\/\/iai.int\/es\/paleotempestologia-de-la-region-caribena-un-estudio-multi-proxy-de-la-variabilidad-espacial-y-temporal-de-la-actividad-de-los-huracanes-en-el-caribe-en-multiples-sitios-crn-2050\/#breadcrumb","itemListElement":[{"@type":"ListItem","position":1,"name":"Portada","item":"https:\/\/iai.int\/es\/"},{"@type":"ListItem","position":2,"name":"Paleotempestolog\u00eda de la regi\u00f3n caribe\u00f1a: un estudio multi-proxy de la variabilidad espacial y temporal de la actividad de los huracanes en el Caribe en m\u00faltiples sitios (CRN 2050)"}]},{"@type":"WebSite","@id":"https:\/\/iai.int\/es\/#website","url":"https:\/\/iai.int\/es\/","name":"IAI - Inter-American Institute for Global Change Research","description":"","publisher":{"@id":"https:\/\/iai.int\/es\/#organization"},"potentialAction":[{"@type":"SearchAction","target":{"@type":"EntryPoint","urlTemplate":"https:\/\/iai.int\/es\/?s={search_term_string}"},"query-input":{"@type":"PropertyValueSpecification","valueRequired":true,"valueName":"search_term_string"}}],"inLanguage":"es"},{"@type":"Organization","@id":"https:\/\/iai.int\/es\/#organization","name":"IAI - Inter-American Institute for Global Change Research","url":"https:\/\/iai.int\/es\/","logo":{"@type":"ImageObject","inLanguage":"es","@id":"https:\/\/iai.int\/es\/#\/schema\/logo\/image\/","url":"https:\/\/iai.int\/wp-content\/uploads\/2025\/11\/IAI-logo-English-scaled.png","contentUrl":"https:\/\/iai.int\/wp-content\/uploads\/2025\/11\/IAI-logo-English-scaled.png","width":2560,"height":985,"caption":"IAI - Inter-American Institute for Global Change Research"},"image":{"@id":"https:\/\/iai.int\/es\/#\/schema\/logo\/image\/"}}]}},"uagb_featured_image_src":{"full":false,"thumbnail":false,"medium":false,"medium_large":false,"large":false,"1536x1536":false,"2048x2048":false},"uagb_author_info":{"display_name":"admin","author_link":"https:\/\/iai.int\/es\/author\/admin\/"},"uagb_comment_info":0,"uagb_excerpt":"1) Sitios de investigaci\u00f3n.2) Imagen de Google Earth de la Laguna Bailen, una laguna costera de Cuba de la que se tomaron testigospara nuestro estudio paleotempestol\u00f3gico; la escala es 1 km (foto por M. Peros).3) Testigo de sedimentos de una laguna costera en Sian Kaan, M\u00e9xico.Contiene una capa cl\u00e1stica probablemente depositada por un hurac\u00e1n (foto&hellip;","_links":{"self":[{"href":"https:\/\/iai.int\/es\/wp-json\/wp\/v2\/pages\/825","targetHints":{"allow":["GET"]}}],"collection":[{"href":"https:\/\/iai.int\/es\/wp-json\/wp\/v2\/pages"}],"about":[{"href":"https:\/\/iai.int\/es\/wp-json\/wp\/v2\/types\/page"}],"author":[{"embeddable":true,"href":"https:\/\/iai.int\/es\/wp-json\/wp\/v2\/users\/1"}],"replies":[{"embeddable":true,"href":"https:\/\/iai.int\/es\/wp-json\/wp\/v2\/comments?post=825"}],"version-history":[{"count":4,"href":"https:\/\/iai.int\/es\/wp-json\/wp\/v2\/pages\/825\/revisions"}],"predecessor-version":[{"id":1367,"href":"https:\/\/iai.int\/es\/wp-json\/wp\/v2\/pages\/825\/revisions\/1367"}],"wp:attachment":[{"href":"https:\/\/iai.int\/es\/wp-json\/wp\/v2\/media?parent=825"}],"curies":[{"name":"wp","href":"https:\/\/api.w.org\/{rel}","templated":true}]}}