{"id":821,"date":"2024-09-16T12:59:36","date_gmt":"2024-09-16T15:59:36","guid":{"rendered":"https:\/\/iai.int\/?page_id=821"},"modified":"2024-10-17T12:47:11","modified_gmt":"2024-10-17T15:47:11","slug":"ciclones-tropicales-caracteristicas-actuales-y-cambios-potenciales-bajo-un-clima-mas-calido-crn-2048","status":"publish","type":"page","link":"https:\/\/iai.int\/es\/ciclones-tropicales-caracteristicas-actuales-y-cambios-potenciales-bajo-un-clima-mas-calido-crn-2048\/","title":{"rendered":"Ciclones tropicales: caracter\u00edsticas actuales y cambios potenciales bajo un clima m\u00e1s c\u00e1lido (CRN 2048)"},"content":{"rendered":"\n<figure class=\"wp-block-image\"><img decoding=\"async\" src=\"https:\/\/iai.int\/admin\/site\/sites\/default\/files\/uploads\/2014\/03\/crn2048_1.jpg\" alt=\"crn2048_1\" class=\"wp-image-2246\"\/><\/figure>\n\n\n\n<p>Imagen IR de John 2 de septiembre de 2006<\/p>\n\n\n\n<h3 class=\"wp-block-heading\">Informaci\u00f3n de proyecto<\/h3>\n\n\n\n<p><strong>Investigador principal:<\/strong><\/p>\n\n\n\n<p><em>Graciela Binimelis de Raga<\/em>&nbsp;(<a href=\"mailto:raga@servidor.unam.mx\">raga@servidor.unam.mx<\/a>)<br>Universidad Nacional Aut\u00f3noma de M\u00e9xico (UNAM) \u2013 Centro de Ciencias de la Atm\u00f3sfera<\/p>\n\n\n\n<p><strong>Sitio web del proyecto:<\/strong><\/p>\n\n\n\n<p><a href=\"http:\/\/cabernet.atmosfcu.unam.mx\/IAI\" target=\"_blank\" rel=\"noreferrer noopener\">http:\/\/cabernet.atmosfcu.unam.mx\/IAI<\/a><\/p>\n\n\n\n<p><strong>Papers publicados:<\/strong><\/p>\n\n\n\n<p><a href=\"http:\/\/www.citeulike.org\/user\/IAI\/tag\/crn2048\" target=\"_blank\" rel=\"noreferrer noopener\">http:\/\/www.citeulike.org\/user\/IAI\/tag\/crn2048<\/a><\/p>\n\n\n\n<p>Esta investigaci\u00f3n continu\u00f3 en el\u00a0<a href=\"https:\/\/iai.int\/ciclones-tropicales-que-tocan-tierra-en-la-cuenca-del-pacifico-oriental-sgp-cra-2048\/\" data-type=\"page\" data-id=\"857\">SGP-CRA 2048 con el mismo t\u00edtulo<\/a><\/p>\n\n\n\n<p><a href=\"https:\/\/iai.int\/es\/meetings\/detail\/crn2048#summary\">Resumen ejecutivo<\/a>&nbsp;<a href=\"https:\/\/iai.int\/es\/meetings\/detail\/crn2048#medios\">Extensi\u00f3n<\/a>&nbsp;<a href=\"https:\/\/iai.int\/es\/meetings\/detail\/crn2048#investigadores\">Investigadores<\/a>&nbsp;<a href=\"https:\/\/iai.int\/es\/meetings\/detail\/crn2048#students\">Estudiantes<\/a><\/p>\n\n\n\n<h3 class=\"wp-block-heading\" id=\"summary\">Resumen ejecutivo<\/h3>\n\n\n\n<p>La densidad de ciclones en el Pac\u00edfico Oriental es la mayor del mundo. Cuando entran en tierra, suelen producir lluvias catastr\u00f3ficas, inundaciones y deslizamientos de tierra. El Servicio Meteorol\u00f3gico Nacional de M\u00e9xico y el Centro Nacional de Huracanes de EE.UU. (NHC, por sus siglas en ingl\u00e9s) emiten pron\u00f3sticos de la trayectoria e intensidad de los ciclones tropicales, que ayudan a los encargados de emergencias a preparar alertas para el p\u00fablico. Es necesario mejorar la precisi\u00f3n y confiabilidad de estos pron\u00f3sticos para lograr una prevenci\u00f3n efectiva de desastres. Este proyecto busca identificar las necesidades de modelado y datos para mejorar los pron\u00f3sticos.<\/p>\n\n\n\n<p><strong>Objetivos<\/strong><br>Mejorar la comprensi\u00f3n de la intensificaci\u00f3n de los ciclones tropicales y su evoluci\u00f3n en el Oc\u00e9ano Pac\u00edfico Oriental, mediante observaciones y simulaciones num\u00e9ricas, e identificar los efectos potenciales del calentamiento global en los ciclones<\/p>\n\n\n\n<p>Brindar capacitaci\u00f3n a estudiantes graduados, particularmente en Am\u00e9rica Latina<\/p>\n\n\n\n<p>Elaborar recomendaciones para mejorar la capacidad de pronosticar los ciclones tropicales de los Servicios Meteorol\u00f3gicos.<\/p>\n\n\n\n<p><strong>Primeros resultados<\/strong><br>Los resultados ofrecen evidencia del papel que tiene la circulaci\u00f3n atmosf\u00e9rica como determinante fundamental de la trayectoria de las tormentas y la precipitaci\u00f3n en la regi\u00f3n. La intensidad de los ciclones depende de los balances de masa y energ\u00eda de la atm\u00f3sfera y del modo en que interact\u00faan con el oc\u00e9ano.<\/p>\n\n\n\n<p>La velocidad de la circulaci\u00f3n aumenta la energ\u00eda (destructiva) de los ciclones y el rozamiento con la superficie la disminuye.<\/p>\n\n\n\n<p>El estudio de tres ciclones tropicales que entraron en tierra en el noroeste de M\u00e9xico mostr\u00f3 que es necesario comprender los factores \u201cexternos\u201d como el aporte de aire c\u00e1lido y seco del oeste de Estados Unidos para predecir mejor las trayectorias en el Pac\u00edfico Oriental.<\/p>\n\n\n\n<p>El proyecto est\u00e1 armando una base de datos de registros hist\u00f3ricos utilizando art\u00edculos de peri\u00f3dicos e informes gubernamentales, lo que ha permitido identificar y documentar ciclones que en el pasado entraron en el territorio de los estados del Pac\u00edfico de M\u00e9xico.<\/p>\n\n\n\n<p>Se capacit\u00f3 a m\u00e1s de 100 estudiantes en tres exitosos cursos sobre la teor\u00eda y la pr\u00e1ctica de la identificaci\u00f3n y evoluci\u00f3n de los ciclones tropicales.<\/p>\n\n\n\n<p>Los primeros resultados han contribuido a incrementar los conocimientos del equipo sobre la evoluci\u00f3n de los ciclones. Tambi\u00e9n mostraron que la ciencia de los huracanes requiere mayor desarrollo.<\/p>\n\n\n\n<p>Es necesario ampliar los estudios clim\u00e1ticos y la recolecci\u00f3n de datos en escala con el fin de evaluar con precisi\u00f3n los riesgos en la regi\u00f3n.<\/p>\n\n\n\n<h3 class=\"wp-block-heading\" id=\"medios\">Extensi\u00f3n<\/h3>\n\n\n\n<figure class=\"wp-block-image alignleft\"><img decoding=\"async\" src=\"https:\/\/iai.int\/admin\/site\/sites\/default\/files\/uploads\/2014\/06\/John_track_2006.jpg\" alt=\"John_track_2006\" class=\"wp-image-6121\"\/><\/figure>\n\n\n\n<p><br><a href=\"https:\/\/iai.int\/a-la-caza-de-los-vientos\/\" data-type=\"page\" data-id=\"1286\">A la caza de los vientos<\/a><br><a href=\"https:\/\/iai.int\/admin\/site\/sites\/default\/files\/uploads\/2014\/06\/Snapshot1_Chasing_the_winds_sp.pdf\" target=\"_blank\" rel=\"noreferrer noopener\">Bajar PDF<\/a><br><a href=\"https:\/\/iai.int\/admin\/site\/sites\/default\/files\/uploads\/2014\/06\/Snapshot1_Chasing_the_winds.pdf\" target=\"_blank\" rel=\"noreferrer noopener\">Bajar PDF en ingl\u00e9s<\/a><\/p>\n\n\n\n<h3 class=\"wp-block-heading\" id=\"investigadores\">Investigadores del projecto<\/h3>\n\n\n\n<p>Graciela Binimelis de Raga \u2013&nbsp;<a href=\"mailto:raga@servidor.unam.mx\">raga@servidor.unam.mx<\/a><br>Universidad Nacional Aut\u00f3noma de M\u00e9xico (UNAM) \u2013 Centro de Ciencias de la Atm\u00f3sfera<\/p>\n\n\n\n<p><strong>Co-investigators<\/strong><br>Jorge Zavala-Hidalgo (CCA-UNAM, M\u00e9xico), Luis Farfan Molina (CICESE, M\u00e9xico), Jorge Sanchez Sesma (IMTA, M\u00e9xico), currently replacing Ricardo Prieto Orzo Sanchez Montante (CICATA, M\u00e9xico), David Raymond (NMT, EE.UU.), Daniel Mart\u00ednez (INSMET, Cuba), Ida Mitrani (INSMET, Cuba), Omar Lizano (CIGEFI, Costa Rica). Post-docs: Diana Pozo, Rosario Romero Centeno; Estudiantes: Julio Marin, Fernando Oropeza (ambos de CCA-UNAM), Jorge Cisneros (NMT)<\/p>\n\n\n\n<p><strong>V\u00ednculos con otros proyectos del IAI<\/strong><br>Este proyecto coopera con el proyecto de dimensiones humanas SGP-HD 005 y con el CRN 2050<\/p>\n\n\n\n<p>Actualizado en 02\/2010<\/p>\n\n\n\n<p><a href=\"https:\/\/iai.int\/admin\/site\/sites\/default\/files\/uploads\/2014\/03\/CRN2_48.pdf\" target=\"_blank\" rel=\"noreferrer noopener\">Archivo en PDF (en ingl\u00e9s)<\/a><\/p>\n\n\n\n<h3 class=\"wp-block-heading\" id=\"students\">Estudiantes<\/h3>\n\n\n\n<p><em>Adolfo Lugo<\/em>, doctorado, UNAM, M\u00e9xico.<br><em>Beatriz Bracamontes<\/em>, maestr\u00eda, UNAM, M\u00e9xico.<br><em>Carlos Lopez-Carrillo<\/em>, Post doctorado, New Mexico Institute of Mining and Technology, M\u00e9xico.<br><em>Diana Pozo<\/em>, Post doctorado, Universidad de Valparaiso, Cuba.<br><em>Fernando Oropeza<\/em>, doctorado, Universidad Nacional Aut\u00f3noma de Mexico, M\u00e9xico.<br><em>Jorge Cisneros<\/em>, doctorado, New Mexico Institute of Mining and Technology, Costa Rica.<br><em>Julio Marin<\/em>, doctorado, Universidad de Valparaiso, Cuba.<br><em>Marcelo Olivera<\/em>, Post doctorado, UNAM, Bolivia.<br><em>Roberto Orbe<\/em>, maestr\u00eda, UNAM, M\u00e9xico.<br><em>Rosario Romero-Centeno<\/em>, Post doctorado, UNAM, M\u00e9xico.<\/p>\n","protected":false},"excerpt":{"rendered":"<p>Imagen IR de John 2 de septiembre de 2006 Informaci\u00f3n de proyecto Investigador principal: Graciela Binimelis de Raga&nbsp;(raga@servidor.unam.mx)Universidad Nacional Aut\u00f3noma de M\u00e9xico (UNAM) \u2013 Centro de Ciencias de la Atm\u00f3sfera Sitio web del proyecto: http:\/\/cabernet.atmosfcu.unam.mx\/IAI Papers publicados: http:\/\/www.citeulike.org\/user\/IAI\/tag\/crn2048 Esta investigaci\u00f3n continu\u00f3 en el\u00a0SGP-CRA 2048 con el mismo t\u00edtulo Resumen ejecutivo&nbsp;Extensi\u00f3n&nbsp;Investigadores&nbsp;Estudiantes Resumen ejecutivo La densidad de [&hellip;]<\/p>\n","protected":false},"author":1,"featured_media":0,"parent":0,"menu_order":0,"comment_status":"closed","ping_status":"closed","template":"","meta":{"_acf_changed":false,"_uag_custom_page_level_css":"","footnotes":""},"class_list":["post-821","page","type-page","status-publish","hentry"],"acf":[],"yoast_head":"<!-- This site is optimized with the Yoast SEO plugin v27.3 - https:\/\/yoast.com\/product\/yoast-seo-wordpress\/ -->\n<title>Ciclones tropicales: caracter\u00edsticas actuales y cambios potenciales bajo un clima m\u00e1s c\u00e1lido (CRN 2048) - IAI - Inter-American Institute for Global Change Research<\/title>\n<meta name=\"robots\" content=\"index, follow, max-snippet:-1, max-image-preview:large, max-video-preview:-1\" \/>\n<link rel=\"canonical\" href=\"https:\/\/iai.int\/es\/ciclones-tropicales-caracteristicas-actuales-y-cambios-potenciales-bajo-un-clima-mas-calido-crn-2048\/\" \/>\n<meta property=\"og:locale\" content=\"es_ES\" \/>\n<meta property=\"og:type\" content=\"article\" \/>\n<meta property=\"og:title\" content=\"Ciclones tropicales: caracter\u00edsticas actuales y cambios potenciales bajo un clima m\u00e1s c\u00e1lido (CRN 2048) - IAI - Inter-American Institute for Global Change Research\" \/>\n<meta property=\"og:description\" content=\"Imagen IR de John 2 de septiembre de 2006 Informaci\u00f3n de proyecto Investigador principal: Graciela Binimelis de Raga&nbsp;(raga@servidor.unam.mx)Universidad Nacional Aut\u00f3noma de M\u00e9xico (UNAM) \u2013 Centro de Ciencias de la Atm\u00f3sfera Sitio web del proyecto: http:\/\/cabernet.atmosfcu.unam.mx\/IAI Papers publicados: http:\/\/www.citeulike.org\/user\/IAI\/tag\/crn2048 Esta investigaci\u00f3n continu\u00f3 en el\u00a0SGP-CRA 2048 con el mismo t\u00edtulo Resumen ejecutivo&nbsp;Extensi\u00f3n&nbsp;Investigadores&nbsp;Estudiantes Resumen ejecutivo La densidad de [&hellip;]\" \/>\n<meta property=\"og:url\" content=\"https:\/\/iai.int\/es\/ciclones-tropicales-caracteristicas-actuales-y-cambios-potenciales-bajo-un-clima-mas-calido-crn-2048\/\" \/>\n<meta property=\"og:site_name\" content=\"IAI - Inter-American Institute for Global Change Research\" \/>\n<meta property=\"article:modified_time\" content=\"2024-10-17T15:47:11+00:00\" \/>\n<meta name=\"twitter:card\" content=\"summary_large_image\" \/>\n<meta name=\"twitter:label1\" content=\"Tiempo de lectura\" \/>\n\t<meta name=\"twitter:data1\" content=\"4 minutos\" \/>\n<script type=\"application\/ld+json\" class=\"yoast-schema-graph\">{\"@context\":\"https:\\\/\\\/schema.org\",\"@graph\":[{\"@type\":\"WebPage\",\"@id\":\"https:\\\/\\\/iai.int\\\/es\\\/ciclones-tropicales-caracteristicas-actuales-y-cambios-potenciales-bajo-un-clima-mas-calido-crn-2048\\\/\",\"url\":\"https:\\\/\\\/iai.int\\\/es\\\/ciclones-tropicales-caracteristicas-actuales-y-cambios-potenciales-bajo-un-clima-mas-calido-crn-2048\\\/\",\"name\":\"Ciclones tropicales: caracter\u00edsticas actuales y cambios potenciales bajo un clima m\u00e1s c\u00e1lido (CRN 2048) - IAI - Inter-American Institute for Global Change Research\",\"isPartOf\":{\"@id\":\"https:\\\/\\\/iai.int\\\/es\\\/#website\"},\"primaryImageOfPage\":{\"@id\":\"https:\\\/\\\/iai.int\\\/es\\\/ciclones-tropicales-caracteristicas-actuales-y-cambios-potenciales-bajo-un-clima-mas-calido-crn-2048\\\/#primaryimage\"},\"image\":{\"@id\":\"https:\\\/\\\/iai.int\\\/es\\\/ciclones-tropicales-caracteristicas-actuales-y-cambios-potenciales-bajo-un-clima-mas-calido-crn-2048\\\/#primaryimage\"},\"thumbnailUrl\":\"https:\\\/\\\/iai.int\\\/admin\\\/site\\\/sites\\\/default\\\/files\\\/uploads\\\/2014\\\/03\\\/crn2048_1.jpg\",\"datePublished\":\"2024-09-16T15:59:36+00:00\",\"dateModified\":\"2024-10-17T15:47:11+00:00\",\"breadcrumb\":{\"@id\":\"https:\\\/\\\/iai.int\\\/es\\\/ciclones-tropicales-caracteristicas-actuales-y-cambios-potenciales-bajo-un-clima-mas-calido-crn-2048\\\/#breadcrumb\"},\"inLanguage\":\"es\",\"potentialAction\":[{\"@type\":\"ReadAction\",\"target\":[\"https:\\\/\\\/iai.int\\\/es\\\/ciclones-tropicales-caracteristicas-actuales-y-cambios-potenciales-bajo-un-clima-mas-calido-crn-2048\\\/\"]}]},{\"@type\":\"ImageObject\",\"inLanguage\":\"es\",\"@id\":\"https:\\\/\\\/iai.int\\\/es\\\/ciclones-tropicales-caracteristicas-actuales-y-cambios-potenciales-bajo-un-clima-mas-calido-crn-2048\\\/#primaryimage\",\"url\":\"https:\\\/\\\/iai.int\\\/admin\\\/site\\\/sites\\\/default\\\/files\\\/uploads\\\/2014\\\/03\\\/crn2048_1.jpg\",\"contentUrl\":\"https:\\\/\\\/iai.int\\\/admin\\\/site\\\/sites\\\/default\\\/files\\\/uploads\\\/2014\\\/03\\\/crn2048_1.jpg\"},{\"@type\":\"BreadcrumbList\",\"@id\":\"https:\\\/\\\/iai.int\\\/es\\\/ciclones-tropicales-caracteristicas-actuales-y-cambios-potenciales-bajo-un-clima-mas-calido-crn-2048\\\/#breadcrumb\",\"itemListElement\":[{\"@type\":\"ListItem\",\"position\":1,\"name\":\"Portada\",\"item\":\"https:\\\/\\\/iai.int\\\/es\\\/\"},{\"@type\":\"ListItem\",\"position\":2,\"name\":\"Ciclones tropicales: caracter\u00edsticas actuales y cambios potenciales bajo un clima m\u00e1s c\u00e1lido (CRN 2048)\"}]},{\"@type\":\"WebSite\",\"@id\":\"https:\\\/\\\/iai.int\\\/es\\\/#website\",\"url\":\"https:\\\/\\\/iai.int\\\/es\\\/\",\"name\":\"IAI - Inter-American Institute for Global Change Research\",\"description\":\"\",\"publisher\":{\"@id\":\"https:\\\/\\\/iai.int\\\/es\\\/#organization\"},\"potentialAction\":[{\"@type\":\"SearchAction\",\"target\":{\"@type\":\"EntryPoint\",\"urlTemplate\":\"https:\\\/\\\/iai.int\\\/es\\\/?s={search_term_string}\"},\"query-input\":{\"@type\":\"PropertyValueSpecification\",\"valueRequired\":true,\"valueName\":\"search_term_string\"}}],\"inLanguage\":\"es\"},{\"@type\":\"Organization\",\"@id\":\"https:\\\/\\\/iai.int\\\/es\\\/#organization\",\"name\":\"IAI - Inter-American Institute for Global Change Research\",\"url\":\"https:\\\/\\\/iai.int\\\/es\\\/\",\"logo\":{\"@type\":\"ImageObject\",\"inLanguage\":\"es\",\"@id\":\"https:\\\/\\\/iai.int\\\/es\\\/#\\\/schema\\\/logo\\\/image\\\/\",\"url\":\"https:\\\/\\\/iai.int\\\/wp-content\\\/uploads\\\/2025\\\/11\\\/IAI-logo-English-scaled.png\",\"contentUrl\":\"https:\\\/\\\/iai.int\\\/wp-content\\\/uploads\\\/2025\\\/11\\\/IAI-logo-English-scaled.png\",\"width\":2560,\"height\":985,\"caption\":\"IAI - Inter-American Institute for Global Change Research\"},\"image\":{\"@id\":\"https:\\\/\\\/iai.int\\\/es\\\/#\\\/schema\\\/logo\\\/image\\\/\"}}]}<\/script>\n<!-- \/ Yoast SEO plugin. -->","yoast_head_json":{"title":"Ciclones tropicales: caracter\u00edsticas actuales y cambios potenciales bajo un clima m\u00e1s c\u00e1lido (CRN 2048) - IAI - Inter-American Institute for Global Change Research","robots":{"index":"index","follow":"follow","max-snippet":"max-snippet:-1","max-image-preview":"max-image-preview:large","max-video-preview":"max-video-preview:-1"},"canonical":"https:\/\/iai.int\/es\/ciclones-tropicales-caracteristicas-actuales-y-cambios-potenciales-bajo-un-clima-mas-calido-crn-2048\/","og_locale":"es_ES","og_type":"article","og_title":"Ciclones tropicales: caracter\u00edsticas actuales y cambios potenciales bajo un clima m\u00e1s c\u00e1lido (CRN 2048) - IAI - Inter-American Institute for Global Change Research","og_description":"Imagen IR de John 2 de septiembre de 2006 Informaci\u00f3n de proyecto Investigador principal: Graciela Binimelis de Raga&nbsp;(raga@servidor.unam.mx)Universidad Nacional Aut\u00f3noma de M\u00e9xico (UNAM) \u2013 Centro de Ciencias de la Atm\u00f3sfera Sitio web del proyecto: http:\/\/cabernet.atmosfcu.unam.mx\/IAI Papers publicados: http:\/\/www.citeulike.org\/user\/IAI\/tag\/crn2048 Esta investigaci\u00f3n continu\u00f3 en el\u00a0SGP-CRA 2048 con el mismo t\u00edtulo Resumen ejecutivo&nbsp;Extensi\u00f3n&nbsp;Investigadores&nbsp;Estudiantes Resumen ejecutivo La densidad de [&hellip;]","og_url":"https:\/\/iai.int\/es\/ciclones-tropicales-caracteristicas-actuales-y-cambios-potenciales-bajo-un-clima-mas-calido-crn-2048\/","og_site_name":"IAI - Inter-American Institute for Global Change Research","article_modified_time":"2024-10-17T15:47:11+00:00","twitter_card":"summary_large_image","twitter_misc":{"Tiempo de lectura":"4 minutos"},"schema":{"@context":"https:\/\/schema.org","@graph":[{"@type":"WebPage","@id":"https:\/\/iai.int\/es\/ciclones-tropicales-caracteristicas-actuales-y-cambios-potenciales-bajo-un-clima-mas-calido-crn-2048\/","url":"https:\/\/iai.int\/es\/ciclones-tropicales-caracteristicas-actuales-y-cambios-potenciales-bajo-un-clima-mas-calido-crn-2048\/","name":"Ciclones tropicales: caracter\u00edsticas actuales y cambios potenciales bajo un clima m\u00e1s c\u00e1lido (CRN 2048) - IAI - Inter-American Institute for Global Change Research","isPartOf":{"@id":"https:\/\/iai.int\/es\/#website"},"primaryImageOfPage":{"@id":"https:\/\/iai.int\/es\/ciclones-tropicales-caracteristicas-actuales-y-cambios-potenciales-bajo-un-clima-mas-calido-crn-2048\/#primaryimage"},"image":{"@id":"https:\/\/iai.int\/es\/ciclones-tropicales-caracteristicas-actuales-y-cambios-potenciales-bajo-un-clima-mas-calido-crn-2048\/#primaryimage"},"thumbnailUrl":"https:\/\/iai.int\/admin\/site\/sites\/default\/files\/uploads\/2014\/03\/crn2048_1.jpg","datePublished":"2024-09-16T15:59:36+00:00","dateModified":"2024-10-17T15:47:11+00:00","breadcrumb":{"@id":"https:\/\/iai.int\/es\/ciclones-tropicales-caracteristicas-actuales-y-cambios-potenciales-bajo-un-clima-mas-calido-crn-2048\/#breadcrumb"},"inLanguage":"es","potentialAction":[{"@type":"ReadAction","target":["https:\/\/iai.int\/es\/ciclones-tropicales-caracteristicas-actuales-y-cambios-potenciales-bajo-un-clima-mas-calido-crn-2048\/"]}]},{"@type":"ImageObject","inLanguage":"es","@id":"https:\/\/iai.int\/es\/ciclones-tropicales-caracteristicas-actuales-y-cambios-potenciales-bajo-un-clima-mas-calido-crn-2048\/#primaryimage","url":"https:\/\/iai.int\/admin\/site\/sites\/default\/files\/uploads\/2014\/03\/crn2048_1.jpg","contentUrl":"https:\/\/iai.int\/admin\/site\/sites\/default\/files\/uploads\/2014\/03\/crn2048_1.jpg"},{"@type":"BreadcrumbList","@id":"https:\/\/iai.int\/es\/ciclones-tropicales-caracteristicas-actuales-y-cambios-potenciales-bajo-un-clima-mas-calido-crn-2048\/#breadcrumb","itemListElement":[{"@type":"ListItem","position":1,"name":"Portada","item":"https:\/\/iai.int\/es\/"},{"@type":"ListItem","position":2,"name":"Ciclones tropicales: caracter\u00edsticas actuales y cambios potenciales bajo un clima m\u00e1s c\u00e1lido (CRN 2048)"}]},{"@type":"WebSite","@id":"https:\/\/iai.int\/es\/#website","url":"https:\/\/iai.int\/es\/","name":"IAI - Inter-American Institute for Global Change Research","description":"","publisher":{"@id":"https:\/\/iai.int\/es\/#organization"},"potentialAction":[{"@type":"SearchAction","target":{"@type":"EntryPoint","urlTemplate":"https:\/\/iai.int\/es\/?s={search_term_string}"},"query-input":{"@type":"PropertyValueSpecification","valueRequired":true,"valueName":"search_term_string"}}],"inLanguage":"es"},{"@type":"Organization","@id":"https:\/\/iai.int\/es\/#organization","name":"IAI - Inter-American Institute for Global Change Research","url":"https:\/\/iai.int\/es\/","logo":{"@type":"ImageObject","inLanguage":"es","@id":"https:\/\/iai.int\/es\/#\/schema\/logo\/image\/","url":"https:\/\/iai.int\/wp-content\/uploads\/2025\/11\/IAI-logo-English-scaled.png","contentUrl":"https:\/\/iai.int\/wp-content\/uploads\/2025\/11\/IAI-logo-English-scaled.png","width":2560,"height":985,"caption":"IAI - Inter-American Institute for Global Change Research"},"image":{"@id":"https:\/\/iai.int\/es\/#\/schema\/logo\/image\/"}}]}},"uagb_featured_image_src":{"full":false,"thumbnail":false,"medium":false,"medium_large":false,"large":false,"1536x1536":false,"2048x2048":false},"uagb_author_info":{"display_name":"admin","author_link":"https:\/\/iai.int\/es\/author\/admin\/"},"uagb_comment_info":0,"uagb_excerpt":"Imagen IR de John 2 de septiembre de 2006 Informaci\u00f3n de proyecto Investigador principal: Graciela Binimelis de Raga&nbsp;(raga@servidor.unam.mx)Universidad Nacional Aut\u00f3noma de M\u00e9xico (UNAM) \u2013 Centro de Ciencias de la Atm\u00f3sfera Sitio web del proyecto: http:\/\/cabernet.atmosfcu.unam.mx\/IAI Papers publicados: http:\/\/www.citeulike.org\/user\/IAI\/tag\/crn2048 Esta investigaci\u00f3n continu\u00f3 en el\u00a0SGP-CRA 2048 con el mismo t\u00edtulo Resumen ejecutivo&nbsp;Extensi\u00f3n&nbsp;Investigadores&nbsp;Estudiantes Resumen ejecutivo La densidad de&hellip;","_links":{"self":[{"href":"https:\/\/iai.int\/es\/wp-json\/wp\/v2\/pages\/821","targetHints":{"allow":["GET"]}}],"collection":[{"href":"https:\/\/iai.int\/es\/wp-json\/wp\/v2\/pages"}],"about":[{"href":"https:\/\/iai.int\/es\/wp-json\/wp\/v2\/types\/page"}],"author":[{"embeddable":true,"href":"https:\/\/iai.int\/es\/wp-json\/wp\/v2\/users\/1"}],"replies":[{"embeddable":true,"href":"https:\/\/iai.int\/es\/wp-json\/wp\/v2\/comments?post=821"}],"version-history":[{"count":4,"href":"https:\/\/iai.int\/es\/wp-json\/wp\/v2\/pages\/821\/revisions"}],"predecessor-version":[{"id":1354,"href":"https:\/\/iai.int\/es\/wp-json\/wp\/v2\/pages\/821\/revisions\/1354"}],"wp:attachment":[{"href":"https:\/\/iai.int\/es\/wp-json\/wp\/v2\/media?parent=821"}],"curies":[{"name":"wp","href":"https:\/\/api.w.org\/{rel}","templated":true}]}}