{"id":818,"date":"2024-09-16T12:57:51","date_gmt":"2024-09-16T15:57:51","guid":{"rendered":"https:\/\/iai.int\/?page_id=818"},"modified":"2024-10-17T12:27:48","modified_gmt":"2024-10-17T15:27:48","slug":"documentacion-comprension-y-proyeccion-de-cambios-en-el-ciclo-hidrologico-de-la-cordillera-americana-crn-2047","status":"publish","type":"page","link":"https:\/\/iai.int\/es\/documentacion-comprension-y-proyeccion-de-cambios-en-el-ciclo-hidrologico-de-la-cordillera-americana-crn-2047\/","title":{"rendered":"Documentaci\u00f3n, comprensi\u00f3n y proyecci\u00f3n de cambios en el ciclo hidrol\u00f3gico de la cordillera americana (CRN 2047)"},"content":{"rendered":"\n<p><img fetchpriority=\"high\" decoding=\"async\" alt=\"crn2047\" height=\"171\" src=\"https:\/\/iai.int\/admin\/site\/sites\/default\/files\/uploads\/2014\/03\/crn2047.jpg\" width=\"690\"><br><em>1) Tomando muestras de sedimentos del lago Jasper, Canad\u00e1, febrero de 2007.<br>2) Morrenas anuales en el glaciar Castle Mountain, Cariboo, monta\u00f1as de Columbia Brit\u00e1nica, Canad\u00e1.<br>3) Preparativos para muestrear troncos de 1500 a\u00f1os de edad expuestos (debajo del \u00e1rbol ca\u00eddo) en el R\u00edo Fr\u00edas, Argentina.<\/em><\/p>\n\n\n\n<h3 class=\"wp-block-heading\">Informaci\u00f3n de proyecto<\/h3>\n\n\n\n<p><strong>Investigador principal:<\/strong><\/p>\n\n\n\n<p><em>B. H. Luckman<\/em>&nbsp;(<a href=\"mailto:Luckman@uwo.ca\">Luckman@uwo.ca<\/a>)<br>Department of Geography, University of Western Ontario, Canad\u00e1<\/p>\n\n\n\n<p><strong>Papers publicados:<\/strong><\/p>\n\n\n\n<p><a href=\"http:\/\/www.citeulike.org\/user\/IAI\/tag\/crn2047\" target=\"_blank\" rel=\"noreferrer noopener\">http:\/\/www.citeulike.org\/user\/IAI\/tag\/crn2047<\/a><\/p>\n\n\n\n<p>Esta investigaci\u00f3n continu\u00f3 en el\u00a0<a href=\"https:\/\/iai.int\/wp-admin\/post.php?post=1346&amp;action=edit\">SGP-CRA 2047 con el mismo t\u00edtulo<\/a><\/p>\n\n\n\n<p><a href=\"https:\/\/iai.int\/es\/meetings\/detail\/crn2047#summary\">Resumen ejecutivo<\/a>&nbsp;<a href=\"https:\/\/iai.int\/es\/meetings\/detail\/crn2047#medios\">Extenci\u00f3n<\/a>&nbsp;<a href=\"https:\/\/iai.int\/es\/meetings\/detail\/crn2047#investigadores\">Investigadores<\/a>&nbsp;<a href=\"https:\/\/iai.int\/es\/meetings\/detail\/crn2047#students\">Estudiantes<\/a><\/p>\n\n\n\n<h2 class=\"wp-block-heading\" id=\"summary&gt;Resumen ejecutivo<\/h2&gt;\n\n<p&gt;La escasez de agua dulce aumenta con el calentamiento y el crecimiento de la poblaci\u00f3n en el mundo. Para lograr una gesti\u00f3n efectiva de las fuentes de agua amenazadas en muchas de las regiones monta\u00f1osas de las Am\u00e9ricas es necesario contar con mejores datos. Este proyecto examina los ciclos hidrol\u00f3gicos de varias cuencas de Bolivia, Chile y Argentina, as\u00ed como de la Cordillera Occidental de Am\u00e9rica del Norte.<\/p&gt;\n<br \/&gt;\n<strong&gt;Objetivos<\/strong&gt;\n\n<p&gt;Conseguir y validar datos clim\u00e1ticos y de caudales de los \u00faltimos 300 a\u00f1os e identificar las causas de su variabilidad.<\/p&gt;\n\n<p&gt;Documentar y modelar la reducci\u00f3n de los glaciares y el modo en que \u00e9sta altera el flujo aguas abajo.<\/p&gt;\n\n<p&gt;Evaluar c\u00f3mo impactan los cambios en la provisi\u00f3n de agua en la econom\u00eda y los medios de vida; identificar su significado para la gesti\u00f3n del agua en el futuro, en t\u00e9rminos de pol\u00edticas e instituciones.<\/p&gt;\n<br \/&gt;\n<strong&gt;Primeros resultados<\/strong&gt;\n\n<p&gt;La variaci\u00f3n a largo plazo observada en un registro dendrocronol\u00f3gico de 700 a\u00f1os permiti\u00f3 reconstruir la variabilidad de la precipitaci\u00f3n en los Andes altos. Un importante per\u00edodo de sequ\u00eda, ocurrido en el siglo XIV tuvo impactos sociales cr\u00edticos: los poblados preincaicos abiertos y ubicados en las tierras bajas fueron abandonados en favor de sitios fortificados, con evidencia de guerras locales que comenzaron durante los a\u00f1os m\u00e1s secos, seg\u00fan el registro de anchos de anillos de \u00e1rboles (1314-1315); m\u00e1s adelante en el mismo siglo hubo otras dos sequ\u00edas.<\/p&gt;\n\n<p&gt;En los \u00faltimos 100 a\u00f1os se observa una suave tendencia de disminuci\u00f3n regional de los caudales en Chile, as\u00ed como dos importantes cambios en el r\u00e9gimen clim\u00e1tico: en 1945 la precipitaci\u00f3n anual promedio cay\u00f3 un 31%, para recuperarse (un 28%) reci\u00e9n en 1977. Estas variaciones repentinas coinciden con los conocidos cambios en la circulaci\u00f3n atmosf\u00e9rica del Pac\u00edfico Norte (la Oscilaci\u00f3n Decenal del Pac\u00edfico). Las oscilaciones que se esperan en el futuro, superpuestas a la tendencia de disminuci\u00f3n de la precipitaci\u00f3n puede tener fuerte impacto en la disponibilidad de agua.<\/p&gt;\n\n<p&gt;En algunas zonas cr\u00edticas, la adaptaci\u00f3n al cambio global ser\u00e1 m\u00e1s apremiante y desafiante que en otras. Un \u00edndice de severidad de sequ\u00edas para los Andes australes (35.5\u00b0-39.5\u00b0S), por ejemplo, indica un mayor riesgo de sequ\u00eda para 1920-2002 que para el registro reconstruido de 1346-1919. De continuar, esta tendencia con certeza amenazar\u00e1 la agricultura y la generaci\u00f3n de energ\u00eda hidroel\u00e9ctrica.<\/p&gt;\n<\/div&gt;\n<\/div&gt;\n\n<div class=\">&nbsp;<\/h2>\n\n\n\n<h3 class=\"wp-block-heading\" id=\"medios\">Extenci\u00f3n<\/h3>\n\n\n\n<figure class=\"wp-block-image alignleft\"><img decoding=\"async\" src=\"https:\/\/iai.int\/admin\/site\/sites\/default\/files\/uploads\/2014\/06\/droughtvillagefinal_sp.jpg\" alt=\"droughtvillagefinal_sp\" class=\"wp-image-6241\"\/><\/figure>\n\n\n\n<p><a href=\"http:\/\/iai.int\/es\/post\/detail\/5176\" target=\"_blank\" rel=\"noreferrer noopener\">Los anillos de crecimiento de \u00e1rboles relacionan sequ\u00edas con conflictos sociales<\/a><br><a href=\"https:\/\/iai.int\/admin\/site\/sites\/default\/files\/uploads\/2014\/06\/snapshot11_SP.pdf\" target=\"_blank\" rel=\"noreferrer noopener\">Bajar PDF<\/a><br><a href=\"https:\/\/iai.int\/admin\/site\/sites\/default\/files\/uploads\/2014\/06\/snapshot11_EN.pdf\" target=\"_blank\" rel=\"noreferrer noopener\">Bajar PDF en ingl\u00e9s<\/a><\/p>\n\n\n\n<figure class=\"wp-block-image alignleft\"><img decoding=\"async\" src=\"https:\/\/iai.int\/admin\/site\/sites\/default\/files\/uploads\/2014\/06\/Snap10_sp.jpg\" alt=\"Snap10_sp\"\/><\/figure>\n\n\n\n<p><a href=\"https:\/\/iai.int\/la-temperatura-de-la-superficie-del-oceano-pacifico-afecta-la-capa-de-nieve-de-los-andes-y-el-aporte-de-agua-a-las-regiones-semiaridas-del-centro-de-chile-y-argentina\/\" data-type=\"page\" data-id=\"1215\">La temperatura de la superficie del Oc\u00e9ano Pac\u00edfico afecta la capa de nieve de los Andes y el aporte de agua a las regiones semi\u00e1ridas del centro de Chile y Argentina<\/a><br><a href=\"https:\/\/iai.int\/admin\/site\/sites\/default\/files\/uploads\/2014\/06\/snapshot10_SP.pdf\" target=\"_blank\" rel=\"noreferrer noopener\">Bajar PDF<\/a><br><a href=\"https:\/\/iai.int\/admin\/site\/sites\/default\/files\/uploads\/2014\/06\/snapshot10_EN.pdf\" target=\"_blank\" rel=\"noreferrer noopener\">Bajar PDF en ingl\u00e9s<\/a><\/p>\n\n\n\n<h3 class=\"wp-block-heading\" id=\"investigadores\">Investigadores del projecto<\/h3>\n\n\n\n<p>B. H. Luckman \u2013&nbsp;<a href=\"mailto:Luckman@uwo.ca\">Luckman@uwo.ca<\/a><br>Department of Geography, University of Western Ontario, Canad\u00e1<\/p>\n\n\n\n<p><strong>Co-Investigadores<\/strong><br>Jose Villanueva-Diaz (INIFAP, M\u00e9xico), Jaime Argollo (Universidad Mayor de San Andr\u00e9s, Bolivia), Ricardo Villalba (IANIGLA, Argentina), Antonio Lara (Universidad Austral de Chile, Chile), Edmo Campos (Universidade de S\u00e3o Paulo, Brasil), m\u00e1s otros 16 Co-PIs<\/p>\n\n\n\n<p><br><a href=\"https:\/\/iai.int\/admin\/site\/sites\/default\/files\/uploads\/2014\/03\/CRN2047.pdf\" target=\"_blank\" rel=\"noreferrer noopener\">Lista de publicaciones<\/a><br><a href=\"https:\/\/iai.int\/admin\/site\/sites\/default\/files\/uploads\/2014\/03\/CRN2_47.pdf\" target=\"_blank\" rel=\"noreferrer noopener\">archivo PDF<\/a><\/p>\n\n\n\n<h3 class=\"wp-block-heading\" id=\"students\">Estudiantes<\/h3>\n\n\n\n<p><em>Ana Marina Srur<\/em>, doctorado, IANIGLA-CONICET, Argentina.<br><em>Carolina Barnez Gramcianinov<\/em>, grado, Universidade de S\u00e3o Paulo, Brasil.<br><em>Christian Little<\/em>, doctorado, Universidad Austral de Chile, Chile.<br><em>Claudio \u00c1lvarez<\/em>, otros, Universidad Austral de Chile, Chile.<br><em>Daniel Falaschi<\/em>, maestr\u00eda, IANIGLA-CONICET, Argentina.<br><em>Gabriel Silv\u00e9rio<\/em>, grado, Universidade de S\u00e3o Paulo, Brazil.<br><em>Heather Haines<\/em>, maestr\u00eda, University of Western Ontario, Canada.<br><em>Heber Condori<\/em>, otros, Universidad Mayor de San Andr\u00e9s, Bolivia.<br><em>Jeanette Pacajes<\/em>, otros, Universidad Mayor de San Andr\u00e9s, Bolivia.<br><em>Lidio Lopez Callejas<\/em>, maestr\u00eda, IANIGLA-CONICET, Argentina.<br><em>Marcelo Cabero<\/em>, grado, Universidad Mayor de San Andr\u00e9s, Bolivia.<br><em>Maria Eugenia Ferrero<\/em>, maestr\u00eda, IANIGLA-CONICET, Argentina.<br><em>Mauricio Bucheri<\/em>, doctorado, IANIGLA-CONICET, Argentina.<br><em>Natalia Riquelme<\/em>, grado, Universidad Austral de Chile, Chile.<br><em>Noemi Admonacil<\/em>, otros, Universidad Austral de Chile, Chile.<br><em>Nuria Avenda\u00f1o-Astorga<\/em>, maestr\u00eda, UNAM, M\u00e9xico.<br><em>Omar Dur\u00e1n-Guerra<\/em>, maestr\u00eda, Universidad Aut\u00f3noma Metropolitana, M\u00e9xico.<br><em>Rodolfo Moyano<\/em>, maestr\u00eda, IANIGLA-CONICET, Argentina.<br><em>Rosana Abrutky<\/em>, maestr\u00eda, Comisi\u00f3n Nacional de Energ\u00eda At\u00f3mica, Argentina.<br><em>Sebastian Crespo<\/em>, maestr\u00eda, IANIGLA-CONICET, Argentina.<br><em>Thais Souza<\/em>, grado, Universidade de S\u00e3o Paulo, Brasil.<\/p>\n","protected":false},"excerpt":{"rendered":"<p>1) Tomando muestras de sedimentos del lago Jasper, Canad\u00e1, febrero de 2007.2) Morrenas anuales en el glaciar Castle Mountain, Cariboo, monta\u00f1as de Columbia Brit\u00e1nica, Canad\u00e1.3) Preparativos para muestrear troncos de 1500 a\u00f1os de edad expuestos (debajo del \u00e1rbol ca\u00eddo) en el R\u00edo Fr\u00edas, Argentina. Informaci\u00f3n de proyecto Investigador principal: B. H. Luckman&nbsp;(Luckman@uwo.ca)Department of Geography, University [&hellip;]<\/p>\n","protected":false},"author":1,"featured_media":0,"parent":0,"menu_order":0,"comment_status":"closed","ping_status":"closed","template":"","meta":{"_acf_changed":false,"_uag_custom_page_level_css":"","footnotes":""},"class_list":["post-818","page","type-page","status-publish","hentry"],"acf":[],"yoast_head":"<!-- This site is optimized with the Yoast SEO plugin v27.3 - https:\/\/yoast.com\/product\/yoast-seo-wordpress\/ -->\n<title>Documentaci\u00f3n, comprensi\u00f3n y proyecci\u00f3n de cambios en el ciclo hidrol\u00f3gico de la cordillera americana (CRN 2047) - IAI - Inter-American Institute for Global Change Research<\/title>\n<meta name=\"robots\" content=\"index, follow, max-snippet:-1, max-image-preview:large, max-video-preview:-1\" \/>\n<link rel=\"canonical\" href=\"https:\/\/iai.int\/es\/documentacion-comprension-y-proyeccion-de-cambios-en-el-ciclo-hidrologico-de-la-cordillera-americana-crn-2047\/\" \/>\n<meta property=\"og:locale\" content=\"es_ES\" \/>\n<meta property=\"og:type\" content=\"article\" \/>\n<meta property=\"og:title\" content=\"Documentaci\u00f3n, comprensi\u00f3n y proyecci\u00f3n de cambios en el ciclo hidrol\u00f3gico de la cordillera americana (CRN 2047) - IAI - Inter-American Institute for Global Change Research\" \/>\n<meta property=\"og:description\" content=\"1) Tomando muestras de sedimentos del lago Jasper, Canad\u00e1, febrero de 2007.2) Morrenas anuales en el glaciar Castle Mountain, Cariboo, monta\u00f1as de Columbia Brit\u00e1nica, Canad\u00e1.3) Preparativos para muestrear troncos de 1500 a\u00f1os de edad expuestos (debajo del \u00e1rbol ca\u00eddo) en el R\u00edo Fr\u00edas, Argentina. Informaci\u00f3n de proyecto Investigador principal: B. H. Luckman&nbsp;(Luckman@uwo.ca)Department of Geography, University [&hellip;]\" \/>\n<meta property=\"og:url\" content=\"https:\/\/iai.int\/es\/documentacion-comprension-y-proyeccion-de-cambios-en-el-ciclo-hidrologico-de-la-cordillera-americana-crn-2047\/\" \/>\n<meta property=\"og:site_name\" content=\"IAI - Inter-American Institute for Global Change Research\" \/>\n<meta property=\"article:modified_time\" content=\"2024-10-17T15:27:48+00:00\" \/>\n<meta property=\"og:image\" content=\"https:\/\/iai.int\/admin\/site\/sites\/default\/files\/uploads\/2014\/03\/crn2047.jpg\" \/>\n<meta name=\"twitter:card\" content=\"summary_large_image\" \/>\n<meta name=\"twitter:label1\" content=\"Tiempo de lectura\" \/>\n\t<meta name=\"twitter:data1\" content=\"2 minutos\" \/>\n<script type=\"application\/ld+json\" class=\"yoast-schema-graph\">{\"@context\":\"https:\\\/\\\/schema.org\",\"@graph\":[{\"@type\":\"WebPage\",\"@id\":\"https:\\\/\\\/iai.int\\\/es\\\/documentacion-comprension-y-proyeccion-de-cambios-en-el-ciclo-hidrologico-de-la-cordillera-americana-crn-2047\\\/\",\"url\":\"https:\\\/\\\/iai.int\\\/es\\\/documentacion-comprension-y-proyeccion-de-cambios-en-el-ciclo-hidrologico-de-la-cordillera-americana-crn-2047\\\/\",\"name\":\"Documentaci\u00f3n, comprensi\u00f3n y proyecci\u00f3n de cambios en el ciclo hidrol\u00f3gico de la cordillera americana (CRN 2047) - IAI - Inter-American Institute for Global Change Research\",\"isPartOf\":{\"@id\":\"https:\\\/\\\/iai.int\\\/es\\\/#website\"},\"primaryImageOfPage\":{\"@id\":\"https:\\\/\\\/iai.int\\\/es\\\/documentacion-comprension-y-proyeccion-de-cambios-en-el-ciclo-hidrologico-de-la-cordillera-americana-crn-2047\\\/#primaryimage\"},\"image\":{\"@id\":\"https:\\\/\\\/iai.int\\\/es\\\/documentacion-comprension-y-proyeccion-de-cambios-en-el-ciclo-hidrologico-de-la-cordillera-americana-crn-2047\\\/#primaryimage\"},\"thumbnailUrl\":\"https:\\\/\\\/iai.int\\\/admin\\\/site\\\/sites\\\/default\\\/files\\\/uploads\\\/2014\\\/03\\\/crn2047.jpg\",\"datePublished\":\"2024-09-16T15:57:51+00:00\",\"dateModified\":\"2024-10-17T15:27:48+00:00\",\"breadcrumb\":{\"@id\":\"https:\\\/\\\/iai.int\\\/es\\\/documentacion-comprension-y-proyeccion-de-cambios-en-el-ciclo-hidrologico-de-la-cordillera-americana-crn-2047\\\/#breadcrumb\"},\"inLanguage\":\"es\",\"potentialAction\":[{\"@type\":\"ReadAction\",\"target\":[\"https:\\\/\\\/iai.int\\\/es\\\/documentacion-comprension-y-proyeccion-de-cambios-en-el-ciclo-hidrologico-de-la-cordillera-americana-crn-2047\\\/\"]}]},{\"@type\":\"ImageObject\",\"inLanguage\":\"es\",\"@id\":\"https:\\\/\\\/iai.int\\\/es\\\/documentacion-comprension-y-proyeccion-de-cambios-en-el-ciclo-hidrologico-de-la-cordillera-americana-crn-2047\\\/#primaryimage\",\"url\":\"https:\\\/\\\/iai.int\\\/admin\\\/site\\\/sites\\\/default\\\/files\\\/uploads\\\/2014\\\/03\\\/crn2047.jpg\",\"contentUrl\":\"https:\\\/\\\/iai.int\\\/admin\\\/site\\\/sites\\\/default\\\/files\\\/uploads\\\/2014\\\/03\\\/crn2047.jpg\"},{\"@type\":\"BreadcrumbList\",\"@id\":\"https:\\\/\\\/iai.int\\\/es\\\/documentacion-comprension-y-proyeccion-de-cambios-en-el-ciclo-hidrologico-de-la-cordillera-americana-crn-2047\\\/#breadcrumb\",\"itemListElement\":[{\"@type\":\"ListItem\",\"position\":1,\"name\":\"Portada\",\"item\":\"https:\\\/\\\/iai.int\\\/es\\\/\"},{\"@type\":\"ListItem\",\"position\":2,\"name\":\"Documentaci\u00f3n, comprensi\u00f3n y proyecci\u00f3n de cambios en el ciclo hidrol\u00f3gico de la cordillera americana (CRN 2047)\"}]},{\"@type\":\"WebSite\",\"@id\":\"https:\\\/\\\/iai.int\\\/es\\\/#website\",\"url\":\"https:\\\/\\\/iai.int\\\/es\\\/\",\"name\":\"IAI - Inter-American Institute for Global Change Research\",\"description\":\"\",\"publisher\":{\"@id\":\"https:\\\/\\\/iai.int\\\/es\\\/#organization\"},\"potentialAction\":[{\"@type\":\"SearchAction\",\"target\":{\"@type\":\"EntryPoint\",\"urlTemplate\":\"https:\\\/\\\/iai.int\\\/es\\\/?s={search_term_string}\"},\"query-input\":{\"@type\":\"PropertyValueSpecification\",\"valueRequired\":true,\"valueName\":\"search_term_string\"}}],\"inLanguage\":\"es\"},{\"@type\":\"Organization\",\"@id\":\"https:\\\/\\\/iai.int\\\/es\\\/#organization\",\"name\":\"IAI - Inter-American Institute for Global Change Research\",\"url\":\"https:\\\/\\\/iai.int\\\/es\\\/\",\"logo\":{\"@type\":\"ImageObject\",\"inLanguage\":\"es\",\"@id\":\"https:\\\/\\\/iai.int\\\/es\\\/#\\\/schema\\\/logo\\\/image\\\/\",\"url\":\"https:\\\/\\\/iai.int\\\/wp-content\\\/uploads\\\/2025\\\/11\\\/IAI-logo-English-scaled.png\",\"contentUrl\":\"https:\\\/\\\/iai.int\\\/wp-content\\\/uploads\\\/2025\\\/11\\\/IAI-logo-English-scaled.png\",\"width\":2560,\"height\":985,\"caption\":\"IAI - Inter-American Institute for Global Change Research\"},\"image\":{\"@id\":\"https:\\\/\\\/iai.int\\\/es\\\/#\\\/schema\\\/logo\\\/image\\\/\"}}]}<\/script>\n<!-- \/ Yoast SEO plugin. -->","yoast_head_json":{"title":"Documentaci\u00f3n, comprensi\u00f3n y proyecci\u00f3n de cambios en el ciclo hidrol\u00f3gico de la cordillera americana (CRN 2047) - IAI - Inter-American Institute for Global Change Research","robots":{"index":"index","follow":"follow","max-snippet":"max-snippet:-1","max-image-preview":"max-image-preview:large","max-video-preview":"max-video-preview:-1"},"canonical":"https:\/\/iai.int\/es\/documentacion-comprension-y-proyeccion-de-cambios-en-el-ciclo-hidrologico-de-la-cordillera-americana-crn-2047\/","og_locale":"es_ES","og_type":"article","og_title":"Documentaci\u00f3n, comprensi\u00f3n y proyecci\u00f3n de cambios en el ciclo hidrol\u00f3gico de la cordillera americana (CRN 2047) - IAI - Inter-American Institute for Global Change Research","og_description":"1) Tomando muestras de sedimentos del lago Jasper, Canad\u00e1, febrero de 2007.2) Morrenas anuales en el glaciar Castle Mountain, Cariboo, monta\u00f1as de Columbia Brit\u00e1nica, Canad\u00e1.3) Preparativos para muestrear troncos de 1500 a\u00f1os de edad expuestos (debajo del \u00e1rbol ca\u00eddo) en el R\u00edo Fr\u00edas, Argentina. Informaci\u00f3n de proyecto Investigador principal: B. H. Luckman&nbsp;(Luckman@uwo.ca)Department of Geography, University [&hellip;]","og_url":"https:\/\/iai.int\/es\/documentacion-comprension-y-proyeccion-de-cambios-en-el-ciclo-hidrologico-de-la-cordillera-americana-crn-2047\/","og_site_name":"IAI - Inter-American Institute for Global Change Research","article_modified_time":"2024-10-17T15:27:48+00:00","og_image":[{"url":"https:\/\/iai.int\/admin\/site\/sites\/default\/files\/uploads\/2014\/03\/crn2047.jpg","type":"","width":"","height":""}],"twitter_card":"summary_large_image","twitter_misc":{"Tiempo de lectura":"2 minutos"},"schema":{"@context":"https:\/\/schema.org","@graph":[{"@type":"WebPage","@id":"https:\/\/iai.int\/es\/documentacion-comprension-y-proyeccion-de-cambios-en-el-ciclo-hidrologico-de-la-cordillera-americana-crn-2047\/","url":"https:\/\/iai.int\/es\/documentacion-comprension-y-proyeccion-de-cambios-en-el-ciclo-hidrologico-de-la-cordillera-americana-crn-2047\/","name":"Documentaci\u00f3n, comprensi\u00f3n y proyecci\u00f3n de cambios en el ciclo hidrol\u00f3gico de la cordillera americana (CRN 2047) - IAI - Inter-American Institute for Global Change Research","isPartOf":{"@id":"https:\/\/iai.int\/es\/#website"},"primaryImageOfPage":{"@id":"https:\/\/iai.int\/es\/documentacion-comprension-y-proyeccion-de-cambios-en-el-ciclo-hidrologico-de-la-cordillera-americana-crn-2047\/#primaryimage"},"image":{"@id":"https:\/\/iai.int\/es\/documentacion-comprension-y-proyeccion-de-cambios-en-el-ciclo-hidrologico-de-la-cordillera-americana-crn-2047\/#primaryimage"},"thumbnailUrl":"https:\/\/iai.int\/admin\/site\/sites\/default\/files\/uploads\/2014\/03\/crn2047.jpg","datePublished":"2024-09-16T15:57:51+00:00","dateModified":"2024-10-17T15:27:48+00:00","breadcrumb":{"@id":"https:\/\/iai.int\/es\/documentacion-comprension-y-proyeccion-de-cambios-en-el-ciclo-hidrologico-de-la-cordillera-americana-crn-2047\/#breadcrumb"},"inLanguage":"es","potentialAction":[{"@type":"ReadAction","target":["https:\/\/iai.int\/es\/documentacion-comprension-y-proyeccion-de-cambios-en-el-ciclo-hidrologico-de-la-cordillera-americana-crn-2047\/"]}]},{"@type":"ImageObject","inLanguage":"es","@id":"https:\/\/iai.int\/es\/documentacion-comprension-y-proyeccion-de-cambios-en-el-ciclo-hidrologico-de-la-cordillera-americana-crn-2047\/#primaryimage","url":"https:\/\/iai.int\/admin\/site\/sites\/default\/files\/uploads\/2014\/03\/crn2047.jpg","contentUrl":"https:\/\/iai.int\/admin\/site\/sites\/default\/files\/uploads\/2014\/03\/crn2047.jpg"},{"@type":"BreadcrumbList","@id":"https:\/\/iai.int\/es\/documentacion-comprension-y-proyeccion-de-cambios-en-el-ciclo-hidrologico-de-la-cordillera-americana-crn-2047\/#breadcrumb","itemListElement":[{"@type":"ListItem","position":1,"name":"Portada","item":"https:\/\/iai.int\/es\/"},{"@type":"ListItem","position":2,"name":"Documentaci\u00f3n, comprensi\u00f3n y proyecci\u00f3n de cambios en el ciclo hidrol\u00f3gico de la cordillera americana (CRN 2047)"}]},{"@type":"WebSite","@id":"https:\/\/iai.int\/es\/#website","url":"https:\/\/iai.int\/es\/","name":"IAI - Inter-American Institute for Global Change Research","description":"","publisher":{"@id":"https:\/\/iai.int\/es\/#organization"},"potentialAction":[{"@type":"SearchAction","target":{"@type":"EntryPoint","urlTemplate":"https:\/\/iai.int\/es\/?s={search_term_string}"},"query-input":{"@type":"PropertyValueSpecification","valueRequired":true,"valueName":"search_term_string"}}],"inLanguage":"es"},{"@type":"Organization","@id":"https:\/\/iai.int\/es\/#organization","name":"IAI - Inter-American Institute for Global Change Research","url":"https:\/\/iai.int\/es\/","logo":{"@type":"ImageObject","inLanguage":"es","@id":"https:\/\/iai.int\/es\/#\/schema\/logo\/image\/","url":"https:\/\/iai.int\/wp-content\/uploads\/2025\/11\/IAI-logo-English-scaled.png","contentUrl":"https:\/\/iai.int\/wp-content\/uploads\/2025\/11\/IAI-logo-English-scaled.png","width":2560,"height":985,"caption":"IAI - Inter-American Institute for Global Change Research"},"image":{"@id":"https:\/\/iai.int\/es\/#\/schema\/logo\/image\/"}}]}},"uagb_featured_image_src":{"full":false,"thumbnail":false,"medium":false,"medium_large":false,"large":false,"1536x1536":false,"2048x2048":false},"uagb_author_info":{"display_name":"admin","author_link":"https:\/\/iai.int\/es\/author\/admin\/"},"uagb_comment_info":0,"uagb_excerpt":"1) Tomando muestras de sedimentos del lago Jasper, Canad\u00e1, febrero de 2007.2) Morrenas anuales en el glaciar Castle Mountain, Cariboo, monta\u00f1as de Columbia Brit\u00e1nica, Canad\u00e1.3) Preparativos para muestrear troncos de 1500 a\u00f1os de edad expuestos (debajo del \u00e1rbol ca\u00eddo) en el R\u00edo Fr\u00edas, Argentina. Informaci\u00f3n de proyecto Investigador principal: B. H. Luckman&nbsp;(Luckman@uwo.ca)Department of Geography, University&hellip;","_links":{"self":[{"href":"https:\/\/iai.int\/es\/wp-json\/wp\/v2\/pages\/818","targetHints":{"allow":["GET"]}}],"collection":[{"href":"https:\/\/iai.int\/es\/wp-json\/wp\/v2\/pages"}],"about":[{"href":"https:\/\/iai.int\/es\/wp-json\/wp\/v2\/types\/page"}],"author":[{"embeddable":true,"href":"https:\/\/iai.int\/es\/wp-json\/wp\/v2\/users\/1"}],"replies":[{"embeddable":true,"href":"https:\/\/iai.int\/es\/wp-json\/wp\/v2\/comments?post=818"}],"version-history":[{"count":4,"href":"https:\/\/iai.int\/es\/wp-json\/wp\/v2\/pages\/818\/revisions"}],"predecessor-version":[{"id":1350,"href":"https:\/\/iai.int\/es\/wp-json\/wp\/v2\/pages\/818\/revisions\/1350"}],"wp:attachment":[{"href":"https:\/\/iai.int\/es\/wp-json\/wp\/v2\/media?parent=818"}],"curies":[{"name":"wp","href":"https:\/\/api.w.org\/{rel}","templated":true}]}}