{"id":806,"date":"2024-09-16T12:50:00","date_gmt":"2024-09-16T15:50:00","guid":{"rendered":"https:\/\/iai.int\/?page_id=806"},"modified":"2024-09-16T12:50:00","modified_gmt":"2024-09-16T15:50:00","slug":"diversus-efectos-funcionales-de-la-biodiversidad-en-los-procesos-servicios-y-sustentabilidad-de-los-ecosistemas-en-las-americas-un-enfoque-interdisciplinario-crn-2015","status":"publish","type":"page","link":"https:\/\/iai.int\/es\/diversus-efectos-funcionales-de-la-biodiversidad-en-los-procesos-servicios-y-sustentabilidad-de-los-ecosistemas-en-las-americas-un-enfoque-interdisciplinario-crn-2015\/","title":{"rendered":"DIVERSUS: Efectos funcionales de la biodiversidad en los procesos, servicios y sustentabilidad de los ecosistemas en las Am\u00e9ricas: un enfoque interdisciplinario (CRN 2015)"},"content":{"rendered":"\n<p><img fetchpriority=\"high\" decoding=\"async\" alt=\"crn2015\" height=\"241\" src=\"https:\/\/iai.int\/admin\/site\/sites\/default\/files\/uploads\/2014\/03\/crn2015.jpg\" width=\"690\"><br><em>1) Los cambios en el uso de la tierra pueden alterar dram\u00e1ticamente la biodiversidad con fuertes impactos en las propiedades de los ecosistemas y los distintos servicios que brindan a la sociedad (foto de Zayra Ramos).<br>2) La subsistencia de la gente depende de la provisi\u00f3n continua de servicios ecosist\u00e9micos. Para ser relevante, la ciencia no puede ignorar los conflictos resultantes entre las decisiones sobre el uso y conservaci\u00f3n de los ecosistemas (fotos de Daniel C\u00e1ceres, Georgina Conti, Fabien Qu\u00e9tier &amp; Esteban Tapella)<\/em><\/p>\n\n\n\n<h3 class=\"wp-block-heading\">Informaci\u00f3n de proyecto<\/h3>\n\n\n\n<p><strong>Investigador principal:<\/strong><\/p>\n\n\n\n<p><em>Sandra M. D\u00edaz<\/em>&nbsp;(<a href=\"mailto:sdiaz@efn.uncor.edu\">sdiaz@efn.uncor.edu<\/a>)<br>Instituto Multidisciplinario de Biolog\u00eda Vegetal (Argentina)<\/p>\n\n\n\n<p><strong>Sitio web del proyecto:<\/strong><\/p>\n\n\n\n<p><a href=\"http:\/\/www.nucleodiversus.org\/\" target=\"_blank\" rel=\"noreferrer noopener\">http:\/\/www.nucleodiversus.org\/<\/a><\/p>\n\n\n\n<p><strong>Papers publicados:<\/strong><\/p>\n\n\n\n<p><a href=\"http:\/\/www.citeulike.org\/user\/IAI\/tag\/crn2015\" target=\"_blank\" rel=\"noreferrer noopener\">http:\/\/www.citeulike.org\/user\/IAI\/tag\/crn2015<\/a><\/p>\n\n\n\n<p>Esta investigaci\u00f3n continu\u00f3 en el&nbsp;<a href=\"http:\/\/iai.int\/es\/meetings\/detail\/diversidad-funcional-ecosistemas-y-dinamica-social\" target=\"_blank\" rel=\"noreferrer noopener\">SGP-CRA 2015 con el mismo t\u00edtulo<\/a><\/p>\n\n\n\n<p><a href=\"https:\/\/iai.int\/es\/meetings\/detail\/crn2015#summary\">Resumen ejecutivo<\/a>&nbsp;<a href=\"https:\/\/iai.int\/es\/meetings\/detail\/crn2015#investigadores\">Investigadores<\/a>&nbsp;<a href=\"https:\/\/iai.int\/es\/meetings\/detail\/crn2015#students\">Estudiantes<\/a><\/p>\n\n\n\n<h3 class=\"wp-block-heading\" id=\"summary\">Resumen ejecutivo<\/h3>\n\n\n\n<p>La provisi\u00f3n de servicios ecosist\u00e9micos es vulnerable a los cambios en la cobertura de la tierra. Los cambios en los patrones de uso de la tierra y en las pr\u00e1cticas afectan las propiedades y la biodiversidad de los ecosistemas. Esto tiene implicaciones para la provisi\u00f3n de servicios ecosist\u00e9micos. Los estudios ecol\u00f3gicos de los cambios en el uso de la tierra y sus impactos en la biodiversidad y las propiedades de los ecosistemas deben integrarse con la comprensi\u00f3n de los m\u00faltiples aportes de los ecosistemas al bienestar humano. Este es un importante reto para la ciencia. La Red de Investigaci\u00f3n Cooperativa DIVERSUS se concentra en este reto a trav\u00e9s del desarrollo y testeo de un nuevo marco interdisciplinario para analizar y comparar estudios de campo de los cambios en el uso de la tierra desde los tr\u00f3picos hasta la tundra. Las comparaciones se centran en (1) la biodiversidad funcional como puente entre los patrones de uso de la tierra y las propiedades de los ecosistemas; y (2) los servicios ecosist\u00e9micos como v\u00ednculo conceptual clave entre las propiedades de los ecosistemas y los medios de vida de los actores sociales que se benefician de ellos.<\/p>\n\n\n\n<p><strong>Objetivos<\/strong><\/p>\n\n\n\n<p>Construir una red de cient\u00edficos para abordar los v\u00ednculos entre los cambios en la cobertura de la tierra, los cambios en la biodiversidad funcional, las respuestas de los ecosistemas y aquellos servicios ecosist\u00e9micos que emplea la sociedad para su subsistencia<\/p>\n\n\n\n<p>Desarrollar la primera comparaci\u00f3n de los efectos del cambio en el uso de la tierra en la biodiversidad funcional y establecer el modo en que esto modifica las propiedades de los ecosistemas<\/p>\n\n\n\n<p>Examinar los v\u00ednculos entre la biodiversidad funcional, las propiedades de los ecosistemas y los servicios ecosist\u00e9micos seg\u00fan son percibidos por los distintos grupos de actores sociales<\/p>\n\n\n\n<p>Elaborar un marco conceptual y un conjunto de herramientas emp\u00edricas y recomendaciones, que est\u00e9 disponible a una amplia comunidad de cient\u00edficos, admninistradores y la sociedad para ser utilizados en la toma de decisiones sobre uso de la tierra que tomen en cuenta los servicios ecosist\u00e9micos y los intereses en potencial conflicto de los distintos actores sociales<\/p>\n\n\n\n<p><strong>Primeros resultados<\/strong><\/p>\n\n\n\n<p>Medir la biodiversidad funcional (mediante la evaluaci\u00f3n de la composici\u00f3n de especies y la medici\u00f3n de los valores de los rasgos funcionales de las especies dominantes)<\/p>\n\n\n\n<p>Caracterizar las propiedades de los ecosistemas incluyendo la captura de C y los ciclos de nutrientes bajo usos de la tierra contrastantes en casos de estudio en Alaska, Costa Rica, Brasil, Bolivia y Argentina<\/p>\n\n\n\n<p>Desarrollar herramientas estad\u00edsticas para analizar los efectos de la biodiversidad funcional en las propiedades de los ecosistemas<\/p>\n\n\n\n<p>Identificar los servicios ecosist\u00e9micos mediante encuestas sociales y describir los medios de vida de los actores sociales (en Argentina) y la econom\u00eda de los servicios ecosist\u00e9micos (en Costa Rica)<\/p>\n\n\n\n<p>Desarrollar y aplicar un marco integrador para vincular el cambio en el uso de la tierra con los medios de vida de los actores sociales en todos los estudios de caso<\/p>\n\n\n\n<h3 class=\"wp-block-heading\" id=\"investigadores\">Investigadores del projecto<\/h3>\n\n\n\n<p>Sandra M. D\u00edaz \u2013&nbsp;<a href=\"mailto:sdiaz@efn.uncor.edu\">sdiaz@efn.uncor.edu<\/a>Instituto Multidisciplinario de Biolog\u00eda Vegetal (Argentina)<\/p>\n\n\n\n<p><strong>Co-Investigadores<\/strong><br>Alexandre Adalardo de Oliveira (Universidade de S\u00e3o Paulo &amp; INPA, Brasil), Syndonia Bret-Harte (University of Alaska at Fairbanks, EE.UU.), Daniel C\u00e1ceres (Universidad Nacional de C\u00f3rdoba, Argentina), Fernando Casanoves (Centro Agron\u00f3mico Tropical de Investigaci\u00f3n y Ense\u00f1anza (CATIE), Costa Rica), Bryan Finegan (CATIE, Costa Rica), Carlos Murillo (CINPE, Costa Rica), Lourens Poorter (IBIF, Bolivia &amp; Univ. of Wageningen, Pa\u00edses Bajos)<br><a href=\"http:\/\/www.nucleodiversus.org\/\" target=\"_blank\" rel=\"noreferrer noopener\">Sitio web del proyecto<\/a><br><a href=\"http:\/\/iaisrv1.iai.int\/bs?publications\/CRN2015.pdf\" target=\"_blank\" rel=\"noreferrer noopener\">Lista de publicaciones<\/a><br>Actualizado en 2\/2010<br><a href=\"https:\/\/sites.google.com\/site\/functionaldiversity\/\" target=\"_blank\" rel=\"noreferrer noopener\">p\u00e1gina del Software f-Diversity<\/a><br><a href=\"https:\/\/iai.int\/admin\/site\/sites\/default\/files\/uploads\/2014\/03\/CRN2_15.pdf\" target=\"_blank\" rel=\"noreferrer noopener\">informaci\u00f3n en PDF<\/a><\/p>\n\n\n\n<h3 class=\"wp-block-heading\" id=\"students\">Estudiantes<\/h3>\n\n\n\n<p><em>Adelaneide Gomes-Lima<\/em>, maestr\u00eda, Universidade de S\u00e3o Paulo, Brasil.<br><em>Adina Chain-Guadarrama<\/em>, doctorado, CATIE, M\u00e9xico.<br><em>Aid\u00e9 Garc\u00eda-Vargas<\/em>, maestr\u00eda, CATIE, M\u00e9xico.<br><em>Albert Chan Dzul<\/em>, maestr\u00eda, CATIE, M\u00e9xico.<br><em>Amira Apaza Quevedo<\/em>, doctorado, Universidade de S\u00e3o Paulo, Bolivia.<br><em>Anibal Cuchietti<\/em>, doctorado, IMBIV-CONICET, Argentina.<br><em>Beatriz Salgado<\/em>, maestr\u00eda, CATIE, Colombia.<br><em>Berta Mart\u00edn-L\u00f3pez<\/em>, doctorado, Universidad Aut\u00f3noma Metropolitana, Espa\u00f1a.<br><em>Carolina Furey<\/em>, grado, IMBIV-CONICET, Argentina.<br><em>Daniela Tamburini<\/em>, doctorado, Argentina.<br><em>Diane Huebner<\/em>, maestr\u00eda, University of Alaska Fairbanks, EEUU.<br><em>Diego Bermeo<\/em>, maestr\u00eda, CATIE, Ecuador.<br><em>Eleni Marinidou<\/em>, Post doctorado, CATIE, M\u00e9xico.<br><em>Elise Suronen<\/em>, grado, University of Alaska Fairbanks, EEUU.<br><em>Esteban Kowaljow<\/em>, Post doctorado, IMBIV-CONICET, Argentina.<br><em>Esteban Tapella<\/em>, Post doctorado, Universidad Nacional de San Juan, Argentina.<br><em>Fabien Qu\u00e9tier<\/em>, Post doctorado, IMBIV-CONICET, Francia.<br><em>Fausto Bolom-Tom<\/em>, doctorado, CATIE, M\u00e9xico.<br><em>Felicitas Silvetti<\/em>, doctorado, Argentina.<br><em>Fernando Fern\u00e1ndez M\u00e9ndez<\/em>, maestr\u00eda, CATIE, Colombia.<br><em>Florence Baptist<\/em>, Post doctorado, Universit\u00e9 Joseph Fourier, Francia.<br><em>Georgina Conti<\/em>, doctorado, IMBIV-CONICET, Argentina.<br><em>Gisela Langidey<\/em>, grado, Instituto Boliviano de Investigaci\u00f3n Forestal, Bolivia.<br><em>Imole McDonald<\/em>, maestr\u00eda, Instituto Boliviano de Investigaci\u00f3n Forestal, Guyana.<br><em>Ines Geovana Carre\u00f1o<\/em>, doctorado, Instituto Boliviano de Investigaci\u00f3n Forestal, Bolivia.<br><em>Janett Juarez<\/em>, grado, Instituto Boliviano de Investigaci\u00f3n Forestal, Bolivia.<br><em>Jimena Esquivel-Sheik<\/em>, doctorado, CATIE, Colombia.<br><em>Jos\u00e9 Texeira Santos Neto<\/em>, maestr\u00eda, Universidade de S\u00e3o Paulo, Brasil.<br><em>Koert Geffen<\/em>, maestr\u00eda, Instituto Boliviano de Investigaci\u00f3n Forestal, Alemania.<br><em>Laura Hoyos<\/em>, doctorado, IMBIV-CONICET, Argentina.<br><em>Leda Lorenzo<\/em>, Post doctorado, Universidade de S\u00e3o Paulo, Espa\u00f1a.<br><em>Lorena Ashworth<\/em>, otros, IMBIV-CONICET, Argentina.<br><em>Lucas Enrico<\/em>, Post doctorado, IMBIV-CONICET, Argentina.<br><em>Maartje Bakker<\/em>, maestr\u00eda, Instituto Boliviano de Investigaci\u00f3n Forestal, Alemania.<br><em>Marcel Carita Vaz<\/em>, maestr\u00eda, Universidade de S\u00e3o Paulo, Brasil.<br><em>Mar\u00eda Eugenia Ferrero<\/em>, doctorado, IMBIV-CONICET, Argentina.<br><em>Mar\u00eda Eugenia Periago<\/em>, doctorado, IMBIV-CONICET, Argentina.<br><em>Maria Laura Bernaschini<\/em>, grado, IMBIV-CONICET, Argentina.<br><em>Mar\u00eda Laura Moreno<\/em>, doctorado, IMBIV-CONICET, Argentina.<br><em>Mar\u00eda Lucrecia Lipoma<\/em>, grado, IMBIV-CONICET, Argentina.<br><em>Mar\u00eda Poca<\/em>, grado, IMBIV-CONICET, Argentina.<br><em>Mar\u00eda Victoria Vaieretti<\/em>, Post doctorado, IMBIV-CONICET, Argentina.<br><em>Mar\u00eda Lixmania Pitacuar Meneses<\/em>, maestr\u00eda, CATIE, Ecuador.<br><em>Mark Burton<\/em>, grado, University of Alaska Fairbanks, EEUU.<br><em>Pablo Rodr\u00edguez-Bilella<\/em>, otros, Universidad Nacional de C\u00f3rdoba, Argentina.<br><em>Pedro Jaureguiberry<\/em>, doctorado, IMBIV-CONICET, Argentina.<br><em>Rafael Sanchez-Mesa<\/em>, maestr\u00eda, Universidad Nacional de Costa Rica, Colombia.<br><em>Sandro Aquino<\/em>, maestr\u00eda, CATIE, Per\u00fa.<br><em>Sarah Trainor<\/em>, Post doctorado, University of Alaska Fairbanks, EEUU.<br><em>Tania Malin-Villar<\/em>, grado, IMBIV-CONICET, Argentina.<br><em>Tanner Williamson<\/em>, grado, University of Alaska Fairbanks, EEUU.<br><em>Tracy Rogers<\/em>, grado, University of Alaska Fairbanks, EEUU.<br><em>Vailson Sousa<\/em>, grado, Universidade de S\u00e3o Paulo, Brasil.<\/p>\n","protected":false},"excerpt":{"rendered":"<p>1) Los cambios en el uso de la tierra pueden alterar dram\u00e1ticamente la biodiversidad con fuertes impactos en las propiedades de los ecosistemas y los distintos servicios que brindan a la sociedad (foto de Zayra Ramos).2) La subsistencia de la gente depende de la provisi\u00f3n continua de servicios ecosist\u00e9micos. Para ser relevante, la ciencia no [&hellip;]<\/p>\n","protected":false},"author":1,"featured_media":0,"parent":0,"menu_order":0,"comment_status":"closed","ping_status":"closed","template":"","meta":{"_acf_changed":false,"_uag_custom_page_level_css":"","footnotes":""},"class_list":["post-806","page","type-page","status-publish","hentry"],"acf":[],"yoast_head":"<!-- This site is optimized with the Yoast SEO plugin v27.3 - https:\/\/yoast.com\/product\/yoast-seo-wordpress\/ -->\n<title>DIVERSUS: Efectos funcionales de la biodiversidad en los procesos, servicios y sustentabilidad de los ecosistemas en las Am\u00e9ricas: un enfoque interdisciplinario (CRN 2015) - IAI - Inter-American Institute for Global Change Research<\/title>\n<meta name=\"robots\" content=\"index, follow, max-snippet:-1, max-image-preview:large, max-video-preview:-1\" \/>\n<link rel=\"canonical\" href=\"https:\/\/iai.int\/es\/diversus-efectos-funcionales-de-la-biodiversidad-en-los-procesos-servicios-y-sustentabilidad-de-los-ecosistemas-en-las-americas-un-enfoque-interdisciplinario-crn-2015\/\" \/>\n<meta property=\"og:locale\" content=\"es_ES\" \/>\n<meta property=\"og:type\" content=\"article\" \/>\n<meta property=\"og:title\" content=\"DIVERSUS: Efectos funcionales de la biodiversidad en los procesos, servicios y sustentabilidad de los ecosistemas en las Am\u00e9ricas: un enfoque interdisciplinario (CRN 2015) - IAI - Inter-American Institute for Global Change Research\" \/>\n<meta property=\"og:description\" content=\"1) Los cambios en el uso de la tierra pueden alterar dram\u00e1ticamente la biodiversidad con fuertes impactos en las propiedades de los ecosistemas y los distintos servicios que brindan a la sociedad (foto de Zayra Ramos).2) La subsistencia de la gente depende de la provisi\u00f3n continua de servicios ecosist\u00e9micos. Para ser relevante, la ciencia no [&hellip;]\" \/>\n<meta property=\"og:url\" content=\"https:\/\/iai.int\/es\/diversus-efectos-funcionales-de-la-biodiversidad-en-los-procesos-servicios-y-sustentabilidad-de-los-ecosistemas-en-las-americas-un-enfoque-interdisciplinario-crn-2015\/\" \/>\n<meta property=\"og:site_name\" content=\"IAI - Inter-American Institute for Global Change Research\" \/>\n<meta property=\"og:image\" content=\"https:\/\/iai.int\/admin\/site\/sites\/default\/files\/uploads\/2014\/03\/crn2015.jpg\" \/>\n<meta name=\"twitter:card\" content=\"summary_large_image\" \/>\n<meta name=\"twitter:label1\" content=\"Tiempo de lectura\" \/>\n\t<meta name=\"twitter:data1\" content=\"6 minutos\" \/>\n<script type=\"application\/ld+json\" class=\"yoast-schema-graph\">{\"@context\":\"https:\\\/\\\/schema.org\",\"@graph\":[{\"@type\":\"WebPage\",\"@id\":\"https:\\\/\\\/iai.int\\\/es\\\/diversus-efectos-funcionales-de-la-biodiversidad-en-los-procesos-servicios-y-sustentabilidad-de-los-ecosistemas-en-las-americas-un-enfoque-interdisciplinario-crn-2015\\\/\",\"url\":\"https:\\\/\\\/iai.int\\\/es\\\/diversus-efectos-funcionales-de-la-biodiversidad-en-los-procesos-servicios-y-sustentabilidad-de-los-ecosistemas-en-las-americas-un-enfoque-interdisciplinario-crn-2015\\\/\",\"name\":\"DIVERSUS: Efectos funcionales de la biodiversidad en los procesos, servicios y sustentabilidad de los ecosistemas en las Am\u00e9ricas: un enfoque interdisciplinario (CRN 2015) - IAI - Inter-American Institute for Global Change Research\",\"isPartOf\":{\"@id\":\"https:\\\/\\\/iai.int\\\/es\\\/#website\"},\"primaryImageOfPage\":{\"@id\":\"https:\\\/\\\/iai.int\\\/es\\\/diversus-efectos-funcionales-de-la-biodiversidad-en-los-procesos-servicios-y-sustentabilidad-de-los-ecosistemas-en-las-americas-un-enfoque-interdisciplinario-crn-2015\\\/#primaryimage\"},\"image\":{\"@id\":\"https:\\\/\\\/iai.int\\\/es\\\/diversus-efectos-funcionales-de-la-biodiversidad-en-los-procesos-servicios-y-sustentabilidad-de-los-ecosistemas-en-las-americas-un-enfoque-interdisciplinario-crn-2015\\\/#primaryimage\"},\"thumbnailUrl\":\"https:\\\/\\\/iai.int\\\/admin\\\/site\\\/sites\\\/default\\\/files\\\/uploads\\\/2014\\\/03\\\/crn2015.jpg\",\"datePublished\":\"2024-09-16T15:50:00+00:00\",\"breadcrumb\":{\"@id\":\"https:\\\/\\\/iai.int\\\/es\\\/diversus-efectos-funcionales-de-la-biodiversidad-en-los-procesos-servicios-y-sustentabilidad-de-los-ecosistemas-en-las-americas-un-enfoque-interdisciplinario-crn-2015\\\/#breadcrumb\"},\"inLanguage\":\"es\",\"potentialAction\":[{\"@type\":\"ReadAction\",\"target\":[\"https:\\\/\\\/iai.int\\\/es\\\/diversus-efectos-funcionales-de-la-biodiversidad-en-los-procesos-servicios-y-sustentabilidad-de-los-ecosistemas-en-las-americas-un-enfoque-interdisciplinario-crn-2015\\\/\"]}]},{\"@type\":\"ImageObject\",\"inLanguage\":\"es\",\"@id\":\"https:\\\/\\\/iai.int\\\/es\\\/diversus-efectos-funcionales-de-la-biodiversidad-en-los-procesos-servicios-y-sustentabilidad-de-los-ecosistemas-en-las-americas-un-enfoque-interdisciplinario-crn-2015\\\/#primaryimage\",\"url\":\"https:\\\/\\\/iai.int\\\/admin\\\/site\\\/sites\\\/default\\\/files\\\/uploads\\\/2014\\\/03\\\/crn2015.jpg\",\"contentUrl\":\"https:\\\/\\\/iai.int\\\/admin\\\/site\\\/sites\\\/default\\\/files\\\/uploads\\\/2014\\\/03\\\/crn2015.jpg\"},{\"@type\":\"BreadcrumbList\",\"@id\":\"https:\\\/\\\/iai.int\\\/es\\\/diversus-efectos-funcionales-de-la-biodiversidad-en-los-procesos-servicios-y-sustentabilidad-de-los-ecosistemas-en-las-americas-un-enfoque-interdisciplinario-crn-2015\\\/#breadcrumb\",\"itemListElement\":[{\"@type\":\"ListItem\",\"position\":1,\"name\":\"Portada\",\"item\":\"https:\\\/\\\/iai.int\\\/es\\\/\"},{\"@type\":\"ListItem\",\"position\":2,\"name\":\"DIVERSUS: Efectos funcionales de la biodiversidad en los procesos, servicios y sustentabilidad de los ecosistemas en las Am\u00e9ricas: un enfoque interdisciplinario (CRN 2015)\"}]},{\"@type\":\"WebSite\",\"@id\":\"https:\\\/\\\/iai.int\\\/es\\\/#website\",\"url\":\"https:\\\/\\\/iai.int\\\/es\\\/\",\"name\":\"IAI - Inter-American Institute for Global Change Research\",\"description\":\"\",\"publisher\":{\"@id\":\"https:\\\/\\\/iai.int\\\/es\\\/#organization\"},\"potentialAction\":[{\"@type\":\"SearchAction\",\"target\":{\"@type\":\"EntryPoint\",\"urlTemplate\":\"https:\\\/\\\/iai.int\\\/es\\\/?s={search_term_string}\"},\"query-input\":{\"@type\":\"PropertyValueSpecification\",\"valueRequired\":true,\"valueName\":\"search_term_string\"}}],\"inLanguage\":\"es\"},{\"@type\":\"Organization\",\"@id\":\"https:\\\/\\\/iai.int\\\/es\\\/#organization\",\"name\":\"IAI - Inter-American Institute for Global Change Research\",\"url\":\"https:\\\/\\\/iai.int\\\/es\\\/\",\"logo\":{\"@type\":\"ImageObject\",\"inLanguage\":\"es\",\"@id\":\"https:\\\/\\\/iai.int\\\/es\\\/#\\\/schema\\\/logo\\\/image\\\/\",\"url\":\"https:\\\/\\\/iai.int\\\/wp-content\\\/uploads\\\/2025\\\/11\\\/IAI-logo-English-scaled.png\",\"contentUrl\":\"https:\\\/\\\/iai.int\\\/wp-content\\\/uploads\\\/2025\\\/11\\\/IAI-logo-English-scaled.png\",\"width\":2560,\"height\":985,\"caption\":\"IAI - Inter-American Institute for Global Change Research\"},\"image\":{\"@id\":\"https:\\\/\\\/iai.int\\\/es\\\/#\\\/schema\\\/logo\\\/image\\\/\"}}]}<\/script>\n<!-- \/ Yoast SEO plugin. -->","yoast_head_json":{"title":"DIVERSUS: Efectos funcionales de la biodiversidad en los procesos, servicios y sustentabilidad de los ecosistemas en las Am\u00e9ricas: un enfoque interdisciplinario (CRN 2015) - IAI - Inter-American Institute for Global Change Research","robots":{"index":"index","follow":"follow","max-snippet":"max-snippet:-1","max-image-preview":"max-image-preview:large","max-video-preview":"max-video-preview:-1"},"canonical":"https:\/\/iai.int\/es\/diversus-efectos-funcionales-de-la-biodiversidad-en-los-procesos-servicios-y-sustentabilidad-de-los-ecosistemas-en-las-americas-un-enfoque-interdisciplinario-crn-2015\/","og_locale":"es_ES","og_type":"article","og_title":"DIVERSUS: Efectos funcionales de la biodiversidad en los procesos, servicios y sustentabilidad de los ecosistemas en las Am\u00e9ricas: un enfoque interdisciplinario (CRN 2015) - IAI - Inter-American Institute for Global Change Research","og_description":"1) Los cambios en el uso de la tierra pueden alterar dram\u00e1ticamente la biodiversidad con fuertes impactos en las propiedades de los ecosistemas y los distintos servicios que brindan a la sociedad (foto de Zayra Ramos).2) La subsistencia de la gente depende de la provisi\u00f3n continua de servicios ecosist\u00e9micos. Para ser relevante, la ciencia no [&hellip;]","og_url":"https:\/\/iai.int\/es\/diversus-efectos-funcionales-de-la-biodiversidad-en-los-procesos-servicios-y-sustentabilidad-de-los-ecosistemas-en-las-americas-un-enfoque-interdisciplinario-crn-2015\/","og_site_name":"IAI - Inter-American Institute for Global Change Research","og_image":[{"url":"https:\/\/iai.int\/admin\/site\/sites\/default\/files\/uploads\/2014\/03\/crn2015.jpg","type":"","width":"","height":""}],"twitter_card":"summary_large_image","twitter_misc":{"Tiempo de lectura":"6 minutos"},"schema":{"@context":"https:\/\/schema.org","@graph":[{"@type":"WebPage","@id":"https:\/\/iai.int\/es\/diversus-efectos-funcionales-de-la-biodiversidad-en-los-procesos-servicios-y-sustentabilidad-de-los-ecosistemas-en-las-americas-un-enfoque-interdisciplinario-crn-2015\/","url":"https:\/\/iai.int\/es\/diversus-efectos-funcionales-de-la-biodiversidad-en-los-procesos-servicios-y-sustentabilidad-de-los-ecosistemas-en-las-americas-un-enfoque-interdisciplinario-crn-2015\/","name":"DIVERSUS: Efectos funcionales de la biodiversidad en los procesos, servicios y sustentabilidad de los ecosistemas en las Am\u00e9ricas: un enfoque interdisciplinario (CRN 2015) - IAI - Inter-American Institute for Global Change Research","isPartOf":{"@id":"https:\/\/iai.int\/es\/#website"},"primaryImageOfPage":{"@id":"https:\/\/iai.int\/es\/diversus-efectos-funcionales-de-la-biodiversidad-en-los-procesos-servicios-y-sustentabilidad-de-los-ecosistemas-en-las-americas-un-enfoque-interdisciplinario-crn-2015\/#primaryimage"},"image":{"@id":"https:\/\/iai.int\/es\/diversus-efectos-funcionales-de-la-biodiversidad-en-los-procesos-servicios-y-sustentabilidad-de-los-ecosistemas-en-las-americas-un-enfoque-interdisciplinario-crn-2015\/#primaryimage"},"thumbnailUrl":"https:\/\/iai.int\/admin\/site\/sites\/default\/files\/uploads\/2014\/03\/crn2015.jpg","datePublished":"2024-09-16T15:50:00+00:00","breadcrumb":{"@id":"https:\/\/iai.int\/es\/diversus-efectos-funcionales-de-la-biodiversidad-en-los-procesos-servicios-y-sustentabilidad-de-los-ecosistemas-en-las-americas-un-enfoque-interdisciplinario-crn-2015\/#breadcrumb"},"inLanguage":"es","potentialAction":[{"@type":"ReadAction","target":["https:\/\/iai.int\/es\/diversus-efectos-funcionales-de-la-biodiversidad-en-los-procesos-servicios-y-sustentabilidad-de-los-ecosistemas-en-las-americas-un-enfoque-interdisciplinario-crn-2015\/"]}]},{"@type":"ImageObject","inLanguage":"es","@id":"https:\/\/iai.int\/es\/diversus-efectos-funcionales-de-la-biodiversidad-en-los-procesos-servicios-y-sustentabilidad-de-los-ecosistemas-en-las-americas-un-enfoque-interdisciplinario-crn-2015\/#primaryimage","url":"https:\/\/iai.int\/admin\/site\/sites\/default\/files\/uploads\/2014\/03\/crn2015.jpg","contentUrl":"https:\/\/iai.int\/admin\/site\/sites\/default\/files\/uploads\/2014\/03\/crn2015.jpg"},{"@type":"BreadcrumbList","@id":"https:\/\/iai.int\/es\/diversus-efectos-funcionales-de-la-biodiversidad-en-los-procesos-servicios-y-sustentabilidad-de-los-ecosistemas-en-las-americas-un-enfoque-interdisciplinario-crn-2015\/#breadcrumb","itemListElement":[{"@type":"ListItem","position":1,"name":"Portada","item":"https:\/\/iai.int\/es\/"},{"@type":"ListItem","position":2,"name":"DIVERSUS: Efectos funcionales de la biodiversidad en los procesos, servicios y sustentabilidad de los ecosistemas en las Am\u00e9ricas: un enfoque interdisciplinario (CRN 2015)"}]},{"@type":"WebSite","@id":"https:\/\/iai.int\/es\/#website","url":"https:\/\/iai.int\/es\/","name":"IAI - Inter-American Institute for Global Change Research","description":"","publisher":{"@id":"https:\/\/iai.int\/es\/#organization"},"potentialAction":[{"@type":"SearchAction","target":{"@type":"EntryPoint","urlTemplate":"https:\/\/iai.int\/es\/?s={search_term_string}"},"query-input":{"@type":"PropertyValueSpecification","valueRequired":true,"valueName":"search_term_string"}}],"inLanguage":"es"},{"@type":"Organization","@id":"https:\/\/iai.int\/es\/#organization","name":"IAI - Inter-American Institute for Global Change Research","url":"https:\/\/iai.int\/es\/","logo":{"@type":"ImageObject","inLanguage":"es","@id":"https:\/\/iai.int\/es\/#\/schema\/logo\/image\/","url":"https:\/\/iai.int\/wp-content\/uploads\/2025\/11\/IAI-logo-English-scaled.png","contentUrl":"https:\/\/iai.int\/wp-content\/uploads\/2025\/11\/IAI-logo-English-scaled.png","width":2560,"height":985,"caption":"IAI - Inter-American Institute for Global Change Research"},"image":{"@id":"https:\/\/iai.int\/es\/#\/schema\/logo\/image\/"}}]}},"uagb_featured_image_src":{"full":false,"thumbnail":false,"medium":false,"medium_large":false,"large":false,"1536x1536":false,"2048x2048":false},"uagb_author_info":{"display_name":"admin","author_link":"https:\/\/iai.int\/es\/author\/admin\/"},"uagb_comment_info":0,"uagb_excerpt":"1) Los cambios en el uso de la tierra pueden alterar dram\u00e1ticamente la biodiversidad con fuertes impactos en las propiedades de los ecosistemas y los distintos servicios que brindan a la sociedad (foto de Zayra Ramos).2) La subsistencia de la gente depende de la provisi\u00f3n continua de servicios ecosist\u00e9micos. Para ser relevante, la ciencia no&hellip;","_links":{"self":[{"href":"https:\/\/iai.int\/es\/wp-json\/wp\/v2\/pages\/806","targetHints":{"allow":["GET"]}}],"collection":[{"href":"https:\/\/iai.int\/es\/wp-json\/wp\/v2\/pages"}],"about":[{"href":"https:\/\/iai.int\/es\/wp-json\/wp\/v2\/types\/page"}],"author":[{"embeddable":true,"href":"https:\/\/iai.int\/es\/wp-json\/wp\/v2\/users\/1"}],"replies":[{"embeddable":true,"href":"https:\/\/iai.int\/es\/wp-json\/wp\/v2\/comments?post=806"}],"version-history":[{"count":1,"href":"https:\/\/iai.int\/es\/wp-json\/wp\/v2\/pages\/806\/revisions"}],"predecessor-version":[{"id":807,"href":"https:\/\/iai.int\/es\/wp-json\/wp\/v2\/pages\/806\/revisions\/807"}],"wp:attachment":[{"href":"https:\/\/iai.int\/es\/wp-json\/wp\/v2\/media?parent=806"}],"curies":[{"name":"wp","href":"https:\/\/api.w.org\/{rel}","templated":true}]}}