{"id":803,"date":"2024-09-16T12:47:44","date_gmt":"2024-09-16T15:47:44","guid":{"rendered":"https:\/\/iai.int\/?page_id=803"},"modified":"2024-09-16T12:47:44","modified_gmt":"2024-09-16T15:47:44","slug":"conexiones-funcionales-entre-los-cambios-en-superficie-y-la-actividad-subterranea-con-el-uso-de-la-tierra-en-las-americas-biodiversidad-del-suelo-y-seguridad-alimentaria-crn-2014","status":"publish","type":"page","link":"https:\/\/iai.int\/es\/conexiones-funcionales-entre-los-cambios-en-superficie-y-la-actividad-subterranea-con-el-uso-de-la-tierra-en-las-americas-biodiversidad-del-suelo-y-seguridad-alimentaria-crn-2014\/","title":{"rendered":"Conexiones funcionales entre los cambios en superficie y la actividad subterr\u00e1nea con el uso de la tierra en las Am\u00e9ricas: biodiversidad del suelo y seguridad alimentaria (CRN 2014)"},"content":{"rendered":"\n<p><img fetchpriority=\"high\" decoding=\"async\" alt=\"CRN2014\" height=\"171\" src=\"https:\/\/iai.int\/admin\/site\/sites\/default\/files\/uploads\/2014\/03\/CRN2014.jpg\" width=\"690\"><br><em>1 Micorrizas y briofitas: una antigua asociaci\u00f3n de plantas y hongos del suelo<br>2 P\u00e1ramos (vegetaci\u00f3n de altura) en los Andes ecuatorianos.<br>3 Las micorrizas (blanco) exploran los suelos y contribuyen a la nutrici\u00f3n de las plantas (foto de D. Read)<\/em><\/p>\n\n\n\n<h3 class=\"wp-block-heading\">Informaci\u00f3n de proyecto<\/h3>\n\n\n\n<p><strong>Investigador principal:<\/strong><\/p>\n\n\n\n<p><em>Ricardo Luis Louro Berbara<\/em>&nbsp;(<a href=\"mailto:berbara@ufrrj.br\">berbara@ufrrj.br<\/a>)<br>Universidade Federal Rural do Rio de Janeiro (UFRRJ, Brasil)<\/p>\n\n\n\n<p><strong>Sitio web del proyecto:<\/strong><\/p>\n\n\n\n<p><a href=\"http:\/\/www.ufrrj.br\/amfoods\" target=\"_blank\" rel=\"noreferrer noopener\">http:\/\/www.ufrrj.br\/amfoods<\/a><\/p>\n\n\n\n<p><strong>Papers publicados:<\/strong><\/p>\n\n\n\n<p><a href=\"http:\/\/www.citeulike.org\/user\/IAI\/tag\/crn2014\" target=\"_blank\" rel=\"noreferrer noopener\">http:\/\/www.citeulike.org\/user\/IAI\/tag\/crn2014<\/a><\/p>\n\n\n\n<p><a href=\"https:\/\/iai.int\/es\/meetings\/detail\/crn2014#summary\">Resumen ejecutivo<\/a>&nbsp;<a href=\"https:\/\/iai.int\/es\/meetings\/detail\/crn2014#investigadores\">Investigadores<\/a>&nbsp;<a href=\"https:\/\/iai.int\/es\/meetings\/detail\/crn2014#students\">Estudiantes<\/a><\/p>\n\n\n\n<h3 class=\"wp-block-heading\" id=\"summary\">Resumen ejecutivo<\/h3>\n\n\n\n<p>Los cambios en el uso y cobertura de la tierra afectan las funciones ecol\u00f3gicas que proporcionan los microorganismos del suelo, y eso, a su vez, afecta el modo en que se relacionan con las plantas. Los microorganismos que viven en simbiosis con las plantas tienen un papel importante en el sostenimiento de la agricultura y la seguridad alimentaria. Este proyecto analiza como los microorganismos del suelo reaccionan a los cambios en el clima y en el uso y cobertura de la tierra en distintos ecosistemas templados y tropicales de las Am\u00e9ricas.<\/p>\n\n\n\n<p><strong>Objetivos<\/strong><\/p>\n\n\n\n<p>Comprobar la hip\u00f3tesis de que los sumideros de carbono del suelo y la resiliencia de los ecosistemas pueden incrementarse mediante la gesti\u00f3n de un grupo clave de microorganismos del suelo, hongos micorrizicos arbusculares (HMA)<\/p>\n\n\n\n<p>Documentar c\u00f3ma la estructura y productividad de la comunidad de plantas est\u00e1n vinculadas con la diversidad y actividad de los HMA<\/p>\n\n\n\n<p><strong>Primeros resultados<\/strong><\/p>\n\n\n\n<p>Podr\u00eda esperarse que la biodiversidad de los hongos del subsuelo reaccionan lentamente a los cambios ambientales. Sin embargo, los an\u00e1lisis de ADN de los taxones dominantes de HMA muestran cambios en la abundancia de especies que se dan incluso entre las estaciones del a\u00f1o.<\/p>\n\n\n\n<p>Este cambio en la diversidad afecta su funci\u00f3n. Tanto la diversidad como la capacidad simbi\u00f3tica de los HMA decayeron tanto en la estaci\u00f3n c\u00e1lida y seca que la relaci\u00f3n simbi\u00f3tica entre los HMA y su planta hu\u00e9sped pueden llegar a perderse.<\/p>\n\n\n\n<p>As\u00ed, el cambio clim\u00e1tico puede tener efectos significativos en el subsuelo, lo que puede reducir el rendimiento de las plantas asociadas.<\/p>\n\n\n\n<p>La regi\u00f3n de los p\u00e1ramos, los investigadores de Bolivia y Ecuador lograron aplicar este conocimiento para producir biofertilizadores que aumentan el crecimiento de la papa. Se est\u00e1n haciendo experimentos para otros cultivos.<\/p>\n\n\n\n<h3 class=\"wp-block-heading\" id=\"investigadores\">Project investigators<\/h3>\n\n\n\n<p>Ricardo Luis Louro Berbara \u2013&nbsp;<a href=\"mailto:berbara@ufrrj.br\">berbara@ufrrj.br<\/a><\/p>\n\n\n\n<p>Universidade Federal Rural do Rio de Janeiro (UFRRJ, Brasil)<\/p>\n\n\n\n<p><strong>Co-Investigadores<\/strong><\/p>\n\n\n\n<p>James D. Bever (Indiana Univ., EE.UU.), Javier Franco Ponce (PROINPA, Bolivia), Chantal Hamel (SPARC, Canad\u00e1), Madelin Garciga Otero (UC, Chile), Martin Esqueda Valle (CIAD, M\u00e9xico), Karina Proano (ESPE, Ecuador)<\/p>\n\n\n\n<figure class=\"wp-block-image\"><a href=\"https:\/\/iai.int\/admin\/site\/sites\/default\/files\/uploads\/2014\/03\/CRN2014-logos.jpg\" target=\"_blank\" rel=\"noreferrer noopener\"><img decoding=\"async\" src=\"https:\/\/iai.int\/admin\/site\/sites\/default\/files\/uploads\/2014\/03\/CRN2014-logos.jpg\" alt=\"CRN2014-logos\" class=\"wp-image-2373\"\/><\/a><\/figure>\n\n\n\n<h3 class=\"wp-block-heading\">V\u00ednculos con otros proyectos<\/h3>\n\n\n\n<p>El CRN 2014 y TROPIDRY (CRN 2021) han cooperado en varios sitios y ecosistemas comunes, integrando datos del suelo y el subsuelo.<\/p>\n\n\n\n<p><a href=\"http:\/\/www.ufrrj.br\/amfoods\" target=\"_blank\" rel=\"noreferrer noopener\"><strong>Sitio web del proyecto<\/strong><\/a><br>Actualizado en 02\/2010<br><a href=\"https:\/\/iai.int\/admin\/site\/sites\/default\/files\/uploads\/2014\/03\/CRN2_14.pdf\" target=\"_blank\" rel=\"noreferrer noopener\"><strong>informaci\u00f3n en PDF<\/strong><\/a><\/p>\n\n\n\n<h3 class=\"wp-block-heading\" id=\"students\">Estudiantes<\/h3>\n\n\n\n<p><em>Adriana Franca Figueira<\/em>, doctorado, Universidade Federal Rural do Rio de Janeiro, Brasil.<br><em>Ana Villareal<\/em>, maestr\u00eda, SENESCYT, Ecuador.<br><em>Carla da Silva Sousa<\/em>, doctorado, Universidade Federal Rural do Rio de Janeiro, Brasil.<br><em>Carlos Nobrega<\/em>, doctorado, Universidade Federal Rural do Rio de Janeiro, Brasil.<br><em>Eduardo Furrazola<\/em>, doctorado, Universidade Federal Rural do Rio de Janeiro, Cuba.<br><em>Eduardo Mondino<\/em>, doctorado, Universidade Federal Rural do Rio de Janeiro, Brasil.<br><em>Gabriela Castillo<\/em>, maestr\u00eda, SENESCYT, Ecuador.<br><em>Gonzalo Deladier<\/em>, doctorado, Centro de Investigaci\u00f3n en Alimentaci\u00f3n y Desarrollo, Mexico.<br><em>Jessica Duchichela<\/em>, doctorado, SENESCYT, Ecuador.<br><em>Jose Roberto Silva<\/em>, doctorado, Universidade Federal Rural do Rio de Janeiro, Brasil.<br><em>Juan M Oviedo<\/em>, maestr\u00eda, Promoci\u00f3n e Investigaci\u00f3n de Productos Andinos, Bolivia.<br><em>Julia O. Louro<\/em>, maestr\u00eda, Centro de Investigaci\u00f3n en Alimentaci\u00f3n y Desarrollo, M\u00e9xico.<br><em>Karina Guedes Correia<\/em>, doctorado, Universidade Federal de Campina Grande, Brasil.<br><em>Natalia Zatorre<\/em>, maestr\u00eda, Universidade Federal Rural do Rio de Janeiro, Brasil.<br><em>Nemilson B. de Souza<\/em>, grado, Universidade Federal Rural do Rio de Janeiro, Brasil.<br><em>Karina Proano<\/em>, doctorado, SENESCYT, Ecuador.<br><em>Rafael Aq\u00fcino Thomaz<\/em>, maestr\u00eda, Universidade Federal Rural do Rio de Janeiro, Brasil.<br><em>Romildo Nicolau Alves<\/em>, doctorado, Universidade Federal Rural do Rio de Janeiro, Brasil.<br><em>Yamir Torres<\/em>, maestr\u00eda, Universidade Federal Rural do Rio de Janeiro, Cuba.<br><em>Yang Chao<\/em>, doctorado, Semiarid Prairie Agricultural Research Centre, Canad\u00e1.<\/p>\n","protected":false},"excerpt":{"rendered":"<p>1 Micorrizas y briofitas: una antigua asociaci\u00f3n de plantas y hongos del suelo2 P\u00e1ramos (vegetaci\u00f3n de altura) en los Andes ecuatorianos.3 Las micorrizas (blanco) exploran los suelos y contribuyen a la nutrici\u00f3n de las plantas (foto de D. Read) Informaci\u00f3n de proyecto Investigador principal: Ricardo Luis Louro Berbara&nbsp;(berbara@ufrrj.br)Universidade Federal Rural do Rio de Janeiro (UFRRJ, [&hellip;]<\/p>\n","protected":false},"author":1,"featured_media":0,"parent":0,"menu_order":0,"comment_status":"closed","ping_status":"closed","template":"","meta":{"_acf_changed":false,"_uag_custom_page_level_css":"","footnotes":""},"class_list":["post-803","page","type-page","status-publish","hentry"],"acf":[],"yoast_head":"<!-- This site is optimized with the Yoast SEO plugin v27.3 - https:\/\/yoast.com\/product\/yoast-seo-wordpress\/ -->\n<title>Conexiones funcionales entre los cambios en superficie y la actividad subterr\u00e1nea con el uso de la tierra en las Am\u00e9ricas: biodiversidad del suelo y seguridad alimentaria (CRN 2014) - IAI - Inter-American Institute for Global Change Research<\/title>\n<meta name=\"robots\" content=\"index, follow, max-snippet:-1, max-image-preview:large, max-video-preview:-1\" \/>\n<link rel=\"canonical\" href=\"https:\/\/iai.int\/es\/conexiones-funcionales-entre-los-cambios-en-superficie-y-la-actividad-subterranea-con-el-uso-de-la-tierra-en-las-americas-biodiversidad-del-suelo-y-seguridad-alimentaria-crn-2014\/\" \/>\n<meta property=\"og:locale\" content=\"es_ES\" \/>\n<meta property=\"og:type\" content=\"article\" \/>\n<meta property=\"og:title\" content=\"Conexiones funcionales entre los cambios en superficie y la actividad subterr\u00e1nea con el uso de la tierra en las Am\u00e9ricas: biodiversidad del suelo y seguridad alimentaria (CRN 2014) - IAI - Inter-American Institute for Global Change Research\" \/>\n<meta property=\"og:description\" content=\"1 Micorrizas y briofitas: una antigua asociaci\u00f3n de plantas y hongos del suelo2 P\u00e1ramos (vegetaci\u00f3n de altura) en los Andes ecuatorianos.3 Las micorrizas (blanco) exploran los suelos y contribuyen a la nutrici\u00f3n de las plantas (foto de D. Read) Informaci\u00f3n de proyecto Investigador principal: Ricardo Luis Louro Berbara&nbsp;(berbara@ufrrj.br)Universidade Federal Rural do Rio de Janeiro (UFRRJ, [&hellip;]\" \/>\n<meta property=\"og:url\" content=\"https:\/\/iai.int\/es\/conexiones-funcionales-entre-los-cambios-en-superficie-y-la-actividad-subterranea-con-el-uso-de-la-tierra-en-las-americas-biodiversidad-del-suelo-y-seguridad-alimentaria-crn-2014\/\" \/>\n<meta property=\"og:site_name\" content=\"IAI - Inter-American Institute for Global Change Research\" \/>\n<meta property=\"og:image\" content=\"https:\/\/iai.int\/admin\/site\/sites\/default\/files\/uploads\/2014\/03\/CRN2014.jpg\" \/>\n<meta name=\"twitter:card\" content=\"summary_large_image\" \/>\n<meta name=\"twitter:label1\" content=\"Tiempo de lectura\" \/>\n\t<meta name=\"twitter:data1\" content=\"4 minutos\" \/>\n<script type=\"application\/ld+json\" class=\"yoast-schema-graph\">{\"@context\":\"https:\\\/\\\/schema.org\",\"@graph\":[{\"@type\":\"WebPage\",\"@id\":\"https:\\\/\\\/iai.int\\\/es\\\/conexiones-funcionales-entre-los-cambios-en-superficie-y-la-actividad-subterranea-con-el-uso-de-la-tierra-en-las-americas-biodiversidad-del-suelo-y-seguridad-alimentaria-crn-2014\\\/\",\"url\":\"https:\\\/\\\/iai.int\\\/es\\\/conexiones-funcionales-entre-los-cambios-en-superficie-y-la-actividad-subterranea-con-el-uso-de-la-tierra-en-las-americas-biodiversidad-del-suelo-y-seguridad-alimentaria-crn-2014\\\/\",\"name\":\"Conexiones funcionales entre los cambios en superficie y la actividad subterr\u00e1nea con el uso de la tierra en las Am\u00e9ricas: biodiversidad del suelo y seguridad alimentaria (CRN 2014) - IAI - Inter-American Institute for Global Change Research\",\"isPartOf\":{\"@id\":\"https:\\\/\\\/iai.int\\\/es\\\/#website\"},\"primaryImageOfPage\":{\"@id\":\"https:\\\/\\\/iai.int\\\/es\\\/conexiones-funcionales-entre-los-cambios-en-superficie-y-la-actividad-subterranea-con-el-uso-de-la-tierra-en-las-americas-biodiversidad-del-suelo-y-seguridad-alimentaria-crn-2014\\\/#primaryimage\"},\"image\":{\"@id\":\"https:\\\/\\\/iai.int\\\/es\\\/conexiones-funcionales-entre-los-cambios-en-superficie-y-la-actividad-subterranea-con-el-uso-de-la-tierra-en-las-americas-biodiversidad-del-suelo-y-seguridad-alimentaria-crn-2014\\\/#primaryimage\"},\"thumbnailUrl\":\"https:\\\/\\\/iai.int\\\/admin\\\/site\\\/sites\\\/default\\\/files\\\/uploads\\\/2014\\\/03\\\/CRN2014.jpg\",\"datePublished\":\"2024-09-16T15:47:44+00:00\",\"breadcrumb\":{\"@id\":\"https:\\\/\\\/iai.int\\\/es\\\/conexiones-funcionales-entre-los-cambios-en-superficie-y-la-actividad-subterranea-con-el-uso-de-la-tierra-en-las-americas-biodiversidad-del-suelo-y-seguridad-alimentaria-crn-2014\\\/#breadcrumb\"},\"inLanguage\":\"es\",\"potentialAction\":[{\"@type\":\"ReadAction\",\"target\":[\"https:\\\/\\\/iai.int\\\/es\\\/conexiones-funcionales-entre-los-cambios-en-superficie-y-la-actividad-subterranea-con-el-uso-de-la-tierra-en-las-americas-biodiversidad-del-suelo-y-seguridad-alimentaria-crn-2014\\\/\"]}]},{\"@type\":\"ImageObject\",\"inLanguage\":\"es\",\"@id\":\"https:\\\/\\\/iai.int\\\/es\\\/conexiones-funcionales-entre-los-cambios-en-superficie-y-la-actividad-subterranea-con-el-uso-de-la-tierra-en-las-americas-biodiversidad-del-suelo-y-seguridad-alimentaria-crn-2014\\\/#primaryimage\",\"url\":\"https:\\\/\\\/iai.int\\\/admin\\\/site\\\/sites\\\/default\\\/files\\\/uploads\\\/2014\\\/03\\\/CRN2014.jpg\",\"contentUrl\":\"https:\\\/\\\/iai.int\\\/admin\\\/site\\\/sites\\\/default\\\/files\\\/uploads\\\/2014\\\/03\\\/CRN2014.jpg\"},{\"@type\":\"BreadcrumbList\",\"@id\":\"https:\\\/\\\/iai.int\\\/es\\\/conexiones-funcionales-entre-los-cambios-en-superficie-y-la-actividad-subterranea-con-el-uso-de-la-tierra-en-las-americas-biodiversidad-del-suelo-y-seguridad-alimentaria-crn-2014\\\/#breadcrumb\",\"itemListElement\":[{\"@type\":\"ListItem\",\"position\":1,\"name\":\"Portada\",\"item\":\"https:\\\/\\\/iai.int\\\/es\\\/\"},{\"@type\":\"ListItem\",\"position\":2,\"name\":\"Conexiones funcionales entre los cambios en superficie y la actividad subterr\u00e1nea con el uso de la tierra en las Am\u00e9ricas: biodiversidad del suelo y seguridad alimentaria (CRN 2014)\"}]},{\"@type\":\"WebSite\",\"@id\":\"https:\\\/\\\/iai.int\\\/es\\\/#website\",\"url\":\"https:\\\/\\\/iai.int\\\/es\\\/\",\"name\":\"IAI - Inter-American Institute for Global Change Research\",\"description\":\"\",\"publisher\":{\"@id\":\"https:\\\/\\\/iai.int\\\/es\\\/#organization\"},\"potentialAction\":[{\"@type\":\"SearchAction\",\"target\":{\"@type\":\"EntryPoint\",\"urlTemplate\":\"https:\\\/\\\/iai.int\\\/es\\\/?s={search_term_string}\"},\"query-input\":{\"@type\":\"PropertyValueSpecification\",\"valueRequired\":true,\"valueName\":\"search_term_string\"}}],\"inLanguage\":\"es\"},{\"@type\":\"Organization\",\"@id\":\"https:\\\/\\\/iai.int\\\/es\\\/#organization\",\"name\":\"IAI - Inter-American Institute for Global Change Research\",\"url\":\"https:\\\/\\\/iai.int\\\/es\\\/\",\"logo\":{\"@type\":\"ImageObject\",\"inLanguage\":\"es\",\"@id\":\"https:\\\/\\\/iai.int\\\/es\\\/#\\\/schema\\\/logo\\\/image\\\/\",\"url\":\"https:\\\/\\\/iai.int\\\/wp-content\\\/uploads\\\/2025\\\/11\\\/IAI-logo-English-scaled.png\",\"contentUrl\":\"https:\\\/\\\/iai.int\\\/wp-content\\\/uploads\\\/2025\\\/11\\\/IAI-logo-English-scaled.png\",\"width\":2560,\"height\":985,\"caption\":\"IAI - Inter-American Institute for Global Change Research\"},\"image\":{\"@id\":\"https:\\\/\\\/iai.int\\\/es\\\/#\\\/schema\\\/logo\\\/image\\\/\"}}]}<\/script>\n<!-- \/ Yoast SEO plugin. -->","yoast_head_json":{"title":"Conexiones funcionales entre los cambios en superficie y la actividad subterr\u00e1nea con el uso de la tierra en las Am\u00e9ricas: biodiversidad del suelo y seguridad alimentaria (CRN 2014) - IAI - Inter-American Institute for Global Change Research","robots":{"index":"index","follow":"follow","max-snippet":"max-snippet:-1","max-image-preview":"max-image-preview:large","max-video-preview":"max-video-preview:-1"},"canonical":"https:\/\/iai.int\/es\/conexiones-funcionales-entre-los-cambios-en-superficie-y-la-actividad-subterranea-con-el-uso-de-la-tierra-en-las-americas-biodiversidad-del-suelo-y-seguridad-alimentaria-crn-2014\/","og_locale":"es_ES","og_type":"article","og_title":"Conexiones funcionales entre los cambios en superficie y la actividad subterr\u00e1nea con el uso de la tierra en las Am\u00e9ricas: biodiversidad del suelo y seguridad alimentaria (CRN 2014) - IAI - Inter-American Institute for Global Change Research","og_description":"1 Micorrizas y briofitas: una antigua asociaci\u00f3n de plantas y hongos del suelo2 P\u00e1ramos (vegetaci\u00f3n de altura) en los Andes ecuatorianos.3 Las micorrizas (blanco) exploran los suelos y contribuyen a la nutrici\u00f3n de las plantas (foto de D. Read) Informaci\u00f3n de proyecto Investigador principal: Ricardo Luis Louro Berbara&nbsp;(berbara@ufrrj.br)Universidade Federal Rural do Rio de Janeiro (UFRRJ, [&hellip;]","og_url":"https:\/\/iai.int\/es\/conexiones-funcionales-entre-los-cambios-en-superficie-y-la-actividad-subterranea-con-el-uso-de-la-tierra-en-las-americas-biodiversidad-del-suelo-y-seguridad-alimentaria-crn-2014\/","og_site_name":"IAI - Inter-American Institute for Global Change Research","og_image":[{"url":"https:\/\/iai.int\/admin\/site\/sites\/default\/files\/uploads\/2014\/03\/CRN2014.jpg","type":"","width":"","height":""}],"twitter_card":"summary_large_image","twitter_misc":{"Tiempo de lectura":"4 minutos"},"schema":{"@context":"https:\/\/schema.org","@graph":[{"@type":"WebPage","@id":"https:\/\/iai.int\/es\/conexiones-funcionales-entre-los-cambios-en-superficie-y-la-actividad-subterranea-con-el-uso-de-la-tierra-en-las-americas-biodiversidad-del-suelo-y-seguridad-alimentaria-crn-2014\/","url":"https:\/\/iai.int\/es\/conexiones-funcionales-entre-los-cambios-en-superficie-y-la-actividad-subterranea-con-el-uso-de-la-tierra-en-las-americas-biodiversidad-del-suelo-y-seguridad-alimentaria-crn-2014\/","name":"Conexiones funcionales entre los cambios en superficie y la actividad subterr\u00e1nea con el uso de la tierra en las Am\u00e9ricas: biodiversidad del suelo y seguridad alimentaria (CRN 2014) - IAI - Inter-American Institute for Global Change Research","isPartOf":{"@id":"https:\/\/iai.int\/es\/#website"},"primaryImageOfPage":{"@id":"https:\/\/iai.int\/es\/conexiones-funcionales-entre-los-cambios-en-superficie-y-la-actividad-subterranea-con-el-uso-de-la-tierra-en-las-americas-biodiversidad-del-suelo-y-seguridad-alimentaria-crn-2014\/#primaryimage"},"image":{"@id":"https:\/\/iai.int\/es\/conexiones-funcionales-entre-los-cambios-en-superficie-y-la-actividad-subterranea-con-el-uso-de-la-tierra-en-las-americas-biodiversidad-del-suelo-y-seguridad-alimentaria-crn-2014\/#primaryimage"},"thumbnailUrl":"https:\/\/iai.int\/admin\/site\/sites\/default\/files\/uploads\/2014\/03\/CRN2014.jpg","datePublished":"2024-09-16T15:47:44+00:00","breadcrumb":{"@id":"https:\/\/iai.int\/es\/conexiones-funcionales-entre-los-cambios-en-superficie-y-la-actividad-subterranea-con-el-uso-de-la-tierra-en-las-americas-biodiversidad-del-suelo-y-seguridad-alimentaria-crn-2014\/#breadcrumb"},"inLanguage":"es","potentialAction":[{"@type":"ReadAction","target":["https:\/\/iai.int\/es\/conexiones-funcionales-entre-los-cambios-en-superficie-y-la-actividad-subterranea-con-el-uso-de-la-tierra-en-las-americas-biodiversidad-del-suelo-y-seguridad-alimentaria-crn-2014\/"]}]},{"@type":"ImageObject","inLanguage":"es","@id":"https:\/\/iai.int\/es\/conexiones-funcionales-entre-los-cambios-en-superficie-y-la-actividad-subterranea-con-el-uso-de-la-tierra-en-las-americas-biodiversidad-del-suelo-y-seguridad-alimentaria-crn-2014\/#primaryimage","url":"https:\/\/iai.int\/admin\/site\/sites\/default\/files\/uploads\/2014\/03\/CRN2014.jpg","contentUrl":"https:\/\/iai.int\/admin\/site\/sites\/default\/files\/uploads\/2014\/03\/CRN2014.jpg"},{"@type":"BreadcrumbList","@id":"https:\/\/iai.int\/es\/conexiones-funcionales-entre-los-cambios-en-superficie-y-la-actividad-subterranea-con-el-uso-de-la-tierra-en-las-americas-biodiversidad-del-suelo-y-seguridad-alimentaria-crn-2014\/#breadcrumb","itemListElement":[{"@type":"ListItem","position":1,"name":"Portada","item":"https:\/\/iai.int\/es\/"},{"@type":"ListItem","position":2,"name":"Conexiones funcionales entre los cambios en superficie y la actividad subterr\u00e1nea con el uso de la tierra en las Am\u00e9ricas: biodiversidad del suelo y seguridad alimentaria (CRN 2014)"}]},{"@type":"WebSite","@id":"https:\/\/iai.int\/es\/#website","url":"https:\/\/iai.int\/es\/","name":"IAI - Inter-American Institute for Global Change Research","description":"","publisher":{"@id":"https:\/\/iai.int\/es\/#organization"},"potentialAction":[{"@type":"SearchAction","target":{"@type":"EntryPoint","urlTemplate":"https:\/\/iai.int\/es\/?s={search_term_string}"},"query-input":{"@type":"PropertyValueSpecification","valueRequired":true,"valueName":"search_term_string"}}],"inLanguage":"es"},{"@type":"Organization","@id":"https:\/\/iai.int\/es\/#organization","name":"IAI - Inter-American Institute for Global Change Research","url":"https:\/\/iai.int\/es\/","logo":{"@type":"ImageObject","inLanguage":"es","@id":"https:\/\/iai.int\/es\/#\/schema\/logo\/image\/","url":"https:\/\/iai.int\/wp-content\/uploads\/2025\/11\/IAI-logo-English-scaled.png","contentUrl":"https:\/\/iai.int\/wp-content\/uploads\/2025\/11\/IAI-logo-English-scaled.png","width":2560,"height":985,"caption":"IAI - Inter-American Institute for Global Change Research"},"image":{"@id":"https:\/\/iai.int\/es\/#\/schema\/logo\/image\/"}}]}},"uagb_featured_image_src":{"full":false,"thumbnail":false,"medium":false,"medium_large":false,"large":false,"1536x1536":false,"2048x2048":false},"uagb_author_info":{"display_name":"admin","author_link":"https:\/\/iai.int\/es\/author\/admin\/"},"uagb_comment_info":0,"uagb_excerpt":"1 Micorrizas y briofitas: una antigua asociaci\u00f3n de plantas y hongos del suelo2 P\u00e1ramos (vegetaci\u00f3n de altura) en los Andes ecuatorianos.3 Las micorrizas (blanco) exploran los suelos y contribuyen a la nutrici\u00f3n de las plantas (foto de D. Read) Informaci\u00f3n de proyecto Investigador principal: Ricardo Luis Louro Berbara&nbsp;(berbara@ufrrj.br)Universidade Federal Rural do Rio de Janeiro (UFRRJ,&hellip;","_links":{"self":[{"href":"https:\/\/iai.int\/es\/wp-json\/wp\/v2\/pages\/803","targetHints":{"allow":["GET"]}}],"collection":[{"href":"https:\/\/iai.int\/es\/wp-json\/wp\/v2\/pages"}],"about":[{"href":"https:\/\/iai.int\/es\/wp-json\/wp\/v2\/types\/page"}],"author":[{"embeddable":true,"href":"https:\/\/iai.int\/es\/wp-json\/wp\/v2\/users\/1"}],"replies":[{"embeddable":true,"href":"https:\/\/iai.int\/es\/wp-json\/wp\/v2\/comments?post=803"}],"version-history":[{"count":1,"href":"https:\/\/iai.int\/es\/wp-json\/wp\/v2\/pages\/803\/revisions"}],"predecessor-version":[{"id":804,"href":"https:\/\/iai.int\/es\/wp-json\/wp\/v2\/pages\/803\/revisions\/804"}],"wp:attachment":[{"href":"https:\/\/iai.int\/es\/wp-json\/wp\/v2\/media?parent=803"}],"curies":[{"name":"wp","href":"https:\/\/api.w.org\/{rel}","templated":true}]}}