{"id":800,"date":"2024-09-16T12:38:54","date_gmt":"2024-09-16T15:38:54","guid":{"rendered":"https:\/\/iai.int\/?page_id=800"},"modified":"2024-09-22T18:25:24","modified_gmt":"2024-09-22T21:25:24","slug":"del-paisaje-a-los-ecosistemas-funcionamiento-a-traves-de-las-escalas-en-ambientes-cambiantes-crn-2005","status":"publish","type":"page","link":"https:\/\/iai.int\/es\/del-paisaje-a-los-ecosistemas-funcionamiento-a-traves-de-las-escalas-en-ambientes-cambiantes-crn-2005\/","title":{"rendered":"Del paisaje a los ecosistemas: funcionamiento a trav\u00e9s de las escalas en ambientes cambiantes (CRN 2005)"},"content":{"rendered":"\n<figure class=\"wp-block-image\"><img decoding=\"async\" src=\"https:\/\/iai.int\/admin\/site\/sites\/default\/files\/uploads\/2014\/03\/CRN2005-fotos.jpg\" alt=\"CRN2005-fotos\" class=\"wp-image-2389\"\/><\/figure>\n\n\n\n<p><em>1) En las altas pendientes de los Andes venezolanos, una l\u00ednea sinuosa de \u00e1rboles parece estar avanzando hacia arriba sobre la vegetaci\u00f3n del p\u00e1ramo debido al calentamiento clim\u00e1tico del siglo XX.<br>2) Los incendios recurrentes son forzantes fundamentales que controlan la distribuci\u00f3n de la selva montana y los pastizales en las Sierras de C\u00f3rdoba, Argentina. El proyecto tiene por objeto comprender los mecanismos espec\u00edficos involucrados en el mantenimiento de los mosaicos bosque-pastizal.<br>3) En las mesetas altas y h\u00famedas de Rio Grande do Sul, Brasil, los mosaicos de bosques de Araucaria, matorrales, pastizales naturales y tierras de cultivo parecen estar bajo el control del clima, las geoformas, el fuego y el pastoreo, superpuestos a una prolongada historia de fluctuaciones clim\u00e1ticas y desplazamientos de ecosistemas.<\/em><\/p>\n\n\n\n<h3 class=\"wp-block-heading\">Informaci\u00f3n de proyecto<\/h3>\n\n\n\n<p><strong>Investigador principal:<\/strong><\/p>\n\n\n\n<p><em>Guillermo Sarmiento<\/em>&nbsp;(<a href=\"mailto:sguille@ula.ve\">sguille@ula.ve<\/a>)<br>Universidad de los Andes \u2013 Instituto de Ciencias Ambientales y Ecol\u00f3gicas (ICAE),Venezuela<\/p>\n\n\n\n<p><strong>Papers publicados:<\/strong><\/p>\n\n\n\n<p><a href=\"http:\/\/www.citeulike.org\/user\/IAI\/tag\/crn2005\" target=\"_blank\" rel=\"noreferrer noopener\">http:\/\/www.citeulike.org\/user\/IAI\/tag\/crn2005<\/a><\/p>\n\n\n\n<p>Esta investigaci\u00f3n continu\u00f3 en el\u00a0<a href=\"https:\/\/iai.int\/hacia-una-evaluacion-integrada-de-la-seguridad-hidrica-en-el-contexto-del-cambio-global-en-las-americas-sgp-cra-005\/\" data-type=\"page\" data-id=\"843\">SGP-CRA 2005 con el mismo t\u00edtulo<\/a><\/p>\n\n\n\n<p><a href=\"https:\/\/iai.int\/es\/meetings\/detail\/crn2005#summary\">Resumen ejecutivo<\/a>&nbsp;<a href=\"https:\/\/iai.int\/es\/meetings\/detail\/crn2005#investigadores\">Investigadores<\/a>&nbsp;<a href=\"https:\/\/iai.int\/es\/meetings\/detail\/crn2005#students\">Estudiantes<\/a><\/p>\n\n\n\n<h3 class=\"wp-block-heading\" id=\"summary\">Resumen ejecutivo<\/h3>\n\n\n\n<p>\u00bfC\u00f3mo se definen los l\u00edmites de los ecosistemas? \u00bfC\u00f3mo se relacionan con la disponibilidad de agua y el clima; c\u00f3mo se desplazan con el cambio global? \u00bfPodemos predecir los desplazamientos de los ecosistemas? Este estudio compara las zonas de transici\u00f3n (ecotonos) entre sitios boscosos y no boscosos bajo diferentes presiones clim\u00e1ticas y de uso de la tierra en un sitio en Canad\u00e1 y 4 sitios en Am\u00e9rica del Sur.<\/p>\n\n\n\n<p><strong>Objetivos<\/strong><\/p>\n\n\n\n<p>Analizar las interacciones entre la vegetaci\u00f3n y el ambiente en tiempo y espacio<br>Identificar los ecotonos actuales y mapear los cambios pasados<br>Examinar los procesos de la colonizaci\u00f3n de especies en los l\u00edmites de los ecosistemas<br>Predecir el avance de unos ecosistemas sobre otros a consecuencia del cambio clim\u00e1tico<br>Indicar los riesgos a los servicios ecosist\u00e9micos que surgen al desplazarse los ecosistemas<\/p>\n\n\n\n<p><strong>Primeros resultados<\/strong><\/p>\n\n\n\n<p>Los ecotonos se explican por los rasgos funcionales de las plantas que determinan la vulnerabilidad de estas al cambio clim\u00e1tico y a la intervenci\u00f3n humanas. En los Andes, el l\u00edmite entre el p\u00e1ramo y el bosque est\u00e1 definido por el efecto de la temperatura y sus extremos en los \u00e1rboles y el \u00e9xito de los plantines. Una vez establecidos, los \u00e1rboles modifican el ambiente a su favor, estabilizando el l\u00edmite. Por el contrario, la perturbaci\u00f3n antr\u00f3pica favorece las especies del p\u00e1ramo, desplazando el ecotono hacia abajo a\u00fan en oposici\u00f3n a las tendencias clim\u00e1ticas. En el sur de Brasil, los testigos de sedimentos muestran que por siglos los l\u00edmites entre bosques y pastizales han avanzado y retrocedido a causa de la variaci\u00f3n del clima.<\/p>\n\n\n\n<p>La extensa (80%) deforestaci\u00f3n del bosque seco del Gran Chaco se debe en gran medida al uso de la tierra, que responde a mercados remotos, por ej. la soja, y se ve facilitada por el aumento en la precipitaci\u00f3n.<\/p>\n\n\n\n<p>En Canad\u00e1 y Brasil, el aumento del CO2 en la atm\u00f3sfera ha incrementado la productividad de los \u00e1rboles, pero ese efecto es contrarrestado por la disminuci\u00f3n en la disponibilidad de agua, que ahora conduce a una declinaci\u00f3n en el crecimiento de los \u00e1rboles. Esto desaf\u00eda la suposici\u00f3n de que el aumento de los niveles de CO2 invariablemente dispara el crecimiento de las plantas.<br>El proyecto ha mostrado interacciones explicables entre los factores antropog\u00e9nicos y naturales que definen los ecotonos, que pueden ahora explorarse para la toma de decisiones de conservaci\u00f3n y adaptaci\u00f3n.<\/p>\n\n\n\n<h3 class=\"wp-block-heading\" id=\"investigadores\">Investigadores del proyecto<\/h3>\n\n\n\n<p>Guillermo Sarmiento \u2013&nbsp;<a href=\"mailto:sguille@ula.ve\">sguille@ula.ve<\/a><br>Universidad de los Andes \u2013 Instituto de Ciencias Ambientales y Ecol\u00f3gicas (ICAE),Venezuela<\/p>\n\n\n\n<p><strong>Co-investigators<\/strong><br>Fermin Rada, Lina Sarmiento, Dimas Acevedo Luis Daniel Llambi, Eulogio Chacon,Teresa Schwartzkopf, Liccia Romero, Julia Smith, and Carlos Garc\u00eda (ICAE,Venezuela); Marcelo Cabido, Daniel Renison, and Ana Mar\u00eda Cingolani (IMBIV, Argentina);Valerio Pillar and L\u00facia Dillenburg (UFRGS, Brasil); Herman Behling (University of G\u00f6ttingen, Alemania); Fidel A. Roig and Eduardo Martinez Carretero (IANIGLA, Argentina); Lazlo Orloci (University of Western Ontario, Canad\u00e1); Madhur Anand (Laurentian University, Canad\u00e1); Magdiel Ablan (School of Systems Engineering, EE.UU.)<br><a href=\"https:\/\/iai.int\/admin\/site\/sites\/default\/files\/uploads\/2014\/03\/CRN2005-logo.jpg\"><\/a><br><a href=\"https:\/\/iai.int\/admin\/site\/sites\/default\/files\/uploads\/2014\/03\/CRN2_5.pdf\" target=\"_blank\" rel=\"noreferrer noopener\"><strong>informaci\u00f3n en PDF<\/strong><\/a><\/p>\n\n\n\n<h3 class=\"wp-block-heading\" id=\"students\">Estudiantes<\/h3>\n\n\n\n<p><em>Adriana Sch\u00fcler da Silva<\/em>, maestr\u00eda, Universidade Federal do Rio Grande, Brasil.<br><em>Alberto Arzac<\/em>, grado, International Commission on Atmospheric Electricity, Venezuela.<br><em>Ana Ines Pais Bosch<\/em>, doctorado, IMBIV-CONICET, Argentina.<br><em>Axel von Muller<\/em>, doctorado, IMBIV-CONICET, Argentina.<br><em>Beth\u00e2nia Azamuja<\/em>, maestr\u00eda, Universidade Federal do Rio Grande, Brasil.<br><em>Bruno Gay da Fonseca<\/em>, grado, Pontif\u00edcia Universidade Cat\u00f3lica do Rio Grande do Sul, Brasil.<br><em>Camila Schinestsck<\/em>, maestr\u00eda, Universidade Federal do Rio Grande, Brasil.<br><em>Carla K\u00f6rndorfer<\/em>, doctorado, Universidade Federal do Rio Grande, Brasil.<br><em>Carolina Blanco<\/em>, doctorado, Universidade Federal do Rio Grande, Brasil.<br><em>Darcy Suarez<\/em>, maestr\u00eda, International Commission on Atmospheric Electricity, Venezuela.<br><em>Eduardo Velez Martin<\/em>, doctorado, Universidade Federal do Rio Grande, Brazil.<br><em>Eloy Torres<\/em>, grado, International Commission on Atmospheric Electricity, Venezuela.<br><em>Felicia Fischer<\/em>, grado, Universidade Federal do Rio Grande, Brazil.<br><em>Francisca Ely<\/em>, maestr\u00eda, International Commission on Atmospheric Electricity, Venezuela.<br><em>Gabriel Specht<\/em>, grado, Universidade Federal do Rio Grande, Brazil.<br><em>Ignacio Mundo<\/em>, doctorado, IMBIV-CONICET, Argentina.<br><em>Johana Puentes<\/em>, maestr\u00eda, International Commission on Atmospheric Electricity, Colombia.<br><em>Juliano Oliveira<\/em>, doctorado, Universidade Federal do Rio Grande, Brazil.<br><em>Julieta Alinari<\/em>, doctorado, IMBIV-CONICET, Argentina.<br><em>Laura Hoyos<\/em>, doctorado, IMBIV-CONICET, Argentina.<br><em>Leandro Duarte<\/em>, doctorado, Universidade Federal do Rio Grande, Brasil.<br><em>Leonardo Ruiz<\/em>, maestr\u00eda, International Commission on Atmospheric Electricity, Venezuela.<br><em>Leticia Dadalt<\/em>, maestr\u00eda, Universidade Federal do Rio Grande, Brasil<br><em>Lianey Sosa<\/em>, grado, International Commission on Atmospheric Electricity, Venezuela.<br><em>Lirey Ramirez<\/em>, grado, International Commission on Atmospheric Electricity, Venezuela.<br><em>Lucas Silva<\/em>, doctorado, University of Guelph, Brasil.<br><em>Marcela Pinillos<\/em>, Post doctorado, International Commission on Atmospheric Electricity, Colombia.<br><em>Marcos Carlucci<\/em>, grado, Universidade Federal do Rio Grande, Brazil.<br><em>Mariana Vieira<\/em>, grado, Pontif\u00edcia Universidade Cat\u00f3lica do Rio Grande do Sul, Brazil.<br><em>Mark Leithead<\/em>, doctorado, University of Guelph, Canada.<br><em>Maximiliano de Oliveira<\/em>, grado, Pontif\u00edcia Universidade Cat\u00f3lica do Rio Grande do Sul, Brazil.<br><em>Melina M.G. dos Santos<\/em>, doctorado, Universidade Federal do Rio Grande, Brazil.<br><em>Melisa Georgis<\/em>, doctorado, IMBIV-CONICET, Argentina.<br><em>Patricia Suarez<\/em>, grado, International Commission on Atmospheric Electricity, Venezuela.<br><em>Paula Marcora<\/em>, doctorado, Universidad Nacional de C\u00f3rdoba, Argentina.<br><em>Paula Tecco<\/em>, Post doctorado, IMBIV-CONICET, Argentina.<br><em>Raphael Dulhoste<\/em>, doctorado, International Commission on Atmospheric Electricity, Francia.<br><em>Rita Rauber<\/em>, maestr\u00eda, Universidade Federal do Rio Grande, Brazil.<br><em>Victoria Vaieretti<\/em>, doctorado, IMBIV-CONICET, Argentina.<br><em>Vivian Jeske Pieruschka<\/em>, doctorado, Georg-August-Universit\u00e4t G\u00f6ttingen, Brazil.<br><em>Wilmer Gonzales<\/em>, maestr\u00eda, International Commission on Atmospheric Electricity, Colombia.<br><em>Wiston Santaella<\/em>, grado, International Commission on Atmospheric Electricity, Venezuela.<br><em>Yolanda C\u00e1ceres<\/em>grado, International Commission on Atmospheric Electricity, Venezuela.<\/p>\n","protected":false},"excerpt":{"rendered":"<p>1) En las altas pendientes de los Andes venezolanos, una l\u00ednea sinuosa de \u00e1rboles parece estar avanzando hacia arriba sobre la vegetaci\u00f3n del p\u00e1ramo debido al calentamiento clim\u00e1tico del siglo XX.2) Los incendios recurrentes son forzantes fundamentales que controlan la distribuci\u00f3n de la selva montana y los pastizales en las Sierras de C\u00f3rdoba, Argentina. El [&hellip;]<\/p>\n","protected":false},"author":1,"featured_media":0,"parent":0,"menu_order":0,"comment_status":"closed","ping_status":"closed","template":"","meta":{"_acf_changed":false,"_uag_custom_page_level_css":"","footnotes":""},"class_list":["post-800","page","type-page","status-publish","hentry"],"acf":[],"yoast_head":"<!-- This site is optimized with the Yoast SEO plugin v27.3 - https:\/\/yoast.com\/product\/yoast-seo-wordpress\/ -->\n<title>Del paisaje a los ecosistemas: funcionamiento a trav\u00e9s de las escalas en ambientes cambiantes (CRN 2005) - IAI - Inter-American Institute for Global Change Research<\/title>\n<meta name=\"robots\" content=\"index, follow, max-snippet:-1, max-image-preview:large, max-video-preview:-1\" \/>\n<link rel=\"canonical\" href=\"https:\/\/iai.int\/es\/del-paisaje-a-los-ecosistemas-funcionamiento-a-traves-de-las-escalas-en-ambientes-cambiantes-crn-2005\/\" \/>\n<meta property=\"og:locale\" content=\"es_ES\" \/>\n<meta property=\"og:type\" content=\"article\" \/>\n<meta property=\"og:title\" content=\"Del paisaje a los ecosistemas: funcionamiento a trav\u00e9s de las escalas en ambientes cambiantes (CRN 2005) - IAI - Inter-American Institute for Global Change Research\" \/>\n<meta property=\"og:description\" content=\"1) En las altas pendientes de los Andes venezolanos, una l\u00ednea sinuosa de \u00e1rboles parece estar avanzando hacia arriba sobre la vegetaci\u00f3n del p\u00e1ramo debido al calentamiento clim\u00e1tico del siglo XX.2) Los incendios recurrentes son forzantes fundamentales que controlan la distribuci\u00f3n de la selva montana y los pastizales en las Sierras de C\u00f3rdoba, Argentina. El [&hellip;]\" \/>\n<meta property=\"og:url\" content=\"https:\/\/iai.int\/es\/del-paisaje-a-los-ecosistemas-funcionamiento-a-traves-de-las-escalas-en-ambientes-cambiantes-crn-2005\/\" \/>\n<meta property=\"og:site_name\" content=\"IAI - Inter-American Institute for Global Change Research\" \/>\n<meta property=\"article:modified_time\" content=\"2024-09-22T21:25:24+00:00\" \/>\n<meta name=\"twitter:card\" content=\"summary_large_image\" \/>\n<meta name=\"twitter:label1\" content=\"Tiempo de lectura\" \/>\n\t<meta name=\"twitter:data1\" content=\"5 minutos\" \/>\n<script type=\"application\/ld+json\" class=\"yoast-schema-graph\">{\"@context\":\"https:\\\/\\\/schema.org\",\"@graph\":[{\"@type\":\"WebPage\",\"@id\":\"https:\\\/\\\/iai.int\\\/es\\\/del-paisaje-a-los-ecosistemas-funcionamiento-a-traves-de-las-escalas-en-ambientes-cambiantes-crn-2005\\\/\",\"url\":\"https:\\\/\\\/iai.int\\\/es\\\/del-paisaje-a-los-ecosistemas-funcionamiento-a-traves-de-las-escalas-en-ambientes-cambiantes-crn-2005\\\/\",\"name\":\"Del paisaje a los ecosistemas: funcionamiento a trav\u00e9s de las escalas en ambientes cambiantes (CRN 2005) - IAI - Inter-American Institute for Global Change Research\",\"isPartOf\":{\"@id\":\"https:\\\/\\\/iai.int\\\/es\\\/#website\"},\"primaryImageOfPage\":{\"@id\":\"https:\\\/\\\/iai.int\\\/es\\\/del-paisaje-a-los-ecosistemas-funcionamiento-a-traves-de-las-escalas-en-ambientes-cambiantes-crn-2005\\\/#primaryimage\"},\"image\":{\"@id\":\"https:\\\/\\\/iai.int\\\/es\\\/del-paisaje-a-los-ecosistemas-funcionamiento-a-traves-de-las-escalas-en-ambientes-cambiantes-crn-2005\\\/#primaryimage\"},\"thumbnailUrl\":\"https:\\\/\\\/iai.int\\\/admin\\\/site\\\/sites\\\/default\\\/files\\\/uploads\\\/2014\\\/03\\\/CRN2005-fotos.jpg\",\"datePublished\":\"2024-09-16T15:38:54+00:00\",\"dateModified\":\"2024-09-22T21:25:24+00:00\",\"breadcrumb\":{\"@id\":\"https:\\\/\\\/iai.int\\\/es\\\/del-paisaje-a-los-ecosistemas-funcionamiento-a-traves-de-las-escalas-en-ambientes-cambiantes-crn-2005\\\/#breadcrumb\"},\"inLanguage\":\"es\",\"potentialAction\":[{\"@type\":\"ReadAction\",\"target\":[\"https:\\\/\\\/iai.int\\\/es\\\/del-paisaje-a-los-ecosistemas-funcionamiento-a-traves-de-las-escalas-en-ambientes-cambiantes-crn-2005\\\/\"]}]},{\"@type\":\"ImageObject\",\"inLanguage\":\"es\",\"@id\":\"https:\\\/\\\/iai.int\\\/es\\\/del-paisaje-a-los-ecosistemas-funcionamiento-a-traves-de-las-escalas-en-ambientes-cambiantes-crn-2005\\\/#primaryimage\",\"url\":\"https:\\\/\\\/iai.int\\\/admin\\\/site\\\/sites\\\/default\\\/files\\\/uploads\\\/2014\\\/03\\\/CRN2005-fotos.jpg\",\"contentUrl\":\"https:\\\/\\\/iai.int\\\/admin\\\/site\\\/sites\\\/default\\\/files\\\/uploads\\\/2014\\\/03\\\/CRN2005-fotos.jpg\"},{\"@type\":\"BreadcrumbList\",\"@id\":\"https:\\\/\\\/iai.int\\\/es\\\/del-paisaje-a-los-ecosistemas-funcionamiento-a-traves-de-las-escalas-en-ambientes-cambiantes-crn-2005\\\/#breadcrumb\",\"itemListElement\":[{\"@type\":\"ListItem\",\"position\":1,\"name\":\"Portada\",\"item\":\"https:\\\/\\\/iai.int\\\/es\\\/\"},{\"@type\":\"ListItem\",\"position\":2,\"name\":\"Del paisaje a los ecosistemas: funcionamiento a trav\u00e9s de las escalas en ambientes cambiantes (CRN 2005)\"}]},{\"@type\":\"WebSite\",\"@id\":\"https:\\\/\\\/iai.int\\\/es\\\/#website\",\"url\":\"https:\\\/\\\/iai.int\\\/es\\\/\",\"name\":\"IAI - Inter-American Institute for Global Change Research\",\"description\":\"\",\"publisher\":{\"@id\":\"https:\\\/\\\/iai.int\\\/es\\\/#organization\"},\"potentialAction\":[{\"@type\":\"SearchAction\",\"target\":{\"@type\":\"EntryPoint\",\"urlTemplate\":\"https:\\\/\\\/iai.int\\\/es\\\/?s={search_term_string}\"},\"query-input\":{\"@type\":\"PropertyValueSpecification\",\"valueRequired\":true,\"valueName\":\"search_term_string\"}}],\"inLanguage\":\"es\"},{\"@type\":\"Organization\",\"@id\":\"https:\\\/\\\/iai.int\\\/es\\\/#organization\",\"name\":\"IAI - Inter-American Institute for Global Change Research\",\"url\":\"https:\\\/\\\/iai.int\\\/es\\\/\",\"logo\":{\"@type\":\"ImageObject\",\"inLanguage\":\"es\",\"@id\":\"https:\\\/\\\/iai.int\\\/es\\\/#\\\/schema\\\/logo\\\/image\\\/\",\"url\":\"https:\\\/\\\/iai.int\\\/wp-content\\\/uploads\\\/2025\\\/11\\\/IAI-logo-English-scaled.png\",\"contentUrl\":\"https:\\\/\\\/iai.int\\\/wp-content\\\/uploads\\\/2025\\\/11\\\/IAI-logo-English-scaled.png\",\"width\":2560,\"height\":985,\"caption\":\"IAI - Inter-American Institute for Global Change Research\"},\"image\":{\"@id\":\"https:\\\/\\\/iai.int\\\/es\\\/#\\\/schema\\\/logo\\\/image\\\/\"}}]}<\/script>\n<!-- \/ Yoast SEO plugin. -->","yoast_head_json":{"title":"Del paisaje a los ecosistemas: funcionamiento a trav\u00e9s de las escalas en ambientes cambiantes (CRN 2005) - IAI - Inter-American Institute for Global Change Research","robots":{"index":"index","follow":"follow","max-snippet":"max-snippet:-1","max-image-preview":"max-image-preview:large","max-video-preview":"max-video-preview:-1"},"canonical":"https:\/\/iai.int\/es\/del-paisaje-a-los-ecosistemas-funcionamiento-a-traves-de-las-escalas-en-ambientes-cambiantes-crn-2005\/","og_locale":"es_ES","og_type":"article","og_title":"Del paisaje a los ecosistemas: funcionamiento a trav\u00e9s de las escalas en ambientes cambiantes (CRN 2005) - IAI - Inter-American Institute for Global Change Research","og_description":"1) En las altas pendientes de los Andes venezolanos, una l\u00ednea sinuosa de \u00e1rboles parece estar avanzando hacia arriba sobre la vegetaci\u00f3n del p\u00e1ramo debido al calentamiento clim\u00e1tico del siglo XX.2) Los incendios recurrentes son forzantes fundamentales que controlan la distribuci\u00f3n de la selva montana y los pastizales en las Sierras de C\u00f3rdoba, Argentina. El [&hellip;]","og_url":"https:\/\/iai.int\/es\/del-paisaje-a-los-ecosistemas-funcionamiento-a-traves-de-las-escalas-en-ambientes-cambiantes-crn-2005\/","og_site_name":"IAI - Inter-American Institute for Global Change Research","article_modified_time":"2024-09-22T21:25:24+00:00","twitter_card":"summary_large_image","twitter_misc":{"Tiempo de lectura":"5 minutos"},"schema":{"@context":"https:\/\/schema.org","@graph":[{"@type":"WebPage","@id":"https:\/\/iai.int\/es\/del-paisaje-a-los-ecosistemas-funcionamiento-a-traves-de-las-escalas-en-ambientes-cambiantes-crn-2005\/","url":"https:\/\/iai.int\/es\/del-paisaje-a-los-ecosistemas-funcionamiento-a-traves-de-las-escalas-en-ambientes-cambiantes-crn-2005\/","name":"Del paisaje a los ecosistemas: funcionamiento a trav\u00e9s de las escalas en ambientes cambiantes (CRN 2005) - IAI - Inter-American Institute for Global Change Research","isPartOf":{"@id":"https:\/\/iai.int\/es\/#website"},"primaryImageOfPage":{"@id":"https:\/\/iai.int\/es\/del-paisaje-a-los-ecosistemas-funcionamiento-a-traves-de-las-escalas-en-ambientes-cambiantes-crn-2005\/#primaryimage"},"image":{"@id":"https:\/\/iai.int\/es\/del-paisaje-a-los-ecosistemas-funcionamiento-a-traves-de-las-escalas-en-ambientes-cambiantes-crn-2005\/#primaryimage"},"thumbnailUrl":"https:\/\/iai.int\/admin\/site\/sites\/default\/files\/uploads\/2014\/03\/CRN2005-fotos.jpg","datePublished":"2024-09-16T15:38:54+00:00","dateModified":"2024-09-22T21:25:24+00:00","breadcrumb":{"@id":"https:\/\/iai.int\/es\/del-paisaje-a-los-ecosistemas-funcionamiento-a-traves-de-las-escalas-en-ambientes-cambiantes-crn-2005\/#breadcrumb"},"inLanguage":"es","potentialAction":[{"@type":"ReadAction","target":["https:\/\/iai.int\/es\/del-paisaje-a-los-ecosistemas-funcionamiento-a-traves-de-las-escalas-en-ambientes-cambiantes-crn-2005\/"]}]},{"@type":"ImageObject","inLanguage":"es","@id":"https:\/\/iai.int\/es\/del-paisaje-a-los-ecosistemas-funcionamiento-a-traves-de-las-escalas-en-ambientes-cambiantes-crn-2005\/#primaryimage","url":"https:\/\/iai.int\/admin\/site\/sites\/default\/files\/uploads\/2014\/03\/CRN2005-fotos.jpg","contentUrl":"https:\/\/iai.int\/admin\/site\/sites\/default\/files\/uploads\/2014\/03\/CRN2005-fotos.jpg"},{"@type":"BreadcrumbList","@id":"https:\/\/iai.int\/es\/del-paisaje-a-los-ecosistemas-funcionamiento-a-traves-de-las-escalas-en-ambientes-cambiantes-crn-2005\/#breadcrumb","itemListElement":[{"@type":"ListItem","position":1,"name":"Portada","item":"https:\/\/iai.int\/es\/"},{"@type":"ListItem","position":2,"name":"Del paisaje a los ecosistemas: funcionamiento a trav\u00e9s de las escalas en ambientes cambiantes (CRN 2005)"}]},{"@type":"WebSite","@id":"https:\/\/iai.int\/es\/#website","url":"https:\/\/iai.int\/es\/","name":"IAI - Inter-American Institute for Global Change Research","description":"","publisher":{"@id":"https:\/\/iai.int\/es\/#organization"},"potentialAction":[{"@type":"SearchAction","target":{"@type":"EntryPoint","urlTemplate":"https:\/\/iai.int\/es\/?s={search_term_string}"},"query-input":{"@type":"PropertyValueSpecification","valueRequired":true,"valueName":"search_term_string"}}],"inLanguage":"es"},{"@type":"Organization","@id":"https:\/\/iai.int\/es\/#organization","name":"IAI - Inter-American Institute for Global Change Research","url":"https:\/\/iai.int\/es\/","logo":{"@type":"ImageObject","inLanguage":"es","@id":"https:\/\/iai.int\/es\/#\/schema\/logo\/image\/","url":"https:\/\/iai.int\/wp-content\/uploads\/2025\/11\/IAI-logo-English-scaled.png","contentUrl":"https:\/\/iai.int\/wp-content\/uploads\/2025\/11\/IAI-logo-English-scaled.png","width":2560,"height":985,"caption":"IAI - Inter-American Institute for Global Change Research"},"image":{"@id":"https:\/\/iai.int\/es\/#\/schema\/logo\/image\/"}}]}},"uagb_featured_image_src":{"full":false,"thumbnail":false,"medium":false,"medium_large":false,"large":false,"1536x1536":false,"2048x2048":false},"uagb_author_info":{"display_name":"admin","author_link":"https:\/\/iai.int\/es\/author\/admin\/"},"uagb_comment_info":0,"uagb_excerpt":"1) En las altas pendientes de los Andes venezolanos, una l\u00ednea sinuosa de \u00e1rboles parece estar avanzando hacia arriba sobre la vegetaci\u00f3n del p\u00e1ramo debido al calentamiento clim\u00e1tico del siglo XX.2) Los incendios recurrentes son forzantes fundamentales que controlan la distribuci\u00f3n de la selva montana y los pastizales en las Sierras de C\u00f3rdoba, Argentina. El&hellip;","_links":{"self":[{"href":"https:\/\/iai.int\/es\/wp-json\/wp\/v2\/pages\/800","targetHints":{"allow":["GET"]}}],"collection":[{"href":"https:\/\/iai.int\/es\/wp-json\/wp\/v2\/pages"}],"about":[{"href":"https:\/\/iai.int\/es\/wp-json\/wp\/v2\/types\/page"}],"author":[{"embeddable":true,"href":"https:\/\/iai.int\/es\/wp-json\/wp\/v2\/users\/1"}],"replies":[{"embeddable":true,"href":"https:\/\/iai.int\/es\/wp-json\/wp\/v2\/comments?post=800"}],"version-history":[{"count":2,"href":"https:\/\/iai.int\/es\/wp-json\/wp\/v2\/pages\/800\/revisions"}],"predecessor-version":[{"id":1183,"href":"https:\/\/iai.int\/es\/wp-json\/wp\/v2\/pages\/800\/revisions\/1183"}],"wp:attachment":[{"href":"https:\/\/iai.int\/es\/wp-json\/wp\/v2\/media?parent=800"}],"curies":[{"name":"wp","href":"https:\/\/api.w.org\/{rel}","templated":true}]}}