{"id":792,"date":"2024-09-16T11:32:36","date_gmt":"2024-09-16T14:32:36","guid":{"rendered":"https:\/\/iai.int\/?page_id=792"},"modified":"2025-09-28T12:48:20","modified_gmt":"2025-09-28T17:48:20","slug":"respuesta-en-clima-y-ambiente-para-la-salud-en-las-americas-del-conocimiento-y-la-formacion-transdisciplinarios-a-las-politicas-publicas","status":"publish","type":"page","link":"https:\/\/iai.int\/es\/respuesta-en-clima-y-ambiente-para-la-salud-en-las-americas-del-conocimiento-y-la-formacion-transdisciplinarios-a-las-politicas-publicas\/","title":{"rendered":"Respuesta en Clima y Ambiente para la Salud en las Am\u00e9ricas &#8211; Del conocimiento y la formaci\u00f3n transdisciplinarios a las pol\u00edticas p\u00fablicas"},"content":{"rendered":"\n<p>Proyectos seleccionados para la convocatoria Clima, Medio Ambiente y Salud Respondedores en las Am\u00e9ricas<\/p>\n\n\n\n<figure class=\"wp-block-table\"><table><tbody><tr><td>ID<\/td><td>T\u00edtulo<\/td><td>Investigador principal (PI)<\/td><td>Pa\u00edses participantes<\/td><td>Presupuesto (USD)<\/td><td>Co-financiaci\u00f3n (USD)<\/td><\/tr><tr><td>SG-01<\/td><td><a href=\"https:\/\/iai.int\/sg-01\/\" data-type=\"page\" data-id=\"987\">Vulnerabilidad multidimensional al dengue y la diarrea<\/a><\/td><td>Bertha Luz Pineda Restrepo<\/td><td>Per\u00fa, USA, Costa Rica<\/td><td>15.000<\/td><td>22,250<\/td><\/tr><tr><td>SG-02<\/td><td><a href=\"https:\/\/iai.int\/sg-02\/\" data-type=\"page\" data-id=\"992\">Capacidad institucional de salud frente al cambio clim\u00e1tico<\/a><\/td><td>Gustavo Adolfo Estrada<\/td><td>Guatemala, Argentina<\/td><td>30.000<\/td><td>13,200<\/td><\/tr><tr><td>SG-03<\/td><td><a href=\"https:\/\/iai.int\/sg-03\/\" data-type=\"page\" data-id=\"995\">Sat\u00e9lite de calidad del agua por Salmonella<\/a><\/td><td>Rayana Palharini<\/td><td>Chile<\/td><td>15.000<\/td><td>6,000<\/td><\/tr><tr><td>SG-04<\/td><td><a href=\"https:\/\/iai.int\/sg-04\/\" data-type=\"page\" data-id=\"1000\">Calor extremo en la Ciudad de M\u00e9xico<\/a><\/td><td>Leticia G\u00f3mez Mendoza<\/td><td>M\u00e9xico<\/td><td>15,000<\/td><td>4,736<\/td><\/tr><tr><td>SG-06<\/td><td><a href=\"https:\/\/iai.int\/es\/sg-06\/\" data-type=\"page\" data-id=\"7752\">Mecanismo de resiliencia Ayllu para enfrentar los efectos del cambio<\/a><\/td><td>Noemi Tirado Bustillos<\/td><td>Bolivia<\/td><td>15,000<\/td><td>35,327<\/td><\/tr><tr><td>SG-07<\/td><td><a href=\"https:\/\/iai.int\/sg-07\/\" data-type=\"page\" data-id=\"1004\">Olas de calor y personas mayores en Buenos Aires<\/a><\/td><td>Ana Torlaschi<\/td><td>Argentina<\/td><td>15,000<\/td><td>26,500<\/td><\/tr><tr><td>SG-08<\/td><td><a href=\"https:\/\/iai.int\/sg-08\/\" data-type=\"page\" data-id=\"1007\">Mujeres en la Red de Agroecolog\u00eda del Uruguay<\/a><\/td><td>Soledad Ni\u00f3n Celio<\/td><td>Uruguay, Argentina<\/td><td>14,950<\/td><td>26,393<\/td><\/tr><tr><td>SG-09<\/td><td><a href=\"https:\/\/iai.int\/sg-09\/\" data-type=\"page\" data-id=\"1010\">Planificaci\u00f3n de Reducci\u00f3n de Riesgos Sector Hotelero<\/a><\/td><td>Kalim Shah<\/td><td>USA, Guyana, Jamaica, Trinidad y Tobago<\/td><td>15,000<\/td><td>16,303<\/td><\/tr><tr><td>SG-11<\/td><td><a href=\"https:\/\/iai.int\/sg-11\/\" data-type=\"page\" data-id=\"1013\">Plataforma de datos sobre Clima, Medio Ambiente y Salud<\/a><\/td><td>Sonia Mu\u00f1oz<\/td><td>Argentina, Brasil, Chile, Uruguay<\/td><td>59,930<\/td><td>20,800<\/td><\/tr><tr><td>SG-12A<\/td><td><a href=\"https:\/\/iai.int\/sg-12a\/\" data-type=\"page\" data-id=\"1016\">Estrategias comunitarias para el dengue<\/a><\/td><td>Doriam Camacho&nbsp;<\/td><td>Argentina, Colombia, y USA<\/td><td>15,000<\/td><td>13,200<\/td><\/tr><tr><td>SG-12B<\/td><td><a href=\"https:\/\/iai.int\/es\/sg-12b\/\" data-type=\"page\" data-id=\"7737\">Estrategias comunitarias para el dengue<\/a><\/td><td>Elizabet Estallo<\/td><td>Argentina, Colombia, y USA<\/td><td>15,000<\/td><td>\u2013<\/td><\/tr><\/tbody><\/table><\/figure>\n\n\n\n<p><a href=\"https:\/\/iai.int\/es\/respuesta-en-clima-y-ambiente-para-la-salud-en-las-americas-iniciativa-de-financiamiento-para-la-formacion-e-investigacion\/\" data-type=\"page\" data-id=\"1019\">Haga clic aqu\u00ed para obtener m\u00e1s informaci\u00f3n sobre esta iniciativa de financiaci\u00f3n.<\/a><\/p>\n\n\n\n<p><\/p>\n","protected":false},"excerpt":{"rendered":"<p>Proyectos seleccionados para la convocatoria Clima, Medio Ambiente y Salud Respondedores en las Am\u00e9ricas ID T\u00edtulo Investigador principal (PI) Pa\u00edses participantes Presupuesto (USD) Co-financiaci\u00f3n (USD) SG-01 Vulnerabilidad multidimensional al dengue y la diarrea Bertha Luz Pineda Restrepo Per\u00fa, USA, Costa Rica 15.000 22,250 SG-02 Capacidad institucional de salud frente al cambio clim\u00e1tico Gustavo Adolfo Estrada [&hellip;]<\/p>\n","protected":false},"author":1,"featured_media":7691,"parent":0,"menu_order":0,"comment_status":"closed","ping_status":"closed","template":"","meta":{"_acf_changed":false,"_uag_custom_page_level_css":"","footnotes":""},"class_list":["post-792","page","type-page","status-publish","has-post-thumbnail","hentry"],"acf":[],"yoast_head":"<!-- This site is optimized with the Yoast SEO plugin v27.3 - https:\/\/yoast.com\/product\/yoast-seo-wordpress\/ -->\n<title>Respuesta en Clima y Ambiente para la Salud en las Am\u00e9ricas - Del conocimiento y la formaci\u00f3n transdisciplinarios a las pol\u00edticas p\u00fablicas - IAI - Inter-American Institute for Global Change Research<\/title>\n<meta name=\"robots\" content=\"index, follow, max-snippet:-1, max-image-preview:large, max-video-preview:-1\" \/>\n<link rel=\"canonical\" href=\"https:\/\/iai.int\/es\/respuesta-en-clima-y-ambiente-para-la-salud-en-las-americas-del-conocimiento-y-la-formacion-transdisciplinarios-a-las-politicas-publicas\/\" \/>\n<meta property=\"og:locale\" content=\"es_ES\" \/>\n<meta property=\"og:type\" content=\"article\" \/>\n<meta property=\"og:title\" content=\"Respuesta en Clima y Ambiente para la Salud en las Am\u00e9ricas - Del conocimiento y la formaci\u00f3n transdisciplinarios a las pol\u00edticas p\u00fablicas - IAI - Inter-American Institute for Global Change Research\" \/>\n<meta property=\"og:description\" content=\"Proyectos seleccionados para la convocatoria Clima, Medio Ambiente y Salud Respondedores en las Am\u00e9ricas ID T\u00edtulo Investigador principal (PI) Pa\u00edses participantes Presupuesto (USD) Co-financiaci\u00f3n (USD) SG-01 Vulnerabilidad multidimensional al dengue y la diarrea Bertha Luz Pineda Restrepo Per\u00fa, USA, Costa Rica 15.000 22,250 SG-02 Capacidad institucional de salud frente al cambio clim\u00e1tico Gustavo Adolfo Estrada [&hellip;]\" \/>\n<meta property=\"og:url\" content=\"https:\/\/iai.int\/es\/respuesta-en-clima-y-ambiente-para-la-salud-en-las-americas-del-conocimiento-y-la-formacion-transdisciplinarios-a-las-politicas-publicas\/\" \/>\n<meta property=\"og:site_name\" content=\"IAI - Inter-American Institute for Global Change Research\" \/>\n<meta property=\"article:modified_time\" content=\"2025-09-28T17:48:20+00:00\" \/>\n<meta property=\"og:image\" content=\"https:\/\/iai.int\/wp-content\/uploads\/2025\/09\/PROYECTOS.png\" \/>\n\t<meta property=\"og:image:width\" content=\"1600\" \/>\n\t<meta property=\"og:image:height\" content=\"498\" \/>\n\t<meta property=\"og:image:type\" content=\"image\/png\" \/>\n<meta name=\"twitter:card\" content=\"summary_large_image\" \/>\n<meta name=\"twitter:label1\" content=\"Tiempo de lectura\" \/>\n\t<meta name=\"twitter:data1\" content=\"1 minuto\" \/>\n<script type=\"application\/ld+json\" class=\"yoast-schema-graph\">{\"@context\":\"https:\\\/\\\/schema.org\",\"@graph\":[{\"@type\":\"WebPage\",\"@id\":\"https:\\\/\\\/iai.int\\\/es\\\/respuesta-en-clima-y-ambiente-para-la-salud-en-las-americas-del-conocimiento-y-la-formacion-transdisciplinarios-a-las-politicas-publicas\\\/\",\"url\":\"https:\\\/\\\/iai.int\\\/es\\\/respuesta-en-clima-y-ambiente-para-la-salud-en-las-americas-del-conocimiento-y-la-formacion-transdisciplinarios-a-las-politicas-publicas\\\/\",\"name\":\"Respuesta en Clima y Ambiente para la Salud en las Am\u00e9ricas - Del conocimiento y la formaci\u00f3n transdisciplinarios a las pol\u00edticas p\u00fablicas - IAI - Inter-American Institute for Global Change Research\",\"isPartOf\":{\"@id\":\"https:\\\/\\\/iai.int\\\/es\\\/#website\"},\"primaryImageOfPage\":{\"@id\":\"https:\\\/\\\/iai.int\\\/es\\\/respuesta-en-clima-y-ambiente-para-la-salud-en-las-americas-del-conocimiento-y-la-formacion-transdisciplinarios-a-las-politicas-publicas\\\/#primaryimage\"},\"image\":{\"@id\":\"https:\\\/\\\/iai.int\\\/es\\\/respuesta-en-clima-y-ambiente-para-la-salud-en-las-americas-del-conocimiento-y-la-formacion-transdisciplinarios-a-las-politicas-publicas\\\/#primaryimage\"},\"thumbnailUrl\":\"https:\\\/\\\/iai.int\\\/wp-content\\\/uploads\\\/2025\\\/09\\\/PROYECTOS.png\",\"datePublished\":\"2024-09-16T14:32:36+00:00\",\"dateModified\":\"2025-09-28T17:48:20+00:00\",\"breadcrumb\":{\"@id\":\"https:\\\/\\\/iai.int\\\/es\\\/respuesta-en-clima-y-ambiente-para-la-salud-en-las-americas-del-conocimiento-y-la-formacion-transdisciplinarios-a-las-politicas-publicas\\\/#breadcrumb\"},\"inLanguage\":\"es\",\"potentialAction\":[{\"@type\":\"ReadAction\",\"target\":[\"https:\\\/\\\/iai.int\\\/es\\\/respuesta-en-clima-y-ambiente-para-la-salud-en-las-americas-del-conocimiento-y-la-formacion-transdisciplinarios-a-las-politicas-publicas\\\/\"]}]},{\"@type\":\"ImageObject\",\"inLanguage\":\"es\",\"@id\":\"https:\\\/\\\/iai.int\\\/es\\\/respuesta-en-clima-y-ambiente-para-la-salud-en-las-americas-del-conocimiento-y-la-formacion-transdisciplinarios-a-las-politicas-publicas\\\/#primaryimage\",\"url\":\"https:\\\/\\\/iai.int\\\/wp-content\\\/uploads\\\/2025\\\/09\\\/PROYECTOS.png\",\"contentUrl\":\"https:\\\/\\\/iai.int\\\/wp-content\\\/uploads\\\/2025\\\/09\\\/PROYECTOS.png\",\"width\":1600,\"height\":498},{\"@type\":\"BreadcrumbList\",\"@id\":\"https:\\\/\\\/iai.int\\\/es\\\/respuesta-en-clima-y-ambiente-para-la-salud-en-las-americas-del-conocimiento-y-la-formacion-transdisciplinarios-a-las-politicas-publicas\\\/#breadcrumb\",\"itemListElement\":[{\"@type\":\"ListItem\",\"position\":1,\"name\":\"Portada\",\"item\":\"https:\\\/\\\/iai.int\\\/es\\\/\"},{\"@type\":\"ListItem\",\"position\":2,\"name\":\"Respuesta en Clima y Ambiente para la Salud en las Am\u00e9ricas &#8211; Del conocimiento y la formaci\u00f3n transdisciplinarios a las pol\u00edticas p\u00fablicas\"}]},{\"@type\":\"WebSite\",\"@id\":\"https:\\\/\\\/iai.int\\\/es\\\/#website\",\"url\":\"https:\\\/\\\/iai.int\\\/es\\\/\",\"name\":\"IAI - Inter-American Institute for Global Change Research\",\"description\":\"\",\"publisher\":{\"@id\":\"https:\\\/\\\/iai.int\\\/es\\\/#organization\"},\"potentialAction\":[{\"@type\":\"SearchAction\",\"target\":{\"@type\":\"EntryPoint\",\"urlTemplate\":\"https:\\\/\\\/iai.int\\\/es\\\/?s={search_term_string}\"},\"query-input\":{\"@type\":\"PropertyValueSpecification\",\"valueRequired\":true,\"valueName\":\"search_term_string\"}}],\"inLanguage\":\"es\"},{\"@type\":\"Organization\",\"@id\":\"https:\\\/\\\/iai.int\\\/es\\\/#organization\",\"name\":\"IAI - Inter-American Institute for Global Change Research\",\"url\":\"https:\\\/\\\/iai.int\\\/es\\\/\",\"logo\":{\"@type\":\"ImageObject\",\"inLanguage\":\"es\",\"@id\":\"https:\\\/\\\/iai.int\\\/es\\\/#\\\/schema\\\/logo\\\/image\\\/\",\"url\":\"https:\\\/\\\/iai.int\\\/wp-content\\\/uploads\\\/2025\\\/11\\\/IAI-logo-English-scaled.png\",\"contentUrl\":\"https:\\\/\\\/iai.int\\\/wp-content\\\/uploads\\\/2025\\\/11\\\/IAI-logo-English-scaled.png\",\"width\":2560,\"height\":985,\"caption\":\"IAI - Inter-American Institute for Global Change Research\"},\"image\":{\"@id\":\"https:\\\/\\\/iai.int\\\/es\\\/#\\\/schema\\\/logo\\\/image\\\/\"}}]}<\/script>\n<!-- \/ Yoast SEO plugin. -->","yoast_head_json":{"title":"Respuesta en Clima y Ambiente para la Salud en las Am\u00e9ricas - Del conocimiento y la formaci\u00f3n transdisciplinarios a las pol\u00edticas p\u00fablicas - IAI - Inter-American Institute for Global Change Research","robots":{"index":"index","follow":"follow","max-snippet":"max-snippet:-1","max-image-preview":"max-image-preview:large","max-video-preview":"max-video-preview:-1"},"canonical":"https:\/\/iai.int\/es\/respuesta-en-clima-y-ambiente-para-la-salud-en-las-americas-del-conocimiento-y-la-formacion-transdisciplinarios-a-las-politicas-publicas\/","og_locale":"es_ES","og_type":"article","og_title":"Respuesta en Clima y Ambiente para la Salud en las Am\u00e9ricas - Del conocimiento y la formaci\u00f3n transdisciplinarios a las pol\u00edticas p\u00fablicas - IAI - Inter-American Institute for Global Change Research","og_description":"Proyectos seleccionados para la convocatoria Clima, Medio Ambiente y Salud Respondedores en las Am\u00e9ricas ID T\u00edtulo Investigador principal (PI) Pa\u00edses participantes Presupuesto (USD) Co-financiaci\u00f3n (USD) SG-01 Vulnerabilidad multidimensional al dengue y la diarrea Bertha Luz Pineda Restrepo Per\u00fa, USA, Costa Rica 15.000 22,250 SG-02 Capacidad institucional de salud frente al cambio clim\u00e1tico Gustavo Adolfo Estrada [&hellip;]","og_url":"https:\/\/iai.int\/es\/respuesta-en-clima-y-ambiente-para-la-salud-en-las-americas-del-conocimiento-y-la-formacion-transdisciplinarios-a-las-politicas-publicas\/","og_site_name":"IAI - Inter-American Institute for Global Change Research","article_modified_time":"2025-09-28T17:48:20+00:00","og_image":[{"width":1600,"height":498,"url":"https:\/\/iai.int\/wp-content\/uploads\/2025\/09\/PROYECTOS.png","type":"image\/png"}],"twitter_card":"summary_large_image","twitter_misc":{"Tiempo de lectura":"1 minuto"},"schema":{"@context":"https:\/\/schema.org","@graph":[{"@type":"WebPage","@id":"https:\/\/iai.int\/es\/respuesta-en-clima-y-ambiente-para-la-salud-en-las-americas-del-conocimiento-y-la-formacion-transdisciplinarios-a-las-politicas-publicas\/","url":"https:\/\/iai.int\/es\/respuesta-en-clima-y-ambiente-para-la-salud-en-las-americas-del-conocimiento-y-la-formacion-transdisciplinarios-a-las-politicas-publicas\/","name":"Respuesta en Clima y Ambiente para la Salud en las Am\u00e9ricas - Del conocimiento y la formaci\u00f3n transdisciplinarios a las pol\u00edticas p\u00fablicas - IAI - Inter-American Institute for Global Change Research","isPartOf":{"@id":"https:\/\/iai.int\/es\/#website"},"primaryImageOfPage":{"@id":"https:\/\/iai.int\/es\/respuesta-en-clima-y-ambiente-para-la-salud-en-las-americas-del-conocimiento-y-la-formacion-transdisciplinarios-a-las-politicas-publicas\/#primaryimage"},"image":{"@id":"https:\/\/iai.int\/es\/respuesta-en-clima-y-ambiente-para-la-salud-en-las-americas-del-conocimiento-y-la-formacion-transdisciplinarios-a-las-politicas-publicas\/#primaryimage"},"thumbnailUrl":"https:\/\/iai.int\/wp-content\/uploads\/2025\/09\/PROYECTOS.png","datePublished":"2024-09-16T14:32:36+00:00","dateModified":"2025-09-28T17:48:20+00:00","breadcrumb":{"@id":"https:\/\/iai.int\/es\/respuesta-en-clima-y-ambiente-para-la-salud-en-las-americas-del-conocimiento-y-la-formacion-transdisciplinarios-a-las-politicas-publicas\/#breadcrumb"},"inLanguage":"es","potentialAction":[{"@type":"ReadAction","target":["https:\/\/iai.int\/es\/respuesta-en-clima-y-ambiente-para-la-salud-en-las-americas-del-conocimiento-y-la-formacion-transdisciplinarios-a-las-politicas-publicas\/"]}]},{"@type":"ImageObject","inLanguage":"es","@id":"https:\/\/iai.int\/es\/respuesta-en-clima-y-ambiente-para-la-salud-en-las-americas-del-conocimiento-y-la-formacion-transdisciplinarios-a-las-politicas-publicas\/#primaryimage","url":"https:\/\/iai.int\/wp-content\/uploads\/2025\/09\/PROYECTOS.png","contentUrl":"https:\/\/iai.int\/wp-content\/uploads\/2025\/09\/PROYECTOS.png","width":1600,"height":498},{"@type":"BreadcrumbList","@id":"https:\/\/iai.int\/es\/respuesta-en-clima-y-ambiente-para-la-salud-en-las-americas-del-conocimiento-y-la-formacion-transdisciplinarios-a-las-politicas-publicas\/#breadcrumb","itemListElement":[{"@type":"ListItem","position":1,"name":"Portada","item":"https:\/\/iai.int\/es\/"},{"@type":"ListItem","position":2,"name":"Respuesta en Clima y Ambiente para la Salud en las Am\u00e9ricas &#8211; Del conocimiento y la formaci\u00f3n transdisciplinarios a las pol\u00edticas p\u00fablicas"}]},{"@type":"WebSite","@id":"https:\/\/iai.int\/es\/#website","url":"https:\/\/iai.int\/es\/","name":"IAI - Inter-American Institute for Global Change Research","description":"","publisher":{"@id":"https:\/\/iai.int\/es\/#organization"},"potentialAction":[{"@type":"SearchAction","target":{"@type":"EntryPoint","urlTemplate":"https:\/\/iai.int\/es\/?s={search_term_string}"},"query-input":{"@type":"PropertyValueSpecification","valueRequired":true,"valueName":"search_term_string"}}],"inLanguage":"es"},{"@type":"Organization","@id":"https:\/\/iai.int\/es\/#organization","name":"IAI - Inter-American Institute for Global Change Research","url":"https:\/\/iai.int\/es\/","logo":{"@type":"ImageObject","inLanguage":"es","@id":"https:\/\/iai.int\/es\/#\/schema\/logo\/image\/","url":"https:\/\/iai.int\/wp-content\/uploads\/2025\/11\/IAI-logo-English-scaled.png","contentUrl":"https:\/\/iai.int\/wp-content\/uploads\/2025\/11\/IAI-logo-English-scaled.png","width":2560,"height":985,"caption":"IAI - Inter-American Institute for Global Change Research"},"image":{"@id":"https:\/\/iai.int\/es\/#\/schema\/logo\/image\/"}}]}},"uagb_featured_image_src":{"full":["https:\/\/iai.int\/wp-content\/uploads\/2025\/09\/PROYECTOS.png",1600,498,false],"thumbnail":["https:\/\/iai.int\/wp-content\/uploads\/2025\/09\/PROYECTOS-150x150.png",150,150,true],"medium":["https:\/\/iai.int\/wp-content\/uploads\/2025\/09\/PROYECTOS-300x93.png",300,93,true],"medium_large":["https:\/\/iai.int\/wp-content\/uploads\/2025\/09\/PROYECTOS-768x239.png",768,239,true],"large":["https:\/\/iai.int\/wp-content\/uploads\/2025\/09\/PROYECTOS-1024x319.png",800,249,true],"1536x1536":["https:\/\/iai.int\/wp-content\/uploads\/2025\/09\/PROYECTOS-1536x478.png",1536,478,true],"2048x2048":["https:\/\/iai.int\/wp-content\/uploads\/2025\/09\/PROYECTOS.png",1600,498,false]},"uagb_author_info":{"display_name":"admin","author_link":"https:\/\/iai.int\/es\/author\/admin\/"},"uagb_comment_info":0,"uagb_excerpt":"Proyectos seleccionados para la convocatoria Clima, Medio Ambiente y Salud Respondedores en las Am\u00e9ricas ID T\u00edtulo Investigador principal (PI) Pa\u00edses participantes Presupuesto (USD) Co-financiaci\u00f3n (USD) SG-01 Vulnerabilidad multidimensional al dengue y la diarrea Bertha Luz Pineda Restrepo Per\u00fa, USA, Costa Rica 15.000 22,250 SG-02 Capacidad institucional de salud frente al cambio clim\u00e1tico Gustavo Adolfo Estrada&hellip;","_links":{"self":[{"href":"https:\/\/iai.int\/es\/wp-json\/wp\/v2\/pages\/792","targetHints":{"allow":["GET"]}}],"collection":[{"href":"https:\/\/iai.int\/es\/wp-json\/wp\/v2\/pages"}],"about":[{"href":"https:\/\/iai.int\/es\/wp-json\/wp\/v2\/types\/page"}],"author":[{"embeddable":true,"href":"https:\/\/iai.int\/es\/wp-json\/wp\/v2\/users\/1"}],"replies":[{"embeddable":true,"href":"https:\/\/iai.int\/es\/wp-json\/wp\/v2\/comments?post=792"}],"version-history":[{"count":17,"href":"https:\/\/iai.int\/es\/wp-json\/wp\/v2\/pages\/792\/revisions"}],"predecessor-version":[{"id":7762,"href":"https:\/\/iai.int\/es\/wp-json\/wp\/v2\/pages\/792\/revisions\/7762"}],"wp:featuredmedia":[{"embeddable":true,"href":"https:\/\/iai.int\/es\/wp-json\/wp\/v2\/media\/7691"}],"wp:attachment":[{"href":"https:\/\/iai.int\/es\/wp-json\/wp\/v2\/media?parent=792"}],"curies":[{"name":"wp","href":"https:\/\/api.w.org\/{rel}","templated":true}]}}