{"id":7803,"date":"2025-09-28T17:50:34","date_gmt":"2025-09-28T22:50:34","guid":{"rendered":"https:\/\/iai.int\/?page_id=7803"},"modified":"2025-11-10T13:01:08","modified_gmt":"2025-11-10T18:01:08","slug":"sdc-declaracion-de-panama","status":"publish","type":"page","link":"https:\/\/iai.int\/es\/centro-de-diplomacia-cientifica\/sdc-declaracion-de-panama\/","title":{"rendered":"SDC: Declaraci\u00f3n de Panam\u00e1"},"content":{"rendered":"\n<p><strong>Diplomacia Cient\u00edfica en las Am\u00e9ricas: Abordando los Desaf\u00edos Globales<\/strong><\/p>\n\n\n\n<p>Los representantes de los pa\u00edses de las Am\u00e9ricas presentes en el Foro de Diplomacia Cient\u00edfica en Panam\u00e1, 16-21 de Octubre, 2023<\/p>\n\n\n\n<p><strong>DECLARAMOS QUE:<\/strong><\/p>\n\n\n\n<p>Reconocemos que la diplomacia cient\u00edfica es una herramienta que contribuye al cierre de brechas en ciencia, tecnolog\u00eda e innovaci\u00f3n, construyendo puentes con pol\u00edticas p\u00fablicas para incidir en las relaciones en las Am\u00e9ricas. Desde Panam\u00e1, uno de los primeros pa\u00edses en Am\u00e9rica Latina en tener una estrategia nacional de diplomacia cient\u00edfica, destacamos la importancia de la colaboraci\u00f3n regional y global en la investigaci\u00f3n cient\u00edfica y la innovaci\u00f3n como un medio para abordar los desaf\u00edos globales de manera efectiva. Para ello, es crucial promover la inclusi\u00f3n de grupos sub-representados en la ciencia y en la diplomacia, fomentando la participaci\u00f3n plena de los mismos en estos campos de acuerdo con las l\u00edneas de la Estrategia de Montevideo de 2017.<\/p>\n\n\n\n<p>Entendemos que los cambios globales y el alcance de los Objetivos de Desarrollo Sostenible (ODS) de la Agenda 2030 requieren una continua capacitaci\u00f3n e interlocuci\u00f3n de los funcionarios gubernamentales, cient\u00edficos, asesores, y la sociedad civil de las Am\u00e9ricas para apoyar pol\u00edticas p\u00fablicas informadas en evidencia cient\u00edfica. Dado que vivimos un momento en el que las pol\u00edticas informadas son cruciales, es imperativo que la comunidad cient\u00edfica, diplom\u00e1ticos y responsables de pol\u00edticas p\u00fablicas colaboren estrechamente. Destacamos la importancia de la comunicaci\u00f3n efectiva de la ciencia, incluyendo todas sus disciplinas, a la sociedad y a los tomadores de decisiones, promoviendo la divulgaci\u00f3n cient\u00edfica y la ciencia abierta.<\/p>\n\n\n\n<p>Consideramos que la ciencia, tecnolog\u00eda e innovaci\u00f3n son pilares fundamentales para el abordaje de retos regionales sobre el cambio global y que la inversi\u00f3n en investigaci\u00f3n y desarrollo cient\u00edfico es esencial para abordar los desaf\u00edos actuales y futuros. Reconocemos la importancia de la diplomacia cient\u00edfica, promoviendo la colaboraci\u00f3n con otros pa\u00edses, regiones y diversos actores.<\/p>\n\n\n\n<p>Fomentamos el desarrollo de una red de trabajo transdisciplinar que aborde la relaci\u00f3n entre ciencia, diplomacia y pol\u00edtica p\u00fablica de acuerdo con las necesidades del contexto regional por medio del desarrollo de capacidades, cooperaci\u00f3n frente a los desaf\u00edos globales y movilizaci\u00f3n de recursos. La diplomacia cient\u00edfica en las Am\u00e9ricas deber\u00e1 tener un enfoque internacional, interdisciplinar, intercultural, intersectorial e incluyente.<\/p>\n\n\n\n<p>Enfatizamos que solo mediante la adopci\u00f3n de pol\u00edticas informadas en la evidencia cient\u00edfica que considere aspectos socio-culturales, econ\u00f3micos y pol\u00edticos podemos tomar decisiones efectivas y eficientes que tengan un impacto real y sostenible en nuestras sociedades y en el medio ambiente.&nbsp;<\/p>\n\n\n\n<p>Resaltamos que la divulgaci\u00f3n y la educaci\u00f3n son fundamentales para promover una cultura cient\u00edfica, la transparencia y la confianza en instituciones cient\u00edficas y gubernamentales. Instamos a los Estados a crear las capacidades, la gobernanza y los mecanismos que permitan el desarrollo de iniciativas de diplomacia cient\u00edfica sostenibles.<\/p>\n\n\n\n<p>Asumimos el compromiso de trabajar juntos con un esp\u00edritu de colaboraci\u00f3n y solidaridad, buscando soluciones informadas en la ciencia para los desaf\u00edos globales que enfrentamos. Nos comprometemos a fomentar la colaboraci\u00f3n entre gobiernos y diversos actores interesados en proyectos colaborativos que contribuyan a la resoluci\u00f3n de estos desaf\u00edos en beneficio de nuestras sociedades y del planeta.<\/p>\n\n\n\n<p>Panam\u00e1, 21 de Octubre 2023<\/p>\n\n\n\n<p><strong><a href=\"https:\/\/iai.int\/administrador\/assets\/images\/ckfinder\/files\/DECLARACION%20DE%20PANAMA%20SP.docx.pdf\" target=\"_blank\" rel=\"noreferrer noopener\">Enlace a la versi\u00f3n para imprimir<\/a><\/strong><\/p>\n\n\n\n<div style=\"height:50px\" aria-hidden=\"true\" class=\"wp-block-spacer\"><\/div>\n","protected":false},"excerpt":{"rendered":"<p>Diplomacia Cient\u00edfica en las Am\u00e9ricas: Abordando los Desaf\u00edos Globales Los representantes de los pa\u00edses de las Am\u00e9ricas presentes en el Foro de Diplomacia Cient\u00edfica en Panam\u00e1, 16-21 de Octubre, 2023 DECLARAMOS QUE: Reconocemos que la diplomacia cient\u00edfica es una herramienta que contribuye al cierre de brechas en ciencia, tecnolog\u00eda e innovaci\u00f3n, construyendo puentes con pol\u00edticas [&hellip;]<\/p>\n","protected":false},"author":1,"featured_media":10978,"parent":370,"menu_order":0,"comment_status":"closed","ping_status":"closed","template":"","meta":{"_acf_changed":false,"_uag_custom_page_level_css":"","footnotes":""},"class_list":["post-7803","page","type-page","status-publish","has-post-thumbnail","hentry"],"acf":[],"yoast_head":"<!-- This site is optimized with the Yoast SEO plugin v27.3 - https:\/\/yoast.com\/product\/yoast-seo-wordpress\/ -->\n<title>SDC: Declaraci\u00f3n de Panam\u00e1 - IAI - Inter-American Institute for Global Change Research<\/title>\n<meta name=\"robots\" content=\"index, follow, max-snippet:-1, max-image-preview:large, max-video-preview:-1\" \/>\n<link rel=\"canonical\" href=\"https:\/\/iai.int\/es\/centro-de-diplomacia-cientifica\/sdc-declaracion-de-panama\/\" \/>\n<meta property=\"og:locale\" content=\"es_ES\" \/>\n<meta property=\"og:type\" content=\"article\" \/>\n<meta property=\"og:title\" content=\"SDC: Declaraci\u00f3n de Panam\u00e1 - IAI - Inter-American Institute for Global Change Research\" \/>\n<meta property=\"og:description\" content=\"Diplomacia Cient\u00edfica en las Am\u00e9ricas: Abordando los Desaf\u00edos Globales Los representantes de los pa\u00edses de las Am\u00e9ricas presentes en el Foro de Diplomacia Cient\u00edfica en Panam\u00e1, 16-21 de Octubre, 2023 DECLARAMOS QUE: Reconocemos que la diplomacia cient\u00edfica es una herramienta que contribuye al cierre de brechas en ciencia, tecnolog\u00eda e innovaci\u00f3n, construyendo puentes con pol\u00edticas [&hellip;]\" \/>\n<meta property=\"og:url\" content=\"https:\/\/iai.int\/es\/centro-de-diplomacia-cientifica\/sdc-declaracion-de-panama\/\" \/>\n<meta property=\"og:site_name\" content=\"IAI - Inter-American Institute for Global Change Research\" \/>\n<meta property=\"article:modified_time\" content=\"2025-11-10T18:01:08+00:00\" \/>\n<meta property=\"og:image\" content=\"https:\/\/iai.int\/wp-content\/uploads\/2025\/11\/SDC-15.png\" \/>\n\t<meta property=\"og:image:width\" content=\"1772\" \/>\n\t<meta property=\"og:image:height\" content=\"551\" \/>\n\t<meta property=\"og:image:type\" content=\"image\/png\" \/>\n<meta name=\"twitter:card\" content=\"summary_large_image\" \/>\n<meta name=\"twitter:label1\" content=\"Tiempo de lectura\" \/>\n\t<meta name=\"twitter:data1\" content=\"3 minutos\" \/>\n<script type=\"application\/ld+json\" class=\"yoast-schema-graph\">{\"@context\":\"https:\\\/\\\/schema.org\",\"@graph\":[{\"@type\":\"WebPage\",\"@id\":\"https:\\\/\\\/iai.int\\\/es\\\/centro-de-diplomacia-cientifica\\\/sdc-declaracion-de-panama\\\/\",\"url\":\"https:\\\/\\\/iai.int\\\/es\\\/centro-de-diplomacia-cientifica\\\/sdc-declaracion-de-panama\\\/\",\"name\":\"SDC: Declaraci\u00f3n de Panam\u00e1 - IAI - Inter-American Institute for Global Change Research\",\"isPartOf\":{\"@id\":\"https:\\\/\\\/iai.int\\\/es\\\/#website\"},\"primaryImageOfPage\":{\"@id\":\"https:\\\/\\\/iai.int\\\/es\\\/centro-de-diplomacia-cientifica\\\/sdc-declaracion-de-panama\\\/#primaryimage\"},\"image\":{\"@id\":\"https:\\\/\\\/iai.int\\\/es\\\/centro-de-diplomacia-cientifica\\\/sdc-declaracion-de-panama\\\/#primaryimage\"},\"thumbnailUrl\":\"https:\\\/\\\/iai.int\\\/wp-content\\\/uploads\\\/2025\\\/11\\\/SDC-15.png\",\"datePublished\":\"2025-09-28T22:50:34+00:00\",\"dateModified\":\"2025-11-10T18:01:08+00:00\",\"breadcrumb\":{\"@id\":\"https:\\\/\\\/iai.int\\\/es\\\/centro-de-diplomacia-cientifica\\\/sdc-declaracion-de-panama\\\/#breadcrumb\"},\"inLanguage\":\"es\",\"potentialAction\":[{\"@type\":\"ReadAction\",\"target\":[\"https:\\\/\\\/iai.int\\\/es\\\/centro-de-diplomacia-cientifica\\\/sdc-declaracion-de-panama\\\/\"]}]},{\"@type\":\"ImageObject\",\"inLanguage\":\"es\",\"@id\":\"https:\\\/\\\/iai.int\\\/es\\\/centro-de-diplomacia-cientifica\\\/sdc-declaracion-de-panama\\\/#primaryimage\",\"url\":\"https:\\\/\\\/iai.int\\\/wp-content\\\/uploads\\\/2025\\\/11\\\/SDC-15.png\",\"contentUrl\":\"https:\\\/\\\/iai.int\\\/wp-content\\\/uploads\\\/2025\\\/11\\\/SDC-15.png\",\"width\":1772,\"height\":551},{\"@type\":\"BreadcrumbList\",\"@id\":\"https:\\\/\\\/iai.int\\\/es\\\/centro-de-diplomacia-cientifica\\\/sdc-declaracion-de-panama\\\/#breadcrumb\",\"itemListElement\":[{\"@type\":\"ListItem\",\"position\":1,\"name\":\"Portada\",\"item\":\"https:\\\/\\\/iai.int\\\/es\\\/\"},{\"@type\":\"ListItem\",\"position\":2,\"name\":\"Centro de Diplomacia Cient\u00edfica\",\"item\":\"https:\\\/\\\/iai.int\\\/es\\\/centro-de-diplomacia-cientifica\\\/\"},{\"@type\":\"ListItem\",\"position\":3,\"name\":\"SDC: Declaraci\u00f3n de Panam\u00e1\"}]},{\"@type\":\"WebSite\",\"@id\":\"https:\\\/\\\/iai.int\\\/es\\\/#website\",\"url\":\"https:\\\/\\\/iai.int\\\/es\\\/\",\"name\":\"IAI - Inter-American Institute for Global Change Research\",\"description\":\"\",\"publisher\":{\"@id\":\"https:\\\/\\\/iai.int\\\/es\\\/#organization\"},\"potentialAction\":[{\"@type\":\"SearchAction\",\"target\":{\"@type\":\"EntryPoint\",\"urlTemplate\":\"https:\\\/\\\/iai.int\\\/es\\\/?s={search_term_string}\"},\"query-input\":{\"@type\":\"PropertyValueSpecification\",\"valueRequired\":true,\"valueName\":\"search_term_string\"}}],\"inLanguage\":\"es\"},{\"@type\":\"Organization\",\"@id\":\"https:\\\/\\\/iai.int\\\/es\\\/#organization\",\"name\":\"IAI - Inter-American Institute for Global Change Research\",\"url\":\"https:\\\/\\\/iai.int\\\/es\\\/\",\"logo\":{\"@type\":\"ImageObject\",\"inLanguage\":\"es\",\"@id\":\"https:\\\/\\\/iai.int\\\/es\\\/#\\\/schema\\\/logo\\\/image\\\/\",\"url\":\"https:\\\/\\\/iai.int\\\/wp-content\\\/uploads\\\/2025\\\/11\\\/IAI-logo-English-scaled.png\",\"contentUrl\":\"https:\\\/\\\/iai.int\\\/wp-content\\\/uploads\\\/2025\\\/11\\\/IAI-logo-English-scaled.png\",\"width\":2560,\"height\":985,\"caption\":\"IAI - Inter-American Institute for Global Change Research\"},\"image\":{\"@id\":\"https:\\\/\\\/iai.int\\\/es\\\/#\\\/schema\\\/logo\\\/image\\\/\"}}]}<\/script>\n<!-- \/ Yoast SEO plugin. -->","yoast_head_json":{"title":"SDC: Declaraci\u00f3n de Panam\u00e1 - IAI - Inter-American Institute for Global Change Research","robots":{"index":"index","follow":"follow","max-snippet":"max-snippet:-1","max-image-preview":"max-image-preview:large","max-video-preview":"max-video-preview:-1"},"canonical":"https:\/\/iai.int\/es\/centro-de-diplomacia-cientifica\/sdc-declaracion-de-panama\/","og_locale":"es_ES","og_type":"article","og_title":"SDC: Declaraci\u00f3n de Panam\u00e1 - IAI - Inter-American Institute for Global Change Research","og_description":"Diplomacia Cient\u00edfica en las Am\u00e9ricas: Abordando los Desaf\u00edos Globales Los representantes de los pa\u00edses de las Am\u00e9ricas presentes en el Foro de Diplomacia Cient\u00edfica en Panam\u00e1, 16-21 de Octubre, 2023 DECLARAMOS QUE: Reconocemos que la diplomacia cient\u00edfica es una herramienta que contribuye al cierre de brechas en ciencia, tecnolog\u00eda e innovaci\u00f3n, construyendo puentes con pol\u00edticas [&hellip;]","og_url":"https:\/\/iai.int\/es\/centro-de-diplomacia-cientifica\/sdc-declaracion-de-panama\/","og_site_name":"IAI - Inter-American Institute for Global Change Research","article_modified_time":"2025-11-10T18:01:08+00:00","og_image":[{"width":1772,"height":551,"url":"https:\/\/iai.int\/wp-content\/uploads\/2025\/11\/SDC-15.png","type":"image\/png"}],"twitter_card":"summary_large_image","twitter_misc":{"Tiempo de lectura":"3 minutos"},"schema":{"@context":"https:\/\/schema.org","@graph":[{"@type":"WebPage","@id":"https:\/\/iai.int\/es\/centro-de-diplomacia-cientifica\/sdc-declaracion-de-panama\/","url":"https:\/\/iai.int\/es\/centro-de-diplomacia-cientifica\/sdc-declaracion-de-panama\/","name":"SDC: Declaraci\u00f3n de Panam\u00e1 - IAI - Inter-American Institute for Global Change Research","isPartOf":{"@id":"https:\/\/iai.int\/es\/#website"},"primaryImageOfPage":{"@id":"https:\/\/iai.int\/es\/centro-de-diplomacia-cientifica\/sdc-declaracion-de-panama\/#primaryimage"},"image":{"@id":"https:\/\/iai.int\/es\/centro-de-diplomacia-cientifica\/sdc-declaracion-de-panama\/#primaryimage"},"thumbnailUrl":"https:\/\/iai.int\/wp-content\/uploads\/2025\/11\/SDC-15.png","datePublished":"2025-09-28T22:50:34+00:00","dateModified":"2025-11-10T18:01:08+00:00","breadcrumb":{"@id":"https:\/\/iai.int\/es\/centro-de-diplomacia-cientifica\/sdc-declaracion-de-panama\/#breadcrumb"},"inLanguage":"es","potentialAction":[{"@type":"ReadAction","target":["https:\/\/iai.int\/es\/centro-de-diplomacia-cientifica\/sdc-declaracion-de-panama\/"]}]},{"@type":"ImageObject","inLanguage":"es","@id":"https:\/\/iai.int\/es\/centro-de-diplomacia-cientifica\/sdc-declaracion-de-panama\/#primaryimage","url":"https:\/\/iai.int\/wp-content\/uploads\/2025\/11\/SDC-15.png","contentUrl":"https:\/\/iai.int\/wp-content\/uploads\/2025\/11\/SDC-15.png","width":1772,"height":551},{"@type":"BreadcrumbList","@id":"https:\/\/iai.int\/es\/centro-de-diplomacia-cientifica\/sdc-declaracion-de-panama\/#breadcrumb","itemListElement":[{"@type":"ListItem","position":1,"name":"Portada","item":"https:\/\/iai.int\/es\/"},{"@type":"ListItem","position":2,"name":"Centro de Diplomacia Cient\u00edfica","item":"https:\/\/iai.int\/es\/centro-de-diplomacia-cientifica\/"},{"@type":"ListItem","position":3,"name":"SDC: Declaraci\u00f3n de Panam\u00e1"}]},{"@type":"WebSite","@id":"https:\/\/iai.int\/es\/#website","url":"https:\/\/iai.int\/es\/","name":"IAI - Inter-American Institute for Global Change Research","description":"","publisher":{"@id":"https:\/\/iai.int\/es\/#organization"},"potentialAction":[{"@type":"SearchAction","target":{"@type":"EntryPoint","urlTemplate":"https:\/\/iai.int\/es\/?s={search_term_string}"},"query-input":{"@type":"PropertyValueSpecification","valueRequired":true,"valueName":"search_term_string"}}],"inLanguage":"es"},{"@type":"Organization","@id":"https:\/\/iai.int\/es\/#organization","name":"IAI - Inter-American Institute for Global Change Research","url":"https:\/\/iai.int\/es\/","logo":{"@type":"ImageObject","inLanguage":"es","@id":"https:\/\/iai.int\/es\/#\/schema\/logo\/image\/","url":"https:\/\/iai.int\/wp-content\/uploads\/2025\/11\/IAI-logo-English-scaled.png","contentUrl":"https:\/\/iai.int\/wp-content\/uploads\/2025\/11\/IAI-logo-English-scaled.png","width":2560,"height":985,"caption":"IAI - Inter-American Institute for Global Change Research"},"image":{"@id":"https:\/\/iai.int\/es\/#\/schema\/logo\/image\/"}}]}},"uagb_featured_image_src":{"full":["https:\/\/iai.int\/wp-content\/uploads\/2025\/11\/SDC-15.png",1772,551,false],"thumbnail":["https:\/\/iai.int\/wp-content\/uploads\/2025\/11\/SDC-15-150x150.png",150,150,true],"medium":["https:\/\/iai.int\/wp-content\/uploads\/2025\/11\/SDC-15-300x93.png",300,93,true],"medium_large":["https:\/\/iai.int\/wp-content\/uploads\/2025\/11\/SDC-15-768x239.png",768,239,true],"large":["https:\/\/iai.int\/wp-content\/uploads\/2025\/11\/SDC-15-1024x318.png",800,248,true],"1536x1536":["https:\/\/iai.int\/wp-content\/uploads\/2025\/11\/SDC-15-1536x478.png",1536,478,true],"2048x2048":["https:\/\/iai.int\/wp-content\/uploads\/2025\/11\/SDC-15.png",1772,551,false]},"uagb_author_info":{"display_name":"admin","author_link":"https:\/\/iai.int\/es\/author\/admin\/"},"uagb_comment_info":0,"uagb_excerpt":"Diplomacia Cient\u00edfica en las Am\u00e9ricas: Abordando los Desaf\u00edos Globales Los representantes de los pa\u00edses de las Am\u00e9ricas presentes en el Foro de Diplomacia Cient\u00edfica en Panam\u00e1, 16-21 de Octubre, 2023 DECLARAMOS QUE: Reconocemos que la diplomacia cient\u00edfica es una herramienta que contribuye al cierre de brechas en ciencia, tecnolog\u00eda e innovaci\u00f3n, construyendo puentes con pol\u00edticas&hellip;","_links":{"self":[{"href":"https:\/\/iai.int\/es\/wp-json\/wp\/v2\/pages\/7803","targetHints":{"allow":["GET"]}}],"collection":[{"href":"https:\/\/iai.int\/es\/wp-json\/wp\/v2\/pages"}],"about":[{"href":"https:\/\/iai.int\/es\/wp-json\/wp\/v2\/types\/page"}],"author":[{"embeddable":true,"href":"https:\/\/iai.int\/es\/wp-json\/wp\/v2\/users\/1"}],"replies":[{"embeddable":true,"href":"https:\/\/iai.int\/es\/wp-json\/wp\/v2\/comments?post=7803"}],"version-history":[{"count":4,"href":"https:\/\/iai.int\/es\/wp-json\/wp\/v2\/pages\/7803\/revisions"}],"predecessor-version":[{"id":10980,"href":"https:\/\/iai.int\/es\/wp-json\/wp\/v2\/pages\/7803\/revisions\/10980"}],"up":[{"embeddable":true,"href":"https:\/\/iai.int\/es\/wp-json\/wp\/v2\/pages\/370"}],"wp:featuredmedia":[{"embeddable":true,"href":"https:\/\/iai.int\/es\/wp-json\/wp\/v2\/media\/10978"}],"wp:attachment":[{"href":"https:\/\/iai.int\/es\/wp-json\/wp\/v2\/media?parent=7803"}],"curies":[{"name":"wp","href":"https:\/\/api.w.org\/{rel}","templated":true}]}}