{"id":7798,"date":"2025-09-28T17:42:44","date_gmt":"2025-09-28T22:42:44","guid":{"rendered":"https:\/\/iai.int\/?page_id=7798"},"modified":"2025-09-28T17:42:45","modified_gmt":"2025-09-28T22:42:45","slug":"sdc-divulgacion-e-iniciativas","status":"publish","type":"page","link":"https:\/\/iai.int\/es\/centro-de-diplomacia-cientifica\/sdc-divulgacion-e-iniciativas\/","title":{"rendered":"SDC: Divulgaci\u00f3n e iniciativas"},"content":{"rendered":"\n<h4 class=\"wp-block-heading\"><strong>Evento paralelo del Centro de Diplomacia Cient\u00edfica<\/strong><\/h4>\n\n\n\n<p>La Direcci\u00f3n Ejecutiva del IAI tuvo el agrado de invitar a los representantes nacionales y observadores que asistieron a la 31.\u00aa reuni\u00f3n de la Conferencia de las Partes del Instituto Interamericano para la Investigaci\u00f3n del Cambio Global (IAI) a un evento paralelo de diplomacia cient\u00edfica que se llev\u00f3 a cabo el 21 de junio de 2023, de 17:00-18:30 hs.<\/p>\n\n\n\n<p>Los objetivos de este evento fueron presentar la visi\u00f3n, la misi\u00f3n y las metas del recientemente inaugurado Centro de Diplomacia Cient\u00edfica (SDC) del IAI, discutir estudios de caso regionales sobre diplomacia cient\u00edfica, identificar necesidades en el desarrollo de capacidades y procesos relacionados con la pol\u00edtica cient\u00edfica y explorar c\u00f3mo el Centro puede apoyar a mejorar las prioridades nacionales y regionales identificadas por las Partes. Puede encontrar m\u00e1s informaci\u00f3n sobre la SDC aqu\u00ed:<\/p>\n\n\n\n<ul class=\"wp-block-list\">\n<li><a href=\"https:\/\/iai.int\/es\/post\/detail\/Science-Diplomacy-Center-Advisory-Board-Meeting\">Reuni\u00f3n del Consejo Asesor de SDC &#8211; Punta del Este, Uruguay.<\/a><\/li>\n\n\n\n<li><a href=\"https:\/\/iai.int\/es\/post\/detail\/Hybrid-Science-Diplomacy-Center-SDC-Advisory-Board-Meeting-Washington-DC-USA\">Reuni\u00f3n del Consejo Asesor de SDC &#8211; Washington DC, USA.<\/a><\/li>\n\n\n\n<li>Proyecto de actividades emblem\u00e1ticas de la SDC (<a href=\"https:\/\/iai.int\/administrador\/assets\/images\/ckfinder\/files\/Draft%20SDC%20Flagship%20Activities_en.pdf\">Ingl\u00e9s<\/a>,\u00a0<a href=\"https:\/\/iai.int\/administrador\/assets\/images\/ckfinder\/files\/Draft%20SDC%20Flagship%20Activities_es.pdf\">Espa\u00f1ol<\/a>)<\/li>\n<\/ul>\n\n\n\n<p>Este evento paralelo no solo facilit\u00f3 el compromiso con los estados miembro, sino que las discusiones&nbsp; identificaron las tres (3) actividades principales emblem\u00e1ticas del Centro para los pr\u00f3ximos tres (3) a\u00f1os. El evento fue dise\u00f1ado para asegurar la participaci\u00f3n activa, facilitar debates din\u00e1micos sobre temas espec\u00edficos relacionados con la diplomacia cient\u00edfica y el papel del Centro de Diplomacia Cient\u00edfica en la regi\u00f3n, lo que permiti\u00f3 escuchar una amplia gama de perspectivas. Esto asegur\u00f3 que los estados miembro no solo dise\u00f1aran en colaboraci\u00f3n las iniciativas del Centro, sino que tambi\u00e9n reforzaran su apropiaci\u00f3n, participaci\u00f3n y compromiso en las actividades del SDC. Vea a continuaci\u00f3n un resumen del evento y las presentaciones que lo acompa\u00f1an:<\/p>\n\n\n\n<ul class=\"wp-block-list\">\n<li>Resumen del evento paralelo del SDC\u00a0(<a href=\"https:\/\/iai.int\/administrador\/assets\/images\/ckfinder\/files\/SDC%20Side%20Event%20Summary_COP%2031%20es.pdf\">Espa\u00f1ol<\/a>,\u00a0<a href=\"https:\/\/iai.int\/administrador\/assets\/images\/ckfinder\/files\/SDC%20Side%20Event%20Summary_COP%2031%20en.pdf\">Ingl\u00e9s<\/a>)<\/li>\n<\/ul>\n\n\n\n<p>Presentaciones:<\/p>\n\n\n\n<ul class=\"wp-block-list\">\n<li>Marcella Ohira, Vice-Directora Ejecutiva y Directora de Desarrollo de Capacidades, IAI (<a href=\"https:\/\/iai.int\/administrador\/assets\/images\/ckfinder\/files\/SDC%20Side%20Event%20Presentation_Marcella%20Final%20es.pdf\">Espa\u00f1ol<\/a>,\u00a0<a href=\"https:\/\/iai.int\/administrador\/assets\/images\/ckfinder\/files\/SDC%20Side%20Event%20Presentation_Marcella%20Final%20en.pdf\">Ingl\u00e9s<\/a>)<\/li>\n\n\n\n<li>H\u00e9ctor Guzm\u00e1n, bi\u00f3logo marino, Instituto Smithsonian de Investigaciones Tropicales (STRI) (Video)<\/li>\n<\/ul>\n\n\n\n<figure class=\"wp-block-embed is-type-rich is-provider-gestor-del-servicio wp-block-embed-gestor-del-servicio wp-embed-aspect-16-9 wp-has-aspect-ratio\"><div class=\"wp-block-embed__wrapper\">\n<iframe title=\"SDC Side Event Presentation - Hector Guzman Video\" width=\"800\" height=\"450\" src=\"https:\/\/www.youtube.com\/embed\/zRVvb53lMTo?feature=oembed\" frameborder=\"0\" allow=\"accelerometer; autoplay; clipboard-write; encrypted-media; gyroscope; picture-in-picture; web-share\" referrerpolicy=\"strict-origin-when-cross-origin\" allowfullscreen><\/iframe>\n<\/div><\/figure>\n","protected":false},"excerpt":{"rendered":"<p>Evento paralelo del Centro de Diplomacia Cient\u00edfica La Direcci\u00f3n Ejecutiva del IAI tuvo el agrado de invitar a los representantes nacionales y observadores que asistieron a la 31.\u00aa reuni\u00f3n de la Conferencia de las Partes del Instituto Interamericano para la Investigaci\u00f3n del Cambio Global (IAI) a un evento paralelo de diplomacia cient\u00edfica que se llev\u00f3 [&hellip;]<\/p>\n","protected":false},"author":1,"featured_media":0,"parent":370,"menu_order":0,"comment_status":"closed","ping_status":"closed","template":"","meta":{"_acf_changed":false,"_uag_custom_page_level_css":"","footnotes":""},"class_list":["post-7798","page","type-page","status-publish","hentry"],"acf":[],"yoast_head":"<!-- This site is optimized with the Yoast SEO plugin v27.3 - https:\/\/yoast.com\/product\/yoast-seo-wordpress\/ -->\n<title>SDC: Divulgaci\u00f3n e iniciativas - IAI - Inter-American Institute for Global Change Research<\/title>\n<meta name=\"robots\" content=\"index, follow, max-snippet:-1, max-image-preview:large, max-video-preview:-1\" \/>\n<link rel=\"canonical\" href=\"https:\/\/iai.int\/es\/centro-de-diplomacia-cientifica\/sdc-divulgacion-e-iniciativas\/\" \/>\n<meta property=\"og:locale\" content=\"es_ES\" \/>\n<meta property=\"og:type\" content=\"article\" \/>\n<meta property=\"og:title\" content=\"SDC: Divulgaci\u00f3n e iniciativas - IAI - Inter-American Institute for Global Change Research\" \/>\n<meta property=\"og:description\" content=\"Evento paralelo del Centro de Diplomacia Cient\u00edfica La Direcci\u00f3n Ejecutiva del IAI tuvo el agrado de invitar a los representantes nacionales y observadores que asistieron a la 31.\u00aa reuni\u00f3n de la Conferencia de las Partes del Instituto Interamericano para la Investigaci\u00f3n del Cambio Global (IAI) a un evento paralelo de diplomacia cient\u00edfica que se llev\u00f3 [&hellip;]\" \/>\n<meta property=\"og:url\" content=\"https:\/\/iai.int\/es\/centro-de-diplomacia-cientifica\/sdc-divulgacion-e-iniciativas\/\" \/>\n<meta property=\"og:site_name\" content=\"IAI - Inter-American Institute for Global Change Research\" \/>\n<meta property=\"article:modified_time\" content=\"2025-09-28T22:42:45+00:00\" \/>\n<meta name=\"twitter:card\" content=\"summary_large_image\" \/>\n<meta name=\"twitter:label1\" content=\"Tiempo de lectura\" \/>\n\t<meta name=\"twitter:data1\" content=\"2 minutos\" \/>\n<script type=\"application\/ld+json\" class=\"yoast-schema-graph\">{\"@context\":\"https:\\\/\\\/schema.org\",\"@graph\":[{\"@type\":\"WebPage\",\"@id\":\"https:\\\/\\\/iai.int\\\/es\\\/centro-de-diplomacia-cientifica\\\/sdc-divulgacion-e-iniciativas\\\/\",\"url\":\"https:\\\/\\\/iai.int\\\/es\\\/centro-de-diplomacia-cientifica\\\/sdc-divulgacion-e-iniciativas\\\/\",\"name\":\"SDC: Divulgaci\u00f3n e iniciativas - IAI - Inter-American Institute for Global Change Research\",\"isPartOf\":{\"@id\":\"https:\\\/\\\/iai.int\\\/es\\\/#website\"},\"datePublished\":\"2025-09-28T22:42:44+00:00\",\"dateModified\":\"2025-09-28T22:42:45+00:00\",\"breadcrumb\":{\"@id\":\"https:\\\/\\\/iai.int\\\/es\\\/centro-de-diplomacia-cientifica\\\/sdc-divulgacion-e-iniciativas\\\/#breadcrumb\"},\"inLanguage\":\"es\",\"potentialAction\":[{\"@type\":\"ReadAction\",\"target\":[\"https:\\\/\\\/iai.int\\\/es\\\/centro-de-diplomacia-cientifica\\\/sdc-divulgacion-e-iniciativas\\\/\"]}]},{\"@type\":\"BreadcrumbList\",\"@id\":\"https:\\\/\\\/iai.int\\\/es\\\/centro-de-diplomacia-cientifica\\\/sdc-divulgacion-e-iniciativas\\\/#breadcrumb\",\"itemListElement\":[{\"@type\":\"ListItem\",\"position\":1,\"name\":\"Portada\",\"item\":\"https:\\\/\\\/iai.int\\\/es\\\/\"},{\"@type\":\"ListItem\",\"position\":2,\"name\":\"Centro de Diplomacia Cient\u00edfica\",\"item\":\"https:\\\/\\\/iai.int\\\/es\\\/centro-de-diplomacia-cientifica\\\/\"},{\"@type\":\"ListItem\",\"position\":3,\"name\":\"SDC: Divulgaci\u00f3n e iniciativas\"}]},{\"@type\":\"WebSite\",\"@id\":\"https:\\\/\\\/iai.int\\\/es\\\/#website\",\"url\":\"https:\\\/\\\/iai.int\\\/es\\\/\",\"name\":\"IAI - Inter-American Institute for Global Change Research\",\"description\":\"\",\"publisher\":{\"@id\":\"https:\\\/\\\/iai.int\\\/es\\\/#organization\"},\"potentialAction\":[{\"@type\":\"SearchAction\",\"target\":{\"@type\":\"EntryPoint\",\"urlTemplate\":\"https:\\\/\\\/iai.int\\\/es\\\/?s={search_term_string}\"},\"query-input\":{\"@type\":\"PropertyValueSpecification\",\"valueRequired\":true,\"valueName\":\"search_term_string\"}}],\"inLanguage\":\"es\"},{\"@type\":\"Organization\",\"@id\":\"https:\\\/\\\/iai.int\\\/es\\\/#organization\",\"name\":\"IAI - Inter-American Institute for Global Change Research\",\"url\":\"https:\\\/\\\/iai.int\\\/es\\\/\",\"logo\":{\"@type\":\"ImageObject\",\"inLanguage\":\"es\",\"@id\":\"https:\\\/\\\/iai.int\\\/es\\\/#\\\/schema\\\/logo\\\/image\\\/\",\"url\":\"https:\\\/\\\/iai.int\\\/wp-content\\\/uploads\\\/2025\\\/11\\\/IAI-logo-English-scaled.png\",\"contentUrl\":\"https:\\\/\\\/iai.int\\\/wp-content\\\/uploads\\\/2025\\\/11\\\/IAI-logo-English-scaled.png\",\"width\":2560,\"height\":985,\"caption\":\"IAI - Inter-American Institute for Global Change Research\"},\"image\":{\"@id\":\"https:\\\/\\\/iai.int\\\/es\\\/#\\\/schema\\\/logo\\\/image\\\/\"}}]}<\/script>\n<!-- \/ Yoast SEO plugin. -->","yoast_head_json":{"title":"SDC: Divulgaci\u00f3n e iniciativas - IAI - Inter-American Institute for Global Change Research","robots":{"index":"index","follow":"follow","max-snippet":"max-snippet:-1","max-image-preview":"max-image-preview:large","max-video-preview":"max-video-preview:-1"},"canonical":"https:\/\/iai.int\/es\/centro-de-diplomacia-cientifica\/sdc-divulgacion-e-iniciativas\/","og_locale":"es_ES","og_type":"article","og_title":"SDC: Divulgaci\u00f3n e iniciativas - IAI - Inter-American Institute for Global Change Research","og_description":"Evento paralelo del Centro de Diplomacia Cient\u00edfica La Direcci\u00f3n Ejecutiva del IAI tuvo el agrado de invitar a los representantes nacionales y observadores que asistieron a la 31.\u00aa reuni\u00f3n de la Conferencia de las Partes del Instituto Interamericano para la Investigaci\u00f3n del Cambio Global (IAI) a un evento paralelo de diplomacia cient\u00edfica que se llev\u00f3 [&hellip;]","og_url":"https:\/\/iai.int\/es\/centro-de-diplomacia-cientifica\/sdc-divulgacion-e-iniciativas\/","og_site_name":"IAI - Inter-American Institute for Global Change Research","article_modified_time":"2025-09-28T22:42:45+00:00","twitter_card":"summary_large_image","twitter_misc":{"Tiempo de lectura":"2 minutos"},"schema":{"@context":"https:\/\/schema.org","@graph":[{"@type":"WebPage","@id":"https:\/\/iai.int\/es\/centro-de-diplomacia-cientifica\/sdc-divulgacion-e-iniciativas\/","url":"https:\/\/iai.int\/es\/centro-de-diplomacia-cientifica\/sdc-divulgacion-e-iniciativas\/","name":"SDC: Divulgaci\u00f3n e iniciativas - IAI - Inter-American Institute for Global Change Research","isPartOf":{"@id":"https:\/\/iai.int\/es\/#website"},"datePublished":"2025-09-28T22:42:44+00:00","dateModified":"2025-09-28T22:42:45+00:00","breadcrumb":{"@id":"https:\/\/iai.int\/es\/centro-de-diplomacia-cientifica\/sdc-divulgacion-e-iniciativas\/#breadcrumb"},"inLanguage":"es","potentialAction":[{"@type":"ReadAction","target":["https:\/\/iai.int\/es\/centro-de-diplomacia-cientifica\/sdc-divulgacion-e-iniciativas\/"]}]},{"@type":"BreadcrumbList","@id":"https:\/\/iai.int\/es\/centro-de-diplomacia-cientifica\/sdc-divulgacion-e-iniciativas\/#breadcrumb","itemListElement":[{"@type":"ListItem","position":1,"name":"Portada","item":"https:\/\/iai.int\/es\/"},{"@type":"ListItem","position":2,"name":"Centro de Diplomacia Cient\u00edfica","item":"https:\/\/iai.int\/es\/centro-de-diplomacia-cientifica\/"},{"@type":"ListItem","position":3,"name":"SDC: Divulgaci\u00f3n e iniciativas"}]},{"@type":"WebSite","@id":"https:\/\/iai.int\/es\/#website","url":"https:\/\/iai.int\/es\/","name":"IAI - Inter-American Institute for Global Change Research","description":"","publisher":{"@id":"https:\/\/iai.int\/es\/#organization"},"potentialAction":[{"@type":"SearchAction","target":{"@type":"EntryPoint","urlTemplate":"https:\/\/iai.int\/es\/?s={search_term_string}"},"query-input":{"@type":"PropertyValueSpecification","valueRequired":true,"valueName":"search_term_string"}}],"inLanguage":"es"},{"@type":"Organization","@id":"https:\/\/iai.int\/es\/#organization","name":"IAI - Inter-American Institute for Global Change Research","url":"https:\/\/iai.int\/es\/","logo":{"@type":"ImageObject","inLanguage":"es","@id":"https:\/\/iai.int\/es\/#\/schema\/logo\/image\/","url":"https:\/\/iai.int\/wp-content\/uploads\/2025\/11\/IAI-logo-English-scaled.png","contentUrl":"https:\/\/iai.int\/wp-content\/uploads\/2025\/11\/IAI-logo-English-scaled.png","width":2560,"height":985,"caption":"IAI - Inter-American Institute for Global Change Research"},"image":{"@id":"https:\/\/iai.int\/es\/#\/schema\/logo\/image\/"}}]}},"uagb_featured_image_src":{"full":false,"thumbnail":false,"medium":false,"medium_large":false,"large":false,"1536x1536":false,"2048x2048":false},"uagb_author_info":{"display_name":"admin","author_link":"https:\/\/iai.int\/es\/author\/admin\/"},"uagb_comment_info":0,"uagb_excerpt":"Evento paralelo del Centro de Diplomacia Cient\u00edfica La Direcci\u00f3n Ejecutiva del IAI tuvo el agrado de invitar a los representantes nacionales y observadores que asistieron a la 31.\u00aa reuni\u00f3n de la Conferencia de las Partes del Instituto Interamericano para la Investigaci\u00f3n del Cambio Global (IAI) a un evento paralelo de diplomacia cient\u00edfica que se llev\u00f3&hellip;","_links":{"self":[{"href":"https:\/\/iai.int\/es\/wp-json\/wp\/v2\/pages\/7798","targetHints":{"allow":["GET"]}}],"collection":[{"href":"https:\/\/iai.int\/es\/wp-json\/wp\/v2\/pages"}],"about":[{"href":"https:\/\/iai.int\/es\/wp-json\/wp\/v2\/types\/page"}],"author":[{"embeddable":true,"href":"https:\/\/iai.int\/es\/wp-json\/wp\/v2\/users\/1"}],"replies":[{"embeddable":true,"href":"https:\/\/iai.int\/es\/wp-json\/wp\/v2\/comments?post=7798"}],"version-history":[{"count":1,"href":"https:\/\/iai.int\/es\/wp-json\/wp\/v2\/pages\/7798\/revisions"}],"predecessor-version":[{"id":7800,"href":"https:\/\/iai.int\/es\/wp-json\/wp\/v2\/pages\/7798\/revisions\/7800"}],"up":[{"embeddable":true,"href":"https:\/\/iai.int\/es\/wp-json\/wp\/v2\/pages\/370"}],"wp:attachment":[{"href":"https:\/\/iai.int\/es\/wp-json\/wp\/v2\/media?parent=7798"}],"curies":[{"name":"wp","href":"https:\/\/api.w.org\/{rel}","templated":true}]}}