{"id":7781,"date":"2025-09-28T17:00:32","date_gmt":"2025-09-28T22:00:32","guid":{"rendered":"https:\/\/iai.int\/?page_id=7781"},"modified":"2025-11-10T11:42:51","modified_gmt":"2025-11-10T16:42:51","slug":"consejo-asesor-del-sdc","status":"publish","type":"page","link":"https:\/\/iai.int\/es\/centro-de-diplomacia-cientifica\/consejo-asesor-del-sdc\/","title":{"rendered":"SDC: Consejo Asesor"},"content":{"rendered":"\n<h4 class=\"wp-block-heading\">Miembros del Consejo Asesor del SDC<\/h4>\n\n\n\n<p>El Consejo Asesor inaugural del SDC est\u00e1 compuesto actualmente por 11 profesionales de las Am\u00e9ricas y del extranjero, incluidas las Partes del IAI, los miembros del SAC\/SPAC, expertos en diplomacia cient\u00edfica y representantes de la pol\u00edtica, la academia y el sector privado:<\/p>\n\n\n\n<div style=\"height:25px\" aria-hidden=\"true\" class=\"wp-block-spacer\"><\/div>\n\n\n\n<p><strong>Partes del IAI<\/strong><\/p>\n\n\n\n<ul class=\"wp-block-list\">\n<li>Carlos Matsumoto, Cooperaci\u00f3n Internacional, Ministerio de Ciencia y Tecnolog\u00eda, Brasil (punto focal)<\/li>\n\n\n\n<li>Marcelo Mena, ex Ministro de Medio Ambiente de Chile, Chile<\/li>\n\n\n\n<li>Maria Uhle, Directora del Programa de la Direcci\u00f3n de Actividades Internacionales de Geociencias de la Fundaci\u00f3n Nacional de Ciencias, punto focal y Presidenta del Consejo Ejecutivo del IAI y Copresidenta del Foro Belmont, EE. UU.<\/li>\n<\/ul>\n\n\n\n<div style=\"height:25px\" aria-hidden=\"true\" class=\"wp-block-spacer\"><\/div>\n\n\n\n<p><strong>Representantes de SAC y SPAC<\/strong><\/p>\n\n\n\n<ul class=\"wp-block-list\">\n<li>Carol Franco, asesora clim\u00e1tica del Ministerio de Medio Ambiente de la Rep\u00fablica Dominicana, Rep\u00fablica Dominicana<\/li>\n\n\n\n<li>Javier Gracia-Garza, ex Agricultura y Alimentaci\u00f3n de Canad\u00e1, Canad\u00e1<\/li>\n\n\n\n<li>Mar\u00eda Amparo Mart\u00ednez Arroyo, Instituto de Ciencias de la Atm\u00f3sfera y Cambio Clim\u00e1tico, Universidad Nacional Aut\u00f3noma de M\u00e9xico<\/li>\n<\/ul>\n\n\n\n<div style=\"height:25px\" aria-hidden=\"true\" class=\"wp-block-spacer\"><\/div>\n\n\n\n<p><strong>Representante Asociado de IAI<\/strong><\/p>\n\n\n\n<ul class=\"wp-block-list\">\n<li>Kimberly Montgomery, Directora de Asuntos Internacionales y Diplomacia Cient\u00edfica de AAAS, EE.UU.<\/li>\n<\/ul>\n\n\n\n<div style=\"height:25px\" aria-hidden=\"true\" class=\"wp-block-spacer\"><\/div>\n\n\n\n<p><strong>Expertos en Diplomacia Cient\u00edfica<\/strong><\/p>\n\n\n\n<ul class=\"wp-block-list\">\n<li>Frances C\u00f3lon, Directora Senior del Centro Internacional del Clima para el Progreso Americano y miembro del Consejo de Asesores en Ciencia y Tecnolog\u00eda del Presidente Biden, EE.UU.<\/li>\n\n\n\n<li>Embajadora Carmen Claramunt, subdirectora de la Escuela Diplom\u00e1tica del Ministerio de Relaciones Exteriores, Costa Rica<\/li>\n\n\n\n<li>Marga Gual Soler, Jefa de Desarrollo de Capacidades de Diplomacia Cient\u00edfica, Genova Science and Diplomacy Anticipator (GESDA), Suiza, y Asesora Principal del Centro de Diplomacia Cient\u00edfica del IAI.<\/li>\n\n\n\n<li>Janina Onuki, profesora del Instituto de Relaciones Internacionales de la Universidad de S\u00e3o Paulo y PI del equipo de consultor\u00eda que desarrolla los materiales de formaci\u00f3n inicial para el SDC, Brasil<\/li>\n\n\n\n<li>Nathan Hotaling, cient\u00edfico de datos s\u00e9nior en los Institutos Nacionales de Salud y SVP Data Science Axle Informatics, EE.UU.<\/li>\n<\/ul>\n\n\n\n<div style=\"height:25px\" aria-hidden=\"true\" class=\"wp-block-spacer\"><\/div>\n\n\n\n<h4 class=\"wp-block-heading\">Reuniones del Consejo Asesor<\/h4>\n\n\n\n<div style=\"height:25px\" aria-hidden=\"true\" class=\"wp-block-spacer\"><\/div>\n\n\n\n<p><strong>Primera reuni\u00f3n del Consejo Asesor<\/strong><\/p>\n\n\n\n<p>La primera reuni\u00f3n presencial del Consejo Asesor del Centro de Diplomacia Cient\u00edfica (SDC, por sus siglas en ingl\u00e9s) tom\u00f3 lugar del 11 al 13 de noviembre de 2022 en Punta de Este, Uruguay. Los miembros de la Direcci\u00f3n Ejecutiva del IAI y la Junta Asesora participaron en tres (3) d\u00edas de planificaci\u00f3n colaborativa y estrat\u00e9gica sobre varios temas, que incluyen:<\/p>\n\n\n\n<ul class=\"wp-block-list\">\n<li>El dise\u00f1o y desarrollo de la estrategia, los programas, las actividades y el contenido relevante y los materiales de capacitaci\u00f3n clave inicial para la construcci\u00f3n de capacidades de diplomacia cient\u00edfica y de la innovaci\u00f3n en la regi\u00f3n.<\/li>\n\n\n\n<li>Desarrollar una estrategia de financiamiento para asegurar recursos para la sostenibilidad a mediano y largo plazo del Centro.<\/li>\n\n\n\n<li>Fortalecer las asociaciones y colaboraciones actuales y futuras con otras organizaciones nacionales e internacionales clave para apoyar al SDC y sus programas.<\/li>\n<\/ul>\n\n\n\n<div style=\"height:25px\" aria-hidden=\"true\" class=\"wp-block-spacer\"><\/div>\n\n\n\n<p>El Consejo Asesor del SDC tuvo la oportunidad de interactuar con la pr\u00f3xima generaci\u00f3n de diplom\u00e1ticos cient\u00edficos y asesores cient\u00edficos de las Am\u00e9ricas, que son becarios del Programa de Fellowship de Ciencia, Tecnolog\u00eda y Pol\u00edtica (STeP) del IAI, ya que la reuni\u00f3n se superpone con el Taller de SteP de Liderazgo para la Diplomacia Cient\u00edfica.<\/p>\n\n\n\n<p>El nuevo <strong>Centro de Diplomacia Cient\u00edfica (SDC) <\/strong>del IAI es una iniciativa estrat\u00e9gica en las Am\u00e9ricas. El Centro buscar\u00e1 desarrollar, conectar, fortalecer y movilizar los esfuerzos actuales de diplomacia cient\u00edfica y de la innovaci\u00f3n a trav\u00e9s de la colaboraci\u00f3n internacional. Establecer\u00e1 una plataforma para involucrar a varios ecosistemas de asesoramiento cient\u00edfico de toda la regi\u00f3n con el fin de convertirse en un importante recurso regional para fortalecer las capacidades, colaboraciones y estrategias de diplomacia cient\u00edfica y de la innovaci\u00f3n para abordar el cambio global de prioridad nacional y regional.<\/p>\n\n\n\n<div style=\"height:25px\" aria-hidden=\"true\" class=\"wp-block-spacer\"><\/div>\n\n\n\n<p><strong><em>Descarga de documentos:<\/em><\/strong><\/p>\n\n\n\n<ul class=\"wp-block-list\">\n<li>Agenda (<a href=\"https:\/\/www.iai.int\/administrador\/assets\/images\/ckfinder\/files\/Agenda%20del%20Consejo%20Asesor%20del%20SDC.docx\" target=\"_blank\" rel=\"noreferrer noopener\">Espa\u00f1ol<\/a>)<\/li>\n\n\n\n<li>Borrador del concepto inicial para el SDC-Plan de implementaci\u00f3n (<a href=\"https:\/\/www.iai.int\/administrador\/assets\/images\/ckfinder\/files\/Borrador%20del%20Concepto%20Inicial%20del%20SDC%20-%20Plan%20de%20Implementacio%CC%81n.docx\" target=\"_blank\" rel=\"noreferrer noopener\">Espa\u00f1ol<\/a>)<\/li>\n\n\n\n<li>Lineamientos para el presidente y el relator (<a href=\"https:\/\/www.iai.int\/administrador\/assets\/images\/ckfinder\/files\/Chair%20and%20Rapporteur%20Guidelines.docx\" target=\"_blank\" rel=\"noreferrer noopener\">Ingl\u00e9s<\/a>)<\/li>\n\n\n\n<li>Informe completo de la reuni\u00f3n de consejo inaugural del SDC, Uruguay (<a href=\"https:\/\/www.iai.int\/administrador\/assets\/images\/ckfinder\/files\/SDC%20Meeting%20Full%20Report_Uruguay%20en.pdf\" target=\"_blank\" rel=\"noreferrer noopener\">Ingl\u00e9s<\/a>)<\/li>\n\n\n\n<li>Resumen Ejecutivo del informe de la reuni\u00f3n del consejo inaugural del SDC, Uruguay (<a href=\"https:\/\/www.iai.int\/administrador\/assets\/images\/ckfinder\/files\/SDC%20Meeting%20Report_Executive%20Summary%20in%20Uruguay%20esp.pdf\" target=\"_blank\" rel=\"noreferrer noopener\">Espa\u00f1ol<\/a>, <a href=\"https:\/\/www.iai.int\/administrador\/assets\/images\/ckfinder\/files\/SDC%20Meeting%20Report_Executive%20Summary%20in%20Uruguay%20en.pdf\" target=\"_blank\" rel=\"noreferrer noopener\">Ingl\u00e9s<\/a>)<\/li>\n<\/ul>\n\n\n\n<div style=\"height:25px\" aria-hidden=\"true\" class=\"wp-block-spacer\"><\/div>\n\n\n\n<p><strong>Segunda reuni\u00f3n del Consejo Asesor<\/strong><\/p>\n\n\n\n<p>El IAI celebr\u00f3 una reuni\u00f3n h\u00edbrida del Consejo Asesor del Centro de Diplomacia Cient\u00edfica (SDC) en la Asociaci\u00f3n Estadounidense para el Avance de la Ciencia (AAAS) en Washington D. C., EE. UU., del 6 al 7 de marzo de 2023, para dar seguimiento a los debates de su primera reuni\u00f3n presencial en&nbsp;<a href=\"https:\/\/iai.int\/es\/centro-de-diplomacia-cientifica\/sdc-divulgacion-e-iniciativas\/\" data-type=\"page\" data-id=\"7798\">Punta del Este, Uruguay<\/a>.<\/p>\n\n\n\n<p>Los miembros de la Direcci\u00f3n y del Consejo Asesor del IAI participaron en debates de planificaci\u00f3n colaborativa y estrat\u00e9gica para avanzar en los puntos del orden del d\u00eda, entre los que se incluyen:<\/p>\n\n\n\n<ul class=\"wp-block-list\">\n<li>Identificar las dos o tres actividades prioritarias o emblem\u00e1ticas propuestas para el SDC.<\/li>\n\n\n\n<li>Debatir el calendario para la ejecuci\u00f3n de estas actividades prioritarias.<\/li>\n\n\n\n<li>Identificar oportunidades para financiar de forma sostenible las actividades prioritarias del Centro: estrategia de recaudaci\u00f3n de fondos del SDC.<\/li>\n\n\n\n<li>Identificar socios clave, partes interesadas, partes y asociados del IAI para apoyar las actividades prioritarias del Centro.<\/li>\n<\/ul>\n\n\n\n<p>El resultado de esta reuni\u00f3n fue la decisi\u00f3n de involucrar a los Estados miembros del IAI en el proceso de dise\u00f1o conjunto para determinar las actividades emblem\u00e1ticas o prioritarias del Centro. Asimismo, como resultado del trabajo inicial del Consejo Asesor del SDC, se elabor\u00f3 un borrador del plan de trabajo del SDC, que se present\u00f3 a las Partes del IAI en la&nbsp;<a href=\"https:\/\/www.iai.int\/en\/post\/detail\/CoP-31\">CoP 31<\/a>.&nbsp;<\/p>\n\n\n\n<p>Resumen ejecutivo del informe de la reuni\u00f3n del Consejo Asesor del SDC, Washington D. C. (<a href=\"https:\/\/www.iai.int\/administrador\/assets\/images\/ckfinder\/files\/SDC%20Meeting%20Report_Executive%20Summary%20in%20Washington%20DC%20esp(2).pdf\" target=\"_blank\" rel=\"noreferrer noopener\">espa\u00f1ol<\/a>,&nbsp;<a href=\"https:\/\/www.iai.int\/administrador\/assets\/images\/ckfinder\/files\/SDC%20Meeting%20Report_Executive%20Summary%20in%20Washington%20DC%20en.pdf\" target=\"_blank\" rel=\"noreferrer noopener\">ingl\u00e9s<\/a>)<br>La reuni\u00f3n del Consejo Asesor del SDC tambi\u00e9n coincidi\u00f3 con la Reuni\u00f3n Anual de la AAAS, en la que los miembros de la Direcci\u00f3n del IAI hicieron una presentaci\u00f3n en la sesi\u00f3n&nbsp;<strong><a href=\"https:\/\/aaas.confex.com\/aaas\/2023\/meetingapp.cgi\/Session\/30133\" target=\"_blank\" rel=\"noreferrer noopener\">\u00abFellowship de diplomacia cient\u00edfica para pol\u00edticas p\u00fablicas m\u00e1s s\u00f3lidas\u00bb<\/a><\/strong>&nbsp;el 4 de marzo de 2023.<\/p>\n\n\n\n<div style=\"height:25px\" aria-hidden=\"true\" class=\"wp-block-spacer\"><\/div>\n\n\n\n<p><strong>Tercera reuni\u00f3n del Consejo Asesor<\/strong><\/p>\n\n\n\n<p>El IAI celebr\u00f3 una reuni\u00f3n presencial del Consejo Asesor del Centro de Diplomacia Cient\u00edfica (SDC) en Ciudad de Guatemala, Guatemala, del 24 al 26 de abril de 2024. El objetivo principal de esta importante reuni\u00f3n fue fortalecer el SDC&nbsp;del IAI como piedra angular para reforzar la diplomacia cient\u00edfica y de la innovaci\u00f3n y abordar el cambio global en las Am\u00e9ricas. El resultado esperado fue guiar el desarrollo de un Plan de Implementaci\u00f3n para el SDC que abarque los a\u00f1os 2024 a 2026.<\/p>\n\n\n\n<p>Durante la reuni\u00f3n, la Direcci\u00f3n Ejecutiva del IAI mostr\u00f3 los avances en tres pilares fundamentales:<\/p>\n\n\n\n<ol class=\"wp-block-list\">\n<li>Desarrollo de capacidades<\/li>\n\n\n\n<li>Centro de conocimientos<\/li>\n\n\n\n<li>Temas emergentes \/ en evoluci\u00f3n &#8211; Innovaci\u00f3n<\/li>\n<\/ol>\n\n\n\n<p>La reuni\u00f3n explor\u00f3 ideas y recomendaciones relativas a futuros programas, actividades, iniciativas, asociaciones, sostenibilidad y financiaci\u00f3n. Adem\u00e1s, promovi\u00f3 un debate colaborativo para generar planes innovadores y viables para alcanzar los objetivos del Centro de Diplomacia Cient\u00edfica.<\/p>\n\n\n\n<p><strong><em>Descarga de documentos:<\/em><\/strong><\/p>\n\n\n\n<ul class=\"wp-block-list\">\n<li><a href=\"https:\/\/www.iai.int\/administrador\/assets\/images\/ckfinder\/files\/Agenda%20SP.pdf\" target=\"_blank\" rel=\"noreferrer noopener\">Agenda<\/a><\/li>\n\n\n\n<li><a href=\"https:\/\/www.iai.int\/administrador\/assets\/images\/ckfinder\/files\/SDC-Advisory%20Board%20-Logistics-Guatemala.pdf\">Informaci\u00f3n log\u00edstica<\/a>&nbsp;<\/li>\n\n\n\n<li><a href=\"https:\/\/www.iai.int\/administrador\/assets\/images\/ckfinder\/files\/Summary%20Report%20of%20IAI%20Science%20Diplomacy%20Center%20Activities_April2024.pdf\" target=\"_blank\" rel=\"noreferrer noopener\">Informe resumido de las actividades del Centro de Diplomacia Cient\u00edfica del IAI (abril 2024)<\/a><\/li>\n<\/ul>\n\n\n\n<div style=\"height:50px\" aria-hidden=\"true\" class=\"wp-block-spacer\"><\/div>\n","protected":false},"excerpt":{"rendered":"<p>Miembros del Consejo Asesor del SDC El Consejo Asesor inaugural del SDC est\u00e1 compuesto actualmente por 11 profesionales de las Am\u00e9ricas y del extranjero, incluidas las Partes del IAI, los miembros del SAC\/SPAC, expertos en diplomacia cient\u00edfica y representantes de la pol\u00edtica, la academia y el sector privado: Partes del IAI Representantes de SAC y [&hellip;]<\/p>\n","protected":false},"author":1,"featured_media":10955,"parent":370,"menu_order":0,"comment_status":"closed","ping_status":"closed","template":"","meta":{"_acf_changed":false,"_uag_custom_page_level_css":"","footnotes":""},"class_list":["post-7781","page","type-page","status-publish","has-post-thumbnail","hentry"],"acf":[],"yoast_head":"<!-- This site is optimized with the Yoast SEO plugin v27.3 - https:\/\/yoast.com\/product\/yoast-seo-wordpress\/ -->\n<title>SDC: Consejo Asesor - IAI - Inter-American Institute for Global Change Research<\/title>\n<meta name=\"robots\" content=\"index, follow, max-snippet:-1, max-image-preview:large, max-video-preview:-1\" \/>\n<link rel=\"canonical\" href=\"https:\/\/iai.int\/es\/centro-de-diplomacia-cientifica\/consejo-asesor-del-sdc\/\" \/>\n<meta property=\"og:locale\" content=\"es_ES\" \/>\n<meta property=\"og:type\" content=\"article\" \/>\n<meta property=\"og:title\" content=\"SDC: Consejo Asesor - IAI - Inter-American Institute for Global Change Research\" \/>\n<meta property=\"og:description\" content=\"Miembros del Consejo Asesor del SDC El Consejo Asesor inaugural del SDC est\u00e1 compuesto actualmente por 11 profesionales de las Am\u00e9ricas y del extranjero, incluidas las Partes del IAI, los miembros del SAC\/SPAC, expertos en diplomacia cient\u00edfica y representantes de la pol\u00edtica, la academia y el sector privado: Partes del IAI Representantes de SAC y [&hellip;]\" \/>\n<meta property=\"og:url\" content=\"https:\/\/iai.int\/es\/centro-de-diplomacia-cientifica\/consejo-asesor-del-sdc\/\" \/>\n<meta property=\"og:site_name\" content=\"IAI - Inter-American Institute for Global Change Research\" \/>\n<meta property=\"article:modified_time\" content=\"2025-11-10T16:42:51+00:00\" \/>\n<meta property=\"og:image\" content=\"https:\/\/iai.int\/wp-content\/uploads\/2025\/11\/SDC-6.png\" \/>\n\t<meta property=\"og:image:width\" content=\"1772\" \/>\n\t<meta property=\"og:image:height\" content=\"551\" \/>\n\t<meta property=\"og:image:type\" content=\"image\/png\" \/>\n<meta name=\"twitter:card\" content=\"summary_large_image\" \/>\n<meta name=\"twitter:label1\" content=\"Tiempo de lectura\" \/>\n\t<meta name=\"twitter:data1\" content=\"6 minutos\" \/>\n<script type=\"application\/ld+json\" class=\"yoast-schema-graph\">{\"@context\":\"https:\\\/\\\/schema.org\",\"@graph\":[{\"@type\":\"WebPage\",\"@id\":\"https:\\\/\\\/iai.int\\\/es\\\/centro-de-diplomacia-cientifica\\\/consejo-asesor-del-sdc\\\/\",\"url\":\"https:\\\/\\\/iai.int\\\/es\\\/centro-de-diplomacia-cientifica\\\/consejo-asesor-del-sdc\\\/\",\"name\":\"SDC: Consejo Asesor - IAI - Inter-American Institute for Global Change Research\",\"isPartOf\":{\"@id\":\"https:\\\/\\\/iai.int\\\/es\\\/#website\"},\"primaryImageOfPage\":{\"@id\":\"https:\\\/\\\/iai.int\\\/es\\\/centro-de-diplomacia-cientifica\\\/consejo-asesor-del-sdc\\\/#primaryimage\"},\"image\":{\"@id\":\"https:\\\/\\\/iai.int\\\/es\\\/centro-de-diplomacia-cientifica\\\/consejo-asesor-del-sdc\\\/#primaryimage\"},\"thumbnailUrl\":\"https:\\\/\\\/iai.int\\\/wp-content\\\/uploads\\\/2025\\\/11\\\/SDC-6.png\",\"datePublished\":\"2025-09-28T22:00:32+00:00\",\"dateModified\":\"2025-11-10T16:42:51+00:00\",\"breadcrumb\":{\"@id\":\"https:\\\/\\\/iai.int\\\/es\\\/centro-de-diplomacia-cientifica\\\/consejo-asesor-del-sdc\\\/#breadcrumb\"},\"inLanguage\":\"es\",\"potentialAction\":[{\"@type\":\"ReadAction\",\"target\":[\"https:\\\/\\\/iai.int\\\/es\\\/centro-de-diplomacia-cientifica\\\/consejo-asesor-del-sdc\\\/\"]}]},{\"@type\":\"ImageObject\",\"inLanguage\":\"es\",\"@id\":\"https:\\\/\\\/iai.int\\\/es\\\/centro-de-diplomacia-cientifica\\\/consejo-asesor-del-sdc\\\/#primaryimage\",\"url\":\"https:\\\/\\\/iai.int\\\/wp-content\\\/uploads\\\/2025\\\/11\\\/SDC-6.png\",\"contentUrl\":\"https:\\\/\\\/iai.int\\\/wp-content\\\/uploads\\\/2025\\\/11\\\/SDC-6.png\",\"width\":1772,\"height\":551},{\"@type\":\"BreadcrumbList\",\"@id\":\"https:\\\/\\\/iai.int\\\/es\\\/centro-de-diplomacia-cientifica\\\/consejo-asesor-del-sdc\\\/#breadcrumb\",\"itemListElement\":[{\"@type\":\"ListItem\",\"position\":1,\"name\":\"Portada\",\"item\":\"https:\\\/\\\/iai.int\\\/es\\\/\"},{\"@type\":\"ListItem\",\"position\":2,\"name\":\"Centro de Diplomacia Cient\u00edfica\",\"item\":\"https:\\\/\\\/iai.int\\\/es\\\/centro-de-diplomacia-cientifica\\\/\"},{\"@type\":\"ListItem\",\"position\":3,\"name\":\"SDC: Consejo Asesor\"}]},{\"@type\":\"WebSite\",\"@id\":\"https:\\\/\\\/iai.int\\\/es\\\/#website\",\"url\":\"https:\\\/\\\/iai.int\\\/es\\\/\",\"name\":\"IAI - Inter-American Institute for Global Change Research\",\"description\":\"\",\"publisher\":{\"@id\":\"https:\\\/\\\/iai.int\\\/es\\\/#organization\"},\"potentialAction\":[{\"@type\":\"SearchAction\",\"target\":{\"@type\":\"EntryPoint\",\"urlTemplate\":\"https:\\\/\\\/iai.int\\\/es\\\/?s={search_term_string}\"},\"query-input\":{\"@type\":\"PropertyValueSpecification\",\"valueRequired\":true,\"valueName\":\"search_term_string\"}}],\"inLanguage\":\"es\"},{\"@type\":\"Organization\",\"@id\":\"https:\\\/\\\/iai.int\\\/es\\\/#organization\",\"name\":\"IAI - Inter-American Institute for Global Change Research\",\"url\":\"https:\\\/\\\/iai.int\\\/es\\\/\",\"logo\":{\"@type\":\"ImageObject\",\"inLanguage\":\"es\",\"@id\":\"https:\\\/\\\/iai.int\\\/es\\\/#\\\/schema\\\/logo\\\/image\\\/\",\"url\":\"https:\\\/\\\/iai.int\\\/wp-content\\\/uploads\\\/2025\\\/11\\\/IAI-logo-English-scaled.png\",\"contentUrl\":\"https:\\\/\\\/iai.int\\\/wp-content\\\/uploads\\\/2025\\\/11\\\/IAI-logo-English-scaled.png\",\"width\":2560,\"height\":985,\"caption\":\"IAI - Inter-American Institute for Global Change Research\"},\"image\":{\"@id\":\"https:\\\/\\\/iai.int\\\/es\\\/#\\\/schema\\\/logo\\\/image\\\/\"}}]}<\/script>\n<!-- \/ Yoast SEO plugin. -->","yoast_head_json":{"title":"SDC: Consejo Asesor - IAI - Inter-American Institute for Global Change Research","robots":{"index":"index","follow":"follow","max-snippet":"max-snippet:-1","max-image-preview":"max-image-preview:large","max-video-preview":"max-video-preview:-1"},"canonical":"https:\/\/iai.int\/es\/centro-de-diplomacia-cientifica\/consejo-asesor-del-sdc\/","og_locale":"es_ES","og_type":"article","og_title":"SDC: Consejo Asesor - IAI - Inter-American Institute for Global Change Research","og_description":"Miembros del Consejo Asesor del SDC El Consejo Asesor inaugural del SDC est\u00e1 compuesto actualmente por 11 profesionales de las Am\u00e9ricas y del extranjero, incluidas las Partes del IAI, los miembros del SAC\/SPAC, expertos en diplomacia cient\u00edfica y representantes de la pol\u00edtica, la academia y el sector privado: Partes del IAI Representantes de SAC y [&hellip;]","og_url":"https:\/\/iai.int\/es\/centro-de-diplomacia-cientifica\/consejo-asesor-del-sdc\/","og_site_name":"IAI - Inter-American Institute for Global Change Research","article_modified_time":"2025-11-10T16:42:51+00:00","og_image":[{"width":1772,"height":551,"url":"https:\/\/iai.int\/wp-content\/uploads\/2025\/11\/SDC-6.png","type":"image\/png"}],"twitter_card":"summary_large_image","twitter_misc":{"Tiempo de lectura":"6 minutos"},"schema":{"@context":"https:\/\/schema.org","@graph":[{"@type":"WebPage","@id":"https:\/\/iai.int\/es\/centro-de-diplomacia-cientifica\/consejo-asesor-del-sdc\/","url":"https:\/\/iai.int\/es\/centro-de-diplomacia-cientifica\/consejo-asesor-del-sdc\/","name":"SDC: Consejo Asesor - IAI - Inter-American Institute for Global Change Research","isPartOf":{"@id":"https:\/\/iai.int\/es\/#website"},"primaryImageOfPage":{"@id":"https:\/\/iai.int\/es\/centro-de-diplomacia-cientifica\/consejo-asesor-del-sdc\/#primaryimage"},"image":{"@id":"https:\/\/iai.int\/es\/centro-de-diplomacia-cientifica\/consejo-asesor-del-sdc\/#primaryimage"},"thumbnailUrl":"https:\/\/iai.int\/wp-content\/uploads\/2025\/11\/SDC-6.png","datePublished":"2025-09-28T22:00:32+00:00","dateModified":"2025-11-10T16:42:51+00:00","breadcrumb":{"@id":"https:\/\/iai.int\/es\/centro-de-diplomacia-cientifica\/consejo-asesor-del-sdc\/#breadcrumb"},"inLanguage":"es","potentialAction":[{"@type":"ReadAction","target":["https:\/\/iai.int\/es\/centro-de-diplomacia-cientifica\/consejo-asesor-del-sdc\/"]}]},{"@type":"ImageObject","inLanguage":"es","@id":"https:\/\/iai.int\/es\/centro-de-diplomacia-cientifica\/consejo-asesor-del-sdc\/#primaryimage","url":"https:\/\/iai.int\/wp-content\/uploads\/2025\/11\/SDC-6.png","contentUrl":"https:\/\/iai.int\/wp-content\/uploads\/2025\/11\/SDC-6.png","width":1772,"height":551},{"@type":"BreadcrumbList","@id":"https:\/\/iai.int\/es\/centro-de-diplomacia-cientifica\/consejo-asesor-del-sdc\/#breadcrumb","itemListElement":[{"@type":"ListItem","position":1,"name":"Portada","item":"https:\/\/iai.int\/es\/"},{"@type":"ListItem","position":2,"name":"Centro de Diplomacia Cient\u00edfica","item":"https:\/\/iai.int\/es\/centro-de-diplomacia-cientifica\/"},{"@type":"ListItem","position":3,"name":"SDC: Consejo Asesor"}]},{"@type":"WebSite","@id":"https:\/\/iai.int\/es\/#website","url":"https:\/\/iai.int\/es\/","name":"IAI - Inter-American Institute for Global Change Research","description":"","publisher":{"@id":"https:\/\/iai.int\/es\/#organization"},"potentialAction":[{"@type":"SearchAction","target":{"@type":"EntryPoint","urlTemplate":"https:\/\/iai.int\/es\/?s={search_term_string}"},"query-input":{"@type":"PropertyValueSpecification","valueRequired":true,"valueName":"search_term_string"}}],"inLanguage":"es"},{"@type":"Organization","@id":"https:\/\/iai.int\/es\/#organization","name":"IAI - Inter-American Institute for Global Change Research","url":"https:\/\/iai.int\/es\/","logo":{"@type":"ImageObject","inLanguage":"es","@id":"https:\/\/iai.int\/es\/#\/schema\/logo\/image\/","url":"https:\/\/iai.int\/wp-content\/uploads\/2025\/11\/IAI-logo-English-scaled.png","contentUrl":"https:\/\/iai.int\/wp-content\/uploads\/2025\/11\/IAI-logo-English-scaled.png","width":2560,"height":985,"caption":"IAI - Inter-American Institute for Global Change Research"},"image":{"@id":"https:\/\/iai.int\/es\/#\/schema\/logo\/image\/"}}]}},"uagb_featured_image_src":{"full":["https:\/\/iai.int\/wp-content\/uploads\/2025\/11\/SDC-6.png",1772,551,false],"thumbnail":["https:\/\/iai.int\/wp-content\/uploads\/2025\/11\/SDC-6-150x150.png",150,150,true],"medium":["https:\/\/iai.int\/wp-content\/uploads\/2025\/11\/SDC-6-300x93.png",300,93,true],"medium_large":["https:\/\/iai.int\/wp-content\/uploads\/2025\/11\/SDC-6-768x239.png",768,239,true],"large":["https:\/\/iai.int\/wp-content\/uploads\/2025\/11\/SDC-6-1024x318.png",800,248,true],"1536x1536":["https:\/\/iai.int\/wp-content\/uploads\/2025\/11\/SDC-6-1536x478.png",1536,478,true],"2048x2048":["https:\/\/iai.int\/wp-content\/uploads\/2025\/11\/SDC-6.png",1772,551,false]},"uagb_author_info":{"display_name":"admin","author_link":"https:\/\/iai.int\/es\/author\/admin\/"},"uagb_comment_info":0,"uagb_excerpt":"Miembros del Consejo Asesor del SDC El Consejo Asesor inaugural del SDC est\u00e1 compuesto actualmente por 11 profesionales de las Am\u00e9ricas y del extranjero, incluidas las Partes del IAI, los miembros del SAC\/SPAC, expertos en diplomacia cient\u00edfica y representantes de la pol\u00edtica, la academia y el sector privado: Partes del IAI Representantes de SAC y&hellip;","_links":{"self":[{"href":"https:\/\/iai.int\/es\/wp-json\/wp\/v2\/pages\/7781","targetHints":{"allow":["GET"]}}],"collection":[{"href":"https:\/\/iai.int\/es\/wp-json\/wp\/v2\/pages"}],"about":[{"href":"https:\/\/iai.int\/es\/wp-json\/wp\/v2\/types\/page"}],"author":[{"embeddable":true,"href":"https:\/\/iai.int\/es\/wp-json\/wp\/v2\/users\/1"}],"replies":[{"embeddable":true,"href":"https:\/\/iai.int\/es\/wp-json\/wp\/v2\/comments?post=7781"}],"version-history":[{"count":17,"href":"https:\/\/iai.int\/es\/wp-json\/wp\/v2\/pages\/7781\/revisions"}],"predecessor-version":[{"id":10422,"href":"https:\/\/iai.int\/es\/wp-json\/wp\/v2\/pages\/7781\/revisions\/10422"}],"up":[{"embeddable":true,"href":"https:\/\/iai.int\/es\/wp-json\/wp\/v2\/pages\/370"}],"wp:featuredmedia":[{"embeddable":true,"href":"https:\/\/iai.int\/es\/wp-json\/wp\/v2\/media\/10955"}],"wp:attachment":[{"href":"https:\/\/iai.int\/es\/wp-json\/wp\/v2\/media?parent=7781"}],"curies":[{"name":"wp","href":"https:\/\/api.w.org\/{rel}","templated":true}]}}