{"id":7773,"date":"2025-09-28T16:45:12","date_gmt":"2025-09-28T21:45:12","guid":{"rendered":"https:\/\/iai.int\/?page_id=7773"},"modified":"2025-11-07T16:05:25","modified_gmt":"2025-11-07T21:05:25","slug":"sdc-antecedentes","status":"publish","type":"page","link":"https:\/\/iai.int\/es\/centro-de-diplomacia-cientifica\/sdc-antecedentes\/","title":{"rendered":"SDC: Antecedentes"},"content":{"rendered":"\n<p>El <strong>Centro de Diplomacia Cient\u00edfica<\/strong> (SDC, por sus siglas en ingl\u00e9s) es una iniciativa regional para fomentar el di\u00e1logo y la colaboraci\u00f3n cient\u00edfico-pol\u00edtica para una Am\u00e9rica pac\u00edfica, pr\u00f3spera y sostenible. En el contexto del IAI, la diplomacia cient\u00edfica y la diplomacia de la innovaci\u00f3n&nbsp;se basan en la b\u00fasqueda de la excelencia cient\u00edfica, la cooperaci\u00f3n internacional y el acceso abierto y el intercambio de informaci\u00f3n cient\u00edfica relevante para el cambio global para respaldar las pol\u00edticas y la toma de decisiones en beneficio de la sociedad.<\/p>\n\n\n\n<p>Durante los \u00faltimos treinta a\u00f1os, el IAI ha desarrollado y fortalecido una s\u00f3lida red de tomadores de decisiones y pol\u00edticas, profesionales de la ciencia, redes de investigaci\u00f3n colaborativa, y ha generado una gran cantidad de conocimiento cient\u00edfico, metodolog\u00edas de capacitaci\u00f3n y enfoques de investigaci\u00f3n transdisciplinarios relacionados con temas de cambio global, abordando temas clave como&nbsp;la biodiversidad, los servicios ecosist\u00e9micos, los oc\u00e9anos y los recursos h\u00eddricos, entre otros. Sin embargo, segu\u00eda existiendo la necesidad de fortalecer a\u00fan m\u00e1s la comunicaci\u00f3n y la colaboraci\u00f3n cient\u00edfico-pol\u00edtica entre las comunidades y los pa\u00edses de las Am\u00e9ricas; proporcionar a los formuladores de pol\u00edticas informaci\u00f3n cient\u00edfica robusta y oportuna para respaldar sus procesos de toma de decisiones para abordar los desaf\u00edos complejos y transfronterizos que enfrenta la regi\u00f3n.<\/p>\n\n\n\n<p>Como resultado, el Centro de Diplomacia Cient\u00edfica del IAI se lanz\u00f3 recientemente como una iniciativa regional, espec\u00edfica y contextual para fomentar un entorno de apoyo para funcionarios gubernamentales, expertos y asesores para nutrir los procesos multilaterales de ciencia y pol\u00edtica y construir y mejorar las colaboraciones en las Am\u00e9ricas para abordar los desaf\u00edos compartidos del cambio global. Adem\u00e1s, el SDC apoya activamente iniciativas que fomenten la creaci\u00f3n de redes especializadas de conocimiento en tecnolog\u00edas emergentes, como inteligencia artificial, computaci\u00f3n cu\u00e1ntica y blockchain, integr\u00e1ndolas en la perspectiva de la diplomacia cient\u00edfica y de la innovaci\u00f3n. Esto permite fortalecer la toma de decisiones basadas en evidencia y desarrollar soluciones innovadoras para enfrentar los desaf\u00edos globales. &nbsp;&nbsp;<\/p>\n\n\n\n<p>El SDC, como la institucionalizaci\u00f3n de los esfuerzos exitosos de desarrollo de capacidades, de integraci\u00f3n regional y de generaci\u00f3n de conocimiento del IAI, est\u00e1 en una posici\u00f3n \u00fanica para reunir diversos conocimientos y experiencia para servir a los pa\u00edses miembros y la regi\u00f3n en general.&nbsp;<\/p>\n\n\n\n<p>La naturaleza compleja, interconectada y transfronteriza del cambio global requiere la implementaci\u00f3n eficiente de conceptos, herramientas y procesos de diplomacia cient\u00edfica y de la innovaci\u00f3n, un tema de creciente inter\u00e9s en todo el mundo y en las Am\u00e9ricas,&nbsp;para fortalecer la ciencia, la tecnolog\u00eda y los procesos de innovaci\u00f3n. El objetivo del SDC es actuar como referencia y recurso regional para apoyar actividades relacionadas con la diplomacia cient\u00edfica y de la innovaci\u00f3n, como el desarrollo de capacidades, la investigaci\u00f3n, el intercambio de mejores pr\u00e1cticas, redes, di\u00e1logos y proyectos. Su objetivo es promover la colaboraci\u00f3n entre cient\u00edficos y tomadores de decisiones en las Am\u00e9ricas y mejorar la capacidad de profesionales e instituciones para comprender e implementar la diplomacia cient\u00edfica y de la innovaci\u00f3n. El Centro tambi\u00e9n tiene como objetivo contribuir al desarrollo de estrategias, programas y pol\u00edticas p\u00fablicas efectivas de diplomacia cient\u00edfica y de la innovaci\u00f3n nacionales y regionales y apoyar a los gobiernos de la regi\u00f3n para desarrollar mecanismos&nbsp;para abordar el cambio ambiental global de las prioridades nacionales, regionales y transfronterizas.&nbsp;<\/p>\n\n\n\n<p><\/p>\n\n\n\n<h4 class=\"wp-block-heading\">Visi\u00f3n:<\/h4>\n\n\n\n<ul class=\"wp-block-list\">\n<li>El Centro de Diplomacia Cient\u00edfica contribuir\u00e1 al mantenimiento de una Am\u00e9rica pac\u00edfica y sostenible a trav\u00e9s de colaboraciones transdisciplinarias innovadoras para abordar los desaf\u00edos compartidos de la regi\u00f3n y salvaguardar los medios de vida y el bienestar de las generaciones futuras y el planeta.<\/li>\n<\/ul>\n\n\n\n<h4 class=\"wp-block-heading\">Misi\u00f3n:<\/h4>\n\n\n\n<ul class=\"wp-block-list\">\n<li>El Centro mejorar\u00e1 la capacidad de las Partes (estados miembros del IAI) para cumplir con los objetivos del Plan Estrat\u00e9gico del IAI y los Objetivos de Desarrollo Sostenible mediante el fortalecimiento de la interfaz entre la ciencia y la pol\u00edtica, el establecimiento de un centro de conocimientos de diplomacia cient\u00edfica y el desarrollo de programas y actividades equitativos para que las Am\u00e9ricas enfrenten los desaf\u00edos del cambio global.<\/li>\n<\/ul>\n\n\n\n<h4 class=\"wp-block-heading\">Objetivos:<\/h4>\n\n\n\n<ol class=\"wp-block-list\">\n<li>Construir y fortalecer las capacidades en ciencia y pol\u00edtica a trav\u00e9s de la colaboraci\u00f3n multinacional y de la diplomacia.&nbsp;\n<ul class=\"wp-block-list\">\n<li>a. Identificar y fomentar un plan de estudios y un conjunto de habilidades necesarias para desarrollar una comunidad de diplomacia cient\u00edfica y de la innovaci\u00f3n&nbsp;eficaz para la regi\u00f3n.<\/li>\n\n\n\n<li>b. Implementar el plan de estudios y las habilidades de la diplomacia cient\u00edfica a trav\u00e9s de actividades regionales de capacitaci\u00f3n para las partes interesadas relevantes: formuladores de pol\u00edticas, comunidad diplom\u00e1tica y otros tomadores de decisiones.<\/li>\n<\/ul>\n<\/li>\n\n\n\n<li>Desarrollar un centro de conocimiento de diplomacia cient\u00edfica&nbsp;\n<ul class=\"wp-block-list\">\n<li>Suministrar conocimientos, informaci\u00f3n y recursos sobre diplomacia cient\u00edfica para responder a las necesidades de las diversas partes interesadas.<\/li>\n<\/ul>\n<\/li>\n\n\n\n<li>Convocar a las comunidades pertinentes (formuladores de pol\u00edticas, tomadores de decisiones, comunidad diplom\u00e1tica, cient\u00edficos, empresas, sociedad civil) para aumentar la conciencia cient\u00edfica y pol\u00edtica y promover el di\u00e1logo sobre los problemas actuales y emergentes del cambio global.<\/li>\n\n\n\n<li>Promover y facilitar la toma de decisiones basada en evidencia apoyando la comunicaci\u00f3n cient\u00edfico-pol\u00edtica, a trav\u00e9s de la colaboraci\u00f3n multinacional.<\/li>\n\n\n\n<li>Promover y facilitar el di\u00e1logo regional y la cooperaci\u00f3n internacional sobre los desaf\u00edos compartidos del cambio global.<\/li>\n\n\n\n<li>Fomentar la comunicaci\u00f3n estrat\u00e9gica para aumentar la concienciaci\u00f3n, mejorar el flujo de informaci\u00f3n y conocimiento a las diversas partes interesadas, fortalecer las asociaciones existentes, atraer nuevos socios y financiadores e involucrar a los responsables de la formulaci\u00f3n de pol\u00edticas.<\/li>\n\n\n\n<li>Promover la ciencia abierta, justa y equitativa facilitando la inclusi\u00f3n de diversas comunidades, conocimientos, sistemas y redes.<\/li>\n\n\n\n<li>Convocar a las comunidades relevantes (formuladores de pol\u00edticas, tomadores de decisiones, comunidad diplom\u00e1tica, cient\u00edficos, sector empresarial y sociedad civil) para aumentar la conciencia sobre la interfaz ciencia-pol\u00edtica y promover el di\u00e1logo sobre temas actuales y emergentes de diplomacia cient\u00edfica y de la innovaci\u00f3n (como inteligencia artificial, blockchain, tecnolog\u00edas cu\u00e1nticas, etc.) y cambio global. &nbsp;<\/li>\n<\/ol>\n\n\n\n<ol class=\"wp-block-list\">\n<li><\/li>\n<\/ol>\n\n\n\n<p><a href=\"https:\/\/iai.int\/administrador\/assets\/images\/ckfinder\/files\/IAI_2023-SDC-informacion.pdf\"><strong>Descargue la hoja de informaci\u00f3n de SDC<\/strong><\/a><\/p>\n\n\n\n<figure class=\"wp-block-embed is-type-rich is-provider-gestor-del-servicio wp-block-embed-gestor-del-servicio wp-embed-aspect-16-9 wp-has-aspect-ratio\"><div class=\"wp-block-embed__wrapper\">\n<iframe title=\"El Centro de Diplomacia Cient\u00edfica del IAI para las Am\u00e9ricas\" width=\"800\" height=\"450\" src=\"https:\/\/www.youtube.com\/embed\/4ha0YP4TzpA?feature=oembed\" frameborder=\"0\" allow=\"accelerometer; autoplay; clipboard-write; encrypted-media; gyroscope; picture-in-picture; web-share\" referrerpolicy=\"strict-origin-when-cross-origin\" allowfullscreen><\/iframe>\n<\/div><\/figure>\n","protected":false},"excerpt":{"rendered":"<p>El Centro de Diplomacia Cient\u00edfica (SDC, por sus siglas en ingl\u00e9s) es una iniciativa regional para fomentar el di\u00e1logo y la colaboraci\u00f3n cient\u00edfico-pol\u00edtica para una Am\u00e9rica pac\u00edfica, pr\u00f3spera y sostenible. En el contexto del IAI, la diplomacia cient\u00edfica y la diplomacia de la innovaci\u00f3n&nbsp;se basan en la b\u00fasqueda de la excelencia cient\u00edfica, la cooperaci\u00f3n internacional [&hellip;]<\/p>\n","protected":false},"author":1,"featured_media":10935,"parent":370,"menu_order":0,"comment_status":"closed","ping_status":"closed","template":"","meta":{"_acf_changed":false,"_uag_custom_page_level_css":"","footnotes":""},"class_list":["post-7773","page","type-page","status-publish","has-post-thumbnail","hentry"],"acf":[],"yoast_head":"<!-- This site is optimized with the Yoast SEO plugin v27.3 - https:\/\/yoast.com\/product\/yoast-seo-wordpress\/ -->\n<title>SDC: Antecedentes - IAI - Inter-American Institute for Global Change Research<\/title>\n<meta name=\"robots\" content=\"index, follow, max-snippet:-1, max-image-preview:large, max-video-preview:-1\" \/>\n<link rel=\"canonical\" href=\"https:\/\/iai.int\/es\/centro-de-diplomacia-cientifica\/sdc-antecedentes\/\" \/>\n<meta property=\"og:locale\" content=\"es_ES\" \/>\n<meta property=\"og:type\" content=\"article\" \/>\n<meta property=\"og:title\" content=\"SDC: Antecedentes - IAI - Inter-American Institute for Global Change Research\" \/>\n<meta property=\"og:description\" content=\"El Centro de Diplomacia Cient\u00edfica (SDC, por sus siglas en ingl\u00e9s) es una iniciativa regional para fomentar el di\u00e1logo y la colaboraci\u00f3n cient\u00edfico-pol\u00edtica para una Am\u00e9rica pac\u00edfica, pr\u00f3spera y sostenible. En el contexto del IAI, la diplomacia cient\u00edfica y la diplomacia de la innovaci\u00f3n&nbsp;se basan en la b\u00fasqueda de la excelencia cient\u00edfica, la cooperaci\u00f3n internacional [&hellip;]\" \/>\n<meta property=\"og:url\" content=\"https:\/\/iai.int\/es\/centro-de-diplomacia-cientifica\/sdc-antecedentes\/\" \/>\n<meta property=\"og:site_name\" content=\"IAI - Inter-American Institute for Global Change Research\" \/>\n<meta property=\"article:modified_time\" content=\"2025-11-07T21:05:25+00:00\" \/>\n<meta property=\"og:image\" content=\"https:\/\/iai.int\/wp-content\/uploads\/2025\/11\/SDC.png\" \/>\n\t<meta property=\"og:image:width\" content=\"1772\" \/>\n\t<meta property=\"og:image:height\" content=\"551\" \/>\n\t<meta property=\"og:image:type\" content=\"image\/png\" \/>\n<meta name=\"twitter:card\" content=\"summary_large_image\" \/>\n<meta name=\"twitter:label1\" content=\"Tiempo de lectura\" \/>\n\t<meta name=\"twitter:data1\" content=\"6 minutos\" \/>\n<script type=\"application\/ld+json\" class=\"yoast-schema-graph\">{\"@context\":\"https:\\\/\\\/schema.org\",\"@graph\":[{\"@type\":\"WebPage\",\"@id\":\"https:\\\/\\\/iai.int\\\/es\\\/centro-de-diplomacia-cientifica\\\/sdc-antecedentes\\\/\",\"url\":\"https:\\\/\\\/iai.int\\\/es\\\/centro-de-diplomacia-cientifica\\\/sdc-antecedentes\\\/\",\"name\":\"SDC: Antecedentes - IAI - Inter-American Institute for Global Change Research\",\"isPartOf\":{\"@id\":\"https:\\\/\\\/iai.int\\\/es\\\/#website\"},\"primaryImageOfPage\":{\"@id\":\"https:\\\/\\\/iai.int\\\/es\\\/centro-de-diplomacia-cientifica\\\/sdc-antecedentes\\\/#primaryimage\"},\"image\":{\"@id\":\"https:\\\/\\\/iai.int\\\/es\\\/centro-de-diplomacia-cientifica\\\/sdc-antecedentes\\\/#primaryimage\"},\"thumbnailUrl\":\"https:\\\/\\\/iai.int\\\/wp-content\\\/uploads\\\/2025\\\/11\\\/SDC.png\",\"datePublished\":\"2025-09-28T21:45:12+00:00\",\"dateModified\":\"2025-11-07T21:05:25+00:00\",\"breadcrumb\":{\"@id\":\"https:\\\/\\\/iai.int\\\/es\\\/centro-de-diplomacia-cientifica\\\/sdc-antecedentes\\\/#breadcrumb\"},\"inLanguage\":\"es\",\"potentialAction\":[{\"@type\":\"ReadAction\",\"target\":[\"https:\\\/\\\/iai.int\\\/es\\\/centro-de-diplomacia-cientifica\\\/sdc-antecedentes\\\/\"]}]},{\"@type\":\"ImageObject\",\"inLanguage\":\"es\",\"@id\":\"https:\\\/\\\/iai.int\\\/es\\\/centro-de-diplomacia-cientifica\\\/sdc-antecedentes\\\/#primaryimage\",\"url\":\"https:\\\/\\\/iai.int\\\/wp-content\\\/uploads\\\/2025\\\/11\\\/SDC.png\",\"contentUrl\":\"https:\\\/\\\/iai.int\\\/wp-content\\\/uploads\\\/2025\\\/11\\\/SDC.png\",\"width\":1772,\"height\":551},{\"@type\":\"BreadcrumbList\",\"@id\":\"https:\\\/\\\/iai.int\\\/es\\\/centro-de-diplomacia-cientifica\\\/sdc-antecedentes\\\/#breadcrumb\",\"itemListElement\":[{\"@type\":\"ListItem\",\"position\":1,\"name\":\"Portada\",\"item\":\"https:\\\/\\\/iai.int\\\/es\\\/\"},{\"@type\":\"ListItem\",\"position\":2,\"name\":\"Centro de Diplomacia Cient\u00edfica\",\"item\":\"https:\\\/\\\/iai.int\\\/es\\\/centro-de-diplomacia-cientifica\\\/\"},{\"@type\":\"ListItem\",\"position\":3,\"name\":\"SDC: Antecedentes\"}]},{\"@type\":\"WebSite\",\"@id\":\"https:\\\/\\\/iai.int\\\/es\\\/#website\",\"url\":\"https:\\\/\\\/iai.int\\\/es\\\/\",\"name\":\"IAI - Inter-American Institute for Global Change Research\",\"description\":\"\",\"publisher\":{\"@id\":\"https:\\\/\\\/iai.int\\\/es\\\/#organization\"},\"potentialAction\":[{\"@type\":\"SearchAction\",\"target\":{\"@type\":\"EntryPoint\",\"urlTemplate\":\"https:\\\/\\\/iai.int\\\/es\\\/?s={search_term_string}\"},\"query-input\":{\"@type\":\"PropertyValueSpecification\",\"valueRequired\":true,\"valueName\":\"search_term_string\"}}],\"inLanguage\":\"es\"},{\"@type\":\"Organization\",\"@id\":\"https:\\\/\\\/iai.int\\\/es\\\/#organization\",\"name\":\"IAI - Inter-American Institute for Global Change Research\",\"url\":\"https:\\\/\\\/iai.int\\\/es\\\/\",\"logo\":{\"@type\":\"ImageObject\",\"inLanguage\":\"es\",\"@id\":\"https:\\\/\\\/iai.int\\\/es\\\/#\\\/schema\\\/logo\\\/image\\\/\",\"url\":\"https:\\\/\\\/iai.int\\\/wp-content\\\/uploads\\\/2025\\\/11\\\/IAI-logo-English-scaled.png\",\"contentUrl\":\"https:\\\/\\\/iai.int\\\/wp-content\\\/uploads\\\/2025\\\/11\\\/IAI-logo-English-scaled.png\",\"width\":2560,\"height\":985,\"caption\":\"IAI - Inter-American Institute for Global Change Research\"},\"image\":{\"@id\":\"https:\\\/\\\/iai.int\\\/es\\\/#\\\/schema\\\/logo\\\/image\\\/\"}}]}<\/script>\n<!-- \/ Yoast SEO plugin. -->","yoast_head_json":{"title":"SDC: Antecedentes - IAI - Inter-American Institute for Global Change Research","robots":{"index":"index","follow":"follow","max-snippet":"max-snippet:-1","max-image-preview":"max-image-preview:large","max-video-preview":"max-video-preview:-1"},"canonical":"https:\/\/iai.int\/es\/centro-de-diplomacia-cientifica\/sdc-antecedentes\/","og_locale":"es_ES","og_type":"article","og_title":"SDC: Antecedentes - IAI - Inter-American Institute for Global Change Research","og_description":"El Centro de Diplomacia Cient\u00edfica (SDC, por sus siglas en ingl\u00e9s) es una iniciativa regional para fomentar el di\u00e1logo y la colaboraci\u00f3n cient\u00edfico-pol\u00edtica para una Am\u00e9rica pac\u00edfica, pr\u00f3spera y sostenible. En el contexto del IAI, la diplomacia cient\u00edfica y la diplomacia de la innovaci\u00f3n&nbsp;se basan en la b\u00fasqueda de la excelencia cient\u00edfica, la cooperaci\u00f3n internacional [&hellip;]","og_url":"https:\/\/iai.int\/es\/centro-de-diplomacia-cientifica\/sdc-antecedentes\/","og_site_name":"IAI - Inter-American Institute for Global Change Research","article_modified_time":"2025-11-07T21:05:25+00:00","og_image":[{"width":1772,"height":551,"url":"https:\/\/iai.int\/wp-content\/uploads\/2025\/11\/SDC.png","type":"image\/png"}],"twitter_card":"summary_large_image","twitter_misc":{"Tiempo de lectura":"6 minutos"},"schema":{"@context":"https:\/\/schema.org","@graph":[{"@type":"WebPage","@id":"https:\/\/iai.int\/es\/centro-de-diplomacia-cientifica\/sdc-antecedentes\/","url":"https:\/\/iai.int\/es\/centro-de-diplomacia-cientifica\/sdc-antecedentes\/","name":"SDC: Antecedentes - IAI - Inter-American Institute for Global Change Research","isPartOf":{"@id":"https:\/\/iai.int\/es\/#website"},"primaryImageOfPage":{"@id":"https:\/\/iai.int\/es\/centro-de-diplomacia-cientifica\/sdc-antecedentes\/#primaryimage"},"image":{"@id":"https:\/\/iai.int\/es\/centro-de-diplomacia-cientifica\/sdc-antecedentes\/#primaryimage"},"thumbnailUrl":"https:\/\/iai.int\/wp-content\/uploads\/2025\/11\/SDC.png","datePublished":"2025-09-28T21:45:12+00:00","dateModified":"2025-11-07T21:05:25+00:00","breadcrumb":{"@id":"https:\/\/iai.int\/es\/centro-de-diplomacia-cientifica\/sdc-antecedentes\/#breadcrumb"},"inLanguage":"es","potentialAction":[{"@type":"ReadAction","target":["https:\/\/iai.int\/es\/centro-de-diplomacia-cientifica\/sdc-antecedentes\/"]}]},{"@type":"ImageObject","inLanguage":"es","@id":"https:\/\/iai.int\/es\/centro-de-diplomacia-cientifica\/sdc-antecedentes\/#primaryimage","url":"https:\/\/iai.int\/wp-content\/uploads\/2025\/11\/SDC.png","contentUrl":"https:\/\/iai.int\/wp-content\/uploads\/2025\/11\/SDC.png","width":1772,"height":551},{"@type":"BreadcrumbList","@id":"https:\/\/iai.int\/es\/centro-de-diplomacia-cientifica\/sdc-antecedentes\/#breadcrumb","itemListElement":[{"@type":"ListItem","position":1,"name":"Portada","item":"https:\/\/iai.int\/es\/"},{"@type":"ListItem","position":2,"name":"Centro de Diplomacia Cient\u00edfica","item":"https:\/\/iai.int\/es\/centro-de-diplomacia-cientifica\/"},{"@type":"ListItem","position":3,"name":"SDC: Antecedentes"}]},{"@type":"WebSite","@id":"https:\/\/iai.int\/es\/#website","url":"https:\/\/iai.int\/es\/","name":"IAI - Inter-American Institute for Global Change Research","description":"","publisher":{"@id":"https:\/\/iai.int\/es\/#organization"},"potentialAction":[{"@type":"SearchAction","target":{"@type":"EntryPoint","urlTemplate":"https:\/\/iai.int\/es\/?s={search_term_string}"},"query-input":{"@type":"PropertyValueSpecification","valueRequired":true,"valueName":"search_term_string"}}],"inLanguage":"es"},{"@type":"Organization","@id":"https:\/\/iai.int\/es\/#organization","name":"IAI - Inter-American Institute for Global Change Research","url":"https:\/\/iai.int\/es\/","logo":{"@type":"ImageObject","inLanguage":"es","@id":"https:\/\/iai.int\/es\/#\/schema\/logo\/image\/","url":"https:\/\/iai.int\/wp-content\/uploads\/2025\/11\/IAI-logo-English-scaled.png","contentUrl":"https:\/\/iai.int\/wp-content\/uploads\/2025\/11\/IAI-logo-English-scaled.png","width":2560,"height":985,"caption":"IAI - Inter-American Institute for Global Change Research"},"image":{"@id":"https:\/\/iai.int\/es\/#\/schema\/logo\/image\/"}}]}},"uagb_featured_image_src":{"full":["https:\/\/iai.int\/wp-content\/uploads\/2025\/11\/SDC.png",1772,551,false],"thumbnail":["https:\/\/iai.int\/wp-content\/uploads\/2025\/11\/SDC-150x150.png",150,150,true],"medium":["https:\/\/iai.int\/wp-content\/uploads\/2025\/11\/SDC-300x93.png",300,93,true],"medium_large":["https:\/\/iai.int\/wp-content\/uploads\/2025\/11\/SDC-768x239.png",768,239,true],"large":["https:\/\/iai.int\/wp-content\/uploads\/2025\/11\/SDC-1024x318.png",800,248,true],"1536x1536":["https:\/\/iai.int\/wp-content\/uploads\/2025\/11\/SDC-1536x478.png",1536,478,true],"2048x2048":["https:\/\/iai.int\/wp-content\/uploads\/2025\/11\/SDC.png",1772,551,false]},"uagb_author_info":{"display_name":"admin","author_link":"https:\/\/iai.int\/es\/author\/admin\/"},"uagb_comment_info":0,"uagb_excerpt":"El Centro de Diplomacia Cient\u00edfica (SDC, por sus siglas en ingl\u00e9s) es una iniciativa regional para fomentar el di\u00e1logo y la colaboraci\u00f3n cient\u00edfico-pol\u00edtica para una Am\u00e9rica pac\u00edfica, pr\u00f3spera y sostenible. En el contexto del IAI, la diplomacia cient\u00edfica y la diplomacia de la innovaci\u00f3n&nbsp;se basan en la b\u00fasqueda de la excelencia cient\u00edfica, la cooperaci\u00f3n internacional&hellip;","_links":{"self":[{"href":"https:\/\/iai.int\/es\/wp-json\/wp\/v2\/pages\/7773","targetHints":{"allow":["GET"]}}],"collection":[{"href":"https:\/\/iai.int\/es\/wp-json\/wp\/v2\/pages"}],"about":[{"href":"https:\/\/iai.int\/es\/wp-json\/wp\/v2\/types\/page"}],"author":[{"embeddable":true,"href":"https:\/\/iai.int\/es\/wp-json\/wp\/v2\/users\/1"}],"replies":[{"embeddable":true,"href":"https:\/\/iai.int\/es\/wp-json\/wp\/v2\/comments?post=7773"}],"version-history":[{"count":4,"href":"https:\/\/iai.int\/es\/wp-json\/wp\/v2\/pages\/7773\/revisions"}],"predecessor-version":[{"id":10399,"href":"https:\/\/iai.int\/es\/wp-json\/wp\/v2\/pages\/7773\/revisions\/10399"}],"up":[{"embeddable":true,"href":"https:\/\/iai.int\/es\/wp-json\/wp\/v2\/pages\/370"}],"wp:featuredmedia":[{"embeddable":true,"href":"https:\/\/iai.int\/es\/wp-json\/wp\/v2\/media\/10935"}],"wp:attachment":[{"href":"https:\/\/iai.int\/es\/wp-json\/wp\/v2\/media?parent=7773"}],"curies":[{"name":"wp","href":"https:\/\/api.w.org\/{rel}","templated":true}]}}