{"id":7754,"date":"2024-09-22T12:31:00","date_gmt":"2024-09-22T17:31:00","guid":{"rendered":"https:\/\/iai.int\/?page_id=7754"},"modified":"2025-11-14T15:15:31","modified_gmt":"2025-11-14T20:15:31","slug":"sg-06-2","status":"publish","type":"page","link":"https:\/\/iai.int\/es\/sg-06-2\/","title":{"rendered":"SG-06"},"content":{"rendered":"\n<h3 class=\"wp-block-heading\">INFORMACI\u00d3N DEL PROYECTO<\/h3>\n\n\n\n<p><strong><strong><strong><strong>Mecanismo de resiliencia Ayllu para enfrentar los efectos del cambio clim\u00e1tico a partir del di\u00e1logo de saberes de los conocimientos locales en combinaci\u00f3n con tecnolog\u00edas innovadoras para fortalecer la seguridad alimentaria en la comunidad de Micaya, Municipio de Colquencha-La Paz, Bolivia.\u00a0<\/strong><\/strong><\/strong><\/strong><\/p>\n\n\n\n<p><strong>Investigador principal<\/strong><strong> (PI):<\/strong><\/p>\n\n\n\n<p><em>Noemi Tirado Bustillos<\/em>, Instituto de Gen\u00e9tica, Facultad de Medicina, Universidad Mayor de San Andr\u00e9s, Bolivia<\/p>\n\n\n\n<p>Correo electr\u00f3nico: <a href=\"mailto:doriam.camacho@ucc.edu.co\" target=\"_blank\" rel=\"noreferrer noopener\"><\/a><a href=\"mailto:noemistirado@gmail.com\">noemistirado@gmail.com<\/a><\/p>\n\n\n\n<p>Tel\u00e9fono: +591 2222 9613<\/p>\n\n\n\n<p><strong>Duraci\u00f3n y financiaci\u00f3n:<\/strong><\/p>\n\n\n\n<p>(Noviembre 2023\u20132024) USD 15,000<\/p>\n\n\n\n<p><strong>Co-financiaci\u00f3n ofrecida:<\/strong><\/p>\n\n\n\n<p>USD 35,327<\/p>\n\n\n\n<p><strong>Pa\u00edses participantes:<\/strong><\/p>\n\n\n\n<p>Bolivia<\/p>\n\n\n\n<h3 class=\"wp-block-heading\">RESUMEN EJECUTIVO<\/h3>\n\n\n\n<p>El Proyecto Mecanismo de resiliencia Ayllu para enfrentar los efectos del cambio clim\u00e1tico a trav\u00e9s del di\u00e1logo de saberes de los conocimientos locales en combinaci\u00f3n con tecnolog\u00edas innovadoras de seguridad alimentaria en la comunidad de Micaya del Municipio de Colquechaca, pretende investigar las consecuencias de la implementaci\u00f3n de un mecanismo de resiliencia, con base en el manejo de suelos en sinergia con el di\u00e1logo de saberes y los componentes: sistemas de producci\u00f3n, gesti\u00f3n psicosocial, educaci\u00f3n, alimentaci\u00f3n, nutrici\u00f3n y ecosalud. Dicho mecanismo se basa en su sistema de vida tipo ayllu, la cual consiste una unidad social autosustentable que educa a sus propios hijos y cultiva o comercializa todos los alimentos que comen, que les permite el manejo adecuado de suelos para el desarrollo de los sistemas productivos, aplicando tecnolog\u00edas ancestrales complement\u00e1ndose con tecnolog\u00edas innovadoras (uso de dosificadores zeol\u00edticos, barreras vivas y abonos org\u00e1nicos). El mecanismo impactar\u00e1 de manera positiva en el sistema de producci\u00f3n agr\u00edcola, conduciendo a fortalecer los esquemas de mejores pr\u00e1cticas manteniendo el sistema natural, garantizando una efectiva resiliencia frente al cambio clim\u00e1tico y mejorando sus condiciones de vida en lo que respecta a una alimentaci\u00f3n con productos altamente nutritivos que permitan fortalecer los cuatro pilares de la seguridad alimentaria (Disponibilidad, acceso, utilizaci\u00f3n y estabilidad) los cuales repercuten en un buen estado de salud de la poblaci\u00f3n.&nbsp;<\/p>\n\n\n\n<p>Se utilizar\u00e1 el enfoque transdisciplinar de manera coordinada entre investigadores de diferentes disciplinas, autoridades originarias y municipales y otros organismos a asociados al proyecto de investigaci\u00f3n (OAPI) mediante el uso del dialogo de saberes y las resignificaciones, que consisten en metodolog\u00edas de co transferencia en el primer caso y en el segundo se refiere a un proceso de reflexi\u00f3n, que permite la transformaci\u00f3n de los significados. Es un ejercicio investigativo, en la que la complejidad es un rasgo de la realidad, y tiene que tomarse en cuenta el pensamiento interpretativo como forma de rememorar.&nbsp;<\/p>\n","protected":false},"excerpt":{"rendered":"<p>INFORMACI\u00d3N DEL PROYECTO Mecanismo de resiliencia Ayllu para enfrentar los efectos del cambio clim\u00e1tico a partir del di\u00e1logo de saberes de los conocimientos locales en combinaci\u00f3n con tecnolog\u00edas innovadoras para fortalecer la seguridad alimentaria en la comunidad de Micaya, Municipio de Colquencha-La Paz, Bolivia.\u00a0 Investigador principal (PI): Noemi Tirado Bustillos, Instituto de Gen\u00e9tica, Facultad de [&hellip;]<\/p>\n","protected":false},"author":1,"featured_media":11521,"parent":0,"menu_order":0,"comment_status":"closed","ping_status":"closed","template":"","meta":{"_acf_changed":false,"_uag_custom_page_level_css":"","footnotes":""},"class_list":["post-7754","page","type-page","status-publish","has-post-thumbnail","hentry"],"acf":[],"yoast_head":"<!-- This site is optimized with the Yoast SEO plugin v27.3 - https:\/\/yoast.com\/product\/yoast-seo-wordpress\/ -->\n<title>SG-06 - IAI - Inter-American Institute for Global Change Research<\/title>\n<meta name=\"robots\" content=\"index, follow, max-snippet:-1, max-image-preview:large, max-video-preview:-1\" \/>\n<link rel=\"canonical\" href=\"https:\/\/iai.int\/es\/sg-06-2\/\" \/>\n<meta property=\"og:locale\" content=\"es_ES\" \/>\n<meta property=\"og:type\" content=\"article\" \/>\n<meta property=\"og:title\" content=\"SG-06 - IAI - Inter-American Institute for Global Change Research\" \/>\n<meta property=\"og:description\" content=\"INFORMACI\u00d3N DEL PROYECTO Mecanismo de resiliencia Ayllu para enfrentar los efectos del cambio clim\u00e1tico a partir del di\u00e1logo de saberes de los conocimientos locales en combinaci\u00f3n con tecnolog\u00edas innovadoras para fortalecer la seguridad alimentaria en la comunidad de Micaya, Municipio de Colquencha-La Paz, Bolivia.\u00a0 Investigador principal (PI): Noemi Tirado Bustillos, Instituto de Gen\u00e9tica, Facultad de [&hellip;]\" \/>\n<meta property=\"og:url\" content=\"https:\/\/iai.int\/es\/sg-06-2\/\" \/>\n<meta property=\"og:site_name\" content=\"IAI - Inter-American Institute for Global Change Research\" \/>\n<meta property=\"article:modified_time\" content=\"2025-11-14T20:15:31+00:00\" \/>\n<meta property=\"og:image\" content=\"https:\/\/iai.int\/wp-content\/uploads\/2025\/11\/sgp-6-1024x318.png\" \/>\n\t<meta property=\"og:image:width\" content=\"1024\" \/>\n\t<meta property=\"og:image:height\" content=\"318\" \/>\n\t<meta property=\"og:image:type\" content=\"image\/png\" \/>\n<meta name=\"twitter:card\" content=\"summary_large_image\" \/>\n<meta name=\"twitter:label1\" content=\"Tiempo de lectura\" \/>\n\t<meta name=\"twitter:data1\" content=\"2 minutos\" \/>\n<script type=\"application\/ld+json\" class=\"yoast-schema-graph\">{\"@context\":\"https:\\\/\\\/schema.org\",\"@graph\":[{\"@type\":\"WebPage\",\"@id\":\"https:\\\/\\\/iai.int\\\/es\\\/sg-06-2\\\/\",\"url\":\"https:\\\/\\\/iai.int\\\/es\\\/sg-06-2\\\/\",\"name\":\"SG-06 - IAI - Inter-American Institute for Global Change Research\",\"isPartOf\":{\"@id\":\"https:\\\/\\\/iai.int\\\/es\\\/#website\"},\"primaryImageOfPage\":{\"@id\":\"https:\\\/\\\/iai.int\\\/es\\\/sg-06-2\\\/#primaryimage\"},\"image\":{\"@id\":\"https:\\\/\\\/iai.int\\\/es\\\/sg-06-2\\\/#primaryimage\"},\"thumbnailUrl\":\"https:\\\/\\\/iai.int\\\/wp-content\\\/uploads\\\/2025\\\/11\\\/sgp-6.png\",\"datePublished\":\"2024-09-22T17:31:00+00:00\",\"dateModified\":\"2025-11-14T20:15:31+00:00\",\"breadcrumb\":{\"@id\":\"https:\\\/\\\/iai.int\\\/es\\\/sg-06-2\\\/#breadcrumb\"},\"inLanguage\":\"es\",\"potentialAction\":[{\"@type\":\"ReadAction\",\"target\":[\"https:\\\/\\\/iai.int\\\/es\\\/sg-06-2\\\/\"]}]},{\"@type\":\"ImageObject\",\"inLanguage\":\"es\",\"@id\":\"https:\\\/\\\/iai.int\\\/es\\\/sg-06-2\\\/#primaryimage\",\"url\":\"https:\\\/\\\/iai.int\\\/wp-content\\\/uploads\\\/2025\\\/11\\\/sgp-6.png\",\"contentUrl\":\"https:\\\/\\\/iai.int\\\/wp-content\\\/uploads\\\/2025\\\/11\\\/sgp-6.png\",\"width\":1772,\"height\":551},{\"@type\":\"BreadcrumbList\",\"@id\":\"https:\\\/\\\/iai.int\\\/es\\\/sg-06-2\\\/#breadcrumb\",\"itemListElement\":[{\"@type\":\"ListItem\",\"position\":1,\"name\":\"Portada\",\"item\":\"https:\\\/\\\/iai.int\\\/es\\\/\"},{\"@type\":\"ListItem\",\"position\":2,\"name\":\"SG-06\"}]},{\"@type\":\"WebSite\",\"@id\":\"https:\\\/\\\/iai.int\\\/es\\\/#website\",\"url\":\"https:\\\/\\\/iai.int\\\/es\\\/\",\"name\":\"IAI - Inter-American Institute for Global Change Research\",\"description\":\"\",\"publisher\":{\"@id\":\"https:\\\/\\\/iai.int\\\/es\\\/#organization\"},\"potentialAction\":[{\"@type\":\"SearchAction\",\"target\":{\"@type\":\"EntryPoint\",\"urlTemplate\":\"https:\\\/\\\/iai.int\\\/es\\\/?s={search_term_string}\"},\"query-input\":{\"@type\":\"PropertyValueSpecification\",\"valueRequired\":true,\"valueName\":\"search_term_string\"}}],\"inLanguage\":\"es\"},{\"@type\":\"Organization\",\"@id\":\"https:\\\/\\\/iai.int\\\/es\\\/#organization\",\"name\":\"IAI - Inter-American Institute for Global Change Research\",\"url\":\"https:\\\/\\\/iai.int\\\/es\\\/\",\"logo\":{\"@type\":\"ImageObject\",\"inLanguage\":\"es\",\"@id\":\"https:\\\/\\\/iai.int\\\/es\\\/#\\\/schema\\\/logo\\\/image\\\/\",\"url\":\"https:\\\/\\\/iai.int\\\/wp-content\\\/uploads\\\/2025\\\/11\\\/IAI-logo-English-scaled.png\",\"contentUrl\":\"https:\\\/\\\/iai.int\\\/wp-content\\\/uploads\\\/2025\\\/11\\\/IAI-logo-English-scaled.png\",\"width\":2560,\"height\":985,\"caption\":\"IAI - Inter-American Institute for Global Change Research\"},\"image\":{\"@id\":\"https:\\\/\\\/iai.int\\\/es\\\/#\\\/schema\\\/logo\\\/image\\\/\"}}]}<\/script>\n<!-- \/ Yoast SEO plugin. -->","yoast_head_json":{"title":"SG-06 - IAI - Inter-American Institute for Global Change Research","robots":{"index":"index","follow":"follow","max-snippet":"max-snippet:-1","max-image-preview":"max-image-preview:large","max-video-preview":"max-video-preview:-1"},"canonical":"https:\/\/iai.int\/es\/sg-06-2\/","og_locale":"es_ES","og_type":"article","og_title":"SG-06 - IAI - Inter-American Institute for Global Change Research","og_description":"INFORMACI\u00d3N DEL PROYECTO Mecanismo de resiliencia Ayllu para enfrentar los efectos del cambio clim\u00e1tico a partir del di\u00e1logo de saberes de los conocimientos locales en combinaci\u00f3n con tecnolog\u00edas innovadoras para fortalecer la seguridad alimentaria en la comunidad de Micaya, Municipio de Colquencha-La Paz, Bolivia.\u00a0 Investigador principal (PI): Noemi Tirado Bustillos, Instituto de Gen\u00e9tica, Facultad de [&hellip;]","og_url":"https:\/\/iai.int\/es\/sg-06-2\/","og_site_name":"IAI - Inter-American Institute for Global Change Research","article_modified_time":"2025-11-14T20:15:31+00:00","og_image":[{"width":1024,"height":318,"url":"https:\/\/iai.int\/wp-content\/uploads\/2025\/11\/sgp-6-1024x318.png","type":"image\/png"}],"twitter_card":"summary_large_image","twitter_misc":{"Tiempo de lectura":"2 minutos"},"schema":{"@context":"https:\/\/schema.org","@graph":[{"@type":"WebPage","@id":"https:\/\/iai.int\/es\/sg-06-2\/","url":"https:\/\/iai.int\/es\/sg-06-2\/","name":"SG-06 - IAI - Inter-American Institute for Global Change Research","isPartOf":{"@id":"https:\/\/iai.int\/es\/#website"},"primaryImageOfPage":{"@id":"https:\/\/iai.int\/es\/sg-06-2\/#primaryimage"},"image":{"@id":"https:\/\/iai.int\/es\/sg-06-2\/#primaryimage"},"thumbnailUrl":"https:\/\/iai.int\/wp-content\/uploads\/2025\/11\/sgp-6.png","datePublished":"2024-09-22T17:31:00+00:00","dateModified":"2025-11-14T20:15:31+00:00","breadcrumb":{"@id":"https:\/\/iai.int\/es\/sg-06-2\/#breadcrumb"},"inLanguage":"es","potentialAction":[{"@type":"ReadAction","target":["https:\/\/iai.int\/es\/sg-06-2\/"]}]},{"@type":"ImageObject","inLanguage":"es","@id":"https:\/\/iai.int\/es\/sg-06-2\/#primaryimage","url":"https:\/\/iai.int\/wp-content\/uploads\/2025\/11\/sgp-6.png","contentUrl":"https:\/\/iai.int\/wp-content\/uploads\/2025\/11\/sgp-6.png","width":1772,"height":551},{"@type":"BreadcrumbList","@id":"https:\/\/iai.int\/es\/sg-06-2\/#breadcrumb","itemListElement":[{"@type":"ListItem","position":1,"name":"Portada","item":"https:\/\/iai.int\/es\/"},{"@type":"ListItem","position":2,"name":"SG-06"}]},{"@type":"WebSite","@id":"https:\/\/iai.int\/es\/#website","url":"https:\/\/iai.int\/es\/","name":"IAI - Inter-American Institute for Global Change Research","description":"","publisher":{"@id":"https:\/\/iai.int\/es\/#organization"},"potentialAction":[{"@type":"SearchAction","target":{"@type":"EntryPoint","urlTemplate":"https:\/\/iai.int\/es\/?s={search_term_string}"},"query-input":{"@type":"PropertyValueSpecification","valueRequired":true,"valueName":"search_term_string"}}],"inLanguage":"es"},{"@type":"Organization","@id":"https:\/\/iai.int\/es\/#organization","name":"IAI - Inter-American Institute for Global Change Research","url":"https:\/\/iai.int\/es\/","logo":{"@type":"ImageObject","inLanguage":"es","@id":"https:\/\/iai.int\/es\/#\/schema\/logo\/image\/","url":"https:\/\/iai.int\/wp-content\/uploads\/2025\/11\/IAI-logo-English-scaled.png","contentUrl":"https:\/\/iai.int\/wp-content\/uploads\/2025\/11\/IAI-logo-English-scaled.png","width":2560,"height":985,"caption":"IAI - Inter-American Institute for Global Change Research"},"image":{"@id":"https:\/\/iai.int\/es\/#\/schema\/logo\/image\/"}}]}},"uagb_featured_image_src":{"full":["https:\/\/iai.int\/wp-content\/uploads\/2025\/11\/sgp-6.png",1772,551,false],"thumbnail":["https:\/\/iai.int\/wp-content\/uploads\/2025\/11\/sgp-6-150x150.png",150,150,true],"medium":["https:\/\/iai.int\/wp-content\/uploads\/2025\/11\/sgp-6-300x93.png",300,93,true],"medium_large":["https:\/\/iai.int\/wp-content\/uploads\/2025\/11\/sgp-6-768x239.png",768,239,true],"large":["https:\/\/iai.int\/wp-content\/uploads\/2025\/11\/sgp-6-1024x318.png",800,248,true],"1536x1536":["https:\/\/iai.int\/wp-content\/uploads\/2025\/11\/sgp-6-1536x478.png",1536,478,true],"2048x2048":["https:\/\/iai.int\/wp-content\/uploads\/2025\/11\/sgp-6.png",1772,551,false]},"uagb_author_info":{"display_name":"admin","author_link":"https:\/\/iai.int\/es\/author\/admin\/"},"uagb_comment_info":0,"uagb_excerpt":"INFORMACI\u00d3N DEL PROYECTO Mecanismo de resiliencia Ayllu para enfrentar los efectos del cambio clim\u00e1tico a partir del di\u00e1logo de saberes de los conocimientos locales en combinaci\u00f3n con tecnolog\u00edas innovadoras para fortalecer la seguridad alimentaria en la comunidad de Micaya, Municipio de Colquencha-La Paz, Bolivia.\u00a0 Investigador principal (PI): Noemi Tirado Bustillos, Instituto de Gen\u00e9tica, Facultad de&hellip;","_links":{"self":[{"href":"https:\/\/iai.int\/es\/wp-json\/wp\/v2\/pages\/7754","targetHints":{"allow":["GET"]}}],"collection":[{"href":"https:\/\/iai.int\/es\/wp-json\/wp\/v2\/pages"}],"about":[{"href":"https:\/\/iai.int\/es\/wp-json\/wp\/v2\/types\/page"}],"author":[{"embeddable":true,"href":"https:\/\/iai.int\/es\/wp-json\/wp\/v2\/users\/1"}],"replies":[{"embeddable":true,"href":"https:\/\/iai.int\/es\/wp-json\/wp\/v2\/comments?post=7754"}],"version-history":[{"count":5,"href":"https:\/\/iai.int\/es\/wp-json\/wp\/v2\/pages\/7754\/revisions"}],"predecessor-version":[{"id":7771,"href":"https:\/\/iai.int\/es\/wp-json\/wp\/v2\/pages\/7754\/revisions\/7771"}],"wp:featuredmedia":[{"embeddable":true,"href":"https:\/\/iai.int\/es\/wp-json\/wp\/v2\/media\/11521"}],"wp:attachment":[{"href":"https:\/\/iai.int\/es\/wp-json\/wp\/v2\/media?parent=7754"}],"curies":[{"name":"wp","href":"https:\/\/api.w.org\/{rel}","templated":true}]}}