{"id":760,"date":"2024-09-14T19:51:52","date_gmt":"2024-09-14T22:51:52","guid":{"rendered":"https:\/\/iai.int\/?page_id=760"},"modified":"2024-09-14T19:51:52","modified_gmt":"2024-09-14T22:51:52","slug":"curso-respuesta-al-cambio-climatico-para-la-salud-en-latinoamerica","status":"publish","type":"page","link":"https:\/\/iai.int\/es\/curso-respuesta-al-cambio-climatico-para-la-salud-en-latinoamerica\/","title":{"rendered":"CURSO RESPUESTA AL CAMBIO CLIM\u00c1TICO PARA LA SALUD EN LATINOAM\u00c9RICA"},"content":{"rendered":"\n<p>\u00abRespuesta al cambio clim\u00e1tico para la salud en Am\u00e9rica Latina\u00bb es un curso autogestionado, abierto y gratuito con certificado que ha sido organizado por el Instituto Interamericano para la Investigaci\u00f3n del Cambio Global (IAI), la Organizaci\u00f3n Panamericana de la Salud (OPS), y el Consorcio Mundial de Educaci\u00f3n sobre el Clima y la Salud (GCCHE) basado en la Universidad de Columbia, EEUU.&nbsp;<\/p>\n\n\n\n<figure class=\"wp-block-image\"><img decoding=\"async\" src=\"https:\/\/iai.int\/administrador\/assets\/images\/ckfinder\/files\/gcche_latinam_forest.jpg\" alt=\"\"\/><\/figure>\n\n\n\n<p>El objetivo es compartir conocimiento cient\u00edfico en clima y salud con las comunidades acad\u00e9micas y de investigaci\u00f3n en salud de cara a informar la toma de decisi\u00f3n y la formulaci\u00f3n de pol\u00edticas p\u00fablicas. El curso sirve como una introducci\u00f3n a investigaci\u00f3n de vanguardia sobre clima y salud, y explora casos de estudio en implementaci\u00f3n exitosa.<\/p>\n\n\n\n<p>El cambio clim\u00e1tico es la mayor amenaza en la salud global del siglo XXI, y abordarlo constituye una importante oportunidad para construir y fortalecer los sistemas de salud p\u00fablica. Para satisfacer las necesidades de salud emergentes provocadas por el cambio clim\u00e1tico, se necesita urgentemente que las comunidades acad\u00e9micas y de investigaci\u00f3n mejoren nuestra comprensi\u00f3n de los impactos del cambio clim\u00e1tico en la salud y las opciones de adaptaci\u00f3n, que incluyen: monitoreo, proyecciones, sistemas de alerta temprana y vigilancia epidemiol\u00f3gica de indicadores de salud. Al mismo tiempo, se necesita una estrecha cooperaci\u00f3n con los responsables de la formulaci\u00f3n de pol\u00edticas y la toma de decisiones en materia de salud para garantizar que los nuevos conocimientos puedan ponerse en pr\u00e1ctica.<\/p>\n\n\n\n<figure class=\"wp-block-image\"><img decoding=\"async\" src=\"https:\/\/iai.int\/administrador\/assets\/images\/ckfinder\/files\/gcche_latinam_glacier.jpg\" alt=\"\"\/><\/figure>\n\n\n\n<h3 class=\"wp-block-heading\">P\u00daBLICO OBJETIVO:&nbsp;<\/h3>\n\n\n\n<p>Acad\u00e9micos, investigadores en salud, investigadores en ambiente, profesionales de la salud, l\u00edderes en el \u00e1mbito de la salud, l\u00edderes en el \u00e1mbito del ambiente, estudiantes y financiadores<\/p>\n\n\n\n<h3 class=\"wp-block-heading\">ORGANIZACI\u00d3N DEL CURSO:<\/h3>\n\n\n\n<p>El curso consiste en sesiones did\u00e1cticas impartidas por expertos internacionales con soporte de diapositivas.&nbsp;<\/p>\n\n\n\n<h3 class=\"wp-block-heading\">OBJETIVOS DEL CURSO:<\/h3>\n\n\n\n<p>Proporcionar a los investigadores de salud p\u00fablica una base de conocimientos sobre los impactos del cambio clim\u00e1tico en la salud.<\/p>\n\n\n\n<p>Contribuir a la comprensi\u00f3n por parte de los investigadores de las metodolog\u00edas y enfoques actuales utilizados para establecer conexiones entre el cambio clim\u00e1tico y los impactos en la salud, evaluar la atribuci\u00f3n, acceder a datos meteorol\u00f3gicos y clim\u00e1ticos, desarrollar sistemas de monitoreo y proyecciones, realizar vigilancia epidemiol\u00f3gica, desarrollar sistemas de alerta temprana y crear mecanismos para monitorear y evaluar las intervenciones de cambio clim\u00e1tico.<\/p>\n\n\n\n<p>Capacitar a los participantes para que participen en investigaciones que informen la acci\u00f3n y la implementaci\u00f3n de pol\u00edticas p\u00fablicas en salud.<\/p>\n\n\n\n<h3 class=\"wp-block-heading\">TEMAS POR SESI\u00d3N:&nbsp;<\/h3>\n\n\n\n<figure class=\"wp-block-image\"><img decoding=\"async\" src=\"https:\/\/iai.int\/administrador\/assets\/images\/ckfinder\/files\/5456456.png\" alt=\"\"\/><\/figure>\n\n\n\n<p><strong>Sesi\u00f3n 1 &#8211; Cambio clim\u00e1tico y salud<\/strong><\/p>\n\n\n\n<p>Dr. Gilma Mantilla, Pontificia Universidad Javeriana<\/p>\n\n\n\n<p><a href=\"https:\/\/youtu.be\/9jdQHZ_jNPg\"><strong>Grabaci\u00f3n de video<\/strong><\/a><strong>&nbsp; |&nbsp; <\/strong><a href=\"https:\/\/iai.int\/administrador\/assets\/images\/ckfinder\/files\/SESI%C3%93N%201%20-%20PRESENTACION.pdf\"><strong>Presentaci\u00f3n <\/strong><\/a><strong>&nbsp;|&nbsp; <\/strong><a href=\"https:\/\/iai.int\/administrador\/assets\/images\/ckfinder\/files\/SESI%C3%93N%201%20-%20LECTURA%20RECOMENDADA.pdf\"><strong>Lecturas recomendadas<\/strong><\/a><\/p>\n\n\n\n<p><strong>Sesi\u00f3n 2 &#8211; Vulnerabilidad y riesgo clim\u00e1ticos<\/strong><\/p>\n\n\n\n<p>Dr. Mercy Borbor-C\u00f3rdova, Escuela Superior Polit\u00e9cnica del Litoral<\/p>\n\n\n\n<p><a href=\"https:\/\/youtu.be\/Dx5vQ0pSpDs\"><strong>Grabaci\u00f3n de video<\/strong><\/a> <strong>|&nbsp; <\/strong><a href=\"https:\/\/iai.int\/administrador\/assets\/images\/ckfinder\/files\/SESI%C3%93N%202%20-%20PRESENTACION.pdf\"><strong>Presentaci\u00f3n <\/strong><\/a><strong>&nbsp;|&nbsp; <\/strong><a href=\"https:\/\/iai.int\/administrador\/assets\/images\/ckfinder\/files\/SESI%C3%93N%202%20-%20LECTURA%20RECOMENDADA.pdf\"><strong>Lecturas recomendadas<\/strong><\/a><\/p>\n\n\n\n<p><strong>Sesi\u00f3n 3 &#8211; Degradaci\u00f3n de la calidad del aire e incendios forestales<\/strong><\/p>\n\n\n\n<p>Dr. Liana Anderson, Centro de Monitoramento e Alerta de Desastres Naturais, Brazil<\/p>\n\n\n\n<p>Dr. Luis Jorge Hern\u00e1ndez Fl\u00f3rez,&nbsp; Facultad de Medicina&nbsp; Universidad de los Andes<\/p>\n\n\n\n<p><a href=\"https:\/\/youtu.be\/1CJgFmOTVk8\"><strong>Grabaci\u00f3n de video<\/strong><\/a> <strong>|&nbsp; <\/strong><a href=\"https:\/\/iai.int\/administrador\/assets\/images\/ckfinder\/files\/SESI%C3%93N%203%20-%20PRESENTACI%C3%93N.pdf\"><strong>Presentaci\u00f3n<\/strong><\/a><strong>&nbsp; |&nbsp; <\/strong><a href=\"https:\/\/iai.int\/administrador\/assets\/images\/ckfinder\/files\/SESI%C3%93N%203%20-%20ESTUDIO%20DE%20CASO.pdf\"><strong>Estudio de caso<\/strong><\/a><strong>&nbsp; |&nbsp; <\/strong><a href=\"https:\/\/iai.int\/administrador\/assets\/images\/ckfinder\/files\/SESI%C3%93N%203%20-%20LECTURAS%20RECOMENDADAS.pdf\"><strong>Lecturas recomendadas<\/strong><\/a><\/p>\n\n\n\n<p><strong>Sesi\u00f3n 4 &#8211; Extremos de temperatura y cambio clim\u00e1tico<\/strong><\/p>\n\n\n\n<p>Dr. Ram\u00f3n Garc\u00eda Trabanino, Consejo del Instituto de Educaci\u00f3n Continua de la SLANH<\/p>\n\n\n\n<p>Esp. Francisco Chesini, Ministerio de Salud de la Naci\u00f3n&nbsp;<\/p>\n\n\n\n<p><a href=\"https:\/\/youtu.be\/EczVUgsKQrs\"><strong>Grabaci\u00f3n de video<\/strong><\/a> <strong>|&nbsp; <\/strong><a href=\"https:\/\/iai.int\/administrador\/assets\/images\/ckfinder\/files\/SESI%C3%93N%204%20-%20PRESENTACI%C3%93N.pdf\"><strong>Presentaci\u00f3n<\/strong><\/a><strong>&nbsp; |&nbsp; <\/strong><a href=\"https:\/\/iai.int\/administrador\/assets\/images\/ckfinder\/files\/SESI%C3%93N%204%20-%20ESTUDIO%20DE%20CASO.pdf\"><strong>Estudio de caso<\/strong><\/a><strong>&nbsp; |&nbsp; <\/strong><a href=\"https:\/\/iai.int\/administrador\/assets\/images\/ckfinder\/files\/SESI%C3%93N%204%20-%20LECTURAS%20RECOMENDADAS.pdf\"><strong>Lecturas recomendadas<\/strong><\/a><\/p>\n\n\n\n<p><strong>Sesi\u00f3n 5 &#8211; Efectos de El Ni\u00f1o y La Ni\u00f1a\/ciclones extra tropicales<\/strong><\/p>\n\n\n\n<p>Dr. Juan Jos\u00e9 Nieto, Centro Internacional para la Investigaci\u00f3n del Fen\u00f3meno de El Ni\u00f1o<\/p>\n\n\n\n<p>Dr. Carolina Portaluppi-Castro,&nbsp; Universidad Casa Grande, consultora PNUD<\/p>\n\n\n\n<p><a href=\"https:\/\/youtu.be\/s1gn6by-zq8\"><strong>Grabaci\u00f3n de video<\/strong><\/a> <strong>|&nbsp; <\/strong><a href=\"https:\/\/iai.int\/administrador\/assets\/images\/ckfinder\/files\/SESI%C3%93N%205%20-%20PRESENTACI%C3%93N.pdf\"><strong>Presentaci\u00f3n<\/strong><\/a><strong>&nbsp; |&nbsp; <\/strong><a href=\"https:\/\/iai.int\/administrador\/assets\/images\/ckfinder\/files\/SESI%C3%93N%205%20-%20ESTUDIO%20DE%20CASO.pdf\"><strong>Estudio de caso<\/strong><\/a><strong>&nbsp; | <\/strong><a href=\"https:\/\/iai.int\/administrador\/assets\/images\/ckfinder\/files\/SESI%C3%93N%205%20-%20LECTURAS%20RECOMENDADAS.pdf\"><strong>&nbsp;Lecturas recomendadas<\/strong><\/a><\/p>\n\n\n\n<p><strong>Sesi\u00f3n 6 &#8211; Seguridad e inocuidad de los alimentos y el agua&nbsp;<\/strong><\/p>\n\n\n\n<p>Dr. Walter E. Baethgen, International Research Institute, The Earth Institute at Columbia University<\/p>\n\n\n\n<p>Dr. Vivian Camacho, Ministerio de Salud, Bolivia<\/p>\n\n\n\n<p><a href=\"https:\/\/youtu.be\/vji1zMvhx-c\"><strong>Grabaci\u00f3n de video<\/strong><\/a> <strong>|&nbsp; <\/strong><a href=\"https:\/\/iai.int\/administrador\/assets\/images\/ckfinder\/files\/SESI%C3%93N%206%20-%20PRESENTACI%C3%93N.pdf\"><strong>Presentaci\u00f3n <\/strong><\/a><strong>&nbsp;|&nbsp; <\/strong><a href=\"https:\/\/iai.int\/administrador\/assets\/images\/ckfinder\/files\/SESI%C3%93N%206%20-%20ESTUDIO%20DE%20CASO.pdf\"><strong>Estudio de caso<\/strong><\/a><strong>&nbsp; |&nbsp; <\/strong><a href=\"https:\/\/iai.int\/administrador\/assets\/images\/ckfinder\/files\/SESI%C3%93N%206%20-%20LECTURAS%20RECOMENDADAS.pdf\"><strong>Lecturas recomendadas<\/strong><\/a><\/p>\n\n\n\n<p><strong>Sesi\u00f3n 7 &#8211;&nbsp; Enfermedades transmitidas por vectores y zoon\u00f3ticas<\/strong><\/p>\n\n\n\n<p>Dr. Elizabet Lilia Estallo, Instituto de Investigaciones Biol\u00f3gicas y Tecnol\u00f3gicas&nbsp;<\/p>\n\n\n\n<p>Dr. Mar\u00eda Soledad L\u00f3pez, Centro de Estudios de Variabilidad y Cambio Clim\u00e1tico (FICH)<\/p>\n\n\n\n<p><a href=\"https:\/\/youtu.be\/k78dCgfogjI\"><strong>Grabaci\u00f3n de video <\/strong><\/a><strong>|&nbsp; <\/strong><a href=\"https:\/\/iai.int\/administrador\/assets\/images\/ckfinder\/files\/SESI%C3%93N%207%20-%20PRESENTACI%C3%93N.pdf\"><strong>Presentaci\u00f3n<\/strong><\/a><strong>&nbsp; |&nbsp; <\/strong><a href=\"https:\/\/iai.int\/administrador\/assets\/images\/ckfinder\/files\/SESI%C3%93N%207%20-%20ESTUDIO%20DE%20CASO.pdf\"><strong>Estudio de caso<\/strong><\/a><strong>&nbsp; |&nbsp; <\/strong><a href=\"https:\/\/iai.int\/administrador\/assets\/images\/ckfinder\/files\/SESI%C3%93N%207%20-%20LECTURAS%20RECOMENDADAS.pdf\"><strong>Lecturas recomendadas<\/strong><\/a><\/p>\n\n\n\n<p><strong>Sesi\u00f3n 8 &#8211; Recolecci\u00f3n de datos y vigilancia<\/strong><\/p>\n\n\n\n<p>Dr. Rachel Lowe, London School of Hygiene &amp; Tropical Medicine<\/p>\n\n\n\n<p>Dr. Christovam Barcellos, Fundaci\u00f3n Oswaldo Cruz (Fiocruz) Brazil<\/p>\n\n\n\n<p><a href=\"https:\/\/youtu.be\/zsBxbHAATE0\"><strong>Grabaci\u00f3n de video<\/strong><\/a> <strong>|&nbsp; <\/strong><a href=\"https:\/\/iai.int\/administrador\/assets\/images\/ckfinder\/files\/SESI%C3%93N%208%20-%20PRESENTACI%C3%93N.pdf\"><strong>Presentaci\u00f3n<\/strong><\/a><strong>&nbsp; |&nbsp; <\/strong><a href=\"https:\/\/iai.int\/administrador\/assets\/images\/ckfinder\/files\/SESI%C3%93N%208%20-%20ESTUDIO%20DE%20CASO.pdf\"><strong>Estudio de caso<\/strong><\/a><strong>&nbsp; | <\/strong><a href=\"https:\/\/iai.int\/administrador\/assets\/images\/ckfinder\/files\/SESI%C3%93N%208%20-%20LECTURA%20RECOMENDADA.pdf\"><strong>&nbsp;Lecturas recomendadas<\/strong><\/a><\/p>\n\n\n\n<p><strong>Sesi\u00f3n 9 &#8211; Adaptaci\u00f3n y mitigaci\u00f3n clim\u00e1tica (co beneficios)<\/strong><\/p>\n\n\n\n<p>Dr. Carmen Ciganda, Ministerio de Salud P\u00fablica de Uruguay<\/p>\n\n\n\n<p>Dr. David Rojas-Rueda, Colorado State University Environmental and Radiological Health Sciences<\/p>\n\n\n\n<p><a href=\"https:\/\/youtu.be\/wxesTERXXSA\"><strong>Grabaci\u00f3n de video<\/strong><\/a><strong> |&nbsp; <\/strong><a href=\"https:\/\/iai.int\/administrador\/assets\/images\/ckfinder\/files\/SESI%C3%93N%209%20-%20PRESENTACI%C3%93N.pdf\"><strong>Presentaci\u00f3n<\/strong><\/a><strong>&nbsp; |&nbsp; <\/strong><a href=\"https:\/\/iai.int\/administrador\/assets\/images\/ckfinder\/files\/SESI%C3%93N%209%20-%20ESTUDIO%20DE%20CASO.pdf\"><strong>Estudio de caso<\/strong><\/a><strong>&nbsp; |&nbsp; <\/strong><a href=\"https:\/\/iai.int\/administrador\/assets\/images\/ckfinder\/files\/SESI%C3%93N%209%20-%20LECTURAS%20RECOMENDADAS.pdf\"><strong>Lecturas recomendadas<\/strong><\/a><\/p>\n\n\n\n<p><strong>Sesi\u00f3n 10 &#8211; Recomendaciones regionales en cambio clim\u00e1tico (pol\u00edtica p\u00fablica)<\/strong><\/p>\n\n\n\n<p>Dr. Daniel Buss, Organizaci\u00f3n Panamericana de la Salud<\/p>\n\n\n\n<p>Dr. Stella Hartinger, Universidad Peruana Cayetano Heredia Unidad de Desarrollo Integral, Ambiente y Salud<\/p>\n\n\n\n<p><a href=\"https:\/\/youtu.be\/DsowSQV3uOk\"><strong>Grabaci\u00f3n de video <\/strong><\/a><strong>|&nbsp; <\/strong><a href=\"https:\/\/iai.int\/administrador\/assets\/images\/ckfinder\/files\/SESI%C3%93N%2010%20-%20PRESENTACION.pdf\"><strong>Presentaci\u00f3n<\/strong><\/a><strong>&nbsp; |&nbsp; <\/strong><a href=\"https:\/\/iai.int\/administrador\/assets\/images\/ckfinder\/files\/SESI%C3%93N%2010%20-%20ESTUDIO%20DE%20CASO.pdf\"><strong>Estudio de caso<\/strong><\/a><strong>&nbsp; |&nbsp; <\/strong><a href=\"https:\/\/iai.int\/administrador\/assets\/images\/ckfinder\/files\/SESI%C3%93N%2010%20-%20LECTURA%20RECOMENDADA.pdf\"><strong>Lecturas recomendadas<\/strong><\/a><\/p>\n\n\n\n<figure class=\"wp-block-image\"><img decoding=\"async\" src=\"https:\/\/iai.int\/administrador\/assets\/images\/ckfinder\/files\/gcche_latinamlogosnew.png\" alt=\"\"\/><\/figure>\n","protected":false},"excerpt":{"rendered":"<p>\u00abRespuesta al cambio clim\u00e1tico para la salud en Am\u00e9rica Latina\u00bb es un curso autogestionado, abierto y gratuito con certificado que ha sido organizado por el Instituto Interamericano para la Investigaci\u00f3n del Cambio Global (IAI), la Organizaci\u00f3n Panamericana de la Salud (OPS), y el Consorcio Mundial de Educaci\u00f3n sobre el Clima y la Salud (GCCHE) basado [&hellip;]<\/p>\n","protected":false},"author":1,"featured_media":0,"parent":0,"menu_order":0,"comment_status":"closed","ping_status":"closed","template":"","meta":{"_acf_changed":false,"_uag_custom_page_level_css":"","footnotes":""},"class_list":["post-760","page","type-page","status-publish","hentry"],"acf":[],"yoast_head":"<!-- This site is optimized with the Yoast SEO plugin v27.3 - https:\/\/yoast.com\/product\/yoast-seo-wordpress\/ -->\n<title>CURSO RESPUESTA AL CAMBIO CLIM\u00c1TICO PARA LA SALUD EN LATINOAM\u00c9RICA - IAI - Inter-American Institute for Global Change Research<\/title>\n<meta name=\"robots\" content=\"index, follow, max-snippet:-1, max-image-preview:large, max-video-preview:-1\" \/>\n<link rel=\"canonical\" href=\"https:\/\/iai.int\/es\/curso-respuesta-al-cambio-climatico-para-la-salud-en-latinoamerica\/\" \/>\n<meta property=\"og:locale\" content=\"es_ES\" \/>\n<meta property=\"og:type\" content=\"article\" \/>\n<meta property=\"og:title\" content=\"CURSO RESPUESTA AL CAMBIO CLIM\u00c1TICO PARA LA SALUD EN LATINOAM\u00c9RICA - IAI - Inter-American Institute for Global Change Research\" \/>\n<meta property=\"og:description\" content=\"\u00abRespuesta al cambio clim\u00e1tico para la salud en Am\u00e9rica Latina\u00bb es un curso autogestionado, abierto y gratuito con certificado que ha sido organizado por el Instituto Interamericano para la Investigaci\u00f3n del Cambio Global (IAI), la Organizaci\u00f3n Panamericana de la Salud (OPS), y el Consorcio Mundial de Educaci\u00f3n sobre el Clima y la Salud (GCCHE) basado [&hellip;]\" \/>\n<meta property=\"og:url\" content=\"https:\/\/iai.int\/es\/curso-respuesta-al-cambio-climatico-para-la-salud-en-latinoamerica\/\" \/>\n<meta property=\"og:site_name\" content=\"IAI - Inter-American Institute for Global Change Research\" \/>\n<meta property=\"og:image\" content=\"https:\/\/iai.int\/administrador\/assets\/images\/ckfinder\/files\/gcche_latinam_forest.jpg\" \/>\n<meta name=\"twitter:card\" content=\"summary_large_image\" \/>\n<meta name=\"twitter:label1\" content=\"Tiempo de lectura\" \/>\n\t<meta name=\"twitter:data1\" content=\"5 minutos\" \/>\n<script type=\"application\/ld+json\" class=\"yoast-schema-graph\">{\"@context\":\"https:\\\/\\\/schema.org\",\"@graph\":[{\"@type\":\"WebPage\",\"@id\":\"https:\\\/\\\/iai.int\\\/es\\\/curso-respuesta-al-cambio-climatico-para-la-salud-en-latinoamerica\\\/\",\"url\":\"https:\\\/\\\/iai.int\\\/es\\\/curso-respuesta-al-cambio-climatico-para-la-salud-en-latinoamerica\\\/\",\"name\":\"CURSO RESPUESTA AL CAMBIO CLIM\u00c1TICO PARA LA SALUD EN LATINOAM\u00c9RICA - IAI - Inter-American Institute for Global Change Research\",\"isPartOf\":{\"@id\":\"https:\\\/\\\/iai.int\\\/es\\\/#website\"},\"primaryImageOfPage\":{\"@id\":\"https:\\\/\\\/iai.int\\\/es\\\/curso-respuesta-al-cambio-climatico-para-la-salud-en-latinoamerica\\\/#primaryimage\"},\"image\":{\"@id\":\"https:\\\/\\\/iai.int\\\/es\\\/curso-respuesta-al-cambio-climatico-para-la-salud-en-latinoamerica\\\/#primaryimage\"},\"thumbnailUrl\":\"https:\\\/\\\/iai.int\\\/administrador\\\/assets\\\/images\\\/ckfinder\\\/files\\\/gcche_latinam_forest.jpg\",\"datePublished\":\"2024-09-14T22:51:52+00:00\",\"breadcrumb\":{\"@id\":\"https:\\\/\\\/iai.int\\\/es\\\/curso-respuesta-al-cambio-climatico-para-la-salud-en-latinoamerica\\\/#breadcrumb\"},\"inLanguage\":\"es\",\"potentialAction\":[{\"@type\":\"ReadAction\",\"target\":[\"https:\\\/\\\/iai.int\\\/es\\\/curso-respuesta-al-cambio-climatico-para-la-salud-en-latinoamerica\\\/\"]}]},{\"@type\":\"ImageObject\",\"inLanguage\":\"es\",\"@id\":\"https:\\\/\\\/iai.int\\\/es\\\/curso-respuesta-al-cambio-climatico-para-la-salud-en-latinoamerica\\\/#primaryimage\",\"url\":\"https:\\\/\\\/iai.int\\\/administrador\\\/assets\\\/images\\\/ckfinder\\\/files\\\/gcche_latinam_forest.jpg\",\"contentUrl\":\"https:\\\/\\\/iai.int\\\/administrador\\\/assets\\\/images\\\/ckfinder\\\/files\\\/gcche_latinam_forest.jpg\"},{\"@type\":\"BreadcrumbList\",\"@id\":\"https:\\\/\\\/iai.int\\\/es\\\/curso-respuesta-al-cambio-climatico-para-la-salud-en-latinoamerica\\\/#breadcrumb\",\"itemListElement\":[{\"@type\":\"ListItem\",\"position\":1,\"name\":\"Portada\",\"item\":\"https:\\\/\\\/iai.int\\\/es\\\/\"},{\"@type\":\"ListItem\",\"position\":2,\"name\":\"CURSO RESPUESTA AL CAMBIO CLIM\u00c1TICO PARA LA SALUD EN LATINOAM\u00c9RICA\"}]},{\"@type\":\"WebSite\",\"@id\":\"https:\\\/\\\/iai.int\\\/es\\\/#website\",\"url\":\"https:\\\/\\\/iai.int\\\/es\\\/\",\"name\":\"IAI - Inter-American Institute for Global Change Research\",\"description\":\"\",\"publisher\":{\"@id\":\"https:\\\/\\\/iai.int\\\/es\\\/#organization\"},\"potentialAction\":[{\"@type\":\"SearchAction\",\"target\":{\"@type\":\"EntryPoint\",\"urlTemplate\":\"https:\\\/\\\/iai.int\\\/es\\\/?s={search_term_string}\"},\"query-input\":{\"@type\":\"PropertyValueSpecification\",\"valueRequired\":true,\"valueName\":\"search_term_string\"}}],\"inLanguage\":\"es\"},{\"@type\":\"Organization\",\"@id\":\"https:\\\/\\\/iai.int\\\/es\\\/#organization\",\"name\":\"IAI - Inter-American Institute for Global Change Research\",\"url\":\"https:\\\/\\\/iai.int\\\/es\\\/\",\"logo\":{\"@type\":\"ImageObject\",\"inLanguage\":\"es\",\"@id\":\"https:\\\/\\\/iai.int\\\/es\\\/#\\\/schema\\\/logo\\\/image\\\/\",\"url\":\"https:\\\/\\\/iai.int\\\/wp-content\\\/uploads\\\/2025\\\/11\\\/IAI-logo-English-scaled.png\",\"contentUrl\":\"https:\\\/\\\/iai.int\\\/wp-content\\\/uploads\\\/2025\\\/11\\\/IAI-logo-English-scaled.png\",\"width\":2560,\"height\":985,\"caption\":\"IAI - Inter-American Institute for Global Change Research\"},\"image\":{\"@id\":\"https:\\\/\\\/iai.int\\\/es\\\/#\\\/schema\\\/logo\\\/image\\\/\"}}]}<\/script>\n<!-- \/ Yoast SEO plugin. -->","yoast_head_json":{"title":"CURSO RESPUESTA AL CAMBIO CLIM\u00c1TICO PARA LA SALUD EN LATINOAM\u00c9RICA - IAI - Inter-American Institute for Global Change Research","robots":{"index":"index","follow":"follow","max-snippet":"max-snippet:-1","max-image-preview":"max-image-preview:large","max-video-preview":"max-video-preview:-1"},"canonical":"https:\/\/iai.int\/es\/curso-respuesta-al-cambio-climatico-para-la-salud-en-latinoamerica\/","og_locale":"es_ES","og_type":"article","og_title":"CURSO RESPUESTA AL CAMBIO CLIM\u00c1TICO PARA LA SALUD EN LATINOAM\u00c9RICA - IAI - Inter-American Institute for Global Change Research","og_description":"\u00abRespuesta al cambio clim\u00e1tico para la salud en Am\u00e9rica Latina\u00bb es un curso autogestionado, abierto y gratuito con certificado que ha sido organizado por el Instituto Interamericano para la Investigaci\u00f3n del Cambio Global (IAI), la Organizaci\u00f3n Panamericana de la Salud (OPS), y el Consorcio Mundial de Educaci\u00f3n sobre el Clima y la Salud (GCCHE) basado [&hellip;]","og_url":"https:\/\/iai.int\/es\/curso-respuesta-al-cambio-climatico-para-la-salud-en-latinoamerica\/","og_site_name":"IAI - Inter-American Institute for Global Change Research","og_image":[{"url":"https:\/\/iai.int\/administrador\/assets\/images\/ckfinder\/files\/gcche_latinam_forest.jpg","type":"","width":"","height":""}],"twitter_card":"summary_large_image","twitter_misc":{"Tiempo de lectura":"5 minutos"},"schema":{"@context":"https:\/\/schema.org","@graph":[{"@type":"WebPage","@id":"https:\/\/iai.int\/es\/curso-respuesta-al-cambio-climatico-para-la-salud-en-latinoamerica\/","url":"https:\/\/iai.int\/es\/curso-respuesta-al-cambio-climatico-para-la-salud-en-latinoamerica\/","name":"CURSO RESPUESTA AL CAMBIO CLIM\u00c1TICO PARA LA SALUD EN LATINOAM\u00c9RICA - IAI - Inter-American Institute for Global Change Research","isPartOf":{"@id":"https:\/\/iai.int\/es\/#website"},"primaryImageOfPage":{"@id":"https:\/\/iai.int\/es\/curso-respuesta-al-cambio-climatico-para-la-salud-en-latinoamerica\/#primaryimage"},"image":{"@id":"https:\/\/iai.int\/es\/curso-respuesta-al-cambio-climatico-para-la-salud-en-latinoamerica\/#primaryimage"},"thumbnailUrl":"https:\/\/iai.int\/administrador\/assets\/images\/ckfinder\/files\/gcche_latinam_forest.jpg","datePublished":"2024-09-14T22:51:52+00:00","breadcrumb":{"@id":"https:\/\/iai.int\/es\/curso-respuesta-al-cambio-climatico-para-la-salud-en-latinoamerica\/#breadcrumb"},"inLanguage":"es","potentialAction":[{"@type":"ReadAction","target":["https:\/\/iai.int\/es\/curso-respuesta-al-cambio-climatico-para-la-salud-en-latinoamerica\/"]}]},{"@type":"ImageObject","inLanguage":"es","@id":"https:\/\/iai.int\/es\/curso-respuesta-al-cambio-climatico-para-la-salud-en-latinoamerica\/#primaryimage","url":"https:\/\/iai.int\/administrador\/assets\/images\/ckfinder\/files\/gcche_latinam_forest.jpg","contentUrl":"https:\/\/iai.int\/administrador\/assets\/images\/ckfinder\/files\/gcche_latinam_forest.jpg"},{"@type":"BreadcrumbList","@id":"https:\/\/iai.int\/es\/curso-respuesta-al-cambio-climatico-para-la-salud-en-latinoamerica\/#breadcrumb","itemListElement":[{"@type":"ListItem","position":1,"name":"Portada","item":"https:\/\/iai.int\/es\/"},{"@type":"ListItem","position":2,"name":"CURSO RESPUESTA AL CAMBIO CLIM\u00c1TICO PARA LA SALUD EN LATINOAM\u00c9RICA"}]},{"@type":"WebSite","@id":"https:\/\/iai.int\/es\/#website","url":"https:\/\/iai.int\/es\/","name":"IAI - Inter-American Institute for Global Change Research","description":"","publisher":{"@id":"https:\/\/iai.int\/es\/#organization"},"potentialAction":[{"@type":"SearchAction","target":{"@type":"EntryPoint","urlTemplate":"https:\/\/iai.int\/es\/?s={search_term_string}"},"query-input":{"@type":"PropertyValueSpecification","valueRequired":true,"valueName":"search_term_string"}}],"inLanguage":"es"},{"@type":"Organization","@id":"https:\/\/iai.int\/es\/#organization","name":"IAI - Inter-American Institute for Global Change Research","url":"https:\/\/iai.int\/es\/","logo":{"@type":"ImageObject","inLanguage":"es","@id":"https:\/\/iai.int\/es\/#\/schema\/logo\/image\/","url":"https:\/\/iai.int\/wp-content\/uploads\/2025\/11\/IAI-logo-English-scaled.png","contentUrl":"https:\/\/iai.int\/wp-content\/uploads\/2025\/11\/IAI-logo-English-scaled.png","width":2560,"height":985,"caption":"IAI - Inter-American Institute for Global Change Research"},"image":{"@id":"https:\/\/iai.int\/es\/#\/schema\/logo\/image\/"}}]}},"uagb_featured_image_src":{"full":false,"thumbnail":false,"medium":false,"medium_large":false,"large":false,"1536x1536":false,"2048x2048":false},"uagb_author_info":{"display_name":"admin","author_link":"https:\/\/iai.int\/es\/author\/admin\/"},"uagb_comment_info":0,"uagb_excerpt":"\u00abRespuesta al cambio clim\u00e1tico para la salud en Am\u00e9rica Latina\u00bb es un curso autogestionado, abierto y gratuito con certificado que ha sido organizado por el Instituto Interamericano para la Investigaci\u00f3n del Cambio Global (IAI), la Organizaci\u00f3n Panamericana de la Salud (OPS), y el Consorcio Mundial de Educaci\u00f3n sobre el Clima y la Salud (GCCHE) basado&hellip;","_links":{"self":[{"href":"https:\/\/iai.int\/es\/wp-json\/wp\/v2\/pages\/760","targetHints":{"allow":["GET"]}}],"collection":[{"href":"https:\/\/iai.int\/es\/wp-json\/wp\/v2\/pages"}],"about":[{"href":"https:\/\/iai.int\/es\/wp-json\/wp\/v2\/types\/page"}],"author":[{"embeddable":true,"href":"https:\/\/iai.int\/es\/wp-json\/wp\/v2\/users\/1"}],"replies":[{"embeddable":true,"href":"https:\/\/iai.int\/es\/wp-json\/wp\/v2\/comments?post=760"}],"version-history":[{"count":1,"href":"https:\/\/iai.int\/es\/wp-json\/wp\/v2\/pages\/760\/revisions"}],"predecessor-version":[{"id":762,"href":"https:\/\/iai.int\/es\/wp-json\/wp\/v2\/pages\/760\/revisions\/762"}],"wp:attachment":[{"href":"https:\/\/iai.int\/es\/wp-json\/wp\/v2\/media?parent=760"}],"curies":[{"name":"wp","href":"https:\/\/api.w.org\/{rel}","templated":true}]}}