{"id":757,"date":"2024-09-14T19:50:03","date_gmt":"2024-09-14T22:50:03","guid":{"rendered":"https:\/\/iai.int\/?page_id=757"},"modified":"2024-09-14T19:50:03","modified_gmt":"2024-09-14T22:50:03","slug":"grabaciones-del-evento-taller-de-redes-sociales","status":"publish","type":"page","link":"https:\/\/iai.int\/es\/grabaciones-del-evento-taller-de-redes-sociales\/","title":{"rendered":"Grabaciones del Evento TALLER DE REDES SOCIALES"},"content":{"rendered":"\n<p>15 de Diciembre 2022<\/p>\n\n\n\n<h3 class=\"wp-block-heading\">Impulsar (re)acciones en cambio global con Pablo Monta\u00f1o<\/h3>\n\n\n\n<p>El IAI, en alianza con Latinoam\u00e9rica 21, recientemente organiz\u00f3 el taller en redes sociales con Pablo Monta\u00f1o. \u00c9l es polit\u00f3logo por el ITESO y maestro en medio ambiente y desarrollo sustentable por la Universidad del Colegio de Londres. Actualmente es coordinador de Conexiones Clim\u00e1ticas, organizaci\u00f3n dedicada a la comunicaci\u00f3n de la crisis clim\u00e1tica, y adem\u00e1s, es productor y guionista de la serie de documentales El Tema. Ha sido profesor de ecolog\u00eda pol\u00edtica y de formas de organizaci\u00f3n frente a la crisis clim\u00e1tica.<\/p>\n\n\n\n<figure class=\"wp-block-embed is-type-rich is-provider-gestor-del-servicio wp-block-embed-gestor-del-servicio wp-embed-aspect-4-3 wp-has-aspect-ratio\"><div class=\"wp-block-embed__wrapper\">\n<iframe title=\"TALLER DE REDES SOCIALES - Impulsar (re)acciones en cambio global\" width=\"800\" height=\"600\" src=\"https:\/\/www.youtube.com\/embed\/aihU9idDwbw?feature=oembed\" frameborder=\"0\" allow=\"accelerometer; autoplay; clipboard-write; encrypted-media; gyroscope; picture-in-picture; web-share\" referrerpolicy=\"strict-origin-when-cross-origin\" allowfullscreen><\/iframe>\n<\/div><\/figure>\n","protected":false},"excerpt":{"rendered":"<p>15 de Diciembre 2022 Impulsar (re)acciones en cambio global con Pablo Monta\u00f1o El IAI, en alianza con Latinoam\u00e9rica 21, recientemente organiz\u00f3 el taller en redes sociales con Pablo Monta\u00f1o. \u00c9l es polit\u00f3logo por el ITESO y maestro en medio ambiente y desarrollo sustentable por la Universidad del Colegio de Londres. Actualmente es coordinador de Conexiones [&hellip;]<\/p>\n","protected":false},"author":1,"featured_media":0,"parent":0,"menu_order":0,"comment_status":"closed","ping_status":"closed","template":"","meta":{"_acf_changed":false,"_uag_custom_page_level_css":"","footnotes":""},"class_list":["post-757","page","type-page","status-publish","hentry"],"acf":[],"yoast_head":"<!-- This site is optimized with the Yoast SEO plugin v27.3 - https:\/\/yoast.com\/product\/yoast-seo-wordpress\/ -->\n<title>Grabaciones del Evento TALLER DE REDES SOCIALES - IAI - Inter-American Institute for Global Change Research<\/title>\n<meta name=\"robots\" content=\"index, follow, max-snippet:-1, max-image-preview:large, max-video-preview:-1\" \/>\n<link rel=\"canonical\" href=\"https:\/\/iai.int\/es\/grabaciones-del-evento-taller-de-redes-sociales\/\" \/>\n<meta property=\"og:locale\" content=\"es_ES\" \/>\n<meta property=\"og:type\" content=\"article\" \/>\n<meta property=\"og:title\" content=\"Grabaciones del Evento TALLER DE REDES SOCIALES - IAI - Inter-American Institute for Global Change Research\" \/>\n<meta property=\"og:description\" content=\"15 de Diciembre 2022 Impulsar (re)acciones en cambio global con Pablo Monta\u00f1o El IAI, en alianza con Latinoam\u00e9rica 21, recientemente organiz\u00f3 el taller en redes sociales con Pablo Monta\u00f1o. \u00c9l es polit\u00f3logo por el ITESO y maestro en medio ambiente y desarrollo sustentable por la Universidad del Colegio de Londres. Actualmente es coordinador de Conexiones [&hellip;]\" \/>\n<meta property=\"og:url\" content=\"https:\/\/iai.int\/es\/grabaciones-del-evento-taller-de-redes-sociales\/\" \/>\n<meta property=\"og:site_name\" content=\"IAI - Inter-American Institute for Global Change Research\" \/>\n<meta name=\"twitter:card\" content=\"summary_large_image\" \/>\n<meta name=\"twitter:label1\" content=\"Tiempo de lectura\" \/>\n\t<meta name=\"twitter:data1\" content=\"1 minuto\" \/>\n<script type=\"application\/ld+json\" class=\"yoast-schema-graph\">{\"@context\":\"https:\\\/\\\/schema.org\",\"@graph\":[{\"@type\":\"WebPage\",\"@id\":\"https:\\\/\\\/iai.int\\\/es\\\/grabaciones-del-evento-taller-de-redes-sociales\\\/\",\"url\":\"https:\\\/\\\/iai.int\\\/es\\\/grabaciones-del-evento-taller-de-redes-sociales\\\/\",\"name\":\"Grabaciones del Evento TALLER DE REDES SOCIALES - IAI - Inter-American Institute for Global Change Research\",\"isPartOf\":{\"@id\":\"https:\\\/\\\/iai.int\\\/es\\\/#website\"},\"datePublished\":\"2024-09-14T22:50:03+00:00\",\"breadcrumb\":{\"@id\":\"https:\\\/\\\/iai.int\\\/es\\\/grabaciones-del-evento-taller-de-redes-sociales\\\/#breadcrumb\"},\"inLanguage\":\"es\",\"potentialAction\":[{\"@type\":\"ReadAction\",\"target\":[\"https:\\\/\\\/iai.int\\\/es\\\/grabaciones-del-evento-taller-de-redes-sociales\\\/\"]}]},{\"@type\":\"BreadcrumbList\",\"@id\":\"https:\\\/\\\/iai.int\\\/es\\\/grabaciones-del-evento-taller-de-redes-sociales\\\/#breadcrumb\",\"itemListElement\":[{\"@type\":\"ListItem\",\"position\":1,\"name\":\"Portada\",\"item\":\"https:\\\/\\\/iai.int\\\/es\\\/\"},{\"@type\":\"ListItem\",\"position\":2,\"name\":\"Grabaciones del Evento TALLER DE REDES SOCIALES\"}]},{\"@type\":\"WebSite\",\"@id\":\"https:\\\/\\\/iai.int\\\/es\\\/#website\",\"url\":\"https:\\\/\\\/iai.int\\\/es\\\/\",\"name\":\"IAI - Inter-American Institute for Global Change Research\",\"description\":\"\",\"publisher\":{\"@id\":\"https:\\\/\\\/iai.int\\\/es\\\/#organization\"},\"potentialAction\":[{\"@type\":\"SearchAction\",\"target\":{\"@type\":\"EntryPoint\",\"urlTemplate\":\"https:\\\/\\\/iai.int\\\/es\\\/?s={search_term_string}\"},\"query-input\":{\"@type\":\"PropertyValueSpecification\",\"valueRequired\":true,\"valueName\":\"search_term_string\"}}],\"inLanguage\":\"es\"},{\"@type\":\"Organization\",\"@id\":\"https:\\\/\\\/iai.int\\\/es\\\/#organization\",\"name\":\"IAI - Inter-American Institute for Global Change Research\",\"url\":\"https:\\\/\\\/iai.int\\\/es\\\/\",\"logo\":{\"@type\":\"ImageObject\",\"inLanguage\":\"es\",\"@id\":\"https:\\\/\\\/iai.int\\\/es\\\/#\\\/schema\\\/logo\\\/image\\\/\",\"url\":\"https:\\\/\\\/iai.int\\\/wp-content\\\/uploads\\\/2025\\\/11\\\/IAI-logo-English-scaled.png\",\"contentUrl\":\"https:\\\/\\\/iai.int\\\/wp-content\\\/uploads\\\/2025\\\/11\\\/IAI-logo-English-scaled.png\",\"width\":2560,\"height\":985,\"caption\":\"IAI - Inter-American Institute for Global Change Research\"},\"image\":{\"@id\":\"https:\\\/\\\/iai.int\\\/es\\\/#\\\/schema\\\/logo\\\/image\\\/\"}}]}<\/script>\n<!-- \/ Yoast SEO plugin. -->","yoast_head_json":{"title":"Grabaciones del Evento TALLER DE REDES SOCIALES - IAI - Inter-American Institute for Global Change Research","robots":{"index":"index","follow":"follow","max-snippet":"max-snippet:-1","max-image-preview":"max-image-preview:large","max-video-preview":"max-video-preview:-1"},"canonical":"https:\/\/iai.int\/es\/grabaciones-del-evento-taller-de-redes-sociales\/","og_locale":"es_ES","og_type":"article","og_title":"Grabaciones del Evento TALLER DE REDES SOCIALES - IAI - Inter-American Institute for Global Change Research","og_description":"15 de Diciembre 2022 Impulsar (re)acciones en cambio global con Pablo Monta\u00f1o El IAI, en alianza con Latinoam\u00e9rica 21, recientemente organiz\u00f3 el taller en redes sociales con Pablo Monta\u00f1o. \u00c9l es polit\u00f3logo por el ITESO y maestro en medio ambiente y desarrollo sustentable por la Universidad del Colegio de Londres. Actualmente es coordinador de Conexiones [&hellip;]","og_url":"https:\/\/iai.int\/es\/grabaciones-del-evento-taller-de-redes-sociales\/","og_site_name":"IAI - Inter-American Institute for Global Change Research","twitter_card":"summary_large_image","twitter_misc":{"Tiempo de lectura":"1 minuto"},"schema":{"@context":"https:\/\/schema.org","@graph":[{"@type":"WebPage","@id":"https:\/\/iai.int\/es\/grabaciones-del-evento-taller-de-redes-sociales\/","url":"https:\/\/iai.int\/es\/grabaciones-del-evento-taller-de-redes-sociales\/","name":"Grabaciones del Evento TALLER DE REDES SOCIALES - IAI - Inter-American Institute for Global Change Research","isPartOf":{"@id":"https:\/\/iai.int\/es\/#website"},"datePublished":"2024-09-14T22:50:03+00:00","breadcrumb":{"@id":"https:\/\/iai.int\/es\/grabaciones-del-evento-taller-de-redes-sociales\/#breadcrumb"},"inLanguage":"es","potentialAction":[{"@type":"ReadAction","target":["https:\/\/iai.int\/es\/grabaciones-del-evento-taller-de-redes-sociales\/"]}]},{"@type":"BreadcrumbList","@id":"https:\/\/iai.int\/es\/grabaciones-del-evento-taller-de-redes-sociales\/#breadcrumb","itemListElement":[{"@type":"ListItem","position":1,"name":"Portada","item":"https:\/\/iai.int\/es\/"},{"@type":"ListItem","position":2,"name":"Grabaciones del Evento TALLER DE REDES SOCIALES"}]},{"@type":"WebSite","@id":"https:\/\/iai.int\/es\/#website","url":"https:\/\/iai.int\/es\/","name":"IAI - Inter-American Institute for Global Change Research","description":"","publisher":{"@id":"https:\/\/iai.int\/es\/#organization"},"potentialAction":[{"@type":"SearchAction","target":{"@type":"EntryPoint","urlTemplate":"https:\/\/iai.int\/es\/?s={search_term_string}"},"query-input":{"@type":"PropertyValueSpecification","valueRequired":true,"valueName":"search_term_string"}}],"inLanguage":"es"},{"@type":"Organization","@id":"https:\/\/iai.int\/es\/#organization","name":"IAI - Inter-American Institute for Global Change Research","url":"https:\/\/iai.int\/es\/","logo":{"@type":"ImageObject","inLanguage":"es","@id":"https:\/\/iai.int\/es\/#\/schema\/logo\/image\/","url":"https:\/\/iai.int\/wp-content\/uploads\/2025\/11\/IAI-logo-English-scaled.png","contentUrl":"https:\/\/iai.int\/wp-content\/uploads\/2025\/11\/IAI-logo-English-scaled.png","width":2560,"height":985,"caption":"IAI - Inter-American Institute for Global Change Research"},"image":{"@id":"https:\/\/iai.int\/es\/#\/schema\/logo\/image\/"}}]}},"uagb_featured_image_src":{"full":false,"thumbnail":false,"medium":false,"medium_large":false,"large":false,"1536x1536":false,"2048x2048":false},"uagb_author_info":{"display_name":"admin","author_link":"https:\/\/iai.int\/es\/author\/admin\/"},"uagb_comment_info":0,"uagb_excerpt":"15 de Diciembre 2022 Impulsar (re)acciones en cambio global con Pablo Monta\u00f1o El IAI, en alianza con Latinoam\u00e9rica 21, recientemente organiz\u00f3 el taller en redes sociales con Pablo Monta\u00f1o. \u00c9l es polit\u00f3logo por el ITESO y maestro en medio ambiente y desarrollo sustentable por la Universidad del Colegio de Londres. Actualmente es coordinador de Conexiones&hellip;","_links":{"self":[{"href":"https:\/\/iai.int\/es\/wp-json\/wp\/v2\/pages\/757","targetHints":{"allow":["GET"]}}],"collection":[{"href":"https:\/\/iai.int\/es\/wp-json\/wp\/v2\/pages"}],"about":[{"href":"https:\/\/iai.int\/es\/wp-json\/wp\/v2\/types\/page"}],"author":[{"embeddable":true,"href":"https:\/\/iai.int\/es\/wp-json\/wp\/v2\/users\/1"}],"replies":[{"embeddable":true,"href":"https:\/\/iai.int\/es\/wp-json\/wp\/v2\/comments?post=757"}],"version-history":[{"count":1,"href":"https:\/\/iai.int\/es\/wp-json\/wp\/v2\/pages\/757\/revisions"}],"predecessor-version":[{"id":759,"href":"https:\/\/iai.int\/es\/wp-json\/wp\/v2\/pages\/757\/revisions\/759"}],"wp:attachment":[{"href":"https:\/\/iai.int\/es\/wp-json\/wp\/v2\/media?parent=757"}],"curies":[{"name":"wp","href":"https:\/\/api.w.org\/{rel}","templated":true}]}}