{"id":755,"date":"2024-09-14T19:49:04","date_gmt":"2024-09-14T22:49:04","guid":{"rendered":"https:\/\/iai.int\/?page_id=755"},"modified":"2024-09-14T19:49:04","modified_gmt":"2024-09-14T22:49:04","slug":"curso-panamericano-de-resiliencia-para-sistemas-de-salud","status":"publish","type":"page","link":"https:\/\/iai.int\/es\/curso-panamericano-de-resiliencia-para-sistemas-de-salud\/","title":{"rendered":"Curso panamericano de resiliencia para sistemas de salud"},"content":{"rendered":"\n<p><a href=\"https:\/\/iai.int\/en\/post\/detail\/Systemes-de-sante-panamericains-resilients-face-au-climat\"><strong>Acc\u00e9der \u00e0 la version fran\u00e7aise<\/strong><\/a><\/p>\n\n\n\n<figure class=\"wp-block-image\"><img decoding=\"async\" src=\"https:\/\/iai.int\/administrador\/assets\/images\/ckfinder\/files\/pan.png\" alt=\"\"\/><\/figure>\n\n\n\n<p><strong>Introducci\u00f3n<\/strong><\/p>\n\n\n\n<p>Los sistemas de salud, incluidos los hospitales, est\u00e1n en primera l\u00ednea del cambio clim\u00e1tico. Los sistemas de salud cargan los costos del aumento de enfermedades y los efectos del clima extremo, al tiempo que contribuyen inadvertidamente a los efectos negativos relacionados con el medio ambiente y el clima.<\/p>\n\n\n\n<p>La meta de este curso es preparar a planificadores de sistemas de salud federales, estatales y locales, tambi\u00e9n administradores de hospitales y otros profesionales en el sector de salud o sostenibilidad, con el conocimiento y herramientas necesarios para prepararse ante el cambio clim\u00e1tico. Esto incluye, c\u00f3mo aplicar las mejores pr\u00e1cticas para evaluar las vulnerabilidades del sistema sanitario, las opciones de adaptaci\u00f3n, medir y supervisar la resistencia clim\u00e1tica, la sostenibilidad medioambiental de los sistemas sanitarios y&nbsp; como emprender la ecologizaci\u00f3n del sistema sanitario, todo ello integrando la equidad sanitaria y llevando a cabo una amplia participaci\u00f3n de las partes interesadas.<\/p>\n\n\n\n<p>HealthCanada, la Organizaci\u00f3n Panamericana de la Salud, el Instituto Interamericano de Investigaci\u00f3n de Cambio (Inter-American Institute for Global Change Research) y el Consorcio Global sobre Educaci\u00f3n en Clima y Salud (Global Consortium on Climate Health and Education) han coorganizado este curso, con aportaciones de los ministerios de salud y medio ambiente y de las comunidades de la sociedad civil, dedicadas a la pr\u00e1ctica del clima y la salud en todo el continente americano.<\/p>\n\n\n\n<figure class=\"wp-block-image\"><img decoding=\"async\" src=\"https:\/\/iai.int\/administrador\/assets\/images\/ckfinder\/files\/screen_shot_2022-12-13_at_1_08_57_pm.png\" alt=\"\"\/><\/figure>\n\n\n\n<p><strong>Objetivos del curso<\/strong><\/p>\n\n\n\n<p>Al finalizar este curso, los participantes podr\u00e1n:<\/p>\n\n\n\n<ul class=\"wp-block-list\">\n<li>Explicar los retos del sistema de salud y salud mental a socios importantes y al p\u00fablico en general.<\/li>\n\n\n\n<li>Aplicar la metodolog\u00eda para evaluar las vulnerabilidades y adaptaci\u00f3n de sistemas de salud en cualquier contexto.<\/li>\n\n\n\n<li>Aplicar estrategias para medir y supervisar la sostenibilidad ecol\u00f3gica de sistemas de salud e identificar oportunidades para ecologizar sistemas de salud.<\/li>\n\n\n\n<li>Agregar un enfoque de equidad en salud durante el proceso de descarburar los sistemas de salud y crear resiliencia al clima.<\/li>\n\n\n\n<li>Desarrollar un plan de preparaci\u00f3n para su organizaci\u00f3n de salud contra los impactos clim\u00e1ticos espec\u00edficos en la regi\u00f3n y comunicar a los socios importantes sobre este tema.<\/li>\n<\/ul>\n\n\n\n<p><strong>Estructura del curso<\/strong><\/p>\n\n\n\n<p>El curso consiste en sesiones virtuales en vivo de 90 minutos, 2 veces a la semana (martes y jueves) en ingl\u00e9s, espa\u00f1ol y&nbsp; franc\u00e9s con interpretaci\u00f3n en vivo. Cada sesi\u00f3n tiene 40 minutos de teor\u00eda seguidos de 1-2 casos presentando acciones sanitarias en toda Am\u00e9rica.&nbsp; Habr\u00e1 una oportunidad para preguntas, las cuales el equipo del programa coordinar\u00e1 y que responder\u00e1n los profesores expertos. Despu\u00e9s de cada sesi\u00f3n se facilitar\u00e1n a todos los participantes recursos como marcos de referencia y lecturas sugeridas. Las grabaciones de v\u00eddeo estar\u00e1n disponibles despu\u00e9s de cada sesi\u00f3n.<\/p>\n\n\n\n<h3 class=\"wp-block-heading\"><strong>Temario:<\/strong><\/h3>\n\n\n\n<p><strong>1) Sistemas de salud afectados por el cambio clim\u00e1tico<\/strong><\/p>\n\n\n\n<p><strong>PONENTES:<\/strong><\/p>\n\n\n\n<ul class=\"wp-block-list\">\n<li>Carolyn Tateishi, Directora, Oficina de Cambio Clim\u00e1tico e Innovaci\u00f3n, Ministerio de Sanidad de Canad\u00e1<\/li>\n\n\n\n<li>Marcos Regis da Silva, PhD, Director Ejecutivo del Instituto Interamericano para la Investigaci\u00f3n del Cambio Global (IAI)<\/li>\n\n\n\n<li>Daniel Buss, PhD, Jefe de Unidad, Cambio Clim\u00e1tico y Determinantes Ambientales de la Salud. Organizaci\u00f3n Panamericana de la Salud (OPS)<\/li>\n\n\n\n<li>Cecilia Sorensen, MD, Directora, GCCHE<\/li>\n\n\n\n<li>Michael J. Dowling, Consejero Delegado de Northwell Health<\/li>\n\n\n\n<li>Ministerio de Sanidad de Bahamas<\/li>\n\n\n\n<li>Avriel Rose Diaz, PhD, Director Ejecutivo de Walking Palms Global Health<\/li>\n\n\n\n<li>Courtney Howard, MD, M\u00e9dico de Urgencias<\/li>\n<\/ul>\n\n\n\n<p><strong>Contenido y recursos:<\/strong><\/p>\n\n\n\n<p><a href=\"https:\/\/youtu.be\/5lGFCE2BFL0\"><strong>GRABACI\u00d3N DE VIDEO<\/strong><\/a><\/p>\n\n\n\n<p><a href=\"https:\/\/iai.int\/administrador\/assets\/images\/ckfinder\/files\/gcche_ResilienceCourse_Ses1_2LOs.pdf\"><strong>Sesiones 1 y 2: Objetivos y recursos<\/strong><\/a><\/p>\n\n\n\n<p><a href=\"https:\/\/iai.int\/administrador\/assets\/images\/ckfinder\/files\/Resilience%20Course%20Session%201%20Slides%20.pdf\"><strong>Diapositivas<\/strong><\/a> &#8211; Lectura y caso<\/p>\n\n\n\n<p><strong>2) Evaluaci\u00f3n de los riesgos a la salud humana y a los sistemas de salud por el cambio clim\u00e1tico<\/strong><\/p>\n\n\n\n<p><strong>PONENTES:<\/strong><\/p>\n\n\n\n<ul class=\"wp-block-list\">\n<li>Kristie L Ebi, PhD, Profesora, Centro de Salud y Medio Ambiente Mundial, Universidad de Washington<\/li>\n\n\n\n<li>Anahi Membribe, consultora externa OPS Proyecto Readiness Argentina para la provincia de Neuqu\u00e9n<\/li>\n\n\n\n<li>Mercy Borbor-C\u00f3rdova, PhD,\u00a0 Escuela Superior Polit\u00e9cnica del Litoral, Guayaquil, Ecuador<\/li>\n\n\n\n<li>Matt Wolff, Director del Programa de Clima y Salud, Departamento de Salud P\u00fablica de San Francisco Programa de Clima y Salud<\/li>\n<\/ul>\n\n\n\n<p><strong>Contenido y recursos:<\/strong><\/p>\n\n\n\n<p><a href=\"https:\/\/youtu.be\/kcNlOwxAnAM\"><strong>GRABACI\u00d3N DE VIDEO<\/strong><\/a><\/p>\n\n\n\n<p><a href=\"https:\/\/iai.int\/administrador\/assets\/images\/ckfinder\/files\/gcche_ResilienceCourse_Ses1_2LOs(1).pdf\"><strong>Sesiones 1 y 2: Objetivos y recursos<\/strong><\/a><\/p>\n\n\n\n<p><a href=\"https:\/\/iai.int\/administrador\/assets\/images\/ckfinder\/files\/Resilience%20Course%20Session%202%20Slides%20(April%206).pdf\"><strong>Diapositivas<\/strong><\/a> &#8211;\u00a0 Lectura y caso<\/p>\n\n\n\n<p><strong>3) Instituciones de salud: evaluaci\u00f3n de los riesgos y las oportunidades para adaptaci\u00f3n y resiliencia<\/strong><\/p>\n\n\n\n<p><strong>PONENTES:<\/strong><\/p>\n\n\n\n<ul class=\"wp-block-list\">\n<li>Diarmid Campbell-Lendrum, Jefe de la Unidad de Cambio Clim\u00e1tico y Salud, Sede de la OMS<\/li>\n\n\n\n<li>Vital Ribeiro, Presidente del Consejo del Proyecto Hospitales Saludables de la ong y Arquitecto de la Divisi\u00f3n de Medio Ambiente de la Secretar\u00eda de Salud del Estado de S\u00e3o Paulo<\/li>\n\n\n\n<li>Judith Harvey, PhD, Consultora T\u00e9cnica, OPS Proyecto de Instalaciones Sanitarias Inteligentes en el Caribe<\/li>\n<\/ul>\n\n\n\n<p><strong>Contenido y recursos:<\/strong><\/p>\n\n\n\n<p><a href=\"https:\/\/youtu.be\/8MPHKayeB_0\"><strong>Grabacion de video<\/strong><\/a><\/p>\n\n\n\n<p><a href=\"https:\/\/iai.int\/administrador\/assets\/images\/ckfinder\/files\/gcche_ResilienceCourse_Ses3_4LOs.pdf\"><strong>Sesiones 3 y 4: Objetivos y recursos<\/strong><\/a><\/p>\n\n\n\n<p><a href=\"https:\/\/iai.int\/administrador\/assets\/images\/ckfinder\/files\/Resilience%20Course%20Session%203%20Slides%20(April%2011).pdf\"><strong>Diapositivas<\/strong> &#8211; Lectura y caso\u00a0<\/a><\/p>\n\n\n\n<p><strong>4) Proceso de adaptaci\u00f3n en sistemas de salud: personajes principales, actividades y asociaciones<\/strong><\/p>\n\n\n\n<p><strong>PONENTES:<\/strong><\/p>\n\n\n\n<ul class=\"wp-block-list\">\n<li>Daniel Buss, PhD, Jefe de Unidad, Cambio Clim\u00e1tico y Determinantes Ambientales de la Salud. Organizaci\u00f3n Panamericana de la Salud (OPS)<\/li>\n\n\n\n<li>Carmen Ciganda, PhD, Ministerio de Salud P\u00fablica de Uruguay<\/li>\n\n\n\n<li>Craig Brown, PhD, Salud Costera de Vancouver<\/li>\n\n\n\n<li>Ahnivar Peralta, Especialista en Desarrollo de Proyectos del Centro Comunitario Caribe\u00f1o sobre el Cambio Clim\u00e1tico (CCCCC)<\/li>\n<\/ul>\n\n\n\n<p><strong>Contenido y recursos:<\/strong><\/p>\n\n\n\n<p><a href=\"https:\/\/youtu.be\/x802YUAFzhM\"><strong>Grabacion de video<\/strong><\/a><\/p>\n\n\n\n<p><a href=\"https:\/\/iai.int\/administrador\/assets\/images\/ckfinder\/files\/gcche_ResilienceCourse_Ses3_4LOs(1).pdf\"><strong>Sesiones 3 y 4: Objetivos y recursos<\/strong><\/a><\/p>\n\n\n\n<p><strong><a href=\"https:\/\/iai.int\/administrador\/assets\/images\/ckfinder\/files\/Resilience%20Course%20Session%204%20Slides%20(April%2013).pdf\">Diapositivas &#8211; Lectura y caso\u00a0<\/a><\/strong><\/p>\n\n\n\n<p><strong>5) Equidad en salud: identificaci\u00f3n de poblaciones vulnerables para la adaptaci\u00f3n y mitigaci\u00f3n<\/strong><\/p>\n\n\n\n<p><strong>PONENTES:<\/strong><\/p>\n\n\n\n<ul class=\"wp-block-list\">\n<li>Carlos Faerron Guzm\u00e1n, MD, Alianza para la Salud Planetaria de la Facultad de Salud P\u00fablica T.H. Chan de la Universidad de Harvard<\/li>\n\n\n\n<li>Vivian Camacho, PhD, Directora General del Ministerio de Salud, Bolivia<\/li>\n\n\n\n<li>John M. Balbus, MD, Director Interino, Departamento de Salud y Servicios Humanos de los Estados Unidos, Oficina de Cambio Clim\u00e1tico y Equidad en Salud<\/li>\n\n\n\n<li>B\u00e1ltica Cabieses, PhD, Profesora de epidemiolog\u00eda social, Instituto de Ciencias e Innovaci\u00f3n en Medicina (ICIM) de la Universidad del Desarrollo y Cl\u00ednica Alemana<\/li>\n<\/ul>\n\n\n\n<p><strong>Contenido y recursos:<\/strong><\/p>\n\n\n\n<p><a href=\"https:\/\/youtu.be\/j2S0vGCHy_8\"><strong>Grabacion de video<\/strong><\/a><\/p>\n\n\n\n<p><a href=\"https:\/\/iai.int\/administrador\/assets\/images\/ckfinder\/files\/gcche_ResilienceCourse_Ses5_6LOs.pdf\"><strong>Sesiones 5 y 6: Objetivos y recursos<\/strong><\/a><\/p>\n\n\n\n<p><strong><a href=\"https:\/\/iai.int\/administrador\/assets\/images\/ckfinder\/files\/Resilience%20Course%20Session%205%20Slides%20(April%2018).pdf\">Diapositivas &#8211; Lectura y caso\u00a0<\/a><\/strong><\/p>\n\n\n\n<p><strong>6) Estimaci\u00f3n de los costos del cambio clim\u00e1tico a la salud y sistemas de salud<\/strong><\/p>\n\n\n\n<p><strong>PONENTES:<\/strong><\/p>\n\n\n\n<ul class=\"wp-block-list\">\n<li>Andrea Bassi, Instituto Internacional de Desarrollo Sostenible<\/li>\n\n\n\n<li>Montira Pongsiri, PhD, Asesora Principal, Cambio Clim\u00e1tico y Salud<\/li>\n\n\n\n<li>Diego Moreno Heredia, Ministerio de Salud y Protecci\u00f3n Social de Colombia &#8211; Cambio Clim\u00e1tico y Salud<\/li>\n\n\n\n<li>Marcus Sarofim, PhD, Cient\u00edfico Medioambiental Senior, Divisi\u00f3n de Cambio Clim\u00e1tico de la EPA de EE.UU.<\/li>\n<\/ul>\n\n\n\n<p><strong>Contenido y recursos:<\/strong><\/p>\n\n\n\n<p><a href=\"https:\/\/youtu.be\/Wc-Y9uyQ9zo\"><strong>Grabacion de video<\/strong><\/a><\/p>\n\n\n\n<p><a href=\"https:\/\/iai.int\/administrador\/assets\/images\/ckfinder\/files\/gcche_ResilienceCourse_Ses5_6LOs(1).pdf\"><strong>Sesiones 5 y 6: Objetivos y recursos<\/strong><\/a><\/p>\n\n\n\n<p><strong><a href=\"https:\/\/iai.int\/administrador\/assets\/images\/ckfinder\/files\/Resilience%20Course%20Session%206%20Slides%20(April%2020).pdf\">Diapositivas &#8211; Lectura y caso<\/a><br><\/strong>\u00a0<\/p>\n\n\n\n<p><strong>7) Recomendaciones y oportunidades para reducir la huella de carbono de los sistemas de salud<\/strong><\/p>\n\n\n\n<p><strong>PONENTES:<\/strong><\/p>\n\n\n\n<ul class=\"wp-block-list\">\n<li>James Hospedales, MD, Fundador, EarthMedic\/EarthNurse<\/li>\n\n\n\n<li>Fiona Miller, PhD, Profesora, HSR &#8211; L\u00edder de \u00c9nfasis en Pol\u00edtica Sanitaria<\/li>\n\n\n\n<li>Elizabeth Schenk, PhD, RN, Directora Ejecutiva de Administraci\u00f3n Ambiental, Providence, Estados Unidos<\/li>\n\n\n\n<li>Diana Picon Manyari, Directora Internacional de Clima, Salud sin Da\u00f1o<\/li>\n<\/ul>\n\n\n\n<p><strong>Contenido y recursos:<\/strong><\/p>\n\n\n\n<p><a href=\"https:\/\/youtu.be\/LVahUSQXW7g\"><strong>Grabacion de video<\/strong><\/a><\/p>\n\n\n\n<p><a href=\"https:\/\/iai.int\/administrador\/assets\/images\/ckfinder\/files\/gcche_ResilienceCourse_Ses7_8LOs.pdf\"><strong>Sesiones 7 y 8: Objetivos y recursos<\/strong><\/a><\/p>\n\n\n\n<p><strong><a href=\"https:\/\/iai.int\/administrador\/assets\/images\/ckfinder\/files\/Resilience%20Course%20Session%207%20Slides%20(April%2025).pdf\">Diapositivas &#8211; Lectura y caso\u00a0<\/a><br><\/strong>\u00a0<\/p>\n\n\n\n<p><strong>8) Medir, monitorear y evaluar la resiliencia y sostenibilidad de sistemas de salud<\/strong><\/p>\n\n\n\n<p><strong>PONENTES:<\/strong><\/p>\n\n\n\n<ul class=\"wp-block-list\">\n<li>Peter Berry, PhD, Analista Principal de Pol\u00edticas y Asesor Cient\u00edfico al Director, Ministerio de Sanidad de Canad\u00e1<\/li>\n\n\n\n<li>Stella Hartinger, PhD, Universidad Cayetano Heredia, Unidad de Investigaci\u00f3n en Desarrollo Integral, Ambiente y Salud<\/li>\n\n\n\n<li>Anwar Mendez, MPH, Organizaci\u00f3n Panamericana de la Salud<\/li>\n<\/ul>\n\n\n\n<p><strong>Contenido y recursos:<\/strong><\/p>\n\n\n\n<p><a href=\"https:\/\/youtu.be\/iz_kIT3-mso\"><strong>Grabacion de video<\/strong><\/a><\/p>\n\n\n\n<p><a href=\"https:\/\/iai.int\/administrador\/assets\/images\/ckfinder\/files\/gcche_ResilienceCourse_Ses7_8LOs(1).pdf\"><strong>Sesiones 7 y 8: Objetivos y recursos<\/strong><\/a><\/p>\n\n\n\n<p><strong><a href=\"https:\/\/iai.int\/administrador\/assets\/images\/ckfinder\/files\/Resilience%20Course%20Session%208%20Slides%20(April%2027).pdf\">Diapositivas &#8211; Lectura y caso<\/a><\/strong><\/p>\n\n\n\n<p><strong>9) Comunicar de manera efectiva sobre los riesgos del cambio clim\u00e1tico al p\u00fablico y partes interesadas<\/strong><\/p>\n\n\n\n<p><strong>PONENTES:<\/strong><\/p>\n\n\n\n<ul class=\"wp-block-list\">\n<li>Andrea Peve, Ministra de Salud de Neuqu\u00e9n<\/li>\n\n\n\n<li>Edward Maibach, PhD, Director del Centro de Comunicaci\u00f3n del Cambio Clim\u00e1tico de la Universidad de George Mason<\/li>\n\n\n\n<li>Roberta Stout, Asamblea de las Primeras Naciones<\/li>\n\n\n\n<li>Donna Atkinson, Centro Nacional de Colaboraci\u00f3n para la Salud Ind\u00edgena<\/li>\n\n\n\n<li>Carolina Portaluppi-Castro, Universidad Casa Grande, consultora PNUD<\/li>\n<\/ul>\n\n\n\n<p><strong>Contenido y recursos:<\/strong><\/p>\n\n\n\n<p><a href=\"https:\/\/youtu.be\/dSBXMeC_e_E\"><strong>Grabacion de video<\/strong><\/a><\/p>\n\n\n\n<p><a href=\"https:\/\/iai.int\/administrador\/assets\/images\/ckfinder\/files\/gcche_ResilienceCourse_Ses9LOs.pdf\"><strong>Sesion 9: Objetivos y recursos<\/strong><\/a><\/p>\n\n\n\n<p><a href=\"https:\/\/iai.int\/administrador\/assets\/images\/ckfinder\/files\/Resilience%20Course%20Session%209%20Slides%20(May%202).pdf\"><strong>Diapositivas &#8211; Lectura y caso\u00a0<\/strong><\/a><\/p>\n\n\n\n<figure class=\"wp-block-image\"><img decoding=\"async\" src=\"https:\/\/iai.int\/administrador\/assets\/images\/ckfinder\/files\/logos.png\" alt=\"\"\/><\/figure>\n","protected":false},"excerpt":{"rendered":"<p>Acc\u00e9der \u00e0 la version fran\u00e7aise Introducci\u00f3n Los sistemas de salud, incluidos los hospitales, est\u00e1n en primera l\u00ednea del cambio clim\u00e1tico. Los sistemas de salud cargan los costos del aumento de enfermedades y los efectos del clima extremo, al tiempo que contribuyen inadvertidamente a los efectos negativos relacionados con el medio ambiente y el clima. La [&hellip;]<\/p>\n","protected":false},"author":1,"featured_media":0,"parent":0,"menu_order":0,"comment_status":"closed","ping_status":"closed","template":"","meta":{"_acf_changed":false,"_uag_custom_page_level_css":"","footnotes":""},"class_list":["post-755","page","type-page","status-publish","hentry"],"acf":[],"yoast_head":"<!-- This site is optimized with the Yoast SEO plugin v27.3 - https:\/\/yoast.com\/product\/yoast-seo-wordpress\/ -->\n<title>Curso panamericano de resiliencia para sistemas de salud - IAI - Inter-American Institute for Global Change Research<\/title>\n<meta name=\"robots\" content=\"index, follow, max-snippet:-1, max-image-preview:large, max-video-preview:-1\" \/>\n<link rel=\"canonical\" href=\"https:\/\/iai.int\/es\/curso-panamericano-de-resiliencia-para-sistemas-de-salud\/\" \/>\n<meta property=\"og:locale\" content=\"es_ES\" \/>\n<meta property=\"og:type\" content=\"article\" \/>\n<meta property=\"og:title\" content=\"Curso panamericano de resiliencia para sistemas de salud - IAI - Inter-American Institute for Global Change Research\" \/>\n<meta property=\"og:description\" content=\"Acc\u00e9der \u00e0 la version fran\u00e7aise Introducci\u00f3n Los sistemas de salud, incluidos los hospitales, est\u00e1n en primera l\u00ednea del cambio clim\u00e1tico. Los sistemas de salud cargan los costos del aumento de enfermedades y los efectos del clima extremo, al tiempo que contribuyen inadvertidamente a los efectos negativos relacionados con el medio ambiente y el clima. La [&hellip;]\" \/>\n<meta property=\"og:url\" content=\"https:\/\/iai.int\/es\/curso-panamericano-de-resiliencia-para-sistemas-de-salud\/\" \/>\n<meta property=\"og:site_name\" content=\"IAI - Inter-American Institute for Global Change Research\" \/>\n<meta property=\"og:image\" content=\"https:\/\/iai.int\/administrador\/assets\/images\/ckfinder\/files\/pan.png\" \/>\n<meta name=\"twitter:card\" content=\"summary_large_image\" \/>\n<meta name=\"twitter:label1\" content=\"Tiempo de lectura\" \/>\n\t<meta name=\"twitter:data1\" content=\"7 minutos\" \/>\n<script type=\"application\/ld+json\" class=\"yoast-schema-graph\">{\"@context\":\"https:\\\/\\\/schema.org\",\"@graph\":[{\"@type\":\"WebPage\",\"@id\":\"https:\\\/\\\/iai.int\\\/es\\\/curso-panamericano-de-resiliencia-para-sistemas-de-salud\\\/\",\"url\":\"https:\\\/\\\/iai.int\\\/es\\\/curso-panamericano-de-resiliencia-para-sistemas-de-salud\\\/\",\"name\":\"Curso panamericano de resiliencia para sistemas de salud - IAI - Inter-American Institute for Global Change Research\",\"isPartOf\":{\"@id\":\"https:\\\/\\\/iai.int\\\/es\\\/#website\"},\"primaryImageOfPage\":{\"@id\":\"https:\\\/\\\/iai.int\\\/es\\\/curso-panamericano-de-resiliencia-para-sistemas-de-salud\\\/#primaryimage\"},\"image\":{\"@id\":\"https:\\\/\\\/iai.int\\\/es\\\/curso-panamericano-de-resiliencia-para-sistemas-de-salud\\\/#primaryimage\"},\"thumbnailUrl\":\"https:\\\/\\\/iai.int\\\/administrador\\\/assets\\\/images\\\/ckfinder\\\/files\\\/pan.png\",\"datePublished\":\"2024-09-14T22:49:04+00:00\",\"breadcrumb\":{\"@id\":\"https:\\\/\\\/iai.int\\\/es\\\/curso-panamericano-de-resiliencia-para-sistemas-de-salud\\\/#breadcrumb\"},\"inLanguage\":\"es\",\"potentialAction\":[{\"@type\":\"ReadAction\",\"target\":[\"https:\\\/\\\/iai.int\\\/es\\\/curso-panamericano-de-resiliencia-para-sistemas-de-salud\\\/\"]}]},{\"@type\":\"ImageObject\",\"inLanguage\":\"es\",\"@id\":\"https:\\\/\\\/iai.int\\\/es\\\/curso-panamericano-de-resiliencia-para-sistemas-de-salud\\\/#primaryimage\",\"url\":\"https:\\\/\\\/iai.int\\\/administrador\\\/assets\\\/images\\\/ckfinder\\\/files\\\/pan.png\",\"contentUrl\":\"https:\\\/\\\/iai.int\\\/administrador\\\/assets\\\/images\\\/ckfinder\\\/files\\\/pan.png\"},{\"@type\":\"BreadcrumbList\",\"@id\":\"https:\\\/\\\/iai.int\\\/es\\\/curso-panamericano-de-resiliencia-para-sistemas-de-salud\\\/#breadcrumb\",\"itemListElement\":[{\"@type\":\"ListItem\",\"position\":1,\"name\":\"Portada\",\"item\":\"https:\\\/\\\/iai.int\\\/es\\\/\"},{\"@type\":\"ListItem\",\"position\":2,\"name\":\"Curso panamericano de resiliencia para sistemas de salud\"}]},{\"@type\":\"WebSite\",\"@id\":\"https:\\\/\\\/iai.int\\\/es\\\/#website\",\"url\":\"https:\\\/\\\/iai.int\\\/es\\\/\",\"name\":\"IAI - Inter-American Institute for Global Change Research\",\"description\":\"\",\"publisher\":{\"@id\":\"https:\\\/\\\/iai.int\\\/es\\\/#organization\"},\"potentialAction\":[{\"@type\":\"SearchAction\",\"target\":{\"@type\":\"EntryPoint\",\"urlTemplate\":\"https:\\\/\\\/iai.int\\\/es\\\/?s={search_term_string}\"},\"query-input\":{\"@type\":\"PropertyValueSpecification\",\"valueRequired\":true,\"valueName\":\"search_term_string\"}}],\"inLanguage\":\"es\"},{\"@type\":\"Organization\",\"@id\":\"https:\\\/\\\/iai.int\\\/es\\\/#organization\",\"name\":\"IAI - Inter-American Institute for Global Change Research\",\"url\":\"https:\\\/\\\/iai.int\\\/es\\\/\",\"logo\":{\"@type\":\"ImageObject\",\"inLanguage\":\"es\",\"@id\":\"https:\\\/\\\/iai.int\\\/es\\\/#\\\/schema\\\/logo\\\/image\\\/\",\"url\":\"https:\\\/\\\/iai.int\\\/wp-content\\\/uploads\\\/2025\\\/11\\\/IAI-logo-English-scaled.png\",\"contentUrl\":\"https:\\\/\\\/iai.int\\\/wp-content\\\/uploads\\\/2025\\\/11\\\/IAI-logo-English-scaled.png\",\"width\":2560,\"height\":985,\"caption\":\"IAI - Inter-American Institute for Global Change Research\"},\"image\":{\"@id\":\"https:\\\/\\\/iai.int\\\/es\\\/#\\\/schema\\\/logo\\\/image\\\/\"}}]}<\/script>\n<!-- \/ Yoast SEO plugin. -->","yoast_head_json":{"title":"Curso panamericano de resiliencia para sistemas de salud - IAI - Inter-American Institute for Global Change Research","robots":{"index":"index","follow":"follow","max-snippet":"max-snippet:-1","max-image-preview":"max-image-preview:large","max-video-preview":"max-video-preview:-1"},"canonical":"https:\/\/iai.int\/es\/curso-panamericano-de-resiliencia-para-sistemas-de-salud\/","og_locale":"es_ES","og_type":"article","og_title":"Curso panamericano de resiliencia para sistemas de salud - IAI - Inter-American Institute for Global Change Research","og_description":"Acc\u00e9der \u00e0 la version fran\u00e7aise Introducci\u00f3n Los sistemas de salud, incluidos los hospitales, est\u00e1n en primera l\u00ednea del cambio clim\u00e1tico. Los sistemas de salud cargan los costos del aumento de enfermedades y los efectos del clima extremo, al tiempo que contribuyen inadvertidamente a los efectos negativos relacionados con el medio ambiente y el clima. La [&hellip;]","og_url":"https:\/\/iai.int\/es\/curso-panamericano-de-resiliencia-para-sistemas-de-salud\/","og_site_name":"IAI - Inter-American Institute for Global Change Research","og_image":[{"url":"https:\/\/iai.int\/administrador\/assets\/images\/ckfinder\/files\/pan.png","type":"","width":"","height":""}],"twitter_card":"summary_large_image","twitter_misc":{"Tiempo de lectura":"7 minutos"},"schema":{"@context":"https:\/\/schema.org","@graph":[{"@type":"WebPage","@id":"https:\/\/iai.int\/es\/curso-panamericano-de-resiliencia-para-sistemas-de-salud\/","url":"https:\/\/iai.int\/es\/curso-panamericano-de-resiliencia-para-sistemas-de-salud\/","name":"Curso panamericano de resiliencia para sistemas de salud - IAI - Inter-American Institute for Global Change Research","isPartOf":{"@id":"https:\/\/iai.int\/es\/#website"},"primaryImageOfPage":{"@id":"https:\/\/iai.int\/es\/curso-panamericano-de-resiliencia-para-sistemas-de-salud\/#primaryimage"},"image":{"@id":"https:\/\/iai.int\/es\/curso-panamericano-de-resiliencia-para-sistemas-de-salud\/#primaryimage"},"thumbnailUrl":"https:\/\/iai.int\/administrador\/assets\/images\/ckfinder\/files\/pan.png","datePublished":"2024-09-14T22:49:04+00:00","breadcrumb":{"@id":"https:\/\/iai.int\/es\/curso-panamericano-de-resiliencia-para-sistemas-de-salud\/#breadcrumb"},"inLanguage":"es","potentialAction":[{"@type":"ReadAction","target":["https:\/\/iai.int\/es\/curso-panamericano-de-resiliencia-para-sistemas-de-salud\/"]}]},{"@type":"ImageObject","inLanguage":"es","@id":"https:\/\/iai.int\/es\/curso-panamericano-de-resiliencia-para-sistemas-de-salud\/#primaryimage","url":"https:\/\/iai.int\/administrador\/assets\/images\/ckfinder\/files\/pan.png","contentUrl":"https:\/\/iai.int\/administrador\/assets\/images\/ckfinder\/files\/pan.png"},{"@type":"BreadcrumbList","@id":"https:\/\/iai.int\/es\/curso-panamericano-de-resiliencia-para-sistemas-de-salud\/#breadcrumb","itemListElement":[{"@type":"ListItem","position":1,"name":"Portada","item":"https:\/\/iai.int\/es\/"},{"@type":"ListItem","position":2,"name":"Curso panamericano de resiliencia para sistemas de salud"}]},{"@type":"WebSite","@id":"https:\/\/iai.int\/es\/#website","url":"https:\/\/iai.int\/es\/","name":"IAI - Inter-American Institute for Global Change Research","description":"","publisher":{"@id":"https:\/\/iai.int\/es\/#organization"},"potentialAction":[{"@type":"SearchAction","target":{"@type":"EntryPoint","urlTemplate":"https:\/\/iai.int\/es\/?s={search_term_string}"},"query-input":{"@type":"PropertyValueSpecification","valueRequired":true,"valueName":"search_term_string"}}],"inLanguage":"es"},{"@type":"Organization","@id":"https:\/\/iai.int\/es\/#organization","name":"IAI - Inter-American Institute for Global Change Research","url":"https:\/\/iai.int\/es\/","logo":{"@type":"ImageObject","inLanguage":"es","@id":"https:\/\/iai.int\/es\/#\/schema\/logo\/image\/","url":"https:\/\/iai.int\/wp-content\/uploads\/2025\/11\/IAI-logo-English-scaled.png","contentUrl":"https:\/\/iai.int\/wp-content\/uploads\/2025\/11\/IAI-logo-English-scaled.png","width":2560,"height":985,"caption":"IAI - Inter-American Institute for Global Change Research"},"image":{"@id":"https:\/\/iai.int\/es\/#\/schema\/logo\/image\/"}}]}},"uagb_featured_image_src":{"full":false,"thumbnail":false,"medium":false,"medium_large":false,"large":false,"1536x1536":false,"2048x2048":false},"uagb_author_info":{"display_name":"admin","author_link":"https:\/\/iai.int\/es\/author\/admin\/"},"uagb_comment_info":0,"uagb_excerpt":"Acc\u00e9der \u00e0 la version fran\u00e7aise Introducci\u00f3n Los sistemas de salud, incluidos los hospitales, est\u00e1n en primera l\u00ednea del cambio clim\u00e1tico. Los sistemas de salud cargan los costos del aumento de enfermedades y los efectos del clima extremo, al tiempo que contribuyen inadvertidamente a los efectos negativos relacionados con el medio ambiente y el clima. La&hellip;","_links":{"self":[{"href":"https:\/\/iai.int\/es\/wp-json\/wp\/v2\/pages\/755","targetHints":{"allow":["GET"]}}],"collection":[{"href":"https:\/\/iai.int\/es\/wp-json\/wp\/v2\/pages"}],"about":[{"href":"https:\/\/iai.int\/es\/wp-json\/wp\/v2\/types\/page"}],"author":[{"embeddable":true,"href":"https:\/\/iai.int\/es\/wp-json\/wp\/v2\/users\/1"}],"replies":[{"embeddable":true,"href":"https:\/\/iai.int\/es\/wp-json\/wp\/v2\/comments?post=755"}],"version-history":[{"count":1,"href":"https:\/\/iai.int\/es\/wp-json\/wp\/v2\/pages\/755\/revisions"}],"predecessor-version":[{"id":756,"href":"https:\/\/iai.int\/es\/wp-json\/wp\/v2\/pages\/755\/revisions\/756"}],"wp:attachment":[{"href":"https:\/\/iai.int\/es\/wp-json\/wp\/v2\/media?parent=755"}],"curies":[{"name":"wp","href":"https:\/\/api.w.org\/{rel}","templated":true}]}}