{"id":747,"date":"2024-03-01T19:43:00","date_gmt":"2024-03-01T22:43:00","guid":{"rendered":"https:\/\/iai.int\/?page_id=747"},"modified":"2024-09-22T14:28:06","modified_gmt":"2024-09-22T17:28:06","slug":"cambio-climatico-migracion-y-salud-en-america-latina-y-el-caribe","status":"publish","type":"page","link":"https:\/\/iai.int\/es\/cambio-climatico-migracion-y-salud-en-america-latina-y-el-caribe\/","title":{"rendered":"Cambio clim\u00e1tico, migraci\u00f3n y salud en Am\u00e9rica Latina y el Caribe"},"content":{"rendered":"\n<figure class=\"wp-block-image\"><img decoding=\"async\" src=\"https:\/\/iai.int\/administrador\/assets\/images\/ckfinder\/files\/WEBINAR%20CAMBIO%20CLIMATICO-BANNER%20BILINGUE.jpg\" alt=\"\"\/><\/figure>\n\n\n\n<h3 class=\"wp-block-heading\">DESCRIPCI\u00d3N<\/h3>\n\n\n\n<p>El cambio clim\u00e1tico es una fuerza emergente pero poco estudiada sobre la salud y el bienestar de ni\u00f1os, ni\u00f1as y adolescentes y adolescentes migrantes internacionales. Durante la \u00faltima d\u00e9cada, hemos visto un aumento constante del n\u00famero de ni\u00f1os que viajan, especialmente sin compa\u00f1\u00eda o en compa\u00f1\u00eda de adultos que no conocen. Los riesgos sociales y de salud y las vulnerabilidades de los ni\u00f1os migrantes han sido reconocidas a nivel mundial,sin embargo, la relevancia del cambio clim\u00e1tico como conductor directo e indirecto de los resultados de salud es menos comprendida. La evidencia local en Am\u00e9rica Latina y el Caribe (ALC) puede contribuir a los debates actuales a nivel global sobre la salud y la protecci\u00f3n de los menores de edad en contexto de movimiento. Esta es una serie de cinco sesiones que tendr\u00e1 lugar cada dos meses el primer martes del mes.<\/p>\n\n\n\n<p>*Con interpretaci\u00f3n simult\u00e1nea en ingl\u00e9s y espa\u00f1ol*<\/p>\n\n\n\n<p>Las grabaciones de video estar\u00e1n disponibles despu\u00e9s de cada sesi\u00f3n para vista asincr\u00f3nica<\/p>\n\n\n\n<h3 class=\"wp-block-heading\">FECHAS Y TEMAS DE LAS SESIONES&nbsp;<\/h3>\n\n\n\n<h4 class=\"wp-block-heading\">Webinario 1: Fuerzas clim\u00e1ticas sobre la salud y el bienestar de los ni\u00f1os en movimiento en ALC<\/h4>\n\n\n\n<p>Fecha: martes 5 marzo 2024 a las 11:00 am GMT-3&nbsp;| <a href=\"https:\/\/youtu.be\/dJsAl3hSdzg\" target=\"_blank\" rel=\"noreferrer noopener\">Grabaci\u00f3n de v\u00eddeo<\/a>&nbsp;|&nbsp;<a href=\"https:\/\/iai.int\/administrador\/assets\/images\/ckfinder\/files\/PPT%20CAMBIO%20CLIMATICO%20Y%20MIGRACION%20health%20of%20children%20on%20the%20move%20in%20LAC%2004_03.pptx.pdf\" target=\"_blank\" rel=\"noreferrer noopener\">Material de apoyo<\/a><\/p>\n\n\n\n<figure class=\"wp-block-embed is-type-video is-provider-youtube wp-block-embed-youtube wp-embed-aspect-16-9 wp-has-aspect-ratio\"><div class=\"wp-block-embed__wrapper\">\n<iframe title=\"Webinario 2: Fuerzas clim\u00e1ticas sobre la salud y el bienestar de los ni\u00f1os en movimiento en ALC.\" width=\"800\" height=\"450\" src=\"https:\/\/www.youtube.com\/embed\/dJsAl3hSdzg?feature=oembed\" frameborder=\"0\" allow=\"accelerometer; autoplay; clipboard-write; encrypted-media; gyroscope; picture-in-picture; web-share\" referrerpolicy=\"strict-origin-when-cross-origin\" allowfullscreen><\/iframe>\n<\/div><\/figure>\n\n\n\n<p>El cambio clim\u00e1tico es una fuerza emergente pero poco estudiada sobre la salud y el bienestar de los ni\u00f1os y adolescentes migrantes internacionales. Durante la \u00faltima d\u00e9cada, hemos visto un aumento constante del n\u00famero de ni\u00f1os que viajan, especialmente sin compa\u00f1\u00eda o en compa\u00f1\u00eda de adultos que no conocen. Los riesgos sociales y de salud y las vulnerabilidades de los ni\u00f1os migrantes han sido reconocidas a nivel mundial, sin embargo, la relevancia del cambio clim\u00e1tico como conductor directo e indirecto de los resultados de salud es menos comprendida.\u202fLa evidencia local del ALC puede contribuir a los debates actuales a nivel global sobre la salud y la protecci\u00f3n de los ni\u00f1os en contexto de movimiento.&nbsp;<\/p>\n\n\n\n<h4 class=\"wp-block-heading\">Webinario 2: C\u00f3mo el cambio clim\u00e1tico est\u00e1 cambiando la salud de las mujeres en ALC<\/h4>\n\n\n\n<p>Fecha: martes 7 mayo 2024 a las 11:00 am GMT-3&nbsp;|&nbsp;<a href=\"https:\/\/youtu.be\/n2-YVg9E7l8\" target=\"_blank\" rel=\"noreferrer noopener\">Grabaci\u00f3n de v\u00eddeo<\/a> | <a href=\"https:\/\/youtu.be\/n2-YVg9E7l8\" target=\"_blank\" rel=\"noreferrer noopener\">Material de apoyo<\/a><\/p>\n\n\n\n<figure class=\"wp-block-embed is-type-video is-provider-youtube wp-block-embed-youtube wp-embed-aspect-16-9 wp-has-aspect-ratio\"><div class=\"wp-block-embed__wrapper\">\n<iframe title=\"Webinario 3: C\u00f3mo el cambio clim\u00e1tico est\u00e1 cambiando la salud de las mujeres en ALC\" width=\"800\" height=\"450\" src=\"https:\/\/www.youtube.com\/embed\/n2-YVg9E7l8?feature=oembed\" frameborder=\"0\" allow=\"accelerometer; autoplay; clipboard-write; encrypted-media; gyroscope; picture-in-picture; web-share\" referrerpolicy=\"strict-origin-when-cross-origin\" allowfullscreen><\/iframe>\n<\/div><\/figure>\n\n\n\n<p>Las mujeres migrantes de todas las edades, etnias, culturas y or\u00edgenes, brindan atenci\u00f3n esencial a otras personas en todo el mundo, tanto dentro como fuera de sus familias, manteniendo la salud, el bienestar y la comodidad de sus seres queridos. Existe una gran proporci\u00f3n de migrantes que son mujeres, en caso de algunos pa\u00edses, esta es incluso mayor que la de los hombres. La migraci\u00f3n femenina est\u00e1 marcada por riesgos y vulnerabilidades relacionadas con el g\u00e9nero. Al mismo tiempo, las mujeres migrantes desarrollan recursos \u00fanicos y poderosos, adem\u00e1s de resiliencia, durante el tr\u00e1nsito y tambi\u00e9n en las sociedades de acogida. La\u202f conexi\u00f3n entre el cambio clim\u00e1tico y la salud de las mujeres migrantes en ALC ha sido escasamente explorada. En este seminario web ampliaremos el conocimiento basado en evidencia sobre c\u00f3mo el cambio clim\u00e1tico est\u00e1 cambiando la salud de las mujeres en esta regi\u00f3n.&nbsp;<\/p>\n\n\n\n<h4 class=\"wp-block-heading\">Webinario 3: Sequ\u00eda, calor y clima extremo: fuerzas clim\u00e1ticas que influyen en la inseguridad alimentaria en ALC&nbsp;<\/h4>\n\n\n\n<p>Fecha: martes 2 julio 2024 a las 11:00 am GMT-3&nbsp;|&nbsp;<a href=\"https:\/\/youtu.be\/8139MvjuFI0\">Grabaci\u00f3n de v\u00eddeo<\/a>&nbsp;|&nbsp;<a href=\"https:\/\/iai.int\/administrador\/assets\/images\/ckfinder\/files\/CC%20Y%20MIGRACION_JOmetto_1.pdf\">Material de apoyo<\/a><\/p>\n\n\n\n<figure class=\"wp-block-embed is-type-video is-provider-youtube wp-block-embed-youtube wp-embed-aspect-4-3 wp-has-aspect-ratio\"><div class=\"wp-block-embed__wrapper\">\n<iframe title=\"Webinario 4: Sequ\u00eda, calor y clima extremo\" width=\"800\" height=\"600\" src=\"https:\/\/www.youtube.com\/embed\/8139MvjuFI0?feature=oembed\" frameborder=\"0\" allow=\"accelerometer; autoplay; clipboard-write; encrypted-media; gyroscope; picture-in-picture; web-share\" referrerpolicy=\"strict-origin-when-cross-origin\" allowfullscreen><\/iframe>\n<\/div><\/figure>\n\n\n\n<p>El cambio clim\u00e1tico est\u00e1 aumentando la intensidad y frecuencia de las sequ\u00edas, las olas de calor y los fen\u00f3menos meteorol\u00f3gicos extremos en la regi\u00f3n de ALC, con profundos impactos en la agricultura, la producci\u00f3n de alimentos y el bienestar general de las comunidades de la regi\u00f3n. En esta sesi\u00f3n exploraremos el papel de los fen\u00f3menos meteorol\u00f3gicos extremos provocados por el clima en la producci\u00f3n de alimentos y las cadenas de suministro, identificando regiones y comunidades vulnerables. Expertos de la regi\u00f3n examinar\u00e1n las pol\u00edticas existentes y explorar\u00e1n posibles medidas de mitigaci\u00f3n, tambi\u00e9n compartir\u00e1n sus conocimientos sobre iniciativas y soluciones impulsadas por las comunidades y que fomentan la resiliencia y la sostenibilidad frente a los desaf\u00edos inducidos por el clima.&nbsp;<\/p>\n\n\n\n<h4 class=\"wp-block-heading\">Webinario 4: Poblaciones en movimiento: c\u00f3mo el cambio clim\u00e1tico afecta a los migrantes en los campamentos transitorios de ALC&nbsp;<\/h4>\n\n\n\n<p>Fecha: Martes 3 septiembre 2024 a las 11:00 am GMT-3&nbsp;<\/p>\n\n\n\n<p>El subcontinente de Am\u00e9rica Latina y el Caribe, ha experimentado un aumento significativo de los campamentos trtemporalesansitorios para migrantes. Esto est\u00e1 relacionado con m\u00faltiples factores, incluido el cambio clim\u00e1tico, los riesgos durante el tr\u00e1nsito y la marginaci\u00f3n y exclusi\u00f3n social que alcanzan a experimentar en su llegada a los pa\u00edses de acogida, en especial los migrantes en situaci\u00f3n irregular y de pobreza. Cada vez hay m\u00e1s evidencia de c\u00f3mo se crean y mantienen estos campamentos a lo largo del tiempo, as\u00ed como de los riesgos para la salud relacionados con las malas condiciones materiales, la falta de acceso a agua potable, el estigma y la discriminaci\u00f3n. Mientras tanto, los migrantes que viven en estos campos encuentran una manera de resistir y desarrollar identidades \u00fanicas a medida que construyen capas sociales complejas en sus actividades cotidianas.<\/p>\n\n\n\n<h4 class=\"wp-block-heading\">Webinario 5: La salud de las poblaciones en pa\u00edses afectados por el cambio clim\u00e1tico en ALC&nbsp;<\/h4>\n\n\n\n<p>Fecha: martes 12 noviembre 2024 a las 11:00 am GMT-3&nbsp;<\/p>\n\n\n\n<p>Descripci\u00f3n \u00a1Pr\u00f3ximamente!&nbsp;<\/p>\n\n\n\n<p><strong>Inscr\u00edbase aqu\u00ed:<\/strong><\/p>\n\n\n\n<p><a href=\"https:\/\/columbiauniversity.zoom.us\/meeting\/register\/tJAtf-2prTMuHdChdO7i5jm9HpVUw8AQCrs6#\/registration\"><strong>https:\/\/columbiauniversity.zoom.us\/meeting\/register\/tJAtf-2prTMuHdChdO7i5jm9HpVUw8AQCrs6#\/registration<\/strong><\/a><\/p>\n\n\n\n<p><\/p>\n","protected":false},"excerpt":{"rendered":"<p>DESCRIPCI\u00d3N El cambio clim\u00e1tico es una fuerza emergente pero poco estudiada sobre la salud y el bienestar de ni\u00f1os, ni\u00f1as y adolescentes y adolescentes migrantes internacionales. Durante la \u00faltima d\u00e9cada, hemos visto un aumento constante del n\u00famero de ni\u00f1os que viajan, especialmente sin compa\u00f1\u00eda o en compa\u00f1\u00eda de adultos que no conocen. Los riesgos sociales [&hellip;]<\/p>\n","protected":false},"author":1,"featured_media":963,"parent":0,"menu_order":0,"comment_status":"closed","ping_status":"closed","template":"","meta":{"_acf_changed":false,"_uag_custom_page_level_css":"","footnotes":""},"class_list":["post-747","page","type-page","status-publish","has-post-thumbnail","hentry"],"acf":[],"yoast_head":"<!-- This site is optimized with the Yoast SEO plugin v27.3 - https:\/\/yoast.com\/product\/yoast-seo-wordpress\/ -->\n<title>Cambio clim\u00e1tico, migraci\u00f3n y salud en Am\u00e9rica Latina y el Caribe - IAI - Inter-American Institute for Global Change Research<\/title>\n<meta name=\"robots\" content=\"index, follow, max-snippet:-1, max-image-preview:large, max-video-preview:-1\" \/>\n<link rel=\"canonical\" href=\"https:\/\/iai.int\/es\/cambio-climatico-migracion-y-salud-en-america-latina-y-el-caribe\/\" \/>\n<meta property=\"og:locale\" content=\"es_ES\" \/>\n<meta property=\"og:type\" content=\"article\" \/>\n<meta property=\"og:title\" content=\"Cambio clim\u00e1tico, migraci\u00f3n y salud en Am\u00e9rica Latina y el Caribe - IAI - Inter-American Institute for Global Change Research\" \/>\n<meta property=\"og:description\" content=\"DESCRIPCI\u00d3N El cambio clim\u00e1tico es una fuerza emergente pero poco estudiada sobre la salud y el bienestar de ni\u00f1os, ni\u00f1as y adolescentes y adolescentes migrantes internacionales. Durante la \u00faltima d\u00e9cada, hemos visto un aumento constante del n\u00famero de ni\u00f1os que viajan, especialmente sin compa\u00f1\u00eda o en compa\u00f1\u00eda de adultos que no conocen. Los riesgos sociales [&hellip;]\" \/>\n<meta property=\"og:url\" content=\"https:\/\/iai.int\/es\/cambio-climatico-migracion-y-salud-en-america-latina-y-el-caribe\/\" \/>\n<meta property=\"og:site_name\" content=\"IAI - Inter-American Institute for Global Change Research\" \/>\n<meta property=\"article:modified_time\" content=\"2024-09-22T17:28:06+00:00\" \/>\n<meta property=\"og:image\" content=\"https:\/\/iai.int\/wp-content\/uploads\/2024\/09\/WEBINAR-CAMBIO-CLIMATICO-BANNER-BILINGUE.jpg\" \/>\n\t<meta property=\"og:image:width\" content=\"1600\" \/>\n\t<meta property=\"og:image:height\" content=\"498\" \/>\n\t<meta property=\"og:image:type\" content=\"image\/jpeg\" \/>\n<meta name=\"twitter:card\" content=\"summary_large_image\" \/>\n<meta name=\"twitter:label1\" content=\"Tiempo de lectura\" \/>\n\t<meta name=\"twitter:data1\" content=\"5 minutos\" \/>\n<script type=\"application\/ld+json\" class=\"yoast-schema-graph\">{\"@context\":\"https:\\\/\\\/schema.org\",\"@graph\":[{\"@type\":\"WebPage\",\"@id\":\"https:\\\/\\\/iai.int\\\/es\\\/cambio-climatico-migracion-y-salud-en-america-latina-y-el-caribe\\\/\",\"url\":\"https:\\\/\\\/iai.int\\\/es\\\/cambio-climatico-migracion-y-salud-en-america-latina-y-el-caribe\\\/\",\"name\":\"Cambio clim\u00e1tico, migraci\u00f3n y salud en Am\u00e9rica Latina y el Caribe - IAI - Inter-American Institute for Global Change Research\",\"isPartOf\":{\"@id\":\"https:\\\/\\\/iai.int\\\/es\\\/#website\"},\"primaryImageOfPage\":{\"@id\":\"https:\\\/\\\/iai.int\\\/es\\\/cambio-climatico-migracion-y-salud-en-america-latina-y-el-caribe\\\/#primaryimage\"},\"image\":{\"@id\":\"https:\\\/\\\/iai.int\\\/es\\\/cambio-climatico-migracion-y-salud-en-america-latina-y-el-caribe\\\/#primaryimage\"},\"thumbnailUrl\":\"https:\\\/\\\/iai.int\\\/wp-content\\\/uploads\\\/2024\\\/09\\\/WEBINAR-CAMBIO-CLIMATICO-BANNER-BILINGUE.jpg\",\"datePublished\":\"2024-03-01T22:43:00+00:00\",\"dateModified\":\"2024-09-22T17:28:06+00:00\",\"breadcrumb\":{\"@id\":\"https:\\\/\\\/iai.int\\\/es\\\/cambio-climatico-migracion-y-salud-en-america-latina-y-el-caribe\\\/#breadcrumb\"},\"inLanguage\":\"es\",\"potentialAction\":[{\"@type\":\"ReadAction\",\"target\":[\"https:\\\/\\\/iai.int\\\/es\\\/cambio-climatico-migracion-y-salud-en-america-latina-y-el-caribe\\\/\"]}]},{\"@type\":\"ImageObject\",\"inLanguage\":\"es\",\"@id\":\"https:\\\/\\\/iai.int\\\/es\\\/cambio-climatico-migracion-y-salud-en-america-latina-y-el-caribe\\\/#primaryimage\",\"url\":\"https:\\\/\\\/iai.int\\\/wp-content\\\/uploads\\\/2024\\\/09\\\/WEBINAR-CAMBIO-CLIMATICO-BANNER-BILINGUE.jpg\",\"contentUrl\":\"https:\\\/\\\/iai.int\\\/wp-content\\\/uploads\\\/2024\\\/09\\\/WEBINAR-CAMBIO-CLIMATICO-BANNER-BILINGUE.jpg\",\"width\":1600,\"height\":498},{\"@type\":\"BreadcrumbList\",\"@id\":\"https:\\\/\\\/iai.int\\\/es\\\/cambio-climatico-migracion-y-salud-en-america-latina-y-el-caribe\\\/#breadcrumb\",\"itemListElement\":[{\"@type\":\"ListItem\",\"position\":1,\"name\":\"Portada\",\"item\":\"https:\\\/\\\/iai.int\\\/es\\\/\"},{\"@type\":\"ListItem\",\"position\":2,\"name\":\"Cambio clim\u00e1tico, migraci\u00f3n y salud en Am\u00e9rica Latina y el Caribe\"}]},{\"@type\":\"WebSite\",\"@id\":\"https:\\\/\\\/iai.int\\\/es\\\/#website\",\"url\":\"https:\\\/\\\/iai.int\\\/es\\\/\",\"name\":\"IAI - Inter-American Institute for Global Change Research\",\"description\":\"\",\"publisher\":{\"@id\":\"https:\\\/\\\/iai.int\\\/es\\\/#organization\"},\"potentialAction\":[{\"@type\":\"SearchAction\",\"target\":{\"@type\":\"EntryPoint\",\"urlTemplate\":\"https:\\\/\\\/iai.int\\\/es\\\/?s={search_term_string}\"},\"query-input\":{\"@type\":\"PropertyValueSpecification\",\"valueRequired\":true,\"valueName\":\"search_term_string\"}}],\"inLanguage\":\"es\"},{\"@type\":\"Organization\",\"@id\":\"https:\\\/\\\/iai.int\\\/es\\\/#organization\",\"name\":\"IAI - Inter-American Institute for Global Change Research\",\"url\":\"https:\\\/\\\/iai.int\\\/es\\\/\",\"logo\":{\"@type\":\"ImageObject\",\"inLanguage\":\"es\",\"@id\":\"https:\\\/\\\/iai.int\\\/es\\\/#\\\/schema\\\/logo\\\/image\\\/\",\"url\":\"https:\\\/\\\/iai.int\\\/wp-content\\\/uploads\\\/2025\\\/11\\\/IAI-logo-English-scaled.png\",\"contentUrl\":\"https:\\\/\\\/iai.int\\\/wp-content\\\/uploads\\\/2025\\\/11\\\/IAI-logo-English-scaled.png\",\"width\":2560,\"height\":985,\"caption\":\"IAI - Inter-American Institute for Global Change Research\"},\"image\":{\"@id\":\"https:\\\/\\\/iai.int\\\/es\\\/#\\\/schema\\\/logo\\\/image\\\/\"}}]}<\/script>\n<!-- \/ Yoast SEO plugin. -->","yoast_head_json":{"title":"Cambio clim\u00e1tico, migraci\u00f3n y salud en Am\u00e9rica Latina y el Caribe - IAI - Inter-American Institute for Global Change Research","robots":{"index":"index","follow":"follow","max-snippet":"max-snippet:-1","max-image-preview":"max-image-preview:large","max-video-preview":"max-video-preview:-1"},"canonical":"https:\/\/iai.int\/es\/cambio-climatico-migracion-y-salud-en-america-latina-y-el-caribe\/","og_locale":"es_ES","og_type":"article","og_title":"Cambio clim\u00e1tico, migraci\u00f3n y salud en Am\u00e9rica Latina y el Caribe - IAI - Inter-American Institute for Global Change Research","og_description":"DESCRIPCI\u00d3N El cambio clim\u00e1tico es una fuerza emergente pero poco estudiada sobre la salud y el bienestar de ni\u00f1os, ni\u00f1as y adolescentes y adolescentes migrantes internacionales. Durante la \u00faltima d\u00e9cada, hemos visto un aumento constante del n\u00famero de ni\u00f1os que viajan, especialmente sin compa\u00f1\u00eda o en compa\u00f1\u00eda de adultos que no conocen. Los riesgos sociales [&hellip;]","og_url":"https:\/\/iai.int\/es\/cambio-climatico-migracion-y-salud-en-america-latina-y-el-caribe\/","og_site_name":"IAI - Inter-American Institute for Global Change Research","article_modified_time":"2024-09-22T17:28:06+00:00","og_image":[{"width":1600,"height":498,"url":"https:\/\/iai.int\/wp-content\/uploads\/2024\/09\/WEBINAR-CAMBIO-CLIMATICO-BANNER-BILINGUE.jpg","type":"image\/jpeg"}],"twitter_card":"summary_large_image","twitter_misc":{"Tiempo de lectura":"5 minutos"},"schema":{"@context":"https:\/\/schema.org","@graph":[{"@type":"WebPage","@id":"https:\/\/iai.int\/es\/cambio-climatico-migracion-y-salud-en-america-latina-y-el-caribe\/","url":"https:\/\/iai.int\/es\/cambio-climatico-migracion-y-salud-en-america-latina-y-el-caribe\/","name":"Cambio clim\u00e1tico, migraci\u00f3n y salud en Am\u00e9rica Latina y el Caribe - IAI - Inter-American Institute for Global Change Research","isPartOf":{"@id":"https:\/\/iai.int\/es\/#website"},"primaryImageOfPage":{"@id":"https:\/\/iai.int\/es\/cambio-climatico-migracion-y-salud-en-america-latina-y-el-caribe\/#primaryimage"},"image":{"@id":"https:\/\/iai.int\/es\/cambio-climatico-migracion-y-salud-en-america-latina-y-el-caribe\/#primaryimage"},"thumbnailUrl":"https:\/\/iai.int\/wp-content\/uploads\/2024\/09\/WEBINAR-CAMBIO-CLIMATICO-BANNER-BILINGUE.jpg","datePublished":"2024-03-01T22:43:00+00:00","dateModified":"2024-09-22T17:28:06+00:00","breadcrumb":{"@id":"https:\/\/iai.int\/es\/cambio-climatico-migracion-y-salud-en-america-latina-y-el-caribe\/#breadcrumb"},"inLanguage":"es","potentialAction":[{"@type":"ReadAction","target":["https:\/\/iai.int\/es\/cambio-climatico-migracion-y-salud-en-america-latina-y-el-caribe\/"]}]},{"@type":"ImageObject","inLanguage":"es","@id":"https:\/\/iai.int\/es\/cambio-climatico-migracion-y-salud-en-america-latina-y-el-caribe\/#primaryimage","url":"https:\/\/iai.int\/wp-content\/uploads\/2024\/09\/WEBINAR-CAMBIO-CLIMATICO-BANNER-BILINGUE.jpg","contentUrl":"https:\/\/iai.int\/wp-content\/uploads\/2024\/09\/WEBINAR-CAMBIO-CLIMATICO-BANNER-BILINGUE.jpg","width":1600,"height":498},{"@type":"BreadcrumbList","@id":"https:\/\/iai.int\/es\/cambio-climatico-migracion-y-salud-en-america-latina-y-el-caribe\/#breadcrumb","itemListElement":[{"@type":"ListItem","position":1,"name":"Portada","item":"https:\/\/iai.int\/es\/"},{"@type":"ListItem","position":2,"name":"Cambio clim\u00e1tico, migraci\u00f3n y salud en Am\u00e9rica Latina y el Caribe"}]},{"@type":"WebSite","@id":"https:\/\/iai.int\/es\/#website","url":"https:\/\/iai.int\/es\/","name":"IAI - Inter-American Institute for Global Change Research","description":"","publisher":{"@id":"https:\/\/iai.int\/es\/#organization"},"potentialAction":[{"@type":"SearchAction","target":{"@type":"EntryPoint","urlTemplate":"https:\/\/iai.int\/es\/?s={search_term_string}"},"query-input":{"@type":"PropertyValueSpecification","valueRequired":true,"valueName":"search_term_string"}}],"inLanguage":"es"},{"@type":"Organization","@id":"https:\/\/iai.int\/es\/#organization","name":"IAI - Inter-American Institute for Global Change Research","url":"https:\/\/iai.int\/es\/","logo":{"@type":"ImageObject","inLanguage":"es","@id":"https:\/\/iai.int\/es\/#\/schema\/logo\/image\/","url":"https:\/\/iai.int\/wp-content\/uploads\/2025\/11\/IAI-logo-English-scaled.png","contentUrl":"https:\/\/iai.int\/wp-content\/uploads\/2025\/11\/IAI-logo-English-scaled.png","width":2560,"height":985,"caption":"IAI - Inter-American Institute for Global Change Research"},"image":{"@id":"https:\/\/iai.int\/es\/#\/schema\/logo\/image\/"}}]}},"uagb_featured_image_src":{"full":["https:\/\/iai.int\/wp-content\/uploads\/2024\/09\/WEBINAR-CAMBIO-CLIMATICO-BANNER-BILINGUE.jpg",1600,498,false],"thumbnail":["https:\/\/iai.int\/wp-content\/uploads\/2024\/09\/WEBINAR-CAMBIO-CLIMATICO-BANNER-BILINGUE-150x150.jpg",150,150,true],"medium":["https:\/\/iai.int\/wp-content\/uploads\/2024\/09\/WEBINAR-CAMBIO-CLIMATICO-BANNER-BILINGUE-300x93.jpg",300,93,true],"medium_large":["https:\/\/iai.int\/wp-content\/uploads\/2024\/09\/WEBINAR-CAMBIO-CLIMATICO-BANNER-BILINGUE-768x239.jpg",768,239,true],"large":["https:\/\/iai.int\/wp-content\/uploads\/2024\/09\/WEBINAR-CAMBIO-CLIMATICO-BANNER-BILINGUE-1024x319.jpg",800,249,true],"1536x1536":["https:\/\/iai.int\/wp-content\/uploads\/2024\/09\/WEBINAR-CAMBIO-CLIMATICO-BANNER-BILINGUE-1536x478.jpg",1536,478,true],"2048x2048":["https:\/\/iai.int\/wp-content\/uploads\/2024\/09\/WEBINAR-CAMBIO-CLIMATICO-BANNER-BILINGUE.jpg",1600,498,false]},"uagb_author_info":{"display_name":"admin","author_link":"https:\/\/iai.int\/es\/author\/admin\/"},"uagb_comment_info":0,"uagb_excerpt":"DESCRIPCI\u00d3N El cambio clim\u00e1tico es una fuerza emergente pero poco estudiada sobre la salud y el bienestar de ni\u00f1os, ni\u00f1as y adolescentes y adolescentes migrantes internacionales. Durante la \u00faltima d\u00e9cada, hemos visto un aumento constante del n\u00famero de ni\u00f1os que viajan, especialmente sin compa\u00f1\u00eda o en compa\u00f1\u00eda de adultos que no conocen. Los riesgos sociales&hellip;","_links":{"self":[{"href":"https:\/\/iai.int\/es\/wp-json\/wp\/v2\/pages\/747","targetHints":{"allow":["GET"]}}],"collection":[{"href":"https:\/\/iai.int\/es\/wp-json\/wp\/v2\/pages"}],"about":[{"href":"https:\/\/iai.int\/es\/wp-json\/wp\/v2\/types\/page"}],"author":[{"embeddable":true,"href":"https:\/\/iai.int\/es\/wp-json\/wp\/v2\/users\/1"}],"replies":[{"embeddable":true,"href":"https:\/\/iai.int\/es\/wp-json\/wp\/v2\/comments?post=747"}],"version-history":[{"count":4,"href":"https:\/\/iai.int\/es\/wp-json\/wp\/v2\/pages\/747\/revisions"}],"predecessor-version":[{"id":975,"href":"https:\/\/iai.int\/es\/wp-json\/wp\/v2\/pages\/747\/revisions\/975"}],"wp:featuredmedia":[{"embeddable":true,"href":"https:\/\/iai.int\/es\/wp-json\/wp\/v2\/media\/963"}],"wp:attachment":[{"href":"https:\/\/iai.int\/es\/wp-json\/wp\/v2\/media?parent=747"}],"curies":[{"name":"wp","href":"https:\/\/api.w.org\/{rel}","templated":true}]}}