{"id":7451,"date":"2025-09-21T18:09:33","date_gmt":"2025-09-21T23:09:33","guid":{"rendered":"https:\/\/iai.int\/?page_id=7451"},"modified":"2026-02-14T12:47:48","modified_gmt":"2026-02-14T17:47:48","slug":"proyectos-gestionados-por-el-iai","status":"publish","type":"page","link":"https:\/\/iai.int\/es\/proyectos-gestionados-por-el-iai\/","title":{"rendered":"Proyectos gestionados por el IAI"},"content":{"rendered":"\n<h2 class=\"wp-block-heading\">Programas pasados<\/h2>\n\n\n\n<p><\/p>\n\n\n\n<ul class=\"wp-block-list\">\n<li><strong><a href=\"https:\/\/iai.int\/es\/proyectos-gestionados-por-el-iai\/sistema-de-informacion-sobre-sequias-para-el-sur-de-sudamerica-sissa\/\" data-type=\"link\" data-id=\"https:\/\/iai.int\/es\/proyectos-gestionados-por-el-iai\/sistema-de-informacion-sobre-sequias-para-el-sur-de-sudamerica-sissa\/\">Sistema de informaci\u00f3n sobre sequ\u00edas para el sur de Sudam\u00e9rica (SISSA)<\/a><\/strong><\/li>\n<\/ul>\n\n\n\n<p><\/p>\n\n\n\n<ul class=\"wp-block-list\">\n<li><strong><a href=\"https:\/\/iai.int\/es\/impactos-del-cambio-climatico-en-la-biodiversidad-de-los-andes-tropicales-riesgo-climatico-vulnerabilidad-y-herramientas-de-toma-de-decisiones-para-la-planificacion-de-la-conservacion-2011-2013\/\" data-type=\"page\" data-id=\"720\">Impactos del cambio clim\u00e1tico en la biodiversidad de los Andes tropicales: riesgo clim\u00e1tico, vulnerabilidad y herramientas de toma de decisiones para la planificaci\u00f3n de la conservaci\u00f3n (2011-2013)<\/a><\/strong><br>El proyecto fue financiado por la Fundaci\u00f3n John D. and Catherine T. MacArthur<\/li>\n<\/ul>\n\n\n\n<p><\/p>\n\n\n\n<ul class=\"wp-block-list\">\n<li><strong><a href=\"https:\/\/iai.int\/es\/cambios-en-el-uso-de-la-tierra-biocombustibles-y-desarrollo-rural-en-la-cuenca-del-plata-2008-2011\/\" data-type=\"page\" data-id=\"723\">Cambios en el uso de la tierra, biocombustibles y desarrollo rural en la Cuenca del Plata (2008-2011)<\/a><\/strong><br>El proyecto fue financiado por International Development Research Centre (IDRC), Canad\u00e1<\/li>\n<\/ul>\n\n\n\n<p><\/p>\n\n\n\n<ul class=\"wp-block-list\">\n<li><strong><a href=\"https:\/\/iai.int\/es\/una-evaluacion-de-las-necesidades-institucionales-y-de-investigacion-para-hacer-frente-a-los-efectos-del-cambio-climatico-en-la-biodiversidad-de-los-andes-2008-2010\/\" data-type=\"page\" data-id=\"728\">Una evaluaci\u00f3n de las necesidades institucionales y de investigaci\u00f3n para hacer frente a los efectos del cambio clim\u00e1tico en la biodiversidad de los Andes (2008-2010)<\/a><\/strong><br>El proyecto fue financiado por la Fundaci\u00f3n John D. and Catherine T. MacArthur<\/li>\n<\/ul>\n\n\n\n<div style=\"height:43px\" aria-hidden=\"true\" class=\"wp-block-spacer\"><\/div>\n\n\n\n<p><a href=\"https:\/\/iai.int\/es\/proyectos-de-investigacion\/\" data-type=\"link\" data-id=\"https:\/\/iai.int\/es\/proyectos-de-investigacion\/\"><strong>Regrese al Programa de Ciencia<\/strong><\/a><\/p>\n\n\n\n<div style=\"height:43px\" aria-hidden=\"true\" class=\"wp-block-spacer\"><\/div>\n\n\n\n<p><\/p>\n","protected":false},"excerpt":{"rendered":"<p>Programas pasados Regrese al Programa de Ciencia<\/p>\n","protected":false},"author":1,"featured_media":7652,"parent":0,"menu_order":0,"comment_status":"closed","ping_status":"closed","template":"","meta":{"_acf_changed":false,"_uag_custom_page_level_css":"","footnotes":""},"class_list":["post-7451","page","type-page","status-publish","has-post-thumbnail","hentry"],"acf":[],"yoast_head":"<!-- This site is optimized with the Yoast SEO plugin v27.3 - https:\/\/yoast.com\/product\/yoast-seo-wordpress\/ -->\n<title>Proyectos gestionados por el IAI - IAI - Inter-American Institute for Global Change Research<\/title>\n<meta name=\"robots\" content=\"index, follow, max-snippet:-1, max-image-preview:large, max-video-preview:-1\" \/>\n<link rel=\"canonical\" href=\"https:\/\/iai.int\/es\/proyectos-gestionados-por-el-iai\/\" \/>\n<meta property=\"og:locale\" content=\"es_ES\" \/>\n<meta property=\"og:type\" content=\"article\" \/>\n<meta property=\"og:title\" content=\"Proyectos gestionados por el IAI - IAI - Inter-American Institute for Global Change Research\" \/>\n<meta property=\"og:description\" content=\"Programas pasados Regrese al Programa de Ciencia\" \/>\n<meta property=\"og:url\" content=\"https:\/\/iai.int\/es\/proyectos-gestionados-por-el-iai\/\" \/>\n<meta property=\"og:site_name\" content=\"IAI - Inter-American Institute for Global Change Research\" \/>\n<meta property=\"article:modified_time\" content=\"2026-02-14T17:47:48+00:00\" \/>\n<meta property=\"og:image\" content=\"https:\/\/iai.int\/wp-content\/uploads\/2025\/09\/Biodiversidad-ciencias-de-la-salud-y-el-derecho-humano-a-un-ambiente-saludable-1.png\" \/>\n\t<meta property=\"og:image:width\" content=\"1600\" \/>\n\t<meta property=\"og:image:height\" content=\"498\" \/>\n\t<meta property=\"og:image:type\" content=\"image\/png\" \/>\n<meta name=\"twitter:card\" content=\"summary_large_image\" \/>\n<meta name=\"twitter:label1\" content=\"Tiempo de lectura\" \/>\n\t<meta name=\"twitter:data1\" content=\"1 minuto\" \/>\n<script type=\"application\/ld+json\" class=\"yoast-schema-graph\">{\"@context\":\"https:\\\/\\\/schema.org\",\"@graph\":[{\"@type\":\"WebPage\",\"@id\":\"https:\\\/\\\/iai.int\\\/es\\\/proyectos-gestionados-por-el-iai\\\/\",\"url\":\"https:\\\/\\\/iai.int\\\/es\\\/proyectos-gestionados-por-el-iai\\\/\",\"name\":\"Proyectos gestionados por el IAI - IAI - Inter-American Institute for Global Change Research\",\"isPartOf\":{\"@id\":\"https:\\\/\\\/iai.int\\\/es\\\/#website\"},\"primaryImageOfPage\":{\"@id\":\"https:\\\/\\\/iai.int\\\/es\\\/proyectos-gestionados-por-el-iai\\\/#primaryimage\"},\"image\":{\"@id\":\"https:\\\/\\\/iai.int\\\/es\\\/proyectos-gestionados-por-el-iai\\\/#primaryimage\"},\"thumbnailUrl\":\"https:\\\/\\\/iai.int\\\/wp-content\\\/uploads\\\/2025\\\/09\\\/Biodiversidad-ciencias-de-la-salud-y-el-derecho-humano-a-un-ambiente-saludable-1.png\",\"datePublished\":\"2025-09-21T23:09:33+00:00\",\"dateModified\":\"2026-02-14T17:47:48+00:00\",\"breadcrumb\":{\"@id\":\"https:\\\/\\\/iai.int\\\/es\\\/proyectos-gestionados-por-el-iai\\\/#breadcrumb\"},\"inLanguage\":\"es\",\"potentialAction\":[{\"@type\":\"ReadAction\",\"target\":[\"https:\\\/\\\/iai.int\\\/es\\\/proyectos-gestionados-por-el-iai\\\/\"]}]},{\"@type\":\"ImageObject\",\"inLanguage\":\"es\",\"@id\":\"https:\\\/\\\/iai.int\\\/es\\\/proyectos-gestionados-por-el-iai\\\/#primaryimage\",\"url\":\"https:\\\/\\\/iai.int\\\/wp-content\\\/uploads\\\/2025\\\/09\\\/Biodiversidad-ciencias-de-la-salud-y-el-derecho-humano-a-un-ambiente-saludable-1.png\",\"contentUrl\":\"https:\\\/\\\/iai.int\\\/wp-content\\\/uploads\\\/2025\\\/09\\\/Biodiversidad-ciencias-de-la-salud-y-el-derecho-humano-a-un-ambiente-saludable-1.png\",\"width\":1600,\"height\":498},{\"@type\":\"BreadcrumbList\",\"@id\":\"https:\\\/\\\/iai.int\\\/es\\\/proyectos-gestionados-por-el-iai\\\/#breadcrumb\",\"itemListElement\":[{\"@type\":\"ListItem\",\"position\":1,\"name\":\"Portada\",\"item\":\"https:\\\/\\\/iai.int\\\/es\\\/\"},{\"@type\":\"ListItem\",\"position\":2,\"name\":\"Proyectos gestionados por el IAI\"}]},{\"@type\":\"WebSite\",\"@id\":\"https:\\\/\\\/iai.int\\\/es\\\/#website\",\"url\":\"https:\\\/\\\/iai.int\\\/es\\\/\",\"name\":\"IAI - Inter-American Institute for Global Change Research\",\"description\":\"\",\"publisher\":{\"@id\":\"https:\\\/\\\/iai.int\\\/es\\\/#organization\"},\"potentialAction\":[{\"@type\":\"SearchAction\",\"target\":{\"@type\":\"EntryPoint\",\"urlTemplate\":\"https:\\\/\\\/iai.int\\\/es\\\/?s={search_term_string}\"},\"query-input\":{\"@type\":\"PropertyValueSpecification\",\"valueRequired\":true,\"valueName\":\"search_term_string\"}}],\"inLanguage\":\"es\"},{\"@type\":\"Organization\",\"@id\":\"https:\\\/\\\/iai.int\\\/es\\\/#organization\",\"name\":\"IAI - Inter-American Institute for Global Change Research\",\"url\":\"https:\\\/\\\/iai.int\\\/es\\\/\",\"logo\":{\"@type\":\"ImageObject\",\"inLanguage\":\"es\",\"@id\":\"https:\\\/\\\/iai.int\\\/es\\\/#\\\/schema\\\/logo\\\/image\\\/\",\"url\":\"https:\\\/\\\/iai.int\\\/wp-content\\\/uploads\\\/2025\\\/11\\\/IAI-logo-English-scaled.png\",\"contentUrl\":\"https:\\\/\\\/iai.int\\\/wp-content\\\/uploads\\\/2025\\\/11\\\/IAI-logo-English-scaled.png\",\"width\":2560,\"height\":985,\"caption\":\"IAI - Inter-American Institute for Global Change Research\"},\"image\":{\"@id\":\"https:\\\/\\\/iai.int\\\/es\\\/#\\\/schema\\\/logo\\\/image\\\/\"}}]}<\/script>\n<!-- \/ Yoast SEO plugin. -->","yoast_head_json":{"title":"Proyectos gestionados por el IAI - IAI - Inter-American Institute for Global Change Research","robots":{"index":"index","follow":"follow","max-snippet":"max-snippet:-1","max-image-preview":"max-image-preview:large","max-video-preview":"max-video-preview:-1"},"canonical":"https:\/\/iai.int\/es\/proyectos-gestionados-por-el-iai\/","og_locale":"es_ES","og_type":"article","og_title":"Proyectos gestionados por el IAI - IAI - Inter-American Institute for Global Change Research","og_description":"Programas pasados Regrese al Programa de Ciencia","og_url":"https:\/\/iai.int\/es\/proyectos-gestionados-por-el-iai\/","og_site_name":"IAI - Inter-American Institute for Global Change Research","article_modified_time":"2026-02-14T17:47:48+00:00","og_image":[{"width":1600,"height":498,"url":"https:\/\/iai.int\/wp-content\/uploads\/2025\/09\/Biodiversidad-ciencias-de-la-salud-y-el-derecho-humano-a-un-ambiente-saludable-1.png","type":"image\/png"}],"twitter_card":"summary_large_image","twitter_misc":{"Tiempo de lectura":"1 minuto"},"schema":{"@context":"https:\/\/schema.org","@graph":[{"@type":"WebPage","@id":"https:\/\/iai.int\/es\/proyectos-gestionados-por-el-iai\/","url":"https:\/\/iai.int\/es\/proyectos-gestionados-por-el-iai\/","name":"Proyectos gestionados por el IAI - IAI - Inter-American Institute for Global Change Research","isPartOf":{"@id":"https:\/\/iai.int\/es\/#website"},"primaryImageOfPage":{"@id":"https:\/\/iai.int\/es\/proyectos-gestionados-por-el-iai\/#primaryimage"},"image":{"@id":"https:\/\/iai.int\/es\/proyectos-gestionados-por-el-iai\/#primaryimage"},"thumbnailUrl":"https:\/\/iai.int\/wp-content\/uploads\/2025\/09\/Biodiversidad-ciencias-de-la-salud-y-el-derecho-humano-a-un-ambiente-saludable-1.png","datePublished":"2025-09-21T23:09:33+00:00","dateModified":"2026-02-14T17:47:48+00:00","breadcrumb":{"@id":"https:\/\/iai.int\/es\/proyectos-gestionados-por-el-iai\/#breadcrumb"},"inLanguage":"es","potentialAction":[{"@type":"ReadAction","target":["https:\/\/iai.int\/es\/proyectos-gestionados-por-el-iai\/"]}]},{"@type":"ImageObject","inLanguage":"es","@id":"https:\/\/iai.int\/es\/proyectos-gestionados-por-el-iai\/#primaryimage","url":"https:\/\/iai.int\/wp-content\/uploads\/2025\/09\/Biodiversidad-ciencias-de-la-salud-y-el-derecho-humano-a-un-ambiente-saludable-1.png","contentUrl":"https:\/\/iai.int\/wp-content\/uploads\/2025\/09\/Biodiversidad-ciencias-de-la-salud-y-el-derecho-humano-a-un-ambiente-saludable-1.png","width":1600,"height":498},{"@type":"BreadcrumbList","@id":"https:\/\/iai.int\/es\/proyectos-gestionados-por-el-iai\/#breadcrumb","itemListElement":[{"@type":"ListItem","position":1,"name":"Portada","item":"https:\/\/iai.int\/es\/"},{"@type":"ListItem","position":2,"name":"Proyectos gestionados por el IAI"}]},{"@type":"WebSite","@id":"https:\/\/iai.int\/es\/#website","url":"https:\/\/iai.int\/es\/","name":"IAI - Inter-American Institute for Global Change Research","description":"","publisher":{"@id":"https:\/\/iai.int\/es\/#organization"},"potentialAction":[{"@type":"SearchAction","target":{"@type":"EntryPoint","urlTemplate":"https:\/\/iai.int\/es\/?s={search_term_string}"},"query-input":{"@type":"PropertyValueSpecification","valueRequired":true,"valueName":"search_term_string"}}],"inLanguage":"es"},{"@type":"Organization","@id":"https:\/\/iai.int\/es\/#organization","name":"IAI - Inter-American Institute for Global Change Research","url":"https:\/\/iai.int\/es\/","logo":{"@type":"ImageObject","inLanguage":"es","@id":"https:\/\/iai.int\/es\/#\/schema\/logo\/image\/","url":"https:\/\/iai.int\/wp-content\/uploads\/2025\/11\/IAI-logo-English-scaled.png","contentUrl":"https:\/\/iai.int\/wp-content\/uploads\/2025\/11\/IAI-logo-English-scaled.png","width":2560,"height":985,"caption":"IAI - Inter-American Institute for Global Change Research"},"image":{"@id":"https:\/\/iai.int\/es\/#\/schema\/logo\/image\/"}}]}},"uagb_featured_image_src":{"full":["https:\/\/iai.int\/wp-content\/uploads\/2025\/09\/Biodiversidad-ciencias-de-la-salud-y-el-derecho-humano-a-un-ambiente-saludable-1.png",1600,498,false],"thumbnail":["https:\/\/iai.int\/wp-content\/uploads\/2025\/09\/Biodiversidad-ciencias-de-la-salud-y-el-derecho-humano-a-un-ambiente-saludable-1-150x150.png",150,150,true],"medium":["https:\/\/iai.int\/wp-content\/uploads\/2025\/09\/Biodiversidad-ciencias-de-la-salud-y-el-derecho-humano-a-un-ambiente-saludable-1-300x93.png",300,93,true],"medium_large":["https:\/\/iai.int\/wp-content\/uploads\/2025\/09\/Biodiversidad-ciencias-de-la-salud-y-el-derecho-humano-a-un-ambiente-saludable-1-768x239.png",768,239,true],"large":["https:\/\/iai.int\/wp-content\/uploads\/2025\/09\/Biodiversidad-ciencias-de-la-salud-y-el-derecho-humano-a-un-ambiente-saludable-1-1024x319.png",800,249,true],"1536x1536":["https:\/\/iai.int\/wp-content\/uploads\/2025\/09\/Biodiversidad-ciencias-de-la-salud-y-el-derecho-humano-a-un-ambiente-saludable-1-1536x478.png",1536,478,true],"2048x2048":["https:\/\/iai.int\/wp-content\/uploads\/2025\/09\/Biodiversidad-ciencias-de-la-salud-y-el-derecho-humano-a-un-ambiente-saludable-1.png",1600,498,false]},"uagb_author_info":{"display_name":"admin","author_link":"https:\/\/iai.int\/es\/author\/admin\/"},"uagb_comment_info":0,"uagb_excerpt":"Programas pasados Regrese al Programa de Ciencia","_links":{"self":[{"href":"https:\/\/iai.int\/es\/wp-json\/wp\/v2\/pages\/7451","targetHints":{"allow":["GET"]}}],"collection":[{"href":"https:\/\/iai.int\/es\/wp-json\/wp\/v2\/pages"}],"about":[{"href":"https:\/\/iai.int\/es\/wp-json\/wp\/v2\/types\/page"}],"author":[{"embeddable":true,"href":"https:\/\/iai.int\/es\/wp-json\/wp\/v2\/users\/1"}],"replies":[{"embeddable":true,"href":"https:\/\/iai.int\/es\/wp-json\/wp\/v2\/comments?post=7451"}],"version-history":[{"count":8,"href":"https:\/\/iai.int\/es\/wp-json\/wp\/v2\/pages\/7451\/revisions"}],"predecessor-version":[{"id":14372,"href":"https:\/\/iai.int\/es\/wp-json\/wp\/v2\/pages\/7451\/revisions\/14372"}],"wp:featuredmedia":[{"embeddable":true,"href":"https:\/\/iai.int\/es\/wp-json\/wp\/v2\/media\/7652"}],"wp:attachment":[{"href":"https:\/\/iai.int\/es\/wp-json\/wp\/v2\/media?parent=7451"}],"curies":[{"name":"wp","href":"https:\/\/api.w.org\/{rel}","templated":true}]}}