{"id":745,"date":"2024-09-14T19:38:10","date_gmt":"2024-09-14T22:38:10","guid":{"rendered":"https:\/\/iai.int\/?page_id=745"},"modified":"2024-09-14T19:38:10","modified_gmt":"2024-09-14T22:38:10","slug":"mooc-cambio-climatico-en-america-latina","status":"publish","type":"page","link":"https:\/\/iai.int\/es\/mooc-cambio-climatico-en-america-latina\/","title":{"rendered":"MOOC: Cambio clim\u00e1tico en Am\u00e9rica Latina"},"content":{"rendered":"\n<h3 class=\"wp-block-heading\">Impresionante participaci\u00f3n<\/h3>\n\n\n\n<p>M\u00e1s de 11 mil participantes es el nuevo hito que ha alcanzado el Curso masivo en l\u00ednea (MOOC) del IAI sobre Impactos del cambio clim\u00e1tico en Am\u00e9rica Latina desde su lanzamiento en la COP-22 del CMNUCC realizada en Marruecos, en 2016. El IAI agradece la incre\u00edble respuesta de todos que se han interesado en aprender acerca de los impactos negativos y urgentes del cambio clim\u00e1tico en Latinoam\u00e9rica. Adem\u00e1s de los participantes individuales, un colegio secundario de Puerto Rico lo incluye como parte de su programa, el director de un parque nacional de Bolivia invita a los guardaparques a seguir el curso y agencias gubernamentales est\u00e1n interesadas en ofrecerlo para la certificaci\u00f3n de sus empleados. La cantidad de participantes crece de forma sostenida en diferentes pa\u00edses, encabezados por Colombia y seguidos por Per\u00fa, Guatemala, Argentina, M\u00e9xico, Venezuela, Ecuador, Costa Rica, Bolivia, e incluso Espa\u00f1a, Italia, Francia y Suecia.<\/p>\n\n\n\n<p>Este curso en l\u00ednea se hizo en respuesta a la demanda, en Am\u00e9rica latina, de productos educativos de alto nivel cient\u00edfico y en espa\u00f1ol. Gracias al tiempo donado por 21 cient\u00edficos de diversas disciplinas, el IAI puede comprometer su apoyo al ODS 13 Meta 13.3 de mejorar la educaci\u00f3n, la sensibilizaci\u00f3n y la capacidad humana e institucional en relaci\u00f3n con la mitigaci\u00f3n del cambio clim\u00e1tico, la adaptaci\u00f3n a \u00e9l, la reducci\u00f3n de sus efectos y la alerta temprana. El IAI no habr\u00eda podido realizar este MOOC sin el apoyo de sus socios, entre los que se cuenta el Banco de Desarrollo de Am\u00e9rica Latina (CAF). Asimismo, el IAI agradece el trabajo innovador del Dr. Arturo Sanchez-Azofeifa de la Universidad de Alberta, Canad\u00e1.<\/p>\n\n\n\n<p>El curso es en espa\u00f1ol. Reg\u00edstrate y s\u00edguelo en\u00a0<a href=\"https:\/\/cclatam.iai.int\/\"><strong>https:\/\/cclatam.iai.int\/<\/strong><\/a><\/p>\n\n\n\n<p><strong>\u00bfDe qu\u00e9 se trata?<\/strong>&nbsp;Un curso \u00fanico sobre el cambio clim\u00e1tico y sus impactos en Am\u00e9rica latina, dictado por 21 cient\u00edficos de la regi\u00f3n en espa\u00f1ol con un lenguaje accesible. El curso ofrece informaci\u00f3n de base y analiza las condiciones reales del cambio clim\u00e1tico y global en Latinoam\u00e9rica con sus dimensiones sociales, biol\u00f3gicas y econ\u00f3micas.<\/p>\n\n\n\n<p><strong>\u00bfA qui\u00e9n est\u00e1 dirigido?<\/strong>&nbsp;A todos aquellos que deseen o necesiten comprender los cambios globales y clim\u00e1ticos. Esperamos contar en nuestro p\u00fablico a gestores de recursos, tomadores de decisiones, profesionales, funcionarios de gobierno, ONG, encargados de pol\u00edticas e investigadores de las ciencias naturales y sociales<\/p>\n\n\n\n<p><strong>\u00bfQu\u00e9 buscamos?<\/strong>&nbsp;A trav\u00e9s de esta actividad abierta y gratuita, el Instituto Interamericano para la Investigaci\u00f3n del Cambio Global, IAI, y su proyecto Tropi-Dry en la Universidad de Alberta, Canad\u00e1, buscan capacitar las sociedades de Am\u00e9rica latina acerca del cambio clim\u00e1tico y global.<\/p>\n\n\n\n<p><strong>\u00bfCu\u00e1ndo?<\/strong>&nbsp;El curso se inaugur\u00f3 el 7 de noviembre de 2016, durante la COP-22 de CMNUCC. Esta actividad es gratuita; no hay ex\u00e1menes ni tareas y no se otorgan certificados. Puedes hacerlo a tu ritmo y ver los m\u00f3dulos en el orden que prefieras. Nuestro principal objetivo es compartir informaci\u00f3n.<\/p>\n","protected":false},"excerpt":{"rendered":"<p>Impresionante participaci\u00f3n M\u00e1s de 11 mil participantes es el nuevo hito que ha alcanzado el Curso masivo en l\u00ednea (MOOC) del IAI sobre Impactos del cambio clim\u00e1tico en Am\u00e9rica Latina desde su lanzamiento en la COP-22 del CMNUCC realizada en Marruecos, en 2016. El IAI agradece la incre\u00edble respuesta de todos que se han interesado [&hellip;]<\/p>\n","protected":false},"author":1,"featured_media":0,"parent":0,"menu_order":0,"comment_status":"closed","ping_status":"closed","template":"","meta":{"_acf_changed":false,"_uag_custom_page_level_css":"","footnotes":""},"class_list":["post-745","page","type-page","status-publish","hentry"],"acf":[],"yoast_head":"<!-- This site is optimized with the Yoast SEO plugin v27.3 - https:\/\/yoast.com\/product\/yoast-seo-wordpress\/ -->\n<title>MOOC: Cambio clim\u00e1tico en Am\u00e9rica Latina - IAI - Inter-American Institute for Global Change Research<\/title>\n<meta name=\"robots\" content=\"index, follow, max-snippet:-1, max-image-preview:large, max-video-preview:-1\" \/>\n<link rel=\"canonical\" href=\"https:\/\/iai.int\/es\/mooc-cambio-climatico-en-america-latina\/\" \/>\n<meta property=\"og:locale\" content=\"es_ES\" \/>\n<meta property=\"og:type\" content=\"article\" \/>\n<meta property=\"og:title\" content=\"MOOC: Cambio clim\u00e1tico en Am\u00e9rica Latina - IAI - Inter-American Institute for Global Change Research\" \/>\n<meta property=\"og:description\" content=\"Impresionante participaci\u00f3n M\u00e1s de 11 mil participantes es el nuevo hito que ha alcanzado el Curso masivo en l\u00ednea (MOOC) del IAI sobre Impactos del cambio clim\u00e1tico en Am\u00e9rica Latina desde su lanzamiento en la COP-22 del CMNUCC realizada en Marruecos, en 2016. El IAI agradece la incre\u00edble respuesta de todos que se han interesado [&hellip;]\" \/>\n<meta property=\"og:url\" content=\"https:\/\/iai.int\/es\/mooc-cambio-climatico-en-america-latina\/\" \/>\n<meta property=\"og:site_name\" content=\"IAI - Inter-American Institute for Global Change Research\" \/>\n<meta name=\"twitter:card\" content=\"summary_large_image\" \/>\n<meta name=\"twitter:label1\" content=\"Tiempo de lectura\" \/>\n\t<meta name=\"twitter:data1\" content=\"3 minutos\" \/>\n<script type=\"application\/ld+json\" class=\"yoast-schema-graph\">{\"@context\":\"https:\\\/\\\/schema.org\",\"@graph\":[{\"@type\":\"WebPage\",\"@id\":\"https:\\\/\\\/iai.int\\\/es\\\/mooc-cambio-climatico-en-america-latina\\\/\",\"url\":\"https:\\\/\\\/iai.int\\\/es\\\/mooc-cambio-climatico-en-america-latina\\\/\",\"name\":\"MOOC: Cambio clim\u00e1tico en Am\u00e9rica Latina - IAI - Inter-American Institute for Global Change Research\",\"isPartOf\":{\"@id\":\"https:\\\/\\\/iai.int\\\/es\\\/#website\"},\"datePublished\":\"2024-09-14T22:38:10+00:00\",\"breadcrumb\":{\"@id\":\"https:\\\/\\\/iai.int\\\/es\\\/mooc-cambio-climatico-en-america-latina\\\/#breadcrumb\"},\"inLanguage\":\"es\",\"potentialAction\":[{\"@type\":\"ReadAction\",\"target\":[\"https:\\\/\\\/iai.int\\\/es\\\/mooc-cambio-climatico-en-america-latina\\\/\"]}]},{\"@type\":\"BreadcrumbList\",\"@id\":\"https:\\\/\\\/iai.int\\\/es\\\/mooc-cambio-climatico-en-america-latina\\\/#breadcrumb\",\"itemListElement\":[{\"@type\":\"ListItem\",\"position\":1,\"name\":\"Portada\",\"item\":\"https:\\\/\\\/iai.int\\\/es\\\/\"},{\"@type\":\"ListItem\",\"position\":2,\"name\":\"MOOC: Cambio clim\u00e1tico en Am\u00e9rica Latina\"}]},{\"@type\":\"WebSite\",\"@id\":\"https:\\\/\\\/iai.int\\\/es\\\/#website\",\"url\":\"https:\\\/\\\/iai.int\\\/es\\\/\",\"name\":\"IAI - Inter-American Institute for Global Change Research\",\"description\":\"\",\"publisher\":{\"@id\":\"https:\\\/\\\/iai.int\\\/es\\\/#organization\"},\"potentialAction\":[{\"@type\":\"SearchAction\",\"target\":{\"@type\":\"EntryPoint\",\"urlTemplate\":\"https:\\\/\\\/iai.int\\\/es\\\/?s={search_term_string}\"},\"query-input\":{\"@type\":\"PropertyValueSpecification\",\"valueRequired\":true,\"valueName\":\"search_term_string\"}}],\"inLanguage\":\"es\"},{\"@type\":\"Organization\",\"@id\":\"https:\\\/\\\/iai.int\\\/es\\\/#organization\",\"name\":\"IAI - Inter-American Institute for Global Change Research\",\"url\":\"https:\\\/\\\/iai.int\\\/es\\\/\",\"logo\":{\"@type\":\"ImageObject\",\"inLanguage\":\"es\",\"@id\":\"https:\\\/\\\/iai.int\\\/es\\\/#\\\/schema\\\/logo\\\/image\\\/\",\"url\":\"https:\\\/\\\/iai.int\\\/wp-content\\\/uploads\\\/2025\\\/11\\\/IAI-logo-English-scaled.png\",\"contentUrl\":\"https:\\\/\\\/iai.int\\\/wp-content\\\/uploads\\\/2025\\\/11\\\/IAI-logo-English-scaled.png\",\"width\":2560,\"height\":985,\"caption\":\"IAI - Inter-American Institute for Global Change Research\"},\"image\":{\"@id\":\"https:\\\/\\\/iai.int\\\/es\\\/#\\\/schema\\\/logo\\\/image\\\/\"}}]}<\/script>\n<!-- \/ Yoast SEO plugin. -->","yoast_head_json":{"title":"MOOC: Cambio clim\u00e1tico en Am\u00e9rica Latina - IAI - Inter-American Institute for Global Change Research","robots":{"index":"index","follow":"follow","max-snippet":"max-snippet:-1","max-image-preview":"max-image-preview:large","max-video-preview":"max-video-preview:-1"},"canonical":"https:\/\/iai.int\/es\/mooc-cambio-climatico-en-america-latina\/","og_locale":"es_ES","og_type":"article","og_title":"MOOC: Cambio clim\u00e1tico en Am\u00e9rica Latina - IAI - Inter-American Institute for Global Change Research","og_description":"Impresionante participaci\u00f3n M\u00e1s de 11 mil participantes es el nuevo hito que ha alcanzado el Curso masivo en l\u00ednea (MOOC) del IAI sobre Impactos del cambio clim\u00e1tico en Am\u00e9rica Latina desde su lanzamiento en la COP-22 del CMNUCC realizada en Marruecos, en 2016. El IAI agradece la incre\u00edble respuesta de todos que se han interesado [&hellip;]","og_url":"https:\/\/iai.int\/es\/mooc-cambio-climatico-en-america-latina\/","og_site_name":"IAI - Inter-American Institute for Global Change Research","twitter_card":"summary_large_image","twitter_misc":{"Tiempo de lectura":"3 minutos"},"schema":{"@context":"https:\/\/schema.org","@graph":[{"@type":"WebPage","@id":"https:\/\/iai.int\/es\/mooc-cambio-climatico-en-america-latina\/","url":"https:\/\/iai.int\/es\/mooc-cambio-climatico-en-america-latina\/","name":"MOOC: Cambio clim\u00e1tico en Am\u00e9rica Latina - IAI - Inter-American Institute for Global Change Research","isPartOf":{"@id":"https:\/\/iai.int\/es\/#website"},"datePublished":"2024-09-14T22:38:10+00:00","breadcrumb":{"@id":"https:\/\/iai.int\/es\/mooc-cambio-climatico-en-america-latina\/#breadcrumb"},"inLanguage":"es","potentialAction":[{"@type":"ReadAction","target":["https:\/\/iai.int\/es\/mooc-cambio-climatico-en-america-latina\/"]}]},{"@type":"BreadcrumbList","@id":"https:\/\/iai.int\/es\/mooc-cambio-climatico-en-america-latina\/#breadcrumb","itemListElement":[{"@type":"ListItem","position":1,"name":"Portada","item":"https:\/\/iai.int\/es\/"},{"@type":"ListItem","position":2,"name":"MOOC: Cambio clim\u00e1tico en Am\u00e9rica Latina"}]},{"@type":"WebSite","@id":"https:\/\/iai.int\/es\/#website","url":"https:\/\/iai.int\/es\/","name":"IAI - Inter-American Institute for Global Change Research","description":"","publisher":{"@id":"https:\/\/iai.int\/es\/#organization"},"potentialAction":[{"@type":"SearchAction","target":{"@type":"EntryPoint","urlTemplate":"https:\/\/iai.int\/es\/?s={search_term_string}"},"query-input":{"@type":"PropertyValueSpecification","valueRequired":true,"valueName":"search_term_string"}}],"inLanguage":"es"},{"@type":"Organization","@id":"https:\/\/iai.int\/es\/#organization","name":"IAI - Inter-American Institute for Global Change Research","url":"https:\/\/iai.int\/es\/","logo":{"@type":"ImageObject","inLanguage":"es","@id":"https:\/\/iai.int\/es\/#\/schema\/logo\/image\/","url":"https:\/\/iai.int\/wp-content\/uploads\/2025\/11\/IAI-logo-English-scaled.png","contentUrl":"https:\/\/iai.int\/wp-content\/uploads\/2025\/11\/IAI-logo-English-scaled.png","width":2560,"height":985,"caption":"IAI - Inter-American Institute for Global Change Research"},"image":{"@id":"https:\/\/iai.int\/es\/#\/schema\/logo\/image\/"}}]}},"uagb_featured_image_src":{"full":false,"thumbnail":false,"medium":false,"medium_large":false,"large":false,"1536x1536":false,"2048x2048":false},"uagb_author_info":{"display_name":"admin","author_link":"https:\/\/iai.int\/es\/author\/admin\/"},"uagb_comment_info":0,"uagb_excerpt":"Impresionante participaci\u00f3n M\u00e1s de 11 mil participantes es el nuevo hito que ha alcanzado el Curso masivo en l\u00ednea (MOOC) del IAI sobre Impactos del cambio clim\u00e1tico en Am\u00e9rica Latina desde su lanzamiento en la COP-22 del CMNUCC realizada en Marruecos, en 2016. El IAI agradece la incre\u00edble respuesta de todos que se han interesado&hellip;","_links":{"self":[{"href":"https:\/\/iai.int\/es\/wp-json\/wp\/v2\/pages\/745","targetHints":{"allow":["GET"]}}],"collection":[{"href":"https:\/\/iai.int\/es\/wp-json\/wp\/v2\/pages"}],"about":[{"href":"https:\/\/iai.int\/es\/wp-json\/wp\/v2\/types\/page"}],"author":[{"embeddable":true,"href":"https:\/\/iai.int\/es\/wp-json\/wp\/v2\/users\/1"}],"replies":[{"embeddable":true,"href":"https:\/\/iai.int\/es\/wp-json\/wp\/v2\/comments?post=745"}],"version-history":[{"count":1,"href":"https:\/\/iai.int\/es\/wp-json\/wp\/v2\/pages\/745\/revisions"}],"predecessor-version":[{"id":746,"href":"https:\/\/iai.int\/es\/wp-json\/wp\/v2\/pages\/745\/revisions\/746"}],"wp:attachment":[{"href":"https:\/\/iai.int\/es\/wp-json\/wp\/v2\/media?parent=745"}],"curies":[{"name":"wp","href":"https:\/\/api.w.org\/{rel}","templated":true}]}}