{"id":743,"date":"2024-09-14T19:36:27","date_gmt":"2024-09-14T22:36:27","guid":{"rendered":"https:\/\/iai.int\/?page_id=743"},"modified":"2024-10-21T12:58:52","modified_gmt":"2024-10-21T15:58:52","slug":"curso-abierto-respuesta-en-clima-y-ambiente-para-la-salud-en-las-americas-del-conocimiento-y-la-formacion-transdisciplinarios-a-las-politicas-publicas","status":"publish","type":"page","link":"https:\/\/iai.int\/es\/curso-abierto-respuesta-en-clima-y-ambiente-para-la-salud-en-las-americas-del-conocimiento-y-la-formacion-transdisciplinarios-a-las-politicas-publicas\/","title":{"rendered":"Curso Abierto \u201cRespuesta en Clima y Ambiente para la Salud en las Am\u00e9ricas &#8211; Del conocimiento y la formaci\u00f3n transdisciplinarios a las pol\u00edticas p\u00fablicas\u201d"},"content":{"rendered":"\n<figure class=\"wp-block-image\"><img decoding=\"async\" src=\"https:\/\/iai.int\/administrador\/assets\/images\/ckfinder\/files\/baner-cursoabiertoclima.jpeg\" alt=\"\"\/><\/figure>\n\n\n\n<p>Para registrarse en el curso, visite:&nbsp;<a href=\"https:\/\/moodle.iai.int\/\"><strong>https:\/\/moodle.iai.int\/<\/strong><\/a><\/p>\n\n\n\n<h3 class=\"wp-block-heading\">Objetivo&nbsp;<\/h3>\n\n\n\n<p>Este curso tiene como objetivo mejorar la capacidad de los profesionales e instituciones de las Am\u00e9ricas para abordar los desaf\u00edos en la intersecci\u00f3n del clima, el medio ambiente y la salud a trav\u00e9s de un enfoque transdisciplinario. Los participantes conocer\u00e1n algunas habilidades de comunicaci\u00f3n y compromiso con diversas partes interesadas, con un enfoque en la interfaz ciencia-pol\u00edtica y la participaci\u00f3n genuina de las comunidades.<\/p>\n\n\n\n<h3 class=\"wp-block-heading\">Modalidad<\/h3>\n\n\n\n<p>Este es un curso de autoaprendizaje que los y las participantes pueden desarrollar a su propio ritmo. No hay plazos espec\u00edficos para completarlo. Se recomienda dedicar alrededor de 15 horas para revisar el material del curso.<\/p>\n\n\n\n<h3 class=\"wp-block-heading\">Programa de estudios:\u00a0<a href=\"https:\/\/iai.int\/administrador\/assets\/images\/ckfinder\/files\/CAS%20curso%20auto%20aprendizaje%20IAI%202023-08-12%20(1).pdf\" target=\"_blank\" rel=\"noreferrer noopener\">PDF<\/a> <strong>*********cargar \u00edcono PDF*********<\/strong><\/h3>\n\n\n\n<p><\/p>\n","protected":false},"excerpt":{"rendered":"<p>Para registrarse en el curso, visite:&nbsp;https:\/\/moodle.iai.int\/ Objetivo&nbsp; Este curso tiene como objetivo mejorar la capacidad de los profesionales e instituciones de las Am\u00e9ricas para abordar los desaf\u00edos en la intersecci\u00f3n del clima, el medio ambiente y la salud a trav\u00e9s de un enfoque transdisciplinario. Los participantes conocer\u00e1n algunas habilidades de comunicaci\u00f3n y compromiso con diversas [&hellip;]<\/p>\n","protected":false},"author":1,"featured_media":0,"parent":0,"menu_order":0,"comment_status":"closed","ping_status":"closed","template":"","meta":{"_acf_changed":false,"_uag_custom_page_level_css":"","footnotes":""},"class_list":["post-743","page","type-page","status-publish","hentry"],"acf":[],"yoast_head":"<!-- This site is optimized with the Yoast SEO plugin v27.3 - https:\/\/yoast.com\/product\/yoast-seo-wordpress\/ -->\n<title>Curso Abierto \u201cRespuesta en Clima y Ambiente para la Salud en las Am\u00e9ricas - Del conocimiento y la formaci\u00f3n transdisciplinarios a las pol\u00edticas p\u00fablicas\u201d - IAI - Inter-American Institute for Global Change Research<\/title>\n<meta name=\"robots\" content=\"index, follow, max-snippet:-1, max-image-preview:large, max-video-preview:-1\" \/>\n<link rel=\"canonical\" href=\"https:\/\/iai.int\/es\/curso-abierto-respuesta-en-clima-y-ambiente-para-la-salud-en-las-americas-del-conocimiento-y-la-formacion-transdisciplinarios-a-las-politicas-publicas\/\" \/>\n<meta property=\"og:locale\" content=\"es_ES\" \/>\n<meta property=\"og:type\" content=\"article\" \/>\n<meta property=\"og:title\" content=\"Curso Abierto \u201cRespuesta en Clima y Ambiente para la Salud en las Am\u00e9ricas - Del conocimiento y la formaci\u00f3n transdisciplinarios a las pol\u00edticas p\u00fablicas\u201d - IAI - Inter-American Institute for Global Change Research\" \/>\n<meta property=\"og:description\" content=\"Para registrarse en el curso, visite:&nbsp;https:\/\/moodle.iai.int\/ Objetivo&nbsp; Este curso tiene como objetivo mejorar la capacidad de los profesionales e instituciones de las Am\u00e9ricas para abordar los desaf\u00edos en la intersecci\u00f3n del clima, el medio ambiente y la salud a trav\u00e9s de un enfoque transdisciplinario. Los participantes conocer\u00e1n algunas habilidades de comunicaci\u00f3n y compromiso con diversas [&hellip;]\" \/>\n<meta property=\"og:url\" content=\"https:\/\/iai.int\/es\/curso-abierto-respuesta-en-clima-y-ambiente-para-la-salud-en-las-americas-del-conocimiento-y-la-formacion-transdisciplinarios-a-las-politicas-publicas\/\" \/>\n<meta property=\"og:site_name\" content=\"IAI - Inter-American Institute for Global Change Research\" \/>\n<meta property=\"article:modified_time\" content=\"2024-10-21T15:58:52+00:00\" \/>\n<meta property=\"og:image\" content=\"https:\/\/iai.int\/administrador\/assets\/images\/ckfinder\/files\/baner-cursoabiertoclima.jpeg\" \/>\n<meta name=\"twitter:card\" content=\"summary_large_image\" \/>\n<meta name=\"twitter:label1\" content=\"Tiempo de lectura\" \/>\n\t<meta name=\"twitter:data1\" content=\"1 minuto\" \/>\n<script type=\"application\/ld+json\" class=\"yoast-schema-graph\">{\"@context\":\"https:\\\/\\\/schema.org\",\"@graph\":[{\"@type\":\"WebPage\",\"@id\":\"https:\\\/\\\/iai.int\\\/es\\\/curso-abierto-respuesta-en-clima-y-ambiente-para-la-salud-en-las-americas-del-conocimiento-y-la-formacion-transdisciplinarios-a-las-politicas-publicas\\\/\",\"url\":\"https:\\\/\\\/iai.int\\\/es\\\/curso-abierto-respuesta-en-clima-y-ambiente-para-la-salud-en-las-americas-del-conocimiento-y-la-formacion-transdisciplinarios-a-las-politicas-publicas\\\/\",\"name\":\"Curso Abierto \u201cRespuesta en Clima y Ambiente para la Salud en las Am\u00e9ricas - Del conocimiento y la formaci\u00f3n transdisciplinarios a las pol\u00edticas p\u00fablicas\u201d - IAI - Inter-American Institute for Global Change Research\",\"isPartOf\":{\"@id\":\"https:\\\/\\\/iai.int\\\/es\\\/#website\"},\"primaryImageOfPage\":{\"@id\":\"https:\\\/\\\/iai.int\\\/es\\\/curso-abierto-respuesta-en-clima-y-ambiente-para-la-salud-en-las-americas-del-conocimiento-y-la-formacion-transdisciplinarios-a-las-politicas-publicas\\\/#primaryimage\"},\"image\":{\"@id\":\"https:\\\/\\\/iai.int\\\/es\\\/curso-abierto-respuesta-en-clima-y-ambiente-para-la-salud-en-las-americas-del-conocimiento-y-la-formacion-transdisciplinarios-a-las-politicas-publicas\\\/#primaryimage\"},\"thumbnailUrl\":\"https:\\\/\\\/iai.int\\\/administrador\\\/assets\\\/images\\\/ckfinder\\\/files\\\/baner-cursoabiertoclima.jpeg\",\"datePublished\":\"2024-09-14T22:36:27+00:00\",\"dateModified\":\"2024-10-21T15:58:52+00:00\",\"breadcrumb\":{\"@id\":\"https:\\\/\\\/iai.int\\\/es\\\/curso-abierto-respuesta-en-clima-y-ambiente-para-la-salud-en-las-americas-del-conocimiento-y-la-formacion-transdisciplinarios-a-las-politicas-publicas\\\/#breadcrumb\"},\"inLanguage\":\"es\",\"potentialAction\":[{\"@type\":\"ReadAction\",\"target\":[\"https:\\\/\\\/iai.int\\\/es\\\/curso-abierto-respuesta-en-clima-y-ambiente-para-la-salud-en-las-americas-del-conocimiento-y-la-formacion-transdisciplinarios-a-las-politicas-publicas\\\/\"]}]},{\"@type\":\"ImageObject\",\"inLanguage\":\"es\",\"@id\":\"https:\\\/\\\/iai.int\\\/es\\\/curso-abierto-respuesta-en-clima-y-ambiente-para-la-salud-en-las-americas-del-conocimiento-y-la-formacion-transdisciplinarios-a-las-politicas-publicas\\\/#primaryimage\",\"url\":\"https:\\\/\\\/iai.int\\\/administrador\\\/assets\\\/images\\\/ckfinder\\\/files\\\/baner-cursoabiertoclima.jpeg\",\"contentUrl\":\"https:\\\/\\\/iai.int\\\/administrador\\\/assets\\\/images\\\/ckfinder\\\/files\\\/baner-cursoabiertoclima.jpeg\"},{\"@type\":\"BreadcrumbList\",\"@id\":\"https:\\\/\\\/iai.int\\\/es\\\/curso-abierto-respuesta-en-clima-y-ambiente-para-la-salud-en-las-americas-del-conocimiento-y-la-formacion-transdisciplinarios-a-las-politicas-publicas\\\/#breadcrumb\",\"itemListElement\":[{\"@type\":\"ListItem\",\"position\":1,\"name\":\"Portada\",\"item\":\"https:\\\/\\\/iai.int\\\/es\\\/\"},{\"@type\":\"ListItem\",\"position\":2,\"name\":\"Curso Abierto \u201cRespuesta en Clima y Ambiente para la Salud en las Am\u00e9ricas &#8211; Del conocimiento y la formaci\u00f3n transdisciplinarios a las pol\u00edticas p\u00fablicas\u201d\"}]},{\"@type\":\"WebSite\",\"@id\":\"https:\\\/\\\/iai.int\\\/es\\\/#website\",\"url\":\"https:\\\/\\\/iai.int\\\/es\\\/\",\"name\":\"IAI - Inter-American Institute for Global Change Research\",\"description\":\"\",\"publisher\":{\"@id\":\"https:\\\/\\\/iai.int\\\/es\\\/#organization\"},\"potentialAction\":[{\"@type\":\"SearchAction\",\"target\":{\"@type\":\"EntryPoint\",\"urlTemplate\":\"https:\\\/\\\/iai.int\\\/es\\\/?s={search_term_string}\"},\"query-input\":{\"@type\":\"PropertyValueSpecification\",\"valueRequired\":true,\"valueName\":\"search_term_string\"}}],\"inLanguage\":\"es\"},{\"@type\":\"Organization\",\"@id\":\"https:\\\/\\\/iai.int\\\/es\\\/#organization\",\"name\":\"IAI - Inter-American Institute for Global Change Research\",\"url\":\"https:\\\/\\\/iai.int\\\/es\\\/\",\"logo\":{\"@type\":\"ImageObject\",\"inLanguage\":\"es\",\"@id\":\"https:\\\/\\\/iai.int\\\/es\\\/#\\\/schema\\\/logo\\\/image\\\/\",\"url\":\"https:\\\/\\\/iai.int\\\/wp-content\\\/uploads\\\/2025\\\/11\\\/IAI-logo-English-scaled.png\",\"contentUrl\":\"https:\\\/\\\/iai.int\\\/wp-content\\\/uploads\\\/2025\\\/11\\\/IAI-logo-English-scaled.png\",\"width\":2560,\"height\":985,\"caption\":\"IAI - Inter-American Institute for Global Change Research\"},\"image\":{\"@id\":\"https:\\\/\\\/iai.int\\\/es\\\/#\\\/schema\\\/logo\\\/image\\\/\"}}]}<\/script>\n<!-- \/ Yoast SEO plugin. -->","yoast_head_json":{"title":"Curso Abierto \u201cRespuesta en Clima y Ambiente para la Salud en las Am\u00e9ricas - Del conocimiento y la formaci\u00f3n transdisciplinarios a las pol\u00edticas p\u00fablicas\u201d - IAI - Inter-American Institute for Global Change Research","robots":{"index":"index","follow":"follow","max-snippet":"max-snippet:-1","max-image-preview":"max-image-preview:large","max-video-preview":"max-video-preview:-1"},"canonical":"https:\/\/iai.int\/es\/curso-abierto-respuesta-en-clima-y-ambiente-para-la-salud-en-las-americas-del-conocimiento-y-la-formacion-transdisciplinarios-a-las-politicas-publicas\/","og_locale":"es_ES","og_type":"article","og_title":"Curso Abierto \u201cRespuesta en Clima y Ambiente para la Salud en las Am\u00e9ricas - Del conocimiento y la formaci\u00f3n transdisciplinarios a las pol\u00edticas p\u00fablicas\u201d - IAI - Inter-American Institute for Global Change Research","og_description":"Para registrarse en el curso, visite:&nbsp;https:\/\/moodle.iai.int\/ Objetivo&nbsp; Este curso tiene como objetivo mejorar la capacidad de los profesionales e instituciones de las Am\u00e9ricas para abordar los desaf\u00edos en la intersecci\u00f3n del clima, el medio ambiente y la salud a trav\u00e9s de un enfoque transdisciplinario. Los participantes conocer\u00e1n algunas habilidades de comunicaci\u00f3n y compromiso con diversas [&hellip;]","og_url":"https:\/\/iai.int\/es\/curso-abierto-respuesta-en-clima-y-ambiente-para-la-salud-en-las-americas-del-conocimiento-y-la-formacion-transdisciplinarios-a-las-politicas-publicas\/","og_site_name":"IAI - Inter-American Institute for Global Change Research","article_modified_time":"2024-10-21T15:58:52+00:00","og_image":[{"url":"https:\/\/iai.int\/administrador\/assets\/images\/ckfinder\/files\/baner-cursoabiertoclima.jpeg","type":"","width":"","height":""}],"twitter_card":"summary_large_image","twitter_misc":{"Tiempo de lectura":"1 minuto"},"schema":{"@context":"https:\/\/schema.org","@graph":[{"@type":"WebPage","@id":"https:\/\/iai.int\/es\/curso-abierto-respuesta-en-clima-y-ambiente-para-la-salud-en-las-americas-del-conocimiento-y-la-formacion-transdisciplinarios-a-las-politicas-publicas\/","url":"https:\/\/iai.int\/es\/curso-abierto-respuesta-en-clima-y-ambiente-para-la-salud-en-las-americas-del-conocimiento-y-la-formacion-transdisciplinarios-a-las-politicas-publicas\/","name":"Curso Abierto \u201cRespuesta en Clima y Ambiente para la Salud en las Am\u00e9ricas - Del conocimiento y la formaci\u00f3n transdisciplinarios a las pol\u00edticas p\u00fablicas\u201d - IAI - Inter-American Institute for Global Change Research","isPartOf":{"@id":"https:\/\/iai.int\/es\/#website"},"primaryImageOfPage":{"@id":"https:\/\/iai.int\/es\/curso-abierto-respuesta-en-clima-y-ambiente-para-la-salud-en-las-americas-del-conocimiento-y-la-formacion-transdisciplinarios-a-las-politicas-publicas\/#primaryimage"},"image":{"@id":"https:\/\/iai.int\/es\/curso-abierto-respuesta-en-clima-y-ambiente-para-la-salud-en-las-americas-del-conocimiento-y-la-formacion-transdisciplinarios-a-las-politicas-publicas\/#primaryimage"},"thumbnailUrl":"https:\/\/iai.int\/administrador\/assets\/images\/ckfinder\/files\/baner-cursoabiertoclima.jpeg","datePublished":"2024-09-14T22:36:27+00:00","dateModified":"2024-10-21T15:58:52+00:00","breadcrumb":{"@id":"https:\/\/iai.int\/es\/curso-abierto-respuesta-en-clima-y-ambiente-para-la-salud-en-las-americas-del-conocimiento-y-la-formacion-transdisciplinarios-a-las-politicas-publicas\/#breadcrumb"},"inLanguage":"es","potentialAction":[{"@type":"ReadAction","target":["https:\/\/iai.int\/es\/curso-abierto-respuesta-en-clima-y-ambiente-para-la-salud-en-las-americas-del-conocimiento-y-la-formacion-transdisciplinarios-a-las-politicas-publicas\/"]}]},{"@type":"ImageObject","inLanguage":"es","@id":"https:\/\/iai.int\/es\/curso-abierto-respuesta-en-clima-y-ambiente-para-la-salud-en-las-americas-del-conocimiento-y-la-formacion-transdisciplinarios-a-las-politicas-publicas\/#primaryimage","url":"https:\/\/iai.int\/administrador\/assets\/images\/ckfinder\/files\/baner-cursoabiertoclima.jpeg","contentUrl":"https:\/\/iai.int\/administrador\/assets\/images\/ckfinder\/files\/baner-cursoabiertoclima.jpeg"},{"@type":"BreadcrumbList","@id":"https:\/\/iai.int\/es\/curso-abierto-respuesta-en-clima-y-ambiente-para-la-salud-en-las-americas-del-conocimiento-y-la-formacion-transdisciplinarios-a-las-politicas-publicas\/#breadcrumb","itemListElement":[{"@type":"ListItem","position":1,"name":"Portada","item":"https:\/\/iai.int\/es\/"},{"@type":"ListItem","position":2,"name":"Curso Abierto \u201cRespuesta en Clima y Ambiente para la Salud en las Am\u00e9ricas &#8211; Del conocimiento y la formaci\u00f3n transdisciplinarios a las pol\u00edticas p\u00fablicas\u201d"}]},{"@type":"WebSite","@id":"https:\/\/iai.int\/es\/#website","url":"https:\/\/iai.int\/es\/","name":"IAI - Inter-American Institute for Global Change Research","description":"","publisher":{"@id":"https:\/\/iai.int\/es\/#organization"},"potentialAction":[{"@type":"SearchAction","target":{"@type":"EntryPoint","urlTemplate":"https:\/\/iai.int\/es\/?s={search_term_string}"},"query-input":{"@type":"PropertyValueSpecification","valueRequired":true,"valueName":"search_term_string"}}],"inLanguage":"es"},{"@type":"Organization","@id":"https:\/\/iai.int\/es\/#organization","name":"IAI - Inter-American Institute for Global Change Research","url":"https:\/\/iai.int\/es\/","logo":{"@type":"ImageObject","inLanguage":"es","@id":"https:\/\/iai.int\/es\/#\/schema\/logo\/image\/","url":"https:\/\/iai.int\/wp-content\/uploads\/2025\/11\/IAI-logo-English-scaled.png","contentUrl":"https:\/\/iai.int\/wp-content\/uploads\/2025\/11\/IAI-logo-English-scaled.png","width":2560,"height":985,"caption":"IAI - Inter-American Institute for Global Change Research"},"image":{"@id":"https:\/\/iai.int\/es\/#\/schema\/logo\/image\/"}}]}},"uagb_featured_image_src":{"full":false,"thumbnail":false,"medium":false,"medium_large":false,"large":false,"1536x1536":false,"2048x2048":false},"uagb_author_info":{"display_name":"admin","author_link":"https:\/\/iai.int\/es\/author\/admin\/"},"uagb_comment_info":0,"uagb_excerpt":"Para registrarse en el curso, visite:&nbsp;https:\/\/moodle.iai.int\/ Objetivo&nbsp; Este curso tiene como objetivo mejorar la capacidad de los profesionales e instituciones de las Am\u00e9ricas para abordar los desaf\u00edos en la intersecci\u00f3n del clima, el medio ambiente y la salud a trav\u00e9s de un enfoque transdisciplinario. Los participantes conocer\u00e1n algunas habilidades de comunicaci\u00f3n y compromiso con diversas&hellip;","_links":{"self":[{"href":"https:\/\/iai.int\/es\/wp-json\/wp\/v2\/pages\/743","targetHints":{"allow":["GET"]}}],"collection":[{"href":"https:\/\/iai.int\/es\/wp-json\/wp\/v2\/pages"}],"about":[{"href":"https:\/\/iai.int\/es\/wp-json\/wp\/v2\/types\/page"}],"author":[{"embeddable":true,"href":"https:\/\/iai.int\/es\/wp-json\/wp\/v2\/users\/1"}],"replies":[{"embeddable":true,"href":"https:\/\/iai.int\/es\/wp-json\/wp\/v2\/comments?post=743"}],"version-history":[{"count":3,"href":"https:\/\/iai.int\/es\/wp-json\/wp\/v2\/pages\/743\/revisions"}],"predecessor-version":[{"id":1461,"href":"https:\/\/iai.int\/es\/wp-json\/wp\/v2\/pages\/743\/revisions\/1461"}],"wp:attachment":[{"href":"https:\/\/iai.int\/es\/wp-json\/wp\/v2\/media?parent=743"}],"curies":[{"name":"wp","href":"https:\/\/api.w.org\/{rel}","templated":true}]}}