{"id":740,"date":"2024-03-02T19:29:00","date_gmt":"2024-03-02T22:29:00","guid":{"rendered":"https:\/\/iai.int\/?page_id=740"},"modified":"2025-07-29T22:48:39","modified_gmt":"2025-07-30T03:48:39","slug":"el-nino-en-las-americas-proteger-la-salud-y-promover-la-resiliencia","status":"publish","type":"page","link":"https:\/\/iai.int\/es\/el-nino-en-las-americas-proteger-la-salud-y-promover-la-resiliencia\/","title":{"rendered":"El Ni\u00f1o en las Am\u00e9ricas: Proteger la salud y promover la resiliencia"},"content":{"rendered":"\n<figure class=\"wp-block-image\"><img decoding=\"async\" src=\"https:\/\/iai.int\/administrador\/assets\/images\/ckfinder\/files\/El%20Nin%CC%83o%20en%20las%20Ame%CC%81ricas%20Banner%20para%20web.jpg\" alt=\"\"\/><\/figure>\n\n\n\n<p>Para inscribirse en el curso, visite:\u00a0<a href=\"https:\/\/moodle.iai.int\/\"><strong>https:\/\/moodle.iai.int\/<\/strong><\/a>\u00a0<\/p>\n\n\n\n<h3 class=\"wp-block-heading\">Introducci\u00f3n<\/h3>\n\n\n\n<p>Las condiciones moderadas de El Ni\u00f1o se han desarrollado en el Pac\u00edfico tropical, preparando el escenario para un aumento de las temperaturas y patrones meteorol\u00f3gicos y clim\u00e1ticos perturbadores en todo el continente americano. Con estas condiciones, se prev\u00e9 que los cambios en las enfermedades transmitidas por vectores y zoon\u00f3ticas, la inseguridad e inestabilidad de los alimentos y el agua, la exposici\u00f3n al calor extremo y la contaminaci\u00f3n atmosf\u00e9rica y el aumento del riesgo de fen\u00f3menos meteorol\u00f3gicos extremos tendr\u00e1n repercusiones en la salud. Los sistemas de salud est\u00e1n en primera l\u00ednea y deben responder de forma oportuna y proactiva para proteger la salud humana.<\/p>\n\n\n\n<h3 class=\"wp-block-heading\">Objetivos del curso<\/h3>\n\n\n\n<p>Al finalizar este curso, los participantes ser\u00e1n capaces de:<\/p>\n\n\n\n<p>Describir los efectos meteorol\u00f3gicos previstos de El Ni\u00f1o-Oscilaci\u00f3n del Sur (ENOS) en su regi\u00f3n y las posibles consecuencias para la salud.<\/p>\n\n\n\n<p>Explicar c\u00f3mo las condiciones del ENOS pueden afectar a la salud a trav\u00e9s de temperaturas extremas, cambios en las enfermedades transmitidas por vectores y zoonosis, repercusiones en la seguridad alimentaria y del agua, mala calidad del aire y fen\u00f3menos meteorol\u00f3gicos extremos como inundaciones, corrimientos de tierra, sequ\u00edas y huracanes.<\/p>\n\n\n\n<p>Desarrollar un plan inicial de respuesta local\/regional\/nacional utilizando las herramientas disponibles de gesti\u00f3n de riesgos y toma de decisiones y las recomendaciones de los socios sanitarios autorizados.<\/p>\n\n\n\n<h3 class=\"wp-block-heading\">Modalidad del Curso<\/h3>\n\n\n\n<p>Este es un curso de autoaprendizaje que los y las participantes pueden desarrollar a su propio ritmo. No hay plazos espec\u00edficos para completarlo. Se recomienda dedicar alrededor de 24 horas para revisar el material del curso.<\/p>\n","protected":false},"excerpt":{"rendered":"<p>Para inscribirse en el curso, visite:\u00a0https:\/\/moodle.iai.int\/\u00a0 Introducci\u00f3n Las condiciones moderadas de El Ni\u00f1o se han desarrollado en el Pac\u00edfico tropical, preparando el escenario para un aumento de las temperaturas y patrones meteorol\u00f3gicos y clim\u00e1ticos perturbadores en todo el continente americano. Con estas condiciones, se prev\u00e9 que los cambios en las enfermedades transmitidas por vectores y [&hellip;]<\/p>\n","protected":false},"author":1,"featured_media":996,"parent":0,"menu_order":0,"comment_status":"closed","ping_status":"closed","template":"","meta":{"_acf_changed":false,"_uag_custom_page_level_css":"","footnotes":""},"class_list":["post-740","page","type-page","status-publish","has-post-thumbnail","hentry"],"acf":[],"yoast_head":"<!-- This site is optimized with the Yoast SEO plugin v27.3 - https:\/\/yoast.com\/product\/yoast-seo-wordpress\/ -->\n<title>El Ni\u00f1o en las Am\u00e9ricas: Proteger la salud y promover la resiliencia - IAI - Inter-American Institute for Global Change Research<\/title>\n<meta name=\"robots\" content=\"index, follow, max-snippet:-1, max-image-preview:large, max-video-preview:-1\" \/>\n<link rel=\"canonical\" href=\"https:\/\/iai.int\/es\/el-nino-en-las-americas-proteger-la-salud-y-promover-la-resiliencia\/\" \/>\n<meta property=\"og:locale\" content=\"es_ES\" \/>\n<meta property=\"og:type\" content=\"article\" \/>\n<meta property=\"og:title\" content=\"El Ni\u00f1o en las Am\u00e9ricas: Proteger la salud y promover la resiliencia - IAI - Inter-American Institute for Global Change Research\" \/>\n<meta property=\"og:description\" content=\"Para inscribirse en el curso, visite:\u00a0https:\/\/moodle.iai.int\/\u00a0 Introducci\u00f3n Las condiciones moderadas de El Ni\u00f1o se han desarrollado en el Pac\u00edfico tropical, preparando el escenario para un aumento de las temperaturas y patrones meteorol\u00f3gicos y clim\u00e1ticos perturbadores en todo el continente americano. Con estas condiciones, se prev\u00e9 que los cambios en las enfermedades transmitidas por vectores y [&hellip;]\" \/>\n<meta property=\"og:url\" content=\"https:\/\/iai.int\/es\/el-nino-en-las-americas-proteger-la-salud-y-promover-la-resiliencia\/\" \/>\n<meta property=\"og:site_name\" content=\"IAI - Inter-American Institute for Global Change Research\" \/>\n<meta property=\"article:modified_time\" content=\"2025-07-30T03:48:39+00:00\" \/>\n<meta property=\"og:image\" content=\"https:\/\/iai.int\/wp-content\/uploads\/2024\/09\/El-Nino-en-las-Americas-Banner-para-web.jpg\" \/>\n\t<meta property=\"og:image:width\" content=\"1276\" \/>\n\t<meta property=\"og:image:height\" content=\"397\" \/>\n\t<meta property=\"og:image:type\" content=\"image\/jpeg\" \/>\n<meta name=\"twitter:card\" content=\"summary_large_image\" \/>\n<meta name=\"twitter:label1\" content=\"Tiempo de lectura\" \/>\n\t<meta name=\"twitter:data1\" content=\"1 minuto\" \/>\n<script type=\"application\/ld+json\" class=\"yoast-schema-graph\">{\"@context\":\"https:\\\/\\\/schema.org\",\"@graph\":[{\"@type\":\"WebPage\",\"@id\":\"https:\\\/\\\/iai.int\\\/es\\\/el-nino-en-las-americas-proteger-la-salud-y-promover-la-resiliencia\\\/\",\"url\":\"https:\\\/\\\/iai.int\\\/es\\\/el-nino-en-las-americas-proteger-la-salud-y-promover-la-resiliencia\\\/\",\"name\":\"El Ni\u00f1o en las Am\u00e9ricas: Proteger la salud y promover la resiliencia - IAI - Inter-American Institute for Global Change Research\",\"isPartOf\":{\"@id\":\"https:\\\/\\\/iai.int\\\/es\\\/#website\"},\"primaryImageOfPage\":{\"@id\":\"https:\\\/\\\/iai.int\\\/es\\\/el-nino-en-las-americas-proteger-la-salud-y-promover-la-resiliencia\\\/#primaryimage\"},\"image\":{\"@id\":\"https:\\\/\\\/iai.int\\\/es\\\/el-nino-en-las-americas-proteger-la-salud-y-promover-la-resiliencia\\\/#primaryimage\"},\"thumbnailUrl\":\"https:\\\/\\\/iai.int\\\/wp-content\\\/uploads\\\/2024\\\/09\\\/El-Nino-en-las-Americas-Banner-para-web.jpg\",\"datePublished\":\"2024-03-02T22:29:00+00:00\",\"dateModified\":\"2025-07-30T03:48:39+00:00\",\"breadcrumb\":{\"@id\":\"https:\\\/\\\/iai.int\\\/es\\\/el-nino-en-las-americas-proteger-la-salud-y-promover-la-resiliencia\\\/#breadcrumb\"},\"inLanguage\":\"es\",\"potentialAction\":[{\"@type\":\"ReadAction\",\"target\":[\"https:\\\/\\\/iai.int\\\/es\\\/el-nino-en-las-americas-proteger-la-salud-y-promover-la-resiliencia\\\/\"]}]},{\"@type\":\"ImageObject\",\"inLanguage\":\"es\",\"@id\":\"https:\\\/\\\/iai.int\\\/es\\\/el-nino-en-las-americas-proteger-la-salud-y-promover-la-resiliencia\\\/#primaryimage\",\"url\":\"https:\\\/\\\/iai.int\\\/wp-content\\\/uploads\\\/2024\\\/09\\\/El-Nino-en-las-Americas-Banner-para-web.jpg\",\"contentUrl\":\"https:\\\/\\\/iai.int\\\/wp-content\\\/uploads\\\/2024\\\/09\\\/El-Nino-en-las-Americas-Banner-para-web.jpg\",\"width\":1276,\"height\":397},{\"@type\":\"BreadcrumbList\",\"@id\":\"https:\\\/\\\/iai.int\\\/es\\\/el-nino-en-las-americas-proteger-la-salud-y-promover-la-resiliencia\\\/#breadcrumb\",\"itemListElement\":[{\"@type\":\"ListItem\",\"position\":1,\"name\":\"Portada\",\"item\":\"https:\\\/\\\/iai.int\\\/es\\\/\"},{\"@type\":\"ListItem\",\"position\":2,\"name\":\"El Ni\u00f1o en las Am\u00e9ricas: Proteger la salud y promover la resiliencia\"}]},{\"@type\":\"WebSite\",\"@id\":\"https:\\\/\\\/iai.int\\\/es\\\/#website\",\"url\":\"https:\\\/\\\/iai.int\\\/es\\\/\",\"name\":\"IAI - Inter-American Institute for Global Change Research\",\"description\":\"\",\"publisher\":{\"@id\":\"https:\\\/\\\/iai.int\\\/es\\\/#organization\"},\"potentialAction\":[{\"@type\":\"SearchAction\",\"target\":{\"@type\":\"EntryPoint\",\"urlTemplate\":\"https:\\\/\\\/iai.int\\\/es\\\/?s={search_term_string}\"},\"query-input\":{\"@type\":\"PropertyValueSpecification\",\"valueRequired\":true,\"valueName\":\"search_term_string\"}}],\"inLanguage\":\"es\"},{\"@type\":\"Organization\",\"@id\":\"https:\\\/\\\/iai.int\\\/es\\\/#organization\",\"name\":\"IAI - Inter-American Institute for Global Change Research\",\"url\":\"https:\\\/\\\/iai.int\\\/es\\\/\",\"logo\":{\"@type\":\"ImageObject\",\"inLanguage\":\"es\",\"@id\":\"https:\\\/\\\/iai.int\\\/es\\\/#\\\/schema\\\/logo\\\/image\\\/\",\"url\":\"https:\\\/\\\/iai.int\\\/wp-content\\\/uploads\\\/2025\\\/11\\\/IAI-logo-English-scaled.png\",\"contentUrl\":\"https:\\\/\\\/iai.int\\\/wp-content\\\/uploads\\\/2025\\\/11\\\/IAI-logo-English-scaled.png\",\"width\":2560,\"height\":985,\"caption\":\"IAI - Inter-American Institute for Global Change Research\"},\"image\":{\"@id\":\"https:\\\/\\\/iai.int\\\/es\\\/#\\\/schema\\\/logo\\\/image\\\/\"}}]}<\/script>\n<!-- \/ Yoast SEO plugin. -->","yoast_head_json":{"title":"El Ni\u00f1o en las Am\u00e9ricas: Proteger la salud y promover la resiliencia - IAI - Inter-American Institute for Global Change Research","robots":{"index":"index","follow":"follow","max-snippet":"max-snippet:-1","max-image-preview":"max-image-preview:large","max-video-preview":"max-video-preview:-1"},"canonical":"https:\/\/iai.int\/es\/el-nino-en-las-americas-proteger-la-salud-y-promover-la-resiliencia\/","og_locale":"es_ES","og_type":"article","og_title":"El Ni\u00f1o en las Am\u00e9ricas: Proteger la salud y promover la resiliencia - IAI - Inter-American Institute for Global Change Research","og_description":"Para inscribirse en el curso, visite:\u00a0https:\/\/moodle.iai.int\/\u00a0 Introducci\u00f3n Las condiciones moderadas de El Ni\u00f1o se han desarrollado en el Pac\u00edfico tropical, preparando el escenario para un aumento de las temperaturas y patrones meteorol\u00f3gicos y clim\u00e1ticos perturbadores en todo el continente americano. Con estas condiciones, se prev\u00e9 que los cambios en las enfermedades transmitidas por vectores y [&hellip;]","og_url":"https:\/\/iai.int\/es\/el-nino-en-las-americas-proteger-la-salud-y-promover-la-resiliencia\/","og_site_name":"IAI - Inter-American Institute for Global Change Research","article_modified_time":"2025-07-30T03:48:39+00:00","og_image":[{"width":1276,"height":397,"url":"https:\/\/iai.int\/wp-content\/uploads\/2024\/09\/El-Nino-en-las-Americas-Banner-para-web.jpg","type":"image\/jpeg"}],"twitter_card":"summary_large_image","twitter_misc":{"Tiempo de lectura":"1 minuto"},"schema":{"@context":"https:\/\/schema.org","@graph":[{"@type":"WebPage","@id":"https:\/\/iai.int\/es\/el-nino-en-las-americas-proteger-la-salud-y-promover-la-resiliencia\/","url":"https:\/\/iai.int\/es\/el-nino-en-las-americas-proteger-la-salud-y-promover-la-resiliencia\/","name":"El Ni\u00f1o en las Am\u00e9ricas: Proteger la salud y promover la resiliencia - IAI - Inter-American Institute for Global Change Research","isPartOf":{"@id":"https:\/\/iai.int\/es\/#website"},"primaryImageOfPage":{"@id":"https:\/\/iai.int\/es\/el-nino-en-las-americas-proteger-la-salud-y-promover-la-resiliencia\/#primaryimage"},"image":{"@id":"https:\/\/iai.int\/es\/el-nino-en-las-americas-proteger-la-salud-y-promover-la-resiliencia\/#primaryimage"},"thumbnailUrl":"https:\/\/iai.int\/wp-content\/uploads\/2024\/09\/El-Nino-en-las-Americas-Banner-para-web.jpg","datePublished":"2024-03-02T22:29:00+00:00","dateModified":"2025-07-30T03:48:39+00:00","breadcrumb":{"@id":"https:\/\/iai.int\/es\/el-nino-en-las-americas-proteger-la-salud-y-promover-la-resiliencia\/#breadcrumb"},"inLanguage":"es","potentialAction":[{"@type":"ReadAction","target":["https:\/\/iai.int\/es\/el-nino-en-las-americas-proteger-la-salud-y-promover-la-resiliencia\/"]}]},{"@type":"ImageObject","inLanguage":"es","@id":"https:\/\/iai.int\/es\/el-nino-en-las-americas-proteger-la-salud-y-promover-la-resiliencia\/#primaryimage","url":"https:\/\/iai.int\/wp-content\/uploads\/2024\/09\/El-Nino-en-las-Americas-Banner-para-web.jpg","contentUrl":"https:\/\/iai.int\/wp-content\/uploads\/2024\/09\/El-Nino-en-las-Americas-Banner-para-web.jpg","width":1276,"height":397},{"@type":"BreadcrumbList","@id":"https:\/\/iai.int\/es\/el-nino-en-las-americas-proteger-la-salud-y-promover-la-resiliencia\/#breadcrumb","itemListElement":[{"@type":"ListItem","position":1,"name":"Portada","item":"https:\/\/iai.int\/es\/"},{"@type":"ListItem","position":2,"name":"El Ni\u00f1o en las Am\u00e9ricas: Proteger la salud y promover la resiliencia"}]},{"@type":"WebSite","@id":"https:\/\/iai.int\/es\/#website","url":"https:\/\/iai.int\/es\/","name":"IAI - Inter-American Institute for Global Change Research","description":"","publisher":{"@id":"https:\/\/iai.int\/es\/#organization"},"potentialAction":[{"@type":"SearchAction","target":{"@type":"EntryPoint","urlTemplate":"https:\/\/iai.int\/es\/?s={search_term_string}"},"query-input":{"@type":"PropertyValueSpecification","valueRequired":true,"valueName":"search_term_string"}}],"inLanguage":"es"},{"@type":"Organization","@id":"https:\/\/iai.int\/es\/#organization","name":"IAI - Inter-American Institute for Global Change Research","url":"https:\/\/iai.int\/es\/","logo":{"@type":"ImageObject","inLanguage":"es","@id":"https:\/\/iai.int\/es\/#\/schema\/logo\/image\/","url":"https:\/\/iai.int\/wp-content\/uploads\/2025\/11\/IAI-logo-English-scaled.png","contentUrl":"https:\/\/iai.int\/wp-content\/uploads\/2025\/11\/IAI-logo-English-scaled.png","width":2560,"height":985,"caption":"IAI - Inter-American Institute for Global Change Research"},"image":{"@id":"https:\/\/iai.int\/es\/#\/schema\/logo\/image\/"}}]}},"uagb_featured_image_src":{"full":["https:\/\/iai.int\/wp-content\/uploads\/2024\/09\/El-Nino-en-las-Americas-Banner-para-web.jpg",1276,397,false],"thumbnail":["https:\/\/iai.int\/wp-content\/uploads\/2024\/09\/El-Nino-en-las-Americas-Banner-para-web-150x150.jpg",150,150,true],"medium":["https:\/\/iai.int\/wp-content\/uploads\/2024\/09\/El-Nino-en-las-Americas-Banner-para-web-300x93.jpg",300,93,true],"medium_large":["https:\/\/iai.int\/wp-content\/uploads\/2024\/09\/El-Nino-en-las-Americas-Banner-para-web-768x239.jpg",768,239,true],"large":["https:\/\/iai.int\/wp-content\/uploads\/2024\/09\/El-Nino-en-las-Americas-Banner-para-web-1024x319.jpg",800,249,true],"1536x1536":["https:\/\/iai.int\/wp-content\/uploads\/2024\/09\/El-Nino-en-las-Americas-Banner-para-web.jpg",1276,397,false],"2048x2048":["https:\/\/iai.int\/wp-content\/uploads\/2024\/09\/El-Nino-en-las-Americas-Banner-para-web.jpg",1276,397,false]},"uagb_author_info":{"display_name":"admin","author_link":"https:\/\/iai.int\/es\/author\/admin\/"},"uagb_comment_info":0,"uagb_excerpt":"Para inscribirse en el curso, visite:\u00a0https:\/\/moodle.iai.int\/\u00a0 Introducci\u00f3n Las condiciones moderadas de El Ni\u00f1o se han desarrollado en el Pac\u00edfico tropical, preparando el escenario para un aumento de las temperaturas y patrones meteorol\u00f3gicos y clim\u00e1ticos perturbadores en todo el continente americano. Con estas condiciones, se prev\u00e9 que los cambios en las enfermedades transmitidas por vectores y&hellip;","_links":{"self":[{"href":"https:\/\/iai.int\/es\/wp-json\/wp\/v2\/pages\/740","targetHints":{"allow":["GET"]}}],"collection":[{"href":"https:\/\/iai.int\/es\/wp-json\/wp\/v2\/pages"}],"about":[{"href":"https:\/\/iai.int\/es\/wp-json\/wp\/v2\/types\/page"}],"author":[{"embeddable":true,"href":"https:\/\/iai.int\/es\/wp-json\/wp\/v2\/users\/1"}],"replies":[{"embeddable":true,"href":"https:\/\/iai.int\/es\/wp-json\/wp\/v2\/comments?post=740"}],"version-history":[{"count":1,"href":"https:\/\/iai.int\/es\/wp-json\/wp\/v2\/pages\/740\/revisions"}],"predecessor-version":[{"id":742,"href":"https:\/\/iai.int\/es\/wp-json\/wp\/v2\/pages\/740\/revisions\/742"}],"wp:featuredmedia":[{"embeddable":true,"href":"https:\/\/iai.int\/es\/wp-json\/wp\/v2\/media\/996"}],"wp:attachment":[{"href":"https:\/\/iai.int\/es\/wp-json\/wp\/v2\/media?parent=740"}],"curies":[{"name":"wp","href":"https:\/\/api.w.org\/{rel}","templated":true}]}}