{"id":723,"date":"2024-09-14T18:42:44","date_gmt":"2024-09-14T21:42:44","guid":{"rendered":"https:\/\/iai.int\/?page_id=723"},"modified":"2024-09-14T18:51:02","modified_gmt":"2024-09-14T21:51:02","slug":"cambios-en-el-uso-de-la-tierra-biocombustibles-y-desarrollo-rural-en-la-cuenca-del-plata-2008-2011","status":"publish","type":"page","link":"https:\/\/iai.int\/es\/cambios-en-el-uso-de-la-tierra-biocombustibles-y-desarrollo-rural-en-la-cuenca-del-plata-2008-2011\/","title":{"rendered":"Cambios en el uso de la tierra, biocombustibles y desarrollo rural en la Cuenca del Plata (2008-2011)"},"content":{"rendered":"\n<h3 class=\"wp-block-heading\">2008 \u2013 2011<\/h3>\n\n\n\n<div class=\"wp-block-group is-layout-constrained wp-block-group-is-layout-constrained\">\n<p><strong>Financiado por<\/strong><br>International Development Research Centre (IDRC) Grant: CAD 449.530<\/p>\n<\/div>\n\n\n\n<p>El proyecto inici\u00f3 sus actividades en marzo de 2008 y su finalizaci\u00f3n estaba pautada para septiembre de 2010. Sin embargo, luego de modificar el plan de trabajo, el proyecto se extendi\u00f3 hasta 2011.<\/p>\n\n\n\n<figure class=\"wp-block-image alignleft\"><img decoding=\"async\" src=\"https:\/\/iai.int\/admin\/site\/sites\/default\/files\/uploads\/2014\/03\/am_sul_1.jpg\" alt=\"am_sul_1\" class=\"wp-image-3093\"\/><\/figure>\n\n\n\n<p><em>El mapa muestra la superposici\u00f3n de los mapas de cuatro variables en la cuenca del R\u00edo de la Plata. El c\u00f3digo de colores indica la importancia de los cambios detectados: amarillo (menos importantes) a marr\u00f3n (m\u00e1s importantes). Las \u00e1reas blancas indican que no se detectaron cambios significativos. El mapa fue \u201calisado\u201d mediante un filtro de modas de 2\u00d72 p\u00edxeles. Modificado de&nbsp;<a href=\"http:\/\/lechusa.unsl.edu.ar\/?view=hotspots\" target=\"_blank\" rel=\"noreferrer noopener\">http:\/\/lechusa.unsl.edu.ar\/?view=hotspots<\/a><\/em><\/p>\n\n\n\n<p>La Cuenca del R\u00edo de la Plata (LPB, por sus siglas en ingl\u00e9s) es el epicentro de la agricultura y la ganader\u00eda de Am\u00e9rica del Sur. Los ecosistemas agr\u00edcolas manejados de la cuenca tienen un papel fundamental en la producci\u00f3n mundial de alimentos y la seguridad alimentaria y constituyen una importante fuente de divisas para los pa\u00edses de la cuenca. Los cambios en el uso y cobertura de la tierra que ha sufrido la cuenca en los \u00faltimos a\u00f1os no tienen precedentes ni en ritmo ni en escala. La tendencia principal es la conversi\u00f3n de tierras con pasturas y vegetaci\u00f3n natural a la agricultura. En 2006, el \u00e1rea cultivada con soja y rotaciones con soja alcanz\u00f3 los 32 millones de hect\u00e1reas, gran parte de las cuales se extienden sobre tierras anteriormente usadas para el pastoreo extensivo. Como resultado de esta expansi\u00f3n y de los avances tecnol\u00f3gicos, la regi\u00f3n ha experimentado grandes aumentos en la producci\u00f3n agr\u00edcola que est\u00e1 presta a seguir creciendo, pero la preocupaci\u00f3n por las consecuencias ambientales y la resiliencia de los sistemas productivos actuales tambi\u00e9n aumenta. La creciente tensi\u00f3n entre objetivos opuestos, junto con informaci\u00f3n incompleta e incierta acerca de inquietudes sociales v\u00e1lidas constituye una oportunidad para informar a los tomadores de decisiones y los responsables de pol\u00edticas con conocimientos cient\u00edficos s\u00f3lidos sobre los complejos ecosistemas agr\u00edcolas.<\/p>\n\n\n\n<p><strong>Objetivo<\/strong><\/p>\n\n\n\n<p>El objetivo del proyecto es brindar orientaci\u00f3n a actores y tomadores de decisiones acerca de los procesos de desarrollo rural y cambio en el uso de la tierra. Se est\u00e1n analizando las interacciones din\u00e1micas entre los componentes naturales y humanos de los agroecosistemas de LPB para permitir la exploraci\u00f3n de las oportunidades que ofrece la creciente demanda global de commodities agr\u00edcolas y biocombustibles, y minimizar al mismo tiempo los impactos negativos de la expansi\u00f3n e intensificaci\u00f3n de la agricultura, especialmente en vista de los riesgos y oportunidades que plantea el cambio clim\u00e1tico. El proyecto vincula las ciencias del clima, el uso de la tierra y la socioeconom\u00eda rural para<\/p>\n\n\n\n<p>* investigar, documentar y analizar el cambio en el uso de la tierra en el contexto de las variaciones regionales del clima en los \u00faltimos 25 a\u00f1os;<\/p>\n\n\n\n<p>* analizar los forzantes e impactos sociales y econ\u00f3micos de ese cambio en el uso de la tierra;<\/p>\n\n\n\n<p>* ubicar esta investigaci\u00f3n en el contexto del desarrollo rural y los mercados de cultivos industriales y biocombustibles utilizando an\u00e1lisis socioecon\u00f3micos;<\/p>\n\n\n\n<p>* sintetizar el conocimiento adquirido, identificar conexiones entre el los patrones del clima, el uso de la tierra y el desarrollo, y pronosticar tendencias en cooperaci\u00f3n con los usuarios de la tierra y los tomadores de decisiones y para su beneficio;<\/p>\n\n\n\n<p>* brindar un an\u00e1lisis de brechas sobre necesidades institucionales, cient\u00edficas y de extensi\u00f3n para orientar la investigaci\u00f3n y el monitoreo en la regi\u00f3n en el futuro; y<\/p>\n\n\n\n<p>* fortalecer las capacidades institucionales de investigaci\u00f3n internacional e interdisciplinaria y monitoreo del cambio en el uso de la tierra, la energ\u00eda renovable, el cambio clim\u00e1tico y los riesgos y oportunidades de desarrollo rural en la regi\u00f3n.<\/p>\n\n\n\n<p><strong>Objetivos espec\u00edficos<\/strong><\/p>\n\n\n\n<p>* evaluar los riesgos y oportunidades asociados con la variaci\u00f3n y cambio del clima en cuanto a que afectan el desarrollo rural, el uso de la tierra y la hidrolog\u00eda regional;<\/p>\n\n\n\n<p>* evaluar los v\u00ednculos entre los cambios ambientales, econ\u00f3micos y sociales en el desarrollo rural bajo un clima cambiante;<\/p>\n\n\n\n<p>* sintetizar y compartir informaci\u00f3n para guiar los procesos de decisi\u00f3n, desarrollando nuevos canales de comunicaci\u00f3n y participaci\u00f3n entre los actores locales de los \u00e1mbitos de investigaci\u00f3n y producci\u00f3n, y generando las redes necesarias para el monitoreo del desarrollo sustentable y la orientaci\u00f3n en los procesos de decisi\u00f3n;<\/p>\n\n\n\n<p>* desarrollar capacidades en m\u00e9todos participativos e integrar el conocimiento cient\u00edfico y local en las esferas social y natural. Brindar, a trav\u00e9s de actores y comunidades locales que participan en las evaluaciones sociales y econ\u00f3micas, verificaciones de campo de datos clim\u00e1ticos y de percepci\u00f3n remota;<\/p>\n\n\n\n<p>* reforzar y ampliar la red interdisciplinaria y multi-institucional de investigaci\u00f3n, que involucra cinco pa\u00edses (Argentina, Bolivia, Brasil, Paraguay, Uruguay) con el fin de abordar las complejas interacciones entre los cultivos, el cambio en el uso de la tierra, las poblaciones rurales y el desarrollo, la biodiversidad, la calidad de la tierra y un servicio ecosist\u00e9mico clave como es la regulaci\u00f3n hidrol\u00f3gica que es particularmente importante en la inundable LPB.<\/p>\n\n\n\n<p>* El proyecto fortalecer\u00e1 las redes cooperativas integrando a cient\u00edficos, responsables de formular pol\u00edticas, ONGs, productores y otros interesados para abordar las necesidades de informaci\u00f3n presentes y futuras. Las actividades sentar\u00e1n las bases para una agenda efectiva en investigaci\u00f3n, monitoreo y comunicaci\u00f3n para LPB con el objeto de facilitar la toma de decisiones informadas en una de las regiones agr\u00edcolas en desarrollo m\u00e1s importantes del mundo.<\/p>\n\n\n\n<h2 class=\"wp-block-heading\">Informes<\/h2>\n\n\n\n<p>(elaborados por los investigadores del proyecto)<\/p>\n\n\n\n<p><a href=\"https:\/\/iai.int\/admin\/site\/sites\/default\/files\/uploads\/2014\/03\/Final_report_IDRC_Ballester.pdf\" target=\"_blank\" rel=\"noreferrer noopener\"><strong>Municipalidades Azules-Verdes: an\u00e1lisis econ\u00f3mico de una selecci\u00f3n de condados del Estado de S\u00e3o Paulo<\/strong><\/a>. M.Victoria Ramos Ballester (en ingl\u00e9s)<\/p>\n\n\n\n<p><a href=\"https:\/\/iai.int\/admin\/site\/sites\/default\/files\/uploads\/2014\/03\/Final_report_IDRC_Berbery.pdf\" target=\"_blank\" rel=\"noreferrer noopener\"><strong>Impacto de los cambios en la cobertura y uso de la tierra en el hidroclima de la cuenca del R\u00edo de la Plata<\/strong><\/a>. Hugo Berbery (en ingl\u00e9s)<\/p>\n\n\n\n<p><a href=\"https:\/\/iai.int\/admin\/site\/sites\/default\/files\/uploads\/2014\/03\/Final_report_IDRC_Coutinho.pdf\" target=\"_blank\" rel=\"noreferrer noopener\"><strong>Cambios en el uso de la tierra, biocombustibles e impactos en la din\u00e1mica del carbono en el suelo de la cuenca del R\u00edo de la Plata<\/strong><\/a>. Heitor Coutinho (en ingl\u00e9s)<\/p>\n\n\n\n<p><a href=\"https:\/\/iai.int\/admin\/site\/sites\/default\/files\/uploads\/2014\/03\/Final_report_IDRC_Jobbagy.pdf\" target=\"_blank\" rel=\"noreferrer noopener\"><strong>Relaci\u00f3n cultivo-agua, opciones de bioenerg\u00eda y servicios ecosist\u00e9micos en la cuenca del R\u00edo de la Plata<\/strong><\/a>. Esteban Jobbagy (en ingl\u00e9s)<\/p>\n\n\n\n<p><a href=\"https:\/\/iai.int\/admin\/site\/sites\/default\/files\/uploads\/2014\/03\/Final_Report_IDRC_Meirelles.pdf\" target=\"_blank\" rel=\"noreferrer noopener\"><strong>Monitoreo y din\u00e1mica de los cambios en el uso de la tierra en la cuenca del R\u00edo de la Plata utilizando percepci\u00f3n remota: desarrollo de una metodolog\u00eda<\/strong><\/a>. Margareth Meirelles (en ingl\u00e9s)<\/p>\n\n\n\n<p><a href=\"https:\/\/iai.int\/admin\/site\/sites\/default\/files\/uploads\/2014\/03\/Final_report_IDRC_vBernhard.pdf\" target=\"_blank\" rel=\"noreferrer noopener\"><strong>An\u00e1lisis econ\u00f3mico de la inundaci\u00f3n en la Zona Oeste de la Provincia de Buenos Aires (Argentina)<\/strong><\/a>. Tamara von Bernard (en espa\u00f1ol)<\/p>\n\n\n\n<p><a href=\"https:\/\/iai.int\/admin\/site\/sites\/default\/files\/uploads\/2014\/03\/LUC_project_publication_list.pdf\" target=\"_blank\" rel=\"noreferrer noopener\"><strong>Lista de publicaciones del proyecto<\/strong><\/a><\/p>\n\n\n\n<h3 class=\"wp-block-heading\">Introducci\u00f3n al modelado basado en agentes<\/h3>\n\n\n\n<p><a href=\"https:\/\/iai.int\/admin\/site\/sites\/default\/files\/uploads\/2014\/03\/Cardoso_et_al_Manual_ABM.pdf\" target=\"_blank\" rel=\"noreferrer noopener\"><strong>Modelos Basados en Agentes (MBA): definici\u00f3n, alcances y limitaciones<\/strong><\/a>. Carolina Cardoso, Federico Bert, Guillermo Podest\u00e1 (en espa\u00f1ol)<\/p>\n\n\n\n<p><a href=\"https:\/\/iai.int\/admin\/site\/sites\/default\/files\/uploads\/2014\/03\/Cardoso_et_al_ABM_refs.pdf\" target=\"_blank\" rel=\"noreferrer noopener\"><strong>Lista de referencias sobre modelos basados en agentes<\/strong><\/a><\/p>\n\n\n\n<p><strong>Enlaces a tesis de Maestr\u00eda elaboradas en el marco del proyecto<\/strong><\/p>\n\n\n\n<p>Clasadonte L (2008),\u00a0<a href=\"http:\/\/www.google.com.ar\/url?sa=t&amp;rct=j&amp;q=&amp;esrc=s&amp;source=web&amp;cd=4&amp;ved=0CDAQFjAD&amp;url=ftp%3A%2F%2Ffapespclima.ccst.inpe.br%2Fiai%2FJeanTourrand%2Fdata%2FMSc.LaureClasadonte-NetworkCompanies-Univ.Wageningen-Mercosul.pdf&amp;ei=5nOYU47SK4vgsASov4LgAQ&amp;usg=AFQjCNGJOfy7iYNKBOFT1shKX7-infpJ1g&amp;bvm=bv.68693194,d.cWc&amp;cad=rja\" target=\"_blank\" rel=\"noreferrer noopener\"><strong>Network companies, another way of thinking agriculture. A supply chain management vision in South America<\/strong>.<\/a>\u00a0Master Thesis, Wageningen University, 130 pp.<\/p>\n\n\n\n<p>Moreira, IJM (2009),\u00a0<a href=\"http:\/\/www.lume.ufrgs.br\/bitstream\/handle\/10183\/22678\/000739668.pdf?sequence=1\" target=\"_blank\" rel=\"noreferrer noopener\"><strong>Transforma\u00e7\u00f5es na pecu\u00e1ria mista na regi\u00e3o de basalto do Uruguai: uma an\u00e1lise comparativa entre 1994 e 2008<\/strong>.\u00a0<\/a>Master thesis, Porto Alegre, 119 pp.<\/p>\n","protected":false},"excerpt":{"rendered":"<p>2008 \u2013 2011 Financiado porInternational Development Research Centre (IDRC) Grant: CAD 449.530 El proyecto inici\u00f3 sus actividades en marzo de 2008 y su finalizaci\u00f3n estaba pautada para septiembre de 2010. Sin embargo, luego de modificar el plan de trabajo, el proyecto se extendi\u00f3 hasta 2011. El mapa muestra la superposici\u00f3n de los mapas de cuatro [&hellip;]<\/p>\n","protected":false},"author":1,"featured_media":0,"parent":0,"menu_order":0,"comment_status":"closed","ping_status":"closed","template":"elementor_theme","meta":{"_acf_changed":false,"_uag_custom_page_level_css":"","footnotes":""},"class_list":["post-723","page","type-page","status-publish","hentry"],"acf":[],"yoast_head":"<!-- This site is optimized with the Yoast SEO plugin v27.3 - https:\/\/yoast.com\/product\/yoast-seo-wordpress\/ -->\n<title>Cambios en el uso de la tierra, biocombustibles y desarrollo rural en la Cuenca del Plata (2008-2011) - IAI - Inter-American Institute for Global Change Research<\/title>\n<meta name=\"robots\" content=\"index, follow, max-snippet:-1, max-image-preview:large, max-video-preview:-1\" \/>\n<link rel=\"canonical\" href=\"https:\/\/iai.int\/es\/cambios-en-el-uso-de-la-tierra-biocombustibles-y-desarrollo-rural-en-la-cuenca-del-plata-2008-2011\/\" \/>\n<meta property=\"og:locale\" content=\"es_ES\" \/>\n<meta property=\"og:type\" content=\"article\" \/>\n<meta property=\"og:title\" content=\"Cambios en el uso de la tierra, biocombustibles y desarrollo rural en la Cuenca del Plata (2008-2011) - IAI - Inter-American Institute for Global Change Research\" \/>\n<meta property=\"og:description\" content=\"2008 \u2013 2011 Financiado porInternational Development Research Centre (IDRC) Grant: CAD 449.530 El proyecto inici\u00f3 sus actividades en marzo de 2008 y su finalizaci\u00f3n estaba pautada para septiembre de 2010. Sin embargo, luego de modificar el plan de trabajo, el proyecto se extendi\u00f3 hasta 2011. El mapa muestra la superposici\u00f3n de los mapas de cuatro [&hellip;]\" \/>\n<meta property=\"og:url\" content=\"https:\/\/iai.int\/es\/cambios-en-el-uso-de-la-tierra-biocombustibles-y-desarrollo-rural-en-la-cuenca-del-plata-2008-2011\/\" \/>\n<meta property=\"og:site_name\" content=\"IAI - Inter-American Institute for Global Change Research\" \/>\n<meta property=\"article:modified_time\" content=\"2024-09-14T21:51:02+00:00\" \/>\n<meta name=\"twitter:card\" content=\"summary_large_image\" \/>\n<meta name=\"twitter:label1\" content=\"Tiempo de lectura\" \/>\n\t<meta name=\"twitter:data1\" content=\"6 minutos\" \/>\n<script type=\"application\/ld+json\" class=\"yoast-schema-graph\">{\"@context\":\"https:\\\/\\\/schema.org\",\"@graph\":[{\"@type\":\"WebPage\",\"@id\":\"https:\\\/\\\/iai.int\\\/es\\\/cambios-en-el-uso-de-la-tierra-biocombustibles-y-desarrollo-rural-en-la-cuenca-del-plata-2008-2011\\\/\",\"url\":\"https:\\\/\\\/iai.int\\\/es\\\/cambios-en-el-uso-de-la-tierra-biocombustibles-y-desarrollo-rural-en-la-cuenca-del-plata-2008-2011\\\/\",\"name\":\"Cambios en el uso de la tierra, biocombustibles y desarrollo rural en la Cuenca del Plata (2008-2011) - IAI - Inter-American Institute for Global Change Research\",\"isPartOf\":{\"@id\":\"https:\\\/\\\/iai.int\\\/es\\\/#website\"},\"primaryImageOfPage\":{\"@id\":\"https:\\\/\\\/iai.int\\\/es\\\/cambios-en-el-uso-de-la-tierra-biocombustibles-y-desarrollo-rural-en-la-cuenca-del-plata-2008-2011\\\/#primaryimage\"},\"image\":{\"@id\":\"https:\\\/\\\/iai.int\\\/es\\\/cambios-en-el-uso-de-la-tierra-biocombustibles-y-desarrollo-rural-en-la-cuenca-del-plata-2008-2011\\\/#primaryimage\"},\"thumbnailUrl\":\"https:\\\/\\\/iai.int\\\/admin\\\/site\\\/sites\\\/default\\\/files\\\/uploads\\\/2014\\\/03\\\/am_sul_1.jpg\",\"datePublished\":\"2024-09-14T21:42:44+00:00\",\"dateModified\":\"2024-09-14T21:51:02+00:00\",\"breadcrumb\":{\"@id\":\"https:\\\/\\\/iai.int\\\/es\\\/cambios-en-el-uso-de-la-tierra-biocombustibles-y-desarrollo-rural-en-la-cuenca-del-plata-2008-2011\\\/#breadcrumb\"},\"inLanguage\":\"es\",\"potentialAction\":[{\"@type\":\"ReadAction\",\"target\":[\"https:\\\/\\\/iai.int\\\/es\\\/cambios-en-el-uso-de-la-tierra-biocombustibles-y-desarrollo-rural-en-la-cuenca-del-plata-2008-2011\\\/\"]}]},{\"@type\":\"ImageObject\",\"inLanguage\":\"es\",\"@id\":\"https:\\\/\\\/iai.int\\\/es\\\/cambios-en-el-uso-de-la-tierra-biocombustibles-y-desarrollo-rural-en-la-cuenca-del-plata-2008-2011\\\/#primaryimage\",\"url\":\"https:\\\/\\\/iai.int\\\/admin\\\/site\\\/sites\\\/default\\\/files\\\/uploads\\\/2014\\\/03\\\/am_sul_1.jpg\",\"contentUrl\":\"https:\\\/\\\/iai.int\\\/admin\\\/site\\\/sites\\\/default\\\/files\\\/uploads\\\/2014\\\/03\\\/am_sul_1.jpg\"},{\"@type\":\"BreadcrumbList\",\"@id\":\"https:\\\/\\\/iai.int\\\/es\\\/cambios-en-el-uso-de-la-tierra-biocombustibles-y-desarrollo-rural-en-la-cuenca-del-plata-2008-2011\\\/#breadcrumb\",\"itemListElement\":[{\"@type\":\"ListItem\",\"position\":1,\"name\":\"Portada\",\"item\":\"https:\\\/\\\/iai.int\\\/es\\\/\"},{\"@type\":\"ListItem\",\"position\":2,\"name\":\"Cambios en el uso de la tierra, biocombustibles y desarrollo rural en la Cuenca del Plata (2008-2011)\"}]},{\"@type\":\"WebSite\",\"@id\":\"https:\\\/\\\/iai.int\\\/es\\\/#website\",\"url\":\"https:\\\/\\\/iai.int\\\/es\\\/\",\"name\":\"IAI - Inter-American Institute for Global Change Research\",\"description\":\"\",\"publisher\":{\"@id\":\"https:\\\/\\\/iai.int\\\/es\\\/#organization\"},\"potentialAction\":[{\"@type\":\"SearchAction\",\"target\":{\"@type\":\"EntryPoint\",\"urlTemplate\":\"https:\\\/\\\/iai.int\\\/es\\\/?s={search_term_string}\"},\"query-input\":{\"@type\":\"PropertyValueSpecification\",\"valueRequired\":true,\"valueName\":\"search_term_string\"}}],\"inLanguage\":\"es\"},{\"@type\":\"Organization\",\"@id\":\"https:\\\/\\\/iai.int\\\/es\\\/#organization\",\"name\":\"IAI - Inter-American Institute for Global Change Research\",\"url\":\"https:\\\/\\\/iai.int\\\/es\\\/\",\"logo\":{\"@type\":\"ImageObject\",\"inLanguage\":\"es\",\"@id\":\"https:\\\/\\\/iai.int\\\/es\\\/#\\\/schema\\\/logo\\\/image\\\/\",\"url\":\"https:\\\/\\\/iai.int\\\/wp-content\\\/uploads\\\/2025\\\/11\\\/IAI-logo-English-scaled.png\",\"contentUrl\":\"https:\\\/\\\/iai.int\\\/wp-content\\\/uploads\\\/2025\\\/11\\\/IAI-logo-English-scaled.png\",\"width\":2560,\"height\":985,\"caption\":\"IAI - Inter-American Institute for Global Change Research\"},\"image\":{\"@id\":\"https:\\\/\\\/iai.int\\\/es\\\/#\\\/schema\\\/logo\\\/image\\\/\"}}]}<\/script>\n<!-- \/ Yoast SEO plugin. -->","yoast_head_json":{"title":"Cambios en el uso de la tierra, biocombustibles y desarrollo rural en la Cuenca del Plata (2008-2011) - IAI - Inter-American Institute for Global Change Research","robots":{"index":"index","follow":"follow","max-snippet":"max-snippet:-1","max-image-preview":"max-image-preview:large","max-video-preview":"max-video-preview:-1"},"canonical":"https:\/\/iai.int\/es\/cambios-en-el-uso-de-la-tierra-biocombustibles-y-desarrollo-rural-en-la-cuenca-del-plata-2008-2011\/","og_locale":"es_ES","og_type":"article","og_title":"Cambios en el uso de la tierra, biocombustibles y desarrollo rural en la Cuenca del Plata (2008-2011) - IAI - Inter-American Institute for Global Change Research","og_description":"2008 \u2013 2011 Financiado porInternational Development Research Centre (IDRC) Grant: CAD 449.530 El proyecto inici\u00f3 sus actividades en marzo de 2008 y su finalizaci\u00f3n estaba pautada para septiembre de 2010. Sin embargo, luego de modificar el plan de trabajo, el proyecto se extendi\u00f3 hasta 2011. El mapa muestra la superposici\u00f3n de los mapas de cuatro [&hellip;]","og_url":"https:\/\/iai.int\/es\/cambios-en-el-uso-de-la-tierra-biocombustibles-y-desarrollo-rural-en-la-cuenca-del-plata-2008-2011\/","og_site_name":"IAI - Inter-American Institute for Global Change Research","article_modified_time":"2024-09-14T21:51:02+00:00","twitter_card":"summary_large_image","twitter_misc":{"Tiempo de lectura":"6 minutos"},"schema":{"@context":"https:\/\/schema.org","@graph":[{"@type":"WebPage","@id":"https:\/\/iai.int\/es\/cambios-en-el-uso-de-la-tierra-biocombustibles-y-desarrollo-rural-en-la-cuenca-del-plata-2008-2011\/","url":"https:\/\/iai.int\/es\/cambios-en-el-uso-de-la-tierra-biocombustibles-y-desarrollo-rural-en-la-cuenca-del-plata-2008-2011\/","name":"Cambios en el uso de la tierra, biocombustibles y desarrollo rural en la Cuenca del Plata (2008-2011) - IAI - Inter-American Institute for Global Change Research","isPartOf":{"@id":"https:\/\/iai.int\/es\/#website"},"primaryImageOfPage":{"@id":"https:\/\/iai.int\/es\/cambios-en-el-uso-de-la-tierra-biocombustibles-y-desarrollo-rural-en-la-cuenca-del-plata-2008-2011\/#primaryimage"},"image":{"@id":"https:\/\/iai.int\/es\/cambios-en-el-uso-de-la-tierra-biocombustibles-y-desarrollo-rural-en-la-cuenca-del-plata-2008-2011\/#primaryimage"},"thumbnailUrl":"https:\/\/iai.int\/admin\/site\/sites\/default\/files\/uploads\/2014\/03\/am_sul_1.jpg","datePublished":"2024-09-14T21:42:44+00:00","dateModified":"2024-09-14T21:51:02+00:00","breadcrumb":{"@id":"https:\/\/iai.int\/es\/cambios-en-el-uso-de-la-tierra-biocombustibles-y-desarrollo-rural-en-la-cuenca-del-plata-2008-2011\/#breadcrumb"},"inLanguage":"es","potentialAction":[{"@type":"ReadAction","target":["https:\/\/iai.int\/es\/cambios-en-el-uso-de-la-tierra-biocombustibles-y-desarrollo-rural-en-la-cuenca-del-plata-2008-2011\/"]}]},{"@type":"ImageObject","inLanguage":"es","@id":"https:\/\/iai.int\/es\/cambios-en-el-uso-de-la-tierra-biocombustibles-y-desarrollo-rural-en-la-cuenca-del-plata-2008-2011\/#primaryimage","url":"https:\/\/iai.int\/admin\/site\/sites\/default\/files\/uploads\/2014\/03\/am_sul_1.jpg","contentUrl":"https:\/\/iai.int\/admin\/site\/sites\/default\/files\/uploads\/2014\/03\/am_sul_1.jpg"},{"@type":"BreadcrumbList","@id":"https:\/\/iai.int\/es\/cambios-en-el-uso-de-la-tierra-biocombustibles-y-desarrollo-rural-en-la-cuenca-del-plata-2008-2011\/#breadcrumb","itemListElement":[{"@type":"ListItem","position":1,"name":"Portada","item":"https:\/\/iai.int\/es\/"},{"@type":"ListItem","position":2,"name":"Cambios en el uso de la tierra, biocombustibles y desarrollo rural en la Cuenca del Plata (2008-2011)"}]},{"@type":"WebSite","@id":"https:\/\/iai.int\/es\/#website","url":"https:\/\/iai.int\/es\/","name":"IAI - Inter-American Institute for Global Change Research","description":"","publisher":{"@id":"https:\/\/iai.int\/es\/#organization"},"potentialAction":[{"@type":"SearchAction","target":{"@type":"EntryPoint","urlTemplate":"https:\/\/iai.int\/es\/?s={search_term_string}"},"query-input":{"@type":"PropertyValueSpecification","valueRequired":true,"valueName":"search_term_string"}}],"inLanguage":"es"},{"@type":"Organization","@id":"https:\/\/iai.int\/es\/#organization","name":"IAI - Inter-American Institute for Global Change Research","url":"https:\/\/iai.int\/es\/","logo":{"@type":"ImageObject","inLanguage":"es","@id":"https:\/\/iai.int\/es\/#\/schema\/logo\/image\/","url":"https:\/\/iai.int\/wp-content\/uploads\/2025\/11\/IAI-logo-English-scaled.png","contentUrl":"https:\/\/iai.int\/wp-content\/uploads\/2025\/11\/IAI-logo-English-scaled.png","width":2560,"height":985,"caption":"IAI - Inter-American Institute for Global Change Research"},"image":{"@id":"https:\/\/iai.int\/es\/#\/schema\/logo\/image\/"}}]}},"uagb_featured_image_src":{"full":false,"thumbnail":false,"medium":false,"medium_large":false,"large":false,"1536x1536":false,"2048x2048":false},"uagb_author_info":{"display_name":"admin","author_link":"https:\/\/iai.int\/es\/author\/admin\/"},"uagb_comment_info":0,"uagb_excerpt":"2008 \u2013 2011 Financiado porInternational Development Research Centre (IDRC) Grant: CAD 449.530 El proyecto inici\u00f3 sus actividades en marzo de 2008 y su finalizaci\u00f3n estaba pautada para septiembre de 2010. Sin embargo, luego de modificar el plan de trabajo, el proyecto se extendi\u00f3 hasta 2011. El mapa muestra la superposici\u00f3n de los mapas de cuatro&hellip;","_links":{"self":[{"href":"https:\/\/iai.int\/es\/wp-json\/wp\/v2\/pages\/723","targetHints":{"allow":["GET"]}}],"collection":[{"href":"https:\/\/iai.int\/es\/wp-json\/wp\/v2\/pages"}],"about":[{"href":"https:\/\/iai.int\/es\/wp-json\/wp\/v2\/types\/page"}],"author":[{"embeddable":true,"href":"https:\/\/iai.int\/es\/wp-json\/wp\/v2\/users\/1"}],"replies":[{"embeddable":true,"href":"https:\/\/iai.int\/es\/wp-json\/wp\/v2\/comments?post=723"}],"version-history":[{"count":1,"href":"https:\/\/iai.int\/es\/wp-json\/wp\/v2\/pages\/723\/revisions"}],"predecessor-version":[{"id":726,"href":"https:\/\/iai.int\/es\/wp-json\/wp\/v2\/pages\/723\/revisions\/726"}],"wp:attachment":[{"href":"https:\/\/iai.int\/es\/wp-json\/wp\/v2\/media?parent=723"}],"curies":[{"name":"wp","href":"https:\/\/api.w.org\/{rel}","templated":true}]}}