{"id":717,"date":"2024-09-14T18:27:17","date_gmt":"2024-09-14T21:27:17","guid":{"rendered":"https:\/\/iai.int\/?page_id=717"},"modified":"2025-09-26T17:20:51","modified_gmt":"2025-09-26T22:20:51","slug":"programa-de-subsidios-iniciales-sug","status":"publish","type":"page","link":"https:\/\/iai.int\/es\/programa-de-subsidios-iniciales-sug\/","title":{"rendered":"Programa de Subsidios Iniciales (SUG)"},"content":{"rendered":"\n<figure class=\"wp-block-table\"><table><thead><tr><th>SUG#<\/th><th>T\u00edtulo<\/th><th>Investigador Principal (PI)<\/th><th>Pa\u00eds del PI<\/th><th>Instituci\u00f3n del PI<\/th><th>Pa\u00edses participantes<\/th><th>Presupuesto (US$)<\/th><\/tr><\/thead><tbody><tr><td>15178<\/td><td>Cambios en el uso de la tierra y conservaci\u00f3n de la calidad del agua en bosques templados de las Am\u00e9ricas<\/td><td>DORIS SOTO<br>dsoto_AT_uach.cl<\/td><td>Chile<\/td><td>Universidad Austral de Chile<\/td><td>Chile, EE.UU.<\/td><td>49.520<\/td><\/tr><tr><td>29399<\/td><td>Estudio integrado de estuarios costeros templados<\/td><td>GERARDO M.E. PERILLO gmeperillo_AT_criba.edu.ar<\/td><td>Argentina<\/td><td>Instituto Argentino de Oceanograf\u00eda<\/td><td>Argentina, Brasil, Canad\u00e1, Chile, EE.UU.<\/td><td>50.000<\/td><\/tr><tr><td>29655<\/td><td>Los incendios y el cambio global en ecosistemas templados del Oeste de Am\u00e9rica del Norte y del Sur: Propuesta para un taller del IAI<\/td><td>THOMAS T. VEBLEN thomas.veblen_AT_colorado.edu<\/td><td>EE.UU.<\/td><td>University of Colorado<\/td><td>Chile, EE.UU.<\/td><td>49.930<\/td><\/tr><tr><td>29656<\/td><td>Uso potencial de datos proxy biol\u00f3gicos como indicadores de impactos del cambio clim\u00e1tico en ecosistemas de Am\u00e9rica del Sur<\/td><td>CAROLINA ELVIRA VILLAGRAN MORAGA cvillagr_AT_abello.dic.uchile.cl<\/td><td>Chile<\/td><td>Universidad de Chile<\/td><td>Argentina, Brasil, Chile<\/td><td>49.875<\/td><\/tr><tr><td>29691<\/td><td>Desarrollo de un Centro de Investigaci\u00f3n del IAI sobre la marea roja y la floraci\u00f3n de algas nocivas<\/td><td>DONALD M. ANDERSON danderson_AT_whoi.edu<\/td><td>EE.UU.<\/td><td>Woods Hole Oceanographic Institution<\/td><td>Chile, EE.UU., Mexico, Uruguay<\/td><td>39.297<\/td><\/tr><tr><td>29787<\/td><td>Invasores biol\u00f3gicos: Su papel creciente como perturbadores de los procesos del sistema Tierra<\/td><td>MARY T. KALIN ARROYO southern_AT_uchile.cl<\/td><td>Chile<\/td><td>Universidad de Chile<\/td><td>Chile, EE.UU.<\/td><td>49.912<\/td><\/tr><tr><td>29788<\/td><td>An\u00e1lisis y monitoreo de los r\u00edos andino-amaz\u00f3nicos (AARAM) actividades iniciales del proyecto<\/td><td>JEFFREY E. RICHEY jrichey_AT_u.washington.edu<\/td><td>EE.UU.<\/td><td>University of Washington<\/td><td>Bolivia, Brasil, EE.UU., Per\u00fa<\/td><td>48.675<\/td><\/tr><tr><td>29791<\/td><td>Cambio global en el Atl\u00e1ntico Sudoccidental desde la costa hasta las cuencas adyacentes profundas: Un subsidio inicial del IAI<\/td><td>EDMO J.D. CAMPOS edmo_AT_usp.br<\/td><td>Brasil<\/td><td>Universidade de Sao Paulo<\/td><td>Argentina, Brasil, EE.UU., M\u00e9xico<\/td><td>49.840<\/td><\/tr><tr><td>29810<\/td><td>Organizaci\u00f3n de un Centro Regional de Estudios Clim\u00e1ticos en M\u00e9xico; EE.UU.; Am\u00e9rica Central y el Caribe como parte del Instituto Interamericano para la Investigaci\u00f3n del Cambio Global<\/td><td>VICTOR O. MAGA\u00d1A RUEDA victormr_AT_servidor.unam.mx<\/td><td>M\u00e9xico<\/td><td>Universidad Nacional Aut\u00f3noma de M\u00e9xico<\/td><td>M\u00e9xico<\/td><td>49.020<\/td><\/tr><tr><td>29836<\/td><td>Consecuencias biogeoqu\u00edmicas del cambio del uso de la tierra en la cuenca del Amazonas<\/td><td>PAUL A. STEUDLER steudler_AT_lupine.mbl.edu<\/td><td>EE.UU.<\/td><td>Marine Biological Laboratory<\/td><td>Brasil, EE.UU.<\/td><td>50.000<\/td><\/tr><tr><td>29839<\/td><td>Respuesta de los recursos h\u00eddricos y los ecosistemas a la variabilidad y cambio clim\u00e1ticos<\/td><td>KONSTANTINE P. GEORGAKAKOS kpgeorgia_AT_hrc.ucsd.edu<\/td><td>EE.UU.<\/td><td>Hydrologic Research Center<\/td><td>Brazil, EE.UU.<\/td><td>45.830<\/td><\/tr><tr><td>29872<\/td><td>Taller sobre los efectos de la fragmentaci\u00f3n del paisaje en la biodiversidad faun\u00edstica en las Am\u00e9ricas<\/td><td>GAY A. BRADSHAW bradshaw_AT_fsl.orst.edu<\/td><td>EE.UU.<\/td><td>Oregon State University<\/td><td>Chile, EE.UU.<\/td><td>47.425<\/td><\/tr><tr><td>30040<\/td><td>Aplicaci\u00f3n de la percepci\u00f3n remota en ecolog\u00eda microbiana<\/td><td>RITA COLWELL colwellr_AT_mbimail.umd.edu<\/td><td>EE.UU.<\/td><td>University of Maryland<\/td><td>Brasil, Chile, Ecuador, EE.UU., M\u00e9xico, Per\u00fa<\/td><td>42.930<\/td><\/tr><tr><td>30064<\/td><td>Centro de Investigaci\u00f3n del IAI sobre la variabilidad clim\u00e1tica interanual en Am\u00e9rica Central y del Sur<\/td><td>MARIO NESTOR NU\u00d1EZ mnunez_AT_cima.fcen.uba.ar<\/td><td>Argentina<\/td><td>Universidad de Buenos Aires<\/td><td>Argentina, Brasil, EE.UU.<\/td><td>44.770<\/td><\/tr><tr><td>30070<\/td><td>Planeamiento de una propuesta para la creaci\u00f3n de un centro de capacitaci\u00f3n y educaci\u00f3n sobre las ciencias y tecnolog\u00eda de la percepci\u00f3n remota por radares<\/td><td>ANTONIO MABRES rector_AT_udep.edu.pe mabres_AT_udep.edu.pe<\/td><td>Per\u00fa<\/td><td>Universidad Nacional de Piura<\/td><td>EE.UU., Per\u00fa, Alemania<\/td><td>47.255<\/td><\/tr><tr><td>30082<\/td><td>Estudios cooperativos sobre ecosistemas pel\u00e1gicos entre series temporales oce\u00e1nicas de Chile y Hawai: etapa inicial<\/td><td>MARK R. ABBOTT mark_AT_oce.orst.edu<\/td><td>EE.UU.<\/td><td>Oregon State University<\/td><td>Chile, EE.UU., Per\u00fa<\/td><td>44.262<\/td><\/tr><tr><td>30092<\/td><td>Efectos de la radiaci\u00f3n UV en diferentes ecosistemas de latitudes diversas<\/td><td>SERGE DEMERS serge_demers_AT_uqar.uquebec.ca<\/td><td>Canad\u00e1<\/td><td>Universite du Quebec<\/td><td>Argentina, Canad\u00e1, Chile, EE.UU., M\u00e9xico<\/td><td>100.000<\/td><\/tr><tr><td>30098<\/td><td>Dimensiones humanas de la gesti\u00f3n sostenible de bosques en las Am\u00e9ricas<\/td><td>MOHAMMED DORE dore_AT_adam.econ.brocku.ca dore_AT_spartan.ac.brocku.ca<\/td><td>Canad\u00e1<\/td><td>Brock University<\/td><td>Brasil, Canad\u00e1, EE.UU.<\/td><td>49.200<\/td><\/tr><tr><td>30099<\/td><td>Evaluaci\u00f3n global de sistemas agr\u00edcolas templados de las Am\u00e9ricas<\/td><td>CARLOS SCOPPA<\/td><td>Argentina<\/td><td>Instituto Nacional de Tecnolog\u00eda Agropecuaria<\/td><td>Argentina, EE.UU.<\/td><td>49.989<\/td><\/tr><tr><td>30118<\/td><td>Efectos del cambio global en el Atl\u00e1ntico Sudoccidental<\/td><td>RICARDO P. MATANO rpm_AT_oce.orst.edu<\/td><td>EE.UU.<\/td><td>Oregon State University<\/td><td>Argentina, Brasil, EE.UU.<\/td><td>43.530<\/td><\/tr><tr><td>30127<\/td><td>Enfoques experimentales y de series de tiempo a la investigaci\u00f3n del cambio global en las Am\u00e9ricas: una propuesta de coordinaci\u00f3n y acci\u00f3n<\/td><td>GROSSEN MARY<\/td><td>Canad\u00e1<\/td><td>International Development Research Centre<\/td><td>Canad\u00e1, EE.UU.<\/td><td>50.000<\/td><\/tr><tr><td>30135<\/td><td>Transecta de evaluaci\u00f3n ambiental en Nunavut (NEAT)<\/td><td>ELLIOT BURDEN etburden_AT_morgan.ucs.mun.ca<\/td><td>Canad\u00e1<\/td><td>Memorial University of Newfoundland<\/td><td>Canad\u00e1<\/td><td>50.000<\/td><\/tr><tr><td>30140<\/td><td>Variabilidad clim\u00e1tica en el sudeste de Am\u00e9rica del Sur y aplicaciones<\/td><td>MOACIR ANTONIO BERLATO mberlato_AT_ez-poa.com.br<\/td><td>Brasil<\/td><td>Universidade Federal do Rio Grande do Sul<\/td><td>Argentina, Brasil, Uruguay<\/td><td>49.150<\/td><\/tr><tr><td>30154<\/td><td>Variabilidad clim\u00e1tica y evaluaci\u00f3n de impactos en el complejo clim\u00e1tico de la convergencia de los alisios<\/td><td>DAVID B. ENFIELD David.Enfield_AT_noaa.gov<\/td><td>EE.UU.<\/td><td>National Oceanic and Atmospheric Administration<\/td><td>Colombia, Costa Rica, Ecuador, EE.UU., Panam\u00e1, Sri Lanka<\/td><td>49.994<\/td><\/tr><tr><td>30155<\/td><td>Hidroclimatolog\u00eda y din\u00e1mica del sistema R\u00edo de la Plata y el complejo Patos-Mirim y su influencia en el flujo y productividad de las aguas de la plataforma adyacente<\/td><td>JOSE H. MUELBERT docjhm_AT_furg.br<\/td><td>Brasil<\/td><td>Universidade Federal do Rio Grande do Sul<\/td><td>Argentina, Brasil, EE.UU., Uruguay<\/td><td>49.524<\/td><\/tr><tr><td>30173<\/td><td>Educaci\u00f3n en ciencias del sistema Tierra y cambio global en apoyo del IAI<\/td><td>DONALD R. JOHNSON donj_AT_ssec.wisc.edu<\/td><td>EE.UU.<\/td><td>University of Wisconsin<\/td><td>EE.UU.<\/td><td>49.872<\/td><\/tr><tr><td>30179<\/td><td>Taller sobre variabilidad clim\u00e1tica en las Am\u00e9ricas a partir de testigos de hielo de elevaciones altas<\/td><td>RAYMOND S. BRADLEY rbradley_AT_geo.umass.edu<\/td><td>EE.UU.<\/td><td>University of Massachusetts<\/td><td>EE.UU.<\/td><td>49.937<\/td><\/tr><tr><td>30193<\/td><td>Costa chilena austral y mar interior (ACCIS)<\/td><td>LAWRENCE P. ATKINSON atkinson_AT_ccpo.odu.edu<\/td><td>EE.UU.<\/td><td>Old Dominion University<\/td><td>Chile, EE.UU.<\/td><td>50.000<\/td><\/tr><tr><td>30213<\/td><td>Estudios comparativos de peces pel\u00e1gicos peque\u00f1os y el cambio clim\u00e1tico en las Am\u00e9ricas<\/td><td>BRIAN J. ROTHSCHILD brothschild_AT_umass.edu<\/td><td>EE.UU.<\/td><td>University of Massachusetts<\/td><td>EE.UU., M\u00e9xico<\/td><td>50.000<\/td><\/tr><tr><td>30224<\/td><td>Dise\u00f1o de un plan de investigaci\u00f3n cient\u00edfica para realizar estudios comparativos de los ambientes f\u00edsico y biol\u00f3gico de la surgencia en regiones templadas: hacia los mecanismos rectores del r\u00e9gimen<\/td><td>DANIEL LLUCH BELDA dlluch_AT_cibnor.mx dlluch_AT_vmredipn.ipn.mx<\/td><td>M\u00e9xico<\/td><td>Centro de Investigaciones Biol\u00f3gicas del Noroeste<\/td><td>M\u00e9xico<\/td><td>50.000<\/td><\/tr><tr><td>30225<\/td><td>Taller para la implementaci\u00f3n de una red de investigaci\u00f3n y capacitaci\u00f3n sobre interacciones plantas-suelo en las regiones semi\u00e1ridas de los tr\u00f3picos<\/td><td>HOLM TIESSEN htiessen_AT_dir.iai.int<\/td><td>Canad\u00e1<\/td><td>University of Saskatchewan<\/td><td>Brasil, Canad\u00e1, Venezuela<\/td><td>47.780<\/td><\/tr><tr><td>30255<\/td><td>Impacto de la radiaci\u00f3n solar ultravioleta en los recursos acu\u00e1ticos y terrestres de la Patagonia argentina y chilena<\/td><td>OSMUND HOLM HANSEN oholmhansen_AT_ucsd.edu<\/td><td>EE.UU.<\/td><td>Scripps Institution of Oceanography<\/td><td>EE.UU.<\/td><td>49.925<\/td><\/tr><tr><td>30289<\/td><td>Primera reuni\u00f3n de implementaci\u00f3n del Experimento de Gran Escala sobre la Atm\u00f3sfera y la Bi\u00f3sfera en la Amazon\u00eda (LBA)<\/td><td>CARLOS A. NOBRE carlos.nobre_AT_inpe.br<\/td><td>Brasil<\/td><td>Instituto Nacional de Pesquisas Espaciais<\/td><td>Bolivia, Brasil, Per\u00fa<\/td><td>50.000<\/td><\/tr><tr><td>30332<\/td><td>Estudios comparativos de los procesos oce\u00e1nicos y costeros en zonas templadas del Pac\u00edfico Oriental<\/td><td>TIMOTHY M. BAUMGARTNER tbaumgar_AT_cicese.mx<\/td><td>M\u00e9xico<\/td><td>Centro de Investigaci\u00f3n Cient\u00edfica y de Educaci\u00f3n Superior de Ensenada<\/td><td>EE.UU., M\u00e9xico<\/td><td>50.000<\/td><\/tr><tr><td>30427<\/td><td>Evaluaci\u00f3n de la variabilidad clim\u00e1tica presente; pasada y futura en las Am\u00e9ricas a partir de medio ambientes arbolados<\/td><td>BRIAN H. LUCKMAN luckman_AT_uwo.ca<\/td><td>Canad\u00e1<\/td><td>University of Western Ontario<\/td><td>Argentina, Canad\u00e1<\/td><td>49.500<\/td><\/tr><tr><td>30443<\/td><td>Estudios dendrocronol\u00f3gicos en la regi\u00f3n tropical de Am\u00e9rica del Sur con especial \u00e9nfasis en los bosques bolivianos<\/td><td>JOSE ARMANDO BONINSEGNA pbonin_AT_lab.cricyt.edu.ar<\/td><td>Argentina<\/td><td>Instituto Argentino de Nivolog\u00eda; Glaciolog\u00eda y Ciencias Ambientales<\/td><td>Argentina, Bolivia<\/td><td>47.135<\/td><\/tr><\/tbody><\/table><\/figure>\n","protected":false},"excerpt":{"rendered":"<p>SUG# T\u00edtulo Investigador Principal (PI) Pa\u00eds del PI Instituci\u00f3n del PI Pa\u00edses participantes Presupuesto (US$) 15178 Cambios en el uso de la tierra y conservaci\u00f3n de la calidad del agua en bosques templados de las Am\u00e9ricas DORIS SOTOdsoto_AT_uach.cl Chile Universidad Austral de Chile Chile, EE.UU. 49.520 29399 Estudio integrado de estuarios costeros templados GERARDO M.E. [&hellip;]<\/p>\n","protected":false},"author":1,"featured_media":7720,"parent":0,"menu_order":0,"comment_status":"closed","ping_status":"closed","template":"elementor_theme","meta":{"_acf_changed":false,"_uag_custom_page_level_css":"","footnotes":""},"class_list":["post-717","page","type-page","status-publish","has-post-thumbnail","hentry"],"acf":[],"yoast_head":"<!-- This site is optimized with the Yoast SEO plugin v27.3 - https:\/\/yoast.com\/product\/yoast-seo-wordpress\/ -->\n<title>Programa de Subsidios Iniciales (SUG) - IAI - Inter-American Institute for Global Change Research<\/title>\n<meta name=\"robots\" content=\"index, follow, max-snippet:-1, max-image-preview:large, max-video-preview:-1\" \/>\n<link rel=\"canonical\" href=\"https:\/\/iai.int\/es\/programa-de-subsidios-iniciales-sug\/\" \/>\n<meta property=\"og:locale\" content=\"es_ES\" \/>\n<meta property=\"og:type\" content=\"article\" \/>\n<meta property=\"og:title\" content=\"Programa de Subsidios Iniciales (SUG) - IAI - Inter-American Institute for Global Change Research\" \/>\n<meta property=\"og:description\" content=\"SUG# T\u00edtulo Investigador Principal (PI) Pa\u00eds del PI Instituci\u00f3n del PI Pa\u00edses participantes Presupuesto (US$) 15178 Cambios en el uso de la tierra y conservaci\u00f3n de la calidad del agua en bosques templados de las Am\u00e9ricas DORIS SOTOdsoto_AT_uach.cl Chile Universidad Austral de Chile Chile, EE.UU. 49.520 29399 Estudio integrado de estuarios costeros templados GERARDO M.E. [&hellip;]\" \/>\n<meta property=\"og:url\" content=\"https:\/\/iai.int\/es\/programa-de-subsidios-iniciales-sug\/\" \/>\n<meta property=\"og:site_name\" content=\"IAI - Inter-American Institute for Global Change Research\" \/>\n<meta property=\"article:modified_time\" content=\"2025-09-26T22:20:51+00:00\" \/>\n<meta property=\"og:image\" content=\"https:\/\/iai.int\/wp-content\/uploads\/2025\/09\/PROYECTOS-15-1024x319.png\" \/>\n\t<meta property=\"og:image:width\" content=\"1024\" \/>\n\t<meta property=\"og:image:height\" content=\"319\" \/>\n\t<meta property=\"og:image:type\" content=\"image\/png\" \/>\n<meta name=\"twitter:card\" content=\"summary_large_image\" \/>\n<meta name=\"twitter:label1\" content=\"Tiempo de lectura\" \/>\n\t<meta name=\"twitter:data1\" content=\"6 minutos\" \/>\n<script type=\"application\/ld+json\" class=\"yoast-schema-graph\">{\"@context\":\"https:\\\/\\\/schema.org\",\"@graph\":[{\"@type\":\"WebPage\",\"@id\":\"https:\\\/\\\/iai.int\\\/es\\\/programa-de-subsidios-iniciales-sug\\\/\",\"url\":\"https:\\\/\\\/iai.int\\\/es\\\/programa-de-subsidios-iniciales-sug\\\/\",\"name\":\"Programa de Subsidios Iniciales (SUG) - IAI - Inter-American Institute for Global Change Research\",\"isPartOf\":{\"@id\":\"https:\\\/\\\/iai.int\\\/es\\\/#website\"},\"primaryImageOfPage\":{\"@id\":\"https:\\\/\\\/iai.int\\\/es\\\/programa-de-subsidios-iniciales-sug\\\/#primaryimage\"},\"image\":{\"@id\":\"https:\\\/\\\/iai.int\\\/es\\\/programa-de-subsidios-iniciales-sug\\\/#primaryimage\"},\"thumbnailUrl\":\"https:\\\/\\\/iai.int\\\/wp-content\\\/uploads\\\/2025\\\/09\\\/PROYECTOS-15.png\",\"datePublished\":\"2024-09-14T21:27:17+00:00\",\"dateModified\":\"2025-09-26T22:20:51+00:00\",\"breadcrumb\":{\"@id\":\"https:\\\/\\\/iai.int\\\/es\\\/programa-de-subsidios-iniciales-sug\\\/#breadcrumb\"},\"inLanguage\":\"es\",\"potentialAction\":[{\"@type\":\"ReadAction\",\"target\":[\"https:\\\/\\\/iai.int\\\/es\\\/programa-de-subsidios-iniciales-sug\\\/\"]}]},{\"@type\":\"ImageObject\",\"inLanguage\":\"es\",\"@id\":\"https:\\\/\\\/iai.int\\\/es\\\/programa-de-subsidios-iniciales-sug\\\/#primaryimage\",\"url\":\"https:\\\/\\\/iai.int\\\/wp-content\\\/uploads\\\/2025\\\/09\\\/PROYECTOS-15.png\",\"contentUrl\":\"https:\\\/\\\/iai.int\\\/wp-content\\\/uploads\\\/2025\\\/09\\\/PROYECTOS-15.png\",\"width\":1600,\"height\":498},{\"@type\":\"BreadcrumbList\",\"@id\":\"https:\\\/\\\/iai.int\\\/es\\\/programa-de-subsidios-iniciales-sug\\\/#breadcrumb\",\"itemListElement\":[{\"@type\":\"ListItem\",\"position\":1,\"name\":\"Portada\",\"item\":\"https:\\\/\\\/iai.int\\\/es\\\/\"},{\"@type\":\"ListItem\",\"position\":2,\"name\":\"Programa de Subsidios Iniciales (SUG)\"}]},{\"@type\":\"WebSite\",\"@id\":\"https:\\\/\\\/iai.int\\\/es\\\/#website\",\"url\":\"https:\\\/\\\/iai.int\\\/es\\\/\",\"name\":\"IAI - Inter-American Institute for Global Change Research\",\"description\":\"\",\"publisher\":{\"@id\":\"https:\\\/\\\/iai.int\\\/es\\\/#organization\"},\"potentialAction\":[{\"@type\":\"SearchAction\",\"target\":{\"@type\":\"EntryPoint\",\"urlTemplate\":\"https:\\\/\\\/iai.int\\\/es\\\/?s={search_term_string}\"},\"query-input\":{\"@type\":\"PropertyValueSpecification\",\"valueRequired\":true,\"valueName\":\"search_term_string\"}}],\"inLanguage\":\"es\"},{\"@type\":\"Organization\",\"@id\":\"https:\\\/\\\/iai.int\\\/es\\\/#organization\",\"name\":\"IAI - Inter-American Institute for Global Change Research\",\"url\":\"https:\\\/\\\/iai.int\\\/es\\\/\",\"logo\":{\"@type\":\"ImageObject\",\"inLanguage\":\"es\",\"@id\":\"https:\\\/\\\/iai.int\\\/es\\\/#\\\/schema\\\/logo\\\/image\\\/\",\"url\":\"https:\\\/\\\/iai.int\\\/wp-content\\\/uploads\\\/2025\\\/11\\\/IAI-logo-English-scaled.png\",\"contentUrl\":\"https:\\\/\\\/iai.int\\\/wp-content\\\/uploads\\\/2025\\\/11\\\/IAI-logo-English-scaled.png\",\"width\":2560,\"height\":985,\"caption\":\"IAI - Inter-American Institute for Global Change Research\"},\"image\":{\"@id\":\"https:\\\/\\\/iai.int\\\/es\\\/#\\\/schema\\\/logo\\\/image\\\/\"}}]}<\/script>\n<!-- \/ Yoast SEO plugin. -->","yoast_head_json":{"title":"Programa de Subsidios Iniciales (SUG) - IAI - Inter-American Institute for Global Change Research","robots":{"index":"index","follow":"follow","max-snippet":"max-snippet:-1","max-image-preview":"max-image-preview:large","max-video-preview":"max-video-preview:-1"},"canonical":"https:\/\/iai.int\/es\/programa-de-subsidios-iniciales-sug\/","og_locale":"es_ES","og_type":"article","og_title":"Programa de Subsidios Iniciales (SUG) - IAI - Inter-American Institute for Global Change Research","og_description":"SUG# T\u00edtulo Investigador Principal (PI) Pa\u00eds del PI Instituci\u00f3n del PI Pa\u00edses participantes Presupuesto (US$) 15178 Cambios en el uso de la tierra y conservaci\u00f3n de la calidad del agua en bosques templados de las Am\u00e9ricas DORIS SOTOdsoto_AT_uach.cl Chile Universidad Austral de Chile Chile, EE.UU. 49.520 29399 Estudio integrado de estuarios costeros templados GERARDO M.E. [&hellip;]","og_url":"https:\/\/iai.int\/es\/programa-de-subsidios-iniciales-sug\/","og_site_name":"IAI - Inter-American Institute for Global Change Research","article_modified_time":"2025-09-26T22:20:51+00:00","og_image":[{"width":1024,"height":319,"url":"https:\/\/iai.int\/wp-content\/uploads\/2025\/09\/PROYECTOS-15-1024x319.png","type":"image\/png"}],"twitter_card":"summary_large_image","twitter_misc":{"Tiempo de lectura":"6 minutos"},"schema":{"@context":"https:\/\/schema.org","@graph":[{"@type":"WebPage","@id":"https:\/\/iai.int\/es\/programa-de-subsidios-iniciales-sug\/","url":"https:\/\/iai.int\/es\/programa-de-subsidios-iniciales-sug\/","name":"Programa de Subsidios Iniciales (SUG) - IAI - Inter-American Institute for Global Change Research","isPartOf":{"@id":"https:\/\/iai.int\/es\/#website"},"primaryImageOfPage":{"@id":"https:\/\/iai.int\/es\/programa-de-subsidios-iniciales-sug\/#primaryimage"},"image":{"@id":"https:\/\/iai.int\/es\/programa-de-subsidios-iniciales-sug\/#primaryimage"},"thumbnailUrl":"https:\/\/iai.int\/wp-content\/uploads\/2025\/09\/PROYECTOS-15.png","datePublished":"2024-09-14T21:27:17+00:00","dateModified":"2025-09-26T22:20:51+00:00","breadcrumb":{"@id":"https:\/\/iai.int\/es\/programa-de-subsidios-iniciales-sug\/#breadcrumb"},"inLanguage":"es","potentialAction":[{"@type":"ReadAction","target":["https:\/\/iai.int\/es\/programa-de-subsidios-iniciales-sug\/"]}]},{"@type":"ImageObject","inLanguage":"es","@id":"https:\/\/iai.int\/es\/programa-de-subsidios-iniciales-sug\/#primaryimage","url":"https:\/\/iai.int\/wp-content\/uploads\/2025\/09\/PROYECTOS-15.png","contentUrl":"https:\/\/iai.int\/wp-content\/uploads\/2025\/09\/PROYECTOS-15.png","width":1600,"height":498},{"@type":"BreadcrumbList","@id":"https:\/\/iai.int\/es\/programa-de-subsidios-iniciales-sug\/#breadcrumb","itemListElement":[{"@type":"ListItem","position":1,"name":"Portada","item":"https:\/\/iai.int\/es\/"},{"@type":"ListItem","position":2,"name":"Programa de Subsidios Iniciales (SUG)"}]},{"@type":"WebSite","@id":"https:\/\/iai.int\/es\/#website","url":"https:\/\/iai.int\/es\/","name":"IAI - Inter-American Institute for Global Change Research","description":"","publisher":{"@id":"https:\/\/iai.int\/es\/#organization"},"potentialAction":[{"@type":"SearchAction","target":{"@type":"EntryPoint","urlTemplate":"https:\/\/iai.int\/es\/?s={search_term_string}"},"query-input":{"@type":"PropertyValueSpecification","valueRequired":true,"valueName":"search_term_string"}}],"inLanguage":"es"},{"@type":"Organization","@id":"https:\/\/iai.int\/es\/#organization","name":"IAI - Inter-American Institute for Global Change Research","url":"https:\/\/iai.int\/es\/","logo":{"@type":"ImageObject","inLanguage":"es","@id":"https:\/\/iai.int\/es\/#\/schema\/logo\/image\/","url":"https:\/\/iai.int\/wp-content\/uploads\/2025\/11\/IAI-logo-English-scaled.png","contentUrl":"https:\/\/iai.int\/wp-content\/uploads\/2025\/11\/IAI-logo-English-scaled.png","width":2560,"height":985,"caption":"IAI - Inter-American Institute for Global Change Research"},"image":{"@id":"https:\/\/iai.int\/es\/#\/schema\/logo\/image\/"}}]}},"uagb_featured_image_src":{"full":["https:\/\/iai.int\/wp-content\/uploads\/2025\/09\/PROYECTOS-15.png",1600,498,false],"thumbnail":["https:\/\/iai.int\/wp-content\/uploads\/2025\/09\/PROYECTOS-15-150x150.png",150,150,true],"medium":["https:\/\/iai.int\/wp-content\/uploads\/2025\/09\/PROYECTOS-15-300x93.png",300,93,true],"medium_large":["https:\/\/iai.int\/wp-content\/uploads\/2025\/09\/PROYECTOS-15-768x239.png",768,239,true],"large":["https:\/\/iai.int\/wp-content\/uploads\/2025\/09\/PROYECTOS-15-1024x319.png",800,249,true],"1536x1536":["https:\/\/iai.int\/wp-content\/uploads\/2025\/09\/PROYECTOS-15-1536x478.png",1536,478,true],"2048x2048":["https:\/\/iai.int\/wp-content\/uploads\/2025\/09\/PROYECTOS-15.png",1600,498,false]},"uagb_author_info":{"display_name":"admin","author_link":"https:\/\/iai.int\/es\/author\/admin\/"},"uagb_comment_info":0,"uagb_excerpt":"SUG# T\u00edtulo Investigador Principal (PI) Pa\u00eds del PI Instituci\u00f3n del PI Pa\u00edses participantes Presupuesto (US$) 15178 Cambios en el uso de la tierra y conservaci\u00f3n de la calidad del agua en bosques templados de las Am\u00e9ricas DORIS SOTOdsoto_AT_uach.cl Chile Universidad Austral de Chile Chile, EE.UU. 49.520 29399 Estudio integrado de estuarios costeros templados GERARDO M.E.&hellip;","_links":{"self":[{"href":"https:\/\/iai.int\/es\/wp-json\/wp\/v2\/pages\/717","targetHints":{"allow":["GET"]}}],"collection":[{"href":"https:\/\/iai.int\/es\/wp-json\/wp\/v2\/pages"}],"about":[{"href":"https:\/\/iai.int\/es\/wp-json\/wp\/v2\/types\/page"}],"author":[{"embeddable":true,"href":"https:\/\/iai.int\/es\/wp-json\/wp\/v2\/users\/1"}],"replies":[{"embeddable":true,"href":"https:\/\/iai.int\/es\/wp-json\/wp\/v2\/comments?post=717"}],"version-history":[{"count":1,"href":"https:\/\/iai.int\/es\/wp-json\/wp\/v2\/pages\/717\/revisions"}],"predecessor-version":[{"id":719,"href":"https:\/\/iai.int\/es\/wp-json\/wp\/v2\/pages\/717\/revisions\/719"}],"wp:featuredmedia":[{"embeddable":true,"href":"https:\/\/iai.int\/es\/wp-json\/wp\/v2\/media\/7720"}],"wp:attachment":[{"href":"https:\/\/iai.int\/es\/wp-json\/wp\/v2\/media?parent=717"}],"curies":[{"name":"wp","href":"https:\/\/api.w.org\/{rel}","templated":true}]}}