{"id":7162,"date":"2025-08-20T22:52:04","date_gmt":"2025-08-21T03:52:04","guid":{"rendered":"https:\/\/iai.int\/?page_id=7162"},"modified":"2025-08-20T22:52:58","modified_gmt":"2025-08-21T03:52:58","slug":"acuerdos-pasados","status":"publish","type":"page","link":"https:\/\/iai.int\/es\/archivo-institucional\/acuerdos-suscritos-por-el-iai-con-otras-organizaciones\/acuerdos-pasados\/","title":{"rendered":"Acuerdos pasados"},"content":{"rendered":"\n<p>Memorando de Entendimiento entre Degrees Initiative\u00a0y el\u00a0IAI (2023) &#8211;\u00a0<strong><a href=\"https:\/\/iai.int\/administrador\/assets\/images\/ckfinder\/files\/MoU%20IAI%20Degrees%20signed%20310523.pdf\" target=\"_blank\" rel=\"noreferrer noopener\">ingl\u00e9s<\/a><\/strong><\/p>\n\n\n\n<p>Acuerdo entre la Plataforma Brasilera sobre Biodiversidad y Servicios Ecosist\u00e9micos (BPBES) y el IAI (2022) &#8211;\u00a0<strong><a href=\"https:\/\/iai.int\/administrador\/assets\/images\/ckfinder\/files\/BPBES-IAI-202214112022.pdf\" target=\"_blank\" rel=\"noreferrer noopener\">ingl\u00e9s<\/a><\/strong><\/p>\n\n\n\n<p>Acuerdo entre el Centro para el Manejo de Recursos y Estudios Ambientales (CERMES) y el IAI (2022) &#8211;\u00a0<strong><a href=\"https:\/\/iai.int\/administrador\/assets\/images\/ckfinder\/files\/LOA%20between%20IAI%20and%20CERMES_Final%20Signed.pdf\" target=\"_blank\" rel=\"noreferrer noopener\">ingl\u00e9s<\/a><\/strong><\/p>\n\n\n\n<p>Acuerdo entre Past Global Changes, International Project Office (PAGES) &#8211;\u00a0 y el IAI (2021) &#8211;\u00a0<a href=\"https:\/\/iai.int\/administrador\/assets\/images\/ckfinder\/files\/pages.pdf\" target=\"_blank\" rel=\"noreferrer noopener\"><strong>ingl\u00e9s<\/strong><\/a><\/p>\n\n\n\n<p>Convenio Marco de Cooperaci\u00f3n Institucional entre el Consejo Nacional de Ciencia, Tecnolog\u00eda e Innovaci\u00f3n Tecnol\u00f3gica de Per\u00fa (CONCYTEC) y el IAI (2020) &#8211;\u00a0<a href=\"https:\/\/iai.int\/administrador\/assets\/images\/ckfinder\/files\/CONCYTEC-IAI.pdf\" target=\"_blank\" rel=\"noreferrer noopener\"><strong>espa\u00f1ol<\/strong><\/a><\/p>\n\n\n\n<p>Memorando de Entendimiento entre CLARA y el IAI (2020) &#8211;\u00a0<a href=\"https:\/\/iai.int\/administrador\/assets\/images\/ckfinder\/files\/MOU%20CLARA%20IAI%20abril%202020-signed.pdf\" target=\"_blank\" rel=\"noreferrer noopener\"><strong>espa\u00f1ol<\/strong><\/a><\/p>\n\n\n\n<p>Memorando de Entendimiento entre CREA y el IAI (2020) &#8211;\u00a0<a href=\"https:\/\/iai.int\/administrador\/assets\/images\/ckfinder\/files\/MoU-IAI-CREA-Sp.pdf\" target=\"_blank\" rel=\"noreferrer noopener\"><strong>espa\u00f1ol<\/strong><\/a><\/p>\n\n\n\n<p>Carta de Entendimiento entre la Secretar\u00eda de Educaci\u00f3n, Ciencia, Tecnolog\u00eda e Innovaci\u00f3n\u00a0(SECTEI), M\u00e9xico\u00a0y el IAI (2020) &#8211;\u00a0<strong><a href=\"https:\/\/iai.int\/administrador\/assets\/images\/ckfinder\/files\/SECTEI%20Mexico%20-%20IAI.pdf\" target=\"_blank\" rel=\"noreferrer noopener\">espa\u00f1ol<\/a><\/strong><\/p>\n\n\n\n<p>Memorando de Entendimiento entre la Sociedad Internacional para la Investigaci\u00f3n del Desarrollo Sostenible (ISDRS) y el IAI (2019) &#8211;\u00a0<strong><a href=\"https:\/\/iai.int\/administrador\/assets\/images\/ckfinder\/files\/2019%20MoU%20with%20IAI_IDSRS%20signed.pdf\" target=\"_blank\" rel=\"noreferrer noopener\">ingl\u00e9s<\/a><\/strong><\/p>\n\n\n\n<p>Memorando de Entendimiento entre OTCA y el IAI (2019) &#8211;\u00a0<a href=\"http:\/\/iai.int\/pdf\/en\/MoU_OTCA-IAI.pdf\" target=\"_blank\" rel=\"noreferrer noopener\"><strong>espa\u00f1ol<\/strong><\/a><\/p>\n\n\n\n<p>Memorando de Entendimiento entre OAS y el IAI (2019) &#8211;\u00a0<a href=\"http:\/\/iai.int\/pdf\/en\/MoU-OAS-IAI.pdf\" target=\"_blank\" rel=\"noreferrer noopener\"><strong>ingl\u00e9s<\/strong><\/a><\/p>\n\n\n\n<p>Memorando de Entendimiento para la creaci\u00f3n de INCCCETT 4CB (2018) (Red Internacional de Centros de Excelencia para el Cambio Clim\u00e1tico y Centros de Reflexi\u00f3n para el Desarrollo de Capacidades) &#8211;\u00a0<a href=\"http:\/\/iai.int\/pdf\/es\/MoU-INCCCETT-4CB-complete-with-signatures.pdf\" target=\"_blank\" rel=\"noreferrer noopener\"><strong>ingl\u00e9s<\/strong><\/a><\/p>\n\n\n\n<p>Memorando de Entendimiento entre IPBES y el IAI (2018) &#8211;\u00a0<a href=\"http:\/\/iai.int\/pdf\/es\/IPBES_MOU_2018.pdf\" target=\"_blank\" rel=\"noreferrer noopener\"><strong>ingl\u00e9s<\/strong><\/a><\/p>\n\n\n\n<p>Memorando de Entendimiento entre CONICET y el IAI (2013) &#8211;\u00a0<a href=\"https:\/\/iai.int\/administrador\/assets\/images\/ckfinder\/files\/MOU_CONICET_IAI%20June%202013.pdf\" target=\"_blank\" rel=\"noreferrer noopener\"><strong>espa\u00f1ol<\/strong><\/a><\/p>\n","protected":false},"excerpt":{"rendered":"<p>Memorando de Entendimiento entre Degrees Initiative\u00a0y el\u00a0IAI (2023) &#8211;\u00a0ingl\u00e9s Acuerdo entre la Plataforma Brasilera sobre Biodiversidad y Servicios Ecosist\u00e9micos (BPBES) y el IAI (2022) &#8211;\u00a0ingl\u00e9s Acuerdo entre el Centro para el Manejo de Recursos y Estudios Ambientales (CERMES) y el IAI (2022) &#8211;\u00a0ingl\u00e9s Acuerdo entre Past Global Changes, International Project Office (PAGES) &#8211;\u00a0 y el [&hellip;]<\/p>\n","protected":false},"author":1,"featured_media":0,"parent":7122,"menu_order":0,"comment_status":"closed","ping_status":"closed","template":"","meta":{"_acf_changed":false,"_uag_custom_page_level_css":"","footnotes":""},"class_list":["post-7162","page","type-page","status-publish","hentry"],"acf":[],"yoast_head":"<!-- This site is optimized with the Yoast SEO plugin v27.3 - https:\/\/yoast.com\/product\/yoast-seo-wordpress\/ -->\n<title>Acuerdos pasados - IAI - Inter-American Institute for Global Change Research<\/title>\n<meta name=\"robots\" content=\"index, follow, max-snippet:-1, max-image-preview:large, max-video-preview:-1\" \/>\n<link rel=\"canonical\" href=\"https:\/\/iai.int\/es\/archivo-institucional\/acuerdos-suscritos-por-el-iai-con-otras-organizaciones\/acuerdos-pasados\/\" \/>\n<meta property=\"og:locale\" content=\"es_ES\" \/>\n<meta property=\"og:type\" content=\"article\" \/>\n<meta property=\"og:title\" content=\"Acuerdos pasados - IAI - Inter-American Institute for Global Change Research\" \/>\n<meta property=\"og:description\" content=\"Memorando de Entendimiento entre Degrees Initiative\u00a0y el\u00a0IAI (2023) &#8211;\u00a0ingl\u00e9s Acuerdo entre la Plataforma Brasilera sobre Biodiversidad y Servicios Ecosist\u00e9micos (BPBES) y el IAI (2022) &#8211;\u00a0ingl\u00e9s Acuerdo entre el Centro para el Manejo de Recursos y Estudios Ambientales (CERMES) y el IAI (2022) &#8211;\u00a0ingl\u00e9s Acuerdo entre Past Global Changes, International Project Office (PAGES) &#8211;\u00a0 y el [&hellip;]\" \/>\n<meta property=\"og:url\" content=\"https:\/\/iai.int\/es\/archivo-institucional\/acuerdos-suscritos-por-el-iai-con-otras-organizaciones\/acuerdos-pasados\/\" \/>\n<meta property=\"og:site_name\" content=\"IAI - Inter-American Institute for Global Change Research\" \/>\n<meta property=\"article:modified_time\" content=\"2025-08-21T03:52:58+00:00\" \/>\n<meta name=\"twitter:card\" content=\"summary_large_image\" \/>\n<meta name=\"twitter:label1\" content=\"Tiempo de lectura\" \/>\n\t<meta name=\"twitter:data1\" content=\"1 minuto\" \/>\n<script type=\"application\/ld+json\" class=\"yoast-schema-graph\">{\"@context\":\"https:\\\/\\\/schema.org\",\"@graph\":[{\"@type\":\"WebPage\",\"@id\":\"https:\\\/\\\/iai.int\\\/es\\\/archivo-institucional\\\/acuerdos-suscritos-por-el-iai-con-otras-organizaciones\\\/acuerdos-pasados\\\/\",\"url\":\"https:\\\/\\\/iai.int\\\/es\\\/archivo-institucional\\\/acuerdos-suscritos-por-el-iai-con-otras-organizaciones\\\/acuerdos-pasados\\\/\",\"name\":\"Acuerdos pasados - IAI - Inter-American Institute for Global Change Research\",\"isPartOf\":{\"@id\":\"https:\\\/\\\/iai.int\\\/es\\\/#website\"},\"datePublished\":\"2025-08-21T03:52:04+00:00\",\"dateModified\":\"2025-08-21T03:52:58+00:00\",\"breadcrumb\":{\"@id\":\"https:\\\/\\\/iai.int\\\/es\\\/archivo-institucional\\\/acuerdos-suscritos-por-el-iai-con-otras-organizaciones\\\/acuerdos-pasados\\\/#breadcrumb\"},\"inLanguage\":\"es\",\"potentialAction\":[{\"@type\":\"ReadAction\",\"target\":[\"https:\\\/\\\/iai.int\\\/es\\\/archivo-institucional\\\/acuerdos-suscritos-por-el-iai-con-otras-organizaciones\\\/acuerdos-pasados\\\/\"]}]},{\"@type\":\"BreadcrumbList\",\"@id\":\"https:\\\/\\\/iai.int\\\/es\\\/archivo-institucional\\\/acuerdos-suscritos-por-el-iai-con-otras-organizaciones\\\/acuerdos-pasados\\\/#breadcrumb\",\"itemListElement\":[{\"@type\":\"ListItem\",\"position\":1,\"name\":\"Portada\",\"item\":\"https:\\\/\\\/iai.int\\\/es\\\/\"},{\"@type\":\"ListItem\",\"position\":2,\"name\":\"Archivo institucional\",\"item\":\"https:\\\/\\\/iai.int\\\/es\\\/archivo-institucional\\\/\"},{\"@type\":\"ListItem\",\"position\":3,\"name\":\"Acuerdos suscritos por el IAI con otras organizaciones\",\"item\":\"https:\\\/\\\/iai.int\\\/es\\\/archivo-institucional\\\/acuerdos-suscritos-por-el-iai-con-otras-organizaciones\\\/\"},{\"@type\":\"ListItem\",\"position\":4,\"name\":\"Acuerdos pasados\"}]},{\"@type\":\"WebSite\",\"@id\":\"https:\\\/\\\/iai.int\\\/es\\\/#website\",\"url\":\"https:\\\/\\\/iai.int\\\/es\\\/\",\"name\":\"IAI - Inter-American Institute for Global Change Research\",\"description\":\"\",\"publisher\":{\"@id\":\"https:\\\/\\\/iai.int\\\/es\\\/#organization\"},\"potentialAction\":[{\"@type\":\"SearchAction\",\"target\":{\"@type\":\"EntryPoint\",\"urlTemplate\":\"https:\\\/\\\/iai.int\\\/es\\\/?s={search_term_string}\"},\"query-input\":{\"@type\":\"PropertyValueSpecification\",\"valueRequired\":true,\"valueName\":\"search_term_string\"}}],\"inLanguage\":\"es\"},{\"@type\":\"Organization\",\"@id\":\"https:\\\/\\\/iai.int\\\/es\\\/#organization\",\"name\":\"IAI - Inter-American Institute for Global Change Research\",\"url\":\"https:\\\/\\\/iai.int\\\/es\\\/\",\"logo\":{\"@type\":\"ImageObject\",\"inLanguage\":\"es\",\"@id\":\"https:\\\/\\\/iai.int\\\/es\\\/#\\\/schema\\\/logo\\\/image\\\/\",\"url\":\"https:\\\/\\\/iai.int\\\/wp-content\\\/uploads\\\/2025\\\/11\\\/IAI-logo-English-scaled.png\",\"contentUrl\":\"https:\\\/\\\/iai.int\\\/wp-content\\\/uploads\\\/2025\\\/11\\\/IAI-logo-English-scaled.png\",\"width\":2560,\"height\":985,\"caption\":\"IAI - Inter-American Institute for Global Change Research\"},\"image\":{\"@id\":\"https:\\\/\\\/iai.int\\\/es\\\/#\\\/schema\\\/logo\\\/image\\\/\"}}]}<\/script>\n<!-- \/ Yoast SEO plugin. -->","yoast_head_json":{"title":"Acuerdos pasados - IAI - Inter-American Institute for Global Change Research","robots":{"index":"index","follow":"follow","max-snippet":"max-snippet:-1","max-image-preview":"max-image-preview:large","max-video-preview":"max-video-preview:-1"},"canonical":"https:\/\/iai.int\/es\/archivo-institucional\/acuerdos-suscritos-por-el-iai-con-otras-organizaciones\/acuerdos-pasados\/","og_locale":"es_ES","og_type":"article","og_title":"Acuerdos pasados - IAI - Inter-American Institute for Global Change Research","og_description":"Memorando de Entendimiento entre Degrees Initiative\u00a0y el\u00a0IAI (2023) &#8211;\u00a0ingl\u00e9s Acuerdo entre la Plataforma Brasilera sobre Biodiversidad y Servicios Ecosist\u00e9micos (BPBES) y el IAI (2022) &#8211;\u00a0ingl\u00e9s Acuerdo entre el Centro para el Manejo de Recursos y Estudios Ambientales (CERMES) y el IAI (2022) &#8211;\u00a0ingl\u00e9s Acuerdo entre Past Global Changes, International Project Office (PAGES) &#8211;\u00a0 y el [&hellip;]","og_url":"https:\/\/iai.int\/es\/archivo-institucional\/acuerdos-suscritos-por-el-iai-con-otras-organizaciones\/acuerdos-pasados\/","og_site_name":"IAI - Inter-American Institute for Global Change Research","article_modified_time":"2025-08-21T03:52:58+00:00","twitter_card":"summary_large_image","twitter_misc":{"Tiempo de lectura":"1 minuto"},"schema":{"@context":"https:\/\/schema.org","@graph":[{"@type":"WebPage","@id":"https:\/\/iai.int\/es\/archivo-institucional\/acuerdos-suscritos-por-el-iai-con-otras-organizaciones\/acuerdos-pasados\/","url":"https:\/\/iai.int\/es\/archivo-institucional\/acuerdos-suscritos-por-el-iai-con-otras-organizaciones\/acuerdos-pasados\/","name":"Acuerdos pasados - IAI - Inter-American Institute for Global Change Research","isPartOf":{"@id":"https:\/\/iai.int\/es\/#website"},"datePublished":"2025-08-21T03:52:04+00:00","dateModified":"2025-08-21T03:52:58+00:00","breadcrumb":{"@id":"https:\/\/iai.int\/es\/archivo-institucional\/acuerdos-suscritos-por-el-iai-con-otras-organizaciones\/acuerdos-pasados\/#breadcrumb"},"inLanguage":"es","potentialAction":[{"@type":"ReadAction","target":["https:\/\/iai.int\/es\/archivo-institucional\/acuerdos-suscritos-por-el-iai-con-otras-organizaciones\/acuerdos-pasados\/"]}]},{"@type":"BreadcrumbList","@id":"https:\/\/iai.int\/es\/archivo-institucional\/acuerdos-suscritos-por-el-iai-con-otras-organizaciones\/acuerdos-pasados\/#breadcrumb","itemListElement":[{"@type":"ListItem","position":1,"name":"Portada","item":"https:\/\/iai.int\/es\/"},{"@type":"ListItem","position":2,"name":"Archivo institucional","item":"https:\/\/iai.int\/es\/archivo-institucional\/"},{"@type":"ListItem","position":3,"name":"Acuerdos suscritos por el IAI con otras organizaciones","item":"https:\/\/iai.int\/es\/archivo-institucional\/acuerdos-suscritos-por-el-iai-con-otras-organizaciones\/"},{"@type":"ListItem","position":4,"name":"Acuerdos pasados"}]},{"@type":"WebSite","@id":"https:\/\/iai.int\/es\/#website","url":"https:\/\/iai.int\/es\/","name":"IAI - Inter-American Institute for Global Change Research","description":"","publisher":{"@id":"https:\/\/iai.int\/es\/#organization"},"potentialAction":[{"@type":"SearchAction","target":{"@type":"EntryPoint","urlTemplate":"https:\/\/iai.int\/es\/?s={search_term_string}"},"query-input":{"@type":"PropertyValueSpecification","valueRequired":true,"valueName":"search_term_string"}}],"inLanguage":"es"},{"@type":"Organization","@id":"https:\/\/iai.int\/es\/#organization","name":"IAI - Inter-American Institute for Global Change Research","url":"https:\/\/iai.int\/es\/","logo":{"@type":"ImageObject","inLanguage":"es","@id":"https:\/\/iai.int\/es\/#\/schema\/logo\/image\/","url":"https:\/\/iai.int\/wp-content\/uploads\/2025\/11\/IAI-logo-English-scaled.png","contentUrl":"https:\/\/iai.int\/wp-content\/uploads\/2025\/11\/IAI-logo-English-scaled.png","width":2560,"height":985,"caption":"IAI - Inter-American Institute for Global Change Research"},"image":{"@id":"https:\/\/iai.int\/es\/#\/schema\/logo\/image\/"}}]}},"uagb_featured_image_src":{"full":false,"thumbnail":false,"medium":false,"medium_large":false,"large":false,"1536x1536":false,"2048x2048":false},"uagb_author_info":{"display_name":"admin","author_link":"https:\/\/iai.int\/es\/author\/admin\/"},"uagb_comment_info":0,"uagb_excerpt":"Memorando de Entendimiento entre Degrees Initiative\u00a0y el\u00a0IAI (2023) &#8211;\u00a0ingl\u00e9s Acuerdo entre la Plataforma Brasilera sobre Biodiversidad y Servicios Ecosist\u00e9micos (BPBES) y el IAI (2022) &#8211;\u00a0ingl\u00e9s Acuerdo entre el Centro para el Manejo de Recursos y Estudios Ambientales (CERMES) y el IAI (2022) &#8211;\u00a0ingl\u00e9s Acuerdo entre Past Global Changes, International Project Office (PAGES) &#8211;\u00a0 y el&hellip;","_links":{"self":[{"href":"https:\/\/iai.int\/es\/wp-json\/wp\/v2\/pages\/7162","targetHints":{"allow":["GET"]}}],"collection":[{"href":"https:\/\/iai.int\/es\/wp-json\/wp\/v2\/pages"}],"about":[{"href":"https:\/\/iai.int\/es\/wp-json\/wp\/v2\/types\/page"}],"author":[{"embeddable":true,"href":"https:\/\/iai.int\/es\/wp-json\/wp\/v2\/users\/1"}],"replies":[{"embeddable":true,"href":"https:\/\/iai.int\/es\/wp-json\/wp\/v2\/comments?post=7162"}],"version-history":[{"count":3,"href":"https:\/\/iai.int\/es\/wp-json\/wp\/v2\/pages\/7162\/revisions"}],"predecessor-version":[{"id":7166,"href":"https:\/\/iai.int\/es\/wp-json\/wp\/v2\/pages\/7162\/revisions\/7166"}],"up":[{"embeddable":true,"href":"https:\/\/iai.int\/es\/wp-json\/wp\/v2\/pages\/7122"}],"wp:attachment":[{"href":"https:\/\/iai.int\/es\/wp-json\/wp\/v2\/media?parent=7162"}],"curies":[{"name":"wp","href":"https:\/\/api.w.org\/{rel}","templated":true}]}}