{"id":715,"date":"2024-09-14T18:23:38","date_gmt":"2024-09-14T21:23:38","guid":{"rendered":"https:\/\/iai.int\/?page_id=715"},"modified":"2025-11-04T16:13:04","modified_gmt":"2025-11-04T21:13:04","slug":"programa-para-expandir-las-capacidades-cientificas-en-las-americas-pesca","status":"publish","type":"page","link":"https:\/\/iai.int\/es\/programa-para-expandir-las-capacidades-cientificas-en-las-americas-pesca\/","title":{"rendered":"Programa para Expandir las Capacidades Cient\u00edficas en las Am\u00e9ricas (PESCA)"},"content":{"rendered":"\n<figure class=\"wp-block-table\"><table><thead><tr><th>P#<\/th><th>T\u00edtulo<\/th><th>Investigador Principal (PI)<\/th><th>Pa\u00eds del PI<\/th><th>Instituci\u00f3n del PI<\/th><th>Pa\u00edses participantes<\/th><th>Presupuesto (US$)<\/th><\/tr><\/thead><tbody><tr><td>005<\/td><td>An\u00e1lisis y comprensi\u00f3n de la variabilidad clim\u00e1tica en las islas del Caribe<\/td><td>VICTOR O. MAGA\u00d1A RUEDA<\/td><td>M\u00e9xico<\/td><td>Universidad Nacional Aut\u00f3noma de M\u00e9xico<\/td><td>Jamaica\u2028, M\u00e9xico<\/td><td>22.000<\/td><\/tr><tr><td>006<\/td><td>Predicci\u00f3n de los efectos del ENOS en el rendimiento de la ca\u00f1a de az\u00facar utilizando un generador de tiempo y un modelo mecanicista de cultivos<\/td><td>ANGEL UTSET SUASTEGUI <\/td><td>Cuba<\/td><td>Universidad de la Habana<\/td><td>Cuba\u2028, Ecuador, \u2028Jamaica<\/td><td>24.600<\/td><\/tr><tr><td>010<\/td><td>Impacto de la forestaci\u00f3n en los pastizales uruguayos: cambios en los patrones de uso de la tierra y el funcionamiento de los ecosistemas<\/td><td>JOSE M. PARUELO <\/td><td>Argentina<\/td><td>Universidad de Buenos Aires<\/td><td>Argentina\u2028, Uruguay<\/td><td>25.900<\/td><\/tr><tr><td>011<\/td><td>Actividades de downscaling y sus aplicaciones en estudios de variabilidad y cambio del clima en Am\u00e9rica del Sur. Estudio de caso: la cuenca del Amazonas<\/td><td>CARLOS A. NOBRE <\/td><td>Brasil<\/td><td>Instituto Nacional de Pesquisas Espaciais<\/td><td>Brasil, \u2028Venezuela<\/td><td>15.000<\/td><\/tr><tr><td>012<\/td><td>Inventario de desastres ENSO y no-ENSO en Chile: Un proyecto La Red-Chile\u00bb<\/td><td>EDUARDO FRANCO TEMPLE <\/td><td>Per\u00fa<\/td><td>Intermediate Technology Development Group<\/td><td>Chile, \u2028Per\u00fa<\/td><td>30.000<\/td><\/tr><tr><td>013<\/td><td>Efectos de cambios globales sobre la diversidad de la vegetaci\u00f3n y la microbiota ed\u00e1fica de ecosistemas tropicales insulares y continentales<\/td><td>JUAN F. SILVA ARMAS <\/td><td>Venezuela<\/td><td>Universidad de los Andes<\/td><td>Cuba, \u2028Venezuela<\/td><td>28.000<\/td><\/tr><tr><td>015<\/td><td>Cuando los oc\u00e9anos conspiran: an\u00e1lisis del efecto de anomal\u00edas concurrentes de SST en el Atl\u00e1ntico y Pac\u00edfico Tropical sobre la precipitaci\u00f3n en el Caribe<\/td><td>MARIA DEL PILAR CORNEJO DE GRUNAUER <\/td><td>Ecuador<\/td><td>Escuela Superior Polit\u00e9cnica del Litoral<\/td><td>Ecuador\u2028, Jamaica, \u2028Panam\u00e1<\/td><td>25.000<\/td><\/tr><tr><td>017<\/td><td>Caracterizaci\u00f3n de los aerosoles de la estrat\u00f3sfera y la alta trop\u00f3sfera en Am\u00e9rica Central y del Sur<\/td><td>PABLO O. CANZIANI <\/td><td>Argentina<\/td><td>Universidad de Buenos Aires<\/td><td>Argentina\u2028, Cuba<\/td><td>29.923<\/td><\/tr><tr><td>018<\/td><td>Estudios dendrocronol\u00f3gicos de eventos El Ni\u00f1o y otras variaciones clim\u00e1ticas de la zona tropical de Sudam\u00e9rica<\/td><td>BRIAN H. LUCKMAN <\/td><td>Canad\u00e1<\/td><td>University of Western Ontario<\/td><td>Canad\u00e1\u2028, Per\u00fa<\/td><td>26.600<\/td><\/tr><tr><td>019<\/td><td>El mercurio en la zona de captaci\u00f3n de los r\u00edos andino-amaz\u00f3nicos-Proyecto MAARC<\/td><td>MICHAEL E. MCCLAIN <\/td><td>EE.UU.<\/td><td>Florida International University<\/td><td>Canad\u00e1, \u2028Ecuador, EE.UU.<\/td><td>30.000<\/td><\/tr><tr><td>020<\/td><td>Aplicaci\u00f3n de modelos num\u00e9ricos de alta resoluci\u00f3n en la simulaci\u00f3n de la circulaci\u00f3n atmosf\u00e9rica a escala local y regional en \u00e1reas del Caribe<\/td><td>VICTOR O. MAGA\u00d1A RUEDA <\/td><td>M\u00e9xico<\/td><td>Universidad Nacional Aut\u00f3noma de M\u00e9xico<\/td><td>Cuba\u2028, M\u00e9xico<\/td><td>16.500<\/td><\/tr><\/tbody><\/table><\/figure>\n","protected":false},"excerpt":{"rendered":"<p>P# T\u00edtulo Investigador Principal (PI) Pa\u00eds del PI Instituci\u00f3n del PI Pa\u00edses participantes Presupuesto (US$) 005 An\u00e1lisis y comprensi\u00f3n de la variabilidad clim\u00e1tica en las islas del Caribe VICTOR O. MAGA\u00d1A RUEDA M\u00e9xico Universidad Nacional Aut\u00f3noma de M\u00e9xico Jamaica\u2028, M\u00e9xico 22.000 006 Predicci\u00f3n de los efectos del ENOS en el rendimiento de la ca\u00f1a de [&hellip;]<\/p>\n","protected":false},"author":1,"featured_media":7713,"parent":0,"menu_order":0,"comment_status":"closed","ping_status":"closed","template":"elementor_theme","meta":{"_acf_changed":false,"_uag_custom_page_level_css":"","footnotes":""},"class_list":["post-715","page","type-page","status-publish","has-post-thumbnail","hentry"],"acf":[],"yoast_head":"<!-- This site is optimized with the Yoast SEO plugin v27.3 - https:\/\/yoast.com\/product\/yoast-seo-wordpress\/ -->\n<title>Programa para Expandir las Capacidades Cient\u00edficas en las Am\u00e9ricas (PESCA) - IAI - Inter-American Institute for Global Change Research<\/title>\n<meta name=\"robots\" content=\"index, follow, max-snippet:-1, max-image-preview:large, max-video-preview:-1\" \/>\n<link rel=\"canonical\" href=\"https:\/\/iai.int\/es\/programa-para-expandir-las-capacidades-cientificas-en-las-americas-pesca\/\" \/>\n<meta property=\"og:locale\" content=\"es_ES\" \/>\n<meta property=\"og:type\" content=\"article\" \/>\n<meta property=\"og:title\" content=\"Programa para Expandir las Capacidades Cient\u00edficas en las Am\u00e9ricas (PESCA) - IAI - Inter-American Institute for Global Change Research\" \/>\n<meta property=\"og:description\" content=\"P# T\u00edtulo Investigador Principal (PI) Pa\u00eds del PI Instituci\u00f3n del PI Pa\u00edses participantes Presupuesto (US$) 005 An\u00e1lisis y comprensi\u00f3n de la variabilidad clim\u00e1tica en las islas del Caribe VICTOR O. MAGA\u00d1A RUEDA M\u00e9xico Universidad Nacional Aut\u00f3noma de M\u00e9xico Jamaica\u2028, M\u00e9xico 22.000 006 Predicci\u00f3n de los efectos del ENOS en el rendimiento de la ca\u00f1a de [&hellip;]\" \/>\n<meta property=\"og:url\" content=\"https:\/\/iai.int\/es\/programa-para-expandir-las-capacidades-cientificas-en-las-americas-pesca\/\" \/>\n<meta property=\"og:site_name\" content=\"IAI - Inter-American Institute for Global Change Research\" \/>\n<meta property=\"article:modified_time\" content=\"2025-11-04T21:13:04+00:00\" \/>\n<meta property=\"og:image\" content=\"https:\/\/iai.int\/wp-content\/uploads\/2025\/09\/PROYECTOS-12.png\" \/>\n\t<meta property=\"og:image:width\" content=\"1600\" \/>\n\t<meta property=\"og:image:height\" content=\"498\" \/>\n\t<meta property=\"og:image:type\" content=\"image\/png\" \/>\n<meta name=\"twitter:card\" content=\"summary_large_image\" \/>\n<meta name=\"twitter:label1\" content=\"Tiempo de lectura\" \/>\n\t<meta name=\"twitter:data1\" content=\"2 minutos\" \/>\n<script type=\"application\/ld+json\" class=\"yoast-schema-graph\">{\"@context\":\"https:\\\/\\\/schema.org\",\"@graph\":[{\"@type\":\"WebPage\",\"@id\":\"https:\\\/\\\/iai.int\\\/es\\\/programa-para-expandir-las-capacidades-cientificas-en-las-americas-pesca\\\/\",\"url\":\"https:\\\/\\\/iai.int\\\/es\\\/programa-para-expandir-las-capacidades-cientificas-en-las-americas-pesca\\\/\",\"name\":\"Programa para Expandir las Capacidades Cient\u00edficas en las Am\u00e9ricas (PESCA) - IAI - Inter-American Institute for Global Change Research\",\"isPartOf\":{\"@id\":\"https:\\\/\\\/iai.int\\\/es\\\/#website\"},\"primaryImageOfPage\":{\"@id\":\"https:\\\/\\\/iai.int\\\/es\\\/programa-para-expandir-las-capacidades-cientificas-en-las-americas-pesca\\\/#primaryimage\"},\"image\":{\"@id\":\"https:\\\/\\\/iai.int\\\/es\\\/programa-para-expandir-las-capacidades-cientificas-en-las-americas-pesca\\\/#primaryimage\"},\"thumbnailUrl\":\"https:\\\/\\\/iai.int\\\/wp-content\\\/uploads\\\/2025\\\/09\\\/PROYECTOS-12.png\",\"datePublished\":\"2024-09-14T21:23:38+00:00\",\"dateModified\":\"2025-11-04T21:13:04+00:00\",\"breadcrumb\":{\"@id\":\"https:\\\/\\\/iai.int\\\/es\\\/programa-para-expandir-las-capacidades-cientificas-en-las-americas-pesca\\\/#breadcrumb\"},\"inLanguage\":\"es\",\"potentialAction\":[{\"@type\":\"ReadAction\",\"target\":[\"https:\\\/\\\/iai.int\\\/es\\\/programa-para-expandir-las-capacidades-cientificas-en-las-americas-pesca\\\/\"]}]},{\"@type\":\"ImageObject\",\"inLanguage\":\"es\",\"@id\":\"https:\\\/\\\/iai.int\\\/es\\\/programa-para-expandir-las-capacidades-cientificas-en-las-americas-pesca\\\/#primaryimage\",\"url\":\"https:\\\/\\\/iai.int\\\/wp-content\\\/uploads\\\/2025\\\/09\\\/PROYECTOS-12.png\",\"contentUrl\":\"https:\\\/\\\/iai.int\\\/wp-content\\\/uploads\\\/2025\\\/09\\\/PROYECTOS-12.png\",\"width\":1600,\"height\":498},{\"@type\":\"BreadcrumbList\",\"@id\":\"https:\\\/\\\/iai.int\\\/es\\\/programa-para-expandir-las-capacidades-cientificas-en-las-americas-pesca\\\/#breadcrumb\",\"itemListElement\":[{\"@type\":\"ListItem\",\"position\":1,\"name\":\"Portada\",\"item\":\"https:\\\/\\\/iai.int\\\/es\\\/\"},{\"@type\":\"ListItem\",\"position\":2,\"name\":\"Programa para Expandir las Capacidades Cient\u00edficas en las Am\u00e9ricas (PESCA)\"}]},{\"@type\":\"WebSite\",\"@id\":\"https:\\\/\\\/iai.int\\\/es\\\/#website\",\"url\":\"https:\\\/\\\/iai.int\\\/es\\\/\",\"name\":\"IAI - Inter-American Institute for Global Change Research\",\"description\":\"\",\"publisher\":{\"@id\":\"https:\\\/\\\/iai.int\\\/es\\\/#organization\"},\"potentialAction\":[{\"@type\":\"SearchAction\",\"target\":{\"@type\":\"EntryPoint\",\"urlTemplate\":\"https:\\\/\\\/iai.int\\\/es\\\/?s={search_term_string}\"},\"query-input\":{\"@type\":\"PropertyValueSpecification\",\"valueRequired\":true,\"valueName\":\"search_term_string\"}}],\"inLanguage\":\"es\"},{\"@type\":\"Organization\",\"@id\":\"https:\\\/\\\/iai.int\\\/es\\\/#organization\",\"name\":\"IAI - Inter-American Institute for Global Change Research\",\"url\":\"https:\\\/\\\/iai.int\\\/es\\\/\",\"logo\":{\"@type\":\"ImageObject\",\"inLanguage\":\"es\",\"@id\":\"https:\\\/\\\/iai.int\\\/es\\\/#\\\/schema\\\/logo\\\/image\\\/\",\"url\":\"https:\\\/\\\/iai.int\\\/wp-content\\\/uploads\\\/2025\\\/11\\\/IAI-logo-English-scaled.png\",\"contentUrl\":\"https:\\\/\\\/iai.int\\\/wp-content\\\/uploads\\\/2025\\\/11\\\/IAI-logo-English-scaled.png\",\"width\":2560,\"height\":985,\"caption\":\"IAI - Inter-American Institute for Global Change Research\"},\"image\":{\"@id\":\"https:\\\/\\\/iai.int\\\/es\\\/#\\\/schema\\\/logo\\\/image\\\/\"}}]}<\/script>\n<!-- \/ Yoast SEO plugin. -->","yoast_head_json":{"title":"Programa para Expandir las Capacidades Cient\u00edficas en las Am\u00e9ricas (PESCA) - IAI - Inter-American Institute for Global Change Research","robots":{"index":"index","follow":"follow","max-snippet":"max-snippet:-1","max-image-preview":"max-image-preview:large","max-video-preview":"max-video-preview:-1"},"canonical":"https:\/\/iai.int\/es\/programa-para-expandir-las-capacidades-cientificas-en-las-americas-pesca\/","og_locale":"es_ES","og_type":"article","og_title":"Programa para Expandir las Capacidades Cient\u00edficas en las Am\u00e9ricas (PESCA) - IAI - Inter-American Institute for Global Change Research","og_description":"P# T\u00edtulo Investigador Principal (PI) Pa\u00eds del PI Instituci\u00f3n del PI Pa\u00edses participantes Presupuesto (US$) 005 An\u00e1lisis y comprensi\u00f3n de la variabilidad clim\u00e1tica en las islas del Caribe VICTOR O. MAGA\u00d1A RUEDA M\u00e9xico Universidad Nacional Aut\u00f3noma de M\u00e9xico Jamaica\u2028, M\u00e9xico 22.000 006 Predicci\u00f3n de los efectos del ENOS en el rendimiento de la ca\u00f1a de [&hellip;]","og_url":"https:\/\/iai.int\/es\/programa-para-expandir-las-capacidades-cientificas-en-las-americas-pesca\/","og_site_name":"IAI - Inter-American Institute for Global Change Research","article_modified_time":"2025-11-04T21:13:04+00:00","og_image":[{"width":1600,"height":498,"url":"https:\/\/iai.int\/wp-content\/uploads\/2025\/09\/PROYECTOS-12.png","type":"image\/png"}],"twitter_card":"summary_large_image","twitter_misc":{"Tiempo de lectura":"2 minutos"},"schema":{"@context":"https:\/\/schema.org","@graph":[{"@type":"WebPage","@id":"https:\/\/iai.int\/es\/programa-para-expandir-las-capacidades-cientificas-en-las-americas-pesca\/","url":"https:\/\/iai.int\/es\/programa-para-expandir-las-capacidades-cientificas-en-las-americas-pesca\/","name":"Programa para Expandir las Capacidades Cient\u00edficas en las Am\u00e9ricas (PESCA) - IAI - Inter-American Institute for Global Change Research","isPartOf":{"@id":"https:\/\/iai.int\/es\/#website"},"primaryImageOfPage":{"@id":"https:\/\/iai.int\/es\/programa-para-expandir-las-capacidades-cientificas-en-las-americas-pesca\/#primaryimage"},"image":{"@id":"https:\/\/iai.int\/es\/programa-para-expandir-las-capacidades-cientificas-en-las-americas-pesca\/#primaryimage"},"thumbnailUrl":"https:\/\/iai.int\/wp-content\/uploads\/2025\/09\/PROYECTOS-12.png","datePublished":"2024-09-14T21:23:38+00:00","dateModified":"2025-11-04T21:13:04+00:00","breadcrumb":{"@id":"https:\/\/iai.int\/es\/programa-para-expandir-las-capacidades-cientificas-en-las-americas-pesca\/#breadcrumb"},"inLanguage":"es","potentialAction":[{"@type":"ReadAction","target":["https:\/\/iai.int\/es\/programa-para-expandir-las-capacidades-cientificas-en-las-americas-pesca\/"]}]},{"@type":"ImageObject","inLanguage":"es","@id":"https:\/\/iai.int\/es\/programa-para-expandir-las-capacidades-cientificas-en-las-americas-pesca\/#primaryimage","url":"https:\/\/iai.int\/wp-content\/uploads\/2025\/09\/PROYECTOS-12.png","contentUrl":"https:\/\/iai.int\/wp-content\/uploads\/2025\/09\/PROYECTOS-12.png","width":1600,"height":498},{"@type":"BreadcrumbList","@id":"https:\/\/iai.int\/es\/programa-para-expandir-las-capacidades-cientificas-en-las-americas-pesca\/#breadcrumb","itemListElement":[{"@type":"ListItem","position":1,"name":"Portada","item":"https:\/\/iai.int\/es\/"},{"@type":"ListItem","position":2,"name":"Programa para Expandir las Capacidades Cient\u00edficas en las Am\u00e9ricas (PESCA)"}]},{"@type":"WebSite","@id":"https:\/\/iai.int\/es\/#website","url":"https:\/\/iai.int\/es\/","name":"IAI - Inter-American Institute for Global Change Research","description":"","publisher":{"@id":"https:\/\/iai.int\/es\/#organization"},"potentialAction":[{"@type":"SearchAction","target":{"@type":"EntryPoint","urlTemplate":"https:\/\/iai.int\/es\/?s={search_term_string}"},"query-input":{"@type":"PropertyValueSpecification","valueRequired":true,"valueName":"search_term_string"}}],"inLanguage":"es"},{"@type":"Organization","@id":"https:\/\/iai.int\/es\/#organization","name":"IAI - Inter-American Institute for Global Change Research","url":"https:\/\/iai.int\/es\/","logo":{"@type":"ImageObject","inLanguage":"es","@id":"https:\/\/iai.int\/es\/#\/schema\/logo\/image\/","url":"https:\/\/iai.int\/wp-content\/uploads\/2025\/11\/IAI-logo-English-scaled.png","contentUrl":"https:\/\/iai.int\/wp-content\/uploads\/2025\/11\/IAI-logo-English-scaled.png","width":2560,"height":985,"caption":"IAI - Inter-American Institute for Global Change Research"},"image":{"@id":"https:\/\/iai.int\/es\/#\/schema\/logo\/image\/"}}]}},"uagb_featured_image_src":{"full":["https:\/\/iai.int\/wp-content\/uploads\/2025\/09\/PROYECTOS-12.png",1600,498,false],"thumbnail":["https:\/\/iai.int\/wp-content\/uploads\/2025\/09\/PROYECTOS-12-150x150.png",150,150,true],"medium":["https:\/\/iai.int\/wp-content\/uploads\/2025\/09\/PROYECTOS-12-300x93.png",300,93,true],"medium_large":["https:\/\/iai.int\/wp-content\/uploads\/2025\/09\/PROYECTOS-12-768x239.png",768,239,true],"large":["https:\/\/iai.int\/wp-content\/uploads\/2025\/09\/PROYECTOS-12-1024x319.png",800,249,true],"1536x1536":["https:\/\/iai.int\/wp-content\/uploads\/2025\/09\/PROYECTOS-12-1536x478.png",1536,478,true],"2048x2048":["https:\/\/iai.int\/wp-content\/uploads\/2025\/09\/PROYECTOS-12.png",1600,498,false]},"uagb_author_info":{"display_name":"admin","author_link":"https:\/\/iai.int\/es\/author\/admin\/"},"uagb_comment_info":0,"uagb_excerpt":"P# T\u00edtulo Investigador Principal (PI) Pa\u00eds del PI Instituci\u00f3n del PI Pa\u00edses participantes Presupuesto (US$) 005 An\u00e1lisis y comprensi\u00f3n de la variabilidad clim\u00e1tica en las islas del Caribe VICTOR O. MAGA\u00d1A RUEDA M\u00e9xico Universidad Nacional Aut\u00f3noma de M\u00e9xico Jamaica\u2028, M\u00e9xico 22.000 006 Predicci\u00f3n de los efectos del ENOS en el rendimiento de la ca\u00f1a de&hellip;","_links":{"self":[{"href":"https:\/\/iai.int\/es\/wp-json\/wp\/v2\/pages\/715","targetHints":{"allow":["GET"]}}],"collection":[{"href":"https:\/\/iai.int\/es\/wp-json\/wp\/v2\/pages"}],"about":[{"href":"https:\/\/iai.int\/es\/wp-json\/wp\/v2\/types\/page"}],"author":[{"embeddable":true,"href":"https:\/\/iai.int\/es\/wp-json\/wp\/v2\/users\/1"}],"replies":[{"embeddable":true,"href":"https:\/\/iai.int\/es\/wp-json\/wp\/v2\/comments?post=715"}],"version-history":[{"count":2,"href":"https:\/\/iai.int\/es\/wp-json\/wp\/v2\/pages\/715\/revisions"}],"predecessor-version":[{"id":10647,"href":"https:\/\/iai.int\/es\/wp-json\/wp\/v2\/pages\/715\/revisions\/10647"}],"wp:featuredmedia":[{"embeddable":true,"href":"https:\/\/iai.int\/es\/wp-json\/wp\/v2\/media\/7713"}],"wp:attachment":[{"href":"https:\/\/iai.int\/es\/wp-json\/wp\/v2\/media?parent=715"}],"curies":[{"name":"wp","href":"https:\/\/api.w.org\/{rel}","templated":true}]}}